{"id":10206,"date":"2022-09-27T20:33:02","date_gmt":"2022-09-27T20:33:02","guid":{"rendered":"https:\/\/boutique-one-piece.com\/uncategorized\/avis-de-recherche-donquixote-doflamingo-wanted\/"},"modified":"2024-09-16T15:25:23","modified_gmt":"2024-09-16T15:25:23","slug":"manifesto-ricercato-di-donquixote-doflamingo","status":"publish","type":"product","link":"https:\/\/boutique-one-piece.com\/it\/manifesto-ricercato-di-one-piece\/manifesto-ricercato-di-donquixote-doflamingo\/","title":{"rendered":"Annuncio di ricerca Donquixote Doflamingo"},"content":{"rendered":"<h2>Se ti piace odiare un personaggio, questo poster di Donquixote Doflamingo Wanted ti render\u00e0 felice.<\/h2>\n<p>Donquixote Doflamingo \u00e8 il principale antagonista dell&#039;arco <strong>Dressrosa<\/strong>, \u00c8 anche uno degli antagonisti di Marineford. \u00c8 il leader di un <strong>Traffico di sorrisi<\/strong>, Frutti del Diavolo artificiali che vende a Kaido. Doflamingo regna su Dressrosa, dove \u00e8 arrivato sotto le spoglie del salvatore dell&#039;isola per ottenere il favore degli abitanti, mentre in realt\u00e0 manipolava il re come una marionetta usando il suo Frutto del Diavolo per attaccare la gente, per poi sconfiggerlo e diventare un eroe per il popolo.<\/p>\n<p>Ha mangiato il frutto del diavolo <strong>Ito Ito no mi<\/strong>, consentendogli di usare i fili tesi per sollevarsi in aria, effettuare attacchi taglienti a distanza, ma anche manipolare qualcuno come una marionetta usando fili attaccati a tutti gli arti della persona manipolata.<\/p>\n<h3>Proteggi la tua stanza con una &quot;gabbia per uccelli&quot; con questo poster ricercato di Doflamingo.<\/h3>\n<p>Anche Donquixote Doflamingo ha un forte passato con <strong>Legge Trafalgar<\/strong>, Perch\u00e9 voleva unirsi all&#039;equipaggio di Doflamingo ed \u00e8 stato preso sotto la sua ala protettrice da suo fratello, Rossinante. Rossinante si \u00e8 sempre preso cura di Trafalgar e ha cercato di curarlo dalla sua malattia a tutti i costi. \u00c8 stato ucciso da Doflamingo dopo aver scoperto che Rossinante era un infiltrato della Marina, e Trafalgar ha sempre desiderato vendicarsi di Doflamingo. Doflamingo ha una taglia di 340 milioni di Berry sulla sua testa.<\/p>\n<p>Se sei un grande fan delle taglie, dai un&#039;occhiata a\u2019<a title=\"Annuncio di ricerca di Thatch\" href=\"https:\/\/boutique-one-piece.com\/it\/avis-de-recherche-thatch-wanted\/\" target=\"_blank\" rel=\"noopener noreferrer\">Thatch voleva un avviso<\/a>.<\/p>\n<h2>Informazioni sul poster di One Piece Wanted Donquixote Doflamingo<\/h2>\n<ul>\n<li><b><u>Manifesto ricercato di One Piece<\/u><\/b> Un autentico poster ricercato di One Piece per veri pirati<\/li>\n<\/ul>\n<ul>\n<li><b><u>La taglia di Donquixote Doflamingo<\/u><\/b> 340.000.000 di bacche<\/li>\n<\/ul>\n<ul>\n<li><strong>Stampa di alta qualit\u00e0<\/strong> colori accurati<\/li>\n<\/ul>\n<ul>\n<li><strong>CONSEGNA GRATUITA<\/strong><\/li>\n<\/ul>","protected":false},"excerpt":{"rendered":"<p>Se vi piace odiare un personaggio, questo poster di Donquixote Doflamingo vi rallegrer\u00e0 la giornata. Donquixote Doflamingo \u00e8 il principale antagonista dell&#039;arco narrativo di Dressrosa e anche uno degli antagonisti di Marineford. Gestisce un giro di traffico di SMILE, vendendo Frutti del Diavolo artificiali a Kaido. Doflamingo governa Dressrosa [\u2026]<\/p>","protected":false},"featured_media":10208,"comment_status":"open","ping_status":"open","template":"","meta":[],"product_brand":[],"product_cat":[171],"product_tag":[325],"class_list":{"0":"post-10206","1":"product","2":"type-product","3":"status-publish","4":"has-post-thumbnail","6":"product_cat-avis-de-recherche-one-piece","7":"product_tag-avalo-pizarro","9":"first","10":"instock","11":"purchasable","12":"product-type-variable"},"yoast_head":"<!-- This site is optimized with the Yoast SEO plugin v27.5 - https:\/\/yoast.com\/product\/yoast-seo-wordpress\/ -->\n<title>Avis De Recherche Donquixote Doflamingo Wanted | Boutique One Piece<\/title>\n<meta name=\"description\" content=\"Si tu aimes d\u00e9tester un personnage, cet Avis de Recherche de Donquixote Doflamingo va faire ton bonheur. Donquixote Doflamingo est l&#039;antagoniste principal de l&#039;arc Dressrosa, il fait \u00e9galement partie des antagonistes de Marineford. Il est \u00e0 la t\u00eate d&#039;un trafic de Smile, des fruits du d\u00e9mon artificiels qu&#039;il vend \u00e0 Kaid\" \/>\n<meta name=\"robots\" content=\"index, follow, max-snippet:-1, max-image-preview:large, max-video-preview:-1\" \/>\n<link rel=\"canonical\" href=\"https:\/\/boutique-one-piece.com\/it\/manifesto-ricercato-di-one-piece\/manifesto-ricercato-di-donquixote-doflamingo\/\" \/>\n<meta property=\"og:locale\" content=\"it_IT\" \/>\n<meta property=\"og:type\" content=\"article\" \/>\n<meta property=\"og:title\" content=\"Avis De Recherche Donquixote Doflamingo Wanted | Boutique One Piece\" \/>\n<meta property=\"og:description\" content=\"Si tu aimes d\u00e9tester un personnage, cet Avis de Recherche de Donquixote Doflamingo va faire ton bonheur. Donquixote Doflamingo est l&#039;antagoniste principal de l&#039;arc Dressrosa, il fait \u00e9galement partie des antagonistes de Marineford. Il est \u00e0 la t\u00eate d&#039;un trafic de Smile, des fruits du d\u00e9mon artificiels qu&#039;il vend \u00e0 Kaid\" \/>\n<meta property=\"og:url\" content=\"https:\/\/boutique-one-piece.com\/it\/manifesto-ricercato-di-one-piece\/manifesto-ricercato-di-donquixote-doflamingo\/\" \/>\n<meta property=\"og:site_name\" content=\"Boutique One Piece\" \/>\n<meta property=\"article:modified_time\" content=\"2024-09-16T15:25:23+00:00\" \/>\n<meta property=\"og:image\" content=\"https:\/\/boutique-one-piece.com\/wp-content\/uploads\/2022\/09\/Avis-De-Recherche-Donquixote-Doflamingo-Wanted-1.jpg\" \/>\n\t<meta property=\"og:image:width\" content=\"799\" \/>\n\t<meta property=\"og:image:height\" content=\"798\" \/>\n\t<meta property=\"og:image:type\" content=\"image\/jpeg\" \/>\n<meta name=\"twitter:card\" content=\"summary_large_image\" \/>\n<meta name=\"twitter:label1\" content=\"Tempo di lettura stimato\" \/>\n\t<meta name=\"twitter:data1\" content=\"3 minuti\" \/>\n<script type=\"application\/ld+json\" class=\"yoast-schema-graph\">{\"@context\":\"https:\\\/\\\/schema.org\",\"@graph\":[{\"@type\":\"WebPage\",\"@id\":\"https:\\\/\\\/boutique-one-piece.com\\\/avis-de-recherche-one-piece\\\/avis-de-recherche-donquixote-doflamingo-wanted\\\/\",\"url\":\"https:\\\/\\\/boutique-one-piece.com\\\/avis-de-recherche-one-piece\\\/avis-de-recherche-donquixote-doflamingo-wanted\\\/\",\"name\":\"Avis De Recherche Donquixote Doflamingo Wanted | Boutique One Piece\",\"isPartOf\":{\"@id\":\"https:\\\/\\\/boutique-one-piece.com\\\/#website\"},\"primaryImageOfPage\":{\"@id\":\"https:\\\/\\\/boutique-one-piece.com\\\/avis-de-recherche-one-piece\\\/avis-de-recherche-donquixote-doflamingo-wanted\\\/#primaryimage\"},\"image\":{\"@id\":\"https:\\\/\\\/boutique-one-piece.com\\\/avis-de-recherche-one-piece\\\/avis-de-recherche-donquixote-doflamingo-wanted\\\/#primaryimage\"},\"thumbnailUrl\":\"https:\\\/\\\/boutique-one-piece.com\\\/wp-content\\\/uploads\\\/2022\\\/09\\\/Avis-De-Recherche-Donquixote-Doflamingo-Wanted-1.jpg\",\"datePublished\":\"2022-09-27T20:33:02+00:00\",\"dateModified\":\"2024-09-16T15:25:23+00:00\",\"description\":\"Si tu aimes d\u00e9tester un personnage, cet Avis de Recherche de Donquixote Doflamingo va faire ton bonheur. Donquixote Doflamingo est l'antagoniste principal de l'arc Dressrosa, il fait \u00e9galement partie des antagonistes de Marineford. Il est \u00e0 la t\u00eate d'un trafic de Smile, des fruits du d\u00e9mon artificiels qu'il vend \u00e0 Kaid\",\"breadcrumb\":{\"@id\":\"https:\\\/\\\/boutique-one-piece.com\\\/avis-de-recherche-one-piece\\\/avis-de-recherche-donquixote-doflamingo-wanted\\\/#breadcrumb\"},\"inLanguage\":\"it-IT\",\"potentialAction\":[{\"@type\":\"ReadAction\",\"target\":[\"https:\\\/\\\/boutique-one-piece.com\\\/avis-de-recherche-one-piece\\\/avis-de-recherche-donquixote-doflamingo-wanted\\\/\"]}]},{\"@type\":\"ImageObject\",\"inLanguage\":\"it-IT\",\"@id\":\"https:\\\/\\\/boutique-one-piece.com\\\/avis-de-recherche-one-piece\\\/avis-de-recherche-donquixote-doflamingo-wanted\\\/#primaryimage\",\"url\":\"https:\\\/\\\/boutique-one-piece.com\\\/wp-content\\\/uploads\\\/2022\\\/09\\\/Avis-De-Recherche-Donquixote-Doflamingo-Wanted-1.jpg\",\"contentUrl\":\"https:\\\/\\\/boutique-one-piece.com\\\/wp-content\\\/uploads\\\/2022\\\/09\\\/Avis-De-Recherche-Donquixote-Doflamingo-Wanted-1.jpg\",\"width\":799,\"height\":798},{\"@type\":\"BreadcrumbList\",\"@id\":\"https:\\\/\\\/boutique-one-piece.com\\\/avis-de-recherche-one-piece\\\/avis-de-recherche-donquixote-doflamingo-wanted\\\/#breadcrumb\",\"itemListElement\":[{\"@type\":\"ListItem\",\"position\":1,\"name\":\"Home\",\"item\":\"https:\\\/\\\/boutique-one-piece.com\\\/\"},{\"@type\":\"ListItem\",\"position\":2,\"name\":\"Shop\",\"item\":\"https:\\\/\\\/boutique-one-piece.com\\\/shop\\\/\"},{\"@type\":\"ListItem\",\"position\":3,\"name\":\"Avis De Recherche Donquixote Doflamingo Wanted\"}]},{\"@type\":\"WebSite\",\"@id\":\"https:\\\/\\\/boutique-one-piece.com\\\/#website\",\"url\":\"https:\\\/\\\/boutique-one-piece.com\\\/\",\"name\":\"Boutique One Piece\",\"description\":\"Magasin Sp\u00e9cialis\u00e9 du Manga et l&#039;Anime One Piece\",\"publisher\":{\"@id\":\"https:\\\/\\\/boutique-one-piece.com\\\/#organization\"},\"potentialAction\":[{\"@type\":\"SearchAction\",\"target\":{\"@type\":\"EntryPoint\",\"urlTemplate\":\"https:\\\/\\\/boutique-one-piece.com\\\/?s={search_term_string}\"},\"query-input\":{\"@type\":\"PropertyValueSpecification\",\"valueRequired\":true,\"valueName\":\"search_term_string\"}}],\"inLanguage\":\"it-IT\"},{\"@type\":\"Organization\",\"@id\":\"https:\\\/\\\/boutique-one-piece.com\\\/#organization\",\"name\":\"Boutique One Piece\",\"url\":\"https:\\\/\\\/boutique-one-piece.com\\\/\",\"logo\":{\"@type\":\"ImageObject\",\"inLanguage\":\"it-IT\",\"@id\":\"https:\\\/\\\/boutique-one-piece.com\\\/#\\\/schema\\\/logo\\\/image\\\/\",\"url\":\"https:\\\/\\\/boutique-one-piece.com\\\/wp-content\\\/uploads\\\/2022\\\/09\\\/Logo-01.png\",\"contentUrl\":\"https:\\\/\\\/boutique-one-piece.com\\\/wp-content\\\/uploads\\\/2022\\\/09\\\/Logo-01.png\",\"width\":2318,\"height\":957,\"caption\":\"Boutique One Piece\"},\"image\":{\"@id\":\"https:\\\/\\\/boutique-one-piece.com\\\/#\\\/schema\\\/logo\\\/image\\\/\"}}]}<\/script>\n<!-- \/ Yoast SEO plugin. -->","yoast_head_json":{"title":"Annuncio di ricerca Donquixote Doflamingo | One Piece Shop","description":"Se vi piace odiare un personaggio, questo poster di Donquixote Doflamingo vi rallegrer\u00e0 la giornata. Donquixote Doflamingo \u00e8 il principale antagonista dell&#039;arco narrativo di Dressrosa e anche uno degli antagonisti di Marineford. Gestisce un giro di traffico di SMILE, vendendo Frutti del Diavolo artificiali a Re Kaioh.","robots":{"index":"index","follow":"follow","max-snippet":"max-snippet:-1","max-image-preview":"max-image-preview:large","max-video-preview":"max-video-preview:-1"},"canonical":"https:\/\/boutique-one-piece.com\/it\/manifesto-ricercato-di-one-piece\/manifesto-ricercato-di-donquixote-doflamingo\/","og_locale":"it_IT","og_type":"article","og_title":"Avis De Recherche Donquixote Doflamingo Wanted | Boutique One Piece","og_description":"Si tu aimes d\u00e9tester un personnage, cet Avis de Recherche de Donquixote Doflamingo va faire ton bonheur. Donquixote Doflamingo est l'antagoniste principal de l'arc Dressrosa, il fait \u00e9galement partie des antagonistes de Marineford. Il est \u00e0 la t\u00eate d'un trafic de Smile, des fruits du d\u00e9mon artificiels qu'il vend \u00e0 Kaid","og_url":"https:\/\/boutique-one-piece.com\/it\/manifesto-ricercato-di-one-piece\/manifesto-ricercato-di-donquixote-doflamingo\/","og_site_name":"Boutique One Piece","article_modified_time":"2024-09-16T15:25:23+00:00","og_image":[{"width":799,"height":798,"url":"https:\/\/boutique-one-piece.com\/wp-content\/uploads\/2022\/09\/Avis-De-Recherche-Donquixote-Doflamingo-Wanted-1.jpg","type":"image\/jpeg"}],"twitter_card":"summary_large_image","twitter_misc":{"Tempo di lettura stimato":"3 minuti"},"schema":{"@context":"https:\/\/schema.org","@graph":[{"@type":"WebPage","@id":"https:\/\/boutique-one-piece.com\/avis-de-recherche-one-piece\/avis-de-recherche-donquixote-doflamingo-wanted\/","url":"https:\/\/boutique-one-piece.com\/avis-de-recherche-one-piece\/avis-de-recherche-donquixote-doflamingo-wanted\/","name":"Annuncio di ricerca Donquixote Doflamingo | One Piece Shop","isPartOf":{"@id":"https:\/\/boutique-one-piece.com\/#website"},"primaryImageOfPage":{"@id":"https:\/\/boutique-one-piece.com\/avis-de-recherche-one-piece\/avis-de-recherche-donquixote-doflamingo-wanted\/#primaryimage"},"image":{"@id":"https:\/\/boutique-one-piece.com\/avis-de-recherche-one-piece\/avis-de-recherche-donquixote-doflamingo-wanted\/#primaryimage"},"thumbnailUrl":"https:\/\/boutique-one-piece.com\/wp-content\/uploads\/2022\/09\/Avis-De-Recherche-Donquixote-Doflamingo-Wanted-1.jpg","datePublished":"2022-09-27T20:33:02+00:00","dateModified":"2024-09-16T15:25:23+00:00","description":"Se vi piace odiare un personaggio, questo poster di Donquixote Doflamingo vi rallegrer\u00e0 la giornata. Donquixote Doflamingo \u00e8 il principale antagonista dell&#039;arco narrativo di Dressrosa e anche uno degli antagonisti di Marineford. Gestisce un giro di traffico di SMILE, vendendo Frutti del Diavolo artificiali a Re Kaioh.","breadcrumb":{"@id":"https:\/\/boutique-one-piece.com\/avis-de-recherche-one-piece\/avis-de-recherche-donquixote-doflamingo-wanted\/#breadcrumb"},"inLanguage":"it-IT","potentialAction":[{"@type":"ReadAction","target":["https:\/\/boutique-one-piece.com\/avis-de-recherche-one-piece\/avis-de-recherche-donquixote-doflamingo-wanted\/"]}]},{"@type":"ImageObject","inLanguage":"it-IT","@id":"https:\/\/boutique-one-piece.com\/avis-de-recherche-one-piece\/avis-de-recherche-donquixote-doflamingo-wanted\/#primaryimage","url":"https:\/\/boutique-one-piece.com\/wp-content\/uploads\/2022\/09\/Avis-De-Recherche-Donquixote-Doflamingo-Wanted-1.jpg","contentUrl":"https:\/\/boutique-one-piece.com\/wp-content\/uploads\/2022\/09\/Avis-De-Recherche-Donquixote-Doflamingo-Wanted-1.jpg","width":799,"height":798},{"@type":"BreadcrumbList","@id":"https:\/\/boutique-one-piece.com\/avis-de-recherche-one-piece\/avis-de-recherche-donquixote-doflamingo-wanted\/#breadcrumb","itemListElement":[{"@type":"ListItem","position":1,"name":"Home","item":"https:\/\/boutique-one-piece.com\/"},{"@type":"ListItem","position":2,"name":"Shop","item":"https:\/\/boutique-one-piece.com\/shop\/"},{"@type":"ListItem","position":3,"name":"Avis De Recherche Donquixote Doflamingo Wanted"}]},{"@type":"WebSite","@id":"https:\/\/boutique-one-piece.com\/#website","url":"https:\/\/boutique-one-piece.com\/","name":"Negozio One Piece","description":"Negozio specializzato in manga e anime di One Piece","publisher":{"@id":"https:\/\/boutique-one-piece.com\/#organization"},"potentialAction":[{"@type":"SearchAction","target":{"@type":"EntryPoint","urlTemplate":"https:\/\/boutique-one-piece.com\/?s={search_term_string}"},"query-input":{"@type":"PropertyValueSpecification","valueRequired":true,"valueName":"search_term_string"}}],"inLanguage":"it-IT"},{"@type":"Organization","@id":"https:\/\/boutique-one-piece.com\/#organization","name":"Negozio One Piece","url":"https:\/\/boutique-one-piece.com\/","logo":{"@type":"ImageObject","inLanguage":"it-IT","@id":"https:\/\/boutique-one-piece.com\/#\/schema\/logo\/image\/","url":"https:\/\/boutique-one-piece.com\/wp-content\/uploads\/2022\/09\/Logo-01.png","contentUrl":"https:\/\/boutique-one-piece.com\/wp-content\/uploads\/2022\/09\/Logo-01.png","width":2318,"height":957,"caption":"Boutique One Piece"},"image":{"@id":"https:\/\/boutique-one-piece.com\/#\/schema\/logo\/image\/"}}]}},"_links":{"self":[{"href":"https:\/\/boutique-one-piece.com\/it\/wp-json\/wp\/v2\/product\/10206","targetHints":{"allow":["GET"]}}],"collection":[{"href":"https:\/\/boutique-one-piece.com\/it\/wp-json\/wp\/v2\/product"}],"about":[{"href":"https:\/\/boutique-one-piece.com\/it\/wp-json\/wp\/v2\/types\/product"}],"replies":[{"embeddable":true,"href":"https:\/\/boutique-one-piece.com\/it\/wp-json\/wp\/v2\/comments?post=10206"}],"wp:featuredmedia":[{"embeddable":true,"href":"https:\/\/boutique-one-piece.com\/it\/wp-json\/wp\/v2\/media\/10208"}],"wp:attachment":[{"href":"https:\/\/boutique-one-piece.com\/it\/wp-json\/wp\/v2\/media?parent=10206"}],"wp:term":[{"taxonomy":"product_brand","embeddable":true,"href":"https:\/\/boutique-one-piece.com\/it\/wp-json\/wp\/v2\/product_brand?post=10206"},{"taxonomy":"product_cat","embeddable":true,"href":"https:\/\/boutique-one-piece.com\/it\/wp-json\/wp\/v2\/product_cat?post=10206"},{"taxonomy":"product_tag","embeddable":true,"href":"https:\/\/boutique-one-piece.com\/it\/wp-json\/wp\/v2\/product_tag?post=10206"}],"curies":[{"name":"parola chiave","href":"https:\/\/api.w.org\/{rel}","templated":true}]}}