{"id":10532,"date":"2022-09-27T20:34:57","date_gmt":"2022-09-27T20:34:57","guid":{"rendered":"https:\/\/boutique-one-piece.com\/uncategorized\/t-shirt-one-piece-zoro-et-la-lune-de-sang\/"},"modified":"2024-09-16T12:08:21","modified_gmt":"2024-09-16T12:08:21","slug":"maglietta-one-piece-zoro-e-la-luna-di-sangue","status":"publish","type":"product","link":"https:\/\/boutique-one-piece.com\/it\/vestiti-one-piece\/maglietta-one-piece-zoro-e-la-luna-di-sangue\/","title":{"rendered":"Maglietta One Piece Zoro e la Luna di Sangue"},"content":{"rendered":"<h2 data-mce-fragment=\"1\">Informazioni sulla maglietta:\u00a0<\/h2>\n<ul data-mce-fragment=\"1\">\n<li data-mce-fragment=\"1\">\u00a0<strong data-mce-fragment=\"1\">Maglia di qualit\u00e0 premium\u00a0<\/strong>: ha un\u00a0<strong data-mce-fragment=\"1\">alta grammatura<\/strong>, con materiali di qualit\u00e0<\/li>\n<\/ul>\n<ul data-mce-fragment=\"1\">\n<li data-mce-fragment=\"1\">\n<strong data-mce-fragment=\"1\">Vestibilit\u00e0 ampia<\/strong>\u00a0:\u00a0\u00a0<strong data-mce-fragment=\"1\">maglietta<\/strong>\u00a0con un\u00a0<strong data-mce-fragment=\"1\">taglio largo<\/strong>, per un comfort maggiore<\/li>\n<\/ul>\n<ul data-mce-fragment=\"1\">\n<li data-mce-fragment=\"1\">\n<strong data-mce-fragment=\"1\">Molto comodo\u00a0<\/strong>con questi\u00a0<strong data-mce-fragment=\"1\">fibre<\/strong>\u00a0Di\u00a0<strong data-mce-fragment=\"1\">cotone<\/strong>\u00a0Grande\u00a0<strong data-mce-fragment=\"1\">morbido<\/strong>, non c&#039;\u00e8\u00a0<strong data-mce-fragment=\"1\">attrito<\/strong>\n<\/li>\n<\/ul>\n<ul data-mce-fragment=\"1\">\n<li data-mce-fragment=\"1\">\n<strong data-mce-fragment=\"1\">stampa digitale 3D<\/strong>\u00a0:\u00a0<strong data-mce-fragment=\"1\">maglietta stampata<\/strong>\u00a0con un design originale,\u00a0<strong data-mce-fragment=\"1\">Stampa su tela<\/strong>\n<\/li>\n<\/ul>\n<ul data-mce-fragment=\"1\">\n<li data-mce-fragment=\"1\">\n<strong data-mce-fragment=\"1\">cotone biologico\u00a0<\/strong>: cotone di qualit\u00e0 con\u00a0<strong data-mce-fragment=\"1\">fibre extra lunghe<\/strong>\n<\/li>\n<\/ul>\n<ul data-mce-fragment=\"1\">\n<li data-mce-fragment=\"1\">\n<strong data-mce-fragment=\"1\">Consegna gratuita\u00a0<\/strong>per qualsiasi acquisto<\/li>\n<\/ul>","protected":false},"excerpt":{"rendered":"<p>Informazioni sulla maglietta: Jersey di qualit\u00e0 premium: tessuto di alta qualit\u00e0 con un&#039;elevata grammatura. Vestibilit\u00e0 rilassata: maglietta ampia per un maggiore comfort. Molto comoda: fibre di cotone super morbide che prevengono gli sfregamenti. Stampa digitale 3D: stampata con un design originale. Stampa su tela. Cotone biologico: cotone di alta qualit\u00e0 con fibre extra lunghe. Spedizione gratuita su tutti gli acquisti.<\/p>","protected":false},"featured_media":10534,"comment_status":"open","ping_status":"open","template":"","meta":[],"product_brand":[],"product_cat":[54],"product_tag":[],"class_list":{"0":"post-10532","1":"product","2":"type-product","3":"status-publish","4":"has-post-thumbnail","6":"product_cat-vetements-one-piece","8":"first","9":"instock","10":"purchasable","11":"product-type-variable","12":"has-default-attributes"},"yoast_head":"<!-- This site is optimized with the Yoast SEO plugin v27.5 - https:\/\/yoast.com\/product\/yoast-seo-wordpress\/ -->\n<title>T-Shirt One Piece Zoro et la Lune de Sang | Boutique One Piece<\/title>\n<meta name=\"description\" content=\"Informations sur le\u00a0T-Shirt\u00a0:\u00a0 \u00a0Maillot de qualit\u00e9 sup\u00e9rieure\u00a0:\u00a0poss\u00e8de un\u00a0grammage \u00e9lev\u00e9, avec des mat\u00e9riaux de qualit\u00e9s Coupe Ample\u00a0:\u00a0\u00a0tee-shirt\u00a0avec une\u00a0coupe\u00a0large, pour plus de confort Tr\u00e8s confortable\u00a0: avec ces\u00a0fibres\u00a0de\u00a0coton\u00a0super\u00a0doux, il n&#039;y a pas\u00a0de\u00a0frottements Impression digitale 3D\u00a0:\u00a0t-shirt imprim\u00e9\u00a0avec\" \/>\n<meta name=\"robots\" content=\"index, follow, max-snippet:-1, max-image-preview:large, max-video-preview:-1\" \/>\n<link rel=\"canonical\" href=\"https:\/\/boutique-one-piece.com\/it\/vestiti-one-piece\/maglietta-one-piece-zoro-e-la-luna-di-sangue\/\" \/>\n<meta property=\"og:locale\" content=\"it_IT\" \/>\n<meta property=\"og:type\" content=\"article\" \/>\n<meta property=\"og:title\" content=\"T-Shirt One Piece Zoro et la Lune de Sang | Boutique One Piece\" \/>\n<meta property=\"og:description\" content=\"Informations sur le\u00a0T-Shirt\u00a0:\u00a0 \u00a0Maillot de qualit\u00e9 sup\u00e9rieure\u00a0:\u00a0poss\u00e8de un\u00a0grammage \u00e9lev\u00e9, avec des mat\u00e9riaux de qualit\u00e9s Coupe Ample\u00a0:\u00a0\u00a0tee-shirt\u00a0avec une\u00a0coupe\u00a0large, pour plus de confort Tr\u00e8s confortable\u00a0: avec ces\u00a0fibres\u00a0de\u00a0coton\u00a0super\u00a0doux, il n&#039;y a pas\u00a0de\u00a0frottements Impression digitale 3D\u00a0:\u00a0t-shirt imprim\u00e9\u00a0avec\" \/>\n<meta property=\"og:url\" content=\"https:\/\/boutique-one-piece.com\/it\/vestiti-one-piece\/maglietta-one-piece-zoro-e-la-luna-di-sangue\/\" \/>\n<meta property=\"og:site_name\" content=\"Boutique One Piece\" \/>\n<meta property=\"article:modified_time\" content=\"2024-09-16T12:08:21+00:00\" \/>\n<meta property=\"og:image\" content=\"https:\/\/boutique-one-piece.com\/wp-content\/uploads\/2022\/09\/T-Shirt-One-Piece-Zoro-et-la-Lune-de-Sang.jpg\" \/>\n\t<meta property=\"og:image:width\" content=\"640\" \/>\n\t<meta property=\"og:image:height\" content=\"640\" \/>\n\t<meta property=\"og:image:type\" content=\"image\/jpeg\" \/>\n<meta name=\"twitter:card\" content=\"summary_large_image\" \/>\n<script type=\"application\/ld+json\" class=\"yoast-schema-graph\">{\"@context\":\"https:\\\/\\\/schema.org\",\"@graph\":[{\"@type\":\"WebPage\",\"@id\":\"https:\\\/\\\/boutique-one-piece.com\\\/vetements-one-piece\\\/t-shirt-one-piece-zoro-et-la-lune-de-sang\\\/\",\"url\":\"https:\\\/\\\/boutique-one-piece.com\\\/vetements-one-piece\\\/t-shirt-one-piece-zoro-et-la-lune-de-sang\\\/\",\"name\":\"T-Shirt One Piece Zoro et la Lune de Sang | Boutique One Piece\",\"isPartOf\":{\"@id\":\"https:\\\/\\\/boutique-one-piece.com\\\/#website\"},\"primaryImageOfPage\":{\"@id\":\"https:\\\/\\\/boutique-one-piece.com\\\/vetements-one-piece\\\/t-shirt-one-piece-zoro-et-la-lune-de-sang\\\/#primaryimage\"},\"image\":{\"@id\":\"https:\\\/\\\/boutique-one-piece.com\\\/vetements-one-piece\\\/t-shirt-one-piece-zoro-et-la-lune-de-sang\\\/#primaryimage\"},\"thumbnailUrl\":\"https:\\\/\\\/boutique-one-piece.com\\\/wp-content\\\/uploads\\\/2022\\\/09\\\/T-Shirt-One-Piece-Zoro-et-la-Lune-de-Sang.jpg\",\"datePublished\":\"2022-09-27T20:34:57+00:00\",\"dateModified\":\"2024-09-16T12:08:21+00:00\",\"description\":\"Informations sur le\u00a0T-Shirt\u00a0:\u00a0 \u00a0Maillot de qualit\u00e9 sup\u00e9rieure\u00a0:\u00a0poss\u00e8de un\u00a0grammage \u00e9lev\u00e9, avec des mat\u00e9riaux de qualit\u00e9s Coupe Ample\u00a0:\u00a0\u00a0tee-shirt\u00a0avec une\u00a0coupe\u00a0large, pour plus de confort Tr\u00e8s confortable\u00a0: avec ces\u00a0fibres\u00a0de\u00a0coton\u00a0super\u00a0doux, il n'y a pas\u00a0de\u00a0frottements Impression digitale 3D\u00a0:\u00a0t-shirt imprim\u00e9\u00a0avec\",\"breadcrumb\":{\"@id\":\"https:\\\/\\\/boutique-one-piece.com\\\/vetements-one-piece\\\/t-shirt-one-piece-zoro-et-la-lune-de-sang\\\/#breadcrumb\"},\"inLanguage\":\"it-IT\",\"potentialAction\":[{\"@type\":\"ReadAction\",\"target\":[\"https:\\\/\\\/boutique-one-piece.com\\\/vetements-one-piece\\\/t-shirt-one-piece-zoro-et-la-lune-de-sang\\\/\"]}]},{\"@type\":\"ImageObject\",\"inLanguage\":\"it-IT\",\"@id\":\"https:\\\/\\\/boutique-one-piece.com\\\/vetements-one-piece\\\/t-shirt-one-piece-zoro-et-la-lune-de-sang\\\/#primaryimage\",\"url\":\"https:\\\/\\\/boutique-one-piece.com\\\/wp-content\\\/uploads\\\/2022\\\/09\\\/T-Shirt-One-Piece-Zoro-et-la-Lune-de-Sang.jpg\",\"contentUrl\":\"https:\\\/\\\/boutique-one-piece.com\\\/wp-content\\\/uploads\\\/2022\\\/09\\\/T-Shirt-One-Piece-Zoro-et-la-Lune-de-Sang.jpg\",\"width\":640,\"height\":640,\"caption\":\"T-Shirt One Piece Zoro et la Lune de Sang XXXL\"},{\"@type\":\"BreadcrumbList\",\"@id\":\"https:\\\/\\\/boutique-one-piece.com\\\/vetements-one-piece\\\/t-shirt-one-piece-zoro-et-la-lune-de-sang\\\/#breadcrumb\",\"itemListElement\":[{\"@type\":\"ListItem\",\"position\":1,\"name\":\"Home\",\"item\":\"https:\\\/\\\/boutique-one-piece.com\\\/\"},{\"@type\":\"ListItem\",\"position\":2,\"name\":\"Shop\",\"item\":\"https:\\\/\\\/boutique-one-piece.com\\\/shop\\\/\"},{\"@type\":\"ListItem\",\"position\":3,\"name\":\"T-Shirt One Piece Zoro et la Lune de Sang\"}]},{\"@type\":\"WebSite\",\"@id\":\"https:\\\/\\\/boutique-one-piece.com\\\/#website\",\"url\":\"https:\\\/\\\/boutique-one-piece.com\\\/\",\"name\":\"Boutique One Piece\",\"description\":\"Magasin Sp\u00e9cialis\u00e9 du Manga et l&#039;Anime One Piece\",\"publisher\":{\"@id\":\"https:\\\/\\\/boutique-one-piece.com\\\/#organization\"},\"potentialAction\":[{\"@type\":\"SearchAction\",\"target\":{\"@type\":\"EntryPoint\",\"urlTemplate\":\"https:\\\/\\\/boutique-one-piece.com\\\/?s={search_term_string}\"},\"query-input\":{\"@type\":\"PropertyValueSpecification\",\"valueRequired\":true,\"valueName\":\"search_term_string\"}}],\"inLanguage\":\"it-IT\"},{\"@type\":\"Organization\",\"@id\":\"https:\\\/\\\/boutique-one-piece.com\\\/#organization\",\"name\":\"Boutique One Piece\",\"url\":\"https:\\\/\\\/boutique-one-piece.com\\\/\",\"logo\":{\"@type\":\"ImageObject\",\"inLanguage\":\"it-IT\",\"@id\":\"https:\\\/\\\/boutique-one-piece.com\\\/#\\\/schema\\\/logo\\\/image\\\/\",\"url\":\"https:\\\/\\\/boutique-one-piece.com\\\/wp-content\\\/uploads\\\/2022\\\/09\\\/Logo-01.png\",\"contentUrl\":\"https:\\\/\\\/boutique-one-piece.com\\\/wp-content\\\/uploads\\\/2022\\\/09\\\/Logo-01.png\",\"width\":2318,\"height\":957,\"caption\":\"Boutique One Piece\"},\"image\":{\"@id\":\"https:\\\/\\\/boutique-one-piece.com\\\/#\\\/schema\\\/logo\\\/image\\\/\"}}]}<\/script>\n<!-- \/ Yoast SEO plugin. -->","yoast_head_json":{"title":"Maglietta di One Piece Zoro e la Luna di Sangue | Negozio One Piece","description":"Informazioni sulla maglietta: Jersey di qualit\u00e0 premium: tessuto di alta qualit\u00e0 con un&#039;elevata grammatura. Vestibilit\u00e0 rilassata: maglietta ampia per un maggiore comfort. Molto comoda: le fibre di cotone super morbide prevengono gli sfregamenti. Stampa digitale 3D: maglietta stampata con","robots":{"index":"index","follow":"follow","max-snippet":"max-snippet:-1","max-image-preview":"max-image-preview:large","max-video-preview":"max-video-preview:-1"},"canonical":"https:\/\/boutique-one-piece.com\/it\/vestiti-one-piece\/maglietta-one-piece-zoro-e-la-luna-di-sangue\/","og_locale":"it_IT","og_type":"article","og_title":"T-Shirt One Piece Zoro et la Lune de Sang | Boutique One Piece","og_description":"Informations sur le\u00a0T-Shirt\u00a0:\u00a0 \u00a0Maillot de qualit\u00e9 sup\u00e9rieure\u00a0:\u00a0poss\u00e8de un\u00a0grammage \u00e9lev\u00e9, avec des mat\u00e9riaux de qualit\u00e9s Coupe Ample\u00a0:\u00a0\u00a0tee-shirt\u00a0avec une\u00a0coupe\u00a0large, pour plus de confort Tr\u00e8s confortable\u00a0: avec ces\u00a0fibres\u00a0de\u00a0coton\u00a0super\u00a0doux, il n'y a pas\u00a0de\u00a0frottements Impression digitale 3D\u00a0:\u00a0t-shirt imprim\u00e9\u00a0avec","og_url":"https:\/\/boutique-one-piece.com\/it\/vestiti-one-piece\/maglietta-one-piece-zoro-e-la-luna-di-sangue\/","og_site_name":"Boutique One Piece","article_modified_time":"2024-09-16T12:08:21+00:00","og_image":[{"width":640,"height":640,"url":"https:\/\/boutique-one-piece.com\/wp-content\/uploads\/2022\/09\/T-Shirt-One-Piece-Zoro-et-la-Lune-de-Sang.jpg","type":"image\/jpeg"}],"twitter_card":"summary_large_image","schema":{"@context":"https:\/\/schema.org","@graph":[{"@type":"WebPage","@id":"https:\/\/boutique-one-piece.com\/vetements-one-piece\/t-shirt-one-piece-zoro-et-la-lune-de-sang\/","url":"https:\/\/boutique-one-piece.com\/vetements-one-piece\/t-shirt-one-piece-zoro-et-la-lune-de-sang\/","name":"Maglietta di One Piece Zoro e la Luna di Sangue | Negozio One Piece","isPartOf":{"@id":"https:\/\/boutique-one-piece.com\/#website"},"primaryImageOfPage":{"@id":"https:\/\/boutique-one-piece.com\/vetements-one-piece\/t-shirt-one-piece-zoro-et-la-lune-de-sang\/#primaryimage"},"image":{"@id":"https:\/\/boutique-one-piece.com\/vetements-one-piece\/t-shirt-one-piece-zoro-et-la-lune-de-sang\/#primaryimage"},"thumbnailUrl":"https:\/\/boutique-one-piece.com\/wp-content\/uploads\/2022\/09\/T-Shirt-One-Piece-Zoro-et-la-Lune-de-Sang.jpg","datePublished":"2022-09-27T20:34:57+00:00","dateModified":"2024-09-16T12:08:21+00:00","description":"Informazioni sulla maglietta: Jersey di qualit\u00e0 premium: tessuto di alta qualit\u00e0 con un&#039;elevata grammatura. Vestibilit\u00e0 rilassata: maglietta ampia per un maggiore comfort. Molto comoda: le fibre di cotone super morbide prevengono gli sfregamenti. Stampa digitale 3D: maglietta stampata con","breadcrumb":{"@id":"https:\/\/boutique-one-piece.com\/vetements-one-piece\/t-shirt-one-piece-zoro-et-la-lune-de-sang\/#breadcrumb"},"inLanguage":"it-IT","potentialAction":[{"@type":"ReadAction","target":["https:\/\/boutique-one-piece.com\/vetements-one-piece\/t-shirt-one-piece-zoro-et-la-lune-de-sang\/"]}]},{"@type":"ImageObject","inLanguage":"it-IT","@id":"https:\/\/boutique-one-piece.com\/vetements-one-piece\/t-shirt-one-piece-zoro-et-la-lune-de-sang\/#primaryimage","url":"https:\/\/boutique-one-piece.com\/wp-content\/uploads\/2022\/09\/T-Shirt-One-Piece-Zoro-et-la-Lune-de-Sang.jpg","contentUrl":"https:\/\/boutique-one-piece.com\/wp-content\/uploads\/2022\/09\/T-Shirt-One-Piece-Zoro-et-la-Lune-de-Sang.jpg","width":640,"height":640,"caption":"T-Shirt One Piece Zoro et la Lune de Sang XXXL"},{"@type":"BreadcrumbList","@id":"https:\/\/boutique-one-piece.com\/vetements-one-piece\/t-shirt-one-piece-zoro-et-la-lune-de-sang\/#breadcrumb","itemListElement":[{"@type":"ListItem","position":1,"name":"Home","item":"https:\/\/boutique-one-piece.com\/"},{"@type":"ListItem","position":2,"name":"Shop","item":"https:\/\/boutique-one-piece.com\/shop\/"},{"@type":"ListItem","position":3,"name":"T-Shirt One Piece Zoro et la Lune de Sang"}]},{"@type":"WebSite","@id":"https:\/\/boutique-one-piece.com\/#website","url":"https:\/\/boutique-one-piece.com\/","name":"Negozio One Piece","description":"Negozio specializzato in manga e anime di One Piece","publisher":{"@id":"https:\/\/boutique-one-piece.com\/#organization"},"potentialAction":[{"@type":"SearchAction","target":{"@type":"EntryPoint","urlTemplate":"https:\/\/boutique-one-piece.com\/?s={search_term_string}"},"query-input":{"@type":"PropertyValueSpecification","valueRequired":true,"valueName":"search_term_string"}}],"inLanguage":"it-IT"},{"@type":"Organization","@id":"https:\/\/boutique-one-piece.com\/#organization","name":"Negozio One Piece","url":"https:\/\/boutique-one-piece.com\/","logo":{"@type":"ImageObject","inLanguage":"it-IT","@id":"https:\/\/boutique-one-piece.com\/#\/schema\/logo\/image\/","url":"https:\/\/boutique-one-piece.com\/wp-content\/uploads\/2022\/09\/Logo-01.png","contentUrl":"https:\/\/boutique-one-piece.com\/wp-content\/uploads\/2022\/09\/Logo-01.png","width":2318,"height":957,"caption":"Boutique One Piece"},"image":{"@id":"https:\/\/boutique-one-piece.com\/#\/schema\/logo\/image\/"}}]}},"_links":{"self":[{"href":"https:\/\/boutique-one-piece.com\/it\/wp-json\/wp\/v2\/product\/10532","targetHints":{"allow":["GET"]}}],"collection":[{"href":"https:\/\/boutique-one-piece.com\/it\/wp-json\/wp\/v2\/product"}],"about":[{"href":"https:\/\/boutique-one-piece.com\/it\/wp-json\/wp\/v2\/types\/product"}],"replies":[{"embeddable":true,"href":"https:\/\/boutique-one-piece.com\/it\/wp-json\/wp\/v2\/comments?post=10532"}],"wp:featuredmedia":[{"embeddable":true,"href":"https:\/\/boutique-one-piece.com\/it\/wp-json\/wp\/v2\/media\/10534"}],"wp:attachment":[{"href":"https:\/\/boutique-one-piece.com\/it\/wp-json\/wp\/v2\/media?parent=10532"}],"wp:term":[{"taxonomy":"product_brand","embeddable":true,"href":"https:\/\/boutique-one-piece.com\/it\/wp-json\/wp\/v2\/product_brand?post=10532"},{"taxonomy":"product_cat","embeddable":true,"href":"https:\/\/boutique-one-piece.com\/it\/wp-json\/wp\/v2\/product_cat?post=10532"},{"taxonomy":"product_tag","embeddable":true,"href":"https:\/\/boutique-one-piece.com\/it\/wp-json\/wp\/v2\/product_tag?post=10532"}],"curies":[{"name":"parola chiave","href":"https:\/\/api.w.org\/{rel}","templated":true}]}}