{"id":10566,"date":"2022-09-27T20:35:13","date_gmt":"2022-09-27T20:35:13","guid":{"rendered":"https:\/\/boutique-one-piece.com\/uncategorized\/peluche-karoo\/"},"modified":"2026-03-19T21:08:44","modified_gmt":"2026-03-19T21:08:44","slug":"peluche-karoo","status":"publish","type":"product","link":"https:\/\/boutique-one-piece.com\/it\/peluche-di-one-piece\/peluche-karoo\/","title":{"rendered":"Peluche Karoo"},"content":{"rendered":"<h2>Jeune pirate, le moment est venu pour toi de rencontrer l\u2019animal de compagnie de Nefertari Vivi. Pour ce faire procure-toi d\u00e8s maintenant cette Peluche Karoo.<\/h2>\n<p><strong>Karoo<\/strong> \u00e8 un Super Mallard, un <strong>anatra gigante<\/strong> qui court tr\u00e8s vite (un des moyens de transport les plus efficaces \u00e0 Alabasta). Il est tr\u00e8s ob\u00e9issant et bien \u00e9lev\u00e9, surtout envers Vivi qui est sa ma\u00eetresse. Il s\u2019entendait bien avec L\u2019\u00c9quipage du Chapeau de Paille, tout particuli\u00e8rement avec Usopp. Il \u00e9tait un membre officieux de l\u2019\u00c9quipage du Chapeau de Paille en tant que <strong>La compagna di Vivi<\/strong>.<\/p>\n<p>En effet, Vivi \u00e9tait une membre officieuse de l\u2019\u00c9quipage du Chapeau de Paille durant la majeure partie de la Saga Baroque Works, mais l\u2019a quitt\u00e9 lorsque l\u2019\u00e9quipage a battu Crocodile et quitt\u00e9 Alabasta. D\u2019ailleurs, tu peux d\u2019ores et d\u00e9j\u00e0 te procurer la <a title=\"PELUCHE DI LUFFY\" href=\"https:\/\/boutique-one-piece.com\/it\/peluche-di-rufy\/\" target=\"_blank\" rel=\"noopener\">peluche du Capitaine de l\u2019Equipage de Chapeau de Paille<\/a>.<\/p>\n<h3>Alors, conquis par Karoo ? Si tel est le cas, adopte sa peluche sans plus attendre et fais de lui ton nouvel animal de compagnie. Il t\u2019accompagnera lors de tes d\u00e9placements.<\/h3>\n<p><strong>Un pezzo<\/strong> \u00e8 il manga pi\u00f9 venduto al mondo. Continua a esprimere la tua passione per questo universo. Puoi immergerti continuamente in questo mondo fantastico grazie a questi oggetti leggendari. Perfetti come regalo, decorazione o collezione, questi articoli amplieranno la tua collezione. <strong>il tuo universo One Piece<\/strong>.<\/p>\n<h2>Informazioni sul peluche One Piece Karoo:<\/h2>\n<ul>\n<li>\u00a0<b>Tipo di prodotto<\/b><span>\u00a0<\/span>Peluche manga One Piece<\/li>\n<\/ul>\n<ul>\n<li>\n<b>Utilizzo del Peluce<\/b>\u00a0Giocattoli, decorazioni, oggetti da collezione, regali<\/li>\n<\/ul>\n<ul>\n<li>\n<b>Nome del personaggio<\/b>\u00a0Karoo<\/li>\n<\/ul>\n<ul>\n<li>\n<b>Dimensioni del peluche<\/b>\u00a0: 25 o 30 centimetri<\/li>\n<\/ul>\n<ul>\n<li>\n<b>Questione<\/b>\u00a0: Cotone<\/li>\n<\/ul>\n<ul>\n<li>\n<b>Et\u00e0 consigliata<\/b>\u00a0: pi\u00f9 di 3 anni<\/li>\n<\/ul>\n<ul>\n<li>\n<b>Consegna gratuita<\/b> per qualsiasi acquisto<\/li>\n<\/ul>","protected":false},"excerpt":{"rendered":"<p>Jeune pirate, le moment est venu pour toi de rencontrer l\u2019animal de compagnie de Nefertari Vivi. Pour ce faire procure-toi d\u00e8s maintenant cette Peluche Karoo. Karoo est un Super Colvert, un canard g\u00e9ant qui court tr\u00e8s vite (un des moyens de transport les plus efficaces \u00e0 Alabasta). Il est tr\u00e8s ob\u00e9issant et bien \u00e9lev\u00e9, surtout [&hellip;]<\/p>","protected":false},"featured_media":10568,"comment_status":"open","ping_status":"open","template":"","meta":[],"product_brand":[],"product_cat":[177],"product_tag":[332],"class_list":{"0":"post-10566","1":"product","2":"type-product","3":"status-publish","4":"has-post-thumbnail","6":"product_cat-peluches-one-piece","7":"product_tag-karoo","9":"first","10":"outofstock","11":"purchasable","12":"product-type-variable"},"yoast_head":"<!-- This site is optimized with the Yoast SEO plugin v27.5 - https:\/\/yoast.com\/product\/yoast-seo-wordpress\/ -->\n<title>Peluche Karoo | Boutique One Piece<\/title>\n<meta name=\"description\" content=\"D\u00e9couvrez la peluche One Piece Karoo le fid\u00e8le compagnons de Vivi, elle est aussi douce que mignonne ! Commencez votre aventure de pirate \u00e0 la recherche du One Piece dans l&#039;\u00e9quipage du Chapeau de Paille\" \/>\n<meta name=\"robots\" content=\"index, follow, max-snippet:-1, max-image-preview:large, max-video-preview:-1\" \/>\n<link rel=\"canonical\" href=\"https:\/\/boutique-one-piece.com\/it\/peluche-di-one-piece\/peluche-karoo\/\" \/>\n<meta property=\"og:locale\" content=\"it_IT\" \/>\n<meta property=\"og:type\" content=\"article\" \/>\n<meta property=\"og:title\" content=\"Peluche Karoo | Boutique One Piece\" \/>\n<meta property=\"og:description\" content=\"D\u00e9couvrez la peluche One Piece Karoo le fid\u00e8le compagnons de Vivi, elle est aussi douce que mignonne ! Commencez votre aventure de pirate \u00e0 la recherche du One Piece dans l&#039;\u00e9quipage du Chapeau de Paille\" \/>\n<meta property=\"og:url\" content=\"https:\/\/boutique-one-piece.com\/it\/peluche-di-one-piece\/peluche-karoo\/\" \/>\n<meta property=\"og:site_name\" content=\"Boutique One Piece\" \/>\n<meta property=\"article:modified_time\" content=\"2026-03-19T21:08:44+00:00\" \/>\n<meta property=\"og:image\" content=\"https:\/\/boutique-one-piece.com\/wp-content\/uploads\/2022\/09\/Peluche-Karoo.png\" \/>\n\t<meta property=\"og:image:width\" content=\"500\" \/>\n\t<meta property=\"og:image:height\" content=\"500\" \/>\n\t<meta property=\"og:image:type\" content=\"image\/png\" \/>\n<meta name=\"twitter:card\" content=\"summary_large_image\" \/>\n<meta name=\"twitter:label1\" content=\"Tempo di lettura stimato\" \/>\n\t<meta name=\"twitter:data1\" content=\"2 minuti\" \/>\n<script type=\"application\/ld+json\" class=\"yoast-schema-graph\">{\"@context\":\"https:\\\/\\\/schema.org\",\"@graph\":[{\"@type\":\"WebPage\",\"@id\":\"https:\\\/\\\/boutique-one-piece.com\\\/peluches-one-piece\\\/peluche-karoo\\\/\",\"url\":\"https:\\\/\\\/boutique-one-piece.com\\\/peluches-one-piece\\\/peluche-karoo\\\/\",\"name\":\"Peluche Karoo | Boutique One Piece\",\"isPartOf\":{\"@id\":\"https:\\\/\\\/boutique-one-piece.com\\\/#website\"},\"primaryImageOfPage\":{\"@id\":\"https:\\\/\\\/boutique-one-piece.com\\\/peluches-one-piece\\\/peluche-karoo\\\/#primaryimage\"},\"image\":{\"@id\":\"https:\\\/\\\/boutique-one-piece.com\\\/peluches-one-piece\\\/peluche-karoo\\\/#primaryimage\"},\"thumbnailUrl\":\"https:\\\/\\\/boutique-one-piece.com\\\/wp-content\\\/uploads\\\/2022\\\/09\\\/Peluche-Karoo.png\",\"datePublished\":\"2022-09-27T20:35:13+00:00\",\"dateModified\":\"2026-03-19T21:08:44+00:00\",\"description\":\"D\u00e9couvrez la peluche One Piece Karoo le fid\u00e8le compagnons de Vivi, elle est aussi douce que mignonne ! Commencez votre aventure de pirate \u00e0 la recherche du One Piece dans l'\u00e9quipage du Chapeau de Paille\",\"breadcrumb\":{\"@id\":\"https:\\\/\\\/boutique-one-piece.com\\\/peluches-one-piece\\\/peluche-karoo\\\/#breadcrumb\"},\"inLanguage\":\"it-IT\",\"potentialAction\":[{\"@type\":\"ReadAction\",\"target\":[\"https:\\\/\\\/boutique-one-piece.com\\\/peluches-one-piece\\\/peluche-karoo\\\/\"]}]},{\"@type\":\"ImageObject\",\"inLanguage\":\"it-IT\",\"@id\":\"https:\\\/\\\/boutique-one-piece.com\\\/peluches-one-piece\\\/peluche-karoo\\\/#primaryimage\",\"url\":\"https:\\\/\\\/boutique-one-piece.com\\\/wp-content\\\/uploads\\\/2022\\\/09\\\/Peluche-Karoo.png\",\"contentUrl\":\"https:\\\/\\\/boutique-one-piece.com\\\/wp-content\\\/uploads\\\/2022\\\/09\\\/Peluche-Karoo.png\",\"width\":500,\"height\":500,\"caption\":\"Peluche Karoo 30cm\"},{\"@type\":\"BreadcrumbList\",\"@id\":\"https:\\\/\\\/boutique-one-piece.com\\\/peluches-one-piece\\\/peluche-karoo\\\/#breadcrumb\",\"itemListElement\":[{\"@type\":\"ListItem\",\"position\":1,\"name\":\"Home\",\"item\":\"https:\\\/\\\/boutique-one-piece.com\\\/\"},{\"@type\":\"ListItem\",\"position\":2,\"name\":\"Shop\",\"item\":\"https:\\\/\\\/boutique-one-piece.com\\\/shop\\\/\"},{\"@type\":\"ListItem\",\"position\":3,\"name\":\"Peluche Karoo\"}]},{\"@type\":\"WebSite\",\"@id\":\"https:\\\/\\\/boutique-one-piece.com\\\/#website\",\"url\":\"https:\\\/\\\/boutique-one-piece.com\\\/\",\"name\":\"Boutique One Piece\",\"description\":\"Magasin Sp\u00e9cialis\u00e9 du Manga et l&#039;Anime One Piece\",\"publisher\":{\"@id\":\"https:\\\/\\\/boutique-one-piece.com\\\/#organization\"},\"potentialAction\":[{\"@type\":\"SearchAction\",\"target\":{\"@type\":\"EntryPoint\",\"urlTemplate\":\"https:\\\/\\\/boutique-one-piece.com\\\/?s={search_term_string}\"},\"query-input\":{\"@type\":\"PropertyValueSpecification\",\"valueRequired\":true,\"valueName\":\"search_term_string\"}}],\"inLanguage\":\"it-IT\"},{\"@type\":\"Organization\",\"@id\":\"https:\\\/\\\/boutique-one-piece.com\\\/#organization\",\"name\":\"Boutique One Piece\",\"url\":\"https:\\\/\\\/boutique-one-piece.com\\\/\",\"logo\":{\"@type\":\"ImageObject\",\"inLanguage\":\"it-IT\",\"@id\":\"https:\\\/\\\/boutique-one-piece.com\\\/#\\\/schema\\\/logo\\\/image\\\/\",\"url\":\"https:\\\/\\\/boutique-one-piece.com\\\/wp-content\\\/uploads\\\/2022\\\/09\\\/Logo-01.png\",\"contentUrl\":\"https:\\\/\\\/boutique-one-piece.com\\\/wp-content\\\/uploads\\\/2022\\\/09\\\/Logo-01.png\",\"width\":2318,\"height\":957,\"caption\":\"Boutique One Piece\"},\"image\":{\"@id\":\"https:\\\/\\\/boutique-one-piece.com\\\/#\\\/schema\\\/logo\\\/image\\\/\"}}]}<\/script>\n<!-- \/ Yoast SEO plugin. -->","yoast_head_json":{"title":"Peluche Karoo | Negozio One Piece","description":"Scopri il peluche Karoo di One Piece, la fedele compagna di Vivi; \u00e8 tanto morbida quanto carina! Inizia la tua avventura piratesca alla ricerca di One Piece con la ciurma di Cappello di Paglia.","robots":{"index":"index","follow":"follow","max-snippet":"max-snippet:-1","max-image-preview":"max-image-preview:large","max-video-preview":"max-video-preview:-1"},"canonical":"https:\/\/boutique-one-piece.com\/it\/peluche-di-one-piece\/peluche-karoo\/","og_locale":"it_IT","og_type":"article","og_title":"Peluche Karoo | Boutique One Piece","og_description":"D\u00e9couvrez la peluche One Piece Karoo le fid\u00e8le compagnons de Vivi, elle est aussi douce que mignonne ! Commencez votre aventure de pirate \u00e0 la recherche du One Piece dans l'\u00e9quipage du Chapeau de Paille","og_url":"https:\/\/boutique-one-piece.com\/it\/peluche-di-one-piece\/peluche-karoo\/","og_site_name":"Boutique One Piece","article_modified_time":"2026-03-19T21:08:44+00:00","og_image":[{"width":500,"height":500,"url":"https:\/\/boutique-one-piece.com\/wp-content\/uploads\/2022\/09\/Peluche-Karoo.png","type":"image\/png"}],"twitter_card":"summary_large_image","twitter_misc":{"Tempo di lettura stimato":"2 minuti"},"schema":{"@context":"https:\/\/schema.org","@graph":[{"@type":"WebPage","@id":"https:\/\/boutique-one-piece.com\/peluches-one-piece\/peluche-karoo\/","url":"https:\/\/boutique-one-piece.com\/peluches-one-piece\/peluche-karoo\/","name":"Peluche Karoo | Negozio One Piece","isPartOf":{"@id":"https:\/\/boutique-one-piece.com\/#website"},"primaryImageOfPage":{"@id":"https:\/\/boutique-one-piece.com\/peluches-one-piece\/peluche-karoo\/#primaryimage"},"image":{"@id":"https:\/\/boutique-one-piece.com\/peluches-one-piece\/peluche-karoo\/#primaryimage"},"thumbnailUrl":"https:\/\/boutique-one-piece.com\/wp-content\/uploads\/2022\/09\/Peluche-Karoo.png","datePublished":"2022-09-27T20:35:13+00:00","dateModified":"2026-03-19T21:08:44+00:00","description":"Scopri il peluche Karoo di One Piece, la fedele compagna di Vivi; \u00e8 tanto morbida quanto carina! Inizia la tua avventura piratesca alla ricerca di One Piece con la ciurma di Cappello di Paglia.","breadcrumb":{"@id":"https:\/\/boutique-one-piece.com\/peluches-one-piece\/peluche-karoo\/#breadcrumb"},"inLanguage":"it-IT","potentialAction":[{"@type":"ReadAction","target":["https:\/\/boutique-one-piece.com\/peluches-one-piece\/peluche-karoo\/"]}]},{"@type":"ImageObject","inLanguage":"it-IT","@id":"https:\/\/boutique-one-piece.com\/peluches-one-piece\/peluche-karoo\/#primaryimage","url":"https:\/\/boutique-one-piece.com\/wp-content\/uploads\/2022\/09\/Peluche-Karoo.png","contentUrl":"https:\/\/boutique-one-piece.com\/wp-content\/uploads\/2022\/09\/Peluche-Karoo.png","width":500,"height":500,"caption":"Peluche Karoo 30cm"},{"@type":"BreadcrumbList","@id":"https:\/\/boutique-one-piece.com\/peluches-one-piece\/peluche-karoo\/#breadcrumb","itemListElement":[{"@type":"ListItem","position":1,"name":"Home","item":"https:\/\/boutique-one-piece.com\/"},{"@type":"ListItem","position":2,"name":"Shop","item":"https:\/\/boutique-one-piece.com\/shop\/"},{"@type":"ListItem","position":3,"name":"Peluche Karoo"}]},{"@type":"WebSite","@id":"https:\/\/boutique-one-piece.com\/#website","url":"https:\/\/boutique-one-piece.com\/","name":"Negozio One Piece","description":"Negozio specializzato in manga e anime di One Piece","publisher":{"@id":"https:\/\/boutique-one-piece.com\/#organization"},"potentialAction":[{"@type":"SearchAction","target":{"@type":"EntryPoint","urlTemplate":"https:\/\/boutique-one-piece.com\/?s={search_term_string}"},"query-input":{"@type":"PropertyValueSpecification","valueRequired":true,"valueName":"search_term_string"}}],"inLanguage":"it-IT"},{"@type":"Organization","@id":"https:\/\/boutique-one-piece.com\/#organization","name":"Negozio One Piece","url":"https:\/\/boutique-one-piece.com\/","logo":{"@type":"ImageObject","inLanguage":"it-IT","@id":"https:\/\/boutique-one-piece.com\/#\/schema\/logo\/image\/","url":"https:\/\/boutique-one-piece.com\/wp-content\/uploads\/2022\/09\/Logo-01.png","contentUrl":"https:\/\/boutique-one-piece.com\/wp-content\/uploads\/2022\/09\/Logo-01.png","width":2318,"height":957,"caption":"Boutique One Piece"},"image":{"@id":"https:\/\/boutique-one-piece.com\/#\/schema\/logo\/image\/"}}]}},"_links":{"self":[{"href":"https:\/\/boutique-one-piece.com\/it\/wp-json\/wp\/v2\/product\/10566","targetHints":{"allow":["GET"]}}],"collection":[{"href":"https:\/\/boutique-one-piece.com\/it\/wp-json\/wp\/v2\/product"}],"about":[{"href":"https:\/\/boutique-one-piece.com\/it\/wp-json\/wp\/v2\/types\/product"}],"replies":[{"embeddable":true,"href":"https:\/\/boutique-one-piece.com\/it\/wp-json\/wp\/v2\/comments?post=10566"}],"wp:featuredmedia":[{"embeddable":true,"href":"https:\/\/boutique-one-piece.com\/it\/wp-json\/wp\/v2\/media\/10568"}],"wp:attachment":[{"href":"https:\/\/boutique-one-piece.com\/it\/wp-json\/wp\/v2\/media?parent=10566"}],"wp:term":[{"taxonomy":"product_brand","embeddable":true,"href":"https:\/\/boutique-one-piece.com\/it\/wp-json\/wp\/v2\/product_brand?post=10566"},{"taxonomy":"product_cat","embeddable":true,"href":"https:\/\/boutique-one-piece.com\/it\/wp-json\/wp\/v2\/product_cat?post=10566"},{"taxonomy":"product_tag","embeddable":true,"href":"https:\/\/boutique-one-piece.com\/it\/wp-json\/wp\/v2\/product_tag?post=10566"}],"curies":[{"name":"parola chiave","href":"https:\/\/api.w.org\/{rel}","templated":true}]}}