{"id":11129,"date":"2022-09-27T20:38:55","date_gmt":"2022-09-27T20:38:55","guid":{"rendered":"https:\/\/boutique-one-piece.com\/uncategorized\/peluche-luffy\/"},"modified":"2025-10-24T20:20:56","modified_gmt":"2025-10-24T20:20:56","slug":"peluche-di-rufy","status":"publish","type":"product","link":"https:\/\/boutique-one-piece.com\/it\/chicche-di-one-piece\/goodies-monkey-d-luffy-one-piece\/peluche-di-rufy\/","title":{"rendered":"Peluche di Rufy"},"content":{"rendered":"<h2>Jeune pirate, deviens ins\u00e9parable avec le Capitaine de L\u2019\u00c9quipage de Chapeau de Paille. Pour ce faire, procure-toi d\u00e8s maintenant cette Peluche Luffy.<\/h2>\n<p>Luffy n\u2019est plus \u00e0 pr\u00e9senter, mais voici tout de m\u00eame quelques \u00e9l\u00e9ments \u00e0 conna\u00eetre \u00e0 son sujet ;<strong> Monkey D. Rufy<\/strong> est un pirate et le principal protagoniste du manga et anime One Piece. Son r\u00eave le plus cher est de devenir le Seigneur des Pirates en trouvant le tr\u00e9sor l\u00e9gendaire One Piece, cach\u00e9 quelque part dans le monde par Gol D. Roger. Selon lui, \u00eatre le Seigneur des Pirates signifie \u00eatre celui qui jouit d\u2019une libert\u00e9 sans pareille dans le monde.<\/p>\n<p>De plus, en tant que fondateur et Capitaine de l\u2019\u00c9quipage du Chapeau de Paille, il est le premier membre \u00e0 en faire partie, ainsi que l\u2019un des trois combattants les plus forts de ce dernier, s\u2019il n\u2019est le plus fort. C\u2019est \u00e9galement le fondateur involontaire de <strong>La grande flotta di Cappello di Paglia<\/strong>, il refuse cependant d\u2019en \u00eatre le Capitaine, ne d\u00e9sirant pas priver les autres de leur libert\u00e9. D\u2019ailleurs, si tu souhaites agrandir ta collection de peluche, la <a title=\"Peluche cosplay di Chopper Luffy\" href=\"https:\/\/boutique-one-piece.com\/it\/cosplay-di-peluche-di-chopper-luffy\/\" target=\"_blank\" rel=\"noopener\">Cosplay di peluche di Chopper con Rufy<\/a> \u00e8 alla tua portata.<\/p>\n<h3>Fais donc partie de l\u2019Equipage du Capitaine Monkey D. Luffy. Cette peluche \u00e0 son effigie, ne te quittera plus et te suivra dans toutes tes aventures \u00e0 bord du Thousand Sunny.<\/h3>\n<p>Giovane pirata, prendi in mano il tuo destino e imbarcati senza ulteriori indugi a bordo della Thousand Sunny. <strong>Rufy<\/strong> et son \u00e9quipage t\u2019y attendent. N\u2019h\u00e9site plus \u00e0 te replonger encore et encore au sein de ton manga pr\u00e9f\u00e9r\u00e9. Ces objets sont parfaits pour offrir, d\u00e9corer ou encore collectionner. N\u2019attends plus et saisis cette opportunit\u00e9 de pouvoir vivre bien des <strong>avventure senza precedenti<\/strong>.\u00a0<\/p>\n<h2>Informazioni sul peluche di Rufy di One Piece:<\/h2>\n<ul>\n<li>\u00a0<b>Tipo di prodotto<\/b><span>\u00a0<\/span>Peluche manga One Piece<\/li>\n<\/ul>\n<ul>\n<li>\n<b>Utilizzo del Peluce<\/b>\u00a0Giocattoli, decorazioni, oggetti da collezione, regali<\/li>\n<\/ul>\n<ul>\n<li>\n<b>Nome del personaggio<\/b>\u00a0Monkey D. Rufy<\/li>\n<\/ul>\n<ul>\n<li>\n<b>Dimensioni del peluche<\/b>\u00a0: 25 o 30 centimetri<\/li>\n<\/ul>\n<ul>\n<li>\n<b>Questione<\/b>\u00a0: Cotone<\/li>\n<\/ul>\n<ul>\n<li>\n<b>Et\u00e0 consigliata<\/b>\u00a0: pi\u00f9 di 3 anni<\/li>\n<\/ul>\n<ul>\n<li>\n<b>Consegna gratuita<\/b> per qualsiasi acquisto<\/li>\n<\/ul>","protected":false},"excerpt":{"rendered":"<p>Jeune pirate, deviens ins\u00e9parable avec le Capitaine de L\u2019\u00c9quipage de Chapeau de Paille. Pour ce faire, procure-toi d\u00e8s maintenant cette Peluche Luffy. Luffy n\u2019est plus \u00e0 pr\u00e9senter, mais voici tout de m\u00eame quelques \u00e9l\u00e9ments \u00e0 conna\u00eetre \u00e0 son sujet ; Monkey D. Luffy est un pirate et le principal protagoniste du manga et anime One [&hellip;]<\/p>","protected":false},"featured_media":11131,"comment_status":"open","ping_status":"open","template":"","meta":[],"product_brand":[],"product_cat":[80,177],"product_tag":[92],"class_list":{"0":"post-11129","1":"product","2":"type-product","3":"status-publish","4":"has-post-thumbnail","6":"product_cat-goodies-monkey-d-luffy-one-piece","7":"product_cat-peluches-one-piece","8":"product_tag-luffy","10":"first","11":"instock","12":"purchasable","13":"product-type-variable"},"yoast_head":"<!-- This site is optimized with the Yoast SEO plugin v27.5 - https:\/\/yoast.com\/product\/yoast-seo-wordpress\/ -->\n<title>Peluche Luffy | Boutique One Piece<\/title>\n<meta name=\"description\" content=\"D\u00e9couvrez la peluche One Piece Monkey D Luffy, elle est aussi douce que mignonne ! Commencez votre aventure de pirate \u00e0 la recherche du One Piece dans l&#039;\u00e9quipage du Chapeau de Paille\" \/>\n<meta name=\"robots\" content=\"index, follow, max-snippet:-1, max-image-preview:large, max-video-preview:-1\" \/>\n<link rel=\"canonical\" href=\"https:\/\/boutique-one-piece.com\/it\/peluche-di-one-piece\/peluche-di-rufy\/\" \/>\n<meta property=\"og:locale\" content=\"it_IT\" \/>\n<meta property=\"og:type\" content=\"article\" \/>\n<meta property=\"og:title\" content=\"Peluche Luffy | Boutique One Piece\" \/>\n<meta property=\"og:description\" content=\"D\u00e9couvrez la peluche One Piece Monkey D Luffy, elle est aussi douce que mignonne ! Commencez votre aventure de pirate \u00e0 la recherche du One Piece dans l&#039;\u00e9quipage du Chapeau de Paille\" \/>\n<meta property=\"og:url\" content=\"https:\/\/boutique-one-piece.com\/it\/peluche-di-one-piece\/peluche-di-rufy\/\" \/>\n<meta property=\"og:site_name\" content=\"Boutique One Piece\" \/>\n<meta property=\"article:modified_time\" content=\"2025-10-24T20:20:56+00:00\" \/>\n<meta property=\"og:image\" content=\"https:\/\/boutique-one-piece.com\/wp-content\/uploads\/2022\/09\/Peluche-Luffy.png\" \/>\n\t<meta property=\"og:image:width\" content=\"500\" \/>\n\t<meta property=\"og:image:height\" content=\"500\" \/>\n\t<meta property=\"og:image:type\" content=\"image\/png\" \/>\n<meta name=\"twitter:card\" content=\"summary_large_image\" \/>\n<meta name=\"twitter:label1\" content=\"Tempo di lettura stimato\" \/>\n\t<meta name=\"twitter:data1\" content=\"3 minuti\" \/>\n<script type=\"application\/ld+json\" class=\"yoast-schema-graph\">{\"@context\":\"https:\\\/\\\/schema.org\",\"@graph\":[{\"@type\":\"WebPage\",\"@id\":\"https:\\\/\\\/boutique-one-piece.com\\\/peluches-one-piece\\\/peluche-luffy\\\/\",\"url\":\"https:\\\/\\\/boutique-one-piece.com\\\/peluches-one-piece\\\/peluche-luffy\\\/\",\"name\":\"Peluche Luffy | Boutique One Piece\",\"isPartOf\":{\"@id\":\"https:\\\/\\\/boutique-one-piece.com\\\/#website\"},\"primaryImageOfPage\":{\"@id\":\"https:\\\/\\\/boutique-one-piece.com\\\/peluches-one-piece\\\/peluche-luffy\\\/#primaryimage\"},\"image\":{\"@id\":\"https:\\\/\\\/boutique-one-piece.com\\\/peluches-one-piece\\\/peluche-luffy\\\/#primaryimage\"},\"thumbnailUrl\":\"https:\\\/\\\/boutique-one-piece.com\\\/wp-content\\\/uploads\\\/2022\\\/09\\\/Peluche-Luffy.png\",\"datePublished\":\"2022-09-27T20:38:55+00:00\",\"dateModified\":\"2025-10-24T20:20:56+00:00\",\"description\":\"D\u00e9couvrez la peluche One Piece Monkey D Luffy, elle est aussi douce que mignonne ! Commencez votre aventure de pirate \u00e0 la recherche du One Piece dans l'\u00e9quipage du Chapeau de Paille\",\"breadcrumb\":{\"@id\":\"https:\\\/\\\/boutique-one-piece.com\\\/peluches-one-piece\\\/peluche-luffy\\\/#breadcrumb\"},\"inLanguage\":\"it-IT\",\"potentialAction\":[{\"@type\":\"ReadAction\",\"target\":[\"https:\\\/\\\/boutique-one-piece.com\\\/peluches-one-piece\\\/peluche-luffy\\\/\"]}]},{\"@type\":\"ImageObject\",\"inLanguage\":\"it-IT\",\"@id\":\"https:\\\/\\\/boutique-one-piece.com\\\/peluches-one-piece\\\/peluche-luffy\\\/#primaryimage\",\"url\":\"https:\\\/\\\/boutique-one-piece.com\\\/wp-content\\\/uploads\\\/2022\\\/09\\\/Peluche-Luffy.png\",\"contentUrl\":\"https:\\\/\\\/boutique-one-piece.com\\\/wp-content\\\/uploads\\\/2022\\\/09\\\/Peluche-Luffy.png\",\"width\":500,\"height\":500,\"caption\":\"Peluche Luffy 30cm\"},{\"@type\":\"BreadcrumbList\",\"@id\":\"https:\\\/\\\/boutique-one-piece.com\\\/peluches-one-piece\\\/peluche-luffy\\\/#breadcrumb\",\"itemListElement\":[{\"@type\":\"ListItem\",\"position\":1,\"name\":\"Home\",\"item\":\"https:\\\/\\\/boutique-one-piece.com\\\/\"},{\"@type\":\"ListItem\",\"position\":2,\"name\":\"Shop\",\"item\":\"https:\\\/\\\/boutique-one-piece.com\\\/shop\\\/\"},{\"@type\":\"ListItem\",\"position\":3,\"name\":\"Peluche Luffy\"}]},{\"@type\":\"WebSite\",\"@id\":\"https:\\\/\\\/boutique-one-piece.com\\\/#website\",\"url\":\"https:\\\/\\\/boutique-one-piece.com\\\/\",\"name\":\"Boutique One Piece\",\"description\":\"Magasin Sp\u00e9cialis\u00e9 du Manga et l&#039;Anime One Piece\",\"publisher\":{\"@id\":\"https:\\\/\\\/boutique-one-piece.com\\\/#organization\"},\"potentialAction\":[{\"@type\":\"SearchAction\",\"target\":{\"@type\":\"EntryPoint\",\"urlTemplate\":\"https:\\\/\\\/boutique-one-piece.com\\\/?s={search_term_string}\"},\"query-input\":{\"@type\":\"PropertyValueSpecification\",\"valueRequired\":true,\"valueName\":\"search_term_string\"}}],\"inLanguage\":\"it-IT\"},{\"@type\":\"Organization\",\"@id\":\"https:\\\/\\\/boutique-one-piece.com\\\/#organization\",\"name\":\"Boutique One Piece\",\"url\":\"https:\\\/\\\/boutique-one-piece.com\\\/\",\"logo\":{\"@type\":\"ImageObject\",\"inLanguage\":\"it-IT\",\"@id\":\"https:\\\/\\\/boutique-one-piece.com\\\/#\\\/schema\\\/logo\\\/image\\\/\",\"url\":\"https:\\\/\\\/boutique-one-piece.com\\\/wp-content\\\/uploads\\\/2022\\\/09\\\/Logo-01.png\",\"contentUrl\":\"https:\\\/\\\/boutique-one-piece.com\\\/wp-content\\\/uploads\\\/2022\\\/09\\\/Logo-01.png\",\"width\":2318,\"height\":957,\"caption\":\"Boutique One Piece\"},\"image\":{\"@id\":\"https:\\\/\\\/boutique-one-piece.com\\\/#\\\/schema\\\/logo\\\/image\\\/\"}}]}<\/script>\n<!-- \/ Yoast SEO plugin. -->","yoast_head_json":{"title":"Peluche di Rufy | Negozio One Piece","description":"Scopri il peluche di Monkey D. Luffy di One Piece: \u00e8 tanto morbido quanto carino! Inizia la tua avventura piratesca alla ricerca di One Piece con la ciurma di Cappello di Paglia.","robots":{"index":"index","follow":"follow","max-snippet":"max-snippet:-1","max-image-preview":"max-image-preview:large","max-video-preview":"max-video-preview:-1"},"canonical":"https:\/\/boutique-one-piece.com\/it\/peluche-di-one-piece\/peluche-di-rufy\/","og_locale":"it_IT","og_type":"article","og_title":"Peluche Luffy | Boutique One Piece","og_description":"D\u00e9couvrez la peluche One Piece Monkey D Luffy, elle est aussi douce que mignonne ! Commencez votre aventure de pirate \u00e0 la recherche du One Piece dans l'\u00e9quipage du Chapeau de Paille","og_url":"https:\/\/boutique-one-piece.com\/it\/peluche-di-one-piece\/peluche-di-rufy\/","og_site_name":"Boutique One Piece","article_modified_time":"2025-10-24T20:20:56+00:00","og_image":[{"width":500,"height":500,"url":"https:\/\/boutique-one-piece.com\/wp-content\/uploads\/2022\/09\/Peluche-Luffy.png","type":"image\/png"}],"twitter_card":"summary_large_image","twitter_misc":{"Tempo di lettura stimato":"3 minuti"},"schema":{"@context":"https:\/\/schema.org","@graph":[{"@type":"WebPage","@id":"https:\/\/boutique-one-piece.com\/peluches-one-piece\/peluche-luffy\/","url":"https:\/\/boutique-one-piece.com\/peluches-one-piece\/peluche-luffy\/","name":"Peluche di Rufy | Negozio One Piece","isPartOf":{"@id":"https:\/\/boutique-one-piece.com\/#website"},"primaryImageOfPage":{"@id":"https:\/\/boutique-one-piece.com\/peluches-one-piece\/peluche-luffy\/#primaryimage"},"image":{"@id":"https:\/\/boutique-one-piece.com\/peluches-one-piece\/peluche-luffy\/#primaryimage"},"thumbnailUrl":"https:\/\/boutique-one-piece.com\/wp-content\/uploads\/2022\/09\/Peluche-Luffy.png","datePublished":"2022-09-27T20:38:55+00:00","dateModified":"2025-10-24T20:20:56+00:00","description":"Scopri il peluche di Monkey D. Luffy di One Piece: \u00e8 tanto morbido quanto carino! Inizia la tua avventura piratesca alla ricerca di One Piece con la ciurma di Cappello di Paglia.","breadcrumb":{"@id":"https:\/\/boutique-one-piece.com\/peluches-one-piece\/peluche-luffy\/#breadcrumb"},"inLanguage":"it-IT","potentialAction":[{"@type":"ReadAction","target":["https:\/\/boutique-one-piece.com\/peluches-one-piece\/peluche-luffy\/"]}]},{"@type":"ImageObject","inLanguage":"it-IT","@id":"https:\/\/boutique-one-piece.com\/peluches-one-piece\/peluche-luffy\/#primaryimage","url":"https:\/\/boutique-one-piece.com\/wp-content\/uploads\/2022\/09\/Peluche-Luffy.png","contentUrl":"https:\/\/boutique-one-piece.com\/wp-content\/uploads\/2022\/09\/Peluche-Luffy.png","width":500,"height":500,"caption":"Peluche Luffy 30cm"},{"@type":"BreadcrumbList","@id":"https:\/\/boutique-one-piece.com\/peluches-one-piece\/peluche-luffy\/#breadcrumb","itemListElement":[{"@type":"ListItem","position":1,"name":"Home","item":"https:\/\/boutique-one-piece.com\/"},{"@type":"ListItem","position":2,"name":"Shop","item":"https:\/\/boutique-one-piece.com\/shop\/"},{"@type":"ListItem","position":3,"name":"Peluche Luffy"}]},{"@type":"WebSite","@id":"https:\/\/boutique-one-piece.com\/#website","url":"https:\/\/boutique-one-piece.com\/","name":"Negozio One Piece","description":"Negozio specializzato in manga e anime di One Piece","publisher":{"@id":"https:\/\/boutique-one-piece.com\/#organization"},"potentialAction":[{"@type":"SearchAction","target":{"@type":"EntryPoint","urlTemplate":"https:\/\/boutique-one-piece.com\/?s={search_term_string}"},"query-input":{"@type":"PropertyValueSpecification","valueRequired":true,"valueName":"search_term_string"}}],"inLanguage":"it-IT"},{"@type":"Organization","@id":"https:\/\/boutique-one-piece.com\/#organization","name":"Negozio One Piece","url":"https:\/\/boutique-one-piece.com\/","logo":{"@type":"ImageObject","inLanguage":"it-IT","@id":"https:\/\/boutique-one-piece.com\/#\/schema\/logo\/image\/","url":"https:\/\/boutique-one-piece.com\/wp-content\/uploads\/2022\/09\/Logo-01.png","contentUrl":"https:\/\/boutique-one-piece.com\/wp-content\/uploads\/2022\/09\/Logo-01.png","width":2318,"height":957,"caption":"Boutique One Piece"},"image":{"@id":"https:\/\/boutique-one-piece.com\/#\/schema\/logo\/image\/"}}]}},"_links":{"self":[{"href":"https:\/\/boutique-one-piece.com\/it\/wp-json\/wp\/v2\/product\/11129","targetHints":{"allow":["GET"]}}],"collection":[{"href":"https:\/\/boutique-one-piece.com\/it\/wp-json\/wp\/v2\/product"}],"about":[{"href":"https:\/\/boutique-one-piece.com\/it\/wp-json\/wp\/v2\/types\/product"}],"replies":[{"embeddable":true,"href":"https:\/\/boutique-one-piece.com\/it\/wp-json\/wp\/v2\/comments?post=11129"}],"wp:featuredmedia":[{"embeddable":true,"href":"https:\/\/boutique-one-piece.com\/it\/wp-json\/wp\/v2\/media\/11131"}],"wp:attachment":[{"href":"https:\/\/boutique-one-piece.com\/it\/wp-json\/wp\/v2\/media?parent=11129"}],"wp:term":[{"taxonomy":"product_brand","embeddable":true,"href":"https:\/\/boutique-one-piece.com\/it\/wp-json\/wp\/v2\/product_brand?post=11129"},{"taxonomy":"product_cat","embeddable":true,"href":"https:\/\/boutique-one-piece.com\/it\/wp-json\/wp\/v2\/product_cat?post=11129"},{"taxonomy":"product_tag","embeddable":true,"href":"https:\/\/boutique-one-piece.com\/it\/wp-json\/wp\/v2\/product_tag?post=11129"}],"curies":[{"name":"parola chiave","href":"https:\/\/api.w.org\/{rel}","templated":true}]}}