{"id":11336,"date":"2022-09-27T20:40:23","date_gmt":"2022-09-27T20:40:23","guid":{"rendered":"https:\/\/boutique-one-piece.com\/uncategorized\/drapeau-equipage-du-roux\/"},"modified":"2024-09-16T12:28:05","modified_gmt":"2024-09-16T12:28:05","slug":"bandiera-dellequipaggio-del-rosso","status":"publish","type":"product","link":"https:\/\/boutique-one-piece.com\/it\/decorazioni-di-one-piece\/bandiere-di-one-piece\/bandiera-dellequipaggio-del-rosso\/","title":{"rendered":"Bandiera dell&#039;equipaggio di Roux"},"content":{"rendered":"<h2>Giovane pirata, scegli questa bandiera dell&#039;equipaggio dai capelli rossi.<\/h2>\n<p>En faisant ce choix, tu es d\u00e9sormais un membre de l\u2019\u00c9quipage du Roux. Cet \u00e9quipage est un des plus puissants \u00e9quipages pirates qui r\u00e8gnent sur le Nouveau Monde. Il est dirig\u00e9 par <strong>Capitano Shanks il Rosso<\/strong>, qui figure parmi les Quatre Empereurs. C\u2019est d\u2019ailleurs cet \u00e9quipage qui a influenc\u00e9 indirectement deux membres de L\u2019\u00c9quipage du Chapeau de Paille \u00e0 devenir pirates : Monkey D. Luffy et Usopp.<\/p>\n<p>Per quanto riguarda il <strong>bandiera<\/strong> de l\u2019\u00e9quipage du Roux, il se caract\u00e9rise par une t\u00eate de mort compos\u00e9e de trois cicatrices sur l\u0092\u009cil gauche. Les tibias que l\u2019on trouve classiquement derri\u00e8re le cr\u00e2ne sont ici remplac\u00e9s par des sabres formant une croix. Cette caract\u00e9ristique est sans doute voulue pour mettre en avant la comp\u00e9tence du capitaine Shanks dans l\u2019escrime. D\u2019ailleurs, si tu souhaites changer d\u2019\u00e9quipage, il est encore temps, le <a title=\"BANDIERA DELL&#039;EQUIPAGGIO DI CAPPELLI DI PAGLIA\" href=\"https:\/\/boutique-one-piece.com\/it\/drapeau-equipage-du-chapeau-de-paille\/\" target=\"_blank\" rel=\"noopener\">drapeau de l\u2019\u00e9quipage au Chapeau de Paille<\/a> \u00e8 alla tua portata.<\/p>\n<h3>Alors, conquis par l\u2019un des \u00e9quipages les plus puissants ? Si oui, n\u2019h\u00e9site plus et rejoins le capitaine Shanks. Bien des aventures t\u2019attendent \u00e0 ses c\u00f4t\u00e9s.<\/h3>\n<p><strong>Un pezzo<\/strong> \u00e8 il manga pi\u00f9 venduto al mondo. Se sei un fan sfegatato, sei nel posto giusto. Qui troverai tutti gli oggetti leggendari che ti trasporteranno in questo universo di avventure emozionanti. Sta a te prendere il controllo del tuo destino. <strong>giovane pirata<\/strong> entre tes mains. Le One Piece n\u2019attend que toi.<\/p>\n<h2>Informations sur le Drapeau de l\u2019\u00c9quipage de Shanks le ROux :<\/h2>\n<ul>\n<li>\n<strong><u>Bandiera di One Piece<\/u><\/strong>\u00a0Una vera bandiera pirata di One Piece per i veri fan<\/li>\n<\/ul>\n<ul>\n<li>\n<strong>Stampa di alta qualit\u00e0<\/strong>\u00a0colori accurati<\/li>\n<\/ul>\n<ul>\n<li>\n<strong>Questione<\/strong> Poliestere<\/li>\n<\/ul>\n<ul>\n<li>\n<strong>Dimensione<\/strong>\u00a0: 70 cm X 125 cm<\/li>\n<\/ul>\n<ul>\n<li>\n<strong>Peso<\/strong> : 100 gr<\/li>\n<\/ul>\n<ul>\n<li><strong>CONSEGNA GRATUITA<\/strong><\/li>\n<\/ul>","protected":false},"excerpt":{"rendered":"<p>Jeune pirate, fais le choix de ce Drapeau \u00c9quipage du Roux. En faisant ce choix, tu es d\u00e9sormais un membre de l\u2019\u00c9quipage du Roux. Cet \u00e9quipage est un des plus puissants \u00e9quipages pirates qui r\u00e8gnent sur le Nouveau Monde. Il est dirig\u00e9 par le capitaine Shanks le Roux, qui figure parmi les Quatre Empereurs. C\u2019est [&hellip;]<\/p>","protected":false},"featured_media":11338,"comment_status":"open","ping_status":"open","template":"","meta":[],"product_brand":[],"product_cat":[212],"product_tag":[127],"class_list":{"0":"post-11336","1":"product","2":"type-product","3":"status-publish","4":"has-post-thumbnail","6":"product_cat-drapeaux-one-piece","7":"product_tag-shanks","9":"first","10":"instock","11":"purchasable","12":"product-type-simple"},"yoast_head":"<!-- This site is optimized with the Yoast SEO plugin v27.5 - https:\/\/yoast.com\/product\/yoast-seo-wordpress\/ -->\n<title>Drapeau \u00c9quipage du Roux | Boutique One Piece<\/title>\n<meta name=\"description\" content=\"D\u00e9couvrez le Drapeau One Piece Shanks le Roux, d\u00e9corez votre pi\u00e8ce en portant les couleurs de Shanks ! Commencez votre aventure recherche du One Piece dans l&#039;\u00e9quipage du Roux\" \/>\n<meta name=\"robots\" content=\"index, follow, max-snippet:-1, max-image-preview:large, max-video-preview:-1\" \/>\n<link rel=\"canonical\" href=\"https:\/\/boutique-one-piece.com\/it\/decorazioni-di-one-piece\/bandiere-di-one-piece\/bandiera-dellequipaggio-del-rosso\/\" \/>\n<meta property=\"og:locale\" content=\"it_IT\" \/>\n<meta property=\"og:type\" content=\"article\" \/>\n<meta property=\"og:title\" content=\"Drapeau \u00c9quipage du Roux | Boutique One Piece\" \/>\n<meta property=\"og:description\" content=\"D\u00e9couvrez le Drapeau One Piece Shanks le Roux, d\u00e9corez votre pi\u00e8ce en portant les couleurs de Shanks ! Commencez votre aventure recherche du One Piece dans l&#039;\u00e9quipage du Roux\" \/>\n<meta property=\"og:url\" content=\"https:\/\/boutique-one-piece.com\/it\/decorazioni-di-one-piece\/bandiere-di-one-piece\/bandiera-dellequipaggio-del-rosso\/\" \/>\n<meta property=\"og:site_name\" content=\"Boutique One Piece\" \/>\n<meta property=\"article:modified_time\" content=\"2024-09-16T12:28:05+00:00\" \/>\n<meta property=\"og:image\" content=\"https:\/\/boutique-one-piece.com\/wp-content\/uploads\/2022\/09\/Drapeau-Equipage-du-Roux-1.jpg\" \/>\n\t<meta property=\"og:image:width\" content=\"800\" \/>\n\t<meta property=\"og:image:height\" content=\"800\" \/>\n\t<meta property=\"og:image:type\" content=\"image\/jpeg\" \/>\n<meta name=\"twitter:card\" content=\"summary_large_image\" \/>\n<meta name=\"twitter:label1\" content=\"Tempo di lettura stimato\" \/>\n\t<meta name=\"twitter:data1\" content=\"2 minuti\" \/>\n<script type=\"application\/ld+json\" class=\"yoast-schema-graph\">{\"@context\":\"https:\\\/\\\/schema.org\",\"@graph\":[{\"@type\":\"WebPage\",\"@id\":\"https:\\\/\\\/boutique-one-piece.com\\\/decorations-one-piece\\\/drapeaux-one-piece\\\/drapeau-equipage-du-roux\\\/\",\"url\":\"https:\\\/\\\/boutique-one-piece.com\\\/decorations-one-piece\\\/drapeaux-one-piece\\\/drapeau-equipage-du-roux\\\/\",\"name\":\"Drapeau \u00c9quipage du Roux | Boutique One Piece\",\"isPartOf\":{\"@id\":\"https:\\\/\\\/boutique-one-piece.com\\\/#website\"},\"primaryImageOfPage\":{\"@id\":\"https:\\\/\\\/boutique-one-piece.com\\\/decorations-one-piece\\\/drapeaux-one-piece\\\/drapeau-equipage-du-roux\\\/#primaryimage\"},\"image\":{\"@id\":\"https:\\\/\\\/boutique-one-piece.com\\\/decorations-one-piece\\\/drapeaux-one-piece\\\/drapeau-equipage-du-roux\\\/#primaryimage\"},\"thumbnailUrl\":\"https:\\\/\\\/boutique-one-piece.com\\\/wp-content\\\/uploads\\\/2022\\\/09\\\/Drapeau-Equipage-du-Roux-1.jpg\",\"datePublished\":\"2022-09-27T20:40:23+00:00\",\"dateModified\":\"2024-09-16T12:28:05+00:00\",\"description\":\"D\u00e9couvrez le Drapeau One Piece Shanks le Roux, d\u00e9corez votre pi\u00e8ce en portant les couleurs de Shanks ! Commencez votre aventure recherche du One Piece dans l'\u00e9quipage du Roux\",\"breadcrumb\":{\"@id\":\"https:\\\/\\\/boutique-one-piece.com\\\/decorations-one-piece\\\/drapeaux-one-piece\\\/drapeau-equipage-du-roux\\\/#breadcrumb\"},\"inLanguage\":\"it-IT\",\"potentialAction\":[{\"@type\":\"ReadAction\",\"target\":[\"https:\\\/\\\/boutique-one-piece.com\\\/decorations-one-piece\\\/drapeaux-one-piece\\\/drapeau-equipage-du-roux\\\/\"]}]},{\"@type\":\"ImageObject\",\"inLanguage\":\"it-IT\",\"@id\":\"https:\\\/\\\/boutique-one-piece.com\\\/decorations-one-piece\\\/drapeaux-one-piece\\\/drapeau-equipage-du-roux\\\/#primaryimage\",\"url\":\"https:\\\/\\\/boutique-one-piece.com\\\/wp-content\\\/uploads\\\/2022\\\/09\\\/Drapeau-Equipage-du-Roux-1.jpg\",\"contentUrl\":\"https:\\\/\\\/boutique-one-piece.com\\\/wp-content\\\/uploads\\\/2022\\\/09\\\/Drapeau-Equipage-du-Roux-1.jpg\",\"width\":800,\"height\":800},{\"@type\":\"BreadcrumbList\",\"@id\":\"https:\\\/\\\/boutique-one-piece.com\\\/decorations-one-piece\\\/drapeaux-one-piece\\\/drapeau-equipage-du-roux\\\/#breadcrumb\",\"itemListElement\":[{\"@type\":\"ListItem\",\"position\":1,\"name\":\"Home\",\"item\":\"https:\\\/\\\/boutique-one-piece.com\\\/\"},{\"@type\":\"ListItem\",\"position\":2,\"name\":\"Shop\",\"item\":\"https:\\\/\\\/boutique-one-piece.com\\\/shop\\\/\"},{\"@type\":\"ListItem\",\"position\":3,\"name\":\"Drapeau \u00c9quipage du Roux\"}]},{\"@type\":\"WebSite\",\"@id\":\"https:\\\/\\\/boutique-one-piece.com\\\/#website\",\"url\":\"https:\\\/\\\/boutique-one-piece.com\\\/\",\"name\":\"Boutique One Piece\",\"description\":\"Magasin Sp\u00e9cialis\u00e9 du Manga et l&#039;Anime One Piece\",\"publisher\":{\"@id\":\"https:\\\/\\\/boutique-one-piece.com\\\/#organization\"},\"potentialAction\":[{\"@type\":\"SearchAction\",\"target\":{\"@type\":\"EntryPoint\",\"urlTemplate\":\"https:\\\/\\\/boutique-one-piece.com\\\/?s={search_term_string}\"},\"query-input\":{\"@type\":\"PropertyValueSpecification\",\"valueRequired\":true,\"valueName\":\"search_term_string\"}}],\"inLanguage\":\"it-IT\"},{\"@type\":\"Organization\",\"@id\":\"https:\\\/\\\/boutique-one-piece.com\\\/#organization\",\"name\":\"Boutique One Piece\",\"url\":\"https:\\\/\\\/boutique-one-piece.com\\\/\",\"logo\":{\"@type\":\"ImageObject\",\"inLanguage\":\"it-IT\",\"@id\":\"https:\\\/\\\/boutique-one-piece.com\\\/#\\\/schema\\\/logo\\\/image\\\/\",\"url\":\"https:\\\/\\\/boutique-one-piece.com\\\/wp-content\\\/uploads\\\/2022\\\/09\\\/Logo-01.png\",\"contentUrl\":\"https:\\\/\\\/boutique-one-piece.com\\\/wp-content\\\/uploads\\\/2022\\\/09\\\/Logo-01.png\",\"width\":2318,\"height\":957,\"caption\":\"Boutique One Piece\"},\"image\":{\"@id\":\"https:\\\/\\\/boutique-one-piece.com\\\/#\\\/schema\\\/logo\\\/image\\\/\"}}]}<\/script>\n<!-- \/ Yoast SEO plugin. -->","yoast_head_json":{"title":"Bandiera dei pirati dai capelli rossi | One Piece Shop","description":"Scopri la bandiera rossa di Shanks in One Piece, decora la tua stanza con i colori di Shanks! Inizia la tua avventura alla ricerca di One Piece con i pirati dai capelli rossi.","robots":{"index":"index","follow":"follow","max-snippet":"max-snippet:-1","max-image-preview":"max-image-preview:large","max-video-preview":"max-video-preview:-1"},"canonical":"https:\/\/boutique-one-piece.com\/it\/decorazioni-di-one-piece\/bandiere-di-one-piece\/bandiera-dellequipaggio-del-rosso\/","og_locale":"it_IT","og_type":"article","og_title":"Drapeau \u00c9quipage du Roux | Boutique One Piece","og_description":"D\u00e9couvrez le Drapeau One Piece Shanks le Roux, d\u00e9corez votre pi\u00e8ce en portant les couleurs de Shanks ! Commencez votre aventure recherche du One Piece dans l'\u00e9quipage du Roux","og_url":"https:\/\/boutique-one-piece.com\/it\/decorazioni-di-one-piece\/bandiere-di-one-piece\/bandiera-dellequipaggio-del-rosso\/","og_site_name":"Boutique One Piece","article_modified_time":"2024-09-16T12:28:05+00:00","og_image":[{"width":800,"height":800,"url":"https:\/\/boutique-one-piece.com\/wp-content\/uploads\/2022\/09\/Drapeau-Equipage-du-Roux-1.jpg","type":"image\/jpeg"}],"twitter_card":"summary_large_image","twitter_misc":{"Tempo di lettura stimato":"2 minuti"},"schema":{"@context":"https:\/\/schema.org","@graph":[{"@type":"WebPage","@id":"https:\/\/boutique-one-piece.com\/decorations-one-piece\/drapeaux-one-piece\/drapeau-equipage-du-roux\/","url":"https:\/\/boutique-one-piece.com\/decorations-one-piece\/drapeaux-one-piece\/drapeau-equipage-du-roux\/","name":"Bandiera dei pirati dai capelli rossi | One Piece Shop","isPartOf":{"@id":"https:\/\/boutique-one-piece.com\/#website"},"primaryImageOfPage":{"@id":"https:\/\/boutique-one-piece.com\/decorations-one-piece\/drapeaux-one-piece\/drapeau-equipage-du-roux\/#primaryimage"},"image":{"@id":"https:\/\/boutique-one-piece.com\/decorations-one-piece\/drapeaux-one-piece\/drapeau-equipage-du-roux\/#primaryimage"},"thumbnailUrl":"https:\/\/boutique-one-piece.com\/wp-content\/uploads\/2022\/09\/Drapeau-Equipage-du-Roux-1.jpg","datePublished":"2022-09-27T20:40:23+00:00","dateModified":"2024-09-16T12:28:05+00:00","description":"Scopri la bandiera rossa di Shanks in One Piece, decora la tua stanza con i colori di Shanks! Inizia la tua avventura alla ricerca di One Piece con i pirati dai capelli rossi.","breadcrumb":{"@id":"https:\/\/boutique-one-piece.com\/decorations-one-piece\/drapeaux-one-piece\/drapeau-equipage-du-roux\/#breadcrumb"},"inLanguage":"it-IT","potentialAction":[{"@type":"ReadAction","target":["https:\/\/boutique-one-piece.com\/decorations-one-piece\/drapeaux-one-piece\/drapeau-equipage-du-roux\/"]}]},{"@type":"ImageObject","inLanguage":"it-IT","@id":"https:\/\/boutique-one-piece.com\/decorations-one-piece\/drapeaux-one-piece\/drapeau-equipage-du-roux\/#primaryimage","url":"https:\/\/boutique-one-piece.com\/wp-content\/uploads\/2022\/09\/Drapeau-Equipage-du-Roux-1.jpg","contentUrl":"https:\/\/boutique-one-piece.com\/wp-content\/uploads\/2022\/09\/Drapeau-Equipage-du-Roux-1.jpg","width":800,"height":800},{"@type":"BreadcrumbList","@id":"https:\/\/boutique-one-piece.com\/decorations-one-piece\/drapeaux-one-piece\/drapeau-equipage-du-roux\/#breadcrumb","itemListElement":[{"@type":"ListItem","position":1,"name":"Home","item":"https:\/\/boutique-one-piece.com\/"},{"@type":"ListItem","position":2,"name":"Shop","item":"https:\/\/boutique-one-piece.com\/shop\/"},{"@type":"ListItem","position":3,"name":"Drapeau \u00c9quipage du Roux"}]},{"@type":"WebSite","@id":"https:\/\/boutique-one-piece.com\/#website","url":"https:\/\/boutique-one-piece.com\/","name":"Negozio One Piece","description":"Negozio specializzato in manga e anime di One Piece","publisher":{"@id":"https:\/\/boutique-one-piece.com\/#organization"},"potentialAction":[{"@type":"SearchAction","target":{"@type":"EntryPoint","urlTemplate":"https:\/\/boutique-one-piece.com\/?s={search_term_string}"},"query-input":{"@type":"PropertyValueSpecification","valueRequired":true,"valueName":"search_term_string"}}],"inLanguage":"it-IT"},{"@type":"Organization","@id":"https:\/\/boutique-one-piece.com\/#organization","name":"Negozio One Piece","url":"https:\/\/boutique-one-piece.com\/","logo":{"@type":"ImageObject","inLanguage":"it-IT","@id":"https:\/\/boutique-one-piece.com\/#\/schema\/logo\/image\/","url":"https:\/\/boutique-one-piece.com\/wp-content\/uploads\/2022\/09\/Logo-01.png","contentUrl":"https:\/\/boutique-one-piece.com\/wp-content\/uploads\/2022\/09\/Logo-01.png","width":2318,"height":957,"caption":"Boutique One Piece"},"image":{"@id":"https:\/\/boutique-one-piece.com\/#\/schema\/logo\/image\/"}}]}},"_links":{"self":[{"href":"https:\/\/boutique-one-piece.com\/it\/wp-json\/wp\/v2\/product\/11336","targetHints":{"allow":["GET"]}}],"collection":[{"href":"https:\/\/boutique-one-piece.com\/it\/wp-json\/wp\/v2\/product"}],"about":[{"href":"https:\/\/boutique-one-piece.com\/it\/wp-json\/wp\/v2\/types\/product"}],"replies":[{"embeddable":true,"href":"https:\/\/boutique-one-piece.com\/it\/wp-json\/wp\/v2\/comments?post=11336"}],"wp:featuredmedia":[{"embeddable":true,"href":"https:\/\/boutique-one-piece.com\/it\/wp-json\/wp\/v2\/media\/11338"}],"wp:attachment":[{"href":"https:\/\/boutique-one-piece.com\/it\/wp-json\/wp\/v2\/media?parent=11336"}],"wp:term":[{"taxonomy":"product_brand","embeddable":true,"href":"https:\/\/boutique-one-piece.com\/it\/wp-json\/wp\/v2\/product_brand?post=11336"},{"taxonomy":"product_cat","embeddable":true,"href":"https:\/\/boutique-one-piece.com\/it\/wp-json\/wp\/v2\/product_cat?post=11336"},{"taxonomy":"product_tag","embeddable":true,"href":"https:\/\/boutique-one-piece.com\/it\/wp-json\/wp\/v2\/product_tag?post=11336"}],"curies":[{"name":"parola chiave","href":"https:\/\/api.w.org\/{rel}","templated":true}]}}