{"id":11408,"date":"2022-09-27T20:41:01","date_gmt":"2022-09-27T20:41:01","guid":{"rendered":"https:\/\/boutique-one-piece.com\/uncategorized\/figurine-chopper-le-roi-des-animaux\/"},"modified":"2024-09-16T12:29:36","modified_gmt":"2024-09-16T12:29:36","slug":"figurina-di-chopper-il-re-degli-animali","status":"publish","type":"product","link":"https:\/\/boutique-one-piece.com\/it\/chicche-di-one-piece\/tony-goodies-tony-chopper-one-piece\/figurina-di-chopper-il-re-degli-animali\/","title":{"rendered":"Figurina Chopper il re degli animali"},"content":{"rendered":"<h2>Giovane pirata, \u00e8 giunto il momento di procurarti questa statuetta di Chopper, il re degli animali.<\/h2>\n<p>Ricordiamo che Tony Tony Chopper \u00e8 il medico della Ciurma di Cappello di Paglia. <strong>Chopper<\/strong> \u00c8 una renna che ha mangiato l&#039;Hito Hito no Mi, trasformandosi cos\u00ec in un essere umano. \u00c8 originario dell&#039;Isola di Drum, il che lo rende il primo membro della ciurma di Cappello di Paglia ad essere nato l\u00ec. <strong>La strada di tutti i pericoli<\/strong>.<\/p>\n<p>\u00c8 il sesto membro dell&#039;equipaggio e il quinto ad unirsi. Mentre la sua taglia prima del salto temporale era di sole 50 bacche, \u00e8 semplicemente raddoppiata a 100 bacche dopo gli eventi di Dressrosa, rendendola la taglia pi\u00f9 bassa della serie.<\/p>\n<p>Questa bassa taglia \u00e8 spiegata dal fatto che la Marina lo considera il beniamino dell&#039;equipaggio. Inoltre, se ti piace questo personaggio, il <a title=\"FIGURA CARINA DI CHOPPER DI ONE PIECE\" href=\"https:\/\/boutique-one-piece.com\/it\/figurina-carina-di-chopper-in-un-unico-pezzo\/\" target=\"_blank\" rel=\"noopener\">La statuetta di Chopper \u00e8 troppo &quot;carina&quot;\u00ab<\/a> \u00e8 alla tua portata.<\/p>\n<h3>Allora, la statuetta di Chopper ti ha conquistato? Se s\u00ec, unisciti al medico della ciurma di Cappello di Paglia. Tante avventure ti aspettano a bordo della Thousand Sunny.<\/h3>\n<p><strong>Giovane pirata<\/strong>, Non cercare oltre. Questi oggetti leggendari sono sicuramente ci\u00f2 che fa per te. Perfetti da collezionare, regalare o decorare, questi oggetti amplieranno il tuo universo di One Piece. Quindi non aspettare oltre e cogli l&#039;occasione per trovare... <strong>Tesoro di One Piece<\/strong> insieme a Rufy e al suo equipaggio.<\/p>\n<h2>Informazioni sulla statuetta Chopper il Re degli Animali\u00a0<\/h2>\n<ul>\n<li><span><b><u>Figurina di One Piece<\/u><\/b>\u00a0Statuetta One Piece premium per veri pirati<\/span><\/li>\n<\/ul>\n<ul>\n<li>\n<b>Questione<\/b><span>\u00a0<\/span>PVC<\/li>\n<\/ul>\n<ul>\n<li><span><strong>Dimensione<\/strong>\u00a0: 10 centimetri<\/span><\/li>\n<\/ul>\n<ul>\n<li><span><strong>CONSEGNA GRATUITA<\/strong><\/span><\/li>\n<\/ul>","protected":false},"excerpt":{"rendered":"<p>Giovane pirata, \u00e8 giunto il momento di mettere le mani su questa statuetta di Chopper, il Re degli Animali. Ricordiamo che Tony Tony Chopper \u00e8 il medico della Ciurma di Cappello di Paglia. Chopper \u00e8 una renna che ha mangiato l&#039;Hito Hito no Mi, che gli ha permesso di trasformarsi in un essere umano. \u00c8 originario di [\u2026]<\/p>","protected":false},"featured_media":11410,"comment_status":"open","ping_status":"open","template":"","meta":[],"product_brand":[],"product_cat":[76,333,163],"product_tag":[165],"class_list":{"0":"post-11408","1":"product","2":"type-product","3":"status-publish","4":"has-post-thumbnail","6":"product_cat-figurines-one-piece","7":"product_cat-figurines-tony-chopper","8":"product_cat-goodies-tony-tony-chopper-one-piece","9":"product_tag-chopper","11":"first","12":"instock","13":"purchasable","14":"product-type-simple"},"yoast_head":"<!-- This site is optimized with the Yoast SEO plugin v27.5 - https:\/\/yoast.com\/product\/yoast-seo-wordpress\/ -->\n<title>Figurine Chopper Le Roi Des Animaux | Figurine One Piece \u2013 Boutique One Piece<\/title>\n<meta name=\"description\" content=\"Jeune pirate, le moment est venu pour toi de te procurer cette Figurine Chopper Le Roi Des Animaux. Pour rappel, Tony Tony Chopper est le docteur de l&#039;\u00c9quipage du Chapeau de Paille. Chopper est un renne qui a mang\u00e9 le Hito Hito no Mi, lui permettant de se transformer en humain. Il est originaire de l&#039;\u00cele de Drum, ce qu\" \/>\n<meta name=\"robots\" content=\"index, follow, max-snippet:-1, max-image-preview:large, max-video-preview:-1\" \/>\n<link rel=\"canonical\" href=\"https:\/\/boutique-one-piece.com\/it\/figurine-di-one-piece\/figurine-di-tony-chopper\/figurina-di-chopper-il-re-degli-animali\/\" \/>\n<meta property=\"og:locale\" content=\"it_IT\" \/>\n<meta property=\"og:type\" content=\"article\" \/>\n<meta property=\"og:title\" content=\"Figurine Chopper Le Roi Des Animaux | Figurine One Piece \u2013 Boutique One Piece\" \/>\n<meta property=\"og:description\" content=\"Jeune pirate, le moment est venu pour toi de te procurer cette Figurine Chopper Le Roi Des Animaux. Pour rappel, Tony Tony Chopper est le docteur de l&#039;\u00c9quipage du Chapeau de Paille. Chopper est un renne qui a mang\u00e9 le Hito Hito no Mi, lui permettant de se transformer en humain. Il est originaire de l&#039;\u00cele de Drum, ce qu\" \/>\n<meta property=\"og:url\" content=\"https:\/\/boutique-one-piece.com\/it\/figurine-di-one-piece\/figurine-di-tony-chopper\/figurina-di-chopper-il-re-degli-animali\/\" \/>\n<meta property=\"og:site_name\" content=\"Boutique One Piece\" \/>\n<meta property=\"article:modified_time\" content=\"2024-09-16T12:29:36+00:00\" \/>\n<meta property=\"og:image\" content=\"https:\/\/boutique-one-piece.com\/wp-content\/uploads\/2022\/09\/Figurine-Chopper-Le-Roi-Des-Animaux.jpg\" \/>\n\t<meta property=\"og:image:width\" content=\"640\" \/>\n\t<meta property=\"og:image:height\" content=\"640\" \/>\n\t<meta property=\"og:image:type\" content=\"image\/jpeg\" \/>\n<meta name=\"twitter:card\" content=\"summary_large_image\" \/>\n<meta name=\"twitter:label1\" content=\"Tempo di lettura stimato\" \/>\n\t<meta name=\"twitter:data1\" content=\"1 minuto\" \/>\n<script type=\"application\/ld+json\" class=\"yoast-schema-graph\">{\"@context\":\"https:\\\/\\\/schema.org\",\"@graph\":[{\"@type\":\"WebPage\",\"@id\":\"https:\\\/\\\/boutique-one-piece.com\\\/figurines-one-piece\\\/figurines-tony-chopper\\\/figurine-chopper-le-roi-des-animaux\\\/\",\"url\":\"https:\\\/\\\/boutique-one-piece.com\\\/figurines-one-piece\\\/figurines-tony-chopper\\\/figurine-chopper-le-roi-des-animaux\\\/\",\"name\":\"Figurine Chopper Le Roi Des Animaux | Figurine One Piece \u2013 Boutique One Piece\",\"isPartOf\":{\"@id\":\"https:\\\/\\\/boutique-one-piece.com\\\/#website\"},\"primaryImageOfPage\":{\"@id\":\"https:\\\/\\\/boutique-one-piece.com\\\/figurines-one-piece\\\/figurines-tony-chopper\\\/figurine-chopper-le-roi-des-animaux\\\/#primaryimage\"},\"image\":{\"@id\":\"https:\\\/\\\/boutique-one-piece.com\\\/figurines-one-piece\\\/figurines-tony-chopper\\\/figurine-chopper-le-roi-des-animaux\\\/#primaryimage\"},\"thumbnailUrl\":\"https:\\\/\\\/boutique-one-piece.com\\\/wp-content\\\/uploads\\\/2022\\\/09\\\/Figurine-Chopper-Le-Roi-Des-Animaux.jpg\",\"datePublished\":\"2022-09-27T20:41:01+00:00\",\"dateModified\":\"2024-09-16T12:29:36+00:00\",\"description\":\"Jeune pirate, le moment est venu pour toi de te procurer cette Figurine Chopper Le Roi Des Animaux. Pour rappel, Tony Tony Chopper est le docteur de l'\u00c9quipage du Chapeau de Paille. Chopper est un renne qui a mang\u00e9 le Hito Hito no Mi, lui permettant de se transformer en humain. Il est originaire de l'\u00cele de Drum, ce qu\",\"breadcrumb\":{\"@id\":\"https:\\\/\\\/boutique-one-piece.com\\\/figurines-one-piece\\\/figurines-tony-chopper\\\/figurine-chopper-le-roi-des-animaux\\\/#breadcrumb\"},\"inLanguage\":\"it-IT\",\"potentialAction\":[{\"@type\":\"ReadAction\",\"target\":[\"https:\\\/\\\/boutique-one-piece.com\\\/figurines-one-piece\\\/figurines-tony-chopper\\\/figurine-chopper-le-roi-des-animaux\\\/\"]}]},{\"@type\":\"ImageObject\",\"inLanguage\":\"it-IT\",\"@id\":\"https:\\\/\\\/boutique-one-piece.com\\\/figurines-one-piece\\\/figurines-tony-chopper\\\/figurine-chopper-le-roi-des-animaux\\\/#primaryimage\",\"url\":\"https:\\\/\\\/boutique-one-piece.com\\\/wp-content\\\/uploads\\\/2022\\\/09\\\/Figurine-Chopper-Le-Roi-Des-Animaux.jpg\",\"contentUrl\":\"https:\\\/\\\/boutique-one-piece.com\\\/wp-content\\\/uploads\\\/2022\\\/09\\\/Figurine-Chopper-Le-Roi-Des-Animaux.jpg\",\"width\":640,\"height\":640,\"caption\":\"Figurine Chopper Le Roi Des Animaux 4 in box\"},{\"@type\":\"BreadcrumbList\",\"@id\":\"https:\\\/\\\/boutique-one-piece.com\\\/figurines-one-piece\\\/figurines-tony-chopper\\\/figurine-chopper-le-roi-des-animaux\\\/#breadcrumb\",\"itemListElement\":[{\"@type\":\"ListItem\",\"position\":1,\"name\":\"Home\",\"item\":\"https:\\\/\\\/boutique-one-piece.com\\\/\"},{\"@type\":\"ListItem\",\"position\":2,\"name\":\"Shop\",\"item\":\"https:\\\/\\\/boutique-one-piece.com\\\/shop\\\/\"},{\"@type\":\"ListItem\",\"position\":3,\"name\":\"Figurine Chopper Le Roi Des Animaux\"}]},{\"@type\":\"WebSite\",\"@id\":\"https:\\\/\\\/boutique-one-piece.com\\\/#website\",\"url\":\"https:\\\/\\\/boutique-one-piece.com\\\/\",\"name\":\"Boutique One Piece\",\"description\":\"Magasin Sp\u00e9cialis\u00e9 du Manga et l&#039;Anime One Piece\",\"publisher\":{\"@id\":\"https:\\\/\\\/boutique-one-piece.com\\\/#organization\"},\"potentialAction\":[{\"@type\":\"SearchAction\",\"target\":{\"@type\":\"EntryPoint\",\"urlTemplate\":\"https:\\\/\\\/boutique-one-piece.com\\\/?s={search_term_string}\"},\"query-input\":{\"@type\":\"PropertyValueSpecification\",\"valueRequired\":true,\"valueName\":\"search_term_string\"}}],\"inLanguage\":\"it-IT\"},{\"@type\":\"Organization\",\"@id\":\"https:\\\/\\\/boutique-one-piece.com\\\/#organization\",\"name\":\"Boutique One Piece\",\"url\":\"https:\\\/\\\/boutique-one-piece.com\\\/\",\"logo\":{\"@type\":\"ImageObject\",\"inLanguage\":\"it-IT\",\"@id\":\"https:\\\/\\\/boutique-one-piece.com\\\/#\\\/schema\\\/logo\\\/image\\\/\",\"url\":\"https:\\\/\\\/boutique-one-piece.com\\\/wp-content\\\/uploads\\\/2022\\\/09\\\/Logo-01.png\",\"contentUrl\":\"https:\\\/\\\/boutique-one-piece.com\\\/wp-content\\\/uploads\\\/2022\\\/09\\\/Logo-01.png\",\"width\":2318,\"height\":957,\"caption\":\"Boutique One Piece\"},\"image\":{\"@id\":\"https:\\\/\\\/boutique-one-piece.com\\\/#\\\/schema\\\/logo\\\/image\\\/\"}}]}<\/script>\n<!-- \/ Yoast SEO plugin. -->","yoast_head_json":{"title":"Figurina di Chopper il Re degli Animali | Figurina di One Piece \u2013 Negozio One Piece","description":"Giovane pirata, \u00e8 giunto il momento di mettere le mani su questa statuetta di Chopper, il Re degli Animali. Ricordiamo che Tony Tony Chopper \u00e8 il medico della Ciurma di Cappello di Paglia. Chopper \u00e8 una renna che ha mangiato l&#039;Hito Hito no Mi, che gli ha permesso di trasformarsi in un essere umano. Proviene dall&#039;Isola di Drum, che","robots":{"index":"index","follow":"follow","max-snippet":"max-snippet:-1","max-image-preview":"max-image-preview:large","max-video-preview":"max-video-preview:-1"},"canonical":"https:\/\/boutique-one-piece.com\/it\/figurine-di-one-piece\/figurine-di-tony-chopper\/figurina-di-chopper-il-re-degli-animali\/","og_locale":"it_IT","og_type":"article","og_title":"Figurine Chopper Le Roi Des Animaux | Figurine One Piece \u2013 Boutique One Piece","og_description":"Jeune pirate, le moment est venu pour toi de te procurer cette Figurine Chopper Le Roi Des Animaux. Pour rappel, Tony Tony Chopper est le docteur de l'\u00c9quipage du Chapeau de Paille. Chopper est un renne qui a mang\u00e9 le Hito Hito no Mi, lui permettant de se transformer en humain. Il est originaire de l'\u00cele de Drum, ce qu","og_url":"https:\/\/boutique-one-piece.com\/it\/figurine-di-one-piece\/figurine-di-tony-chopper\/figurina-di-chopper-il-re-degli-animali\/","og_site_name":"Boutique One Piece","article_modified_time":"2024-09-16T12:29:36+00:00","og_image":[{"width":640,"height":640,"url":"https:\/\/boutique-one-piece.com\/wp-content\/uploads\/2022\/09\/Figurine-Chopper-Le-Roi-Des-Animaux.jpg","type":"image\/jpeg"}],"twitter_card":"summary_large_image","twitter_misc":{"Tempo di lettura stimato":"1 minuto"},"schema":{"@context":"https:\/\/schema.org","@graph":[{"@type":"WebPage","@id":"https:\/\/boutique-one-piece.com\/figurines-one-piece\/figurines-tony-chopper\/figurine-chopper-le-roi-des-animaux\/","url":"https:\/\/boutique-one-piece.com\/figurines-one-piece\/figurines-tony-chopper\/figurine-chopper-le-roi-des-animaux\/","name":"Figurina di Chopper il Re degli Animali | Figurina di One Piece \u2013 Negozio One Piece","isPartOf":{"@id":"https:\/\/boutique-one-piece.com\/#website"},"primaryImageOfPage":{"@id":"https:\/\/boutique-one-piece.com\/figurines-one-piece\/figurines-tony-chopper\/figurine-chopper-le-roi-des-animaux\/#primaryimage"},"image":{"@id":"https:\/\/boutique-one-piece.com\/figurines-one-piece\/figurines-tony-chopper\/figurine-chopper-le-roi-des-animaux\/#primaryimage"},"thumbnailUrl":"https:\/\/boutique-one-piece.com\/wp-content\/uploads\/2022\/09\/Figurine-Chopper-Le-Roi-Des-Animaux.jpg","datePublished":"2022-09-27T20:41:01+00:00","dateModified":"2024-09-16T12:29:36+00:00","description":"Giovane pirata, \u00e8 giunto il momento di mettere le mani su questa statuetta di Chopper, il Re degli Animali. Ricordiamo che Tony Tony Chopper \u00e8 il medico della Ciurma di Cappello di Paglia. Chopper \u00e8 una renna che ha mangiato l&#039;Hito Hito no Mi, che gli ha permesso di trasformarsi in un essere umano. Proviene dall&#039;Isola di Drum, che","breadcrumb":{"@id":"https:\/\/boutique-one-piece.com\/figurines-one-piece\/figurines-tony-chopper\/figurine-chopper-le-roi-des-animaux\/#breadcrumb"},"inLanguage":"it-IT","potentialAction":[{"@type":"ReadAction","target":["https:\/\/boutique-one-piece.com\/figurines-one-piece\/figurines-tony-chopper\/figurine-chopper-le-roi-des-animaux\/"]}]},{"@type":"ImageObject","inLanguage":"it-IT","@id":"https:\/\/boutique-one-piece.com\/figurines-one-piece\/figurines-tony-chopper\/figurine-chopper-le-roi-des-animaux\/#primaryimage","url":"https:\/\/boutique-one-piece.com\/wp-content\/uploads\/2022\/09\/Figurine-Chopper-Le-Roi-Des-Animaux.jpg","contentUrl":"https:\/\/boutique-one-piece.com\/wp-content\/uploads\/2022\/09\/Figurine-Chopper-Le-Roi-Des-Animaux.jpg","width":640,"height":640,"caption":"Figurine Chopper Le Roi Des Animaux 4 in box"},{"@type":"BreadcrumbList","@id":"https:\/\/boutique-one-piece.com\/figurines-one-piece\/figurines-tony-chopper\/figurine-chopper-le-roi-des-animaux\/#breadcrumb","itemListElement":[{"@type":"ListItem","position":1,"name":"Home","item":"https:\/\/boutique-one-piece.com\/"},{"@type":"ListItem","position":2,"name":"Shop","item":"https:\/\/boutique-one-piece.com\/shop\/"},{"@type":"ListItem","position":3,"name":"Figurine Chopper Le Roi Des Animaux"}]},{"@type":"WebSite","@id":"https:\/\/boutique-one-piece.com\/#website","url":"https:\/\/boutique-one-piece.com\/","name":"Negozio One Piece","description":"Negozio specializzato in manga e anime di One Piece","publisher":{"@id":"https:\/\/boutique-one-piece.com\/#organization"},"potentialAction":[{"@type":"SearchAction","target":{"@type":"EntryPoint","urlTemplate":"https:\/\/boutique-one-piece.com\/?s={search_term_string}"},"query-input":{"@type":"PropertyValueSpecification","valueRequired":true,"valueName":"search_term_string"}}],"inLanguage":"it-IT"},{"@type":"Organization","@id":"https:\/\/boutique-one-piece.com\/#organization","name":"Negozio One Piece","url":"https:\/\/boutique-one-piece.com\/","logo":{"@type":"ImageObject","inLanguage":"it-IT","@id":"https:\/\/boutique-one-piece.com\/#\/schema\/logo\/image\/","url":"https:\/\/boutique-one-piece.com\/wp-content\/uploads\/2022\/09\/Logo-01.png","contentUrl":"https:\/\/boutique-one-piece.com\/wp-content\/uploads\/2022\/09\/Logo-01.png","width":2318,"height":957,"caption":"Boutique One Piece"},"image":{"@id":"https:\/\/boutique-one-piece.com\/#\/schema\/logo\/image\/"}}]}},"_links":{"self":[{"href":"https:\/\/boutique-one-piece.com\/it\/wp-json\/wp\/v2\/product\/11408","targetHints":{"allow":["GET"]}}],"collection":[{"href":"https:\/\/boutique-one-piece.com\/it\/wp-json\/wp\/v2\/product"}],"about":[{"href":"https:\/\/boutique-one-piece.com\/it\/wp-json\/wp\/v2\/types\/product"}],"replies":[{"embeddable":true,"href":"https:\/\/boutique-one-piece.com\/it\/wp-json\/wp\/v2\/comments?post=11408"}],"wp:featuredmedia":[{"embeddable":true,"href":"https:\/\/boutique-one-piece.com\/it\/wp-json\/wp\/v2\/media\/11410"}],"wp:attachment":[{"href":"https:\/\/boutique-one-piece.com\/it\/wp-json\/wp\/v2\/media?parent=11408"}],"wp:term":[{"taxonomy":"product_brand","embeddable":true,"href":"https:\/\/boutique-one-piece.com\/it\/wp-json\/wp\/v2\/product_brand?post=11408"},{"taxonomy":"product_cat","embeddable":true,"href":"https:\/\/boutique-one-piece.com\/it\/wp-json\/wp\/v2\/product_cat?post=11408"},{"taxonomy":"product_tag","embeddable":true,"href":"https:\/\/boutique-one-piece.com\/it\/wp-json\/wp\/v2\/product_tag?post=11408"}],"curies":[{"name":"parola chiave","href":"https:\/\/api.w.org\/{rel}","templated":true}]}}