{"id":11465,"date":"2022-09-27T20:41:29","date_gmt":"2022-09-27T20:41:29","guid":{"rendered":"https:\/\/boutique-one-piece.com\/uncategorized\/sweat-one-piece-luffy-au-chapeau-de-paille-1\/"},"modified":"2024-09-16T12:31:47","modified_gmt":"2024-09-16T12:31:47","slug":"felpa-con-cappello-di-paglia-di-luffy-di-one-piece-1","status":"publish","type":"product","link":"https:\/\/boutique-one-piece.com\/it\/vestiti-one-piece\/felpe-intere\/felpa-con-cappello-di-paglia-di-luffy-di-one-piece-1\/","title":{"rendered":"Felpa Capitan Rufy di One Piece"},"content":{"rendered":"<p><meta charset=\"utf-8\"><\/p>\n<h2>Felpa con cappuccio a maniche lunghe di One Piece raffigurante Monkey D. Rufy, capitano della ciurma di Cappello di Paglia! Una felpa di qualit\u00e0 per un pirata come te!<\/h2>\n<p>Se sei un\u00a0<strong>vero pirata<\/strong>, Apprezzerai il\u00a0<strong>qualit\u00e0<\/strong>\u00a0tessuto e\u00a0<strong>Stampa 3D su tela<\/strong>\u00a0di questo<span>\u00a0<\/span><strong>Felpa One Piece<\/strong>\u00a0Ma la cosa pi\u00f9 importante, con questo\u00a0<strong>felpa stampata<\/strong>\u00a0questo perch\u00e9 farai parte di\u00a0<strong>la troupe dei fan<\/strong>\u00a0Di\u00a0<strong>manga pirata<\/strong>\u00a0e otterrai:<\/p>\n<ul>\n<li>\u00a0<strong>Ammirazione<\/strong>\u00a0di tutti i fan di\u00a0<strong>l&#039;universo<\/strong>\u00a0del\u00a0<strong>licenza<\/strong>\u00a0Di\u00a0<strong>manga<\/strong>\u00a0che incontrerai<\/li>\n<\/ul>\n<ul>\n<li>Un vero\u00a0<strong>felpa<\/strong>\u00a0con cui puoi\u00a0<strong>condividere<\/strong>\u00a0tuo\u00a0<strong>passione<\/strong>\u00a0Per\u00a0<strong>Un pezzo<\/strong>\n<\/li>\n<\/ul>\n<p>Quindi, pronto per indossare il\u00a0<strong>colori\u00a0<\/strong>Di<strong>\u00a0<\/strong>tuo<strong>\u00a0manga preferito<\/strong>\u00a0?<\/p>\n<h2>Sei un fan del manga o dell&#039;anime One Piece? Mostralo con questa felpa di One Piece!<\/h2>\n<p>Se tu\u00a0<strong>Leggere<\/strong>\u00a0o ovunque tu guardi\u00a0\u00a0<strong>anime giapponese<\/strong>, Ci sono buone probabilit\u00e0 che tu sia diventato\u00a0<strong>pazzo di One Piece<\/strong>\u00a0Con questo!\u00a0<strong>Felpa in un unico pezzo<span>\u00a0Capitano Rufy<\/span><\/strong>, unisciti al\u2019<strong>gruppo di fan del franchise<\/strong><\/p>\n<p>Questo\u00a0<strong>Felpa\u00a0<\/strong>\u00a0\u00e8 disponibile in\u00a0<strong>Nero<\/strong>\u00a0E\u00a0<strong>Bianco,<\/strong>\u00a0nelle dimensioni\u00a0<strong>XXS<\/strong>,\u00a0<strong>Taglia XS<\/strong>,\u00a0<strong>S<\/strong>,<strong>\u00a0M<\/strong>,<strong>\u00a0L<\/strong>,\u00a0<strong>XL<\/strong>,\u00a0<strong>XXL<\/strong>,\u00a0<strong>3XL<\/strong>,\u00a0<strong>4XL<\/strong>\u00a0Adatto a tutte le categorie di pirati.,\u00a0<strong>Uomo<\/strong>\u00a0O\u00a0<strong>donne<\/strong>, anche se non hai\u00a0<strong>spada<\/strong>\u00a0O\u00a0<strong>frutto del diavolo<\/strong>\u00a0Puoi ancora indossarlo con orgoglio.<\/p>\n<h2>Informazioni sulla felpa:\u00a0<\/h2>\n<ul>\n<li>\n<strong>Felpa monopezzo di qualit\u00e0 premium\u00a0<\/strong>: ha un<span>\u00a0<\/span><strong>alta grammatura<\/strong><span>\u00a0<\/span>con materiali di qualit\u00e0<\/li>\n<\/ul>\n<ul>\n<li>\n<strong>Grande flessibilit\u00e0\u00a0<\/strong>: grazie alla sua composizione, non<span>\u00a0<\/span><strong>accartocciato<\/strong><span>\u00a0<\/span>non<\/li>\n<\/ul>\n<ul>\n<li>\n<strong>Molto comodo\u00a0<\/strong>: con<span>\u00a0<\/span>il suo<span>\u00a0<\/span><strong>fibre<\/strong><span>\u00a0<\/span>Di<span>\u00a0<\/span><strong>cotone<\/strong><span>\u00a0<\/span>Grande<span>\u00a0<\/span><strong>morbido<\/strong>, non c&#039;\u00e8<span>\u00a0<\/span><strong>attrito<\/strong>\n<\/li>\n<\/ul>\n<ul>\n<li>Stampa digitale 3D, design originale<\/li>\n<\/ul>\n<ul>\n<li>\n<strong>cotone biologico\u00a0<\/strong>cotone<span>\u00a0<\/span><strong>alta qualit\u00e0<\/strong>\u00a0con<span>\u00a0<\/span><strong>fibre<\/strong><span>\u00a0<\/span>extra<span>\u00a0<\/span><strong>lungo<\/strong>\n<\/li>\n<\/ul>\n<ul>\n<li>\n<strong>Consegna gratuita\u00a0<\/strong>per qualsiasi acquisto<strong>\u00a0<\/strong>\n<\/li>\n<\/ul>\n<p><strong>Non dimenticare di dare un&#039;occhiata alla guida alle taglie qui sotto.<\/strong><\/p>\n<h2><img decoding=\"async\" src=\"https:\/\/cdn.shopify.com\/s\/files\/1\/0087\/7556\/5348\/files\/boutque_one_piece_tableau__taille_sweat_large.jpg?v=1559846386\" alt=\"Guida alle taglie delle felpe One Piece\"><\/h2>\n<h3>Istruzioni per il lavaggio:<\/h3>\n<ul>\n<li>Lavare in lavatrice a 30\u00b0C, ciclo delicato<\/li>\n<\/ul>\n<ul>\n<li>Stirare sul retro<\/li>\n<\/ul>\n<p>Per<span>\u00a0<\/span><strong>preservare la qualit\u00e0<\/strong><span>\u00a0<\/span>di questo<span>\u00a0<strong>felpa<\/strong><\/span><strong>\u00a0Un pezzo<\/strong>, ti consigliamo di<span>\u00a0<\/span><strong>rispetto<\/strong><span>\u00a0<\/span>IL<span>\u00a0<\/span><strong>istruzioni per il lavaggio<\/strong>.<\/p>","protected":false},"excerpt":{"rendered":"<p>Felpa con cappuccio a maniche lunghe di One Piece raffigurante Monkey D. Rufy, Capitano della Ciurma di Cappello di Paglia! Una felpa di qualit\u00e0 per un pirata come te! Se sei un vero pirata, apprezzerai la qualit\u00e0 del tessuto e la stampa 3D su tela di questa felpa con cappuccio di One Piece! Ma soprattutto, con questa felpa con cappuccio stampata, farai parte della ciurma di fan dei manga pirata e otterrai: L&#039;ammirazione di [\u2026]<\/p>","protected":false},"featured_media":11467,"comment_status":"open","ping_status":"open","template":"","meta":[],"product_brand":[],"product_cat":[149,54],"product_tag":[92],"class_list":{"0":"post-11465","1":"product","2":"type-product","3":"status-publish","4":"has-post-thumbnail","6":"product_cat-sweats-one-piece","7":"product_cat-vetements-one-piece","8":"product_tag-luffy","10":"first","11":"instock","12":"purchasable","13":"product-type-variable","14":"has-default-attributes"},"yoast_head":"<!-- This site is optimized with the Yoast SEO plugin v27.5 - https:\/\/yoast.com\/product\/yoast-seo-wordpress\/ -->\n<title>Sweat One Piece Luffy Capitaine | Boutique One Piece<\/title>\n<meta name=\"description\" content=\"Sweat \u00e0 Capuche One Piece avec Monkey D. Luffy Capitaine de Mugiwara en Noir et en Blanc de Haute Qualit\u00e9 Porte les couleurs de la Licence de ton Mange pr\u00e9f\u00e9r\u00e9\" \/>\n<meta name=\"robots\" content=\"index, follow, max-snippet:-1, max-image-preview:large, max-video-preview:-1\" \/>\n<link rel=\"canonical\" href=\"https:\/\/boutique-one-piece.com\/it\/vestiti-one-piece\/felpe-intere\/felpa-con-cappello-di-paglia-di-luffy-di-one-piece-1\/\" \/>\n<meta property=\"og:locale\" content=\"it_IT\" \/>\n<meta property=\"og:type\" content=\"article\" \/>\n<meta property=\"og:title\" content=\"Sweat One Piece Luffy Capitaine | Boutique One Piece\" \/>\n<meta property=\"og:description\" content=\"Sweat \u00e0 Capuche One Piece avec Monkey D. Luffy Capitaine de Mugiwara en Noir et en Blanc de Haute Qualit\u00e9 Porte les couleurs de la Licence de ton Mange pr\u00e9f\u00e9r\u00e9\" \/>\n<meta property=\"og:url\" content=\"https:\/\/boutique-one-piece.com\/it\/vestiti-one-piece\/felpe-intere\/felpa-con-cappello-di-paglia-di-luffy-di-one-piece-1\/\" \/>\n<meta property=\"og:site_name\" content=\"Boutique One Piece\" \/>\n<meta property=\"article:modified_time\" content=\"2024-09-16T12:31:47+00:00\" \/>\n<meta property=\"og:image\" content=\"https:\/\/boutique-one-piece.com\/wp-content\/uploads\/2022\/09\/Sweat-One-Piece-Luffy-Capitaine.jpg\" \/>\n\t<meta property=\"og:image:width\" content=\"640\" \/>\n\t<meta property=\"og:image:height\" content=\"640\" \/>\n\t<meta property=\"og:image:type\" content=\"image\/jpeg\" \/>\n<meta name=\"twitter:card\" content=\"summary_large_image\" \/>\n<meta name=\"twitter:label1\" content=\"Tempo di lettura stimato\" \/>\n\t<meta name=\"twitter:data1\" content=\"2 minuti\" \/>\n<script type=\"application\/ld+json\" class=\"yoast-schema-graph\">{\"@context\":\"https:\\\/\\\/schema.org\",\"@graph\":[{\"@type\":\"WebPage\",\"@id\":\"https:\\\/\\\/boutique-one-piece.com\\\/vetements-one-piece\\\/sweats-one-piece\\\/sweat-one-piece-luffy-au-chapeau-de-paille-1\\\/\",\"url\":\"https:\\\/\\\/boutique-one-piece.com\\\/vetements-one-piece\\\/sweats-one-piece\\\/sweat-one-piece-luffy-au-chapeau-de-paille-1\\\/\",\"name\":\"Sweat One Piece Luffy Capitaine | Boutique One Piece\",\"isPartOf\":{\"@id\":\"https:\\\/\\\/boutique-one-piece.com\\\/#website\"},\"primaryImageOfPage\":{\"@id\":\"https:\\\/\\\/boutique-one-piece.com\\\/vetements-one-piece\\\/sweats-one-piece\\\/sweat-one-piece-luffy-au-chapeau-de-paille-1\\\/#primaryimage\"},\"image\":{\"@id\":\"https:\\\/\\\/boutique-one-piece.com\\\/vetements-one-piece\\\/sweats-one-piece\\\/sweat-one-piece-luffy-au-chapeau-de-paille-1\\\/#primaryimage\"},\"thumbnailUrl\":\"https:\\\/\\\/boutique-one-piece.com\\\/wp-content\\\/uploads\\\/2022\\\/09\\\/Sweat-One-Piece-Luffy-Capitaine.jpg\",\"datePublished\":\"2022-09-27T20:41:29+00:00\",\"dateModified\":\"2024-09-16T12:31:47+00:00\",\"description\":\"Sweat \u00e0 Capuche One Piece avec Monkey D. Luffy Capitaine de Mugiwara en Noir et en Blanc de Haute Qualit\u00e9 Porte les couleurs de la Licence de ton Mange pr\u00e9f\u00e9r\u00e9\",\"breadcrumb\":{\"@id\":\"https:\\\/\\\/boutique-one-piece.com\\\/vetements-one-piece\\\/sweats-one-piece\\\/sweat-one-piece-luffy-au-chapeau-de-paille-1\\\/#breadcrumb\"},\"inLanguage\":\"it-IT\",\"potentialAction\":[{\"@type\":\"ReadAction\",\"target\":[\"https:\\\/\\\/boutique-one-piece.com\\\/vetements-one-piece\\\/sweats-one-piece\\\/sweat-one-piece-luffy-au-chapeau-de-paille-1\\\/\"]}]},{\"@type\":\"ImageObject\",\"inLanguage\":\"it-IT\",\"@id\":\"https:\\\/\\\/boutique-one-piece.com\\\/vetements-one-piece\\\/sweats-one-piece\\\/sweat-one-piece-luffy-au-chapeau-de-paille-1\\\/#primaryimage\",\"url\":\"https:\\\/\\\/boutique-one-piece.com\\\/wp-content\\\/uploads\\\/2022\\\/09\\\/Sweat-One-Piece-Luffy-Capitaine.jpg\",\"contentUrl\":\"https:\\\/\\\/boutique-one-piece.com\\\/wp-content\\\/uploads\\\/2022\\\/09\\\/Sweat-One-Piece-Luffy-Capitaine.jpg\",\"width\":640,\"height\":640,\"caption\":\"Sweat One Piece Luffy Capitaine Noir 4XL\"},{\"@type\":\"BreadcrumbList\",\"@id\":\"https:\\\/\\\/boutique-one-piece.com\\\/vetements-one-piece\\\/sweats-one-piece\\\/sweat-one-piece-luffy-au-chapeau-de-paille-1\\\/#breadcrumb\",\"itemListElement\":[{\"@type\":\"ListItem\",\"position\":1,\"name\":\"Home\",\"item\":\"https:\\\/\\\/boutique-one-piece.com\\\/\"},{\"@type\":\"ListItem\",\"position\":2,\"name\":\"Shop\",\"item\":\"https:\\\/\\\/boutique-one-piece.com\\\/shop\\\/\"},{\"@type\":\"ListItem\",\"position\":3,\"name\":\"Sweat One Piece Luffy Capitaine\"}]},{\"@type\":\"WebSite\",\"@id\":\"https:\\\/\\\/boutique-one-piece.com\\\/#website\",\"url\":\"https:\\\/\\\/boutique-one-piece.com\\\/\",\"name\":\"Boutique One Piece\",\"description\":\"Magasin Sp\u00e9cialis\u00e9 du Manga et l&#039;Anime One Piece\",\"publisher\":{\"@id\":\"https:\\\/\\\/boutique-one-piece.com\\\/#organization\"},\"potentialAction\":[{\"@type\":\"SearchAction\",\"target\":{\"@type\":\"EntryPoint\",\"urlTemplate\":\"https:\\\/\\\/boutique-one-piece.com\\\/?s={search_term_string}\"},\"query-input\":{\"@type\":\"PropertyValueSpecification\",\"valueRequired\":true,\"valueName\":\"search_term_string\"}}],\"inLanguage\":\"it-IT\"},{\"@type\":\"Organization\",\"@id\":\"https:\\\/\\\/boutique-one-piece.com\\\/#organization\",\"name\":\"Boutique One Piece\",\"url\":\"https:\\\/\\\/boutique-one-piece.com\\\/\",\"logo\":{\"@type\":\"ImageObject\",\"inLanguage\":\"it-IT\",\"@id\":\"https:\\\/\\\/boutique-one-piece.com\\\/#\\\/schema\\\/logo\\\/image\\\/\",\"url\":\"https:\\\/\\\/boutique-one-piece.com\\\/wp-content\\\/uploads\\\/2022\\\/09\\\/Logo-01.png\",\"contentUrl\":\"https:\\\/\\\/boutique-one-piece.com\\\/wp-content\\\/uploads\\\/2022\\\/09\\\/Logo-01.png\",\"width\":2318,\"height\":957,\"caption\":\"Boutique One Piece\"},\"image\":{\"@id\":\"https:\\\/\\\/boutique-one-piece.com\\\/#\\\/schema\\\/logo\\\/image\\\/\"}}]}<\/script>\n<!-- \/ Yoast SEO plugin. -->","yoast_head_json":{"title":"Felpa Capitan Luffy di One Piece | Negozio One Piece","description":"Felpa con cappuccio One Piece raffigurante Monkey D. Luffy, capitano dei Pirati di Cappello di Paglia, in bianco e nero. Alta qualit\u00e0. Mostra il tuo supporto per il tuo manga preferito!","robots":{"index":"index","follow":"follow","max-snippet":"max-snippet:-1","max-image-preview":"max-image-preview:large","max-video-preview":"max-video-preview:-1"},"canonical":"https:\/\/boutique-one-piece.com\/it\/vestiti-one-piece\/felpe-intere\/felpa-con-cappello-di-paglia-di-luffy-di-one-piece-1\/","og_locale":"it_IT","og_type":"article","og_title":"Sweat One Piece Luffy Capitaine | Boutique One Piece","og_description":"Sweat \u00e0 Capuche One Piece avec Monkey D. Luffy Capitaine de Mugiwara en Noir et en Blanc de Haute Qualit\u00e9 Porte les couleurs de la Licence de ton Mange pr\u00e9f\u00e9r\u00e9","og_url":"https:\/\/boutique-one-piece.com\/it\/vestiti-one-piece\/felpe-intere\/felpa-con-cappello-di-paglia-di-luffy-di-one-piece-1\/","og_site_name":"Boutique One Piece","article_modified_time":"2024-09-16T12:31:47+00:00","og_image":[{"width":640,"height":640,"url":"https:\/\/boutique-one-piece.com\/wp-content\/uploads\/2022\/09\/Sweat-One-Piece-Luffy-Capitaine.jpg","type":"image\/jpeg"}],"twitter_card":"summary_large_image","twitter_misc":{"Tempo di lettura stimato":"2 minuti"},"schema":{"@context":"https:\/\/schema.org","@graph":[{"@type":"WebPage","@id":"https:\/\/boutique-one-piece.com\/vetements-one-piece\/sweats-one-piece\/sweat-one-piece-luffy-au-chapeau-de-paille-1\/","url":"https:\/\/boutique-one-piece.com\/vetements-one-piece\/sweats-one-piece\/sweat-one-piece-luffy-au-chapeau-de-paille-1\/","name":"Felpa Capitan Luffy di One Piece | Negozio One Piece","isPartOf":{"@id":"https:\/\/boutique-one-piece.com\/#website"},"primaryImageOfPage":{"@id":"https:\/\/boutique-one-piece.com\/vetements-one-piece\/sweats-one-piece\/sweat-one-piece-luffy-au-chapeau-de-paille-1\/#primaryimage"},"image":{"@id":"https:\/\/boutique-one-piece.com\/vetements-one-piece\/sweats-one-piece\/sweat-one-piece-luffy-au-chapeau-de-paille-1\/#primaryimage"},"thumbnailUrl":"https:\/\/boutique-one-piece.com\/wp-content\/uploads\/2022\/09\/Sweat-One-Piece-Luffy-Capitaine.jpg","datePublished":"2022-09-27T20:41:29+00:00","dateModified":"2024-09-16T12:31:47+00:00","description":"Felpa con cappuccio One Piece raffigurante Monkey D. Luffy, capitano dei Pirati di Cappello di Paglia, in bianco e nero. Alta qualit\u00e0. Mostra il tuo supporto per il tuo manga preferito!","breadcrumb":{"@id":"https:\/\/boutique-one-piece.com\/vetements-one-piece\/sweats-one-piece\/sweat-one-piece-luffy-au-chapeau-de-paille-1\/#breadcrumb"},"inLanguage":"it-IT","potentialAction":[{"@type":"ReadAction","target":["https:\/\/boutique-one-piece.com\/vetements-one-piece\/sweats-one-piece\/sweat-one-piece-luffy-au-chapeau-de-paille-1\/"]}]},{"@type":"ImageObject","inLanguage":"it-IT","@id":"https:\/\/boutique-one-piece.com\/vetements-one-piece\/sweats-one-piece\/sweat-one-piece-luffy-au-chapeau-de-paille-1\/#primaryimage","url":"https:\/\/boutique-one-piece.com\/wp-content\/uploads\/2022\/09\/Sweat-One-Piece-Luffy-Capitaine.jpg","contentUrl":"https:\/\/boutique-one-piece.com\/wp-content\/uploads\/2022\/09\/Sweat-One-Piece-Luffy-Capitaine.jpg","width":640,"height":640,"caption":"Sweat One Piece Luffy Capitaine Noir 4XL"},{"@type":"BreadcrumbList","@id":"https:\/\/boutique-one-piece.com\/vetements-one-piece\/sweats-one-piece\/sweat-one-piece-luffy-au-chapeau-de-paille-1\/#breadcrumb","itemListElement":[{"@type":"ListItem","position":1,"name":"Home","item":"https:\/\/boutique-one-piece.com\/"},{"@type":"ListItem","position":2,"name":"Shop","item":"https:\/\/boutique-one-piece.com\/shop\/"},{"@type":"ListItem","position":3,"name":"Sweat One Piece Luffy Capitaine"}]},{"@type":"WebSite","@id":"https:\/\/boutique-one-piece.com\/#website","url":"https:\/\/boutique-one-piece.com\/","name":"Negozio One Piece","description":"Negozio specializzato in manga e anime di One Piece","publisher":{"@id":"https:\/\/boutique-one-piece.com\/#organization"},"potentialAction":[{"@type":"SearchAction","target":{"@type":"EntryPoint","urlTemplate":"https:\/\/boutique-one-piece.com\/?s={search_term_string}"},"query-input":{"@type":"PropertyValueSpecification","valueRequired":true,"valueName":"search_term_string"}}],"inLanguage":"it-IT"},{"@type":"Organization","@id":"https:\/\/boutique-one-piece.com\/#organization","name":"Negozio One Piece","url":"https:\/\/boutique-one-piece.com\/","logo":{"@type":"ImageObject","inLanguage":"it-IT","@id":"https:\/\/boutique-one-piece.com\/#\/schema\/logo\/image\/","url":"https:\/\/boutique-one-piece.com\/wp-content\/uploads\/2022\/09\/Logo-01.png","contentUrl":"https:\/\/boutique-one-piece.com\/wp-content\/uploads\/2022\/09\/Logo-01.png","width":2318,"height":957,"caption":"Boutique One Piece"},"image":{"@id":"https:\/\/boutique-one-piece.com\/#\/schema\/logo\/image\/"}}]}},"_links":{"self":[{"href":"https:\/\/boutique-one-piece.com\/it\/wp-json\/wp\/v2\/product\/11465","targetHints":{"allow":["GET"]}}],"collection":[{"href":"https:\/\/boutique-one-piece.com\/it\/wp-json\/wp\/v2\/product"}],"about":[{"href":"https:\/\/boutique-one-piece.com\/it\/wp-json\/wp\/v2\/types\/product"}],"replies":[{"embeddable":true,"href":"https:\/\/boutique-one-piece.com\/it\/wp-json\/wp\/v2\/comments?post=11465"}],"wp:featuredmedia":[{"embeddable":true,"href":"https:\/\/boutique-one-piece.com\/it\/wp-json\/wp\/v2\/media\/11467"}],"wp:attachment":[{"href":"https:\/\/boutique-one-piece.com\/it\/wp-json\/wp\/v2\/media?parent=11465"}],"wp:term":[{"taxonomy":"product_brand","embeddable":true,"href":"https:\/\/boutique-one-piece.com\/it\/wp-json\/wp\/v2\/product_brand?post=11465"},{"taxonomy":"product_cat","embeddable":true,"href":"https:\/\/boutique-one-piece.com\/it\/wp-json\/wp\/v2\/product_cat?post=11465"},{"taxonomy":"product_tag","embeddable":true,"href":"https:\/\/boutique-one-piece.com\/it\/wp-json\/wp\/v2\/product_tag?post=11465"}],"curies":[{"name":"parola chiave","href":"https:\/\/api.w.org\/{rel}","templated":true}]}}