{"id":11660,"date":"2022-09-27T20:42:39","date_gmt":"2022-09-27T20:42:39","guid":{"rendered":"https:\/\/boutique-one-piece.com\/uncategorized\/figurine-one-piece-usopp-attaque\/"},"modified":"2025-11-09T17:22:44","modified_gmt":"2025-11-09T17:22:44","slug":"action-figure-one-piece-attacco-usopp","status":"publish","type":"product","link":"https:\/\/boutique-one-piece.com\/it\/chicche-di-one-piece\/chicche-di-usopp-di-one-piece\/action-figure-one-piece-attacco-usopp\/","title":{"rendered":"Figura di attacco di Usopp di One Piece"},"content":{"rendered":"<h2>Giovane pirata, acquista subito questa statuetta di One Piece Usopp Attack.<\/h2>\n<p>Ecco cosa devi sapere su di lui; ; <strong>Usop<\/strong>, noto anche come <strong>Pipo<\/strong> Nelle vecchie edizioni Gl\u00e9nat del manga, \u00e8 un membro della Ciurma di Cappello di Paglia, ricoprendo la posizione di <strong>Cecchino<\/strong>. Essere un tiratore scelto significa che Usopp \u00e8 abile con armi da fuoco e fionde. \u00c8 anche esperto nella manutenzione e nella progettazione di armi.<\/p>\n<p>Era di Syrup Village. Sebbene non fosse un carpentiere navale, si occupava anche di riparare le <strong>Vogue Merry<\/strong> (i cui buchi tappava con qualsiasi cosa avesse a portata di mano). In seguito fu sostituito da Franky, quando quest&#039;ultimo e la Thousand Sunny si unirono all&#039;equipaggio, per la manutenzione della nave. Inoltre, il <a title=\"ONE PIECE DEAD OR ALIVE FRANKY NEW WORLD FIGURE\" href=\"https:\/\/boutique-one-piece.com\/it\/one-piece-dead-or-alive-franky-new-world-figurina\/\" target=\"_blank\" rel=\"noopener\">Figurina di Franky &quot;vivo o morto&quot;<\/a> \u00e8 alla tua portata.<\/p>\n<h3>Allora, siete affascinati dalla figura di Usop nel mezzo di un attacco? Se s\u00ec, unitevi a lui subito a bordo della Thousand Sunny. Vi aspettano tante avventure.<\/h3>\n<p><strong>Giovane pirata<\/strong>, Non cercare oltre, hai appena trovato una collezione di oggetti mitici che amplieranno il tuo universo di One Piece. Immergiti, o immergiti di nuovo, nel tuo anime preferito con questi oggetti. Il tuo destino da pirata \u00e8 ora nelle tue mani. Riuscirai a metterci le mani? <strong>il tesoro di One Piece<\/strong> ?<\/p>\n<h2>Informazioni sulla figura di attacco di Usopp\u00a0<\/h2>\n<ul>\n<li><span><b><u>Figurina di One Piece<\/u><\/b>\u00a0Statuetta One Piece premium per veri pirati<\/span><\/li>\n<\/ul>\n<ul>\n<li>\n<b>Questione<\/b><span>\u00a0<\/span>PVC<\/li>\n<\/ul>\n<ul>\n<li><span><strong>Dimensione<\/strong>\u00a0: 17 centimetri<\/span><\/li>\n<\/ul>\n<ul>\n<li><span><strong>CONSEGNA GRATUITA<\/strong><\/span><\/li>\n<\/ul>","protected":false},"excerpt":{"rendered":"<p>Giovane pirata, metti subito le mani su questa action figure di Usopp Attack di One Piece! Ecco cosa devi sapere su di lui: Usopp, noto anche come Pipo nelle vecchie edizioni Gl\u00e9nat del manga, \u00e8 un membro della Ciurma di Cappello di Paglia e ricopre il ruolo di Cecchino. Essendo un Cecchino [\u2026]<\/p>","protected":false},"featured_media":11662,"comment_status":"open","ping_status":"open","template":"","meta":[],"product_brand":[],"product_cat":[76,283,155],"product_tag":[144],"class_list":{"0":"post-11660","1":"product","2":"type-product","3":"status-publish","4":"has-post-thumbnail","6":"product_cat-figurines-one-piece","7":"product_cat-figurines-usopp","8":"product_cat-goodies-usopp-one-piece","9":"product_tag-usopp","11":"first","12":"instock","13":"purchasable","14":"product-type-simple"},"yoast_head":"<!-- This site is optimized with the Yoast SEO plugin v27.5 - https:\/\/yoast.com\/product\/yoast-seo-wordpress\/ -->\n<title>Figurine One Piece Usopp Attaque | Boutique One Piece<\/title>\n<meta name=\"description\" content=\"Jeune pirate, fais d\u00e8s \u00e0 pr\u00e9sent l&#039;acquisition de cette Figurine One Piece Usopp Attaque. Voici ce que tu dois savoir \u00e0 son sujet ; Usopp, \u00e9galement nomm\u00e9 Pipo dans les anciennes \u00e9ditions de Gl\u00e9nat du manga, est un membre de L&#039;\u00c9quipage du Chapeau de Paille, il occupe le poste de Tireur d&#039;\u00c9lite. \u00catre un Tireur d\u2019\u00c9lite s\" \/>\n<meta name=\"robots\" content=\"index, follow, max-snippet:-1, max-image-preview:large, max-video-preview:-1\" \/>\n<link rel=\"canonical\" href=\"https:\/\/boutique-one-piece.com\/it\/figurine-di-one-piece\/figurine-di-usopp\/action-figure-one-piece-attacco-usopp\/\" \/>\n<meta property=\"og:locale\" content=\"it_IT\" \/>\n<meta property=\"og:type\" content=\"article\" \/>\n<meta property=\"og:title\" content=\"Figurine One Piece Usopp Attaque | Boutique One Piece\" \/>\n<meta property=\"og:description\" content=\"Jeune pirate, fais d\u00e8s \u00e0 pr\u00e9sent l&#039;acquisition de cette Figurine One Piece Usopp Attaque. Voici ce que tu dois savoir \u00e0 son sujet ; Usopp, \u00e9galement nomm\u00e9 Pipo dans les anciennes \u00e9ditions de Gl\u00e9nat du manga, est un membre de L&#039;\u00c9quipage du Chapeau de Paille, il occupe le poste de Tireur d&#039;\u00c9lite. \u00catre un Tireur d\u2019\u00c9lite s\" \/>\n<meta property=\"og:url\" content=\"https:\/\/boutique-one-piece.com\/it\/figurine-di-one-piece\/figurine-di-usopp\/action-figure-one-piece-attacco-usopp\/\" \/>\n<meta property=\"og:site_name\" content=\"Boutique One Piece\" \/>\n<meta property=\"article:modified_time\" content=\"2025-11-09T17:22:44+00:00\" \/>\n<meta property=\"og:image\" content=\"https:\/\/boutique-one-piece.com\/wp-content\/uploads\/2022\/09\/Figurine-One-Piece-Usopp-Attaque.jpg\" \/>\n\t<meta property=\"og:image:width\" content=\"640\" \/>\n\t<meta property=\"og:image:height\" content=\"640\" \/>\n\t<meta property=\"og:image:type\" content=\"image\/jpeg\" \/>\n<meta name=\"twitter:card\" content=\"summary_large_image\" \/>\n<meta name=\"twitter:label1\" content=\"Tempo di lettura stimato\" \/>\n\t<meta name=\"twitter:data1\" content=\"2 minuti\" \/>\n<script type=\"application\/ld+json\" class=\"yoast-schema-graph\">{\"@context\":\"https:\\\/\\\/schema.org\",\"@graph\":[{\"@type\":\"WebPage\",\"@id\":\"https:\\\/\\\/boutique-one-piece.com\\\/figurines-one-piece\\\/figurines-usopp\\\/figurine-one-piece-usopp-attaque\\\/\",\"url\":\"https:\\\/\\\/boutique-one-piece.com\\\/figurines-one-piece\\\/figurines-usopp\\\/figurine-one-piece-usopp-attaque\\\/\",\"name\":\"Figurine One Piece Usopp Attaque | Boutique One Piece\",\"isPartOf\":{\"@id\":\"https:\\\/\\\/boutique-one-piece.com\\\/#website\"},\"primaryImageOfPage\":{\"@id\":\"https:\\\/\\\/boutique-one-piece.com\\\/figurines-one-piece\\\/figurines-usopp\\\/figurine-one-piece-usopp-attaque\\\/#primaryimage\"},\"image\":{\"@id\":\"https:\\\/\\\/boutique-one-piece.com\\\/figurines-one-piece\\\/figurines-usopp\\\/figurine-one-piece-usopp-attaque\\\/#primaryimage\"},\"thumbnailUrl\":\"https:\\\/\\\/boutique-one-piece.com\\\/wp-content\\\/uploads\\\/2022\\\/09\\\/Figurine-One-Piece-Usopp-Attaque.jpg\",\"datePublished\":\"2022-09-27T20:42:39+00:00\",\"dateModified\":\"2025-11-09T17:22:44+00:00\",\"description\":\"Jeune pirate, fais d\u00e8s \u00e0 pr\u00e9sent l'acquisition de cette Figurine One Piece Usopp Attaque. Voici ce que tu dois savoir \u00e0 son sujet ; Usopp, \u00e9galement nomm\u00e9 Pipo dans les anciennes \u00e9ditions de Gl\u00e9nat du manga, est un membre de L'\u00c9quipage du Chapeau de Paille, il occupe le poste de Tireur d'\u00c9lite. \u00catre un Tireur d\u2019\u00c9lite s\",\"breadcrumb\":{\"@id\":\"https:\\\/\\\/boutique-one-piece.com\\\/figurines-one-piece\\\/figurines-usopp\\\/figurine-one-piece-usopp-attaque\\\/#breadcrumb\"},\"inLanguage\":\"it-IT\",\"potentialAction\":[{\"@type\":\"ReadAction\",\"target\":[\"https:\\\/\\\/boutique-one-piece.com\\\/figurines-one-piece\\\/figurines-usopp\\\/figurine-one-piece-usopp-attaque\\\/\"]}]},{\"@type\":\"ImageObject\",\"inLanguage\":\"it-IT\",\"@id\":\"https:\\\/\\\/boutique-one-piece.com\\\/figurines-one-piece\\\/figurines-usopp\\\/figurine-one-piece-usopp-attaque\\\/#primaryimage\",\"url\":\"https:\\\/\\\/boutique-one-piece.com\\\/wp-content\\\/uploads\\\/2022\\\/09\\\/Figurine-One-Piece-Usopp-Attaque.jpg\",\"contentUrl\":\"https:\\\/\\\/boutique-one-piece.com\\\/wp-content\\\/uploads\\\/2022\\\/09\\\/Figurine-One-Piece-Usopp-Attaque.jpg\",\"width\":640,\"height\":640,\"caption\":\"Figurine One Piece Usopp Attaque Usopp in box\"},{\"@type\":\"BreadcrumbList\",\"@id\":\"https:\\\/\\\/boutique-one-piece.com\\\/figurines-one-piece\\\/figurines-usopp\\\/figurine-one-piece-usopp-attaque\\\/#breadcrumb\",\"itemListElement\":[{\"@type\":\"ListItem\",\"position\":1,\"name\":\"Home\",\"item\":\"https:\\\/\\\/boutique-one-piece.com\\\/\"},{\"@type\":\"ListItem\",\"position\":2,\"name\":\"Shop\",\"item\":\"https:\\\/\\\/boutique-one-piece.com\\\/shop\\\/\"},{\"@type\":\"ListItem\",\"position\":3,\"name\":\"Figurine One Piece Usopp Attaque\"}]},{\"@type\":\"WebSite\",\"@id\":\"https:\\\/\\\/boutique-one-piece.com\\\/#website\",\"url\":\"https:\\\/\\\/boutique-one-piece.com\\\/\",\"name\":\"Boutique One Piece\",\"description\":\"Magasin Sp\u00e9cialis\u00e9 du Manga et l&#039;Anime One Piece\",\"publisher\":{\"@id\":\"https:\\\/\\\/boutique-one-piece.com\\\/#organization\"},\"potentialAction\":[{\"@type\":\"SearchAction\",\"target\":{\"@type\":\"EntryPoint\",\"urlTemplate\":\"https:\\\/\\\/boutique-one-piece.com\\\/?s={search_term_string}\"},\"query-input\":{\"@type\":\"PropertyValueSpecification\",\"valueRequired\":true,\"valueName\":\"search_term_string\"}}],\"inLanguage\":\"it-IT\"},{\"@type\":\"Organization\",\"@id\":\"https:\\\/\\\/boutique-one-piece.com\\\/#organization\",\"name\":\"Boutique One Piece\",\"url\":\"https:\\\/\\\/boutique-one-piece.com\\\/\",\"logo\":{\"@type\":\"ImageObject\",\"inLanguage\":\"it-IT\",\"@id\":\"https:\\\/\\\/boutique-one-piece.com\\\/#\\\/schema\\\/logo\\\/image\\\/\",\"url\":\"https:\\\/\\\/boutique-one-piece.com\\\/wp-content\\\/uploads\\\/2022\\\/09\\\/Logo-01.png\",\"contentUrl\":\"https:\\\/\\\/boutique-one-piece.com\\\/wp-content\\\/uploads\\\/2022\\\/09\\\/Logo-01.png\",\"width\":2318,\"height\":957,\"caption\":\"Boutique One Piece\"},\"image\":{\"@id\":\"https:\\\/\\\/boutique-one-piece.com\\\/#\\\/schema\\\/logo\\\/image\\\/\"}}]}<\/script>\n<!-- \/ Yoast SEO plugin. -->","yoast_head_json":{"title":"One Piece Usopp Attack Figure | Negozio One Piece","description":"Giovane pirata, metti subito le mani su questa action figure di Usopp Attack di One Piece! Ecco cosa devi sapere su di lui: Usopp, noto anche come Pipo nelle vecchie edizioni Gl\u00e9nat del manga, \u00e8 un membro della Ciurma di Cappello di Paglia e ricopre il ruolo di Cecchino. Essere un Cecchino...","robots":{"index":"index","follow":"follow","max-snippet":"max-snippet:-1","max-image-preview":"max-image-preview:large","max-video-preview":"max-video-preview:-1"},"canonical":"https:\/\/boutique-one-piece.com\/it\/figurine-di-one-piece\/figurine-di-usopp\/action-figure-one-piece-attacco-usopp\/","og_locale":"it_IT","og_type":"article","og_title":"Figurine One Piece Usopp Attaque | Boutique One Piece","og_description":"Jeune pirate, fais d\u00e8s \u00e0 pr\u00e9sent l'acquisition de cette Figurine One Piece Usopp Attaque. Voici ce que tu dois savoir \u00e0 son sujet ; Usopp, \u00e9galement nomm\u00e9 Pipo dans les anciennes \u00e9ditions de Gl\u00e9nat du manga, est un membre de L'\u00c9quipage du Chapeau de Paille, il occupe le poste de Tireur d'\u00c9lite. \u00catre un Tireur d\u2019\u00c9lite s","og_url":"https:\/\/boutique-one-piece.com\/it\/figurine-di-one-piece\/figurine-di-usopp\/action-figure-one-piece-attacco-usopp\/","og_site_name":"Boutique One Piece","article_modified_time":"2025-11-09T17:22:44+00:00","og_image":[{"width":640,"height":640,"url":"https:\/\/boutique-one-piece.com\/wp-content\/uploads\/2022\/09\/Figurine-One-Piece-Usopp-Attaque.jpg","type":"image\/jpeg"}],"twitter_card":"summary_large_image","twitter_misc":{"Tempo di lettura stimato":"2 minuti"},"schema":{"@context":"https:\/\/schema.org","@graph":[{"@type":"WebPage","@id":"https:\/\/boutique-one-piece.com\/figurines-one-piece\/figurines-usopp\/figurine-one-piece-usopp-attaque\/","url":"https:\/\/boutique-one-piece.com\/figurines-one-piece\/figurines-usopp\/figurine-one-piece-usopp-attaque\/","name":"One Piece Usopp Attack Figure | Negozio One Piece","isPartOf":{"@id":"https:\/\/boutique-one-piece.com\/#website"},"primaryImageOfPage":{"@id":"https:\/\/boutique-one-piece.com\/figurines-one-piece\/figurines-usopp\/figurine-one-piece-usopp-attaque\/#primaryimage"},"image":{"@id":"https:\/\/boutique-one-piece.com\/figurines-one-piece\/figurines-usopp\/figurine-one-piece-usopp-attaque\/#primaryimage"},"thumbnailUrl":"https:\/\/boutique-one-piece.com\/wp-content\/uploads\/2022\/09\/Figurine-One-Piece-Usopp-Attaque.jpg","datePublished":"2022-09-27T20:42:39+00:00","dateModified":"2025-11-09T17:22:44+00:00","description":"Giovane pirata, metti subito le mani su questa action figure di Usopp Attack di One Piece! Ecco cosa devi sapere su di lui: Usopp, noto anche come Pipo nelle vecchie edizioni Gl\u00e9nat del manga, \u00e8 un membro della Ciurma di Cappello di Paglia e ricopre il ruolo di Cecchino. Essere un Cecchino...","breadcrumb":{"@id":"https:\/\/boutique-one-piece.com\/figurines-one-piece\/figurines-usopp\/figurine-one-piece-usopp-attaque\/#breadcrumb"},"inLanguage":"it-IT","potentialAction":[{"@type":"ReadAction","target":["https:\/\/boutique-one-piece.com\/figurines-one-piece\/figurines-usopp\/figurine-one-piece-usopp-attaque\/"]}]},{"@type":"ImageObject","inLanguage":"it-IT","@id":"https:\/\/boutique-one-piece.com\/figurines-one-piece\/figurines-usopp\/figurine-one-piece-usopp-attaque\/#primaryimage","url":"https:\/\/boutique-one-piece.com\/wp-content\/uploads\/2022\/09\/Figurine-One-Piece-Usopp-Attaque.jpg","contentUrl":"https:\/\/boutique-one-piece.com\/wp-content\/uploads\/2022\/09\/Figurine-One-Piece-Usopp-Attaque.jpg","width":640,"height":640,"caption":"Figurine One Piece Usopp Attaque Usopp in box"},{"@type":"BreadcrumbList","@id":"https:\/\/boutique-one-piece.com\/figurines-one-piece\/figurines-usopp\/figurine-one-piece-usopp-attaque\/#breadcrumb","itemListElement":[{"@type":"ListItem","position":1,"name":"Home","item":"https:\/\/boutique-one-piece.com\/"},{"@type":"ListItem","position":2,"name":"Shop","item":"https:\/\/boutique-one-piece.com\/shop\/"},{"@type":"ListItem","position":3,"name":"Figurine One Piece Usopp Attaque"}]},{"@type":"WebSite","@id":"https:\/\/boutique-one-piece.com\/#website","url":"https:\/\/boutique-one-piece.com\/","name":"Negozio One Piece","description":"Negozio specializzato in manga e anime di One Piece","publisher":{"@id":"https:\/\/boutique-one-piece.com\/#organization"},"potentialAction":[{"@type":"SearchAction","target":{"@type":"EntryPoint","urlTemplate":"https:\/\/boutique-one-piece.com\/?s={search_term_string}"},"query-input":{"@type":"PropertyValueSpecification","valueRequired":true,"valueName":"search_term_string"}}],"inLanguage":"it-IT"},{"@type":"Organization","@id":"https:\/\/boutique-one-piece.com\/#organization","name":"Negozio One Piece","url":"https:\/\/boutique-one-piece.com\/","logo":{"@type":"ImageObject","inLanguage":"it-IT","@id":"https:\/\/boutique-one-piece.com\/#\/schema\/logo\/image\/","url":"https:\/\/boutique-one-piece.com\/wp-content\/uploads\/2022\/09\/Logo-01.png","contentUrl":"https:\/\/boutique-one-piece.com\/wp-content\/uploads\/2022\/09\/Logo-01.png","width":2318,"height":957,"caption":"Boutique One Piece"},"image":{"@id":"https:\/\/boutique-one-piece.com\/#\/schema\/logo\/image\/"}}]}},"_links":{"self":[{"href":"https:\/\/boutique-one-piece.com\/it\/wp-json\/wp\/v2\/product\/11660","targetHints":{"allow":["GET"]}}],"collection":[{"href":"https:\/\/boutique-one-piece.com\/it\/wp-json\/wp\/v2\/product"}],"about":[{"href":"https:\/\/boutique-one-piece.com\/it\/wp-json\/wp\/v2\/types\/product"}],"replies":[{"embeddable":true,"href":"https:\/\/boutique-one-piece.com\/it\/wp-json\/wp\/v2\/comments?post=11660"}],"wp:featuredmedia":[{"embeddable":true,"href":"https:\/\/boutique-one-piece.com\/it\/wp-json\/wp\/v2\/media\/11662"}],"wp:attachment":[{"href":"https:\/\/boutique-one-piece.com\/it\/wp-json\/wp\/v2\/media?parent=11660"}],"wp:term":[{"taxonomy":"product_brand","embeddable":true,"href":"https:\/\/boutique-one-piece.com\/it\/wp-json\/wp\/v2\/product_brand?post=11660"},{"taxonomy":"product_cat","embeddable":true,"href":"https:\/\/boutique-one-piece.com\/it\/wp-json\/wp\/v2\/product_cat?post=11660"},{"taxonomy":"product_tag","embeddable":true,"href":"https:\/\/boutique-one-piece.com\/it\/wp-json\/wp\/v2\/product_tag?post=11660"}],"curies":[{"name":"parola chiave","href":"https:\/\/api.w.org\/{rel}","templated":true}]}}