{"id":11742,"date":"2022-09-27T20:43:07","date_gmt":"2022-09-27T20:43:07","guid":{"rendered":"https:\/\/boutique-one-piece.com\/uncategorized\/sweat-one-piece-sabo-mera-mera-no-mi\/"},"modified":"2024-09-16T12:38:42","modified_gmt":"2024-09-16T12:38:42","slug":"felpa-one-piece-sabo-mera-mera-no-mi","status":"publish","type":"product","link":"https:\/\/boutique-one-piece.com\/it\/vestiti-one-piece\/felpe-intere\/felpa-one-piece-sabo-mera-mera-no-mi\/","title":{"rendered":"Felpa One Piece Sabo Mera Mera No Mi"},"content":{"rendered":"<p><meta charset=\"utf-8\"><\/p>\n<h2>\n<b>Felpa con cappuccio a maniche lunghe nera e rossa<\/b><b>\u00a0One Piece con Sabo che usa il Mera Mera No Mi,<\/b>\u00a0Una felpa di qualit\u00e0 per un pirata come te!<\/h2>\n<p>Se sei un\u00a0<strong>vero pirata<\/strong>, Apprezzerai il\u00a0<strong>qualit\u00e0<\/strong>\u00a0tessuto e\u00a0<strong>l\u2019impression 3D Canvas<\/strong>\u00a0di questo<span>\u00a0<\/span><strong>Felpa One Piece<\/strong>\u00a0Ma la cosa pi\u00f9 importante, con questo\u00a0<strong>felpa stampata<\/strong>\u00a0questo perch\u00e9 farai parte di\u00a0<strong>l\u2019\u00e9quipage\u00a0des fans<\/strong>\u00a0Di\u00a0<strong>manga pirata<\/strong>\u00a0e otterrai:<\/p>\n<ul>\n<li>\u00a0<strong>L\u2019admiration<\/strong>\u00a0di tutti i fan di\u00a0<strong>l\u2019univers<\/strong>\u00a0del\u00a0<strong>licenza<\/strong>\u00a0Di\u00a0<strong>manga<\/strong>\u00a0che incontrerai<\/li>\n<\/ul>\n<ul>\n<li>Un vero\u00a0<strong>felpa<\/strong>\u00a0con cui puoi\u00a0<strong>condividere<\/strong>\u00a0tuo\u00a0<strong>passione<\/strong>\u00a0Per\u00a0<strong>Un pezzo<\/strong>\n<\/li>\n<\/ul>\n<p>Quindi, pronto per indossare il\u00a0<strong>colori\u00a0<\/strong>Di<strong>\u00a0<\/strong>tuo<strong>\u00a0manga preferito<\/strong>\u00a0?<\/p>\n<h2>Es-tu un fan du manga ou de l\u2019anim\u00e9 One Piece ? Montre le avec ce Sweat One Piece !<\/h2>\n<p>Se tu\u00a0<strong>Leggere<\/strong>\u00a0o ovunque tu guardi\u00a0\u00a0<strong>l\u2019anim\u00e9\u00a0japonais<\/strong>, Ci sono buone probabilit\u00e0 che tu sia diventato\u00a0<strong>pazzo di One Piece<\/strong>\u00a0Con questo!\u00a0<strong>Felpa One Piece Sabo Mera Mera No Mi<\/strong>, rejoins\u00a0l\u2019<strong>gruppo di fan del franchise<\/strong><\/p>\n<p>Questo\u00a0<strong>Felpa in stile cosplay\u00a0<\/strong>\u00a0\u00e8 disponibile nelle taglie\u00a0<strong>XXS<\/strong>,\u00a0<strong>Taglia XS<\/strong>,\u00a0<strong>S<\/strong>,<strong>\u00a0M<\/strong>,<strong>\u00a0L<\/strong>,\u00a0<strong>XL<\/strong>,\u00a0<strong>XXL<\/strong>,\u00a0<strong>3XL<\/strong>,\u00a0<strong>4XL<\/strong>\u00a0Adatto a tutte le categorie di pirati.,\u00a0<strong>Uomo<\/strong>\u00a0O\u00a0<strong>donne<\/strong>, m\u00eame si tu n\u2019as pas\u00a0<strong>d\u2019\u00e9p\u00e9e<\/strong>\u00a0O\u00a0<strong>frutto del diavolo<\/strong>\u00a0Puoi ancora indossarlo con orgoglio.<\/p>\n<h2>Informazioni sulla felpa:\u00a0<\/h2>\n<ul>\n<li>\n<strong>Felpa monopezzo di qualit\u00e0 premium\u00a0<\/strong>: ha un<span>\u00a0<\/span><strong>alta grammatura<\/strong><span>\u00a0<\/span>con materiali di qualit\u00e0<\/li>\n<\/ul>\n<ul>\n<li>\n<strong>Grande flessibilit\u00e0\u00a0<\/strong>: grazie alla sua composizione, non<span>\u00a0<\/span><strong>accartocciato<\/strong><span>\u00a0<\/span>non<\/li>\n<\/ul>\n<ul>\n<li>\n<strong>Molto comodo\u00a0<\/strong>: con<span>\u00a0<\/span>il suo<span>\u00a0<\/span><strong>fibre<\/strong><span>\u00a0<\/span>Di<span>\u00a0<\/span><strong>cotone<\/strong><span>\u00a0<\/span>Grande<span>\u00a0<\/span><strong>morbido<\/strong>, il n\u2019y a pas\u00a0de<span>\u00a0<\/span><strong>attrito<\/strong>\n<\/li>\n<\/ul>\n<ul>\n<li>Stampa digitale 3D, design originale<\/li>\n<\/ul>\n<ul>\n<li>\n<strong>cotone biologico\u00a0<\/strong>cotone<span>\u00a0<\/span><strong>alta qualit\u00e0<\/strong>\u00a0con<span>\u00a0<\/span><strong>fibre<\/strong><span>\u00a0<\/span>extra<span>\u00a0<\/span><strong>lungo<\/strong>\n<\/li>\n<\/ul>\n<ul>\n<li>\n<strong>Consegna gratuita\u00a0<\/strong>per qualsiasi acquisto<strong>\u00a0<\/strong>\n<\/li>\n<\/ul>\n<p><strong>N\u2019oubliez pas de jeter\u00a0un oeil au guide des tailles ci-dessous.<\/strong><\/p>\n<p><img decoding=\"async\" src=\"https:\/\/cdn.shopify.com\/s\/files\/1\/0087\/7556\/5348\/files\/boutque_one_piece_tableau__taille_sweat_large.jpg?v=1559846386\" alt=\"Guida alle taglie delle felpe One Piece\"><\/p>\n<h3>Istruzioni per il lavaggio:<\/h3>\n<ul>\n<li>Lavare in lavatrice a 30\u00b0C, ciclo delicato<\/li>\n<\/ul>\n<ul>\n<li>Stirare sul retro<\/li>\n<\/ul>\n<p>Per<span>\u00a0<\/span><strong>preservare la qualit\u00e0<\/strong><span>\u00a0<\/span>di questo<span>\u00a0<strong>felpa<\/strong><\/span><strong>\u00a0Un pezzo<\/strong>, ti consigliamo di<span>\u00a0<\/span><strong>rispetto<\/strong><span>\u00a0<\/span>IL<span>\u00a0<\/span><strong>istruzioni per il lavaggio<\/strong>.<\/p>","protected":false},"excerpt":{"rendered":"<p>Sweat\u00a0\u00e0 Capuche Noir et Rouge\u00a0\u00e0 Manches Longues\u00a0One Piece avec Sabo\u00a0qui utilise le Mera Mera No Mi,\u00a0Un\u00a0Sweat\u00a0de Qualit\u00e9 pour un Pirate Comme Toi\u00a0! Si tu es un\u00a0v\u00e9ritable pirate, tu sauras appr\u00e9cier la\u00a0qualit\u00e9\u00a0du tissu et de\u00a0l\u2019impression 3D Canvas\u00a0de ce\u00a0sweat\u00a0One Piece\u00a0!\u00a0Mais le plus important, avec ce\u00a0sweat\u00a0imprim\u00e9\u00a0c\u0092est que tu\u00a0feras partie de\u00a0l\u2019\u00e9quipage\u00a0des fans\u00a0du\u00a0manga de pirates\u00a0et tu obtiendras\u00a0: \u00a0L\u2019admiration\u00a0de tous les [&hellip;]<\/p>","protected":false},"featured_media":11744,"comment_status":"open","ping_status":"open","template":"","meta":[],"product_brand":[],"product_cat":[149],"product_tag":[180],"class_list":{"0":"post-11742","1":"product","2":"type-product","3":"status-publish","4":"has-post-thumbnail","6":"product_cat-sweats-one-piece","7":"product_tag-sabo","9":"first","10":"instock","11":"purchasable","12":"product-type-variable","13":"has-default-attributes"},"yoast_head":"<!-- This site is optimized with the Yoast SEO plugin v27.5 - https:\/\/yoast.com\/product\/yoast-seo-wordpress\/ -->\n<title>Sweat Sabo Mera Mera No Mi | Boutique One Piece<\/title>\n<meta name=\"description\" content=\"Sweat \u00e0 Capuche Noir et Rouge \u00e0 Manches Longues One Piece avec Sabo qui utilise le Mera Mera No Mi de Tr\u00e8s Haute Qualit\u00e9 : Partage ta Passion pour les Pirates !\" \/>\n<meta name=\"robots\" content=\"index, follow, max-snippet:-1, max-image-preview:large, max-video-preview:-1\" \/>\n<link rel=\"canonical\" href=\"https:\/\/boutique-one-piece.com\/it\/vestiti-one-piece\/felpe-intere\/felpa-one-piece-sabo-mera-mera-no-mi\/\" \/>\n<meta property=\"og:locale\" content=\"it_IT\" \/>\n<meta property=\"og:type\" content=\"article\" \/>\n<meta property=\"og:title\" content=\"Sweat Sabo Mera Mera No Mi | Boutique One Piece\" \/>\n<meta property=\"og:description\" content=\"Sweat \u00e0 Capuche Noir et Rouge \u00e0 Manches Longues One Piece avec Sabo qui utilise le Mera Mera No Mi de Tr\u00e8s Haute Qualit\u00e9 : Partage ta Passion pour les Pirates !\" \/>\n<meta property=\"og:url\" content=\"https:\/\/boutique-one-piece.com\/it\/vestiti-one-piece\/felpe-intere\/felpa-one-piece-sabo-mera-mera-no-mi\/\" \/>\n<meta property=\"og:site_name\" content=\"Boutique One Piece\" \/>\n<meta property=\"article:modified_time\" content=\"2024-09-16T12:38:42+00:00\" \/>\n<meta property=\"og:image\" content=\"https:\/\/boutique-one-piece.com\/wp-content\/uploads\/2022\/09\/Sweat-One-Piece-Sabo-Mera-Mera-No-Mi.jpg\" \/>\n\t<meta property=\"og:image:width\" content=\"600\" \/>\n\t<meta property=\"og:image:height\" content=\"600\" \/>\n\t<meta property=\"og:image:type\" content=\"image\/jpeg\" \/>\n<meta name=\"twitter:card\" content=\"summary_large_image\" \/>\n<meta name=\"twitter:label1\" content=\"Tempo di lettura stimato\" \/>\n\t<meta name=\"twitter:data1\" content=\"2 minuti\" \/>\n<script type=\"application\/ld+json\" class=\"yoast-schema-graph\">{\"@context\":\"https:\\\/\\\/schema.org\",\"@graph\":[{\"@type\":\"WebPage\",\"@id\":\"https:\\\/\\\/boutique-one-piece.com\\\/vetements-one-piece\\\/sweats-one-piece\\\/sweat-one-piece-sabo-mera-mera-no-mi\\\/\",\"url\":\"https:\\\/\\\/boutique-one-piece.com\\\/vetements-one-piece\\\/sweats-one-piece\\\/sweat-one-piece-sabo-mera-mera-no-mi\\\/\",\"name\":\"Sweat Sabo Mera Mera No Mi | Boutique One Piece\",\"isPartOf\":{\"@id\":\"https:\\\/\\\/boutique-one-piece.com\\\/#website\"},\"primaryImageOfPage\":{\"@id\":\"https:\\\/\\\/boutique-one-piece.com\\\/vetements-one-piece\\\/sweats-one-piece\\\/sweat-one-piece-sabo-mera-mera-no-mi\\\/#primaryimage\"},\"image\":{\"@id\":\"https:\\\/\\\/boutique-one-piece.com\\\/vetements-one-piece\\\/sweats-one-piece\\\/sweat-one-piece-sabo-mera-mera-no-mi\\\/#primaryimage\"},\"thumbnailUrl\":\"https:\\\/\\\/boutique-one-piece.com\\\/wp-content\\\/uploads\\\/2022\\\/09\\\/Sweat-One-Piece-Sabo-Mera-Mera-No-Mi.jpg\",\"datePublished\":\"2022-09-27T20:43:07+00:00\",\"dateModified\":\"2024-09-16T12:38:42+00:00\",\"description\":\"Sweat \u00e0 Capuche Noir et Rouge \u00e0 Manches Longues One Piece avec Sabo qui utilise le Mera Mera No Mi de Tr\u00e8s Haute Qualit\u00e9 : Partage ta Passion pour les Pirates !\",\"breadcrumb\":{\"@id\":\"https:\\\/\\\/boutique-one-piece.com\\\/vetements-one-piece\\\/sweats-one-piece\\\/sweat-one-piece-sabo-mera-mera-no-mi\\\/#breadcrumb\"},\"inLanguage\":\"it-IT\",\"potentialAction\":[{\"@type\":\"ReadAction\",\"target\":[\"https:\\\/\\\/boutique-one-piece.com\\\/vetements-one-piece\\\/sweats-one-piece\\\/sweat-one-piece-sabo-mera-mera-no-mi\\\/\"]}]},{\"@type\":\"ImageObject\",\"inLanguage\":\"it-IT\",\"@id\":\"https:\\\/\\\/boutique-one-piece.com\\\/vetements-one-piece\\\/sweats-one-piece\\\/sweat-one-piece-sabo-mera-mera-no-mi\\\/#primaryimage\",\"url\":\"https:\\\/\\\/boutique-one-piece.com\\\/wp-content\\\/uploads\\\/2022\\\/09\\\/Sweat-One-Piece-Sabo-Mera-Mera-No-Mi.jpg\",\"contentUrl\":\"https:\\\/\\\/boutique-one-piece.com\\\/wp-content\\\/uploads\\\/2022\\\/09\\\/Sweat-One-Piece-Sabo-Mera-Mera-No-Mi.jpg\",\"width\":600,\"height\":600,\"caption\":\"Sweat One Piece Sabo Mera Mera No Mi 4XL\"},{\"@type\":\"BreadcrumbList\",\"@id\":\"https:\\\/\\\/boutique-one-piece.com\\\/vetements-one-piece\\\/sweats-one-piece\\\/sweat-one-piece-sabo-mera-mera-no-mi\\\/#breadcrumb\",\"itemListElement\":[{\"@type\":\"ListItem\",\"position\":1,\"name\":\"Home\",\"item\":\"https:\\\/\\\/boutique-one-piece.com\\\/\"},{\"@type\":\"ListItem\",\"position\":2,\"name\":\"Shop\",\"item\":\"https:\\\/\\\/boutique-one-piece.com\\\/shop\\\/\"},{\"@type\":\"ListItem\",\"position\":3,\"name\":\"Sweat One Piece Sabo Mera Mera No Mi\"}]},{\"@type\":\"WebSite\",\"@id\":\"https:\\\/\\\/boutique-one-piece.com\\\/#website\",\"url\":\"https:\\\/\\\/boutique-one-piece.com\\\/\",\"name\":\"Boutique One Piece\",\"description\":\"Magasin Sp\u00e9cialis\u00e9 du Manga et l&#039;Anime One Piece\",\"publisher\":{\"@id\":\"https:\\\/\\\/boutique-one-piece.com\\\/#organization\"},\"potentialAction\":[{\"@type\":\"SearchAction\",\"target\":{\"@type\":\"EntryPoint\",\"urlTemplate\":\"https:\\\/\\\/boutique-one-piece.com\\\/?s={search_term_string}\"},\"query-input\":{\"@type\":\"PropertyValueSpecification\",\"valueRequired\":true,\"valueName\":\"search_term_string\"}}],\"inLanguage\":\"it-IT\"},{\"@type\":\"Organization\",\"@id\":\"https:\\\/\\\/boutique-one-piece.com\\\/#organization\",\"name\":\"Boutique One Piece\",\"url\":\"https:\\\/\\\/boutique-one-piece.com\\\/\",\"logo\":{\"@type\":\"ImageObject\",\"inLanguage\":\"it-IT\",\"@id\":\"https:\\\/\\\/boutique-one-piece.com\\\/#\\\/schema\\\/logo\\\/image\\\/\",\"url\":\"https:\\\/\\\/boutique-one-piece.com\\\/wp-content\\\/uploads\\\/2022\\\/09\\\/Logo-01.png\",\"contentUrl\":\"https:\\\/\\\/boutique-one-piece.com\\\/wp-content\\\/uploads\\\/2022\\\/09\\\/Logo-01.png\",\"width\":2318,\"height\":957,\"caption\":\"Boutique One Piece\"},\"image\":{\"@id\":\"https:\\\/\\\/boutique-one-piece.com\\\/#\\\/schema\\\/logo\\\/image\\\/\"}}]}<\/script>\n<!-- \/ Yoast SEO plugin. -->","yoast_head_json":{"title":"Felpa Sabo Mera Mera No Mi | One Piece Shop","description":"Felpa con cappuccio a maniche lunghe nera e rossa raffigurante Sabo che indossa il Mera Mera No Mi - Altissima qualit\u00e0: condividi la tua passione per i pirati!","robots":{"index":"index","follow":"follow","max-snippet":"max-snippet:-1","max-image-preview":"max-image-preview:large","max-video-preview":"max-video-preview:-1"},"canonical":"https:\/\/boutique-one-piece.com\/it\/vestiti-one-piece\/felpe-intere\/felpa-one-piece-sabo-mera-mera-no-mi\/","og_locale":"it_IT","og_type":"article","og_title":"Sweat Sabo Mera Mera No Mi | Boutique One Piece","og_description":"Sweat \u00e0 Capuche Noir et Rouge \u00e0 Manches Longues One Piece avec Sabo qui utilise le Mera Mera No Mi de Tr\u00e8s Haute Qualit\u00e9 : Partage ta Passion pour les Pirates !","og_url":"https:\/\/boutique-one-piece.com\/it\/vestiti-one-piece\/felpe-intere\/felpa-one-piece-sabo-mera-mera-no-mi\/","og_site_name":"Boutique One Piece","article_modified_time":"2024-09-16T12:38:42+00:00","og_image":[{"width":600,"height":600,"url":"https:\/\/boutique-one-piece.com\/wp-content\/uploads\/2022\/09\/Sweat-One-Piece-Sabo-Mera-Mera-No-Mi.jpg","type":"image\/jpeg"}],"twitter_card":"summary_large_image","twitter_misc":{"Tempo di lettura stimato":"2 minuti"},"schema":{"@context":"https:\/\/schema.org","@graph":[{"@type":"WebPage","@id":"https:\/\/boutique-one-piece.com\/vetements-one-piece\/sweats-one-piece\/sweat-one-piece-sabo-mera-mera-no-mi\/","url":"https:\/\/boutique-one-piece.com\/vetements-one-piece\/sweats-one-piece\/sweat-one-piece-sabo-mera-mera-no-mi\/","name":"Felpa Sabo Mera Mera No Mi | One Piece Shop","isPartOf":{"@id":"https:\/\/boutique-one-piece.com\/#website"},"primaryImageOfPage":{"@id":"https:\/\/boutique-one-piece.com\/vetements-one-piece\/sweats-one-piece\/sweat-one-piece-sabo-mera-mera-no-mi\/#primaryimage"},"image":{"@id":"https:\/\/boutique-one-piece.com\/vetements-one-piece\/sweats-one-piece\/sweat-one-piece-sabo-mera-mera-no-mi\/#primaryimage"},"thumbnailUrl":"https:\/\/boutique-one-piece.com\/wp-content\/uploads\/2022\/09\/Sweat-One-Piece-Sabo-Mera-Mera-No-Mi.jpg","datePublished":"2022-09-27T20:43:07+00:00","dateModified":"2024-09-16T12:38:42+00:00","description":"Felpa con cappuccio a maniche lunghe nera e rossa raffigurante Sabo che indossa il Mera Mera No Mi - Altissima qualit\u00e0: condividi la tua passione per i pirati!","breadcrumb":{"@id":"https:\/\/boutique-one-piece.com\/vetements-one-piece\/sweats-one-piece\/sweat-one-piece-sabo-mera-mera-no-mi\/#breadcrumb"},"inLanguage":"it-IT","potentialAction":[{"@type":"ReadAction","target":["https:\/\/boutique-one-piece.com\/vetements-one-piece\/sweats-one-piece\/sweat-one-piece-sabo-mera-mera-no-mi\/"]}]},{"@type":"ImageObject","inLanguage":"it-IT","@id":"https:\/\/boutique-one-piece.com\/vetements-one-piece\/sweats-one-piece\/sweat-one-piece-sabo-mera-mera-no-mi\/#primaryimage","url":"https:\/\/boutique-one-piece.com\/wp-content\/uploads\/2022\/09\/Sweat-One-Piece-Sabo-Mera-Mera-No-Mi.jpg","contentUrl":"https:\/\/boutique-one-piece.com\/wp-content\/uploads\/2022\/09\/Sweat-One-Piece-Sabo-Mera-Mera-No-Mi.jpg","width":600,"height":600,"caption":"Sweat One Piece Sabo Mera Mera No Mi 4XL"},{"@type":"BreadcrumbList","@id":"https:\/\/boutique-one-piece.com\/vetements-one-piece\/sweats-one-piece\/sweat-one-piece-sabo-mera-mera-no-mi\/#breadcrumb","itemListElement":[{"@type":"ListItem","position":1,"name":"Home","item":"https:\/\/boutique-one-piece.com\/"},{"@type":"ListItem","position":2,"name":"Shop","item":"https:\/\/boutique-one-piece.com\/shop\/"},{"@type":"ListItem","position":3,"name":"Sweat One Piece Sabo Mera Mera No Mi"}]},{"@type":"WebSite","@id":"https:\/\/boutique-one-piece.com\/#website","url":"https:\/\/boutique-one-piece.com\/","name":"Negozio One Piece","description":"Negozio specializzato in manga e anime di One Piece","publisher":{"@id":"https:\/\/boutique-one-piece.com\/#organization"},"potentialAction":[{"@type":"SearchAction","target":{"@type":"EntryPoint","urlTemplate":"https:\/\/boutique-one-piece.com\/?s={search_term_string}"},"query-input":{"@type":"PropertyValueSpecification","valueRequired":true,"valueName":"search_term_string"}}],"inLanguage":"it-IT"},{"@type":"Organization","@id":"https:\/\/boutique-one-piece.com\/#organization","name":"Negozio One Piece","url":"https:\/\/boutique-one-piece.com\/","logo":{"@type":"ImageObject","inLanguage":"it-IT","@id":"https:\/\/boutique-one-piece.com\/#\/schema\/logo\/image\/","url":"https:\/\/boutique-one-piece.com\/wp-content\/uploads\/2022\/09\/Logo-01.png","contentUrl":"https:\/\/boutique-one-piece.com\/wp-content\/uploads\/2022\/09\/Logo-01.png","width":2318,"height":957,"caption":"Boutique One Piece"},"image":{"@id":"https:\/\/boutique-one-piece.com\/#\/schema\/logo\/image\/"}}]}},"_links":{"self":[{"href":"https:\/\/boutique-one-piece.com\/it\/wp-json\/wp\/v2\/product\/11742","targetHints":{"allow":["GET"]}}],"collection":[{"href":"https:\/\/boutique-one-piece.com\/it\/wp-json\/wp\/v2\/product"}],"about":[{"href":"https:\/\/boutique-one-piece.com\/it\/wp-json\/wp\/v2\/types\/product"}],"replies":[{"embeddable":true,"href":"https:\/\/boutique-one-piece.com\/it\/wp-json\/wp\/v2\/comments?post=11742"}],"wp:featuredmedia":[{"embeddable":true,"href":"https:\/\/boutique-one-piece.com\/it\/wp-json\/wp\/v2\/media\/11744"}],"wp:attachment":[{"href":"https:\/\/boutique-one-piece.com\/it\/wp-json\/wp\/v2\/media?parent=11742"}],"wp:term":[{"taxonomy":"product_brand","embeddable":true,"href":"https:\/\/boutique-one-piece.com\/it\/wp-json\/wp\/v2\/product_brand?post=11742"},{"taxonomy":"product_cat","embeddable":true,"href":"https:\/\/boutique-one-piece.com\/it\/wp-json\/wp\/v2\/product_cat?post=11742"},{"taxonomy":"product_tag","embeddable":true,"href":"https:\/\/boutique-one-piece.com\/it\/wp-json\/wp\/v2\/product_tag?post=11742"}],"curies":[{"name":"parola chiave","href":"https:\/\/api.w.org\/{rel}","templated":true}]}}