{"id":11803,"date":"2022-09-27T20:43:27","date_gmt":"2022-09-27T20:43:27","guid":{"rendered":"https:\/\/boutique-one-piece.com\/uncategorized\/avis-de-recherche-charlotte-katakuri-wanted\/"},"modified":"2025-02-11T22:20:23","modified_gmt":"2025-02-11T22:20:23","slug":"charlotte-katakuri-voleva","status":"publish","type":"product","link":"https:\/\/boutique-one-piece.com\/it\/manifesto-ricercato-di-one-piece\/charlotte-katakuri-voleva\/","title":{"rendered":"Avviso di ricerca di Charlotte Katakuri"},"content":{"rendered":"<h2>Ti \u00e8 piaciuto l&#039;arco narrativo di Totto Land? Se s\u00ec, questo poster ricercato di Charlotte Katakuri ti riporter\u00e0 alla mente bei ricordi.<\/h2>\n<p>Charlotte Katakuri \u00e8 uno dei principali antagonisti di <strong>Totto Land<\/strong>. Fa parte della ciurma di Big Mom poich\u00e9 \u00e8 uno dei suoi figli, come indicato dal suo nome &quot;Charlotte&quot;. \u00c8 anche uno dei suoi &quot;\u00ab\u00a0<strong>Dolci Comandanti<\/strong>\u00ab&quot;, che indica grande potere. \u00c8 una figura sorprendente, anche solo per il suo carisma e la forza che trasuda solo guardandolo.<\/p>\n<p>Charlotte Katakuri ha mangiato il frutto di <strong>Mochi Mochi no mi<\/strong>, Ci\u00f2 gli consente di trasformare il suo corpo in mochi, allungarlo o sparare biglie. Questa abilit\u00e0 unica fa s\u00ec che quando cattura un nemico, questo rimanga bloccato e non possa pi\u00f9 scappare.<\/p>\n<h3>Ricordate il superbo combattimento di Katakuri con quel manifesto da ricercato a suo nome?.<\/h3>\n<p>Charlotte Katakuri si opporr\u00e0 a Rufy per un <strong>battaglia memorabile<\/strong> poich\u00e9 ha caratteristiche simili a Rufy, ma Katakuri pu\u00f2 fare le stesse cose di Rufy, solo meglio. Katakuri si ferir\u00e0 persino con il suo <strong>tridente<\/strong> Poich\u00e9 Rufy subisce un infortunio non suo, lo scontro si pareggia. Verr\u00e0 sconfitto dalla nuova forma di Rufy, Snakeman, e Charlotte Katakuri si \u00e8 guadagnata il rispetto di Rufy. La taglia di Katakuri \u00e8 di 1 miliardo e 57 milioni di Berry.<\/p>\n<p>Se i bonus ti interessano, vai a dare un&#039;occhiata al\u2019<a title=\"Sicilia voleva un avviso\" href=\"https:\/\/boutique-one-piece.com\/it\/avis-de-recherche-sicilion-wanted\/\" target=\"_blank\" rel=\"noopener\" class=\"broken_link\">avviso di ricerca dalla Sicilia<\/a>.<\/p>\n<h2>Informazioni sul poster di One Piece Wanted Charlotte Katakuri<\/h2>\n<ul>\n<li><b><u>Manifesto ricercato di One Piece<\/u><\/b>\u00a0Un autentico poster ricercato di One Piece per veri pirati<\/li>\n<\/ul>\n<ul>\n<li><b><u>Taglia di Charlotte Katakuri<\/u><\/b>\u00a01.057.000.000 di bacche<\/li>\n<\/ul>\n<ul>\n<li><strong>Stampa di alta qualit\u00e0<\/strong>\u00a0colori accurati<\/li>\n<\/ul>\n<ul>\n<li><strong>Dimensione<\/strong> : 52 cm x 36 cm<\/li>\n<\/ul>\n<ul>\n<li><strong>CONSEGNA GRATUITA<\/strong><\/li>\n<\/ul>","protected":false},"excerpt":{"rendered":"<p>Vi \u00e8 piaciuto l&#039;arco narrativo di Totto Land? Se s\u00ec, questo poster di Charlotte Katakuri vi riporter\u00e0 alla mente bei ricordi. Charlotte Katakuri \u00e8 uno dei principali antagonisti di Totto Land. Fa parte della ciurma di Big Mom, in quanto \u00e8 uno dei suoi figli, come suggerisce il suo nome &quot;Charlotte&quot;. Lui [\u2026]<\/p>","protected":false},"featured_media":11805,"comment_status":"open","ping_status":"open","template":"","meta":[],"product_brand":[],"product_cat":[171],"product_tag":[325],"class_list":{"0":"post-11803","1":"product","2":"type-product","3":"status-publish","4":"has-post-thumbnail","6":"product_cat-avis-de-recherche-one-piece","7":"product_tag-avalo-pizarro","9":"first","10":"instock","11":"purchasable","12":"product-type-simple"},"yoast_head":"<!-- This site is optimized with the Yoast SEO plugin v27.5 - https:\/\/yoast.com\/product\/yoast-seo-wordpress\/ -->\n<title>Avis De Recherche Charlotte Katakuri Wanted | D\u00e9coration One Piece \u2013 Boutique One Piece<\/title>\n<meta name=\"description\" content=\"Tu as aim\u00e9 l&#039;arc de Totto Land ? Dans ce cas, cet avis de recherche Charlotte Katakuri wanted va te rappeler des bons souvenirs. Charlotte Katakuri est un des principaux antagonistes de Totto Land. Il fait partie de l&#039;\u00e9quipage de Big Mom puisqu&#039;il est l&#039;un de ses fils, comme l&#039;indique son nom &quot;Charlotte&quot;. Il en est d&#039;a\" \/>\n<meta name=\"robots\" content=\"index, follow, max-snippet:-1, max-image-preview:large, max-video-preview:-1\" \/>\n<link rel=\"canonical\" href=\"https:\/\/boutique-one-piece.com\/it\/manifesto-ricercato-di-one-piece\/charlotte-katakuri-voleva\/\" \/>\n<meta property=\"og:locale\" content=\"it_IT\" \/>\n<meta property=\"og:type\" content=\"article\" \/>\n<meta property=\"og:title\" content=\"Avis De Recherche Charlotte Katakuri Wanted | D\u00e9coration One Piece \u2013 Boutique One Piece\" \/>\n<meta property=\"og:description\" content=\"Tu as aim\u00e9 l&#039;arc de Totto Land ? Dans ce cas, cet avis de recherche Charlotte Katakuri wanted va te rappeler des bons souvenirs. Charlotte Katakuri est un des principaux antagonistes de Totto Land. Il fait partie de l&#039;\u00e9quipage de Big Mom puisqu&#039;il est l&#039;un de ses fils, comme l&#039;indique son nom &quot;Charlotte&quot;. Il en est d&#039;a\" \/>\n<meta property=\"og:url\" content=\"https:\/\/boutique-one-piece.com\/it\/manifesto-ricercato-di-one-piece\/charlotte-katakuri-voleva\/\" \/>\n<meta property=\"og:site_name\" content=\"Boutique One Piece\" \/>\n<meta property=\"article:modified_time\" content=\"2025-02-11T22:20:23+00:00\" \/>\n<meta property=\"og:image\" content=\"https:\/\/boutique-one-piece.com\/wp-content\/uploads\/2022\/09\/Avis-De-Recherche-Charlotte-Katakuri-Wanted-1.jpg\" \/>\n\t<meta property=\"og:image:width\" content=\"799\" \/>\n\t<meta property=\"og:image:height\" content=\"797\" \/>\n\t<meta property=\"og:image:type\" content=\"image\/jpeg\" \/>\n<meta name=\"twitter:card\" content=\"summary_large_image\" \/>\n<meta name=\"twitter:label1\" content=\"Tempo di lettura stimato\" \/>\n\t<meta name=\"twitter:data1\" content=\"2 minuti\" \/>\n<script type=\"application\/ld+json\" class=\"yoast-schema-graph\">{\"@context\":\"https:\\\/\\\/schema.org\",\"@graph\":[{\"@type\":\"WebPage\",\"@id\":\"https:\\\/\\\/boutique-one-piece.com\\\/avis-de-recherche-one-piece\\\/avis-de-recherche-charlotte-katakuri-wanted\\\/\",\"url\":\"https:\\\/\\\/boutique-one-piece.com\\\/avis-de-recherche-one-piece\\\/avis-de-recherche-charlotte-katakuri-wanted\\\/\",\"name\":\"Avis De Recherche Charlotte Katakuri Wanted | D\u00e9coration One Piece \u2013 Boutique One Piece\",\"isPartOf\":{\"@id\":\"https:\\\/\\\/boutique-one-piece.com\\\/#website\"},\"primaryImageOfPage\":{\"@id\":\"https:\\\/\\\/boutique-one-piece.com\\\/avis-de-recherche-one-piece\\\/avis-de-recherche-charlotte-katakuri-wanted\\\/#primaryimage\"},\"image\":{\"@id\":\"https:\\\/\\\/boutique-one-piece.com\\\/avis-de-recherche-one-piece\\\/avis-de-recherche-charlotte-katakuri-wanted\\\/#primaryimage\"},\"thumbnailUrl\":\"https:\\\/\\\/boutique-one-piece.com\\\/wp-content\\\/uploads\\\/2022\\\/09\\\/Avis-De-Recherche-Charlotte-Katakuri-Wanted-1.jpg\",\"datePublished\":\"2022-09-27T20:43:27+00:00\",\"dateModified\":\"2025-02-11T22:20:23+00:00\",\"description\":\"Tu as aim\u00e9 l'arc de Totto Land ? Dans ce cas, cet avis de recherche Charlotte Katakuri wanted va te rappeler des bons souvenirs. Charlotte Katakuri est un des principaux antagonistes de Totto Land. Il fait partie de l'\u00e9quipage de Big Mom puisqu'il est l'un de ses fils, comme l'indique son nom \\\"Charlotte\\\". Il en est d'a\",\"breadcrumb\":{\"@id\":\"https:\\\/\\\/boutique-one-piece.com\\\/avis-de-recherche-one-piece\\\/avis-de-recherche-charlotte-katakuri-wanted\\\/#breadcrumb\"},\"inLanguage\":\"it-IT\",\"potentialAction\":[{\"@type\":\"ReadAction\",\"target\":[\"https:\\\/\\\/boutique-one-piece.com\\\/avis-de-recherche-one-piece\\\/avis-de-recherche-charlotte-katakuri-wanted\\\/\"]}]},{\"@type\":\"ImageObject\",\"inLanguage\":\"it-IT\",\"@id\":\"https:\\\/\\\/boutique-one-piece.com\\\/avis-de-recherche-one-piece\\\/avis-de-recherche-charlotte-katakuri-wanted\\\/#primaryimage\",\"url\":\"https:\\\/\\\/boutique-one-piece.com\\\/wp-content\\\/uploads\\\/2022\\\/09\\\/Avis-De-Recherche-Charlotte-Katakuri-Wanted-1.jpg\",\"contentUrl\":\"https:\\\/\\\/boutique-one-piece.com\\\/wp-content\\\/uploads\\\/2022\\\/09\\\/Avis-De-Recherche-Charlotte-Katakuri-Wanted-1.jpg\",\"width\":799,\"height\":797},{\"@type\":\"BreadcrumbList\",\"@id\":\"https:\\\/\\\/boutique-one-piece.com\\\/avis-de-recherche-one-piece\\\/avis-de-recherche-charlotte-katakuri-wanted\\\/#breadcrumb\",\"itemListElement\":[{\"@type\":\"ListItem\",\"position\":1,\"name\":\"Home\",\"item\":\"https:\\\/\\\/boutique-one-piece.com\\\/\"},{\"@type\":\"ListItem\",\"position\":2,\"name\":\"Shop\",\"item\":\"https:\\\/\\\/boutique-one-piece.com\\\/shop\\\/\"},{\"@type\":\"ListItem\",\"position\":3,\"name\":\"Avis De Recherche Charlotte Katakuri Wanted\"}]},{\"@type\":\"WebSite\",\"@id\":\"https:\\\/\\\/boutique-one-piece.com\\\/#website\",\"url\":\"https:\\\/\\\/boutique-one-piece.com\\\/\",\"name\":\"Boutique One Piece\",\"description\":\"Magasin Sp\u00e9cialis\u00e9 du Manga et l&#039;Anime One Piece\",\"publisher\":{\"@id\":\"https:\\\/\\\/boutique-one-piece.com\\\/#organization\"},\"potentialAction\":[{\"@type\":\"SearchAction\",\"target\":{\"@type\":\"EntryPoint\",\"urlTemplate\":\"https:\\\/\\\/boutique-one-piece.com\\\/?s={search_term_string}\"},\"query-input\":{\"@type\":\"PropertyValueSpecification\",\"valueRequired\":true,\"valueName\":\"search_term_string\"}}],\"inLanguage\":\"it-IT\"},{\"@type\":\"Organization\",\"@id\":\"https:\\\/\\\/boutique-one-piece.com\\\/#organization\",\"name\":\"Boutique One Piece\",\"url\":\"https:\\\/\\\/boutique-one-piece.com\\\/\",\"logo\":{\"@type\":\"ImageObject\",\"inLanguage\":\"it-IT\",\"@id\":\"https:\\\/\\\/boutique-one-piece.com\\\/#\\\/schema\\\/logo\\\/image\\\/\",\"url\":\"https:\\\/\\\/boutique-one-piece.com\\\/wp-content\\\/uploads\\\/2022\\\/09\\\/Logo-01.png\",\"contentUrl\":\"https:\\\/\\\/boutique-one-piece.com\\\/wp-content\\\/uploads\\\/2022\\\/09\\\/Logo-01.png\",\"width\":2318,\"height\":957,\"caption\":\"Boutique One Piece\"},\"image\":{\"@id\":\"https:\\\/\\\/boutique-one-piece.com\\\/#\\\/schema\\\/logo\\\/image\\\/\"}}]}<\/script>\n<!-- \/ Yoast SEO plugin. -->","yoast_head_json":{"title":"Annuncio di ricerca di Charlotte Katakuri | One Piece Decor \u2013 One Piece Shop","description":"Vi \u00e8 piaciuto l&#039;arco narrativo di Totto Land? Se s\u00ec, questo poster di Charlotte Katakuri vi riporter\u00e0 alla mente bei ricordi. Charlotte Katakuri \u00e8 uno dei principali antagonisti di Totto Land. Fa parte della ciurma di Big Mom, in quanto \u00e8 uno dei suoi figli, come suggerisce il suo nome &quot;Charlotte&quot;. Lui \u00e8...","robots":{"index":"index","follow":"follow","max-snippet":"max-snippet:-1","max-image-preview":"max-image-preview:large","max-video-preview":"max-video-preview:-1"},"canonical":"https:\/\/boutique-one-piece.com\/it\/manifesto-ricercato-di-one-piece\/charlotte-katakuri-voleva\/","og_locale":"it_IT","og_type":"article","og_title":"Avis De Recherche Charlotte Katakuri Wanted | D\u00e9coration One Piece \u2013 Boutique One Piece","og_description":"Tu as aim\u00e9 l'arc de Totto Land ? Dans ce cas, cet avis de recherche Charlotte Katakuri wanted va te rappeler des bons souvenirs. Charlotte Katakuri est un des principaux antagonistes de Totto Land. Il fait partie de l'\u00e9quipage de Big Mom puisqu'il est l'un de ses fils, comme l'indique son nom \"Charlotte\". Il en est d'a","og_url":"https:\/\/boutique-one-piece.com\/it\/manifesto-ricercato-di-one-piece\/charlotte-katakuri-voleva\/","og_site_name":"Boutique One Piece","article_modified_time":"2025-02-11T22:20:23+00:00","og_image":[{"width":799,"height":797,"url":"https:\/\/boutique-one-piece.com\/wp-content\/uploads\/2022\/09\/Avis-De-Recherche-Charlotte-Katakuri-Wanted-1.jpg","type":"image\/jpeg"}],"twitter_card":"summary_large_image","twitter_misc":{"Tempo di lettura stimato":"2 minuti"},"schema":{"@context":"https:\/\/schema.org","@graph":[{"@type":"WebPage","@id":"https:\/\/boutique-one-piece.com\/avis-de-recherche-one-piece\/avis-de-recherche-charlotte-katakuri-wanted\/","url":"https:\/\/boutique-one-piece.com\/avis-de-recherche-one-piece\/avis-de-recherche-charlotte-katakuri-wanted\/","name":"Annuncio di ricerca di Charlotte Katakuri | One Piece Decor \u2013 One Piece Shop","isPartOf":{"@id":"https:\/\/boutique-one-piece.com\/#website"},"primaryImageOfPage":{"@id":"https:\/\/boutique-one-piece.com\/avis-de-recherche-one-piece\/avis-de-recherche-charlotte-katakuri-wanted\/#primaryimage"},"image":{"@id":"https:\/\/boutique-one-piece.com\/avis-de-recherche-one-piece\/avis-de-recherche-charlotte-katakuri-wanted\/#primaryimage"},"thumbnailUrl":"https:\/\/boutique-one-piece.com\/wp-content\/uploads\/2022\/09\/Avis-De-Recherche-Charlotte-Katakuri-Wanted-1.jpg","datePublished":"2022-09-27T20:43:27+00:00","dateModified":"2025-02-11T22:20:23+00:00","description":"Vi \u00e8 piaciuto l&#039;arco narrativo di Totto Land? Se s\u00ec, questo poster di Charlotte Katakuri vi riporter\u00e0 alla mente bei ricordi. Charlotte Katakuri \u00e8 uno dei principali antagonisti di Totto Land. Fa parte della ciurma di Big Mom, in quanto \u00e8 uno dei suoi figli, come suggerisce il suo nome &quot;Charlotte&quot;. Lui \u00e8...","breadcrumb":{"@id":"https:\/\/boutique-one-piece.com\/avis-de-recherche-one-piece\/avis-de-recherche-charlotte-katakuri-wanted\/#breadcrumb"},"inLanguage":"it-IT","potentialAction":[{"@type":"ReadAction","target":["https:\/\/boutique-one-piece.com\/avis-de-recherche-one-piece\/avis-de-recherche-charlotte-katakuri-wanted\/"]}]},{"@type":"ImageObject","inLanguage":"it-IT","@id":"https:\/\/boutique-one-piece.com\/avis-de-recherche-one-piece\/avis-de-recherche-charlotte-katakuri-wanted\/#primaryimage","url":"https:\/\/boutique-one-piece.com\/wp-content\/uploads\/2022\/09\/Avis-De-Recherche-Charlotte-Katakuri-Wanted-1.jpg","contentUrl":"https:\/\/boutique-one-piece.com\/wp-content\/uploads\/2022\/09\/Avis-De-Recherche-Charlotte-Katakuri-Wanted-1.jpg","width":799,"height":797},{"@type":"BreadcrumbList","@id":"https:\/\/boutique-one-piece.com\/avis-de-recherche-one-piece\/avis-de-recherche-charlotte-katakuri-wanted\/#breadcrumb","itemListElement":[{"@type":"ListItem","position":1,"name":"Home","item":"https:\/\/boutique-one-piece.com\/"},{"@type":"ListItem","position":2,"name":"Shop","item":"https:\/\/boutique-one-piece.com\/shop\/"},{"@type":"ListItem","position":3,"name":"Avis De Recherche Charlotte Katakuri Wanted"}]},{"@type":"WebSite","@id":"https:\/\/boutique-one-piece.com\/#website","url":"https:\/\/boutique-one-piece.com\/","name":"Negozio One Piece","description":"Negozio specializzato in manga e anime di One Piece","publisher":{"@id":"https:\/\/boutique-one-piece.com\/#organization"},"potentialAction":[{"@type":"SearchAction","target":{"@type":"EntryPoint","urlTemplate":"https:\/\/boutique-one-piece.com\/?s={search_term_string}"},"query-input":{"@type":"PropertyValueSpecification","valueRequired":true,"valueName":"search_term_string"}}],"inLanguage":"it-IT"},{"@type":"Organization","@id":"https:\/\/boutique-one-piece.com\/#organization","name":"Negozio One Piece","url":"https:\/\/boutique-one-piece.com\/","logo":{"@type":"ImageObject","inLanguage":"it-IT","@id":"https:\/\/boutique-one-piece.com\/#\/schema\/logo\/image\/","url":"https:\/\/boutique-one-piece.com\/wp-content\/uploads\/2022\/09\/Logo-01.png","contentUrl":"https:\/\/boutique-one-piece.com\/wp-content\/uploads\/2022\/09\/Logo-01.png","width":2318,"height":957,"caption":"Boutique One Piece"},"image":{"@id":"https:\/\/boutique-one-piece.com\/#\/schema\/logo\/image\/"}}]}},"_links":{"self":[{"href":"https:\/\/boutique-one-piece.com\/it\/wp-json\/wp\/v2\/product\/11803","targetHints":{"allow":["GET"]}}],"collection":[{"href":"https:\/\/boutique-one-piece.com\/it\/wp-json\/wp\/v2\/product"}],"about":[{"href":"https:\/\/boutique-one-piece.com\/it\/wp-json\/wp\/v2\/types\/product"}],"replies":[{"embeddable":true,"href":"https:\/\/boutique-one-piece.com\/it\/wp-json\/wp\/v2\/comments?post=11803"}],"wp:featuredmedia":[{"embeddable":true,"href":"https:\/\/boutique-one-piece.com\/it\/wp-json\/wp\/v2\/media\/11805"}],"wp:attachment":[{"href":"https:\/\/boutique-one-piece.com\/it\/wp-json\/wp\/v2\/media?parent=11803"}],"wp:term":[{"taxonomy":"product_brand","embeddable":true,"href":"https:\/\/boutique-one-piece.com\/it\/wp-json\/wp\/v2\/product_brand?post=11803"},{"taxonomy":"product_cat","embeddable":true,"href":"https:\/\/boutique-one-piece.com\/it\/wp-json\/wp\/v2\/product_cat?post=11803"},{"taxonomy":"product_tag","embeddable":true,"href":"https:\/\/boutique-one-piece.com\/it\/wp-json\/wp\/v2\/product_tag?post=11803"}],"curies":[{"name":"parola chiave","href":"https:\/\/api.w.org\/{rel}","templated":true}]}}