{"id":12008,"date":"2022-09-27T20:53:01","date_gmt":"2022-09-27T20:53:01","guid":{"rendered":"https:\/\/boutique-one-piece.com\/uncategorized\/peluche-chopper-cosplay-portgas-d-ace\/"},"modified":"2024-09-22T19:51:32","modified_gmt":"2024-09-22T19:51:32","slug":"peluche-chopper-cosplay-portugues-d-ace","status":"publish","type":"product","link":"https:\/\/boutique-one-piece.com\/it\/chicche-di-one-piece\/tony-goodies-tony-chopper-one-piece\/peluche-chopper-cosplay-portugues-d-ace\/","title":{"rendered":"Peluche Chopper Cosplay Portuguese D. Ace"},"content":{"rendered":"<h2>Giovane pirata, questo \u00e8 il tuo peluche Chopper Cosplay Portuguese D. Ace.<\/h2>\n<p>Tu retrouves ici Chopper en cosplay avec Ace. D\u2019ailleurs, <strong>Chopper<\/strong> n\u2019en est pas \u00e0 son coup d\u2019essai, tu peux te procurer d\u00e8s maintenant la <a title=\"SABO CHOPPER PELUCHE COSPLAY\" href=\"https:\/\/boutique-one-piece.com\/it\/chopper-peluche-cosplay-sabo\/\" target=\"_blank\" rel=\"noopener\">Chopper peluche cosplay Sabo<\/a>. Ceci \u00e9tant dit, Tony Tony Chopper est le m\u00e9decin au sein de l\u2019\u00e9quipage de Chapeau de Paille. D\u2019ailleurs, tu dois savoir que les demandes persistantes de Luffy pour que Chopper rejoigne l\u2019\u00e9quipage l\u2019ennuyaient beaucoup, mais cela l\u2019\u00e9mut aussi de voir que Luffy l\u2019aimait vraiment pour ses transformations, alors que toute sa vie, il avait \u00e9t\u00e9 rejet\u00e9 du fait de son apparence.<\/p>\n<p>Per quanto riguarda <strong>Portuguese D Ace<\/strong>, connu aussi sous le nom d\u00a0\u00bbAce aux Poings Ardents\u00a0\u00bb, c\u2019est le fr\u00e8re spirituel de Monkey D. Luffy et de Sabo. Il est aussi le seul fils du d\u00e9funt Roi des Pirates Gol D. Roger et de son \u00e9pouse Portgas D. Rouge. Enfin, tu n\u2019es pas sans savoir qu\u2019il meurt en paix, le sourire aux l\u00e8vres en sauvant son fr\u00e8re Luffy.<\/p>\n<h3>Alors, conquis par ce cosplay de Chopper avec Portgas D. Ace ? Si oui, n\u2019h\u00e9site plus et fais l\u2019acquisition de cette peluche.<\/h3>\n<p><strong>Giovane pirata<\/strong>, Unisciti al fantastico mondo di Rufy senza indugio. Questo universo, dove la pirateria regna sovrana, ti garantisce avventure emozionanti. Cattura questi oggetti mitici e vivi la tua avventura da giovane pirata.<strong> Un pezzo<\/strong> n\u2019attend que toi.<\/p>\n<h2>Informazioni sul peluche Chopper di One Piece:<\/h2>\n<ul>\n<li>\u00a0<b>Tipo di prodotto<\/b><span>\u00a0<\/span>Peluche manga One Piece<\/li>\n<\/ul>\n<ul>\n<li>\n<b>Utilizzo del Peluce<\/b>\u00a0Giocattoli, decorazioni, oggetti da collezione, regali<\/li>\n<\/ul>\n<ul>\n<li>\n<b>Nome del personaggio<\/b>\u00a0Tony Chopper<\/li>\n<\/ul>\n<ul>\n<li>\n<b>Dimensioni del peluche<\/b>\u00a0: 25 o 30 centimetri<\/li>\n<\/ul>\n<ul>\n<li>\n<b>Questione<\/b>\u00a0: Cotone<\/li>\n<\/ul>\n<ul>\n<li>\n<b>Et\u00e0 consigliata<\/b>\u00a0: pi\u00f9 di 3 anni<\/li>\n<\/ul>\n<ul>\n<li>\n<b>Consegna gratuita<\/b> per qualsiasi acquisto<\/li>\n<\/ul>","protected":false},"excerpt":{"rendered":"<p>Jeune pirate \u00e0 toi la Peluche Chopper Cosplay Portgas D Ace. Tu retrouves ici Chopper en cosplay avec Ace. D\u2019ailleurs, Chopper n\u2019en est pas \u00e0 son coup d\u2019essai, tu peux te procurer d\u00e8s maintenant la peluche Chopper cosplay Sabo. Ceci \u00e9tant dit, Tony Tony Chopper est le m\u00e9decin au sein de l\u2019\u00e9quipage de Chapeau de [&hellip;]<\/p>","protected":false},"featured_media":12010,"comment_status":"open","ping_status":"open","template":"","meta":[],"product_brand":[],"product_cat":[163,177],"product_tag":[165],"class_list":{"0":"post-12008","1":"product","2":"type-product","3":"status-publish","4":"has-post-thumbnail","6":"product_cat-goodies-tony-tony-chopper-one-piece","7":"product_cat-peluches-one-piece","8":"product_tag-chopper","10":"first","11":"instock","12":"purchasable","13":"product-type-variable"},"yoast_head":"<!-- This site is optimized with the Yoast SEO plugin v27.5 - https:\/\/yoast.com\/product\/yoast-seo-wordpress\/ -->\n<title>Peluche Chopper Cosplay Portgas D Ace | Boutique One Piece<\/title>\n<meta name=\"description\" content=\"D\u00e9couvrez la peluche One Piece Tony Chopper d\u00e9guis\u00e9 en Ace, elle est aussi douce que mignonne ! Commencez votre aventure de pirate \u00e0 la recherche du One Piece dans l&#039;\u00e9quipage du Chapeau de Paille\" \/>\n<meta name=\"robots\" content=\"index, follow, max-snippet:-1, max-image-preview:large, max-video-preview:-1\" \/>\n<link rel=\"canonical\" href=\"https:\/\/boutique-one-piece.com\/it\/peluche-di-one-piece\/peluche-chopper-cosplay-portugues-d-ace\/\" \/>\n<meta property=\"og:locale\" content=\"it_IT\" \/>\n<meta property=\"og:type\" content=\"article\" \/>\n<meta property=\"og:title\" content=\"Peluche Chopper Cosplay Portgas D Ace | Boutique One Piece\" \/>\n<meta property=\"og:description\" content=\"D\u00e9couvrez la peluche One Piece Tony Chopper d\u00e9guis\u00e9 en Ace, elle est aussi douce que mignonne ! Commencez votre aventure de pirate \u00e0 la recherche du One Piece dans l&#039;\u00e9quipage du Chapeau de Paille\" \/>\n<meta property=\"og:url\" content=\"https:\/\/boutique-one-piece.com\/it\/peluche-di-one-piece\/peluche-chopper-cosplay-portugues-d-ace\/\" \/>\n<meta property=\"og:site_name\" content=\"Boutique One Piece\" \/>\n<meta property=\"article:modified_time\" content=\"2024-09-22T19:51:32+00:00\" \/>\n<meta property=\"og:image\" content=\"https:\/\/boutique-one-piece.com\/wp-content\/uploads\/2022\/09\/Peluche-Chopper-Cosplay-Portgas-D-Ace.png\" \/>\n\t<meta property=\"og:image:width\" content=\"500\" \/>\n\t<meta property=\"og:image:height\" content=\"500\" \/>\n\t<meta property=\"og:image:type\" content=\"image\/png\" \/>\n<meta name=\"twitter:card\" content=\"summary_large_image\" \/>\n<meta name=\"twitter:label1\" content=\"Tempo di lettura stimato\" \/>\n\t<meta name=\"twitter:data1\" content=\"2 minuti\" \/>\n<script type=\"application\/ld+json\" class=\"yoast-schema-graph\">{\"@context\":\"https:\\\/\\\/schema.org\",\"@graph\":[{\"@type\":\"WebPage\",\"@id\":\"https:\\\/\\\/boutique-one-piece.com\\\/peluches-one-piece\\\/peluche-chopper-cosplay-portgas-d-ace\\\/\",\"url\":\"https:\\\/\\\/boutique-one-piece.com\\\/peluches-one-piece\\\/peluche-chopper-cosplay-portgas-d-ace\\\/\",\"name\":\"Peluche Chopper Cosplay Portgas D Ace | Boutique One Piece\",\"isPartOf\":{\"@id\":\"https:\\\/\\\/boutique-one-piece.com\\\/#website\"},\"primaryImageOfPage\":{\"@id\":\"https:\\\/\\\/boutique-one-piece.com\\\/peluches-one-piece\\\/peluche-chopper-cosplay-portgas-d-ace\\\/#primaryimage\"},\"image\":{\"@id\":\"https:\\\/\\\/boutique-one-piece.com\\\/peluches-one-piece\\\/peluche-chopper-cosplay-portgas-d-ace\\\/#primaryimage\"},\"thumbnailUrl\":\"https:\\\/\\\/boutique-one-piece.com\\\/wp-content\\\/uploads\\\/2022\\\/09\\\/Peluche-Chopper-Cosplay-Portgas-D-Ace.png\",\"datePublished\":\"2022-09-27T20:53:01+00:00\",\"dateModified\":\"2024-09-22T19:51:32+00:00\",\"description\":\"D\u00e9couvrez la peluche One Piece Tony Chopper d\u00e9guis\u00e9 en Ace, elle est aussi douce que mignonne ! Commencez votre aventure de pirate \u00e0 la recherche du One Piece dans l'\u00e9quipage du Chapeau de Paille\",\"breadcrumb\":{\"@id\":\"https:\\\/\\\/boutique-one-piece.com\\\/peluches-one-piece\\\/peluche-chopper-cosplay-portgas-d-ace\\\/#breadcrumb\"},\"inLanguage\":\"it-IT\",\"potentialAction\":[{\"@type\":\"ReadAction\",\"target\":[\"https:\\\/\\\/boutique-one-piece.com\\\/peluches-one-piece\\\/peluche-chopper-cosplay-portgas-d-ace\\\/\"]}]},{\"@type\":\"ImageObject\",\"inLanguage\":\"it-IT\",\"@id\":\"https:\\\/\\\/boutique-one-piece.com\\\/peluches-one-piece\\\/peluche-chopper-cosplay-portgas-d-ace\\\/#primaryimage\",\"url\":\"https:\\\/\\\/boutique-one-piece.com\\\/wp-content\\\/uploads\\\/2022\\\/09\\\/Peluche-Chopper-Cosplay-Portgas-D-Ace.png\",\"contentUrl\":\"https:\\\/\\\/boutique-one-piece.com\\\/wp-content\\\/uploads\\\/2022\\\/09\\\/Peluche-Chopper-Cosplay-Portgas-D-Ace.png\",\"width\":500,\"height\":500,\"caption\":\"Peluche Chopper Cosplay Portgas D Ace 30cm\"},{\"@type\":\"BreadcrumbList\",\"@id\":\"https:\\\/\\\/boutique-one-piece.com\\\/peluches-one-piece\\\/peluche-chopper-cosplay-portgas-d-ace\\\/#breadcrumb\",\"itemListElement\":[{\"@type\":\"ListItem\",\"position\":1,\"name\":\"Home\",\"item\":\"https:\\\/\\\/boutique-one-piece.com\\\/\"},{\"@type\":\"ListItem\",\"position\":2,\"name\":\"Shop\",\"item\":\"https:\\\/\\\/boutique-one-piece.com\\\/shop\\\/\"},{\"@type\":\"ListItem\",\"position\":3,\"name\":\"Peluche Chopper Cosplay Portgas D Ace\"}]},{\"@type\":\"WebSite\",\"@id\":\"https:\\\/\\\/boutique-one-piece.com\\\/#website\",\"url\":\"https:\\\/\\\/boutique-one-piece.com\\\/\",\"name\":\"Boutique One Piece\",\"description\":\"Magasin Sp\u00e9cialis\u00e9 du Manga et l&#039;Anime One Piece\",\"publisher\":{\"@id\":\"https:\\\/\\\/boutique-one-piece.com\\\/#organization\"},\"potentialAction\":[{\"@type\":\"SearchAction\",\"target\":{\"@type\":\"EntryPoint\",\"urlTemplate\":\"https:\\\/\\\/boutique-one-piece.com\\\/?s={search_term_string}\"},\"query-input\":{\"@type\":\"PropertyValueSpecification\",\"valueRequired\":true,\"valueName\":\"search_term_string\"}}],\"inLanguage\":\"it-IT\"},{\"@type\":\"Organization\",\"@id\":\"https:\\\/\\\/boutique-one-piece.com\\\/#organization\",\"name\":\"Boutique One Piece\",\"url\":\"https:\\\/\\\/boutique-one-piece.com\\\/\",\"logo\":{\"@type\":\"ImageObject\",\"inLanguage\":\"it-IT\",\"@id\":\"https:\\\/\\\/boutique-one-piece.com\\\/#\\\/schema\\\/logo\\\/image\\\/\",\"url\":\"https:\\\/\\\/boutique-one-piece.com\\\/wp-content\\\/uploads\\\/2022\\\/09\\\/Logo-01.png\",\"contentUrl\":\"https:\\\/\\\/boutique-one-piece.com\\\/wp-content\\\/uploads\\\/2022\\\/09\\\/Logo-01.png\",\"width\":2318,\"height\":957,\"caption\":\"Boutique One Piece\"},\"image\":{\"@id\":\"https:\\\/\\\/boutique-one-piece.com\\\/#\\\/schema\\\/logo\\\/image\\\/\"}}]}<\/script>\n<!-- \/ Yoast SEO plugin. -->","yoast_head_json":{"title":"Peluche Chopper Cosplay Portuguese D. Ace | Negozio One Piece","description":"Scopri il peluche di Tony Chopper di One Piece vestito da Ace: \u00e8 tanto morbido quanto carino! Inizia la tua avventura piratesca alla ricerca di One Piece con la ciurma di Cappello di Paglia.","robots":{"index":"index","follow":"follow","max-snippet":"max-snippet:-1","max-image-preview":"max-image-preview:large","max-video-preview":"max-video-preview:-1"},"canonical":"https:\/\/boutique-one-piece.com\/it\/peluche-di-one-piece\/peluche-chopper-cosplay-portugues-d-ace\/","og_locale":"it_IT","og_type":"article","og_title":"Peluche Chopper Cosplay Portgas D Ace | Boutique One Piece","og_description":"D\u00e9couvrez la peluche One Piece Tony Chopper d\u00e9guis\u00e9 en Ace, elle est aussi douce que mignonne ! Commencez votre aventure de pirate \u00e0 la recherche du One Piece dans l'\u00e9quipage du Chapeau de Paille","og_url":"https:\/\/boutique-one-piece.com\/it\/peluche-di-one-piece\/peluche-chopper-cosplay-portugues-d-ace\/","og_site_name":"Boutique One Piece","article_modified_time":"2024-09-22T19:51:32+00:00","og_image":[{"width":500,"height":500,"url":"https:\/\/boutique-one-piece.com\/wp-content\/uploads\/2022\/09\/Peluche-Chopper-Cosplay-Portgas-D-Ace.png","type":"image\/png"}],"twitter_card":"summary_large_image","twitter_misc":{"Tempo di lettura stimato":"2 minuti"},"schema":{"@context":"https:\/\/schema.org","@graph":[{"@type":"WebPage","@id":"https:\/\/boutique-one-piece.com\/peluches-one-piece\/peluche-chopper-cosplay-portgas-d-ace\/","url":"https:\/\/boutique-one-piece.com\/peluches-one-piece\/peluche-chopper-cosplay-portgas-d-ace\/","name":"Peluche Chopper Cosplay Portuguese D. Ace | Negozio One Piece","isPartOf":{"@id":"https:\/\/boutique-one-piece.com\/#website"},"primaryImageOfPage":{"@id":"https:\/\/boutique-one-piece.com\/peluches-one-piece\/peluche-chopper-cosplay-portgas-d-ace\/#primaryimage"},"image":{"@id":"https:\/\/boutique-one-piece.com\/peluches-one-piece\/peluche-chopper-cosplay-portgas-d-ace\/#primaryimage"},"thumbnailUrl":"https:\/\/boutique-one-piece.com\/wp-content\/uploads\/2022\/09\/Peluche-Chopper-Cosplay-Portgas-D-Ace.png","datePublished":"2022-09-27T20:53:01+00:00","dateModified":"2024-09-22T19:51:32+00:00","description":"Scopri il peluche di Tony Chopper di One Piece vestito da Ace: \u00e8 tanto morbido quanto carino! Inizia la tua avventura piratesca alla ricerca di One Piece con la ciurma di Cappello di Paglia.","breadcrumb":{"@id":"https:\/\/boutique-one-piece.com\/peluches-one-piece\/peluche-chopper-cosplay-portgas-d-ace\/#breadcrumb"},"inLanguage":"it-IT","potentialAction":[{"@type":"ReadAction","target":["https:\/\/boutique-one-piece.com\/peluches-one-piece\/peluche-chopper-cosplay-portgas-d-ace\/"]}]},{"@type":"ImageObject","inLanguage":"it-IT","@id":"https:\/\/boutique-one-piece.com\/peluches-one-piece\/peluche-chopper-cosplay-portgas-d-ace\/#primaryimage","url":"https:\/\/boutique-one-piece.com\/wp-content\/uploads\/2022\/09\/Peluche-Chopper-Cosplay-Portgas-D-Ace.png","contentUrl":"https:\/\/boutique-one-piece.com\/wp-content\/uploads\/2022\/09\/Peluche-Chopper-Cosplay-Portgas-D-Ace.png","width":500,"height":500,"caption":"Peluche Chopper Cosplay Portgas D Ace 30cm"},{"@type":"BreadcrumbList","@id":"https:\/\/boutique-one-piece.com\/peluches-one-piece\/peluche-chopper-cosplay-portgas-d-ace\/#breadcrumb","itemListElement":[{"@type":"ListItem","position":1,"name":"Home","item":"https:\/\/boutique-one-piece.com\/"},{"@type":"ListItem","position":2,"name":"Shop","item":"https:\/\/boutique-one-piece.com\/shop\/"},{"@type":"ListItem","position":3,"name":"Peluche Chopper Cosplay Portgas D Ace"}]},{"@type":"WebSite","@id":"https:\/\/boutique-one-piece.com\/#website","url":"https:\/\/boutique-one-piece.com\/","name":"Negozio One Piece","description":"Negozio specializzato in manga e anime di One Piece","publisher":{"@id":"https:\/\/boutique-one-piece.com\/#organization"},"potentialAction":[{"@type":"SearchAction","target":{"@type":"EntryPoint","urlTemplate":"https:\/\/boutique-one-piece.com\/?s={search_term_string}"},"query-input":{"@type":"PropertyValueSpecification","valueRequired":true,"valueName":"search_term_string"}}],"inLanguage":"it-IT"},{"@type":"Organization","@id":"https:\/\/boutique-one-piece.com\/#organization","name":"Negozio One Piece","url":"https:\/\/boutique-one-piece.com\/","logo":{"@type":"ImageObject","inLanguage":"it-IT","@id":"https:\/\/boutique-one-piece.com\/#\/schema\/logo\/image\/","url":"https:\/\/boutique-one-piece.com\/wp-content\/uploads\/2022\/09\/Logo-01.png","contentUrl":"https:\/\/boutique-one-piece.com\/wp-content\/uploads\/2022\/09\/Logo-01.png","width":2318,"height":957,"caption":"Boutique One Piece"},"image":{"@id":"https:\/\/boutique-one-piece.com\/#\/schema\/logo\/image\/"}}]}},"_links":{"self":[{"href":"https:\/\/boutique-one-piece.com\/it\/wp-json\/wp\/v2\/product\/12008","targetHints":{"allow":["GET"]}}],"collection":[{"href":"https:\/\/boutique-one-piece.com\/it\/wp-json\/wp\/v2\/product"}],"about":[{"href":"https:\/\/boutique-one-piece.com\/it\/wp-json\/wp\/v2\/types\/product"}],"replies":[{"embeddable":true,"href":"https:\/\/boutique-one-piece.com\/it\/wp-json\/wp\/v2\/comments?post=12008"}],"wp:featuredmedia":[{"embeddable":true,"href":"https:\/\/boutique-one-piece.com\/it\/wp-json\/wp\/v2\/media\/12010"}],"wp:attachment":[{"href":"https:\/\/boutique-one-piece.com\/it\/wp-json\/wp\/v2\/media?parent=12008"}],"wp:term":[{"taxonomy":"product_brand","embeddable":true,"href":"https:\/\/boutique-one-piece.com\/it\/wp-json\/wp\/v2\/product_brand?post=12008"},{"taxonomy":"product_cat","embeddable":true,"href":"https:\/\/boutique-one-piece.com\/it\/wp-json\/wp\/v2\/product_cat?post=12008"},{"taxonomy":"product_tag","embeddable":true,"href":"https:\/\/boutique-one-piece.com\/it\/wp-json\/wp\/v2\/product_tag?post=12008"}],"curies":[{"name":"parola chiave","href":"https:\/\/api.w.org\/{rel}","templated":true}]}}