{"id":12067,"date":"2022-09-27T20:53:18","date_gmt":"2022-09-27T20:53:18","guid":{"rendered":"https:\/\/boutique-one-piece.com\/uncategorized\/figurine-one-piece-ace-enflamme\/"},"modified":"2024-09-16T12:46:19","modified_gmt":"2024-09-16T12:46:19","slug":"statuetta-di-ace-ignites-di-one-piece","status":"publish","type":"product","link":"https:\/\/boutique-one-piece.com\/it\/figurine-di-one-piece\/figurine-portoghesi-dace\/statuetta-di-ace-ignites-di-one-piece\/","title":{"rendered":"Figura di Ace Ignites di One Piece"},"content":{"rendered":"<h2>Giovane pirata, \u00e8 giunto il momento di procurarti questa statuetta di One Piece Flaming Ace.<\/h2>\n<p>Come promemoria, <strong>Il Mera Mera no Mi<\/strong>, est un Fruit du D\u00e9mon de type Logia qui permet \u00e0 son utilisateur de cr\u00e9er, contr\u00f4ler et de se transformer en feu \u00e0 volont\u00e9, changeant l\u2019utilisateur en un Homme-Feu. Ce fruit fut mang\u00e9 par <strong>Portuguese D. Ace<\/strong> poi, alla morte di quest&#039;ultimo, da <strong>Sabo<\/strong>. D\u2019ailleurs, si tu souhaites agrandir ta collection de figurines, la <a title=\"ONE PIECE SABO MERA MERA NO MI FIGURE\" href=\"https:\/\/boutique-one-piece.com\/it\/one-piece-sabo-mera-mera-no-mi-figurine\/\" target=\"_blank\" rel=\"noopener\">Figurina Sabo<\/a> in azione grazie al suo Mera Mera no Mi \u00e8 alla tua portata.<\/p>\n<p>Pour en revenir \u00e0 Ace, tu n\u2019es pas sans savoir qu\u2019il est aussi connu sous le nom d\u00a0\u00bbAce aux Poings Ardents\u00a0\u00bb. C\u2019est \u00e9galement le fr\u00e8re spirituel de Monkey D. Luffy et de Sabo. Il est le seul fils du d\u00e9funt Roi des Pirates Gol D. Roger et de son \u00e9pouse Portgas D. Rouge. Il fut adopt\u00e9 par Monkey D. Garp \u00e0 sa naissance sous la requ\u00eate de Gol D. Roger, puis \u00e9lev\u00e9 par la famille Dadan tout comme Luffy. Enfin, Ace d\u00e9c\u00e9da suite \u00e0 un combat avec Akainu, qui lui a balanc\u00e9 un poing avec le Haki de l\u2019Armement.<\/p>\n<h3>Alors, conquis par la figurine de Ace enflamm\u00e9 ? Si tel est le cas, n\u2019h\u00e9site pas et saute sur l\u2019occasion de faire partie de cette fratrie spirituelle.<\/h3>\n<p>Que tu sois un fan de la premi\u00e8re heure ou un fin collectionneur, tu n\u2019as plus \u00e0 chercher, <strong>questi oggetti mitici<\/strong> espander\u00e0 il tuo universo di One Piece. Giovane pirata, prendi il tuo destino nelle tue mani e imbarcati nella <strong>Mille Sunny<\/strong>. L\u2019\u00e9quipage t\u2019attend ! En route vers le tr\u00e9sor du One Piece.<\/p>\n<h2>Informazioni sulla statuetta Ace Flame\u00a0<\/h2>\n<ul>\n<li><span><b><u>Figurina di One Piece<\/u><\/b>\u00a0: Figurine\u00a0 premium de l\u2019univers One Piece pour les vrais pirates<\/span><\/li>\n<\/ul>\n<ul>\n<li>\n<b>Questione<\/b><span>\u00a0<\/span>PVC<\/li>\n<\/ul>\n<ul>\n<li><span><strong>Dimensione<\/strong>\u00a0: 13 centimetri<\/span><\/li>\n<\/ul>\n<ul>\n<li><span><strong>CONSEGNA GRATUITA<\/strong><\/span><\/li>\n<\/ul>","protected":false},"excerpt":{"rendered":"<p>Jeune pirate, le moment est venu pour toi de te procurer cette Figurine One Piece Ace Enflamme. Pour rappel, Le Mera Mera no Mi, est un Fruit du D\u00e9mon de type Logia qui permet \u00e0 son utilisateur de cr\u00e9er, contr\u00f4ler et de se transformer en feu \u00e0 volont\u00e9, changeant l\u2019utilisateur en un Homme-Feu. Ce fruit [&hellip;]<\/p>","protected":false},"featured_media":12069,"comment_status":"open","ping_status":"open","template":"","meta":[],"product_brand":[],"product_cat":[76,179],"product_tag":[176],"class_list":{"0":"post-12067","1":"product","2":"type-product","3":"status-publish","4":"has-post-thumbnail","6":"product_cat-figurines-one-piece","7":"product_cat-figurines-portgas-d-ace","8":"product_tag-ace","10":"first","11":"instock","12":"purchasable","13":"product-type-simple"},"yoast_head":"<!-- This site is optimized with the Yoast SEO plugin v27.5 - https:\/\/yoast.com\/product\/yoast-seo-wordpress\/ -->\n<title>Figurine One Piece Ace Enflamme | Figurine One Piece \u2013 Boutique One Piece<\/title>\n<meta name=\"description\" content=\"Jeune pirate, le moment est venu pour toi de te procurer cette Figurine One Piece Ace Enflamme. Pour rappel, Le Mera Mera no Mi, est un Fruit du D\u00e9mon de type Logia qui permet \u00e0 son utilisateur de cr\u00e9er, contr\u00f4ler et de se transformer en feu \u00e0 volont\u00e9, changeant l&#039;utilisateur en un Homme-Feu. Ce fruit fut mang\u00e9 par Por\" \/>\n<meta name=\"robots\" content=\"index, follow, max-snippet:-1, max-image-preview:large, max-video-preview:-1\" \/>\n<link rel=\"canonical\" href=\"https:\/\/boutique-one-piece.com\/it\/figurine-di-one-piece\/figurine-portoghesi-dace\/statuetta-di-ace-ignites-di-one-piece\/\" \/>\n<meta property=\"og:locale\" content=\"it_IT\" \/>\n<meta property=\"og:type\" content=\"article\" \/>\n<meta property=\"og:title\" content=\"Figurine One Piece Ace Enflamme | Figurine One Piece \u2013 Boutique One Piece\" \/>\n<meta property=\"og:description\" content=\"Jeune pirate, le moment est venu pour toi de te procurer cette Figurine One Piece Ace Enflamme. Pour rappel, Le Mera Mera no Mi, est un Fruit du D\u00e9mon de type Logia qui permet \u00e0 son utilisateur de cr\u00e9er, contr\u00f4ler et de se transformer en feu \u00e0 volont\u00e9, changeant l&#039;utilisateur en un Homme-Feu. Ce fruit fut mang\u00e9 par Por\" \/>\n<meta property=\"og:url\" content=\"https:\/\/boutique-one-piece.com\/it\/figurine-di-one-piece\/figurine-portoghesi-dace\/statuetta-di-ace-ignites-di-one-piece\/\" \/>\n<meta property=\"og:site_name\" content=\"Boutique One Piece\" \/>\n<meta property=\"article:modified_time\" content=\"2024-09-16T12:46:19+00:00\" \/>\n<meta property=\"og:image\" content=\"https:\/\/boutique-one-piece.com\/wp-content\/uploads\/2022\/09\/Figurine-One-Piece-Ace-Enflamme-1.jpg\" \/>\n\t<meta property=\"og:image:width\" content=\"1000\" \/>\n\t<meta property=\"og:image:height\" content=\"1000\" \/>\n\t<meta property=\"og:image:type\" content=\"image\/jpeg\" \/>\n<meta name=\"twitter:card\" content=\"summary_large_image\" \/>\n<meta name=\"twitter:label1\" content=\"Tempo di lettura stimato\" \/>\n\t<meta name=\"twitter:data1\" content=\"2 minuti\" \/>\n<script type=\"application\/ld+json\" class=\"yoast-schema-graph\">{\"@context\":\"https:\\\/\\\/schema.org\",\"@graph\":[{\"@type\":\"WebPage\",\"@id\":\"https:\\\/\\\/boutique-one-piece.com\\\/figurines-one-piece\\\/figurines-portgas-d-ace\\\/figurine-one-piece-ace-enflamme\\\/\",\"url\":\"https:\\\/\\\/boutique-one-piece.com\\\/figurines-one-piece\\\/figurines-portgas-d-ace\\\/figurine-one-piece-ace-enflamme\\\/\",\"name\":\"Figurine One Piece Ace Enflamme | Figurine One Piece \u2013 Boutique One Piece\",\"isPartOf\":{\"@id\":\"https:\\\/\\\/boutique-one-piece.com\\\/#website\"},\"primaryImageOfPage\":{\"@id\":\"https:\\\/\\\/boutique-one-piece.com\\\/figurines-one-piece\\\/figurines-portgas-d-ace\\\/figurine-one-piece-ace-enflamme\\\/#primaryimage\"},\"image\":{\"@id\":\"https:\\\/\\\/boutique-one-piece.com\\\/figurines-one-piece\\\/figurines-portgas-d-ace\\\/figurine-one-piece-ace-enflamme\\\/#primaryimage\"},\"thumbnailUrl\":\"https:\\\/\\\/boutique-one-piece.com\\\/wp-content\\\/uploads\\\/2022\\\/09\\\/Figurine-One-Piece-Ace-Enflamme-1.jpg\",\"datePublished\":\"2022-09-27T20:53:18+00:00\",\"dateModified\":\"2024-09-16T12:46:19+00:00\",\"description\":\"Jeune pirate, le moment est venu pour toi de te procurer cette Figurine One Piece Ace Enflamme. Pour rappel, Le Mera Mera no Mi, est un Fruit du D\u00e9mon de type Logia qui permet \u00e0 son utilisateur de cr\u00e9er, contr\u00f4ler et de se transformer en feu \u00e0 volont\u00e9, changeant l'utilisateur en un Homme-Feu. Ce fruit fut mang\u00e9 par Por\",\"breadcrumb\":{\"@id\":\"https:\\\/\\\/boutique-one-piece.com\\\/figurines-one-piece\\\/figurines-portgas-d-ace\\\/figurine-one-piece-ace-enflamme\\\/#breadcrumb\"},\"inLanguage\":\"it-IT\",\"potentialAction\":[{\"@type\":\"ReadAction\",\"target\":[\"https:\\\/\\\/boutique-one-piece.com\\\/figurines-one-piece\\\/figurines-portgas-d-ace\\\/figurine-one-piece-ace-enflamme\\\/\"]}]},{\"@type\":\"ImageObject\",\"inLanguage\":\"it-IT\",\"@id\":\"https:\\\/\\\/boutique-one-piece.com\\\/figurines-one-piece\\\/figurines-portgas-d-ace\\\/figurine-one-piece-ace-enflamme\\\/#primaryimage\",\"url\":\"https:\\\/\\\/boutique-one-piece.com\\\/wp-content\\\/uploads\\\/2022\\\/09\\\/Figurine-One-Piece-Ace-Enflamme-1.jpg\",\"contentUrl\":\"https:\\\/\\\/boutique-one-piece.com\\\/wp-content\\\/uploads\\\/2022\\\/09\\\/Figurine-One-Piece-Ace-Enflamme-1.jpg\",\"width\":1000,\"height\":1000},{\"@type\":\"BreadcrumbList\",\"@id\":\"https:\\\/\\\/boutique-one-piece.com\\\/figurines-one-piece\\\/figurines-portgas-d-ace\\\/figurine-one-piece-ace-enflamme\\\/#breadcrumb\",\"itemListElement\":[{\"@type\":\"ListItem\",\"position\":1,\"name\":\"Home\",\"item\":\"https:\\\/\\\/boutique-one-piece.com\\\/\"},{\"@type\":\"ListItem\",\"position\":2,\"name\":\"Shop\",\"item\":\"https:\\\/\\\/boutique-one-piece.com\\\/shop\\\/\"},{\"@type\":\"ListItem\",\"position\":3,\"name\":\"Figurine One Piece Ace Enflamme\"}]},{\"@type\":\"WebSite\",\"@id\":\"https:\\\/\\\/boutique-one-piece.com\\\/#website\",\"url\":\"https:\\\/\\\/boutique-one-piece.com\\\/\",\"name\":\"Boutique One Piece\",\"description\":\"Magasin Sp\u00e9cialis\u00e9 du Manga et l&#039;Anime One Piece\",\"publisher\":{\"@id\":\"https:\\\/\\\/boutique-one-piece.com\\\/#organization\"},\"potentialAction\":[{\"@type\":\"SearchAction\",\"target\":{\"@type\":\"EntryPoint\",\"urlTemplate\":\"https:\\\/\\\/boutique-one-piece.com\\\/?s={search_term_string}\"},\"query-input\":{\"@type\":\"PropertyValueSpecification\",\"valueRequired\":true,\"valueName\":\"search_term_string\"}}],\"inLanguage\":\"it-IT\"},{\"@type\":\"Organization\",\"@id\":\"https:\\\/\\\/boutique-one-piece.com\\\/#organization\",\"name\":\"Boutique One Piece\",\"url\":\"https:\\\/\\\/boutique-one-piece.com\\\/\",\"logo\":{\"@type\":\"ImageObject\",\"inLanguage\":\"it-IT\",\"@id\":\"https:\\\/\\\/boutique-one-piece.com\\\/#\\\/schema\\\/logo\\\/image\\\/\",\"url\":\"https:\\\/\\\/boutique-one-piece.com\\\/wp-content\\\/uploads\\\/2022\\\/09\\\/Logo-01.png\",\"contentUrl\":\"https:\\\/\\\/boutique-one-piece.com\\\/wp-content\\\/uploads\\\/2022\\\/09\\\/Logo-01.png\",\"width\":2318,\"height\":957,\"caption\":\"Boutique One Piece\"},\"image\":{\"@id\":\"https:\\\/\\\/boutique-one-piece.com\\\/#\\\/schema\\\/logo\\\/image\\\/\"}}]}<\/script>\n<!-- \/ Yoast SEO plugin. -->","yoast_head_json":{"title":"Figura di Ace Ignite di One Piece | Figura di One Piece \u2013 Negozio di One Piece","description":"Giovane pirata, \u00e8 giunto il momento di mettere le mani su questa statuetta di One Piece Flame Ace. Ricordiamo che il Mera Mera no Mi \u00e8 un frutto del diavolo di tipo Rogia che permette a chi lo usa di creare, controllare e trasformarsi in fuoco a piacimento, trasformandosi in un Uomo di Fuoco. Questo frutto \u00e8 stato mangiato da Porlyon.","robots":{"index":"index","follow":"follow","max-snippet":"max-snippet:-1","max-image-preview":"max-image-preview:large","max-video-preview":"max-video-preview:-1"},"canonical":"https:\/\/boutique-one-piece.com\/it\/figurine-di-one-piece\/figurine-portoghesi-dace\/statuetta-di-ace-ignites-di-one-piece\/","og_locale":"it_IT","og_type":"article","og_title":"Figurine One Piece Ace Enflamme | Figurine One Piece \u2013 Boutique One Piece","og_description":"Jeune pirate, le moment est venu pour toi de te procurer cette Figurine One Piece Ace Enflamme. Pour rappel, Le Mera Mera no Mi, est un Fruit du D\u00e9mon de type Logia qui permet \u00e0 son utilisateur de cr\u00e9er, contr\u00f4ler et de se transformer en feu \u00e0 volont\u00e9, changeant l'utilisateur en un Homme-Feu. Ce fruit fut mang\u00e9 par Por","og_url":"https:\/\/boutique-one-piece.com\/it\/figurine-di-one-piece\/figurine-portoghesi-dace\/statuetta-di-ace-ignites-di-one-piece\/","og_site_name":"Boutique One Piece","article_modified_time":"2024-09-16T12:46:19+00:00","og_image":[{"width":1000,"height":1000,"url":"https:\/\/boutique-one-piece.com\/wp-content\/uploads\/2022\/09\/Figurine-One-Piece-Ace-Enflamme-1.jpg","type":"image\/jpeg"}],"twitter_card":"summary_large_image","twitter_misc":{"Tempo di lettura stimato":"2 minuti"},"schema":{"@context":"https:\/\/schema.org","@graph":[{"@type":"WebPage","@id":"https:\/\/boutique-one-piece.com\/figurines-one-piece\/figurines-portgas-d-ace\/figurine-one-piece-ace-enflamme\/","url":"https:\/\/boutique-one-piece.com\/figurines-one-piece\/figurines-portgas-d-ace\/figurine-one-piece-ace-enflamme\/","name":"Figura di Ace Ignite di One Piece | Figura di One Piece \u2013 Negozio di One Piece","isPartOf":{"@id":"https:\/\/boutique-one-piece.com\/#website"},"primaryImageOfPage":{"@id":"https:\/\/boutique-one-piece.com\/figurines-one-piece\/figurines-portgas-d-ace\/figurine-one-piece-ace-enflamme\/#primaryimage"},"image":{"@id":"https:\/\/boutique-one-piece.com\/figurines-one-piece\/figurines-portgas-d-ace\/figurine-one-piece-ace-enflamme\/#primaryimage"},"thumbnailUrl":"https:\/\/boutique-one-piece.com\/wp-content\/uploads\/2022\/09\/Figurine-One-Piece-Ace-Enflamme-1.jpg","datePublished":"2022-09-27T20:53:18+00:00","dateModified":"2024-09-16T12:46:19+00:00","description":"Giovane pirata, \u00e8 giunto il momento di mettere le mani su questa statuetta di One Piece Flame Ace. Ricordiamo che il Mera Mera no Mi \u00e8 un frutto del diavolo di tipo Rogia che permette a chi lo usa di creare, controllare e trasformarsi in fuoco a piacimento, trasformandosi in un Uomo di Fuoco. Questo frutto \u00e8 stato mangiato da Porlyon.","breadcrumb":{"@id":"https:\/\/boutique-one-piece.com\/figurines-one-piece\/figurines-portgas-d-ace\/figurine-one-piece-ace-enflamme\/#breadcrumb"},"inLanguage":"it-IT","potentialAction":[{"@type":"ReadAction","target":["https:\/\/boutique-one-piece.com\/figurines-one-piece\/figurines-portgas-d-ace\/figurine-one-piece-ace-enflamme\/"]}]},{"@type":"ImageObject","inLanguage":"it-IT","@id":"https:\/\/boutique-one-piece.com\/figurines-one-piece\/figurines-portgas-d-ace\/figurine-one-piece-ace-enflamme\/#primaryimage","url":"https:\/\/boutique-one-piece.com\/wp-content\/uploads\/2022\/09\/Figurine-One-Piece-Ace-Enflamme-1.jpg","contentUrl":"https:\/\/boutique-one-piece.com\/wp-content\/uploads\/2022\/09\/Figurine-One-Piece-Ace-Enflamme-1.jpg","width":1000,"height":1000},{"@type":"BreadcrumbList","@id":"https:\/\/boutique-one-piece.com\/figurines-one-piece\/figurines-portgas-d-ace\/figurine-one-piece-ace-enflamme\/#breadcrumb","itemListElement":[{"@type":"ListItem","position":1,"name":"Home","item":"https:\/\/boutique-one-piece.com\/"},{"@type":"ListItem","position":2,"name":"Shop","item":"https:\/\/boutique-one-piece.com\/shop\/"},{"@type":"ListItem","position":3,"name":"Figurine One Piece Ace Enflamme"}]},{"@type":"WebSite","@id":"https:\/\/boutique-one-piece.com\/#website","url":"https:\/\/boutique-one-piece.com\/","name":"Negozio One Piece","description":"Negozio specializzato in manga e anime di One Piece","publisher":{"@id":"https:\/\/boutique-one-piece.com\/#organization"},"potentialAction":[{"@type":"SearchAction","target":{"@type":"EntryPoint","urlTemplate":"https:\/\/boutique-one-piece.com\/?s={search_term_string}"},"query-input":{"@type":"PropertyValueSpecification","valueRequired":true,"valueName":"search_term_string"}}],"inLanguage":"it-IT"},{"@type":"Organization","@id":"https:\/\/boutique-one-piece.com\/#organization","name":"Negozio One Piece","url":"https:\/\/boutique-one-piece.com\/","logo":{"@type":"ImageObject","inLanguage":"it-IT","@id":"https:\/\/boutique-one-piece.com\/#\/schema\/logo\/image\/","url":"https:\/\/boutique-one-piece.com\/wp-content\/uploads\/2022\/09\/Logo-01.png","contentUrl":"https:\/\/boutique-one-piece.com\/wp-content\/uploads\/2022\/09\/Logo-01.png","width":2318,"height":957,"caption":"Boutique One Piece"},"image":{"@id":"https:\/\/boutique-one-piece.com\/#\/schema\/logo\/image\/"}}]}},"_links":{"self":[{"href":"https:\/\/boutique-one-piece.com\/it\/wp-json\/wp\/v2\/product\/12067","targetHints":{"allow":["GET"]}}],"collection":[{"href":"https:\/\/boutique-one-piece.com\/it\/wp-json\/wp\/v2\/product"}],"about":[{"href":"https:\/\/boutique-one-piece.com\/it\/wp-json\/wp\/v2\/types\/product"}],"replies":[{"embeddable":true,"href":"https:\/\/boutique-one-piece.com\/it\/wp-json\/wp\/v2\/comments?post=12067"}],"wp:featuredmedia":[{"embeddable":true,"href":"https:\/\/boutique-one-piece.com\/it\/wp-json\/wp\/v2\/media\/12069"}],"wp:attachment":[{"href":"https:\/\/boutique-one-piece.com\/it\/wp-json\/wp\/v2\/media?parent=12067"}],"wp:term":[{"taxonomy":"product_brand","embeddable":true,"href":"https:\/\/boutique-one-piece.com\/it\/wp-json\/wp\/v2\/product_brand?post=12067"},{"taxonomy":"product_cat","embeddable":true,"href":"https:\/\/boutique-one-piece.com\/it\/wp-json\/wp\/v2\/product_cat?post=12067"},{"taxonomy":"product_tag","embeddable":true,"href":"https:\/\/boutique-one-piece.com\/it\/wp-json\/wp\/v2\/product_tag?post=12067"}],"curies":[{"name":"parola chiave","href":"https:\/\/api.w.org\/{rel}","templated":true}]}}