{"id":12428,"date":"2022-09-27T20:55:42","date_gmt":"2022-09-27T20:55:42","guid":{"rendered":"https:\/\/boutique-one-piece.com\/uncategorized\/maillot-imprime-one-piece-barbe-noire-aokiji-luffy\/"},"modified":"2024-09-16T12:54:53","modified_gmt":"2024-09-16T12:54:53","slug":"maglia-stampata-one-piece-barbanera-aokiji-rufy","status":"publish","type":"product","link":"https:\/\/boutique-one-piece.com\/it\/vestiti-one-piece\/magliette-one-piece\/maglia-stampata-one-piece-barbanera-aokiji-rufy\/","title":{"rendered":"Maglietta stampata di One Piece con Barbanera, Aokiji e Rufy"},"content":{"rendered":"<h2>\n<b>Maglietta intima stampata di One Piece raffigurante Marshall D. Teach, Kuzan Aokiji e Luffy che eseguono un Gomu Gomu No Red Hawk.\u00a0<\/b>Una maglia di qualit\u00e0 super per un pirata come te!<\/h2>\n<p>Se sei un\u00a0<strong>vero pirata<\/strong>, Apprezzerai il\u00a0<strong>qualit\u00e0<\/strong>\u00a0tessuto e\u00a0<strong>Stampa 3D su tela<\/strong>\u00a0di questo\u00a0<strong>Maglietta One Piece<\/strong>\u00a0Ma la cosa pi\u00f9 importante, con questo\u00a0<strong>maglia nera stampata<\/strong>\u00a0questo perch\u00e9 farai parte di\u00a0<strong>la troupe dei fan<\/strong>\u00a0Di\u00a0<strong>manga pirata<\/strong>\u00a0e otterrai:<\/p>\n<ul>\n<li>\u00a0<strong>Ammirazione<\/strong>\u00a0di tutti i fan di\u00a0<strong>mugiwara<\/strong>\u00a0che incontrerai<\/li>\n<\/ul>\n<ul>\n<li>Un vero\u00a0<strong>maglietta stampata<\/strong>\u00a0con cui puoi<strong>\u00a0immaginare<\/strong>\u00a0con\u00a0<strong>Monkey D. Rufy<\/strong>?, <strong>Barbanera<\/strong> E <strong>Kuzan Aokiji<\/strong>\n<\/li>\n<\/ul>\n<p>Quindi, pronto per indossare il\u00a0<strong>colori\u00a0<\/strong>Di <strong>Mangiato<\/strong>\u00a0?<\/p>\n<h2>Sei un fan del manga o dell&#039;anime One Piece? Mostralo con questa maglietta stampata di One Piece!<\/h2>\n<p>Se tu\u00a0<strong>Leggere<\/strong>\u00a0o ovunque tu guardi\u00a0<span>\u00a0<\/span><strong>anime giapponese<\/strong>, Ci sono buone probabilit\u00e0 che tu sia diventato\u00a0<strong>pazzo di One Piece<\/strong>\u00a0Con questo!\u00a0<strong>Maglietta stampata con Barbanera, Aokiji e Rufy<\/strong>, unisciti al\u2019<strong>gruppo di fan del franchise<\/strong><\/p>\n<p>Questo\u00a0<strong>maglia nera<\/strong>\u00a0\u00e8 disponibile nelle taglie\u00a0<strong>Taglia XS<\/strong>,<strong>\u00a0S<\/strong>,<strong>\u00a0M<\/strong>,<strong>\u00a0L<\/strong>,\u00a0<strong>XL<\/strong>,\u00a0<strong>XXL<\/strong>, Si adatta a tutti i tipi di pirati, anche se non hai\u00a0<strong>spada<\/strong>\u00a0O\u00a0<strong>frutto del diavolo<\/strong>\u00a0Puoi ancora indossarlo con orgoglio.<\/p>\n<p><strong>Monkey D. Rufy<\/strong>\u00a0si mette in condizione di\u00a0<strong>combattimento<\/strong>, \u00e8 pronto a usare il suo\u00a0<strong>Ingranaggio<\/strong>. C&#039;\u00e8 il\u00a0<strong>logo<\/strong>\u00a0Di\u00a0<strong>Rufy<\/strong>\u00a0sullo sfondo.<\/p>\n<h2>Informazioni sulla maglietta:\u00a0<\/h2>\n<ul>\n<li>\u00a0<strong>Maglia di qualit\u00e0 premium\u00a0<\/strong>: ha un\u00a0<strong>alta grammatura<\/strong>, con materiali di qualit\u00e0<\/li>\n<\/ul>\n<ul>\n<li>\n<strong>Vestibilit\u00e0 ampia<\/strong>\u00a0:\u00a0\u00a0<strong>maglietta<\/strong>\u00a0con un\u00a0<strong>taglio largo<\/strong>, per un comfort maggiore<\/li>\n<\/ul>\n<ul>\n<li>\n<strong>Molto comodo\u00a0<\/strong>con questi\u00a0<strong>fibre<\/strong>\u00a0Di\u00a0<strong>cotone<\/strong>\u00a0Grande\u00a0<strong>morbido<\/strong>, non c&#039;\u00e8\u00a0<strong>attrito<\/strong>\n<\/li>\n<\/ul>\n<ul>\n<li>\n<strong>stampa digitale 3D<\/strong>\u00a0:\u00a0<strong>maglietta stampata<\/strong>\u00a0con un design originale,\u00a0<strong>Stampa su tela<\/strong>\n<\/li>\n<\/ul>\n<ul>\n<li>\n<strong>cotone biologico\u00a0<\/strong>: cotone di qualit\u00e0 con\u00a0<strong>fibre extra lunghe<\/strong>\n<\/li>\n<\/ul>\n<ul>\n<li>\n<strong>Consegna gratuita\u00a0<\/strong>per qualsiasi acquisto<\/li>\n<\/ul>\n<h2><strong>Non dimenticare di dare un&#039;occhiata alla guida alle taglie qui sotto.<\/strong><\/h2>\n<h2><img decoding=\"async\" src=\"https:\/\/cdn.shopify.com\/s\/files\/1\/0087\/7556\/5348\/files\/boutque_one__piece_tableau_taille_maillot-imprime_large.jpg?v=1560345982\" alt=\"Guida alle taglie dei costumi da bagno interi stampati\"><\/h2>\n<h3>Istruzioni per il lavaggio:<\/h3>\n<ul>\n<li>Lavare in lavatrice a 30\u00b0C, ciclo delicato<\/li>\n<\/ul>\n<ul>\n<li>Stirare sul retro<\/li>\n<\/ul>\n<p>Per<span>\u00a0<\/span><strong>preservare la qualit\u00e0<\/strong><span>\u00a0<\/span>di questo<span>\u00a0Maglia<\/span><strong>\u00a0Un pezzo<\/strong>, ti consigliamo di<span>\u00a0<\/span><strong>rispetto<\/strong><span>\u00a0<\/span>IL<span>\u00a0<\/span><strong>istruzioni per il lavaggio<\/strong>.<\/p>","protected":false},"excerpt":{"rendered":"<p>Maglietta intima stampata di One Piece con Marshall D. Teach, Kuzan Aokiji e Rufy che eseguono un Gomu Gomu no Red Hawk. Una maglietta intima di altissima qualit\u00e0 per un pirata come te! Se sei un vero pirata, apprezzerai la qualit\u00e0 del tessuto e la stampa 3D su tela di questa maglietta di One Piece! Ma soprattutto, con questa maglietta intima nera stampata, farai parte dell&#039;equipaggio del [\u2026]<\/p>","protected":false},"featured_media":12430,"comment_status":"open","ping_status":"open","template":"","meta":[],"product_brand":[],"product_cat":[53],"product_tag":[68,286,92],"class_list":{"0":"post-12428","1":"product","2":"type-product","3":"status-publish","4":"has-post-thumbnail","6":"product_cat-t-shirts-one-piece","7":"product_tag-aokiji","8":"product_tag-barbe-noire","9":"product_tag-luffy","11":"first","12":"instock","13":"purchasable","14":"product-type-variable"},"yoast_head":"<!-- This site is optimized with the Yoast SEO plugin v27.5 - https:\/\/yoast.com\/product\/yoast-seo-wordpress\/ -->\n<title>Maillot Imprim\u00e9 Barbe Noire Aokiji Luffy | Boutique One Piece<\/title>\n<meta name=\"description\" content=\"Maillot de Corps One Piece Imprim\u00e9 avec Marshall D. Teach, Kuzan Aokiji Et Luffy Qui Fait un Gomu Gomu No Red Hawk de Tr\u00e8s Haute Qualit\u00e9 pour les Fans de Manga\" \/>\n<meta name=\"robots\" content=\"index, follow, max-snippet:-1, max-image-preview:large, max-video-preview:-1\" \/>\n<link rel=\"canonical\" href=\"https:\/\/boutique-one-piece.com\/it\/vestiti-one-piece\/magliette-one-piece\/maglia-stampata-one-piece-barbanera-aokiji-rufy\/\" \/>\n<meta property=\"og:locale\" content=\"it_IT\" \/>\n<meta property=\"og:type\" content=\"article\" \/>\n<meta property=\"og:title\" content=\"Maillot Imprim\u00e9 Barbe Noire Aokiji Luffy | Boutique One Piece\" \/>\n<meta property=\"og:description\" content=\"Maillot de Corps One Piece Imprim\u00e9 avec Marshall D. Teach, Kuzan Aokiji Et Luffy Qui Fait un Gomu Gomu No Red Hawk de Tr\u00e8s Haute Qualit\u00e9 pour les Fans de Manga\" \/>\n<meta property=\"og:url\" content=\"https:\/\/boutique-one-piece.com\/it\/vestiti-one-piece\/magliette-one-piece\/maglia-stampata-one-piece-barbanera-aokiji-rufy\/\" \/>\n<meta property=\"og:site_name\" content=\"Boutique One Piece\" \/>\n<meta property=\"article:modified_time\" content=\"2024-09-16T12:54:53+00:00\" \/>\n<meta property=\"og:image\" content=\"https:\/\/boutique-one-piece.com\/wp-content\/uploads\/2022\/09\/Maillot-Imprime-One-Piece-Barbe-Noire-Aokiji-Luffy.jpg\" \/>\n\t<meta property=\"og:image:width\" content=\"552\" \/>\n\t<meta property=\"og:image:height\" content=\"600\" \/>\n\t<meta property=\"og:image:type\" content=\"image\/jpeg\" \/>\n<meta name=\"twitter:card\" content=\"summary_large_image\" \/>\n<meta name=\"twitter:label1\" content=\"Tempo di lettura stimato\" \/>\n\t<meta name=\"twitter:data1\" content=\"3 minuti\" \/>\n<script type=\"application\/ld+json\" class=\"yoast-schema-graph\">{\"@context\":\"https:\\\/\\\/schema.org\",\"@graph\":[{\"@type\":\"WebPage\",\"@id\":\"https:\\\/\\\/boutique-one-piece.com\\\/vetements-one-piece\\\/t-shirts-one-piece\\\/maillot-imprime-one-piece-barbe-noire-aokiji-luffy\\\/\",\"url\":\"https:\\\/\\\/boutique-one-piece.com\\\/vetements-one-piece\\\/t-shirts-one-piece\\\/maillot-imprime-one-piece-barbe-noire-aokiji-luffy\\\/\",\"name\":\"Maillot Imprim\u00e9 Barbe Noire Aokiji Luffy | Boutique One Piece\",\"isPartOf\":{\"@id\":\"https:\\\/\\\/boutique-one-piece.com\\\/#website\"},\"primaryImageOfPage\":{\"@id\":\"https:\\\/\\\/boutique-one-piece.com\\\/vetements-one-piece\\\/t-shirts-one-piece\\\/maillot-imprime-one-piece-barbe-noire-aokiji-luffy\\\/#primaryimage\"},\"image\":{\"@id\":\"https:\\\/\\\/boutique-one-piece.com\\\/vetements-one-piece\\\/t-shirts-one-piece\\\/maillot-imprime-one-piece-barbe-noire-aokiji-luffy\\\/#primaryimage\"},\"thumbnailUrl\":\"https:\\\/\\\/boutique-one-piece.com\\\/wp-content\\\/uploads\\\/2022\\\/09\\\/Maillot-Imprime-One-Piece-Barbe-Noire-Aokiji-Luffy.jpg\",\"datePublished\":\"2022-09-27T20:55:42+00:00\",\"dateModified\":\"2024-09-16T12:54:53+00:00\",\"description\":\"Maillot de Corps One Piece Imprim\u00e9 avec Marshall D. Teach, Kuzan Aokiji Et Luffy Qui Fait un Gomu Gomu No Red Hawk de Tr\u00e8s Haute Qualit\u00e9 pour les Fans de Manga\",\"breadcrumb\":{\"@id\":\"https:\\\/\\\/boutique-one-piece.com\\\/vetements-one-piece\\\/t-shirts-one-piece\\\/maillot-imprime-one-piece-barbe-noire-aokiji-luffy\\\/#breadcrumb\"},\"inLanguage\":\"it-IT\",\"potentialAction\":[{\"@type\":\"ReadAction\",\"target\":[\"https:\\\/\\\/boutique-one-piece.com\\\/vetements-one-piece\\\/t-shirts-one-piece\\\/maillot-imprime-one-piece-barbe-noire-aokiji-luffy\\\/\"]}]},{\"@type\":\"ImageObject\",\"inLanguage\":\"it-IT\",\"@id\":\"https:\\\/\\\/boutique-one-piece.com\\\/vetements-one-piece\\\/t-shirts-one-piece\\\/maillot-imprime-one-piece-barbe-noire-aokiji-luffy\\\/#primaryimage\",\"url\":\"https:\\\/\\\/boutique-one-piece.com\\\/wp-content\\\/uploads\\\/2022\\\/09\\\/Maillot-Imprime-One-Piece-Barbe-Noire-Aokiji-Luffy.jpg\",\"contentUrl\":\"https:\\\/\\\/boutique-one-piece.com\\\/wp-content\\\/uploads\\\/2022\\\/09\\\/Maillot-Imprime-One-Piece-Barbe-Noire-Aokiji-Luffy.jpg\",\"width\":552,\"height\":600,\"caption\":\"Maillot Imprim\u00e9 One Piece Barbe Noire\"},{\"@type\":\"BreadcrumbList\",\"@id\":\"https:\\\/\\\/boutique-one-piece.com\\\/vetements-one-piece\\\/t-shirts-one-piece\\\/maillot-imprime-one-piece-barbe-noire-aokiji-luffy\\\/#breadcrumb\",\"itemListElement\":[{\"@type\":\"ListItem\",\"position\":1,\"name\":\"Home\",\"item\":\"https:\\\/\\\/boutique-one-piece.com\\\/\"},{\"@type\":\"ListItem\",\"position\":2,\"name\":\"Shop\",\"item\":\"https:\\\/\\\/boutique-one-piece.com\\\/shop\\\/\"},{\"@type\":\"ListItem\",\"position\":3,\"name\":\"Maillot Imprim\u00e9 One Piece Barbe Noire, Aokiji, Luffy\"}]},{\"@type\":\"WebSite\",\"@id\":\"https:\\\/\\\/boutique-one-piece.com\\\/#website\",\"url\":\"https:\\\/\\\/boutique-one-piece.com\\\/\",\"name\":\"Boutique One Piece\",\"description\":\"Magasin Sp\u00e9cialis\u00e9 du Manga et l&#039;Anime One Piece\",\"publisher\":{\"@id\":\"https:\\\/\\\/boutique-one-piece.com\\\/#organization\"},\"potentialAction\":[{\"@type\":\"SearchAction\",\"target\":{\"@type\":\"EntryPoint\",\"urlTemplate\":\"https:\\\/\\\/boutique-one-piece.com\\\/?s={search_term_string}\"},\"query-input\":{\"@type\":\"PropertyValueSpecification\",\"valueRequired\":true,\"valueName\":\"search_term_string\"}}],\"inLanguage\":\"it-IT\"},{\"@type\":\"Organization\",\"@id\":\"https:\\\/\\\/boutique-one-piece.com\\\/#organization\",\"name\":\"Boutique One Piece\",\"url\":\"https:\\\/\\\/boutique-one-piece.com\\\/\",\"logo\":{\"@type\":\"ImageObject\",\"inLanguage\":\"it-IT\",\"@id\":\"https:\\\/\\\/boutique-one-piece.com\\\/#\\\/schema\\\/logo\\\/image\\\/\",\"url\":\"https:\\\/\\\/boutique-one-piece.com\\\/wp-content\\\/uploads\\\/2022\\\/09\\\/Logo-01.png\",\"contentUrl\":\"https:\\\/\\\/boutique-one-piece.com\\\/wp-content\\\/uploads\\\/2022\\\/09\\\/Logo-01.png\",\"width\":2318,\"height\":957,\"caption\":\"Boutique One Piece\"},\"image\":{\"@id\":\"https:\\\/\\\/boutique-one-piece.com\\\/#\\\/schema\\\/logo\\\/image\\\/\"}}]}<\/script>\n<!-- \/ Yoast SEO plugin. -->","yoast_head_json":{"title":"Maglietta stampata di Barbanera Aokiji Luffy | Negozio One Piece","description":"Maglietta intima stampata di One Piece con Marshall D. Teach, Kuzan Aokiji e Rufy che eseguono un Gomu Gomu no Red Hawk. Alta qualit\u00e0 per gli appassionati di manga.","robots":{"index":"index","follow":"follow","max-snippet":"max-snippet:-1","max-image-preview":"max-image-preview:large","max-video-preview":"max-video-preview:-1"},"canonical":"https:\/\/boutique-one-piece.com\/it\/vestiti-one-piece\/magliette-one-piece\/maglia-stampata-one-piece-barbanera-aokiji-rufy\/","og_locale":"it_IT","og_type":"article","og_title":"Maillot Imprim\u00e9 Barbe Noire Aokiji Luffy | Boutique One Piece","og_description":"Maillot de Corps One Piece Imprim\u00e9 avec Marshall D. Teach, Kuzan Aokiji Et Luffy Qui Fait un Gomu Gomu No Red Hawk de Tr\u00e8s Haute Qualit\u00e9 pour les Fans de Manga","og_url":"https:\/\/boutique-one-piece.com\/it\/vestiti-one-piece\/magliette-one-piece\/maglia-stampata-one-piece-barbanera-aokiji-rufy\/","og_site_name":"Boutique One Piece","article_modified_time":"2024-09-16T12:54:53+00:00","og_image":[{"width":552,"height":600,"url":"https:\/\/boutique-one-piece.com\/wp-content\/uploads\/2022\/09\/Maillot-Imprime-One-Piece-Barbe-Noire-Aokiji-Luffy.jpg","type":"image\/jpeg"}],"twitter_card":"summary_large_image","twitter_misc":{"Tempo di lettura stimato":"3 minuti"},"schema":{"@context":"https:\/\/schema.org","@graph":[{"@type":"WebPage","@id":"https:\/\/boutique-one-piece.com\/vetements-one-piece\/t-shirts-one-piece\/maillot-imprime-one-piece-barbe-noire-aokiji-luffy\/","url":"https:\/\/boutique-one-piece.com\/vetements-one-piece\/t-shirts-one-piece\/maillot-imprime-one-piece-barbe-noire-aokiji-luffy\/","name":"Maglietta stampata di Barbanera Aokiji Luffy | Negozio One Piece","isPartOf":{"@id":"https:\/\/boutique-one-piece.com\/#website"},"primaryImageOfPage":{"@id":"https:\/\/boutique-one-piece.com\/vetements-one-piece\/t-shirts-one-piece\/maillot-imprime-one-piece-barbe-noire-aokiji-luffy\/#primaryimage"},"image":{"@id":"https:\/\/boutique-one-piece.com\/vetements-one-piece\/t-shirts-one-piece\/maillot-imprime-one-piece-barbe-noire-aokiji-luffy\/#primaryimage"},"thumbnailUrl":"https:\/\/boutique-one-piece.com\/wp-content\/uploads\/2022\/09\/Maillot-Imprime-One-Piece-Barbe-Noire-Aokiji-Luffy.jpg","datePublished":"2022-09-27T20:55:42+00:00","dateModified":"2024-09-16T12:54:53+00:00","description":"Maglietta intima stampata di One Piece con Marshall D. Teach, Kuzan Aokiji e Rufy che eseguono un Gomu Gomu no Red Hawk. Alta qualit\u00e0 per gli appassionati di manga.","breadcrumb":{"@id":"https:\/\/boutique-one-piece.com\/vetements-one-piece\/t-shirts-one-piece\/maillot-imprime-one-piece-barbe-noire-aokiji-luffy\/#breadcrumb"},"inLanguage":"it-IT","potentialAction":[{"@type":"ReadAction","target":["https:\/\/boutique-one-piece.com\/vetements-one-piece\/t-shirts-one-piece\/maillot-imprime-one-piece-barbe-noire-aokiji-luffy\/"]}]},{"@type":"ImageObject","inLanguage":"it-IT","@id":"https:\/\/boutique-one-piece.com\/vetements-one-piece\/t-shirts-one-piece\/maillot-imprime-one-piece-barbe-noire-aokiji-luffy\/#primaryimage","url":"https:\/\/boutique-one-piece.com\/wp-content\/uploads\/2022\/09\/Maillot-Imprime-One-Piece-Barbe-Noire-Aokiji-Luffy.jpg","contentUrl":"https:\/\/boutique-one-piece.com\/wp-content\/uploads\/2022\/09\/Maillot-Imprime-One-Piece-Barbe-Noire-Aokiji-Luffy.jpg","width":552,"height":600,"caption":"Maillot Imprim\u00e9 One Piece Barbe Noire"},{"@type":"BreadcrumbList","@id":"https:\/\/boutique-one-piece.com\/vetements-one-piece\/t-shirts-one-piece\/maillot-imprime-one-piece-barbe-noire-aokiji-luffy\/#breadcrumb","itemListElement":[{"@type":"ListItem","position":1,"name":"Home","item":"https:\/\/boutique-one-piece.com\/"},{"@type":"ListItem","position":2,"name":"Shop","item":"https:\/\/boutique-one-piece.com\/shop\/"},{"@type":"ListItem","position":3,"name":"Maillot Imprim\u00e9 One Piece Barbe Noire, Aokiji, Luffy"}]},{"@type":"WebSite","@id":"https:\/\/boutique-one-piece.com\/#website","url":"https:\/\/boutique-one-piece.com\/","name":"Negozio One Piece","description":"Negozio specializzato in manga e anime di One Piece","publisher":{"@id":"https:\/\/boutique-one-piece.com\/#organization"},"potentialAction":[{"@type":"SearchAction","target":{"@type":"EntryPoint","urlTemplate":"https:\/\/boutique-one-piece.com\/?s={search_term_string}"},"query-input":{"@type":"PropertyValueSpecification","valueRequired":true,"valueName":"search_term_string"}}],"inLanguage":"it-IT"},{"@type":"Organization","@id":"https:\/\/boutique-one-piece.com\/#organization","name":"Negozio One Piece","url":"https:\/\/boutique-one-piece.com\/","logo":{"@type":"ImageObject","inLanguage":"it-IT","@id":"https:\/\/boutique-one-piece.com\/#\/schema\/logo\/image\/","url":"https:\/\/boutique-one-piece.com\/wp-content\/uploads\/2022\/09\/Logo-01.png","contentUrl":"https:\/\/boutique-one-piece.com\/wp-content\/uploads\/2022\/09\/Logo-01.png","width":2318,"height":957,"caption":"Boutique One Piece"},"image":{"@id":"https:\/\/boutique-one-piece.com\/#\/schema\/logo\/image\/"}}]}},"_links":{"self":[{"href":"https:\/\/boutique-one-piece.com\/it\/wp-json\/wp\/v2\/product\/12428","targetHints":{"allow":["GET"]}}],"collection":[{"href":"https:\/\/boutique-one-piece.com\/it\/wp-json\/wp\/v2\/product"}],"about":[{"href":"https:\/\/boutique-one-piece.com\/it\/wp-json\/wp\/v2\/types\/product"}],"replies":[{"embeddable":true,"href":"https:\/\/boutique-one-piece.com\/it\/wp-json\/wp\/v2\/comments?post=12428"}],"wp:featuredmedia":[{"embeddable":true,"href":"https:\/\/boutique-one-piece.com\/it\/wp-json\/wp\/v2\/media\/12430"}],"wp:attachment":[{"href":"https:\/\/boutique-one-piece.com\/it\/wp-json\/wp\/v2\/media?parent=12428"}],"wp:term":[{"taxonomy":"product_brand","embeddable":true,"href":"https:\/\/boutique-one-piece.com\/it\/wp-json\/wp\/v2\/product_brand?post=12428"},{"taxonomy":"product_cat","embeddable":true,"href":"https:\/\/boutique-one-piece.com\/it\/wp-json\/wp\/v2\/product_cat?post=12428"},{"taxonomy":"product_tag","embeddable":true,"href":"https:\/\/boutique-one-piece.com\/it\/wp-json\/wp\/v2\/product_tag?post=12428"}],"curies":[{"name":"parola chiave","href":"https:\/\/api.w.org\/{rel}","templated":true}]}}