{"id":12459,"date":"2022-09-27T20:55:55","date_gmt":"2022-09-27T20:55:55","guid":{"rendered":"https:\/\/boutique-one-piece.com\/uncategorized\/figurine-one-piece-zoro-fluides-offensif\/"},"modified":"2024-09-16T12:55:24","modified_gmt":"2024-09-16T12:55:24","slug":"figura-di-zoro-di-one-piece-con-fluidi-offensivi","status":"publish","type":"product","link":"https:\/\/boutique-one-piece.com\/it\/figurine-di-one-piece\/figura-di-zoro-di-one-piece-con-fluidi-offensivi\/","title":{"rendered":"One Piece Zoro Liquids Offensive Figure"},"content":{"rendered":"<h2>Giovane pirata, \u00e8 giunto il momento di procurarti questa statuetta fluida offensiva di Zoro di One Piece.<\/h2>\n<p>Come promemoria, Zoro o <strong>Roronoa Zoro<\/strong>, Fu il primo membro ad unirsi alla Ciurma di Cappello di Paglia. \u00c8 il suo primo e principale spadaccino. La sua ambizione \u00e8 diventare <strong>il miglior spadaccino<\/strong> al mondo, e ha dimostrato una volont\u00e0 ferrea per riuscirci. \u00c8 un maestro spadaccino che pu\u00f2 usare diversi stili di combattimento, la cui particolarit\u00e0 risiede nel numero di spade che impugna.<\/p>\n<p>Le sue abilit\u00e0 di combattimento sono tali che a volte d\u00e0 l&#039;impressione a chi \u00e8 al di fuori dell&#039;equipaggio che sia lui il vero Capitano. Per quanto riguarda <strong>il fluido offensivo<\/strong>, Probabilmente saprai che questo fluido, noto anche come Corrente nella terra di Wano, conferisce a chi lo usa la capacit\u00e0 di sfruttare la propria energia spirituale per creare, in sostanza, un&#039;armatura invisibile attorno a s\u00e9, offrendo incredibili capacit\u00e0 offensive e difensive. Inoltre, se sei un fan di questo personaggio, <a title=\"FIGURINA ONE PIECE ZORO E LE SUE SCIABOLE\" href=\"https:\/\/boutique-one-piece.com\/it\/figurine-one-piece-%20zoro-et-ses-sabres\/\" target=\"_blank\" rel=\"noopener\">Statuetta di Zoro con le sue spade<\/a> \u00e8 alla tua portata.<\/p>\n<h3>Allora, questa statuetta di un famoso spadaccino vi ha conquistato? Se s\u00ec, non esitate oltre e unitevi all&#039;equipaggio. Vi aspettano tante avventure.<\/h3>\n<p>Che tu sia un fan della serie originale o un collezionista accanito, questi articoli di One Piece sono sicuramente ci\u00f2 che fa per te. Perfetti come regalo, decorazione o collezione, questi articoli arricchiranno la tua collezione.<strong> il tuo universo animato preferito<\/strong>. Immergetevi, o rituffatevi, in questo manga ricco di avventure emozionanti. L&#039;avventura \u00e8 appena iniziata. <strong>giovane pirata<\/strong> !<\/p>\n<h2>Informazioni sulla figura fluida offensiva di Zoro&nbsp;<\/h2>\n<ul>\n<li><span><b><u>Figurina di One Piece<\/u><\/b>&nbsp;Statuetta One Piece premium per veri pirati<\/span><\/li>\n<\/ul>\n<ul>\n<li>\n<b>Questione<\/b><span>&nbsp;<\/span>PVC<\/li>\n<\/ul>\n<ul>\n<li><span><strong>Dimensione<\/strong>&nbsp;: 20 centimetri<\/span><\/li>\n<\/ul>\n<ul>\n<li><span><strong>CONSEGNA GRATUITA<\/strong><\/span><\/li>\n<\/ul>","protected":false},"excerpt":{"rendered":"<p>Giovane pirata, \u00e8 giunto il momento di acquisire questa action figure di Zoro di One Piece con la sua offensiva forma fluida. Ricordiamo che Zoro, o Roronoa Zoro, \u00e8 stato il primo membro a unirsi alla Ciurma di Cappello di Paglia. \u00c8 il suo primo e pi\u00f9 importante spadaccino. La sua ambizione \u00e8 diventare il pi\u00f9 grande spadaccino del mondo, e in effetti lo ha fatto [\u2026]<\/p>","protected":false},"featured_media":12461,"comment_status":"open","ping_status":"open","template":"","meta":[],"product_brand":[],"product_cat":[76,162,151],"product_tag":[113],"class_list":{"0":"post-12459","1":"product","2":"type-product","3":"status-publish","4":"has-post-thumbnail","6":"product_cat-figurines-one-piece","7":"product_cat-figurines-roronoa-zoro","8":"product_cat-goodies-roronoa-zoro-one-piece","9":"product_tag-zoro","11":"first","12":"instock","13":"purchasable","14":"product-type-simple"},"yoast_head":"<!-- This site is optimized with the Yoast SEO plugin v27.5 - https:\/\/yoast.com\/product\/yoast-seo-wordpress\/ -->\n<title>Figurine One Piece Zoro Fluides Offensif | Figurine One Piece \u2013 Boutique One Piece<\/title>\n<meta name=\"description\" content=\"Jeune pirate, le moment est venu pour toi d&#039;acqu\u00e9rir cette Figurine one piece zoro fluide offensif. Pour rappel, Zoro ou Roronoa Zoro, fut le premier membre \u00e0 rejoindre l&#039;\u00c9quipage du Chapeau de Paille. Il en est le premier et principal \u00e9p\u00e9iste. Son ambition est de devenir le meilleur sabreur au monde et il a d&#039;ailleurs\" \/>\n<meta name=\"robots\" content=\"index, follow, max-snippet:-1, max-image-preview:large, max-video-preview:-1\" \/>\n<link rel=\"canonical\" href=\"https:\/\/boutique-one-piece.com\/it\/figurine-di-one-piece\/figura-di-zoro-di-one-piece-con-fluidi-offensivi\/\" \/>\n<meta property=\"og:locale\" content=\"it_IT\" \/>\n<meta property=\"og:type\" content=\"article\" \/>\n<meta property=\"og:title\" content=\"Figurine One Piece Zoro Fluides Offensif | Figurine One Piece \u2013 Boutique One Piece\" \/>\n<meta property=\"og:description\" content=\"Jeune pirate, le moment est venu pour toi d&#039;acqu\u00e9rir cette Figurine one piece zoro fluide offensif. Pour rappel, Zoro ou Roronoa Zoro, fut le premier membre \u00e0 rejoindre l&#039;\u00c9quipage du Chapeau de Paille. Il en est le premier et principal \u00e9p\u00e9iste. Son ambition est de devenir le meilleur sabreur au monde et il a d&#039;ailleurs\" \/>\n<meta property=\"og:url\" content=\"https:\/\/boutique-one-piece.com\/it\/figurine-di-one-piece\/figura-di-zoro-di-one-piece-con-fluidi-offensivi\/\" \/>\n<meta property=\"og:site_name\" content=\"Boutique One Piece\" \/>\n<meta property=\"article:modified_time\" content=\"2024-09-16T12:55:24+00:00\" \/>\n<meta property=\"og:image\" content=\"https:\/\/boutique-one-piece.com\/wp-content\/uploads\/2022\/09\/Figurine-One-Piece-Zoro-Fluides-Offensif-1.jpg\" \/>\n\t<meta property=\"og:image:width\" content=\"1000\" \/>\n\t<meta property=\"og:image:height\" content=\"1000\" \/>\n\t<meta property=\"og:image:type\" content=\"image\/jpeg\" \/>\n<meta name=\"twitter:card\" content=\"summary_large_image\" \/>\n<meta name=\"twitter:label1\" content=\"Tempo di lettura stimato\" \/>\n\t<meta name=\"twitter:data1\" content=\"2 minuti\" \/>\n<script type=\"application\/ld+json\" class=\"yoast-schema-graph\">{\"@context\":\"https:\\\/\\\/schema.org\",\"@graph\":[{\"@type\":\"WebPage\",\"@id\":\"https:\\\/\\\/boutique-one-piece.com\\\/figurines-one-piece\\\/figurine-one-piece-zoro-fluides-offensif\\\/\",\"url\":\"https:\\\/\\\/boutique-one-piece.com\\\/figurines-one-piece\\\/figurine-one-piece-zoro-fluides-offensif\\\/\",\"name\":\"Figurine One Piece Zoro Fluides Offensif | Figurine One Piece \u2013 Boutique One Piece\",\"isPartOf\":{\"@id\":\"https:\\\/\\\/boutique-one-piece.com\\\/#website\"},\"primaryImageOfPage\":{\"@id\":\"https:\\\/\\\/boutique-one-piece.com\\\/figurines-one-piece\\\/figurine-one-piece-zoro-fluides-offensif\\\/#primaryimage\"},\"image\":{\"@id\":\"https:\\\/\\\/boutique-one-piece.com\\\/figurines-one-piece\\\/figurine-one-piece-zoro-fluides-offensif\\\/#primaryimage\"},\"thumbnailUrl\":\"https:\\\/\\\/boutique-one-piece.com\\\/wp-content\\\/uploads\\\/2022\\\/09\\\/Figurine-One-Piece-Zoro-Fluides-Offensif-1.jpg\",\"datePublished\":\"2022-09-27T20:55:55+00:00\",\"dateModified\":\"2024-09-16T12:55:24+00:00\",\"description\":\"Jeune pirate, le moment est venu pour toi d'acqu\u00e9rir cette Figurine one piece zoro fluide offensif. Pour rappel, Zoro ou Roronoa Zoro, fut le premier membre \u00e0 rejoindre l'\u00c9quipage du Chapeau de Paille. Il en est le premier et principal \u00e9p\u00e9iste. Son ambition est de devenir le meilleur sabreur au monde et il a d'ailleurs\",\"breadcrumb\":{\"@id\":\"https:\\\/\\\/boutique-one-piece.com\\\/figurines-one-piece\\\/figurine-one-piece-zoro-fluides-offensif\\\/#breadcrumb\"},\"inLanguage\":\"it-IT\",\"potentialAction\":[{\"@type\":\"ReadAction\",\"target\":[\"https:\\\/\\\/boutique-one-piece.com\\\/figurines-one-piece\\\/figurine-one-piece-zoro-fluides-offensif\\\/\"]}]},{\"@type\":\"ImageObject\",\"inLanguage\":\"it-IT\",\"@id\":\"https:\\\/\\\/boutique-one-piece.com\\\/figurines-one-piece\\\/figurine-one-piece-zoro-fluides-offensif\\\/#primaryimage\",\"url\":\"https:\\\/\\\/boutique-one-piece.com\\\/wp-content\\\/uploads\\\/2022\\\/09\\\/Figurine-One-Piece-Zoro-Fluides-Offensif-1.jpg\",\"contentUrl\":\"https:\\\/\\\/boutique-one-piece.com\\\/wp-content\\\/uploads\\\/2022\\\/09\\\/Figurine-One-Piece-Zoro-Fluides-Offensif-1.jpg\",\"width\":1000,\"height\":1000},{\"@type\":\"BreadcrumbList\",\"@id\":\"https:\\\/\\\/boutique-one-piece.com\\\/figurines-one-piece\\\/figurine-one-piece-zoro-fluides-offensif\\\/#breadcrumb\",\"itemListElement\":[{\"@type\":\"ListItem\",\"position\":1,\"name\":\"Home\",\"item\":\"https:\\\/\\\/boutique-one-piece.com\\\/\"},{\"@type\":\"ListItem\",\"position\":2,\"name\":\"Shop\",\"item\":\"https:\\\/\\\/boutique-one-piece.com\\\/shop\\\/\"},{\"@type\":\"ListItem\",\"position\":3,\"name\":\"Figurine One Piece Zoro Fluides Offensif\"}]},{\"@type\":\"WebSite\",\"@id\":\"https:\\\/\\\/boutique-one-piece.com\\\/#website\",\"url\":\"https:\\\/\\\/boutique-one-piece.com\\\/\",\"name\":\"Boutique One Piece\",\"description\":\"Magasin Sp\u00e9cialis\u00e9 du Manga et l&#039;Anime One Piece\",\"publisher\":{\"@id\":\"https:\\\/\\\/boutique-one-piece.com\\\/#organization\"},\"potentialAction\":[{\"@type\":\"SearchAction\",\"target\":{\"@type\":\"EntryPoint\",\"urlTemplate\":\"https:\\\/\\\/boutique-one-piece.com\\\/?s={search_term_string}\"},\"query-input\":{\"@type\":\"PropertyValueSpecification\",\"valueRequired\":true,\"valueName\":\"search_term_string\"}}],\"inLanguage\":\"it-IT\"},{\"@type\":\"Organization\",\"@id\":\"https:\\\/\\\/boutique-one-piece.com\\\/#organization\",\"name\":\"Boutique One Piece\",\"url\":\"https:\\\/\\\/boutique-one-piece.com\\\/\",\"logo\":{\"@type\":\"ImageObject\",\"inLanguage\":\"it-IT\",\"@id\":\"https:\\\/\\\/boutique-one-piece.com\\\/#\\\/schema\\\/logo\\\/image\\\/\",\"url\":\"https:\\\/\\\/boutique-one-piece.com\\\/wp-content\\\/uploads\\\/2022\\\/09\\\/Logo-01.png\",\"contentUrl\":\"https:\\\/\\\/boutique-one-piece.com\\\/wp-content\\\/uploads\\\/2022\\\/09\\\/Logo-01.png\",\"width\":2318,\"height\":957,\"caption\":\"Boutique One Piece\"},\"image\":{\"@id\":\"https:\\\/\\\/boutique-one-piece.com\\\/#\\\/schema\\\/logo\\\/image\\\/\"}}]}<\/script>\n<!-- \/ Yoast SEO plugin. -->","yoast_head_json":{"title":"One Piece Zoro Offensive Fluids Figure | One Piece Figure \u2013 One Piece Shop","description":"Giovane pirata, \u00e8 giunto il momento di acquisire questa action figure di Zoro di One Piece con la sua offensiva forma fluida. Ricordiamo che Zoro, o Roronoa Zoro, \u00e8 stato il primo membro a unirsi alla Ciurma di Cappello di Paglia. \u00c8 il suo primo e pi\u00f9 importante spadaccino. La sua ambizione \u00e8 diventare il pi\u00f9 grande spadaccino del mondo, e lo ha fatto...","robots":{"index":"index","follow":"follow","max-snippet":"max-snippet:-1","max-image-preview":"max-image-preview:large","max-video-preview":"max-video-preview:-1"},"canonical":"https:\/\/boutique-one-piece.com\/it\/figurine-di-one-piece\/figura-di-zoro-di-one-piece-con-fluidi-offensivi\/","og_locale":"it_IT","og_type":"article","og_title":"Figurine One Piece Zoro Fluides Offensif | Figurine One Piece \u2013 Boutique One Piece","og_description":"Jeune pirate, le moment est venu pour toi d'acqu\u00e9rir cette Figurine one piece zoro fluide offensif. Pour rappel, Zoro ou Roronoa Zoro, fut le premier membre \u00e0 rejoindre l'\u00c9quipage du Chapeau de Paille. Il en est le premier et principal \u00e9p\u00e9iste. Son ambition est de devenir le meilleur sabreur au monde et il a d'ailleurs","og_url":"https:\/\/boutique-one-piece.com\/it\/figurine-di-one-piece\/figura-di-zoro-di-one-piece-con-fluidi-offensivi\/","og_site_name":"Boutique One Piece","article_modified_time":"2024-09-16T12:55:24+00:00","og_image":[{"width":1000,"height":1000,"url":"https:\/\/boutique-one-piece.com\/wp-content\/uploads\/2022\/09\/Figurine-One-Piece-Zoro-Fluides-Offensif-1.jpg","type":"image\/jpeg"}],"twitter_card":"summary_large_image","twitter_misc":{"Tempo di lettura stimato":"2 minuti"},"schema":{"@context":"https:\/\/schema.org","@graph":[{"@type":"WebPage","@id":"https:\/\/boutique-one-piece.com\/figurines-one-piece\/figurine-one-piece-zoro-fluides-offensif\/","url":"https:\/\/boutique-one-piece.com\/figurines-one-piece\/figurine-one-piece-zoro-fluides-offensif\/","name":"One Piece Zoro Offensive Fluids Figure | One Piece Figure \u2013 One Piece Shop","isPartOf":{"@id":"https:\/\/boutique-one-piece.com\/#website"},"primaryImageOfPage":{"@id":"https:\/\/boutique-one-piece.com\/figurines-one-piece\/figurine-one-piece-zoro-fluides-offensif\/#primaryimage"},"image":{"@id":"https:\/\/boutique-one-piece.com\/figurines-one-piece\/figurine-one-piece-zoro-fluides-offensif\/#primaryimage"},"thumbnailUrl":"https:\/\/boutique-one-piece.com\/wp-content\/uploads\/2022\/09\/Figurine-One-Piece-Zoro-Fluides-Offensif-1.jpg","datePublished":"2022-09-27T20:55:55+00:00","dateModified":"2024-09-16T12:55:24+00:00","description":"Giovane pirata, \u00e8 giunto il momento di acquisire questa action figure di Zoro di One Piece con la sua offensiva forma fluida. Ricordiamo che Zoro, o Roronoa Zoro, \u00e8 stato il primo membro a unirsi alla Ciurma di Cappello di Paglia. \u00c8 il suo primo e pi\u00f9 importante spadaccino. La sua ambizione \u00e8 diventare il pi\u00f9 grande spadaccino del mondo, e lo ha fatto...","breadcrumb":{"@id":"https:\/\/boutique-one-piece.com\/figurines-one-piece\/figurine-one-piece-zoro-fluides-offensif\/#breadcrumb"},"inLanguage":"it-IT","potentialAction":[{"@type":"ReadAction","target":["https:\/\/boutique-one-piece.com\/figurines-one-piece\/figurine-one-piece-zoro-fluides-offensif\/"]}]},{"@type":"ImageObject","inLanguage":"it-IT","@id":"https:\/\/boutique-one-piece.com\/figurines-one-piece\/figurine-one-piece-zoro-fluides-offensif\/#primaryimage","url":"https:\/\/boutique-one-piece.com\/wp-content\/uploads\/2022\/09\/Figurine-One-Piece-Zoro-Fluides-Offensif-1.jpg","contentUrl":"https:\/\/boutique-one-piece.com\/wp-content\/uploads\/2022\/09\/Figurine-One-Piece-Zoro-Fluides-Offensif-1.jpg","width":1000,"height":1000},{"@type":"BreadcrumbList","@id":"https:\/\/boutique-one-piece.com\/figurines-one-piece\/figurine-one-piece-zoro-fluides-offensif\/#breadcrumb","itemListElement":[{"@type":"ListItem","position":1,"name":"Home","item":"https:\/\/boutique-one-piece.com\/"},{"@type":"ListItem","position":2,"name":"Shop","item":"https:\/\/boutique-one-piece.com\/shop\/"},{"@type":"ListItem","position":3,"name":"Figurine One Piece Zoro Fluides Offensif"}]},{"@type":"WebSite","@id":"https:\/\/boutique-one-piece.com\/#website","url":"https:\/\/boutique-one-piece.com\/","name":"Negozio One Piece","description":"Negozio specializzato in manga e anime di One Piece","publisher":{"@id":"https:\/\/boutique-one-piece.com\/#organization"},"potentialAction":[{"@type":"SearchAction","target":{"@type":"EntryPoint","urlTemplate":"https:\/\/boutique-one-piece.com\/?s={search_term_string}"},"query-input":{"@type":"PropertyValueSpecification","valueRequired":true,"valueName":"search_term_string"}}],"inLanguage":"it-IT"},{"@type":"Organization","@id":"https:\/\/boutique-one-piece.com\/#organization","name":"Negozio One Piece","url":"https:\/\/boutique-one-piece.com\/","logo":{"@type":"ImageObject","inLanguage":"it-IT","@id":"https:\/\/boutique-one-piece.com\/#\/schema\/logo\/image\/","url":"https:\/\/boutique-one-piece.com\/wp-content\/uploads\/2022\/09\/Logo-01.png","contentUrl":"https:\/\/boutique-one-piece.com\/wp-content\/uploads\/2022\/09\/Logo-01.png","width":2318,"height":957,"caption":"Boutique One Piece"},"image":{"@id":"https:\/\/boutique-one-piece.com\/#\/schema\/logo\/image\/"}}]}},"_links":{"self":[{"href":"https:\/\/boutique-one-piece.com\/it\/wp-json\/wp\/v2\/product\/12459","targetHints":{"allow":["GET"]}}],"collection":[{"href":"https:\/\/boutique-one-piece.com\/it\/wp-json\/wp\/v2\/product"}],"about":[{"href":"https:\/\/boutique-one-piece.com\/it\/wp-json\/wp\/v2\/types\/product"}],"replies":[{"embeddable":true,"href":"https:\/\/boutique-one-piece.com\/it\/wp-json\/wp\/v2\/comments?post=12459"}],"wp:featuredmedia":[{"embeddable":true,"href":"https:\/\/boutique-one-piece.com\/it\/wp-json\/wp\/v2\/media\/12461"}],"wp:attachment":[{"href":"https:\/\/boutique-one-piece.com\/it\/wp-json\/wp\/v2\/media?parent=12459"}],"wp:term":[{"taxonomy":"product_brand","embeddable":true,"href":"https:\/\/boutique-one-piece.com\/it\/wp-json\/wp\/v2\/product_brand?post=12459"},{"taxonomy":"product_cat","embeddable":true,"href":"https:\/\/boutique-one-piece.com\/it\/wp-json\/wp\/v2\/product_cat?post=12459"},{"taxonomy":"product_tag","embeddable":true,"href":"https:\/\/boutique-one-piece.com\/it\/wp-json\/wp\/v2\/product_tag?post=12459"}],"curies":[{"name":"parola chiave","href":"https:\/\/api.w.org\/{rel}","templated":true}]}}