{"id":12496,"date":"2022-09-27T20:56:13","date_gmt":"2022-09-27T20:56:13","guid":{"rendered":"https:\/\/boutique-one-piece.com\/uncategorized\/avis-de-recherche-one-piece-edward-newgate-wanted\/"},"modified":"2024-12-12T13:44:13","modified_gmt":"2024-12-12T13:44:13","slug":"avviso-ricercato-one-piece-edward-newgate-ricercato","status":"publish","type":"product","link":"https:\/\/boutique-one-piece.com\/it\/decorazioni-di-one-piece\/avviso-ricercato-one-piece-edward-newgate-ricercato\/","title":{"rendered":"Edward Newgate ricercato"},"content":{"rendered":"<h2>Se sei un appassionato di taglie di One Piece e dei pirati pi\u00f9 potenti, cosa ne pensi di questo poster di Edward Newgate Wanted?<\/h2>\n<p>Edward Newgate, noto anche come Barbabianca, \u00e8 noto per essere l&#039;uomo pi\u00f9 forte del mondo. Considerando i numerosi e potenti pirati che popolano l&#039;universo di One Piece, la sua abilit\u00e0 in combattimento \u00e8 ancora pi\u00f9 impressionante. \u00c8 uno dei quattro <strong>Yonko<\/strong> del Nuovo Mondo.<\/p>\n<p>A differenza della nuova generazione che \u00e8 alla ricerca di One Piece, lui non ne \u00e8 mai stato interessato, essendo guidato solo dall&#039;obiettivo di <strong>per formare una famiglia numerosa<\/strong> di pirati e navigando da un mare all&#039;altro in completa libert\u00e0. Riusc\u00ec a raggiungere il suo obiettivo con il suo numeroso equipaggio, che radun\u00f2 e che considerava tutti suoi figli.<\/p>\n<h3>Aggiungi al tuo arredamento questo poster dell&#039;uomo pi\u00f9 forte del mondo tratto da One Piece.<\/h3>\n<p>Edward Newgate mangi\u00f2 il frutto del diavolo <strong>Gura Gura no mi<\/strong>, che gli permette di creare terremoti quando colpisce qualcosa con i pugni. Si ritiene che potrebbe distruggere intere isole con il suo potere.<\/p>\n<p>La devozione di Newgate verso i suoi subordinati non conosce limiti: per salvare Ace, uno dei comandanti del suo equipaggio, combatter\u00e0 insieme a tutto il suo equipaggio contro il Governo Mondiale, che lo tiene prigioniero, e arriver\u00e0 persino a morire sul campo di battaglia. <strong>Marineford<\/strong> per cercare di vendicare Ace, che verr\u00e0 ucciso in battaglia. La taglia di Edward Newgate \u00e8 di 5 miliardi e 46 milioni di Berry.<\/p>\n<p>Se hai una passione per i bonus, questo<a href=\"https:\/\/boutique-one-piece.com\/it\/manifesto-ricercato-coccodrillo\/\" target=\"_blank\" title=\"Avviso di ricerca coccodrillo\" rel=\"noopener noreferrer\"> Manifesto ricercato coccodrillo<\/a> \u00e8 fatto per te.<\/p>\n<h2>Informazioni sul poster di One Piece Wanted Whitebeard<\/h2>\n<ul>\n<li><span><b><u>Manifesto ricercato di One Piece<\/u><\/b>\u00a0Un autentico poster ricercato di One Piece per veri pirati<\/span><\/li>\n<\/ul>\n<ul>\n<li>\n<b><u>La taglia di Edward Newgate<\/u><\/b>\u00a05.046.000.000 di bacche<\/li>\n<\/ul>\n<ul>\n<li><span><strong>Stampa di alta qualit\u00e0<\/strong>\u00a0colori accurati<\/span><\/li>\n<\/ul>\n<ul>\n<li>\n<strong>Dimensione<\/strong>\u00a0: 30 cm x 21 cm e 42 cm x 30 cm<\/li>\n<\/ul>\n<ul>\n<li><span><strong>CONSEGNA GRATUITA<\/strong><\/span><\/li>\n<\/ul>","protected":false},"excerpt":{"rendered":"<p>Se siete appassionati di taglie di One Piece e dei pirati pi\u00f9 potenti, cosa ne pensate di questo poster di Edward Newgate &quot;Ricercato&quot;? Edward Newgate, alias Barbabianca, \u00e8 considerato l&#039;uomo pi\u00f9 forte del mondo. Considerando i tanti potenti pirati che popolano l&#039;universo di One Piece...<\/p>","protected":false},"featured_media":12498,"comment_status":"open","ping_status":"open","template":"","meta":[],"product_brand":[],"product_cat":[171,150],"product_tag":[],"class_list":{"0":"post-12496","1":"product","2":"type-product","3":"status-publish","4":"has-post-thumbnail","6":"product_cat-avis-de-recherche-one-piece","7":"product_cat-decorations-one-piece","9":"first","10":"instock","11":"purchasable","12":"product-type-variable"},"yoast_head":"<!-- This site is optimized with the Yoast SEO plugin v27.5 - https:\/\/yoast.com\/product\/yoast-seo-wordpress\/ -->\n<title>Avis de Recherche One Piece Edward Newgate Wanted | D\u00e9coration One Piece \u2013 Boutique One Piece<\/title>\n<meta name=\"description\" content=\"Si tu es passionn\u00e9 par les primes de One Piece et les pirates les plus puissants, que penses-tu de cet Avis de Recherche Edward Newgate Wanted ? Edward Newgate, alias Barbe Blanche est r\u00e9put\u00e9 pour \u00eatre l&#039;homme le plus fort au monde. Quand on connait les nombreux pirates tr\u00e8s puissants qui peuplent l&#039;univers de One Piec\" \/>\n<meta name=\"robots\" content=\"index, follow, max-snippet:-1, max-image-preview:large, max-video-preview:-1\" \/>\n<link rel=\"canonical\" href=\"https:\/\/boutique-one-piece.com\/it\/manifesto-ricercato-di-one-piece\/avviso-ricercato-one-piece-edward-newgate-ricercato\/\" \/>\n<meta property=\"og:locale\" content=\"it_IT\" \/>\n<meta property=\"og:type\" content=\"article\" \/>\n<meta property=\"og:title\" content=\"Avis de Recherche One Piece Edward Newgate Wanted | D\u00e9coration One Piece \u2013 Boutique One Piece\" \/>\n<meta property=\"og:description\" content=\"Si tu es passionn\u00e9 par les primes de One Piece et les pirates les plus puissants, que penses-tu de cet Avis de Recherche Edward Newgate Wanted ? Edward Newgate, alias Barbe Blanche est r\u00e9put\u00e9 pour \u00eatre l&#039;homme le plus fort au monde. Quand on connait les nombreux pirates tr\u00e8s puissants qui peuplent l&#039;univers de One Piec\" \/>\n<meta property=\"og:url\" content=\"https:\/\/boutique-one-piece.com\/it\/manifesto-ricercato-di-one-piece\/avviso-ricercato-one-piece-edward-newgate-ricercato\/\" \/>\n<meta property=\"og:site_name\" content=\"Boutique One Piece\" \/>\n<meta property=\"article:modified_time\" content=\"2024-12-12T13:44:13+00:00\" \/>\n<meta property=\"og:image\" content=\"https:\/\/boutique-one-piece.com\/wp-content\/uploads\/2022\/09\/Avis-de-Recherche-Edward-Newgate-Wanted.jpg\" \/>\n\t<meta property=\"og:image:width\" content=\"800\" \/>\n\t<meta property=\"og:image:height\" content=\"800\" \/>\n\t<meta property=\"og:image:type\" content=\"image\/jpeg\" \/>\n<meta name=\"twitter:card\" content=\"summary_large_image\" \/>\n<meta name=\"twitter:label1\" content=\"Tempo di lettura stimato\" \/>\n\t<meta name=\"twitter:data1\" content=\"2 minuti\" \/>\n<script type=\"application\/ld+json\" class=\"yoast-schema-graph\">{\"@context\":\"https:\\\/\\\/schema.org\",\"@graph\":[{\"@type\":\"WebPage\",\"@id\":\"https:\\\/\\\/boutique-one-piece.com\\\/avis-de-recherche-one-piece\\\/avis-de-recherche-one-piece-edward-newgate-wanted\\\/\",\"url\":\"https:\\\/\\\/boutique-one-piece.com\\\/avis-de-recherche-one-piece\\\/avis-de-recherche-one-piece-edward-newgate-wanted\\\/\",\"name\":\"Avis de Recherche One Piece Edward Newgate Wanted | D\u00e9coration One Piece \u2013 Boutique One Piece\",\"isPartOf\":{\"@id\":\"https:\\\/\\\/boutique-one-piece.com\\\/#website\"},\"primaryImageOfPage\":{\"@id\":\"https:\\\/\\\/boutique-one-piece.com\\\/avis-de-recherche-one-piece\\\/avis-de-recherche-one-piece-edward-newgate-wanted\\\/#primaryimage\"},\"image\":{\"@id\":\"https:\\\/\\\/boutique-one-piece.com\\\/avis-de-recherche-one-piece\\\/avis-de-recherche-one-piece-edward-newgate-wanted\\\/#primaryimage\"},\"thumbnailUrl\":\"https:\\\/\\\/boutique-one-piece.com\\\/wp-content\\\/uploads\\\/2022\\\/09\\\/Avis-de-Recherche-Edward-Newgate-Wanted.jpg\",\"datePublished\":\"2022-09-27T20:56:13+00:00\",\"dateModified\":\"2024-12-12T13:44:13+00:00\",\"description\":\"Si tu es passionn\u00e9 par les primes de One Piece et les pirates les plus puissants, que penses-tu de cet Avis de Recherche Edward Newgate Wanted ? Edward Newgate, alias Barbe Blanche est r\u00e9put\u00e9 pour \u00eatre l'homme le plus fort au monde. Quand on connait les nombreux pirates tr\u00e8s puissants qui peuplent l'univers de One Piec\",\"breadcrumb\":{\"@id\":\"https:\\\/\\\/boutique-one-piece.com\\\/avis-de-recherche-one-piece\\\/avis-de-recherche-one-piece-edward-newgate-wanted\\\/#breadcrumb\"},\"inLanguage\":\"it-IT\",\"potentialAction\":[{\"@type\":\"ReadAction\",\"target\":[\"https:\\\/\\\/boutique-one-piece.com\\\/avis-de-recherche-one-piece\\\/avis-de-recherche-one-piece-edward-newgate-wanted\\\/\"]}]},{\"@type\":\"ImageObject\",\"inLanguage\":\"it-IT\",\"@id\":\"https:\\\/\\\/boutique-one-piece.com\\\/avis-de-recherche-one-piece\\\/avis-de-recherche-one-piece-edward-newgate-wanted\\\/#primaryimage\",\"url\":\"https:\\\/\\\/boutique-one-piece.com\\\/wp-content\\\/uploads\\\/2022\\\/09\\\/Avis-de-Recherche-Edward-Newgate-Wanted.jpg\",\"contentUrl\":\"https:\\\/\\\/boutique-one-piece.com\\\/wp-content\\\/uploads\\\/2022\\\/09\\\/Avis-de-Recherche-Edward-Newgate-Wanted.jpg\",\"width\":800,\"height\":800,\"caption\":\"Avis de Recherche Edward Newgate Wanted 42 X 30 cm\"},{\"@type\":\"BreadcrumbList\",\"@id\":\"https:\\\/\\\/boutique-one-piece.com\\\/avis-de-recherche-one-piece\\\/avis-de-recherche-one-piece-edward-newgate-wanted\\\/#breadcrumb\",\"itemListElement\":[{\"@type\":\"ListItem\",\"position\":1,\"name\":\"Home\",\"item\":\"https:\\\/\\\/boutique-one-piece.com\\\/\"},{\"@type\":\"ListItem\",\"position\":2,\"name\":\"Shop\",\"item\":\"https:\\\/\\\/boutique-one-piece.com\\\/shop\\\/\"},{\"@type\":\"ListItem\",\"position\":3,\"name\":\"Avis de Recherche Edward Newgate Wanted\"}]},{\"@type\":\"WebSite\",\"@id\":\"https:\\\/\\\/boutique-one-piece.com\\\/#website\",\"url\":\"https:\\\/\\\/boutique-one-piece.com\\\/\",\"name\":\"Boutique One Piece\",\"description\":\"Magasin Sp\u00e9cialis\u00e9 du Manga et l&#039;Anime One Piece\",\"publisher\":{\"@id\":\"https:\\\/\\\/boutique-one-piece.com\\\/#organization\"},\"potentialAction\":[{\"@type\":\"SearchAction\",\"target\":{\"@type\":\"EntryPoint\",\"urlTemplate\":\"https:\\\/\\\/boutique-one-piece.com\\\/?s={search_term_string}\"},\"query-input\":{\"@type\":\"PropertyValueSpecification\",\"valueRequired\":true,\"valueName\":\"search_term_string\"}}],\"inLanguage\":\"it-IT\"},{\"@type\":\"Organization\",\"@id\":\"https:\\\/\\\/boutique-one-piece.com\\\/#organization\",\"name\":\"Boutique One Piece\",\"url\":\"https:\\\/\\\/boutique-one-piece.com\\\/\",\"logo\":{\"@type\":\"ImageObject\",\"inLanguage\":\"it-IT\",\"@id\":\"https:\\\/\\\/boutique-one-piece.com\\\/#\\\/schema\\\/logo\\\/image\\\/\",\"url\":\"https:\\\/\\\/boutique-one-piece.com\\\/wp-content\\\/uploads\\\/2022\\\/09\\\/Logo-01.png\",\"contentUrl\":\"https:\\\/\\\/boutique-one-piece.com\\\/wp-content\\\/uploads\\\/2022\\\/09\\\/Logo-01.png\",\"width\":2318,\"height\":957,\"caption\":\"Boutique One Piece\"},\"image\":{\"@id\":\"https:\\\/\\\/boutique-one-piece.com\\\/#\\\/schema\\\/logo\\\/image\\\/\"}}]}<\/script>\n<!-- \/ Yoast SEO plugin. -->","yoast_head_json":{"title":"Poster ricercato di One Piece: Edward Newgate | Decorazioni di One Piece \u2013 Negozio di One Piece","description":"Se siete appassionati di taglie di One Piece e dei pirati pi\u00f9 potenti, cosa ne pensate di questo annuncio di ricerca di Edward Newgate? Edward Newgate, alias Barbabianca, \u00e8 famoso per essere l&#039;uomo pi\u00f9 forte del mondo. Considerando i tanti pirati incredibilmente potenti che popolano l&#039;universo di One Piece...","robots":{"index":"index","follow":"follow","max-snippet":"max-snippet:-1","max-image-preview":"max-image-preview:large","max-video-preview":"max-video-preview:-1"},"canonical":"https:\/\/boutique-one-piece.com\/it\/manifesto-ricercato-di-one-piece\/avviso-ricercato-one-piece-edward-newgate-ricercato\/","og_locale":"it_IT","og_type":"article","og_title":"Avis de Recherche One Piece Edward Newgate Wanted | D\u00e9coration One Piece \u2013 Boutique One Piece","og_description":"Si tu es passionn\u00e9 par les primes de One Piece et les pirates les plus puissants, que penses-tu de cet Avis de Recherche Edward Newgate Wanted ? Edward Newgate, alias Barbe Blanche est r\u00e9put\u00e9 pour \u00eatre l'homme le plus fort au monde. Quand on connait les nombreux pirates tr\u00e8s puissants qui peuplent l'univers de One Piec","og_url":"https:\/\/boutique-one-piece.com\/it\/manifesto-ricercato-di-one-piece\/avviso-ricercato-one-piece-edward-newgate-ricercato\/","og_site_name":"Boutique One Piece","article_modified_time":"2024-12-12T13:44:13+00:00","og_image":[{"width":800,"height":800,"url":"https:\/\/boutique-one-piece.com\/wp-content\/uploads\/2022\/09\/Avis-de-Recherche-Edward-Newgate-Wanted.jpg","type":"image\/jpeg"}],"twitter_card":"summary_large_image","twitter_misc":{"Tempo di lettura stimato":"2 minuti"},"schema":{"@context":"https:\/\/schema.org","@graph":[{"@type":"WebPage","@id":"https:\/\/boutique-one-piece.com\/avis-de-recherche-one-piece\/avis-de-recherche-one-piece-edward-newgate-wanted\/","url":"https:\/\/boutique-one-piece.com\/avis-de-recherche-one-piece\/avis-de-recherche-one-piece-edward-newgate-wanted\/","name":"Poster ricercato di One Piece: Edward Newgate | Decorazioni di One Piece \u2013 Negozio di One Piece","isPartOf":{"@id":"https:\/\/boutique-one-piece.com\/#website"},"primaryImageOfPage":{"@id":"https:\/\/boutique-one-piece.com\/avis-de-recherche-one-piece\/avis-de-recherche-one-piece-edward-newgate-wanted\/#primaryimage"},"image":{"@id":"https:\/\/boutique-one-piece.com\/avis-de-recherche-one-piece\/avis-de-recherche-one-piece-edward-newgate-wanted\/#primaryimage"},"thumbnailUrl":"https:\/\/boutique-one-piece.com\/wp-content\/uploads\/2022\/09\/Avis-de-Recherche-Edward-Newgate-Wanted.jpg","datePublished":"2022-09-27T20:56:13+00:00","dateModified":"2024-12-12T13:44:13+00:00","description":"Se siete appassionati di taglie di One Piece e dei pirati pi\u00f9 potenti, cosa ne pensate di questo annuncio di ricerca di Edward Newgate? Edward Newgate, alias Barbabianca, \u00e8 famoso per essere l&#039;uomo pi\u00f9 forte del mondo. Considerando i tanti pirati incredibilmente potenti che popolano l&#039;universo di One Piece...","breadcrumb":{"@id":"https:\/\/boutique-one-piece.com\/avis-de-recherche-one-piece\/avis-de-recherche-one-piece-edward-newgate-wanted\/#breadcrumb"},"inLanguage":"it-IT","potentialAction":[{"@type":"ReadAction","target":["https:\/\/boutique-one-piece.com\/avis-de-recherche-one-piece\/avis-de-recherche-one-piece-edward-newgate-wanted\/"]}]},{"@type":"ImageObject","inLanguage":"it-IT","@id":"https:\/\/boutique-one-piece.com\/avis-de-recherche-one-piece\/avis-de-recherche-one-piece-edward-newgate-wanted\/#primaryimage","url":"https:\/\/boutique-one-piece.com\/wp-content\/uploads\/2022\/09\/Avis-de-Recherche-Edward-Newgate-Wanted.jpg","contentUrl":"https:\/\/boutique-one-piece.com\/wp-content\/uploads\/2022\/09\/Avis-de-Recherche-Edward-Newgate-Wanted.jpg","width":800,"height":800,"caption":"Avis de Recherche Edward Newgate Wanted 42 X 30 cm"},{"@type":"BreadcrumbList","@id":"https:\/\/boutique-one-piece.com\/avis-de-recherche-one-piece\/avis-de-recherche-one-piece-edward-newgate-wanted\/#breadcrumb","itemListElement":[{"@type":"ListItem","position":1,"name":"Home","item":"https:\/\/boutique-one-piece.com\/"},{"@type":"ListItem","position":2,"name":"Shop","item":"https:\/\/boutique-one-piece.com\/shop\/"},{"@type":"ListItem","position":3,"name":"Avis de Recherche Edward Newgate Wanted"}]},{"@type":"WebSite","@id":"https:\/\/boutique-one-piece.com\/#website","url":"https:\/\/boutique-one-piece.com\/","name":"Negozio One Piece","description":"Negozio specializzato in manga e anime di One Piece","publisher":{"@id":"https:\/\/boutique-one-piece.com\/#organization"},"potentialAction":[{"@type":"SearchAction","target":{"@type":"EntryPoint","urlTemplate":"https:\/\/boutique-one-piece.com\/?s={search_term_string}"},"query-input":{"@type":"PropertyValueSpecification","valueRequired":true,"valueName":"search_term_string"}}],"inLanguage":"it-IT"},{"@type":"Organization","@id":"https:\/\/boutique-one-piece.com\/#organization","name":"Negozio One Piece","url":"https:\/\/boutique-one-piece.com\/","logo":{"@type":"ImageObject","inLanguage":"it-IT","@id":"https:\/\/boutique-one-piece.com\/#\/schema\/logo\/image\/","url":"https:\/\/boutique-one-piece.com\/wp-content\/uploads\/2022\/09\/Logo-01.png","contentUrl":"https:\/\/boutique-one-piece.com\/wp-content\/uploads\/2022\/09\/Logo-01.png","width":2318,"height":957,"caption":"Boutique One Piece"},"image":{"@id":"https:\/\/boutique-one-piece.com\/#\/schema\/logo\/image\/"}}]}},"_links":{"self":[{"href":"https:\/\/boutique-one-piece.com\/it\/wp-json\/wp\/v2\/product\/12496","targetHints":{"allow":["GET"]}}],"collection":[{"href":"https:\/\/boutique-one-piece.com\/it\/wp-json\/wp\/v2\/product"}],"about":[{"href":"https:\/\/boutique-one-piece.com\/it\/wp-json\/wp\/v2\/types\/product"}],"replies":[{"embeddable":true,"href":"https:\/\/boutique-one-piece.com\/it\/wp-json\/wp\/v2\/comments?post=12496"}],"wp:featuredmedia":[{"embeddable":true,"href":"https:\/\/boutique-one-piece.com\/it\/wp-json\/wp\/v2\/media\/12498"}],"wp:attachment":[{"href":"https:\/\/boutique-one-piece.com\/it\/wp-json\/wp\/v2\/media?parent=12496"}],"wp:term":[{"taxonomy":"product_brand","embeddable":true,"href":"https:\/\/boutique-one-piece.com\/it\/wp-json\/wp\/v2\/product_brand?post=12496"},{"taxonomy":"product_cat","embeddable":true,"href":"https:\/\/boutique-one-piece.com\/it\/wp-json\/wp\/v2\/product_cat?post=12496"},{"taxonomy":"product_tag","embeddable":true,"href":"https:\/\/boutique-one-piece.com\/it\/wp-json\/wp\/v2\/product_tag?post=12496"}],"curies":[{"name":"parola chiave","href":"https:\/\/api.w.org\/{rel}","templated":true}]}}