{"id":12635,"date":"2022-09-27T20:57:05","date_gmt":"2022-09-27T20:57:05","guid":{"rendered":"https:\/\/boutique-one-piece.com\/uncategorized\/figurine-one-piece-monkey-d-luffy-roi-des-pirates\/"},"modified":"2024-09-16T12:59:23","modified_gmt":"2024-09-16T12:59:23","slug":"figurina-one-piece-monkey-d-luffy-re-dei-pirati","status":"publish","type":"product","link":"https:\/\/boutique-one-piece.com\/it\/chicche-di-one-piece\/goodies-monkey-d-luffy-one-piece\/figurina-one-piece-monkey-d-luffy-re-dei-pirati\/","title":{"rendered":"One Piece Figure Monkey D Luffy Re dei Pirati"},"content":{"rendered":"<h2>Giovane pirata, \u00e8 giunto il momento di procurarti questa statuetta di One Piece Monkey D. Luffy Re dei Pirati.<\/h2>\n<p>Ecco cosa c&#039;\u00e8 da sapere su questo famoso capitano; ; <strong>Monkey D. Rufy<\/strong> est un pirate et le principal protagoniste du manga et anim\u00e9 One Piece. C\u2019est aussi le fr\u00e8re adoptif du d\u00e9funt <strong>Portuguese D. Ace<\/strong> E <strong>Sabo<\/strong>. D\u2019ailleurs, si tu affectionnes cette fratrie, la <a title=\"SET DI 3 FIGURE DI ONE PIECE FIRE BROTHERS\" href=\"https:\/\/boutique-one-piece.com\/it\/set-di-3-statuette-di-one-piece-i-fratelli-del-fuoco\/\" target=\"_blank\" rel=\"noopener\">statuetta a loro somiglianza<\/a> \u00e8 alla tua portata domani. Tornando a Rufy, il suo sogno pi\u00f9 grande \u00e8 diventare il Re dei Pirati trovando il leggendario tesoro One Piece, nascosto da qualche parte nel mondo da Gol D. Roger.<\/p>\n<p>Secondo lui, essendo <strong>il Signore dei Pirati<\/strong> signifie \u00eatre celui qui jouit d\u2019une libert\u00e9 sans pareille dans le monde. Enfin, tu dois savoir qu\u2019il a mang\u00e9 un Fruit du D\u00e9mon : le Gomu Gomu no Mi. Ce Fruit du D\u00e9mon de type Paramecia, conf\u00e8re au corps de son utilisateur les m\u00eames propri\u00e9t\u00e9s que le caoutchouc, ce qui fait du mangeur un Homme \u00c9lastique.<\/p>\n<h3>Alors, conquis par la figurine de Monkey D luffy ? Comment ne pas l\u2019\u00eatre ? Rejoins son \u00e9quipage \u00e0 bord du Thousand Sunny. Bien des aventures t\u2019y attendent.<\/h3>\n<p>Sois fier de faire partie de l\u2019aventure <strong>Un pezzo<\/strong>. Rejoins l\u2019\u00e9quipage et deviens un pirate de renom aux c\u00f4t\u00e9s de <strong>il tuo capitano Rufy<\/strong>. Ces objets mythiques sont parfaits pour offrir, d\u00e9corer ou collectionner. Alors, n\u2019attends plus et saisis cette opportunit\u00e9 de pouvoir agrandir ton univers One Piece.<\/p>\n<h2>Informazioni sulla statuetta di Monkey D. Luffy Re dei Pirati<\/h2>\n<ul>\n<li><span><b><u>Figurina di One Piece<\/u><\/b>\u00a0: Figurine\u00a0 premium de l\u2019univers One Piece pour les vrais pirates<\/span><\/li>\n<\/ul>\n<ul>\n<li>\n<b>Questione<\/b><span>\u00a0<\/span>PVC<\/li>\n<\/ul>\n<ul>\n<li><span><strong>Dimensione<\/strong>\u00a0: 26 centimetri<\/span><\/li>\n<\/ul>\n<ul>\n<li><span><strong>CONSEGNA GRATUITA<\/strong><\/span><\/li>\n<\/ul>","protected":false},"excerpt":{"rendered":"<p>Jeune pirate, le moment est venu pour toi de te procurer cette Figurine One Piece Monkey D Luffy Roi Des Pirates. Voici ce que tu dois savoir au sujet de ce c\u00e9l\u00e8bre capitaine ; Monkey D. Luffy est un pirate et le principal protagoniste du manga et anim\u00e9 One Piece. C\u2019est aussi le fr\u00e8re adoptif [&hellip;]<\/p>","protected":false},"featured_media":12637,"comment_status":"open","ping_status":"open","template":"","meta":[],"product_brand":[],"product_cat":[181,76,80],"product_tag":[92],"class_list":{"0":"post-12635","1":"product","2":"type-product","3":"status-publish","4":"has-post-thumbnail","6":"product_cat-figurines-monkey-d-luffy","7":"product_cat-figurines-one-piece","8":"product_cat-goodies-monkey-d-luffy-one-piece","9":"product_tag-luffy","11":"first","12":"instock","13":"purchasable","14":"product-type-simple"},"yoast_head":"<!-- This site is optimized with the Yoast SEO plugin v27.5 - https:\/\/yoast.com\/product\/yoast-seo-wordpress\/ -->\n<title>Figurine One Piece Monkey D Luffy Roi Des Pirates | Figurine One Piece \u2013 Boutique One Piece<\/title>\n<meta name=\"description\" content=\"Jeune pirate, le moment est venu pour toi de te procurer cette Figurine One Piece Monkey D Luffy Roi Des Pirates. Voici ce que tu dois savoir au sujet de ce c\u00e9l\u00e8bre capitaine ; Monkey D. Luffy est un pirate et le principal protagoniste du manga et anim\u00e9 One Piece. C&#039;est aussi le fr\u00e8re adoptif du d\u00e9funt Portgas D. Ace e\" \/>\n<meta name=\"robots\" content=\"index, follow, max-snippet:-1, max-image-preview:large, max-video-preview:-1\" \/>\n<link rel=\"canonical\" href=\"https:\/\/boutique-one-piece.com\/it\/figurine-di-one-piece\/figurine-di-monkey-d-luffy\/figurina-one-piece-monkey-d-luffy-re-dei-pirati\/\" \/>\n<meta property=\"og:locale\" content=\"it_IT\" \/>\n<meta property=\"og:type\" content=\"article\" \/>\n<meta property=\"og:title\" content=\"Figurine One Piece Monkey D Luffy Roi Des Pirates | Figurine One Piece \u2013 Boutique One Piece\" \/>\n<meta property=\"og:description\" content=\"Jeune pirate, le moment est venu pour toi de te procurer cette Figurine One Piece Monkey D Luffy Roi Des Pirates. Voici ce que tu dois savoir au sujet de ce c\u00e9l\u00e8bre capitaine ; Monkey D. Luffy est un pirate et le principal protagoniste du manga et anim\u00e9 One Piece. C&#039;est aussi le fr\u00e8re adoptif du d\u00e9funt Portgas D. Ace e\" \/>\n<meta property=\"og:url\" content=\"https:\/\/boutique-one-piece.com\/it\/figurine-di-one-piece\/figurine-di-monkey-d-luffy\/figurina-one-piece-monkey-d-luffy-re-dei-pirati\/\" \/>\n<meta property=\"og:site_name\" content=\"Boutique One Piece\" \/>\n<meta property=\"article:modified_time\" content=\"2024-09-16T12:59:23+00:00\" \/>\n<meta property=\"og:image\" content=\"https:\/\/boutique-one-piece.com\/wp-content\/uploads\/2022\/09\/Figurine-One-Piece-Monkey-D-Luffy-Roi-Des-Pirates-1.jpg\" \/>\n\t<meta property=\"og:image:width\" content=\"1000\" \/>\n\t<meta property=\"og:image:height\" content=\"1000\" \/>\n\t<meta property=\"og:image:type\" content=\"image\/jpeg\" \/>\n<meta name=\"twitter:card\" content=\"summary_large_image\" \/>\n<meta name=\"twitter:label1\" content=\"Tempo di lettura stimato\" \/>\n\t<meta name=\"twitter:data1\" content=\"1 minuto\" \/>\n<script type=\"application\/ld+json\" class=\"yoast-schema-graph\">{\"@context\":\"https:\\\/\\\/schema.org\",\"@graph\":[{\"@type\":\"WebPage\",\"@id\":\"https:\\\/\\\/boutique-one-piece.com\\\/figurines-one-piece\\\/figurines-monkey-d-luffy\\\/figurine-one-piece-monkey-d-luffy-roi-des-pirates\\\/\",\"url\":\"https:\\\/\\\/boutique-one-piece.com\\\/figurines-one-piece\\\/figurines-monkey-d-luffy\\\/figurine-one-piece-monkey-d-luffy-roi-des-pirates\\\/\",\"name\":\"Figurine One Piece Monkey D Luffy Roi Des Pirates | Figurine One Piece \u2013 Boutique One Piece\",\"isPartOf\":{\"@id\":\"https:\\\/\\\/boutique-one-piece.com\\\/#website\"},\"primaryImageOfPage\":{\"@id\":\"https:\\\/\\\/boutique-one-piece.com\\\/figurines-one-piece\\\/figurines-monkey-d-luffy\\\/figurine-one-piece-monkey-d-luffy-roi-des-pirates\\\/#primaryimage\"},\"image\":{\"@id\":\"https:\\\/\\\/boutique-one-piece.com\\\/figurines-one-piece\\\/figurines-monkey-d-luffy\\\/figurine-one-piece-monkey-d-luffy-roi-des-pirates\\\/#primaryimage\"},\"thumbnailUrl\":\"https:\\\/\\\/boutique-one-piece.com\\\/wp-content\\\/uploads\\\/2022\\\/09\\\/Figurine-One-Piece-Monkey-D-Luffy-Roi-Des-Pirates-1.jpg\",\"datePublished\":\"2022-09-27T20:57:05+00:00\",\"dateModified\":\"2024-09-16T12:59:23+00:00\",\"description\":\"Jeune pirate, le moment est venu pour toi de te procurer cette Figurine One Piece Monkey D Luffy Roi Des Pirates. Voici ce que tu dois savoir au sujet de ce c\u00e9l\u00e8bre capitaine ; Monkey D. Luffy est un pirate et le principal protagoniste du manga et anim\u00e9 One Piece. C'est aussi le fr\u00e8re adoptif du d\u00e9funt Portgas D. Ace e\",\"breadcrumb\":{\"@id\":\"https:\\\/\\\/boutique-one-piece.com\\\/figurines-one-piece\\\/figurines-monkey-d-luffy\\\/figurine-one-piece-monkey-d-luffy-roi-des-pirates\\\/#breadcrumb\"},\"inLanguage\":\"it-IT\",\"potentialAction\":[{\"@type\":\"ReadAction\",\"target\":[\"https:\\\/\\\/boutique-one-piece.com\\\/figurines-one-piece\\\/figurines-monkey-d-luffy\\\/figurine-one-piece-monkey-d-luffy-roi-des-pirates\\\/\"]}]},{\"@type\":\"ImageObject\",\"inLanguage\":\"it-IT\",\"@id\":\"https:\\\/\\\/boutique-one-piece.com\\\/figurines-one-piece\\\/figurines-monkey-d-luffy\\\/figurine-one-piece-monkey-d-luffy-roi-des-pirates\\\/#primaryimage\",\"url\":\"https:\\\/\\\/boutique-one-piece.com\\\/wp-content\\\/uploads\\\/2022\\\/09\\\/Figurine-One-Piece-Monkey-D-Luffy-Roi-Des-Pirates-1.jpg\",\"contentUrl\":\"https:\\\/\\\/boutique-one-piece.com\\\/wp-content\\\/uploads\\\/2022\\\/09\\\/Figurine-One-Piece-Monkey-D-Luffy-Roi-Des-Pirates-1.jpg\",\"width\":1000,\"height\":1000},{\"@type\":\"BreadcrumbList\",\"@id\":\"https:\\\/\\\/boutique-one-piece.com\\\/figurines-one-piece\\\/figurines-monkey-d-luffy\\\/figurine-one-piece-monkey-d-luffy-roi-des-pirates\\\/#breadcrumb\",\"itemListElement\":[{\"@type\":\"ListItem\",\"position\":1,\"name\":\"Home\",\"item\":\"https:\\\/\\\/boutique-one-piece.com\\\/\"},{\"@type\":\"ListItem\",\"position\":2,\"name\":\"Shop\",\"item\":\"https:\\\/\\\/boutique-one-piece.com\\\/shop\\\/\"},{\"@type\":\"ListItem\",\"position\":3,\"name\":\"Figurine One Piece Monkey D Luffy Roi Des Pirates\"}]},{\"@type\":\"WebSite\",\"@id\":\"https:\\\/\\\/boutique-one-piece.com\\\/#website\",\"url\":\"https:\\\/\\\/boutique-one-piece.com\\\/\",\"name\":\"Boutique One Piece\",\"description\":\"Magasin Sp\u00e9cialis\u00e9 du Manga et l&#039;Anime One Piece\",\"publisher\":{\"@id\":\"https:\\\/\\\/boutique-one-piece.com\\\/#organization\"},\"potentialAction\":[{\"@type\":\"SearchAction\",\"target\":{\"@type\":\"EntryPoint\",\"urlTemplate\":\"https:\\\/\\\/boutique-one-piece.com\\\/?s={search_term_string}\"},\"query-input\":{\"@type\":\"PropertyValueSpecification\",\"valueRequired\":true,\"valueName\":\"search_term_string\"}}],\"inLanguage\":\"it-IT\"},{\"@type\":\"Organization\",\"@id\":\"https:\\\/\\\/boutique-one-piece.com\\\/#organization\",\"name\":\"Boutique One Piece\",\"url\":\"https:\\\/\\\/boutique-one-piece.com\\\/\",\"logo\":{\"@type\":\"ImageObject\",\"inLanguage\":\"it-IT\",\"@id\":\"https:\\\/\\\/boutique-one-piece.com\\\/#\\\/schema\\\/logo\\\/image\\\/\",\"url\":\"https:\\\/\\\/boutique-one-piece.com\\\/wp-content\\\/uploads\\\/2022\\\/09\\\/Logo-01.png\",\"contentUrl\":\"https:\\\/\\\/boutique-one-piece.com\\\/wp-content\\\/uploads\\\/2022\\\/09\\\/Logo-01.png\",\"width\":2318,\"height\":957,\"caption\":\"Boutique One Piece\"},\"image\":{\"@id\":\"https:\\\/\\\/boutique-one-piece.com\\\/#\\\/schema\\\/logo\\\/image\\\/\"}}]}<\/script>\n<!-- \/ Yoast SEO plugin. -->","yoast_head_json":{"title":"One Piece Monkey D. Luffy Pirate King Figure | One Piece Figure \u2013 One Piece Shop","description":"Giovane pirata, \u00e8 giunto il momento di mettere le mani su questa action figure di Monkey D. Luffy, il Re dei Pirati, di One Piece. Ecco cosa devi sapere su questo famoso capitano: Monkey D. Luffy \u00e8 un pirata e il protagonista principale del manga e anime di One Piece. \u00c8 anche il fratello adottivo del defunto Portgas D. Ace.","robots":{"index":"index","follow":"follow","max-snippet":"max-snippet:-1","max-image-preview":"max-image-preview:large","max-video-preview":"max-video-preview:-1"},"canonical":"https:\/\/boutique-one-piece.com\/it\/figurine-di-one-piece\/figurine-di-monkey-d-luffy\/figurina-one-piece-monkey-d-luffy-re-dei-pirati\/","og_locale":"it_IT","og_type":"article","og_title":"Figurine One Piece Monkey D Luffy Roi Des Pirates | Figurine One Piece \u2013 Boutique One Piece","og_description":"Jeune pirate, le moment est venu pour toi de te procurer cette Figurine One Piece Monkey D Luffy Roi Des Pirates. Voici ce que tu dois savoir au sujet de ce c\u00e9l\u00e8bre capitaine ; Monkey D. Luffy est un pirate et le principal protagoniste du manga et anim\u00e9 One Piece. C'est aussi le fr\u00e8re adoptif du d\u00e9funt Portgas D. Ace e","og_url":"https:\/\/boutique-one-piece.com\/it\/figurine-di-one-piece\/figurine-di-monkey-d-luffy\/figurina-one-piece-monkey-d-luffy-re-dei-pirati\/","og_site_name":"Boutique One Piece","article_modified_time":"2024-09-16T12:59:23+00:00","og_image":[{"width":1000,"height":1000,"url":"https:\/\/boutique-one-piece.com\/wp-content\/uploads\/2022\/09\/Figurine-One-Piece-Monkey-D-Luffy-Roi-Des-Pirates-1.jpg","type":"image\/jpeg"}],"twitter_card":"summary_large_image","twitter_misc":{"Tempo di lettura stimato":"1 minuto"},"schema":{"@context":"https:\/\/schema.org","@graph":[{"@type":"WebPage","@id":"https:\/\/boutique-one-piece.com\/figurines-one-piece\/figurines-monkey-d-luffy\/figurine-one-piece-monkey-d-luffy-roi-des-pirates\/","url":"https:\/\/boutique-one-piece.com\/figurines-one-piece\/figurines-monkey-d-luffy\/figurine-one-piece-monkey-d-luffy-roi-des-pirates\/","name":"One Piece Monkey D. Luffy Pirate King Figure | One Piece Figure \u2013 One Piece Shop","isPartOf":{"@id":"https:\/\/boutique-one-piece.com\/#website"},"primaryImageOfPage":{"@id":"https:\/\/boutique-one-piece.com\/figurines-one-piece\/figurines-monkey-d-luffy\/figurine-one-piece-monkey-d-luffy-roi-des-pirates\/#primaryimage"},"image":{"@id":"https:\/\/boutique-one-piece.com\/figurines-one-piece\/figurines-monkey-d-luffy\/figurine-one-piece-monkey-d-luffy-roi-des-pirates\/#primaryimage"},"thumbnailUrl":"https:\/\/boutique-one-piece.com\/wp-content\/uploads\/2022\/09\/Figurine-One-Piece-Monkey-D-Luffy-Roi-Des-Pirates-1.jpg","datePublished":"2022-09-27T20:57:05+00:00","dateModified":"2024-09-16T12:59:23+00:00","description":"Giovane pirata, \u00e8 giunto il momento di mettere le mani su questa action figure di Monkey D. Luffy, il Re dei Pirati, di One Piece. Ecco cosa devi sapere su questo famoso capitano: Monkey D. Luffy \u00e8 un pirata e il protagonista principale del manga e anime di One Piece. \u00c8 anche il fratello adottivo del defunto Portgas D. Ace.","breadcrumb":{"@id":"https:\/\/boutique-one-piece.com\/figurines-one-piece\/figurines-monkey-d-luffy\/figurine-one-piece-monkey-d-luffy-roi-des-pirates\/#breadcrumb"},"inLanguage":"it-IT","potentialAction":[{"@type":"ReadAction","target":["https:\/\/boutique-one-piece.com\/figurines-one-piece\/figurines-monkey-d-luffy\/figurine-one-piece-monkey-d-luffy-roi-des-pirates\/"]}]},{"@type":"ImageObject","inLanguage":"it-IT","@id":"https:\/\/boutique-one-piece.com\/figurines-one-piece\/figurines-monkey-d-luffy\/figurine-one-piece-monkey-d-luffy-roi-des-pirates\/#primaryimage","url":"https:\/\/boutique-one-piece.com\/wp-content\/uploads\/2022\/09\/Figurine-One-Piece-Monkey-D-Luffy-Roi-Des-Pirates-1.jpg","contentUrl":"https:\/\/boutique-one-piece.com\/wp-content\/uploads\/2022\/09\/Figurine-One-Piece-Monkey-D-Luffy-Roi-Des-Pirates-1.jpg","width":1000,"height":1000},{"@type":"BreadcrumbList","@id":"https:\/\/boutique-one-piece.com\/figurines-one-piece\/figurines-monkey-d-luffy\/figurine-one-piece-monkey-d-luffy-roi-des-pirates\/#breadcrumb","itemListElement":[{"@type":"ListItem","position":1,"name":"Home","item":"https:\/\/boutique-one-piece.com\/"},{"@type":"ListItem","position":2,"name":"Shop","item":"https:\/\/boutique-one-piece.com\/shop\/"},{"@type":"ListItem","position":3,"name":"Figurine One Piece Monkey D Luffy Roi Des Pirates"}]},{"@type":"WebSite","@id":"https:\/\/boutique-one-piece.com\/#website","url":"https:\/\/boutique-one-piece.com\/","name":"Negozio One Piece","description":"Negozio specializzato in manga e anime di One Piece","publisher":{"@id":"https:\/\/boutique-one-piece.com\/#organization"},"potentialAction":[{"@type":"SearchAction","target":{"@type":"EntryPoint","urlTemplate":"https:\/\/boutique-one-piece.com\/?s={search_term_string}"},"query-input":{"@type":"PropertyValueSpecification","valueRequired":true,"valueName":"search_term_string"}}],"inLanguage":"it-IT"},{"@type":"Organization","@id":"https:\/\/boutique-one-piece.com\/#organization","name":"Negozio One Piece","url":"https:\/\/boutique-one-piece.com\/","logo":{"@type":"ImageObject","inLanguage":"it-IT","@id":"https:\/\/boutique-one-piece.com\/#\/schema\/logo\/image\/","url":"https:\/\/boutique-one-piece.com\/wp-content\/uploads\/2022\/09\/Logo-01.png","contentUrl":"https:\/\/boutique-one-piece.com\/wp-content\/uploads\/2022\/09\/Logo-01.png","width":2318,"height":957,"caption":"Boutique One Piece"},"image":{"@id":"https:\/\/boutique-one-piece.com\/#\/schema\/logo\/image\/"}}]}},"_links":{"self":[{"href":"https:\/\/boutique-one-piece.com\/it\/wp-json\/wp\/v2\/product\/12635","targetHints":{"allow":["GET"]}}],"collection":[{"href":"https:\/\/boutique-one-piece.com\/it\/wp-json\/wp\/v2\/product"}],"about":[{"href":"https:\/\/boutique-one-piece.com\/it\/wp-json\/wp\/v2\/types\/product"}],"replies":[{"embeddable":true,"href":"https:\/\/boutique-one-piece.com\/it\/wp-json\/wp\/v2\/comments?post=12635"}],"wp:featuredmedia":[{"embeddable":true,"href":"https:\/\/boutique-one-piece.com\/it\/wp-json\/wp\/v2\/media\/12637"}],"wp:attachment":[{"href":"https:\/\/boutique-one-piece.com\/it\/wp-json\/wp\/v2\/media?parent=12635"}],"wp:term":[{"taxonomy":"product_brand","embeddable":true,"href":"https:\/\/boutique-one-piece.com\/it\/wp-json\/wp\/v2\/product_brand?post=12635"},{"taxonomy":"product_cat","embeddable":true,"href":"https:\/\/boutique-one-piece.com\/it\/wp-json\/wp\/v2\/product_cat?post=12635"},{"taxonomy":"product_tag","embeddable":true,"href":"https:\/\/boutique-one-piece.com\/it\/wp-json\/wp\/v2\/product_tag?post=12635"}],"curies":[{"name":"parola chiave","href":"https:\/\/api.w.org\/{rel}","templated":true}]}}