{"id":12675,"date":"2022-09-27T20:57:23","date_gmt":"2022-09-27T20:57:23","guid":{"rendered":"https:\/\/boutique-one-piece.com\/uncategorized\/drapeau-equipage-de-big-mom\/"},"modified":"2024-09-16T13:00:21","modified_gmt":"2024-09-16T13:00:21","slug":"bandiera-dellequipaggio-di-big-mom","status":"publish","type":"product","link":"https:\/\/boutique-one-piece.com\/it\/decorazioni-di-one-piece\/bandiere-di-one-piece\/bandiera-dellequipaggio-di-big-mom\/","title":{"rendered":"Bandiera dei pirati di Big Mom"},"content":{"rendered":"<h2>Giovane pirata, procurati subito questa bandiera dei pirati di Big Mom.<\/h2>\n<p>Le Jolly Roger de l\u2019\u00c9quipage de Big Mom est un cr\u00e2ne avec des l\u00e8vres rouges \u00e9paisses, portant un tricorne de pirate, sur un fond pelucheux (pouvant repr\u00e9senter les cheveux de Big Mom) avec plusieurs cannes de <strong>caramella<\/strong> dress\u00e9s derri\u00e8re \u00e0 la place d\u2019os crois\u00e9s normaux.<\/p>\n<p>Per quanto riguarda <strong>L\u2019\u00c9quipage de Big Mom<\/strong>, c\u2019est un \u00e9quipage pirate inf\u00e2me et puissant dirig\u00e9 par l\u2019Empereur Charlotte Linlin, mieux connue sous le nom de \u00ab\u00a0Big Mom\u00a0\u00bb. L\u2019\u00e9quipage dirige la puissante nation de Totto Land, avec leur capitaine qui r\u00e9git comme une reine et dont la base des op\u00e9rations se trouve \u00e0 l\u2019\u00eele de Tougato. D\u2019ailleurs, si cet \u00e9quipage ne te convient pas, change d\u2019embl\u00e8me et opte pour le <a title=\"BANDIERA DELL&#039;EQUIPAGGIO DELLE CENTO BESTIE\" href=\"https:\/\/boutique-one-piece.com\/it\/drapeau-equipage-aux-cent-betes\/\" target=\"_blank\" rel=\"noopener\">drapeau de l\u2019Equipage aux cent B\u00eates<\/a>.<\/p>\n<h3>Alors, conquis par le drapeau de l\u2019Equipage de Big Mom ? Souhaite tu faire partie de cet \u00e9quipage de pirates inf\u00e2mes ? Si tel est le cas, bienvenue \u00e0 bord !<\/h3>\n<p>Che tu sia un fan sfegatato o un collezionista esperto, non cercare oltre. Qui troverai tutti gli oggetti leggendari legati al tuo manga preferito. Questi articoli arricchiranno la tua collezione. <strong>il tuo universo One Piece<\/strong> sans aucun doute. Alors n\u2019attends plus et saisis cette opportunit\u00e9 de pouvoir vivre encore et encore bien <strong>avventure emozionanti<\/strong>.<\/p>\n<h2>Informations sur le Drapeau de l\u2019\u00c9quipage de Big Mom :<\/h2>\n<ul>\n<li>\n<strong><u>Bandiera di One Piece<\/u><\/strong>\u00a0Una vera bandiera pirata di One Piece per i veri fan<\/li>\n<\/ul>\n<ul>\n<li>\n<strong>Stampa di alta qualit\u00e0<\/strong>\u00a0colori accurati<\/li>\n<\/ul>\n<ul>\n<li>\n<strong>Questione<\/strong> Poliestere<\/li>\n<\/ul>\n<ul>\n<li>\n<strong>Dimensione<\/strong>\u00a0: 70 cm X 125 cm<\/li>\n<\/ul>\n<ul>\n<li>\n<strong>Peso<\/strong> : 100 gr<\/li>\n<\/ul>\n<ul>\n<li><strong>CONSEGNA GRATUITA<\/strong><\/li>\n<\/ul>","protected":false},"excerpt":{"rendered":"<p>Jeune pirate, procure-toi d\u00e8s maintenant ce Drapeau \u00c9quipage de Big Mom. Le Jolly Roger de l\u2019\u00c9quipage de Big Mom est un cr\u00e2ne avec des l\u00e8vres rouges \u00e9paisses, portant un tricorne de pirate, sur un fond pelucheux (pouvant repr\u00e9senter les cheveux de Big Mom) avec plusieurs cannes de bonbons dress\u00e9s derri\u00e8re \u00e0 la place d\u2019os crois\u00e9s [&hellip;]<\/p>","protected":false},"featured_media":12677,"comment_status":"open","ping_status":"open","template":"","meta":[],"product_brand":[],"product_cat":[212],"product_tag":[351],"class_list":{"0":"post-12675","1":"product","2":"type-product","3":"status-publish","4":"has-post-thumbnail","6":"product_cat-drapeaux-one-piece","7":"product_tag-big-mom","9":"first","10":"instock","11":"purchasable","12":"product-type-simple"},"yoast_head":"<!-- This site is optimized with the Yoast SEO plugin v27.5 - https:\/\/yoast.com\/product\/yoast-seo-wordpress\/ -->\n<title>Drapeau \u00c9quipage de Big Mom | Boutique One Piece<\/title>\n<meta name=\"description\" content=\"D\u00e9couvrez le Drapeau One Piece Big Mom, d\u00e9corez votre pi\u00e8ce en portant les couleurs de Charlotte Linlin ! Commencez votre aventure recherche du One Piece dans l&#039;\u00e9quipage de Big Mom\" \/>\n<meta name=\"robots\" content=\"index, follow, max-snippet:-1, max-image-preview:large, max-video-preview:-1\" \/>\n<link rel=\"canonical\" href=\"https:\/\/boutique-one-piece.com\/it\/decorazioni-di-one-piece\/bandiere-di-one-piece\/bandiera-dellequipaggio-di-big-mom\/\" \/>\n<meta property=\"og:locale\" content=\"it_IT\" \/>\n<meta property=\"og:type\" content=\"article\" \/>\n<meta property=\"og:title\" content=\"Drapeau \u00c9quipage de Big Mom | Boutique One Piece\" \/>\n<meta property=\"og:description\" content=\"D\u00e9couvrez le Drapeau One Piece Big Mom, d\u00e9corez votre pi\u00e8ce en portant les couleurs de Charlotte Linlin ! Commencez votre aventure recherche du One Piece dans l&#039;\u00e9quipage de Big Mom\" \/>\n<meta property=\"og:url\" content=\"https:\/\/boutique-one-piece.com\/it\/decorazioni-di-one-piece\/bandiere-di-one-piece\/bandiera-dellequipaggio-di-big-mom\/\" \/>\n<meta property=\"og:site_name\" content=\"Boutique One Piece\" \/>\n<meta property=\"article:modified_time\" content=\"2024-09-16T13:00:21+00:00\" \/>\n<meta property=\"og:image\" content=\"https:\/\/boutique-one-piece.com\/wp-content\/uploads\/2022\/09\/Drapeau-Equipage-de-Big-Mom-1.jpg\" \/>\n\t<meta property=\"og:image:width\" content=\"800\" \/>\n\t<meta property=\"og:image:height\" content=\"800\" \/>\n\t<meta property=\"og:image:type\" content=\"image\/jpeg\" \/>\n<meta name=\"twitter:card\" content=\"summary_large_image\" \/>\n<meta name=\"twitter:label1\" content=\"Tempo di lettura stimato\" \/>\n\t<meta name=\"twitter:data1\" content=\"1 minuto\" \/>\n<script type=\"application\/ld+json\" class=\"yoast-schema-graph\">{\"@context\":\"https:\\\/\\\/schema.org\",\"@graph\":[{\"@type\":\"WebPage\",\"@id\":\"https:\\\/\\\/boutique-one-piece.com\\\/decorations-one-piece\\\/drapeaux-one-piece\\\/drapeau-equipage-de-big-mom\\\/\",\"url\":\"https:\\\/\\\/boutique-one-piece.com\\\/decorations-one-piece\\\/drapeaux-one-piece\\\/drapeau-equipage-de-big-mom\\\/\",\"name\":\"Drapeau \u00c9quipage de Big Mom | Boutique One Piece\",\"isPartOf\":{\"@id\":\"https:\\\/\\\/boutique-one-piece.com\\\/#website\"},\"primaryImageOfPage\":{\"@id\":\"https:\\\/\\\/boutique-one-piece.com\\\/decorations-one-piece\\\/drapeaux-one-piece\\\/drapeau-equipage-de-big-mom\\\/#primaryimage\"},\"image\":{\"@id\":\"https:\\\/\\\/boutique-one-piece.com\\\/decorations-one-piece\\\/drapeaux-one-piece\\\/drapeau-equipage-de-big-mom\\\/#primaryimage\"},\"thumbnailUrl\":\"https:\\\/\\\/boutique-one-piece.com\\\/wp-content\\\/uploads\\\/2022\\\/09\\\/Drapeau-Equipage-de-Big-Mom-1.jpg\",\"datePublished\":\"2022-09-27T20:57:23+00:00\",\"dateModified\":\"2024-09-16T13:00:21+00:00\",\"description\":\"D\u00e9couvrez le Drapeau One Piece Big Mom, d\u00e9corez votre pi\u00e8ce en portant les couleurs de Charlotte Linlin ! Commencez votre aventure recherche du One Piece dans l'\u00e9quipage de Big Mom\",\"breadcrumb\":{\"@id\":\"https:\\\/\\\/boutique-one-piece.com\\\/decorations-one-piece\\\/drapeaux-one-piece\\\/drapeau-equipage-de-big-mom\\\/#breadcrumb\"},\"inLanguage\":\"it-IT\",\"potentialAction\":[{\"@type\":\"ReadAction\",\"target\":[\"https:\\\/\\\/boutique-one-piece.com\\\/decorations-one-piece\\\/drapeaux-one-piece\\\/drapeau-equipage-de-big-mom\\\/\"]}]},{\"@type\":\"ImageObject\",\"inLanguage\":\"it-IT\",\"@id\":\"https:\\\/\\\/boutique-one-piece.com\\\/decorations-one-piece\\\/drapeaux-one-piece\\\/drapeau-equipage-de-big-mom\\\/#primaryimage\",\"url\":\"https:\\\/\\\/boutique-one-piece.com\\\/wp-content\\\/uploads\\\/2022\\\/09\\\/Drapeau-Equipage-de-Big-Mom-1.jpg\",\"contentUrl\":\"https:\\\/\\\/boutique-one-piece.com\\\/wp-content\\\/uploads\\\/2022\\\/09\\\/Drapeau-Equipage-de-Big-Mom-1.jpg\",\"width\":800,\"height\":800},{\"@type\":\"BreadcrumbList\",\"@id\":\"https:\\\/\\\/boutique-one-piece.com\\\/decorations-one-piece\\\/drapeaux-one-piece\\\/drapeau-equipage-de-big-mom\\\/#breadcrumb\",\"itemListElement\":[{\"@type\":\"ListItem\",\"position\":1,\"name\":\"Home\",\"item\":\"https:\\\/\\\/boutique-one-piece.com\\\/\"},{\"@type\":\"ListItem\",\"position\":2,\"name\":\"Shop\",\"item\":\"https:\\\/\\\/boutique-one-piece.com\\\/shop\\\/\"},{\"@type\":\"ListItem\",\"position\":3,\"name\":\"Drapeau \u00c9quipage de Big Mom\"}]},{\"@type\":\"WebSite\",\"@id\":\"https:\\\/\\\/boutique-one-piece.com\\\/#website\",\"url\":\"https:\\\/\\\/boutique-one-piece.com\\\/\",\"name\":\"Boutique One Piece\",\"description\":\"Magasin Sp\u00e9cialis\u00e9 du Manga et l&#039;Anime One Piece\",\"publisher\":{\"@id\":\"https:\\\/\\\/boutique-one-piece.com\\\/#organization\"},\"potentialAction\":[{\"@type\":\"SearchAction\",\"target\":{\"@type\":\"EntryPoint\",\"urlTemplate\":\"https:\\\/\\\/boutique-one-piece.com\\\/?s={search_term_string}\"},\"query-input\":{\"@type\":\"PropertyValueSpecification\",\"valueRequired\":true,\"valueName\":\"search_term_string\"}}],\"inLanguage\":\"it-IT\"},{\"@type\":\"Organization\",\"@id\":\"https:\\\/\\\/boutique-one-piece.com\\\/#organization\",\"name\":\"Boutique One Piece\",\"url\":\"https:\\\/\\\/boutique-one-piece.com\\\/\",\"logo\":{\"@type\":\"ImageObject\",\"inLanguage\":\"it-IT\",\"@id\":\"https:\\\/\\\/boutique-one-piece.com\\\/#\\\/schema\\\/logo\\\/image\\\/\",\"url\":\"https:\\\/\\\/boutique-one-piece.com\\\/wp-content\\\/uploads\\\/2022\\\/09\\\/Logo-01.png\",\"contentUrl\":\"https:\\\/\\\/boutique-one-piece.com\\\/wp-content\\\/uploads\\\/2022\\\/09\\\/Logo-01.png\",\"width\":2318,\"height\":957,\"caption\":\"Boutique One Piece\"},\"image\":{\"@id\":\"https:\\\/\\\/boutique-one-piece.com\\\/#\\\/schema\\\/logo\\\/image\\\/\"}}]}<\/script>\n<!-- \/ Yoast SEO plugin. -->","yoast_head_json":{"title":"Bandiera dei pirati di Big Mom | Negozio One Piece","description":"Scopri la bandiera di Big Mom di One Piece, decora la tua stanza con i colori di Charlotte Linlin! Inizia la tua avventura alla ricerca di One Piece con la squadra di Big Mom.","robots":{"index":"index","follow":"follow","max-snippet":"max-snippet:-1","max-image-preview":"max-image-preview:large","max-video-preview":"max-video-preview:-1"},"canonical":"https:\/\/boutique-one-piece.com\/it\/decorazioni-di-one-piece\/bandiere-di-one-piece\/bandiera-dellequipaggio-di-big-mom\/","og_locale":"it_IT","og_type":"article","og_title":"Drapeau \u00c9quipage de Big Mom | Boutique One Piece","og_description":"D\u00e9couvrez le Drapeau One Piece Big Mom, d\u00e9corez votre pi\u00e8ce en portant les couleurs de Charlotte Linlin ! Commencez votre aventure recherche du One Piece dans l'\u00e9quipage de Big Mom","og_url":"https:\/\/boutique-one-piece.com\/it\/decorazioni-di-one-piece\/bandiere-di-one-piece\/bandiera-dellequipaggio-di-big-mom\/","og_site_name":"Boutique One Piece","article_modified_time":"2024-09-16T13:00:21+00:00","og_image":[{"width":800,"height":800,"url":"https:\/\/boutique-one-piece.com\/wp-content\/uploads\/2022\/09\/Drapeau-Equipage-de-Big-Mom-1.jpg","type":"image\/jpeg"}],"twitter_card":"summary_large_image","twitter_misc":{"Tempo di lettura stimato":"1 minuto"},"schema":{"@context":"https:\/\/schema.org","@graph":[{"@type":"WebPage","@id":"https:\/\/boutique-one-piece.com\/decorations-one-piece\/drapeaux-one-piece\/drapeau-equipage-de-big-mom\/","url":"https:\/\/boutique-one-piece.com\/decorations-one-piece\/drapeaux-one-piece\/drapeau-equipage-de-big-mom\/","name":"Bandiera dei pirati di Big Mom | Negozio One Piece","isPartOf":{"@id":"https:\/\/boutique-one-piece.com\/#website"},"primaryImageOfPage":{"@id":"https:\/\/boutique-one-piece.com\/decorations-one-piece\/drapeaux-one-piece\/drapeau-equipage-de-big-mom\/#primaryimage"},"image":{"@id":"https:\/\/boutique-one-piece.com\/decorations-one-piece\/drapeaux-one-piece\/drapeau-equipage-de-big-mom\/#primaryimage"},"thumbnailUrl":"https:\/\/boutique-one-piece.com\/wp-content\/uploads\/2022\/09\/Drapeau-Equipage-de-Big-Mom-1.jpg","datePublished":"2022-09-27T20:57:23+00:00","dateModified":"2024-09-16T13:00:21+00:00","description":"Scopri la bandiera di Big Mom di One Piece, decora la tua stanza con i colori di Charlotte Linlin! Inizia la tua avventura alla ricerca di One Piece con la squadra di Big Mom.","breadcrumb":{"@id":"https:\/\/boutique-one-piece.com\/decorations-one-piece\/drapeaux-one-piece\/drapeau-equipage-de-big-mom\/#breadcrumb"},"inLanguage":"it-IT","potentialAction":[{"@type":"ReadAction","target":["https:\/\/boutique-one-piece.com\/decorations-one-piece\/drapeaux-one-piece\/drapeau-equipage-de-big-mom\/"]}]},{"@type":"ImageObject","inLanguage":"it-IT","@id":"https:\/\/boutique-one-piece.com\/decorations-one-piece\/drapeaux-one-piece\/drapeau-equipage-de-big-mom\/#primaryimage","url":"https:\/\/boutique-one-piece.com\/wp-content\/uploads\/2022\/09\/Drapeau-Equipage-de-Big-Mom-1.jpg","contentUrl":"https:\/\/boutique-one-piece.com\/wp-content\/uploads\/2022\/09\/Drapeau-Equipage-de-Big-Mom-1.jpg","width":800,"height":800},{"@type":"BreadcrumbList","@id":"https:\/\/boutique-one-piece.com\/decorations-one-piece\/drapeaux-one-piece\/drapeau-equipage-de-big-mom\/#breadcrumb","itemListElement":[{"@type":"ListItem","position":1,"name":"Home","item":"https:\/\/boutique-one-piece.com\/"},{"@type":"ListItem","position":2,"name":"Shop","item":"https:\/\/boutique-one-piece.com\/shop\/"},{"@type":"ListItem","position":3,"name":"Drapeau \u00c9quipage de Big Mom"}]},{"@type":"WebSite","@id":"https:\/\/boutique-one-piece.com\/#website","url":"https:\/\/boutique-one-piece.com\/","name":"Negozio One Piece","description":"Negozio specializzato in manga e anime di One Piece","publisher":{"@id":"https:\/\/boutique-one-piece.com\/#organization"},"potentialAction":[{"@type":"SearchAction","target":{"@type":"EntryPoint","urlTemplate":"https:\/\/boutique-one-piece.com\/?s={search_term_string}"},"query-input":{"@type":"PropertyValueSpecification","valueRequired":true,"valueName":"search_term_string"}}],"inLanguage":"it-IT"},{"@type":"Organization","@id":"https:\/\/boutique-one-piece.com\/#organization","name":"Negozio One Piece","url":"https:\/\/boutique-one-piece.com\/","logo":{"@type":"ImageObject","inLanguage":"it-IT","@id":"https:\/\/boutique-one-piece.com\/#\/schema\/logo\/image\/","url":"https:\/\/boutique-one-piece.com\/wp-content\/uploads\/2022\/09\/Logo-01.png","contentUrl":"https:\/\/boutique-one-piece.com\/wp-content\/uploads\/2022\/09\/Logo-01.png","width":2318,"height":957,"caption":"Boutique One Piece"},"image":{"@id":"https:\/\/boutique-one-piece.com\/#\/schema\/logo\/image\/"}}]}},"_links":{"self":[{"href":"https:\/\/boutique-one-piece.com\/it\/wp-json\/wp\/v2\/product\/12675","targetHints":{"allow":["GET"]}}],"collection":[{"href":"https:\/\/boutique-one-piece.com\/it\/wp-json\/wp\/v2\/product"}],"about":[{"href":"https:\/\/boutique-one-piece.com\/it\/wp-json\/wp\/v2\/types\/product"}],"replies":[{"embeddable":true,"href":"https:\/\/boutique-one-piece.com\/it\/wp-json\/wp\/v2\/comments?post=12675"}],"wp:featuredmedia":[{"embeddable":true,"href":"https:\/\/boutique-one-piece.com\/it\/wp-json\/wp\/v2\/media\/12677"}],"wp:attachment":[{"href":"https:\/\/boutique-one-piece.com\/it\/wp-json\/wp\/v2\/media?parent=12675"}],"wp:term":[{"taxonomy":"product_brand","embeddable":true,"href":"https:\/\/boutique-one-piece.com\/it\/wp-json\/wp\/v2\/product_brand?post=12675"},{"taxonomy":"product_cat","embeddable":true,"href":"https:\/\/boutique-one-piece.com\/it\/wp-json\/wp\/v2\/product_cat?post=12675"},{"taxonomy":"product_tag","embeddable":true,"href":"https:\/\/boutique-one-piece.com\/it\/wp-json\/wp\/v2\/product_tag?post=12675"}],"curies":[{"name":"parola chiave","href":"https:\/\/api.w.org\/{rel}","templated":true}]}}