{"id":12706,"date":"2022-09-27T20:57:40","date_gmt":"2022-09-27T20:57:40","guid":{"rendered":"https:\/\/boutique-one-piece.com\/uncategorized\/drapeau-nico-robin\/"},"modified":"2024-09-16T13:01:14","modified_gmt":"2024-09-16T13:01:14","slug":"bandiera-di-nico-robin","status":"publish","type":"product","link":"https:\/\/boutique-one-piece.com\/it\/chicche-di-one-piece\/merchandising-di-nico-robin-one-piece\/bandiera-di-nico-robin\/","title":{"rendered":"Bandiera di Nico Robin"},"content":{"rendered":"<h2>Giovane marinaio, procurati subito questa bandiera di Nico Robin.<\/h2>\n<p>Questa bandiera rappresenta Nico Robin prima del salto temporale. Probabilmente saprai che Nico Robin, alias il Bambino Demone, \u00e8<strong> L&#039;archeologo della ciurma di Cappello di Paglia<\/strong>. \u00c8 ricercata da quando aveva otto anni, et\u00e0 in cui \u00e8 stata riconosciuta come l&#039;ultima dei demoni di Ohara, ottenendo cos\u00ec una taglia di 79.000.000 di Berry. \u00c8 anche il settimo membro della Ciurma di Cappello di Paglia.<\/p>\n<p>Inoltre, se desideri ampliare la tua collezione di bandiere, <a title=\"BANDIERA NAMI\" href=\"https:\/\/boutique-one-piece.com\/it\/bandiera-della-namibia\/\" target=\"_blank\" rel=\"noopener\">La bandiera di Nami<\/a>, che \u00e8 il navigatore della Ciurma di Cappello di Paglia, \u00e8 a portata di mano. Infine, sappi che dell&#039;intero equipaggio,<strong> Robin \u00e8 il membro pi\u00f9 sereno<\/strong>, Raramente mostra emozioni forti. \u00c8 anche il membro pi\u00f9 intelligente e possiede una conoscenza approfondita su molti argomenti, spesso informando l&#039;equipaggio. Per questo motivo, \u00e8 la persona a cui Rufy si rivolge principalmente quando vuole una spiegazione.<\/p>\n<h3>Allora, amico, la bandiera di Nico Robin ti ha conquistato? Se s\u00ec, non ti resta che esporla con orgoglio.<\/h3>\n<p><strong>Un pezzo<\/strong> One Piece \u00e8 un manga ambientato nei vasti oceani, dove i pirati anelano a un&#039;era di libert\u00e0 e avventura conosciuta come &quot;L&#039;et\u00e0 d&#039;oro della pirateria&quot;. Se ammirate questo mondo, sentitevi liberi di vivere tante avventure emozionanti. Per farlo, immergetevi o riscoprite il mondo di One Piece con queste risorse.<strong> oggetti mitici<\/strong>. Perfetti come regalo, decorazione o collezione, questi articoli sono sicuramente ci\u00f2 che stai cercando!<\/p>\n<h2>Informazioni sulla bandiera di Nico Robin:<\/h2>\n<ul>\n<li>\n<strong><u>Bandiera di One Piece<\/u><\/strong>\u00a0Una vera bandiera pirata di One Piece per i veri fan<\/li>\n<\/ul>\n<ul>\n<li>\n<strong>Stampa di alta qualit\u00e0<\/strong>\u00a0colori accurati<\/li>\n<\/ul>\n<ul>\n<li>\n<strong>Questione<\/strong>\u00a0Poliestere<\/li>\n<\/ul>\n<ul>\n<li>\n<strong>Dimensione<\/strong>\u00a0: 100 cm X 100 cm o 90 cm X 150 cm<\/li>\n<\/ul>\n<ul>\n<li><strong>CONSEGNA GRATUITA<\/strong><\/li>\n<\/ul>","protected":false},"excerpt":{"rendered":"<p>Giovane marinaio, procurati subito questa bandiera di Nico Robin. Questa bandiera raffigura Nico Robin prima del Salto Temporale. Sicuramente saprai che Nico Robin, conosciuta anche come la Bambina Demone, \u00e8 l&#039;archeologa della Ciurma di Cappello di Paglia. \u00c8 ricercata da quando aveva otto anni, et\u00e0 in cui \u00e8 stata riconosciuta come l&#039;ultimo dei demoni di Ohara, ottenendo [\u2026]<\/p>","protected":false},"featured_media":12708,"comment_status":"open","ping_status":"open","template":"","meta":[],"product_brand":[],"product_cat":[212,198],"product_tag":[205],"class_list":{"0":"post-12706","1":"product","2":"type-product","3":"status-publish","4":"has-post-thumbnail","6":"product_cat-drapeaux-one-piece","7":"product_cat-goodies-nico-robin-one-piece","8":"product_tag-robin","10":"first","11":"instock","12":"purchasable","13":"product-type-variable","14":"has-default-attributes"},"yoast_head":"<!-- This site is optimized with the Yoast SEO plugin v27.5 - https:\/\/yoast.com\/product\/yoast-seo-wordpress\/ -->\n<title>Drapeau Nico Robin | Boutique One Piece<\/title>\n<meta name=\"description\" content=\"D\u00e9couvrez le Drapeau One Piece Nico Robin, d\u00e9corez votre pi\u00e8ce en rejoignant la flotte de Nico Robin ! Commencez votre aventure recherche du One Piece dans l&#039;\u00e9quipage du Chapeau de Paille\" \/>\n<meta name=\"robots\" content=\"index, follow, max-snippet:-1, max-image-preview:large, max-video-preview:-1\" \/>\n<link rel=\"canonical\" href=\"https:\/\/boutique-one-piece.com\/it\/decorazioni-di-one-piece\/bandiere-di-one-piece\/bandiera-di-nico-robin\/\" \/>\n<meta property=\"og:locale\" content=\"it_IT\" \/>\n<meta property=\"og:type\" content=\"article\" \/>\n<meta property=\"og:title\" content=\"Drapeau Nico Robin | Boutique One Piece\" \/>\n<meta property=\"og:description\" content=\"D\u00e9couvrez le Drapeau One Piece Nico Robin, d\u00e9corez votre pi\u00e8ce en rejoignant la flotte de Nico Robin ! Commencez votre aventure recherche du One Piece dans l&#039;\u00e9quipage du Chapeau de Paille\" \/>\n<meta property=\"og:url\" content=\"https:\/\/boutique-one-piece.com\/it\/decorazioni-di-one-piece\/bandiere-di-one-piece\/bandiera-di-nico-robin\/\" \/>\n<meta property=\"og:site_name\" content=\"Boutique One Piece\" \/>\n<meta property=\"article:modified_time\" content=\"2024-09-16T13:01:14+00:00\" \/>\n<meta property=\"og:image\" content=\"https:\/\/boutique-one-piece.com\/wp-content\/uploads\/2022\/09\/Drapeau-Nico-Robin.jpg\" \/>\n\t<meta property=\"og:image:width\" content=\"800\" \/>\n\t<meta property=\"og:image:height\" content=\"667\" \/>\n\t<meta property=\"og:image:type\" content=\"image\/jpeg\" \/>\n<meta name=\"twitter:card\" content=\"summary_large_image\" \/>\n<meta name=\"twitter:label1\" content=\"Tempo di lettura stimato\" \/>\n\t<meta name=\"twitter:data1\" content=\"2 minuti\" \/>\n<script type=\"application\/ld+json\" class=\"yoast-schema-graph\">{\"@context\":\"https:\\\/\\\/schema.org\",\"@graph\":[{\"@type\":\"WebPage\",\"@id\":\"https:\\\/\\\/boutique-one-piece.com\\\/decorations-one-piece\\\/drapeaux-one-piece\\\/drapeau-nico-robin\\\/\",\"url\":\"https:\\\/\\\/boutique-one-piece.com\\\/decorations-one-piece\\\/drapeaux-one-piece\\\/drapeau-nico-robin\\\/\",\"name\":\"Drapeau Nico Robin | Boutique One Piece\",\"isPartOf\":{\"@id\":\"https:\\\/\\\/boutique-one-piece.com\\\/#website\"},\"primaryImageOfPage\":{\"@id\":\"https:\\\/\\\/boutique-one-piece.com\\\/decorations-one-piece\\\/drapeaux-one-piece\\\/drapeau-nico-robin\\\/#primaryimage\"},\"image\":{\"@id\":\"https:\\\/\\\/boutique-one-piece.com\\\/decorations-one-piece\\\/drapeaux-one-piece\\\/drapeau-nico-robin\\\/#primaryimage\"},\"thumbnailUrl\":\"https:\\\/\\\/boutique-one-piece.com\\\/wp-content\\\/uploads\\\/2022\\\/09\\\/Drapeau-Nico-Robin.jpg\",\"datePublished\":\"2022-09-27T20:57:40+00:00\",\"dateModified\":\"2024-09-16T13:01:14+00:00\",\"description\":\"D\u00e9couvrez le Drapeau One Piece Nico Robin, d\u00e9corez votre pi\u00e8ce en rejoignant la flotte de Nico Robin ! Commencez votre aventure recherche du One Piece dans l'\u00e9quipage du Chapeau de Paille\",\"breadcrumb\":{\"@id\":\"https:\\\/\\\/boutique-one-piece.com\\\/decorations-one-piece\\\/drapeaux-one-piece\\\/drapeau-nico-robin\\\/#breadcrumb\"},\"inLanguage\":\"it-IT\",\"potentialAction\":[{\"@type\":\"ReadAction\",\"target\":[\"https:\\\/\\\/boutique-one-piece.com\\\/decorations-one-piece\\\/drapeaux-one-piece\\\/drapeau-nico-robin\\\/\"]}]},{\"@type\":\"ImageObject\",\"inLanguage\":\"it-IT\",\"@id\":\"https:\\\/\\\/boutique-one-piece.com\\\/decorations-one-piece\\\/drapeaux-one-piece\\\/drapeau-nico-robin\\\/#primaryimage\",\"url\":\"https:\\\/\\\/boutique-one-piece.com\\\/wp-content\\\/uploads\\\/2022\\\/09\\\/Drapeau-Nico-Robin.jpg\",\"contentUrl\":\"https:\\\/\\\/boutique-one-piece.com\\\/wp-content\\\/uploads\\\/2022\\\/09\\\/Drapeau-Nico-Robin.jpg\",\"width\":800,\"height\":667,\"caption\":\"Drapeau Nico Robin 90x150cm\"},{\"@type\":\"BreadcrumbList\",\"@id\":\"https:\\\/\\\/boutique-one-piece.com\\\/decorations-one-piece\\\/drapeaux-one-piece\\\/drapeau-nico-robin\\\/#breadcrumb\",\"itemListElement\":[{\"@type\":\"ListItem\",\"position\":1,\"name\":\"Home\",\"item\":\"https:\\\/\\\/boutique-one-piece.com\\\/\"},{\"@type\":\"ListItem\",\"position\":2,\"name\":\"Shop\",\"item\":\"https:\\\/\\\/boutique-one-piece.com\\\/shop\\\/\"},{\"@type\":\"ListItem\",\"position\":3,\"name\":\"Drapeau Nico Robin\"}]},{\"@type\":\"WebSite\",\"@id\":\"https:\\\/\\\/boutique-one-piece.com\\\/#website\",\"url\":\"https:\\\/\\\/boutique-one-piece.com\\\/\",\"name\":\"Boutique One Piece\",\"description\":\"Magasin Sp\u00e9cialis\u00e9 du Manga et l&#039;Anime One Piece\",\"publisher\":{\"@id\":\"https:\\\/\\\/boutique-one-piece.com\\\/#organization\"},\"potentialAction\":[{\"@type\":\"SearchAction\",\"target\":{\"@type\":\"EntryPoint\",\"urlTemplate\":\"https:\\\/\\\/boutique-one-piece.com\\\/?s={search_term_string}\"},\"query-input\":{\"@type\":\"PropertyValueSpecification\",\"valueRequired\":true,\"valueName\":\"search_term_string\"}}],\"inLanguage\":\"it-IT\"},{\"@type\":\"Organization\",\"@id\":\"https:\\\/\\\/boutique-one-piece.com\\\/#organization\",\"name\":\"Boutique One Piece\",\"url\":\"https:\\\/\\\/boutique-one-piece.com\\\/\",\"logo\":{\"@type\":\"ImageObject\",\"inLanguage\":\"it-IT\",\"@id\":\"https:\\\/\\\/boutique-one-piece.com\\\/#\\\/schema\\\/logo\\\/image\\\/\",\"url\":\"https:\\\/\\\/boutique-one-piece.com\\\/wp-content\\\/uploads\\\/2022\\\/09\\\/Logo-01.png\",\"contentUrl\":\"https:\\\/\\\/boutique-one-piece.com\\\/wp-content\\\/uploads\\\/2022\\\/09\\\/Logo-01.png\",\"width\":2318,\"height\":957,\"caption\":\"Boutique One Piece\"},\"image\":{\"@id\":\"https:\\\/\\\/boutique-one-piece.com\\\/#\\\/schema\\\/logo\\\/image\\\/\"}}]}<\/script>\n<!-- \/ Yoast SEO plugin. -->","yoast_head_json":{"title":"Bandiera di Nico Robin | Negozio One Piece","description":"Scopri la bandiera di One Piece Nico Robin, decora la tua stanza e unisciti alla flotta di Nico Robin! Inizia la tua avventura alla ricerca di One Piece con la ciurma di Cappello di Paglia.","robots":{"index":"index","follow":"follow","max-snippet":"max-snippet:-1","max-image-preview":"max-image-preview:large","max-video-preview":"max-video-preview:-1"},"canonical":"https:\/\/boutique-one-piece.com\/it\/decorazioni-di-one-piece\/bandiere-di-one-piece\/bandiera-di-nico-robin\/","og_locale":"it_IT","og_type":"article","og_title":"Drapeau Nico Robin | Boutique One Piece","og_description":"D\u00e9couvrez le Drapeau One Piece Nico Robin, d\u00e9corez votre pi\u00e8ce en rejoignant la flotte de Nico Robin ! Commencez votre aventure recherche du One Piece dans l'\u00e9quipage du Chapeau de Paille","og_url":"https:\/\/boutique-one-piece.com\/it\/decorazioni-di-one-piece\/bandiere-di-one-piece\/bandiera-di-nico-robin\/","og_site_name":"Boutique One Piece","article_modified_time":"2024-09-16T13:01:14+00:00","og_image":[{"width":800,"height":667,"url":"https:\/\/boutique-one-piece.com\/wp-content\/uploads\/2022\/09\/Drapeau-Nico-Robin.jpg","type":"image\/jpeg"}],"twitter_card":"summary_large_image","twitter_misc":{"Tempo di lettura stimato":"2 minuti"},"schema":{"@context":"https:\/\/schema.org","@graph":[{"@type":"WebPage","@id":"https:\/\/boutique-one-piece.com\/decorations-one-piece\/drapeaux-one-piece\/drapeau-nico-robin\/","url":"https:\/\/boutique-one-piece.com\/decorations-one-piece\/drapeaux-one-piece\/drapeau-nico-robin\/","name":"Bandiera di Nico Robin | Negozio One Piece","isPartOf":{"@id":"https:\/\/boutique-one-piece.com\/#website"},"primaryImageOfPage":{"@id":"https:\/\/boutique-one-piece.com\/decorations-one-piece\/drapeaux-one-piece\/drapeau-nico-robin\/#primaryimage"},"image":{"@id":"https:\/\/boutique-one-piece.com\/decorations-one-piece\/drapeaux-one-piece\/drapeau-nico-robin\/#primaryimage"},"thumbnailUrl":"https:\/\/boutique-one-piece.com\/wp-content\/uploads\/2022\/09\/Drapeau-Nico-Robin.jpg","datePublished":"2022-09-27T20:57:40+00:00","dateModified":"2024-09-16T13:01:14+00:00","description":"Scopri la bandiera di One Piece Nico Robin, decora la tua stanza e unisciti alla flotta di Nico Robin! Inizia la tua avventura alla ricerca di One Piece con la ciurma di Cappello di Paglia.","breadcrumb":{"@id":"https:\/\/boutique-one-piece.com\/decorations-one-piece\/drapeaux-one-piece\/drapeau-nico-robin\/#breadcrumb"},"inLanguage":"it-IT","potentialAction":[{"@type":"ReadAction","target":["https:\/\/boutique-one-piece.com\/decorations-one-piece\/drapeaux-one-piece\/drapeau-nico-robin\/"]}]},{"@type":"ImageObject","inLanguage":"it-IT","@id":"https:\/\/boutique-one-piece.com\/decorations-one-piece\/drapeaux-one-piece\/drapeau-nico-robin\/#primaryimage","url":"https:\/\/boutique-one-piece.com\/wp-content\/uploads\/2022\/09\/Drapeau-Nico-Robin.jpg","contentUrl":"https:\/\/boutique-one-piece.com\/wp-content\/uploads\/2022\/09\/Drapeau-Nico-Robin.jpg","width":800,"height":667,"caption":"Drapeau Nico Robin 90x150cm"},{"@type":"BreadcrumbList","@id":"https:\/\/boutique-one-piece.com\/decorations-one-piece\/drapeaux-one-piece\/drapeau-nico-robin\/#breadcrumb","itemListElement":[{"@type":"ListItem","position":1,"name":"Home","item":"https:\/\/boutique-one-piece.com\/"},{"@type":"ListItem","position":2,"name":"Shop","item":"https:\/\/boutique-one-piece.com\/shop\/"},{"@type":"ListItem","position":3,"name":"Drapeau Nico Robin"}]},{"@type":"WebSite","@id":"https:\/\/boutique-one-piece.com\/#website","url":"https:\/\/boutique-one-piece.com\/","name":"Negozio One Piece","description":"Negozio specializzato in manga e anime di One Piece","publisher":{"@id":"https:\/\/boutique-one-piece.com\/#organization"},"potentialAction":[{"@type":"SearchAction","target":{"@type":"EntryPoint","urlTemplate":"https:\/\/boutique-one-piece.com\/?s={search_term_string}"},"query-input":{"@type":"PropertyValueSpecification","valueRequired":true,"valueName":"search_term_string"}}],"inLanguage":"it-IT"},{"@type":"Organization","@id":"https:\/\/boutique-one-piece.com\/#organization","name":"Negozio One Piece","url":"https:\/\/boutique-one-piece.com\/","logo":{"@type":"ImageObject","inLanguage":"it-IT","@id":"https:\/\/boutique-one-piece.com\/#\/schema\/logo\/image\/","url":"https:\/\/boutique-one-piece.com\/wp-content\/uploads\/2022\/09\/Logo-01.png","contentUrl":"https:\/\/boutique-one-piece.com\/wp-content\/uploads\/2022\/09\/Logo-01.png","width":2318,"height":957,"caption":"Boutique One Piece"},"image":{"@id":"https:\/\/boutique-one-piece.com\/#\/schema\/logo\/image\/"}}]}},"_links":{"self":[{"href":"https:\/\/boutique-one-piece.com\/it\/wp-json\/wp\/v2\/product\/12706","targetHints":{"allow":["GET"]}}],"collection":[{"href":"https:\/\/boutique-one-piece.com\/it\/wp-json\/wp\/v2\/product"}],"about":[{"href":"https:\/\/boutique-one-piece.com\/it\/wp-json\/wp\/v2\/types\/product"}],"replies":[{"embeddable":true,"href":"https:\/\/boutique-one-piece.com\/it\/wp-json\/wp\/v2\/comments?post=12706"}],"wp:featuredmedia":[{"embeddable":true,"href":"https:\/\/boutique-one-piece.com\/it\/wp-json\/wp\/v2\/media\/12708"}],"wp:attachment":[{"href":"https:\/\/boutique-one-piece.com\/it\/wp-json\/wp\/v2\/media?parent=12706"}],"wp:term":[{"taxonomy":"product_brand","embeddable":true,"href":"https:\/\/boutique-one-piece.com\/it\/wp-json\/wp\/v2\/product_brand?post=12706"},{"taxonomy":"product_cat","embeddable":true,"href":"https:\/\/boutique-one-piece.com\/it\/wp-json\/wp\/v2\/product_cat?post=12706"},{"taxonomy":"product_tag","embeddable":true,"href":"https:\/\/boutique-one-piece.com\/it\/wp-json\/wp\/v2\/product_tag?post=12706"}],"curies":[{"name":"parola chiave","href":"https:\/\/api.w.org\/{rel}","templated":true}]}}