{"id":12724,"date":"2022-09-27T20:57:50","date_gmt":"2022-09-27T20:57:50","guid":{"rendered":"https:\/\/boutique-one-piece.com\/uncategorized\/peluche-thousand-sunny\/"},"modified":"2024-09-16T13:01:34","modified_gmt":"2024-09-16T13:01:34","slug":"peluche-thousand-sunny","status":"publish","type":"product","link":"https:\/\/boutique-one-piece.com\/it\/peluche-di-one-piece\/peluche-thousand-sunny\/","title":{"rendered":"Peluche Thousand Sunny"},"content":{"rendered":"<h2>Jeune pirate, le moment est venu pour toi d\u2019embarquer aux c\u00f4t\u00e9s de Monkey D. Luffy et de son \u00e9quipage. Pour ce faire, procure-toi d\u00e8s maintenant cette Peluche Thousand Sunny.<\/h2>\n<p>IL<strong> Mille Sunny<\/strong> que Franky, son concepteur, surnomme tendrement Sunny, est le second et actuel navire de L\u2019\u00c9quipage du Chapeau de Paille. Il succ\u00e8de au Vogue Merry car ce dernier \u00e9tait en trop mauvais \u00e9tat pour leur permettre de continuer leur aventure. D\u2019ailleurs, si tu le souhaites, la<a title=\"PELUCHE VOGUE MERRY\" href=\"https:\/\/boutique-one-piece.com\/it\/peluche-di-one-piece-2\/prodotti\/peluche-vogue-merry\/\" target=\"_blank\" rel=\"noopener\">Peluche Vogue Merry<\/a> \u00e8 alla tua portata.<\/p>\n<p>Pour en revenir au Sunny, il s\u2019agit d\u2019un navire de type Brigantine Sloop con\u00e7u et construit par Franky avec l\u2019aide d\u2019Icebarg, Yokuzuna et le reste des ouvriers de la Galley-La Company. Petite parenth\u00e8se concernant la Galley La Company \u2013 c\u2019est une compagnie de construction navale situ\u00e9e dans la ville de Water Seven. Enfin, sache que le Thousand Sunny a \u00e9t\u00e9 construit \u00e0 partir du <strong>Bois d\u2019Adam<\/strong> comme l\u2019Oro Jackson, c\u2019est un navire solide, <strong>due volte pi\u00f9 grande della Going Merry<\/strong>.<\/p>\n<h3>Alors, qu\u2019attends-tu ? Tu n\u2019as plus le choix, embarque \u00e0 bord de ce majestueux navire. Bien des aventures t\u2019y attendent. Cette peluche te suivra dans toutes tes aventures de jeune pirate !<\/h3>\n<p><strong>Un pezzo<\/strong> est le manga le plus vendu au monde. Sois fier de faire partie de ce mouvement et continue de revendiquer ta passion pour cet univers. Que tu sois un fin collectionneur ou un fan absolu, ne cherche plus, de v\u00e9ritables petits tr\u00e9sors t\u2019attendent ici ! Ces <strong>oggetti mitici<\/strong> te replongeront dans l\u2019univers fantastique de Monkey D. Luffy et de ses compagnons. Ton destin de pirate est maintenant entre tes mains.<\/p>\n<h2>Informazioni sul peluche One Piece Sunny:<\/h2>\n<ul>\n<li>\u00a0<b>Tipo di prodotto<\/b><span>\u00a0<\/span>Peluche manga One Piece<\/li>\n<\/ul>\n<ul>\n<li>\n<b>Utilizzo del Peluce<\/b>\u00a0Giocattoli, decorazioni, oggetti da collezione, regali<\/li>\n<\/ul>\n<ul>\n<li>\n<b>Nome del personaggio<\/b>\u00a0Mille Sunny<\/li>\n<\/ul>\n<ul>\n<li>\n<b>Dimensioni del peluche<\/b>\u00a0: 25 o 30 centimetri<\/li>\n<\/ul>\n<ul>\n<li>\n<b>Questione<\/b>\u00a0: Cotone<\/li>\n<\/ul>\n<ul>\n<li>\n<b>Et\u00e0 consigliata<\/b>\u00a0: pi\u00f9 di 3 anni<\/li>\n<\/ul>\n<ul>\n<li>\n<b>Consegna gratuita<\/b> per qualsiasi acquisto<\/li>\n<\/ul>","protected":false},"excerpt":{"rendered":"<p>Jeune pirate, le moment est venu pour toi d\u2019embarquer aux c\u00f4t\u00e9s de Monkey D. Luffy et de son \u00e9quipage. Pour ce faire, procure-toi d\u00e8s maintenant cette Peluche Thousand Sunny. Le Thousand Sunny que Franky, son concepteur, surnomme tendrement Sunny, est le second et actuel navire de L\u2019\u00c9quipage du Chapeau de Paille. Il succ\u00e8de au Vogue [&hellip;]<\/p>","protected":false},"featured_media":12726,"comment_status":"open","ping_status":"open","template":"","meta":[],"product_brand":[],"product_cat":[177],"product_tag":[139],"class_list":{"0":"post-12724","1":"product","2":"type-product","3":"status-publish","4":"has-post-thumbnail","6":"product_cat-peluches-one-piece","7":"product_tag-sunny","9":"first","10":"instock","11":"purchasable","12":"product-type-simple"},"yoast_head":"<!-- This site is optimized with the Yoast SEO plugin v27.5 - https:\/\/yoast.com\/product\/yoast-seo-wordpress\/ -->\n<title>Peluche Thousand Sunny | Boutique One Piece<\/title>\n<meta name=\"description\" content=\"D\u00e9couvrez la peluche One Piece le bateau Sunny, elle est aussi douce que mignonne ! Commencez votre aventure de pirate \u00e0 la recherche du One Piece dans l&#039;\u00e9quipage du Chapeau de Paille\" \/>\n<meta name=\"robots\" content=\"index, follow, max-snippet:-1, max-image-preview:large, max-video-preview:-1\" \/>\n<link rel=\"canonical\" href=\"https:\/\/boutique-one-piece.com\/it\/peluche-di-one-piece\/peluche-thousand-sunny\/\" \/>\n<meta property=\"og:locale\" content=\"it_IT\" \/>\n<meta property=\"og:type\" content=\"article\" \/>\n<meta property=\"og:title\" content=\"Peluche Thousand Sunny | Boutique One Piece\" \/>\n<meta property=\"og:description\" content=\"D\u00e9couvrez la peluche One Piece le bateau Sunny, elle est aussi douce que mignonne ! Commencez votre aventure de pirate \u00e0 la recherche du One Piece dans l&#039;\u00e9quipage du Chapeau de Paille\" \/>\n<meta property=\"og:url\" content=\"https:\/\/boutique-one-piece.com\/it\/peluche-di-one-piece\/peluche-thousand-sunny\/\" \/>\n<meta property=\"og:site_name\" content=\"Boutique One Piece\" \/>\n<meta property=\"article:modified_time\" content=\"2024-09-16T13:01:34+00:00\" \/>\n<meta property=\"og:image\" content=\"https:\/\/boutique-one-piece.com\/wp-content\/uploads\/2022\/09\/Peluche-Thousand-Sunny-1.png\" \/>\n\t<meta property=\"og:image:width\" content=\"500\" \/>\n\t<meta property=\"og:image:height\" content=\"500\" \/>\n\t<meta property=\"og:image:type\" content=\"image\/png\" \/>\n<meta name=\"twitter:card\" content=\"summary_large_image\" \/>\n<meta name=\"twitter:label1\" content=\"Tempo di lettura stimato\" \/>\n\t<meta name=\"twitter:data1\" content=\"2 minuti\" \/>\n<script type=\"application\/ld+json\" class=\"yoast-schema-graph\">{\"@context\":\"https:\\\/\\\/schema.org\",\"@graph\":[{\"@type\":\"WebPage\",\"@id\":\"https:\\\/\\\/boutique-one-piece.com\\\/peluches-one-piece\\\/peluche-thousand-sunny\\\/\",\"url\":\"https:\\\/\\\/boutique-one-piece.com\\\/peluches-one-piece\\\/peluche-thousand-sunny\\\/\",\"name\":\"Peluche Thousand Sunny | Boutique One Piece\",\"isPartOf\":{\"@id\":\"https:\\\/\\\/boutique-one-piece.com\\\/#website\"},\"primaryImageOfPage\":{\"@id\":\"https:\\\/\\\/boutique-one-piece.com\\\/peluches-one-piece\\\/peluche-thousand-sunny\\\/#primaryimage\"},\"image\":{\"@id\":\"https:\\\/\\\/boutique-one-piece.com\\\/peluches-one-piece\\\/peluche-thousand-sunny\\\/#primaryimage\"},\"thumbnailUrl\":\"https:\\\/\\\/boutique-one-piece.com\\\/wp-content\\\/uploads\\\/2022\\\/09\\\/Peluche-Thousand-Sunny-1.png\",\"datePublished\":\"2022-09-27T20:57:50+00:00\",\"dateModified\":\"2024-09-16T13:01:34+00:00\",\"description\":\"D\u00e9couvrez la peluche One Piece le bateau Sunny, elle est aussi douce que mignonne ! Commencez votre aventure de pirate \u00e0 la recherche du One Piece dans l'\u00e9quipage du Chapeau de Paille\",\"breadcrumb\":{\"@id\":\"https:\\\/\\\/boutique-one-piece.com\\\/peluches-one-piece\\\/peluche-thousand-sunny\\\/#breadcrumb\"},\"inLanguage\":\"it-IT\",\"potentialAction\":[{\"@type\":\"ReadAction\",\"target\":[\"https:\\\/\\\/boutique-one-piece.com\\\/peluches-one-piece\\\/peluche-thousand-sunny\\\/\"]}]},{\"@type\":\"ImageObject\",\"inLanguage\":\"it-IT\",\"@id\":\"https:\\\/\\\/boutique-one-piece.com\\\/peluches-one-piece\\\/peluche-thousand-sunny\\\/#primaryimage\",\"url\":\"https:\\\/\\\/boutique-one-piece.com\\\/wp-content\\\/uploads\\\/2022\\\/09\\\/Peluche-Thousand-Sunny-1.png\",\"contentUrl\":\"https:\\\/\\\/boutique-one-piece.com\\\/wp-content\\\/uploads\\\/2022\\\/09\\\/Peluche-Thousand-Sunny-1.png\",\"width\":500,\"height\":500},{\"@type\":\"BreadcrumbList\",\"@id\":\"https:\\\/\\\/boutique-one-piece.com\\\/peluches-one-piece\\\/peluche-thousand-sunny\\\/#breadcrumb\",\"itemListElement\":[{\"@type\":\"ListItem\",\"position\":1,\"name\":\"Home\",\"item\":\"https:\\\/\\\/boutique-one-piece.com\\\/\"},{\"@type\":\"ListItem\",\"position\":2,\"name\":\"Shop\",\"item\":\"https:\\\/\\\/boutique-one-piece.com\\\/shop\\\/\"},{\"@type\":\"ListItem\",\"position\":3,\"name\":\"Peluche Thousand Sunny\"}]},{\"@type\":\"WebSite\",\"@id\":\"https:\\\/\\\/boutique-one-piece.com\\\/#website\",\"url\":\"https:\\\/\\\/boutique-one-piece.com\\\/\",\"name\":\"Boutique One Piece\",\"description\":\"Magasin Sp\u00e9cialis\u00e9 du Manga et l&#039;Anime One Piece\",\"publisher\":{\"@id\":\"https:\\\/\\\/boutique-one-piece.com\\\/#organization\"},\"potentialAction\":[{\"@type\":\"SearchAction\",\"target\":{\"@type\":\"EntryPoint\",\"urlTemplate\":\"https:\\\/\\\/boutique-one-piece.com\\\/?s={search_term_string}\"},\"query-input\":{\"@type\":\"PropertyValueSpecification\",\"valueRequired\":true,\"valueName\":\"search_term_string\"}}],\"inLanguage\":\"it-IT\"},{\"@type\":\"Organization\",\"@id\":\"https:\\\/\\\/boutique-one-piece.com\\\/#organization\",\"name\":\"Boutique One Piece\",\"url\":\"https:\\\/\\\/boutique-one-piece.com\\\/\",\"logo\":{\"@type\":\"ImageObject\",\"inLanguage\":\"it-IT\",\"@id\":\"https:\\\/\\\/boutique-one-piece.com\\\/#\\\/schema\\\/logo\\\/image\\\/\",\"url\":\"https:\\\/\\\/boutique-one-piece.com\\\/wp-content\\\/uploads\\\/2022\\\/09\\\/Logo-01.png\",\"contentUrl\":\"https:\\\/\\\/boutique-one-piece.com\\\/wp-content\\\/uploads\\\/2022\\\/09\\\/Logo-01.png\",\"width\":2318,\"height\":957,\"caption\":\"Boutique One Piece\"},\"image\":{\"@id\":\"https:\\\/\\\/boutique-one-piece.com\\\/#\\\/schema\\\/logo\\\/image\\\/\"}}]}<\/script>\n<!-- \/ Yoast SEO plugin. -->","yoast_head_json":{"title":"Peluche Thousand Sunny | Negozio One Piece","description":"Scopri il peluche One Piece Sunny: \u00e8 tanto morbido quanto carino! Inizia la tua avventura piratesca alla ricerca di One Piece con la ciurma di Cappello di Paglia.","robots":{"index":"index","follow":"follow","max-snippet":"max-snippet:-1","max-image-preview":"max-image-preview:large","max-video-preview":"max-video-preview:-1"},"canonical":"https:\/\/boutique-one-piece.com\/it\/peluche-di-one-piece\/peluche-thousand-sunny\/","og_locale":"it_IT","og_type":"article","og_title":"Peluche Thousand Sunny | Boutique One Piece","og_description":"D\u00e9couvrez la peluche One Piece le bateau Sunny, elle est aussi douce que mignonne ! Commencez votre aventure de pirate \u00e0 la recherche du One Piece dans l'\u00e9quipage du Chapeau de Paille","og_url":"https:\/\/boutique-one-piece.com\/it\/peluche-di-one-piece\/peluche-thousand-sunny\/","og_site_name":"Boutique One Piece","article_modified_time":"2024-09-16T13:01:34+00:00","og_image":[{"width":500,"height":500,"url":"https:\/\/boutique-one-piece.com\/wp-content\/uploads\/2022\/09\/Peluche-Thousand-Sunny-1.png","type":"image\/png"}],"twitter_card":"summary_large_image","twitter_misc":{"Tempo di lettura stimato":"2 minuti"},"schema":{"@context":"https:\/\/schema.org","@graph":[{"@type":"WebPage","@id":"https:\/\/boutique-one-piece.com\/peluches-one-piece\/peluche-thousand-sunny\/","url":"https:\/\/boutique-one-piece.com\/peluches-one-piece\/peluche-thousand-sunny\/","name":"Peluche Thousand Sunny | Negozio One Piece","isPartOf":{"@id":"https:\/\/boutique-one-piece.com\/#website"},"primaryImageOfPage":{"@id":"https:\/\/boutique-one-piece.com\/peluches-one-piece\/peluche-thousand-sunny\/#primaryimage"},"image":{"@id":"https:\/\/boutique-one-piece.com\/peluches-one-piece\/peluche-thousand-sunny\/#primaryimage"},"thumbnailUrl":"https:\/\/boutique-one-piece.com\/wp-content\/uploads\/2022\/09\/Peluche-Thousand-Sunny-1.png","datePublished":"2022-09-27T20:57:50+00:00","dateModified":"2024-09-16T13:01:34+00:00","description":"Scopri il peluche One Piece Sunny: \u00e8 tanto morbido quanto carino! Inizia la tua avventura piratesca alla ricerca di One Piece con la ciurma di Cappello di Paglia.","breadcrumb":{"@id":"https:\/\/boutique-one-piece.com\/peluches-one-piece\/peluche-thousand-sunny\/#breadcrumb"},"inLanguage":"it-IT","potentialAction":[{"@type":"ReadAction","target":["https:\/\/boutique-one-piece.com\/peluches-one-piece\/peluche-thousand-sunny\/"]}]},{"@type":"ImageObject","inLanguage":"it-IT","@id":"https:\/\/boutique-one-piece.com\/peluches-one-piece\/peluche-thousand-sunny\/#primaryimage","url":"https:\/\/boutique-one-piece.com\/wp-content\/uploads\/2022\/09\/Peluche-Thousand-Sunny-1.png","contentUrl":"https:\/\/boutique-one-piece.com\/wp-content\/uploads\/2022\/09\/Peluche-Thousand-Sunny-1.png","width":500,"height":500},{"@type":"BreadcrumbList","@id":"https:\/\/boutique-one-piece.com\/peluches-one-piece\/peluche-thousand-sunny\/#breadcrumb","itemListElement":[{"@type":"ListItem","position":1,"name":"Home","item":"https:\/\/boutique-one-piece.com\/"},{"@type":"ListItem","position":2,"name":"Shop","item":"https:\/\/boutique-one-piece.com\/shop\/"},{"@type":"ListItem","position":3,"name":"Peluche Thousand Sunny"}]},{"@type":"WebSite","@id":"https:\/\/boutique-one-piece.com\/#website","url":"https:\/\/boutique-one-piece.com\/","name":"Negozio One Piece","description":"Negozio specializzato in manga e anime di One Piece","publisher":{"@id":"https:\/\/boutique-one-piece.com\/#organization"},"potentialAction":[{"@type":"SearchAction","target":{"@type":"EntryPoint","urlTemplate":"https:\/\/boutique-one-piece.com\/?s={search_term_string}"},"query-input":{"@type":"PropertyValueSpecification","valueRequired":true,"valueName":"search_term_string"}}],"inLanguage":"it-IT"},{"@type":"Organization","@id":"https:\/\/boutique-one-piece.com\/#organization","name":"Negozio One Piece","url":"https:\/\/boutique-one-piece.com\/","logo":{"@type":"ImageObject","inLanguage":"it-IT","@id":"https:\/\/boutique-one-piece.com\/#\/schema\/logo\/image\/","url":"https:\/\/boutique-one-piece.com\/wp-content\/uploads\/2022\/09\/Logo-01.png","contentUrl":"https:\/\/boutique-one-piece.com\/wp-content\/uploads\/2022\/09\/Logo-01.png","width":2318,"height":957,"caption":"Boutique One Piece"},"image":{"@id":"https:\/\/boutique-one-piece.com\/#\/schema\/logo\/image\/"}}]}},"_links":{"self":[{"href":"https:\/\/boutique-one-piece.com\/it\/wp-json\/wp\/v2\/product\/12724","targetHints":{"allow":["GET"]}}],"collection":[{"href":"https:\/\/boutique-one-piece.com\/it\/wp-json\/wp\/v2\/product"}],"about":[{"href":"https:\/\/boutique-one-piece.com\/it\/wp-json\/wp\/v2\/types\/product"}],"replies":[{"embeddable":true,"href":"https:\/\/boutique-one-piece.com\/it\/wp-json\/wp\/v2\/comments?post=12724"}],"wp:featuredmedia":[{"embeddable":true,"href":"https:\/\/boutique-one-piece.com\/it\/wp-json\/wp\/v2\/media\/12726"}],"wp:attachment":[{"href":"https:\/\/boutique-one-piece.com\/it\/wp-json\/wp\/v2\/media?parent=12724"}],"wp:term":[{"taxonomy":"product_brand","embeddable":true,"href":"https:\/\/boutique-one-piece.com\/it\/wp-json\/wp\/v2\/product_brand?post=12724"},{"taxonomy":"product_cat","embeddable":true,"href":"https:\/\/boutique-one-piece.com\/it\/wp-json\/wp\/v2\/product_cat?post=12724"},{"taxonomy":"product_tag","embeddable":true,"href":"https:\/\/boutique-one-piece.com\/it\/wp-json\/wp\/v2\/product_tag?post=12724"}],"curies":[{"name":"parola chiave","href":"https:\/\/api.w.org\/{rel}","templated":true}]}}