{"id":13102,"date":"2022-09-27T21:00:48","date_gmt":"2022-09-27T21:00:48","guid":{"rendered":"https:\/\/boutique-one-piece.com\/uncategorized\/figurine-pop-one-piece-nami\/"},"modified":"2026-01-16T14:23:32","modified_gmt":"2026-01-16T14:23:32","slug":"figura-pop-di-one-piece-nami","status":"publish","type":"product","link":"https:\/\/boutique-one-piece.com\/it\/chicche-di-one-piece\/chicche-di-nami-one-piece\/figura-pop-di-one-piece-nami\/","title":{"rendered":"One Piece Nami Pop! Figura"},"content":{"rendered":"<h2>Giovane pirata, \u00e8 giunto il momento di procurarti questa Pop Figure di Nami di One Piece.<\/h2>\n<p>Tu n\u2019es pas sans savoir que <strong>Nami<\/strong>, alias \u00ab\u00a0La Chatte Voleuse\u00a0\u00bb est la navigatrice de L\u2019\u00c9quipage du Chapeau de Paille. Elle est la deuxi\u00e8me personne \u00e0 se joindre \u00e0 l\u2019\u00e9quipage apr\u00e8s Zoro. D\u2019ailleurs, la <a title=\"FIGURA POP RORONOA ZORO CON CICATRICE\" href=\"\/it\/statuina-pop-di-roronoa-zoro-con-cicatrice\/\" target=\"_blank\" rel=\"noopener\">Figura di Zoro Pop con la sua cicatrice<\/a> \u00e8 alla tua portata.<\/p>\n<p>Pour en revenir \u00e0 Nami, sache que son r\u00eave est de dessiner une carte compl\u00e8te du monde. Sa prime actuelle s\u2019\u00e9l\u00e8ve \u00e0 66 000 000 Berry. Concernant son apparence, Nami est une <strong>ragazza<\/strong> \u00c8 di altezza media e corporatura snella, con capelli arancioni e occhi castano chiaro. Molti personaggi della serie la considerano una donna molto attraente.<\/p>\n<h3>Alors, conquis par la figurine Pop de Nami ? Si tel est le cas, n\u2019attends plus et rejoins-la \u00e0 bord du Thousand Sunny. Bien des aventures vous attendent.<\/h3>\n<p>Che tu sia un fan sfegatato o un collezionista serio, non cercare oltre, sei nel posto giusto. Questi<strong> oggetti mitici<\/strong>, Sono perfetti da collezionare o da decorare. Arricchiranno senza dubbio la tua collezione. <strong>il tuo universo One Piece<\/strong>. Alors, n\u2019attends plus et saisis cette opportunit\u00e9 de pouvoir vivre encore bien des aventures au sein de ton univers anim\u00e9 favori.<\/p>\n<h2>Informazioni sulla figura Pop Nami<\/h2>\n<ul>\n<li><b><u>Figurina di One Piece<\/u><\/b>\u00a0: Figurine\u00a0 premium de l\u2019univers One Piece pour les vrais pirates<\/li>\n<\/ul>\n<ul>\n<li><b>Questione<\/b>\u00a0PVC<\/li>\n<\/ul>\n<ul>\n<li><strong>Dimensione<\/strong>\u00a0: 10 centimetri<\/li>\n<\/ul>\n<ul>\n<li><strong>CONSEGNA GRATUITA<\/strong><\/li>\n<\/ul>","protected":false},"excerpt":{"rendered":"<p>Jeune pirate, le moment est venu pour toi de te procurer cette Figurine Pop One Piece Nami. Tu n\u2019es pas sans savoir que Nami, alias \u00ab\u00a0La Chatte Voleuse\u00a0\u00bb est la navigatrice de L\u2019\u00c9quipage du Chapeau de Paille. Elle est la deuxi\u00e8me personne \u00e0 se joindre \u00e0 l\u2019\u00e9quipage apr\u00e8s Zoro. D\u2019ailleurs, la figurine Pop de Zoro [&hellip;]<\/p>","protected":false},"featured_media":13104,"comment_status":"open","ping_status":"open","template":"","meta":[],"product_brand":[],"product_cat":[152,76,334,153],"product_tag":[335,154],"class_list":{"0":"post-13102","1":"product","2":"type-product","3":"status-publish","4":"has-post-thumbnail","6":"product_cat-figurines-nami","7":"product_cat-figurines-one-piece","8":"product_cat-figurines-pop-one-piece","9":"product_cat-goodies-nami-one-piece","10":"product_tag-figurine-pop","11":"product_tag-nami","13":"first","14":"outofstock","15":"purchasable","16":"product-type-simple"},"yoast_head":"<!-- This site is optimized with the Yoast SEO plugin v27.5 - https:\/\/yoast.com\/product\/yoast-seo-wordpress\/ -->\n<title>Figurine Pop One Piece Nami | Figurine One Piece \u2013 Boutique One Piece<\/title>\n<meta name=\"description\" content=\"Jeune pirate, le moment est venu pour toi de te procurer cette Figurine Pop One Piece Nami. Tu n&#039;es pas sans savoir que Nami, alias &quot;La Chatte Voleuse&quot; est la navigatrice de L&#039;\u00c9quipage du Chapeau de Paille. Elle est la deuxi\u00e8me personne \u00e0 se joindre \u00e0 l&#039;\u00e9quipage apr\u00e8s Zoro. D&#039;ailleurs, la figurine Pop de Zoro avec sa c\" \/>\n<meta name=\"robots\" content=\"index, follow, max-snippet:-1, max-image-preview:large, max-video-preview:-1\" \/>\n<link rel=\"canonical\" href=\"https:\/\/boutique-one-piece.com\/it\/figurine-di-one-piece\/personaggi-pop-di-one-piece\/figura-pop-di-one-piece-nami\/\" \/>\n<meta property=\"og:locale\" content=\"it_IT\" \/>\n<meta property=\"og:type\" content=\"article\" \/>\n<meta property=\"og:title\" content=\"Figurine Pop One Piece Nami | Figurine One Piece \u2013 Boutique One Piece\" \/>\n<meta property=\"og:description\" content=\"Jeune pirate, le moment est venu pour toi de te procurer cette Figurine Pop One Piece Nami. Tu n&#039;es pas sans savoir que Nami, alias &quot;La Chatte Voleuse&quot; est la navigatrice de L&#039;\u00c9quipage du Chapeau de Paille. Elle est la deuxi\u00e8me personne \u00e0 se joindre \u00e0 l&#039;\u00e9quipage apr\u00e8s Zoro. D&#039;ailleurs, la figurine Pop de Zoro avec sa c\" \/>\n<meta property=\"og:url\" content=\"https:\/\/boutique-one-piece.com\/it\/figurine-di-one-piece\/personaggi-pop-di-one-piece\/figura-pop-di-one-piece-nami\/\" \/>\n<meta property=\"og:site_name\" content=\"Boutique One Piece\" \/>\n<meta property=\"article:modified_time\" content=\"2026-01-16T14:23:32+00:00\" \/>\n<meta property=\"og:image\" content=\"https:\/\/boutique-one-piece.com\/wp-content\/uploads\/2022\/09\/Figurine-Pop-One-Piece-Nami.jpg\" \/>\n\t<meta property=\"og:image:width\" content=\"640\" \/>\n\t<meta property=\"og:image:height\" content=\"640\" \/>\n\t<meta property=\"og:image:type\" content=\"image\/jpeg\" \/>\n<meta name=\"twitter:card\" content=\"summary_large_image\" \/>\n<meta name=\"twitter:label1\" content=\"Tempo di lettura stimato\" \/>\n\t<meta name=\"twitter:data1\" content=\"2 minuti\" \/>\n<script type=\"application\/ld+json\" class=\"yoast-schema-graph\">{\"@context\":\"https:\\\/\\\/schema.org\",\"@graph\":[{\"@type\":\"WebPage\",\"@id\":\"https:\\\/\\\/boutique-one-piece.com\\\/figurines-one-piece\\\/figurines-pop-one-piece\\\/figurine-pop-one-piece-nami\\\/\",\"url\":\"https:\\\/\\\/boutique-one-piece.com\\\/figurines-one-piece\\\/figurines-pop-one-piece\\\/figurine-pop-one-piece-nami\\\/\",\"name\":\"Figurine Pop One Piece Nami | Figurine One Piece \u2013 Boutique One Piece\",\"isPartOf\":{\"@id\":\"https:\\\/\\\/boutique-one-piece.com\\\/#website\"},\"primaryImageOfPage\":{\"@id\":\"https:\\\/\\\/boutique-one-piece.com\\\/figurines-one-piece\\\/figurines-pop-one-piece\\\/figurine-pop-one-piece-nami\\\/#primaryimage\"},\"image\":{\"@id\":\"https:\\\/\\\/boutique-one-piece.com\\\/figurines-one-piece\\\/figurines-pop-one-piece\\\/figurine-pop-one-piece-nami\\\/#primaryimage\"},\"thumbnailUrl\":\"https:\\\/\\\/boutique-one-piece.com\\\/wp-content\\\/uploads\\\/2022\\\/09\\\/Figurine-Pop-One-Piece-Nami.jpg\",\"datePublished\":\"2022-09-27T21:00:48+00:00\",\"dateModified\":\"2026-01-16T14:23:32+00:00\",\"description\":\"Jeune pirate, le moment est venu pour toi de te procurer cette Figurine Pop One Piece Nami. Tu n'es pas sans savoir que Nami, alias \\\"La Chatte Voleuse\\\" est la navigatrice de L'\u00c9quipage du Chapeau de Paille. Elle est la deuxi\u00e8me personne \u00e0 se joindre \u00e0 l'\u00e9quipage apr\u00e8s Zoro. D'ailleurs, la figurine Pop de Zoro avec sa c\",\"breadcrumb\":{\"@id\":\"https:\\\/\\\/boutique-one-piece.com\\\/figurines-one-piece\\\/figurines-pop-one-piece\\\/figurine-pop-one-piece-nami\\\/#breadcrumb\"},\"inLanguage\":\"it-IT\",\"potentialAction\":[{\"@type\":\"ReadAction\",\"target\":[\"https:\\\/\\\/boutique-one-piece.com\\\/figurines-one-piece\\\/figurines-pop-one-piece\\\/figurine-pop-one-piece-nami\\\/\"]}]},{\"@type\":\"ImageObject\",\"inLanguage\":\"it-IT\",\"@id\":\"https:\\\/\\\/boutique-one-piece.com\\\/figurines-one-piece\\\/figurines-pop-one-piece\\\/figurine-pop-one-piece-nami\\\/#primaryimage\",\"url\":\"https:\\\/\\\/boutique-one-piece.com\\\/wp-content\\\/uploads\\\/2022\\\/09\\\/Figurine-Pop-One-Piece-Nami.jpg\",\"contentUrl\":\"https:\\\/\\\/boutique-one-piece.com\\\/wp-content\\\/uploads\\\/2022\\\/09\\\/Figurine-Pop-One-Piece-Nami.jpg\",\"width\":640,\"height\":640,\"caption\":\"Figurine Pop One Piece Nami Default Title\"},{\"@type\":\"BreadcrumbList\",\"@id\":\"https:\\\/\\\/boutique-one-piece.com\\\/figurines-one-piece\\\/figurines-pop-one-piece\\\/figurine-pop-one-piece-nami\\\/#breadcrumb\",\"itemListElement\":[{\"@type\":\"ListItem\",\"position\":1,\"name\":\"Home\",\"item\":\"https:\\\/\\\/boutique-one-piece.com\\\/\"},{\"@type\":\"ListItem\",\"position\":2,\"name\":\"Shop\",\"item\":\"https:\\\/\\\/boutique-one-piece.com\\\/shop\\\/\"},{\"@type\":\"ListItem\",\"position\":3,\"name\":\"Figurine Pop One Piece Nami\"}]},{\"@type\":\"WebSite\",\"@id\":\"https:\\\/\\\/boutique-one-piece.com\\\/#website\",\"url\":\"https:\\\/\\\/boutique-one-piece.com\\\/\",\"name\":\"Boutique One Piece\",\"description\":\"Magasin Sp\u00e9cialis\u00e9 du Manga et l&#039;Anime One Piece\",\"publisher\":{\"@id\":\"https:\\\/\\\/boutique-one-piece.com\\\/#organization\"},\"potentialAction\":[{\"@type\":\"SearchAction\",\"target\":{\"@type\":\"EntryPoint\",\"urlTemplate\":\"https:\\\/\\\/boutique-one-piece.com\\\/?s={search_term_string}\"},\"query-input\":{\"@type\":\"PropertyValueSpecification\",\"valueRequired\":true,\"valueName\":\"search_term_string\"}}],\"inLanguage\":\"it-IT\"},{\"@type\":\"Organization\",\"@id\":\"https:\\\/\\\/boutique-one-piece.com\\\/#organization\",\"name\":\"Boutique One Piece\",\"url\":\"https:\\\/\\\/boutique-one-piece.com\\\/\",\"logo\":{\"@type\":\"ImageObject\",\"inLanguage\":\"it-IT\",\"@id\":\"https:\\\/\\\/boutique-one-piece.com\\\/#\\\/schema\\\/logo\\\/image\\\/\",\"url\":\"https:\\\/\\\/boutique-one-piece.com\\\/wp-content\\\/uploads\\\/2022\\\/09\\\/Logo-01.png\",\"contentUrl\":\"https:\\\/\\\/boutique-one-piece.com\\\/wp-content\\\/uploads\\\/2022\\\/09\\\/Logo-01.png\",\"width\":2318,\"height\":957,\"caption\":\"Boutique One Piece\"},\"image\":{\"@id\":\"https:\\\/\\\/boutique-one-piece.com\\\/#\\\/schema\\\/logo\\\/image\\\/\"}}]}<\/script>\n<!-- \/ Yoast SEO plugin. -->","yoast_head_json":{"title":"One Piece Nami Pop Figure | One Piece Figure \u2013 One Piece Shop","description":"Giovane pirata, \u00e8 giunto il momento di mettere le mani su questa action figure Pop! di Nami di One Piece. Sicuramente saprai che Nami, alias &quot;La Gatta Ladra&quot;, \u00e8 la navigatrice della Ciurma di Cappello di Paglia. \u00c8 stata la seconda persona a unirsi alla ciurma dopo Zoro. A proposito, la action figure Pop! di Zoro con il suo...","robots":{"index":"index","follow":"follow","max-snippet":"max-snippet:-1","max-image-preview":"max-image-preview:large","max-video-preview":"max-video-preview:-1"},"canonical":"https:\/\/boutique-one-piece.com\/it\/figurine-di-one-piece\/personaggi-pop-di-one-piece\/figura-pop-di-one-piece-nami\/","og_locale":"it_IT","og_type":"article","og_title":"Figurine Pop One Piece Nami | Figurine One Piece \u2013 Boutique One Piece","og_description":"Jeune pirate, le moment est venu pour toi de te procurer cette Figurine Pop One Piece Nami. Tu n'es pas sans savoir que Nami, alias \"La Chatte Voleuse\" est la navigatrice de L'\u00c9quipage du Chapeau de Paille. Elle est la deuxi\u00e8me personne \u00e0 se joindre \u00e0 l'\u00e9quipage apr\u00e8s Zoro. D'ailleurs, la figurine Pop de Zoro avec sa c","og_url":"https:\/\/boutique-one-piece.com\/it\/figurine-di-one-piece\/personaggi-pop-di-one-piece\/figura-pop-di-one-piece-nami\/","og_site_name":"Boutique One Piece","article_modified_time":"2026-01-16T14:23:32+00:00","og_image":[{"width":640,"height":640,"url":"https:\/\/boutique-one-piece.com\/wp-content\/uploads\/2022\/09\/Figurine-Pop-One-Piece-Nami.jpg","type":"image\/jpeg"}],"twitter_card":"summary_large_image","twitter_misc":{"Tempo di lettura stimato":"2 minuti"},"schema":{"@context":"https:\/\/schema.org","@graph":[{"@type":"WebPage","@id":"https:\/\/boutique-one-piece.com\/figurines-one-piece\/figurines-pop-one-piece\/figurine-pop-one-piece-nami\/","url":"https:\/\/boutique-one-piece.com\/figurines-one-piece\/figurines-pop-one-piece\/figurine-pop-one-piece-nami\/","name":"One Piece Nami Pop Figure | One Piece Figure \u2013 One Piece Shop","isPartOf":{"@id":"https:\/\/boutique-one-piece.com\/#website"},"primaryImageOfPage":{"@id":"https:\/\/boutique-one-piece.com\/figurines-one-piece\/figurines-pop-one-piece\/figurine-pop-one-piece-nami\/#primaryimage"},"image":{"@id":"https:\/\/boutique-one-piece.com\/figurines-one-piece\/figurines-pop-one-piece\/figurine-pop-one-piece-nami\/#primaryimage"},"thumbnailUrl":"https:\/\/boutique-one-piece.com\/wp-content\/uploads\/2022\/09\/Figurine-Pop-One-Piece-Nami.jpg","datePublished":"2022-09-27T21:00:48+00:00","dateModified":"2026-01-16T14:23:32+00:00","description":"Giovane pirata, \u00e8 giunto il momento di mettere le mani su questa action figure Pop! di Nami di One Piece. Sicuramente saprai che Nami, alias &quot;La Gatta Ladra&quot;, \u00e8 la navigatrice della Ciurma di Cappello di Paglia. \u00c8 stata la seconda persona a unirsi alla ciurma dopo Zoro. A proposito, la action figure Pop! di Zoro con il suo...","breadcrumb":{"@id":"https:\/\/boutique-one-piece.com\/figurines-one-piece\/figurines-pop-one-piece\/figurine-pop-one-piece-nami\/#breadcrumb"},"inLanguage":"it-IT","potentialAction":[{"@type":"ReadAction","target":["https:\/\/boutique-one-piece.com\/figurines-one-piece\/figurines-pop-one-piece\/figurine-pop-one-piece-nami\/"]}]},{"@type":"ImageObject","inLanguage":"it-IT","@id":"https:\/\/boutique-one-piece.com\/figurines-one-piece\/figurines-pop-one-piece\/figurine-pop-one-piece-nami\/#primaryimage","url":"https:\/\/boutique-one-piece.com\/wp-content\/uploads\/2022\/09\/Figurine-Pop-One-Piece-Nami.jpg","contentUrl":"https:\/\/boutique-one-piece.com\/wp-content\/uploads\/2022\/09\/Figurine-Pop-One-Piece-Nami.jpg","width":640,"height":640,"caption":"Figurine Pop One Piece Nami Default Title"},{"@type":"BreadcrumbList","@id":"https:\/\/boutique-one-piece.com\/figurines-one-piece\/figurines-pop-one-piece\/figurine-pop-one-piece-nami\/#breadcrumb","itemListElement":[{"@type":"ListItem","position":1,"name":"Home","item":"https:\/\/boutique-one-piece.com\/"},{"@type":"ListItem","position":2,"name":"Shop","item":"https:\/\/boutique-one-piece.com\/shop\/"},{"@type":"ListItem","position":3,"name":"Figurine Pop One Piece Nami"}]},{"@type":"WebSite","@id":"https:\/\/boutique-one-piece.com\/#website","url":"https:\/\/boutique-one-piece.com\/","name":"Negozio One Piece","description":"Negozio specializzato in manga e anime di One Piece","publisher":{"@id":"https:\/\/boutique-one-piece.com\/#organization"},"potentialAction":[{"@type":"SearchAction","target":{"@type":"EntryPoint","urlTemplate":"https:\/\/boutique-one-piece.com\/?s={search_term_string}"},"query-input":{"@type":"PropertyValueSpecification","valueRequired":true,"valueName":"search_term_string"}}],"inLanguage":"it-IT"},{"@type":"Organization","@id":"https:\/\/boutique-one-piece.com\/#organization","name":"Negozio One Piece","url":"https:\/\/boutique-one-piece.com\/","logo":{"@type":"ImageObject","inLanguage":"it-IT","@id":"https:\/\/boutique-one-piece.com\/#\/schema\/logo\/image\/","url":"https:\/\/boutique-one-piece.com\/wp-content\/uploads\/2022\/09\/Logo-01.png","contentUrl":"https:\/\/boutique-one-piece.com\/wp-content\/uploads\/2022\/09\/Logo-01.png","width":2318,"height":957,"caption":"Boutique One Piece"},"image":{"@id":"https:\/\/boutique-one-piece.com\/#\/schema\/logo\/image\/"}}]}},"_links":{"self":[{"href":"https:\/\/boutique-one-piece.com\/it\/wp-json\/wp\/v2\/product\/13102","targetHints":{"allow":["GET"]}}],"collection":[{"href":"https:\/\/boutique-one-piece.com\/it\/wp-json\/wp\/v2\/product"}],"about":[{"href":"https:\/\/boutique-one-piece.com\/it\/wp-json\/wp\/v2\/types\/product"}],"replies":[{"embeddable":true,"href":"https:\/\/boutique-one-piece.com\/it\/wp-json\/wp\/v2\/comments?post=13102"}],"wp:featuredmedia":[{"embeddable":true,"href":"https:\/\/boutique-one-piece.com\/it\/wp-json\/wp\/v2\/media\/13104"}],"wp:attachment":[{"href":"https:\/\/boutique-one-piece.com\/it\/wp-json\/wp\/v2\/media?parent=13102"}],"wp:term":[{"taxonomy":"product_brand","embeddable":true,"href":"https:\/\/boutique-one-piece.com\/it\/wp-json\/wp\/v2\/product_brand?post=13102"},{"taxonomy":"product_cat","embeddable":true,"href":"https:\/\/boutique-one-piece.com\/it\/wp-json\/wp\/v2\/product_cat?post=13102"},{"taxonomy":"product_tag","embeddable":true,"href":"https:\/\/boutique-one-piece.com\/it\/wp-json\/wp\/v2\/product_tag?post=13102"}],"curies":[{"name":"parola chiave","href":"https:\/\/api.w.org\/{rel}","templated":true}]}}