{"id":13168,"date":"2022-09-27T21:01:12","date_gmt":"2022-09-27T21:01:12","guid":{"rendered":"https:\/\/boutique-one-piece.com\/uncategorized\/figurine-one-piece-den-den-mushi-jinbe\/"},"modified":"2024-09-16T13:11:12","modified_gmt":"2024-09-16T13:11:12","slug":"figurina-one-piece-den-den-mushi-jinbe","status":"publish","type":"product","link":"https:\/\/boutique-one-piece.com\/it\/figurine-di-one-piece\/figurine-den-den-mushi\/figurina-one-piece-den-den-mushi-jinbe\/","title":{"rendered":"Figura di One Piece Den Den Mushi Jinbe"},"content":{"rendered":"<h2>Giovane pirata, \u00e8 giunto il momento di procurarti questa statuetta di One Piece Den Den Mushi Jinbe.<\/h2>\n<p><strong>Telefoni a lumaca<\/strong>, I Den Den Mushi, noti anche come Den Den Mushi, sono lumache che solitamente hanno telefoni e\/o fax attaccati al loro guscio. Permettono a pi\u00f9 persone di comunicare anche a grandi distanze. Imitano i gesti (soprattutto della bocca) di chi parla.<\/p>\n<p>Infine, il<strong> Den Den Mushi<\/strong>, ressemblent g\u00e9n\u00e9ralement \u00e0 leur utilisateur. Ici, l\u2019utilisateur est Jinbe alias \u00ab\u00a0Le Paladin des Mers\u00a0\u00bb. C\u2019est aussi le timonier de l\u2019\u00c9quipage du Chapeau de Paille. Il est officiellement le dixi\u00e8me membre de l\u2019\u00e9quipage du Chapeau de Paille et le neuvi\u00e8me \u00e0 rejoindre l\u2019\u00e9quipage de Luffy. D\u2019ailleurs, si tu souhaites agrandir ta collection de figurines, la <a title=\"FIGURINA JINBE IN KIMONO GIALLO\" href=\"https:\/\/boutique-one-piece.com\/it\/figurina-jinbe-kimono-giallo\/\" target=\"_blank\" rel=\"noopener\">Statuetta Jinbe in kimono<\/a> \u00e8 alla tua portata.<\/p>\n<h3>Alors, conquis par le Den Den Mushi de Jinbe ? Si tel est le cas, tu sais ce qu\u2019il te reste \u00e0 faire. D\u00e9couvre sans plus attendre quel message t\u2019attend.<\/h3>\n<p><strong>Giovane pirata<\/strong>, Prendi il tuo destino nelle tue mani e sali a bordo della <strong>Mille Sunny<\/strong>. Bien des aventures t\u2019y attendent. Ces objets mythiques te replongeront au sein de cet anim\u00e9 aux aventures plus palpitantes les unes que les autres. Alors, qu\u2019attends-tu ? N\u2019h\u00e9site plus et saute sur l\u2019occasion de pouvoir agrandir <strong>il tuo universo One Piece<\/strong>.<\/p>\n<h2>Informazioni sulla statuetta Den Den Mushi Jinbe\u00a0<\/h2>\n<ul data-mce-fragment=\"1\">\n<li data-mce-fragment=\"1\"><span data-mce-fragment=\"1\"><b data-mce-fragment=\"1\"><u data-mce-fragment=\"1\">Figurina di One Piece<\/u><\/b>\u00a0: Figurine\u00a0 premium de l\u2019univers One Piece pour les vrais pirates<\/span><\/li>\n<\/ul>\n<ul data-mce-fragment=\"1\">\n<li data-mce-fragment=\"1\">\n<b data-mce-fragment=\"1\">Questione<\/b><span data-mce-fragment=\"1\">\u00a0<\/span>PVC<\/li>\n<\/ul>\n<ul data-mce-fragment=\"1\">\n<li data-mce-fragment=\"1\"><span data-mce-fragment=\"1\"><strong data-mce-fragment=\"1\">Dimensione<\/strong>\u00a0: 12 centimetri<\/span><\/li>\n<\/ul>\n<ul data-mce-fragment=\"1\">\n<li data-mce-fragment=\"1\"><span data-mce-fragment=\"1\"><strong data-mce-fragment=\"1\">CONSEGNA GRATUITA<\/strong><\/span><\/li>\n<\/ul>","protected":false},"excerpt":{"rendered":"<p>Giovane pirata, \u00e8 giunto il momento di mettere le mani su questa statuetta di One Piece Den Den Mushi Jinbe. I Den Den Mushi, noti anche come Den Den Phones, sono lumache che solitamente hanno telefoni e\/o fax attaccati al loro guscio. Permettono a pi\u00f9 persone di comunicare anche a grandi distanze.<\/p>","protected":false},"featured_media":13170,"comment_status":"open","ping_status":"open","template":"","meta":[],"product_brand":[],"product_cat":[331,76],"product_tag":[386],"class_list":{"0":"post-13168","1":"product","2":"type-product","3":"status-publish","4":"has-post-thumbnail","6":"product_cat-figurines-den-den-mushi","7":"product_cat-figurines-one-piece","8":"product_tag-den-den-mushi","10":"first","11":"instock","12":"purchasable","13":"product-type-simple"},"yoast_head":"<!-- This site is optimized with the Yoast SEO plugin v27.5 - https:\/\/yoast.com\/product\/yoast-seo-wordpress\/ -->\n<title>Figurine One Piece Den Den Mushi Jinbe | Figurine One Piece \u2013 Boutique One Piece<\/title>\n<meta name=\"description\" content=\"Jeune pirate, le moment est venu pour toi de te procurer cette Figurine One Piece Den Den Mushi Jinbe. Les Escargophones, autrement appel\u00e9 Den Den Mushi, sont des escargots qui sont habituellement vus avec des t\u00e9l\u00e9phones et\/ou des machines fax attach\u00e9s \u00e0 leurs carapaces. Ils permettent \u00e0 plusieurs personnes de communiq\" \/>\n<meta name=\"robots\" content=\"index, follow, max-snippet:-1, max-image-preview:large, max-video-preview:-1\" \/>\n<link rel=\"canonical\" href=\"https:\/\/boutique-one-piece.com\/it\/figurine-di-one-piece\/figurine-den-den-mushi\/figurina-one-piece-den-den-mushi-jinbe\/\" \/>\n<meta property=\"og:locale\" content=\"it_IT\" \/>\n<meta property=\"og:type\" content=\"article\" \/>\n<meta property=\"og:title\" content=\"Figurine One Piece Den Den Mushi Jinbe | Figurine One Piece \u2013 Boutique One Piece\" \/>\n<meta property=\"og:description\" content=\"Jeune pirate, le moment est venu pour toi de te procurer cette Figurine One Piece Den Den Mushi Jinbe. Les Escargophones, autrement appel\u00e9 Den Den Mushi, sont des escargots qui sont habituellement vus avec des t\u00e9l\u00e9phones et\/ou des machines fax attach\u00e9s \u00e0 leurs carapaces. Ils permettent \u00e0 plusieurs personnes de communiq\" \/>\n<meta property=\"og:url\" content=\"https:\/\/boutique-one-piece.com\/it\/figurine-di-one-piece\/figurine-den-den-mushi\/figurina-one-piece-den-den-mushi-jinbe\/\" \/>\n<meta property=\"og:site_name\" content=\"Boutique One Piece\" \/>\n<meta property=\"article:modified_time\" content=\"2024-09-16T13:11:12+00:00\" \/>\n<meta property=\"og:image\" content=\"https:\/\/boutique-one-piece.com\/wp-content\/uploads\/2022\/09\/Figurine-One-Piece-Den-Den-Mushi-Jinbe.jpg\" \/>\n\t<meta property=\"og:image:width\" content=\"640\" \/>\n\t<meta property=\"og:image:height\" content=\"640\" \/>\n\t<meta property=\"og:image:type\" content=\"image\/jpeg\" \/>\n<meta name=\"twitter:card\" content=\"summary_large_image\" \/>\n<meta name=\"twitter:label1\" content=\"Tempo di lettura stimato\" \/>\n\t<meta name=\"twitter:data1\" content=\"1 minuto\" \/>\n<script type=\"application\/ld+json\" class=\"yoast-schema-graph\">{\"@context\":\"https:\\\/\\\/schema.org\",\"@graph\":[{\"@type\":\"WebPage\",\"@id\":\"https:\\\/\\\/boutique-one-piece.com\\\/figurines-one-piece\\\/figurines-den-den-mushi\\\/figurine-one-piece-den-den-mushi-jinbe\\\/\",\"url\":\"https:\\\/\\\/boutique-one-piece.com\\\/figurines-one-piece\\\/figurines-den-den-mushi\\\/figurine-one-piece-den-den-mushi-jinbe\\\/\",\"name\":\"Figurine One Piece Den Den Mushi Jinbe | Figurine One Piece \u2013 Boutique One Piece\",\"isPartOf\":{\"@id\":\"https:\\\/\\\/boutique-one-piece.com\\\/#website\"},\"primaryImageOfPage\":{\"@id\":\"https:\\\/\\\/boutique-one-piece.com\\\/figurines-one-piece\\\/figurines-den-den-mushi\\\/figurine-one-piece-den-den-mushi-jinbe\\\/#primaryimage\"},\"image\":{\"@id\":\"https:\\\/\\\/boutique-one-piece.com\\\/figurines-one-piece\\\/figurines-den-den-mushi\\\/figurine-one-piece-den-den-mushi-jinbe\\\/#primaryimage\"},\"thumbnailUrl\":\"https:\\\/\\\/boutique-one-piece.com\\\/wp-content\\\/uploads\\\/2022\\\/09\\\/Figurine-One-Piece-Den-Den-Mushi-Jinbe.jpg\",\"datePublished\":\"2022-09-27T21:01:12+00:00\",\"dateModified\":\"2024-09-16T13:11:12+00:00\",\"description\":\"Jeune pirate, le moment est venu pour toi de te procurer cette Figurine One Piece Den Den Mushi Jinbe. Les Escargophones, autrement appel\u00e9 Den Den Mushi, sont des escargots qui sont habituellement vus avec des t\u00e9l\u00e9phones et\\\/ou des machines fax attach\u00e9s \u00e0 leurs carapaces. Ils permettent \u00e0 plusieurs personnes de communiq\",\"breadcrumb\":{\"@id\":\"https:\\\/\\\/boutique-one-piece.com\\\/figurines-one-piece\\\/figurines-den-den-mushi\\\/figurine-one-piece-den-den-mushi-jinbe\\\/#breadcrumb\"},\"inLanguage\":\"it-IT\",\"potentialAction\":[{\"@type\":\"ReadAction\",\"target\":[\"https:\\\/\\\/boutique-one-piece.com\\\/figurines-one-piece\\\/figurines-den-den-mushi\\\/figurine-one-piece-den-den-mushi-jinbe\\\/\"]}]},{\"@type\":\"ImageObject\",\"inLanguage\":\"it-IT\",\"@id\":\"https:\\\/\\\/boutique-one-piece.com\\\/figurines-one-piece\\\/figurines-den-den-mushi\\\/figurine-one-piece-den-den-mushi-jinbe\\\/#primaryimage\",\"url\":\"https:\\\/\\\/boutique-one-piece.com\\\/wp-content\\\/uploads\\\/2022\\\/09\\\/Figurine-One-Piece-Den-Den-Mushi-Jinbe.jpg\",\"contentUrl\":\"https:\\\/\\\/boutique-one-piece.com\\\/wp-content\\\/uploads\\\/2022\\\/09\\\/Figurine-One-Piece-Den-Den-Mushi-Jinbe.jpg\",\"width\":640,\"height\":640,\"caption\":\"Figurine One Piece Den Den Mushi Jinbe Default Title\"},{\"@type\":\"BreadcrumbList\",\"@id\":\"https:\\\/\\\/boutique-one-piece.com\\\/figurines-one-piece\\\/figurines-den-den-mushi\\\/figurine-one-piece-den-den-mushi-jinbe\\\/#breadcrumb\",\"itemListElement\":[{\"@type\":\"ListItem\",\"position\":1,\"name\":\"Home\",\"item\":\"https:\\\/\\\/boutique-one-piece.com\\\/\"},{\"@type\":\"ListItem\",\"position\":2,\"name\":\"Shop\",\"item\":\"https:\\\/\\\/boutique-one-piece.com\\\/shop\\\/\"},{\"@type\":\"ListItem\",\"position\":3,\"name\":\"Figurine One Piece Den Den Mushi Jinbe\"}]},{\"@type\":\"WebSite\",\"@id\":\"https:\\\/\\\/boutique-one-piece.com\\\/#website\",\"url\":\"https:\\\/\\\/boutique-one-piece.com\\\/\",\"name\":\"Boutique One Piece\",\"description\":\"Magasin Sp\u00e9cialis\u00e9 du Manga et l&#039;Anime One Piece\",\"publisher\":{\"@id\":\"https:\\\/\\\/boutique-one-piece.com\\\/#organization\"},\"potentialAction\":[{\"@type\":\"SearchAction\",\"target\":{\"@type\":\"EntryPoint\",\"urlTemplate\":\"https:\\\/\\\/boutique-one-piece.com\\\/?s={search_term_string}\"},\"query-input\":{\"@type\":\"PropertyValueSpecification\",\"valueRequired\":true,\"valueName\":\"search_term_string\"}}],\"inLanguage\":\"it-IT\"},{\"@type\":\"Organization\",\"@id\":\"https:\\\/\\\/boutique-one-piece.com\\\/#organization\",\"name\":\"Boutique One Piece\",\"url\":\"https:\\\/\\\/boutique-one-piece.com\\\/\",\"logo\":{\"@type\":\"ImageObject\",\"inLanguage\":\"it-IT\",\"@id\":\"https:\\\/\\\/boutique-one-piece.com\\\/#\\\/schema\\\/logo\\\/image\\\/\",\"url\":\"https:\\\/\\\/boutique-one-piece.com\\\/wp-content\\\/uploads\\\/2022\\\/09\\\/Logo-01.png\",\"contentUrl\":\"https:\\\/\\\/boutique-one-piece.com\\\/wp-content\\\/uploads\\\/2022\\\/09\\\/Logo-01.png\",\"width\":2318,\"height\":957,\"caption\":\"Boutique One Piece\"},\"image\":{\"@id\":\"https:\\\/\\\/boutique-one-piece.com\\\/#\\\/schema\\\/logo\\\/image\\\/\"}}]}<\/script>\n<!-- \/ Yoast SEO plugin. -->","yoast_head_json":{"title":"One Piece Den Den Mushi Jinbe Figure | One Piece Figure \u2013 One Piece Shop","description":"Giovane pirata, \u00e8 giunto il momento di mettere le mani su questa statuetta di One Piece Den Den Mushi Jinbe. I Den Den Mushi, noti anche come Den Den Phones, sono lumache che solitamente hanno telefoni e\/o fax attaccati al loro guscio. Permettono a pi\u00f9 persone di comunicare...","robots":{"index":"index","follow":"follow","max-snippet":"max-snippet:-1","max-image-preview":"max-image-preview:large","max-video-preview":"max-video-preview:-1"},"canonical":"https:\/\/boutique-one-piece.com\/it\/figurine-di-one-piece\/figurine-den-den-mushi\/figurina-one-piece-den-den-mushi-jinbe\/","og_locale":"it_IT","og_type":"article","og_title":"Figurine One Piece Den Den Mushi Jinbe | Figurine One Piece \u2013 Boutique One Piece","og_description":"Jeune pirate, le moment est venu pour toi de te procurer cette Figurine One Piece Den Den Mushi Jinbe. Les Escargophones, autrement appel\u00e9 Den Den Mushi, sont des escargots qui sont habituellement vus avec des t\u00e9l\u00e9phones et\/ou des machines fax attach\u00e9s \u00e0 leurs carapaces. Ils permettent \u00e0 plusieurs personnes de communiq","og_url":"https:\/\/boutique-one-piece.com\/it\/figurine-di-one-piece\/figurine-den-den-mushi\/figurina-one-piece-den-den-mushi-jinbe\/","og_site_name":"Boutique One Piece","article_modified_time":"2024-09-16T13:11:12+00:00","og_image":[{"width":640,"height":640,"url":"https:\/\/boutique-one-piece.com\/wp-content\/uploads\/2022\/09\/Figurine-One-Piece-Den-Den-Mushi-Jinbe.jpg","type":"image\/jpeg"}],"twitter_card":"summary_large_image","twitter_misc":{"Tempo di lettura stimato":"1 minuto"},"schema":{"@context":"https:\/\/schema.org","@graph":[{"@type":"WebPage","@id":"https:\/\/boutique-one-piece.com\/figurines-one-piece\/figurines-den-den-mushi\/figurine-one-piece-den-den-mushi-jinbe\/","url":"https:\/\/boutique-one-piece.com\/figurines-one-piece\/figurines-den-den-mushi\/figurine-one-piece-den-den-mushi-jinbe\/","name":"One Piece Den Den Mushi Jinbe Figure | One Piece Figure \u2013 One Piece Shop","isPartOf":{"@id":"https:\/\/boutique-one-piece.com\/#website"},"primaryImageOfPage":{"@id":"https:\/\/boutique-one-piece.com\/figurines-one-piece\/figurines-den-den-mushi\/figurine-one-piece-den-den-mushi-jinbe\/#primaryimage"},"image":{"@id":"https:\/\/boutique-one-piece.com\/figurines-one-piece\/figurines-den-den-mushi\/figurine-one-piece-den-den-mushi-jinbe\/#primaryimage"},"thumbnailUrl":"https:\/\/boutique-one-piece.com\/wp-content\/uploads\/2022\/09\/Figurine-One-Piece-Den-Den-Mushi-Jinbe.jpg","datePublished":"2022-09-27T21:01:12+00:00","dateModified":"2024-09-16T13:11:12+00:00","description":"Giovane pirata, \u00e8 giunto il momento di mettere le mani su questa statuetta di One Piece Den Den Mushi Jinbe. I Den Den Mushi, noti anche come Den Den Phones, sono lumache che solitamente hanno telefoni e\/o fax attaccati al loro guscio. Permettono a pi\u00f9 persone di comunicare...","breadcrumb":{"@id":"https:\/\/boutique-one-piece.com\/figurines-one-piece\/figurines-den-den-mushi\/figurine-one-piece-den-den-mushi-jinbe\/#breadcrumb"},"inLanguage":"it-IT","potentialAction":[{"@type":"ReadAction","target":["https:\/\/boutique-one-piece.com\/figurines-one-piece\/figurines-den-den-mushi\/figurine-one-piece-den-den-mushi-jinbe\/"]}]},{"@type":"ImageObject","inLanguage":"it-IT","@id":"https:\/\/boutique-one-piece.com\/figurines-one-piece\/figurines-den-den-mushi\/figurine-one-piece-den-den-mushi-jinbe\/#primaryimage","url":"https:\/\/boutique-one-piece.com\/wp-content\/uploads\/2022\/09\/Figurine-One-Piece-Den-Den-Mushi-Jinbe.jpg","contentUrl":"https:\/\/boutique-one-piece.com\/wp-content\/uploads\/2022\/09\/Figurine-One-Piece-Den-Den-Mushi-Jinbe.jpg","width":640,"height":640,"caption":"Figurine One Piece Den Den Mushi Jinbe Default Title"},{"@type":"BreadcrumbList","@id":"https:\/\/boutique-one-piece.com\/figurines-one-piece\/figurines-den-den-mushi\/figurine-one-piece-den-den-mushi-jinbe\/#breadcrumb","itemListElement":[{"@type":"ListItem","position":1,"name":"Home","item":"https:\/\/boutique-one-piece.com\/"},{"@type":"ListItem","position":2,"name":"Shop","item":"https:\/\/boutique-one-piece.com\/shop\/"},{"@type":"ListItem","position":3,"name":"Figurine One Piece Den Den Mushi Jinbe"}]},{"@type":"WebSite","@id":"https:\/\/boutique-one-piece.com\/#website","url":"https:\/\/boutique-one-piece.com\/","name":"Negozio One Piece","description":"Negozio specializzato in manga e anime di One Piece","publisher":{"@id":"https:\/\/boutique-one-piece.com\/#organization"},"potentialAction":[{"@type":"SearchAction","target":{"@type":"EntryPoint","urlTemplate":"https:\/\/boutique-one-piece.com\/?s={search_term_string}"},"query-input":{"@type":"PropertyValueSpecification","valueRequired":true,"valueName":"search_term_string"}}],"inLanguage":"it-IT"},{"@type":"Organization","@id":"https:\/\/boutique-one-piece.com\/#organization","name":"Negozio One Piece","url":"https:\/\/boutique-one-piece.com\/","logo":{"@type":"ImageObject","inLanguage":"it-IT","@id":"https:\/\/boutique-one-piece.com\/#\/schema\/logo\/image\/","url":"https:\/\/boutique-one-piece.com\/wp-content\/uploads\/2022\/09\/Logo-01.png","contentUrl":"https:\/\/boutique-one-piece.com\/wp-content\/uploads\/2022\/09\/Logo-01.png","width":2318,"height":957,"caption":"Boutique One Piece"},"image":{"@id":"https:\/\/boutique-one-piece.com\/#\/schema\/logo\/image\/"}}]}},"_links":{"self":[{"href":"https:\/\/boutique-one-piece.com\/it\/wp-json\/wp\/v2\/product\/13168","targetHints":{"allow":["GET"]}}],"collection":[{"href":"https:\/\/boutique-one-piece.com\/it\/wp-json\/wp\/v2\/product"}],"about":[{"href":"https:\/\/boutique-one-piece.com\/it\/wp-json\/wp\/v2\/types\/product"}],"replies":[{"embeddable":true,"href":"https:\/\/boutique-one-piece.com\/it\/wp-json\/wp\/v2\/comments?post=13168"}],"wp:featuredmedia":[{"embeddable":true,"href":"https:\/\/boutique-one-piece.com\/it\/wp-json\/wp\/v2\/media\/13170"}],"wp:attachment":[{"href":"https:\/\/boutique-one-piece.com\/it\/wp-json\/wp\/v2\/media?parent=13168"}],"wp:term":[{"taxonomy":"product_brand","embeddable":true,"href":"https:\/\/boutique-one-piece.com\/it\/wp-json\/wp\/v2\/product_brand?post=13168"},{"taxonomy":"product_cat","embeddable":true,"href":"https:\/\/boutique-one-piece.com\/it\/wp-json\/wp\/v2\/product_cat?post=13168"},{"taxonomy":"product_tag","embeddable":true,"href":"https:\/\/boutique-one-piece.com\/it\/wp-json\/wp\/v2\/product_tag?post=13168"}],"curies":[{"name":"parola chiave","href":"https:\/\/api.w.org\/{rel}","templated":true}]}}