{"id":13187,"date":"2022-09-27T21:01:33","date_gmt":"2022-09-27T21:01:33","guid":{"rendered":"https:\/\/boutique-one-piece.com\/uncategorized\/figurine-one-piece-zoro-samurai-de-wano-kuni\/"},"modified":"2025-06-29T03:55:30","modified_gmt":"2025-06-29T03:55:30","slug":"statuetta-di-samurai-zoro-in-un-pezzo-di-wano-kuni","status":"publish","type":"product","link":"https:\/\/boutique-one-piece.com\/it\/chicche-di-one-piece\/chicche-di-one-piece-di-roronoa-zoro\/statuetta-di-samurai-zoro-in-un-pezzo-di-wano-kuni\/","title":{"rendered":"Figura del samurai Zoro di One Piece di Wano Kuni"},"content":{"rendered":"<h2>Giovane pirata, \u00e8 giunto il momento di procurarti questa statuetta di Zoro Samurai di One Piece di Wano Kuni.<\/h2>\n<p>Come promemoria, <strong>Roronoa Zoro<\/strong> fut le premier membre \u00e0 rejoindre l\u2019\u00c9quipage du Chapeau de Paille. Il en est le premier et principal <strong>spadaccino<\/strong>. Ensuite, tu n\u2019es pas sans savoir que \u00ab\u00a0Samoura\u00ef\u00a0\u00bb est le titre donn\u00e9 aux habitants du Pays de Wa (autrement appel\u00e9 Wano Kuni ou \u00ab\u00a0pays de l\u2019or\u00a0\u00bb). Bien que le titre soit g\u00e9n\u00e9ralement appliqu\u00e9 directement aux \u00e9p\u00e9istes, il peut \u00e9galement \u00eatre utilis\u00e9 comme terme g\u00e9n\u00e9rique pour d\u00e9signer tous les guerriers du Pays des Wa, tels que les Ninja et Sumo.<\/p>\n<p>De plus, les Samoura\u00efs sont r\u00e9put\u00e9s pour \u00eatre de tr\u00e8s bons \u00e9p\u00e9istes et ont un sens de l\u2019honneur hors du commun. D\u2019ailleurs, si tu affectionnes particuli\u00e8rement Zoro, l<a title=\"FIGURA ONE PIECE ZORO RORONOA CON TECNICA A TRE SEGHE\" href=\"https:\/\/boutique-one-piece.com\/it\/figurina-one-piece-zoro-roronoa-tecnica-con-3-sciabole\/\" target=\"_blank\" rel=\"noopener\">statuetta di Zoro<\/a> Mentre dimostra la sua tecnica con le sue 3 spade, \u00e8 a portata di mano.<\/p>\n<h3>Alors, conquis par la figurine de Zoro, le samurai de Wano Kuni ? Si tel est le cas, n\u2019h\u00e9site plus et saute sur l\u2019occasion de devenir un \u00e9p\u00e9iste de renom \u00e0 ses c\u00f4t\u00e9s.<\/h3>\n<p>Che tu sia un fan sfegatato o un collezionista esperto, questi oggetti iconici sono sicuramente ci\u00f2 che fa per te. Perfetti come regalo, decorazione o collezione, questi oggetti arricchiranno la tua collezione. <strong>il tuo universo One Piece<\/strong>. Giovane pirata, prendi il tuo destino nelle tue mani e unisciti a noi <strong>l\u2019\u00e9quipage de chapeau de paille<\/strong>. Bien des aventures t\u2019y attendent !<\/p>\n<h2>Informazioni sulla figura del samurai Wano Kuni Zoro\u00a0<\/h2>\n<ul data-mce-fragment=\"1\">\n<li data-mce-fragment=\"1\"><span data-mce-fragment=\"1\"><b data-mce-fragment=\"1\"><u data-mce-fragment=\"1\">Figurina di One Piece<\/u><\/b>\u00a0: Figurine\u00a0 premium de l\u2019univers One Piece pour les vrais pirates<\/span><\/li>\n<\/ul>\n<ul data-mce-fragment=\"1\">\n<li data-mce-fragment=\"1\">\n<b data-mce-fragment=\"1\">Questione<\/b><span data-mce-fragment=\"1\">\u00a0<\/span>PVC<\/li>\n<\/ul>\n<ul data-mce-fragment=\"1\">\n<li data-mce-fragment=\"1\"><span data-mce-fragment=\"1\"><strong data-mce-fragment=\"1\">Dimensione<\/strong>\u00a0: 27 centimetri<\/span><\/li>\n<\/ul>\n<ul data-mce-fragment=\"1\">\n<li data-mce-fragment=\"1\"><span data-mce-fragment=\"1\"><strong data-mce-fragment=\"1\">CONSEGNA GRATUITA<\/strong><\/span><\/li>\n<\/ul>","protected":false},"excerpt":{"rendered":"<p>Jeune pirate, le moment est venu pour toi de te procurer cette Figurine One Piece Zoro Samurai de Wano Kuni. Pour rappel, Roronoa Zoro fut le premier membre \u00e0 rejoindre l\u2019\u00c9quipage du Chapeau de Paille. Il en est le premier et principal \u00e9p\u00e9iste. Ensuite, tu n\u2019es pas sans savoir que \u00ab\u00a0Samoura\u00ef\u00a0\u00bb est le titre donn\u00e9 [&hellip;]<\/p>","protected":false},"featured_media":13189,"comment_status":"open","ping_status":"open","template":"","meta":[],"product_brand":[],"product_cat":[76,215,162,151],"product_tag":[217,113],"class_list":{"0":"post-13187","1":"product","2":"type-product","3":"status-publish","4":"has-post-thumbnail","6":"product_cat-figurines-one-piece","7":"product_cat-figurines-one-piece-wano-kuni","8":"product_cat-figurines-roronoa-zoro","9":"product_cat-goodies-roronoa-zoro-one-piece","10":"product_tag-wano-kuni","11":"product_tag-zoro","13":"first","14":"instock","15":"purchasable","16":"product-type-simple"},"yoast_head":"<!-- This site is optimized with the Yoast SEO plugin v27.5 - https:\/\/yoast.com\/product\/yoast-seo-wordpress\/ -->\n<title>Figurine One Piece Zoro Samurai de Wano Kuni | Figurine One Piece \u2013 Boutique One Piece<\/title>\n<meta name=\"description\" content=\"Jeune pirate, le moment est venu pour toi de te procurer cette Figurine One Piece Zoro Samurai de Wano Kuni. Pour rappel, Roronoa Zoro fut le premier membre \u00e0 rejoindre l&#039;\u00c9quipage du Chapeau de Paille. Il en est le premier et principal \u00e9p\u00e9iste. Ensuite, tu n&#039;es pas sans savoir que &quot;Samoura\u00ef&quot; est le titre donn\u00e9 aux habi\" \/>\n<meta name=\"robots\" content=\"index, follow, max-snippet:-1, max-image-preview:large, max-video-preview:-1\" \/>\n<link rel=\"canonical\" href=\"https:\/\/boutique-one-piece.com\/it\/figurine-di-one-piece\/statuette-di-one-piece-wano-kuni\/statuetta-di-samurai-zoro-in-un-pezzo-di-wano-kuni\/\" \/>\n<meta property=\"og:locale\" content=\"it_IT\" \/>\n<meta property=\"og:type\" content=\"article\" \/>\n<meta property=\"og:title\" content=\"Figurine One Piece Zoro Samurai de Wano Kuni | Figurine One Piece \u2013 Boutique One Piece\" \/>\n<meta property=\"og:description\" content=\"Jeune pirate, le moment est venu pour toi de te procurer cette Figurine One Piece Zoro Samurai de Wano Kuni. Pour rappel, Roronoa Zoro fut le premier membre \u00e0 rejoindre l&#039;\u00c9quipage du Chapeau de Paille. Il en est le premier et principal \u00e9p\u00e9iste. Ensuite, tu n&#039;es pas sans savoir que &quot;Samoura\u00ef&quot; est le titre donn\u00e9 aux habi\" \/>\n<meta property=\"og:url\" content=\"https:\/\/boutique-one-piece.com\/it\/figurine-di-one-piece\/statuette-di-one-piece-wano-kuni\/statuetta-di-samurai-zoro-in-un-pezzo-di-wano-kuni\/\" \/>\n<meta property=\"og:site_name\" content=\"Boutique One Piece\" \/>\n<meta property=\"article:modified_time\" content=\"2025-06-29T03:55:30+00:00\" \/>\n<meta property=\"og:image\" content=\"https:\/\/boutique-one-piece.com\/wp-content\/uploads\/2022\/09\/Figurine-One-Piece-Zoro-Samurai-de-Wano-Kuni-1.jpg\" \/>\n\t<meta property=\"og:image:width\" content=\"800\" \/>\n\t<meta property=\"og:image:height\" content=\"800\" \/>\n\t<meta property=\"og:image:type\" content=\"image\/jpeg\" \/>\n<meta name=\"twitter:card\" content=\"summary_large_image\" \/>\n<meta name=\"twitter:label1\" content=\"Tempo di lettura stimato\" \/>\n\t<meta name=\"twitter:data1\" content=\"2 minuti\" \/>\n<script type=\"application\/ld+json\" class=\"yoast-schema-graph\">{\"@context\":\"https:\\\/\\\/schema.org\",\"@graph\":[{\"@type\":\"WebPage\",\"@id\":\"https:\\\/\\\/boutique-one-piece.com\\\/figurines-one-piece\\\/figurines-one-piece-wano-kuni\\\/figurine-one-piece-zoro-samurai-de-wano-kuni\\\/\",\"url\":\"https:\\\/\\\/boutique-one-piece.com\\\/figurines-one-piece\\\/figurines-one-piece-wano-kuni\\\/figurine-one-piece-zoro-samurai-de-wano-kuni\\\/\",\"name\":\"Figurine One Piece Zoro Samurai de Wano Kuni | Figurine One Piece \u2013 Boutique One Piece\",\"isPartOf\":{\"@id\":\"https:\\\/\\\/boutique-one-piece.com\\\/#website\"},\"primaryImageOfPage\":{\"@id\":\"https:\\\/\\\/boutique-one-piece.com\\\/figurines-one-piece\\\/figurines-one-piece-wano-kuni\\\/figurine-one-piece-zoro-samurai-de-wano-kuni\\\/#primaryimage\"},\"image\":{\"@id\":\"https:\\\/\\\/boutique-one-piece.com\\\/figurines-one-piece\\\/figurines-one-piece-wano-kuni\\\/figurine-one-piece-zoro-samurai-de-wano-kuni\\\/#primaryimage\"},\"thumbnailUrl\":\"https:\\\/\\\/boutique-one-piece.com\\\/wp-content\\\/uploads\\\/2022\\\/09\\\/Figurine-One-Piece-Zoro-Samurai-de-Wano-Kuni-1.jpg\",\"datePublished\":\"2022-09-27T21:01:33+00:00\",\"dateModified\":\"2025-06-29T03:55:30+00:00\",\"description\":\"Jeune pirate, le moment est venu pour toi de te procurer cette Figurine One Piece Zoro Samurai de Wano Kuni. Pour rappel, Roronoa Zoro fut le premier membre \u00e0 rejoindre l'\u00c9quipage du Chapeau de Paille. Il en est le premier et principal \u00e9p\u00e9iste. Ensuite, tu n'es pas sans savoir que \\\"Samoura\u00ef\\\" est le titre donn\u00e9 aux habi\",\"breadcrumb\":{\"@id\":\"https:\\\/\\\/boutique-one-piece.com\\\/figurines-one-piece\\\/figurines-one-piece-wano-kuni\\\/figurine-one-piece-zoro-samurai-de-wano-kuni\\\/#breadcrumb\"},\"inLanguage\":\"it-IT\",\"potentialAction\":[{\"@type\":\"ReadAction\",\"target\":[\"https:\\\/\\\/boutique-one-piece.com\\\/figurines-one-piece\\\/figurines-one-piece-wano-kuni\\\/figurine-one-piece-zoro-samurai-de-wano-kuni\\\/\"]}]},{\"@type\":\"ImageObject\",\"inLanguage\":\"it-IT\",\"@id\":\"https:\\\/\\\/boutique-one-piece.com\\\/figurines-one-piece\\\/figurines-one-piece-wano-kuni\\\/figurine-one-piece-zoro-samurai-de-wano-kuni\\\/#primaryimage\",\"url\":\"https:\\\/\\\/boutique-one-piece.com\\\/wp-content\\\/uploads\\\/2022\\\/09\\\/Figurine-One-Piece-Zoro-Samurai-de-Wano-Kuni-1.jpg\",\"contentUrl\":\"https:\\\/\\\/boutique-one-piece.com\\\/wp-content\\\/uploads\\\/2022\\\/09\\\/Figurine-One-Piece-Zoro-Samurai-de-Wano-Kuni-1.jpg\",\"width\":800,\"height\":800},{\"@type\":\"BreadcrumbList\",\"@id\":\"https:\\\/\\\/boutique-one-piece.com\\\/figurines-one-piece\\\/figurines-one-piece-wano-kuni\\\/figurine-one-piece-zoro-samurai-de-wano-kuni\\\/#breadcrumb\",\"itemListElement\":[{\"@type\":\"ListItem\",\"position\":1,\"name\":\"Home\",\"item\":\"https:\\\/\\\/boutique-one-piece.com\\\/\"},{\"@type\":\"ListItem\",\"position\":2,\"name\":\"Shop\",\"item\":\"https:\\\/\\\/boutique-one-piece.com\\\/shop\\\/\"},{\"@type\":\"ListItem\",\"position\":3,\"name\":\"Figurine One Piece Zoro Samurai de Wano Kuni\"}]},{\"@type\":\"WebSite\",\"@id\":\"https:\\\/\\\/boutique-one-piece.com\\\/#website\",\"url\":\"https:\\\/\\\/boutique-one-piece.com\\\/\",\"name\":\"Boutique One Piece\",\"description\":\"Magasin Sp\u00e9cialis\u00e9 du Manga et l&#039;Anime One Piece\",\"publisher\":{\"@id\":\"https:\\\/\\\/boutique-one-piece.com\\\/#organization\"},\"potentialAction\":[{\"@type\":\"SearchAction\",\"target\":{\"@type\":\"EntryPoint\",\"urlTemplate\":\"https:\\\/\\\/boutique-one-piece.com\\\/?s={search_term_string}\"},\"query-input\":{\"@type\":\"PropertyValueSpecification\",\"valueRequired\":true,\"valueName\":\"search_term_string\"}}],\"inLanguage\":\"it-IT\"},{\"@type\":\"Organization\",\"@id\":\"https:\\\/\\\/boutique-one-piece.com\\\/#organization\",\"name\":\"Boutique One Piece\",\"url\":\"https:\\\/\\\/boutique-one-piece.com\\\/\",\"logo\":{\"@type\":\"ImageObject\",\"inLanguage\":\"it-IT\",\"@id\":\"https:\\\/\\\/boutique-one-piece.com\\\/#\\\/schema\\\/logo\\\/image\\\/\",\"url\":\"https:\\\/\\\/boutique-one-piece.com\\\/wp-content\\\/uploads\\\/2022\\\/09\\\/Logo-01.png\",\"contentUrl\":\"https:\\\/\\\/boutique-one-piece.com\\\/wp-content\\\/uploads\\\/2022\\\/09\\\/Logo-01.png\",\"width\":2318,\"height\":957,\"caption\":\"Boutique One Piece\"},\"image\":{\"@id\":\"https:\\\/\\\/boutique-one-piece.com\\\/#\\\/schema\\\/logo\\\/image\\\/\"}}]}<\/script>\n<!-- \/ Yoast SEO plugin. -->","yoast_head_json":{"title":"Figura di Zoro Samurai di One Piece di Wano Kuni | Figura di One Piece \u2013 Negozio One Piece","description":"Giovane pirata, \u00e8 giunto il momento di mettere le mani su questa action figure di Zoro Samurai di One Piece, proveniente da Wano Country. Ricordiamo che Roronoa Zoro \u00e8 stato il primo membro a unirsi alla Ciurma di Cappello di Paglia. \u00c8 il suo primo e principale spadaccino. Inoltre, saprai sicuramente che &quot;Samurai&quot; \u00e8 il titolo dato ai guerrieri del XV secolo.","robots":{"index":"index","follow":"follow","max-snippet":"max-snippet:-1","max-image-preview":"max-image-preview:large","max-video-preview":"max-video-preview:-1"},"canonical":"https:\/\/boutique-one-piece.com\/it\/figurine-di-one-piece\/statuette-di-one-piece-wano-kuni\/statuetta-di-samurai-zoro-in-un-pezzo-di-wano-kuni\/","og_locale":"it_IT","og_type":"article","og_title":"Figurine One Piece Zoro Samurai de Wano Kuni | Figurine One Piece \u2013 Boutique One Piece","og_description":"Jeune pirate, le moment est venu pour toi de te procurer cette Figurine One Piece Zoro Samurai de Wano Kuni. Pour rappel, Roronoa Zoro fut le premier membre \u00e0 rejoindre l'\u00c9quipage du Chapeau de Paille. Il en est le premier et principal \u00e9p\u00e9iste. Ensuite, tu n'es pas sans savoir que \"Samoura\u00ef\" est le titre donn\u00e9 aux habi","og_url":"https:\/\/boutique-one-piece.com\/it\/figurine-di-one-piece\/statuette-di-one-piece-wano-kuni\/statuetta-di-samurai-zoro-in-un-pezzo-di-wano-kuni\/","og_site_name":"Boutique One Piece","article_modified_time":"2025-06-29T03:55:30+00:00","og_image":[{"width":800,"height":800,"url":"https:\/\/boutique-one-piece.com\/wp-content\/uploads\/2022\/09\/Figurine-One-Piece-Zoro-Samurai-de-Wano-Kuni-1.jpg","type":"image\/jpeg"}],"twitter_card":"summary_large_image","twitter_misc":{"Tempo di lettura stimato":"2 minuti"},"schema":{"@context":"https:\/\/schema.org","@graph":[{"@type":"WebPage","@id":"https:\/\/boutique-one-piece.com\/figurines-one-piece\/figurines-one-piece-wano-kuni\/figurine-one-piece-zoro-samurai-de-wano-kuni\/","url":"https:\/\/boutique-one-piece.com\/figurines-one-piece\/figurines-one-piece-wano-kuni\/figurine-one-piece-zoro-samurai-de-wano-kuni\/","name":"Figura di Zoro Samurai di One Piece di Wano Kuni | Figura di One Piece \u2013 Negozio One Piece","isPartOf":{"@id":"https:\/\/boutique-one-piece.com\/#website"},"primaryImageOfPage":{"@id":"https:\/\/boutique-one-piece.com\/figurines-one-piece\/figurines-one-piece-wano-kuni\/figurine-one-piece-zoro-samurai-de-wano-kuni\/#primaryimage"},"image":{"@id":"https:\/\/boutique-one-piece.com\/figurines-one-piece\/figurines-one-piece-wano-kuni\/figurine-one-piece-zoro-samurai-de-wano-kuni\/#primaryimage"},"thumbnailUrl":"https:\/\/boutique-one-piece.com\/wp-content\/uploads\/2022\/09\/Figurine-One-Piece-Zoro-Samurai-de-Wano-Kuni-1.jpg","datePublished":"2022-09-27T21:01:33+00:00","dateModified":"2025-06-29T03:55:30+00:00","description":"Giovane pirata, \u00e8 giunto il momento di mettere le mani su questa action figure di Zoro Samurai di One Piece, proveniente da Wano Country. Ricordiamo che Roronoa Zoro \u00e8 stato il primo membro a unirsi alla Ciurma di Cappello di Paglia. \u00c8 il suo primo e principale spadaccino. Inoltre, saprai sicuramente che &quot;Samurai&quot; \u00e8 il titolo dato ai guerrieri del XV secolo.","breadcrumb":{"@id":"https:\/\/boutique-one-piece.com\/figurines-one-piece\/figurines-one-piece-wano-kuni\/figurine-one-piece-zoro-samurai-de-wano-kuni\/#breadcrumb"},"inLanguage":"it-IT","potentialAction":[{"@type":"ReadAction","target":["https:\/\/boutique-one-piece.com\/figurines-one-piece\/figurines-one-piece-wano-kuni\/figurine-one-piece-zoro-samurai-de-wano-kuni\/"]}]},{"@type":"ImageObject","inLanguage":"it-IT","@id":"https:\/\/boutique-one-piece.com\/figurines-one-piece\/figurines-one-piece-wano-kuni\/figurine-one-piece-zoro-samurai-de-wano-kuni\/#primaryimage","url":"https:\/\/boutique-one-piece.com\/wp-content\/uploads\/2022\/09\/Figurine-One-Piece-Zoro-Samurai-de-Wano-Kuni-1.jpg","contentUrl":"https:\/\/boutique-one-piece.com\/wp-content\/uploads\/2022\/09\/Figurine-One-Piece-Zoro-Samurai-de-Wano-Kuni-1.jpg","width":800,"height":800},{"@type":"BreadcrumbList","@id":"https:\/\/boutique-one-piece.com\/figurines-one-piece\/figurines-one-piece-wano-kuni\/figurine-one-piece-zoro-samurai-de-wano-kuni\/#breadcrumb","itemListElement":[{"@type":"ListItem","position":1,"name":"Home","item":"https:\/\/boutique-one-piece.com\/"},{"@type":"ListItem","position":2,"name":"Shop","item":"https:\/\/boutique-one-piece.com\/shop\/"},{"@type":"ListItem","position":3,"name":"Figurine One Piece Zoro Samurai de Wano Kuni"}]},{"@type":"WebSite","@id":"https:\/\/boutique-one-piece.com\/#website","url":"https:\/\/boutique-one-piece.com\/","name":"Negozio One Piece","description":"Negozio specializzato in manga e anime di One Piece","publisher":{"@id":"https:\/\/boutique-one-piece.com\/#organization"},"potentialAction":[{"@type":"SearchAction","target":{"@type":"EntryPoint","urlTemplate":"https:\/\/boutique-one-piece.com\/?s={search_term_string}"},"query-input":{"@type":"PropertyValueSpecification","valueRequired":true,"valueName":"search_term_string"}}],"inLanguage":"it-IT"},{"@type":"Organization","@id":"https:\/\/boutique-one-piece.com\/#organization","name":"Negozio One Piece","url":"https:\/\/boutique-one-piece.com\/","logo":{"@type":"ImageObject","inLanguage":"it-IT","@id":"https:\/\/boutique-one-piece.com\/#\/schema\/logo\/image\/","url":"https:\/\/boutique-one-piece.com\/wp-content\/uploads\/2022\/09\/Logo-01.png","contentUrl":"https:\/\/boutique-one-piece.com\/wp-content\/uploads\/2022\/09\/Logo-01.png","width":2318,"height":957,"caption":"Boutique One Piece"},"image":{"@id":"https:\/\/boutique-one-piece.com\/#\/schema\/logo\/image\/"}}]}},"_links":{"self":[{"href":"https:\/\/boutique-one-piece.com\/it\/wp-json\/wp\/v2\/product\/13187","targetHints":{"allow":["GET"]}}],"collection":[{"href":"https:\/\/boutique-one-piece.com\/it\/wp-json\/wp\/v2\/product"}],"about":[{"href":"https:\/\/boutique-one-piece.com\/it\/wp-json\/wp\/v2\/types\/product"}],"replies":[{"embeddable":true,"href":"https:\/\/boutique-one-piece.com\/it\/wp-json\/wp\/v2\/comments?post=13187"}],"wp:featuredmedia":[{"embeddable":true,"href":"https:\/\/boutique-one-piece.com\/it\/wp-json\/wp\/v2\/media\/13189"}],"wp:attachment":[{"href":"https:\/\/boutique-one-piece.com\/it\/wp-json\/wp\/v2\/media?parent=13187"}],"wp:term":[{"taxonomy":"product_brand","embeddable":true,"href":"https:\/\/boutique-one-piece.com\/it\/wp-json\/wp\/v2\/product_brand?post=13187"},{"taxonomy":"product_cat","embeddable":true,"href":"https:\/\/boutique-one-piece.com\/it\/wp-json\/wp\/v2\/product_cat?post=13187"},{"taxonomy":"product_tag","embeddable":true,"href":"https:\/\/boutique-one-piece.com\/it\/wp-json\/wp\/v2\/product_tag?post=13187"}],"curies":[{"name":"parola chiave","href":"https:\/\/api.w.org\/{rel}","templated":true}]}}