{"id":13282,"date":"2022-09-27T21:02:01","date_gmt":"2022-09-27T21:02:01","guid":{"rendered":"https:\/\/boutique-one-piece.com\/uncategorized\/avis-de-recherche-marco-wanted\/"},"modified":"2026-03-29T22:44:12","modified_gmt":"2026-03-29T22:44:12","slug":"manifesto-ricercato-da-marco","status":"publish","type":"product","link":"https:\/\/boutique-one-piece.com\/it\/manifesto-ricercato-di-one-piece\/manifesto-ricercato-da-marco\/","title":{"rendered":"Marco ha voluto l&#039;avviso"},"content":{"rendered":"<h2>As-tu un faible pour l\u2019\u00e9quipage de Barbe Blanche, notamment lors de la bataille de Marineford ? Alors n\u2019attend plus et laisse-toi tenter par cet Avis de Recherche Marco Wanted.<\/h2>\n<p>Marco, aussi appel\u00e9 \u00ab\u00a0Marco le Ph\u00e9nix\u00a0\u00bb est sans doute le membre le plus charismatique de l\u2019\u00e9quipage de Barbe Blanche et il est le <strong>comandante della prima divisione<\/strong> de sa flotte, ainsi que le bras droit de l\u2019empereur.<\/p>\n<p>Son charisme provient aussi du fruit du d\u00e9mon qu\u2019il poss\u00e8de, le <strong>Tori Tori no mi<\/strong>, che \u00e8 un <strong>Antico Zoan<\/strong> et lui permet de se transformer en ph\u00e9nix et de voler, mais aussi de se r\u00e9g\u00e9n\u00e9rer \u00e0 volont\u00e9 lorsqu\u2019il est bless\u00e9. Il peut aussi se servir de son pouvoir pour aider \u00e0 gu\u00e9rir, mais on ne l\u2019a encore jamais vu faire.<\/p>\n<h3>Accroche \u00e0 ton mur l\u2019avis de recherche de l\u2019un des personnages les plus charismatiques de One Piece, Marco.<\/h3>\n<p>Marco est un des personnages les plus marquants lors de la bataille de Marineford o\u00f9 il fait \u00e9talage de sa puissance en se battant \u00e0 \u00e9gal avec plusieurs amiraux et en faisant pester l\u2019Amiral Akainu qui est pourtant tr\u00e8s fort.<\/p>\n<p>Fa anche un&#039;apparizione nella Terra di Wano, dove dimostra la sua forza sconfiggendo due calamit\u00e0 contemporaneamente: la Regina e il Re. La taglia sulla testa di Marco \u00e8 equivalente a <strong>700 milioni di bacche<\/strong>.<\/p>\n<p>Si tu aimes les primes, que dis-tu de l\u2019<a title=\"Avviso di ricerca di Arlong\" href=\"https:\/\/boutique-one-piece.com\/it\/manifesto-di-arlong-ricercato\/\" target=\"_blank\" rel=\"noopener noreferrer\">avis de recherche d\u2019Arlong<\/a> ?<\/p>\n<h2>Informations sur l\u2019Affiche One Piece Wanted Marco le Ph\u00e9nix<\/h2>\n<ul>\n<li><b><u>Manifesto ricercato di One Piece<\/u><\/b>\u00a0: v\u00e9ritable Avis De Recherche de l\u2019univers One Piece pour les vrais pirates<\/li>\n<\/ul>\n<ul>\n<li><b><u>Bonus di Marco<\/u><\/b>\u00a0700.000.000 di bacche<\/li>\n<\/ul>\n<ul>\n<li><strong>Stampa di alta qualit\u00e0<\/strong>\u00a0colori accurati<\/li>\n<\/ul>\n<ul>\n<li><strong>Dimensione<\/strong> : 52 cm x 36 cm<\/li>\n<\/ul>\n<ul>\n<li><strong>CONSEGNA GRATUITA<\/strong><\/li>\n<\/ul>","protected":false},"excerpt":{"rendered":"<p>As-tu un faible pour l\u2019\u00e9quipage de Barbe Blanche, notamment lors de la bataille de Marineford ? Alors n\u2019attend plus et laisse-toi tenter par cet Avis de Recherche Marco Wanted. Marco, aussi appel\u00e9 \u00ab\u00a0Marco le Ph\u00e9nix\u00a0\u00bb est sans doute le membre le plus charismatique de l\u2019\u00e9quipage de Barbe Blanche et il est le commandant de la [&hellip;]<\/p>","protected":false},"featured_media":13284,"comment_status":"open","ping_status":"open","template":"","meta":[],"product_brand":[],"product_cat":[171],"product_tag":[],"class_list":{"0":"post-13282","1":"product","2":"type-product","3":"status-publish","4":"has-post-thumbnail","6":"product_cat-avis-de-recherche-one-piece","8":"first","9":"outofstock","10":"purchasable","11":"product-type-simple"},"yoast_head":"<!-- This site is optimized with the Yoast SEO plugin v27.5 - https:\/\/yoast.com\/product\/yoast-seo-wordpress\/ -->\n<title>Avis De Recherche Marco Wanted | D\u00e9coration One Piece \u2013 Boutique One Piece<\/title>\n<meta name=\"description\" content=\"As-tu un faible pour l&#039;\u00e9quipage de Barbe Blanche, notamment lors de la bataille de Marineford ? Alors n&#039;attend plus et laisse-toi tenter par cet Avis de Recherche Marco Wanted. Marco, aussi appel\u00e9 &quot;Marco le Ph\u00e9nix&quot; est sans doute le membre le plus charismatique de l&#039;\u00e9quipage de Barbe Blanche et il est le commandant de\" \/>\n<meta name=\"robots\" content=\"index, follow, max-snippet:-1, max-image-preview:large, max-video-preview:-1\" \/>\n<link rel=\"canonical\" href=\"https:\/\/boutique-one-piece.com\/it\/manifesto-ricercato-di-one-piece\/manifesto-ricercato-da-marco\/\" \/>\n<meta property=\"og:locale\" content=\"it_IT\" \/>\n<meta property=\"og:type\" content=\"article\" \/>\n<meta property=\"og:title\" content=\"Avis De Recherche Marco Wanted | D\u00e9coration One Piece \u2013 Boutique One Piece\" \/>\n<meta property=\"og:description\" content=\"As-tu un faible pour l&#039;\u00e9quipage de Barbe Blanche, notamment lors de la bataille de Marineford ? Alors n&#039;attend plus et laisse-toi tenter par cet Avis de Recherche Marco Wanted. Marco, aussi appel\u00e9 &quot;Marco le Ph\u00e9nix&quot; est sans doute le membre le plus charismatique de l&#039;\u00e9quipage de Barbe Blanche et il est le commandant de\" \/>\n<meta property=\"og:url\" content=\"https:\/\/boutique-one-piece.com\/it\/manifesto-ricercato-di-one-piece\/manifesto-ricercato-da-marco\/\" \/>\n<meta property=\"og:site_name\" content=\"Boutique One Piece\" \/>\n<meta property=\"article:modified_time\" content=\"2026-03-29T22:44:12+00:00\" \/>\n<meta property=\"og:image\" content=\"https:\/\/boutique-one-piece.com\/wp-content\/uploads\/2022\/09\/Avis-De-Recherche-Marco-Wanted-1.jpg\" \/>\n\t<meta property=\"og:image:width\" content=\"796\" \/>\n\t<meta property=\"og:image:height\" content=\"797\" \/>\n\t<meta property=\"og:image:type\" content=\"image\/jpeg\" \/>\n<meta name=\"twitter:card\" content=\"summary_large_image\" \/>\n<meta name=\"twitter:label1\" content=\"Tempo di lettura stimato\" \/>\n\t<meta name=\"twitter:data1\" content=\"2 minuti\" \/>\n<script type=\"application\/ld+json\" class=\"yoast-schema-graph\">{\"@context\":\"https:\\\/\\\/schema.org\",\"@graph\":[{\"@type\":\"WebPage\",\"@id\":\"https:\\\/\\\/boutique-one-piece.com\\\/avis-de-recherche-one-piece\\\/avis-de-recherche-marco-wanted\\\/\",\"url\":\"https:\\\/\\\/boutique-one-piece.com\\\/avis-de-recherche-one-piece\\\/avis-de-recherche-marco-wanted\\\/\",\"name\":\"Avis De Recherche Marco Wanted | D\u00e9coration One Piece \u2013 Boutique One Piece\",\"isPartOf\":{\"@id\":\"https:\\\/\\\/boutique-one-piece.com\\\/#website\"},\"primaryImageOfPage\":{\"@id\":\"https:\\\/\\\/boutique-one-piece.com\\\/avis-de-recherche-one-piece\\\/avis-de-recherche-marco-wanted\\\/#primaryimage\"},\"image\":{\"@id\":\"https:\\\/\\\/boutique-one-piece.com\\\/avis-de-recherche-one-piece\\\/avis-de-recherche-marco-wanted\\\/#primaryimage\"},\"thumbnailUrl\":\"https:\\\/\\\/boutique-one-piece.com\\\/wp-content\\\/uploads\\\/2022\\\/09\\\/Avis-De-Recherche-Marco-Wanted-1.jpg\",\"datePublished\":\"2022-09-27T21:02:01+00:00\",\"dateModified\":\"2026-03-29T22:44:12+00:00\",\"description\":\"As-tu un faible pour l'\u00e9quipage de Barbe Blanche, notamment lors de la bataille de Marineford ? Alors n'attend plus et laisse-toi tenter par cet Avis de Recherche Marco Wanted. Marco, aussi appel\u00e9 \\\"Marco le Ph\u00e9nix\\\" est sans doute le membre le plus charismatique de l'\u00e9quipage de Barbe Blanche et il est le commandant de\",\"breadcrumb\":{\"@id\":\"https:\\\/\\\/boutique-one-piece.com\\\/avis-de-recherche-one-piece\\\/avis-de-recherche-marco-wanted\\\/#breadcrumb\"},\"inLanguage\":\"it-IT\",\"potentialAction\":[{\"@type\":\"ReadAction\",\"target\":[\"https:\\\/\\\/boutique-one-piece.com\\\/avis-de-recherche-one-piece\\\/avis-de-recherche-marco-wanted\\\/\"]}]},{\"@type\":\"ImageObject\",\"inLanguage\":\"it-IT\",\"@id\":\"https:\\\/\\\/boutique-one-piece.com\\\/avis-de-recherche-one-piece\\\/avis-de-recherche-marco-wanted\\\/#primaryimage\",\"url\":\"https:\\\/\\\/boutique-one-piece.com\\\/wp-content\\\/uploads\\\/2022\\\/09\\\/Avis-De-Recherche-Marco-Wanted-1.jpg\",\"contentUrl\":\"https:\\\/\\\/boutique-one-piece.com\\\/wp-content\\\/uploads\\\/2022\\\/09\\\/Avis-De-Recherche-Marco-Wanted-1.jpg\",\"width\":796,\"height\":797},{\"@type\":\"BreadcrumbList\",\"@id\":\"https:\\\/\\\/boutique-one-piece.com\\\/avis-de-recherche-one-piece\\\/avis-de-recherche-marco-wanted\\\/#breadcrumb\",\"itemListElement\":[{\"@type\":\"ListItem\",\"position\":1,\"name\":\"Home\",\"item\":\"https:\\\/\\\/boutique-one-piece.com\\\/\"},{\"@type\":\"ListItem\",\"position\":2,\"name\":\"Shop\",\"item\":\"https:\\\/\\\/boutique-one-piece.com\\\/shop\\\/\"},{\"@type\":\"ListItem\",\"position\":3,\"name\":\"Avis De Recherche Marco Wanted\"}]},{\"@type\":\"WebSite\",\"@id\":\"https:\\\/\\\/boutique-one-piece.com\\\/#website\",\"url\":\"https:\\\/\\\/boutique-one-piece.com\\\/\",\"name\":\"Boutique One Piece\",\"description\":\"Magasin Sp\u00e9cialis\u00e9 du Manga et l&#039;Anime One Piece\",\"publisher\":{\"@id\":\"https:\\\/\\\/boutique-one-piece.com\\\/#organization\"},\"potentialAction\":[{\"@type\":\"SearchAction\",\"target\":{\"@type\":\"EntryPoint\",\"urlTemplate\":\"https:\\\/\\\/boutique-one-piece.com\\\/?s={search_term_string}\"},\"query-input\":{\"@type\":\"PropertyValueSpecification\",\"valueRequired\":true,\"valueName\":\"search_term_string\"}}],\"inLanguage\":\"it-IT\"},{\"@type\":\"Organization\",\"@id\":\"https:\\\/\\\/boutique-one-piece.com\\\/#organization\",\"name\":\"Boutique One Piece\",\"url\":\"https:\\\/\\\/boutique-one-piece.com\\\/\",\"logo\":{\"@type\":\"ImageObject\",\"inLanguage\":\"it-IT\",\"@id\":\"https:\\\/\\\/boutique-one-piece.com\\\/#\\\/schema\\\/logo\\\/image\\\/\",\"url\":\"https:\\\/\\\/boutique-one-piece.com\\\/wp-content\\\/uploads\\\/2022\\\/09\\\/Logo-01.png\",\"contentUrl\":\"https:\\\/\\\/boutique-one-piece.com\\\/wp-content\\\/uploads\\\/2022\\\/09\\\/Logo-01.png\",\"width\":2318,\"height\":957,\"caption\":\"Boutique One Piece\"},\"image\":{\"@id\":\"https:\\\/\\\/boutique-one-piece.com\\\/#\\\/schema\\\/logo\\\/image\\\/\"}}]}<\/script>\n<!-- \/ Yoast SEO plugin. -->","yoast_head_json":{"title":"Avviso di ricerca di Marco | Decorazioni One Piece \u2013 Negozio One Piece","description":"Hai un debole per l&#039;equipaggio di Barbabianca, soprattutto durante la Battaglia di Marineford? Allora non aspettare oltre e lasciati conquistare da questo poster di Marco Ricercato. Marco, noto anche come &quot;Marco la Fenice&quot;, \u00e8 senza dubbio il membro pi\u00f9 carismatico dell&#039;equipaggio di Barbabianca ed \u00e8 il comandante di","robots":{"index":"index","follow":"follow","max-snippet":"max-snippet:-1","max-image-preview":"max-image-preview:large","max-video-preview":"max-video-preview:-1"},"canonical":"https:\/\/boutique-one-piece.com\/it\/manifesto-ricercato-di-one-piece\/manifesto-ricercato-da-marco\/","og_locale":"it_IT","og_type":"article","og_title":"Avis De Recherche Marco Wanted | D\u00e9coration One Piece \u2013 Boutique One Piece","og_description":"As-tu un faible pour l'\u00e9quipage de Barbe Blanche, notamment lors de la bataille de Marineford ? Alors n'attend plus et laisse-toi tenter par cet Avis de Recherche Marco Wanted. Marco, aussi appel\u00e9 \"Marco le Ph\u00e9nix\" est sans doute le membre le plus charismatique de l'\u00e9quipage de Barbe Blanche et il est le commandant de","og_url":"https:\/\/boutique-one-piece.com\/it\/manifesto-ricercato-di-one-piece\/manifesto-ricercato-da-marco\/","og_site_name":"Boutique One Piece","article_modified_time":"2026-03-29T22:44:12+00:00","og_image":[{"width":796,"height":797,"url":"https:\/\/boutique-one-piece.com\/wp-content\/uploads\/2022\/09\/Avis-De-Recherche-Marco-Wanted-1.jpg","type":"image\/jpeg"}],"twitter_card":"summary_large_image","twitter_misc":{"Tempo di lettura stimato":"2 minuti"},"schema":{"@context":"https:\/\/schema.org","@graph":[{"@type":"WebPage","@id":"https:\/\/boutique-one-piece.com\/avis-de-recherche-one-piece\/avis-de-recherche-marco-wanted\/","url":"https:\/\/boutique-one-piece.com\/avis-de-recherche-one-piece\/avis-de-recherche-marco-wanted\/","name":"Avviso di ricerca di Marco | Decorazioni One Piece \u2013 Negozio One Piece","isPartOf":{"@id":"https:\/\/boutique-one-piece.com\/#website"},"primaryImageOfPage":{"@id":"https:\/\/boutique-one-piece.com\/avis-de-recherche-one-piece\/avis-de-recherche-marco-wanted\/#primaryimage"},"image":{"@id":"https:\/\/boutique-one-piece.com\/avis-de-recherche-one-piece\/avis-de-recherche-marco-wanted\/#primaryimage"},"thumbnailUrl":"https:\/\/boutique-one-piece.com\/wp-content\/uploads\/2022\/09\/Avis-De-Recherche-Marco-Wanted-1.jpg","datePublished":"2022-09-27T21:02:01+00:00","dateModified":"2026-03-29T22:44:12+00:00","description":"Hai un debole per l&#039;equipaggio di Barbabianca, soprattutto durante la Battaglia di Marineford? Allora non aspettare oltre e lasciati conquistare da questo poster di Marco Ricercato. Marco, noto anche come &quot;Marco la Fenice&quot;, \u00e8 senza dubbio il membro pi\u00f9 carismatico dell&#039;equipaggio di Barbabianca ed \u00e8 il comandante di","breadcrumb":{"@id":"https:\/\/boutique-one-piece.com\/avis-de-recherche-one-piece\/avis-de-recherche-marco-wanted\/#breadcrumb"},"inLanguage":"it-IT","potentialAction":[{"@type":"ReadAction","target":["https:\/\/boutique-one-piece.com\/avis-de-recherche-one-piece\/avis-de-recherche-marco-wanted\/"]}]},{"@type":"ImageObject","inLanguage":"it-IT","@id":"https:\/\/boutique-one-piece.com\/avis-de-recherche-one-piece\/avis-de-recherche-marco-wanted\/#primaryimage","url":"https:\/\/boutique-one-piece.com\/wp-content\/uploads\/2022\/09\/Avis-De-Recherche-Marco-Wanted-1.jpg","contentUrl":"https:\/\/boutique-one-piece.com\/wp-content\/uploads\/2022\/09\/Avis-De-Recherche-Marco-Wanted-1.jpg","width":796,"height":797},{"@type":"BreadcrumbList","@id":"https:\/\/boutique-one-piece.com\/avis-de-recherche-one-piece\/avis-de-recherche-marco-wanted\/#breadcrumb","itemListElement":[{"@type":"ListItem","position":1,"name":"Home","item":"https:\/\/boutique-one-piece.com\/"},{"@type":"ListItem","position":2,"name":"Shop","item":"https:\/\/boutique-one-piece.com\/shop\/"},{"@type":"ListItem","position":3,"name":"Avis De Recherche Marco Wanted"}]},{"@type":"WebSite","@id":"https:\/\/boutique-one-piece.com\/#website","url":"https:\/\/boutique-one-piece.com\/","name":"Negozio One Piece","description":"Negozio specializzato in manga e anime di One Piece","publisher":{"@id":"https:\/\/boutique-one-piece.com\/#organization"},"potentialAction":[{"@type":"SearchAction","target":{"@type":"EntryPoint","urlTemplate":"https:\/\/boutique-one-piece.com\/?s={search_term_string}"},"query-input":{"@type":"PropertyValueSpecification","valueRequired":true,"valueName":"search_term_string"}}],"inLanguage":"it-IT"},{"@type":"Organization","@id":"https:\/\/boutique-one-piece.com\/#organization","name":"Negozio One Piece","url":"https:\/\/boutique-one-piece.com\/","logo":{"@type":"ImageObject","inLanguage":"it-IT","@id":"https:\/\/boutique-one-piece.com\/#\/schema\/logo\/image\/","url":"https:\/\/boutique-one-piece.com\/wp-content\/uploads\/2022\/09\/Logo-01.png","contentUrl":"https:\/\/boutique-one-piece.com\/wp-content\/uploads\/2022\/09\/Logo-01.png","width":2318,"height":957,"caption":"Boutique One Piece"},"image":{"@id":"https:\/\/boutique-one-piece.com\/#\/schema\/logo\/image\/"}}]}},"_links":{"self":[{"href":"https:\/\/boutique-one-piece.com\/it\/wp-json\/wp\/v2\/product\/13282","targetHints":{"allow":["GET"]}}],"collection":[{"href":"https:\/\/boutique-one-piece.com\/it\/wp-json\/wp\/v2\/product"}],"about":[{"href":"https:\/\/boutique-one-piece.com\/it\/wp-json\/wp\/v2\/types\/product"}],"replies":[{"embeddable":true,"href":"https:\/\/boutique-one-piece.com\/it\/wp-json\/wp\/v2\/comments?post=13282"}],"wp:featuredmedia":[{"embeddable":true,"href":"https:\/\/boutique-one-piece.com\/it\/wp-json\/wp\/v2\/media\/13284"}],"wp:attachment":[{"href":"https:\/\/boutique-one-piece.com\/it\/wp-json\/wp\/v2\/media?parent=13282"}],"wp:term":[{"taxonomy":"product_brand","embeddable":true,"href":"https:\/\/boutique-one-piece.com\/it\/wp-json\/wp\/v2\/product_brand?post=13282"},{"taxonomy":"product_cat","embeddable":true,"href":"https:\/\/boutique-one-piece.com\/it\/wp-json\/wp\/v2\/product_cat?post=13282"},{"taxonomy":"product_tag","embeddable":true,"href":"https:\/\/boutique-one-piece.com\/it\/wp-json\/wp\/v2\/product_tag?post=13282"}],"curies":[{"name":"parola chiave","href":"https:\/\/api.w.org\/{rel}","templated":true}]}}