{"id":13346,"date":"2022-09-27T21:02:29","date_gmt":"2022-09-27T21:02:29","guid":{"rendered":"https:\/\/boutique-one-piece.com\/uncategorized\/tableau-one-piece-barbe-blanche\/"},"modified":"2024-09-18T00:59:39","modified_gmt":"2024-09-18T00:59:39","slug":"dipinto-di-un-pezzo-di-barba-bianca","status":"publish","type":"product","link":"https:\/\/boutique-one-piece.com\/it\/decorazioni-di-one-piece\/dipinti-di-one-piece\/dipinto-di-un-pezzo-di-barba-bianca\/","title":{"rendered":"Dipinto di Barbabianca di One Piece"},"content":{"rendered":"<h2>Stampa su tela a 5 pannelli di One Piece raffigurante Edward Newgate, l&#039;ex imperatore: una stampa su tela di qualit\u00e0 per un pirata come te!<\/h2>\n<p>Se sei un\u00a0<strong>vero pirata<\/strong>, Lo saprai<span>\u00a0<\/span>apprezzare<span>\u00a0<\/span>L\u00e0\u00a0<strong>qualit\u00e0<\/strong>\u00a0tela, vernice e una cornice per i loro\u00a0<strong>disegni\u00a0<\/strong>E\u00a0<strong>Stampa 3D su tela<\/strong>\u00a0di questo\u00a0<strong>Dipinto One Piece a 5 pannelli<\/strong>\u00a0Ma la cosa pi\u00f9 importante di questo dipinto \u00e8 che<span>\u00a0<\/span>farai parte di\u00a0<strong>la troupe dei fan<\/strong>\u00a0Di\u00a0<strong>manga pirata<\/strong>\u00a0e otterrai:<\/p>\n<ul>\n<li>\u00a0<strong>Ammirazione<\/strong>\u00a0di tutti i fan di\u00a0<strong>mugiwara<\/strong>\u00a0che inviterai a casa tua<\/li>\n<\/ul>\n<ul>\n<li>Un vero\u00a0<strong>Tabella stampata da 5 pezzi<\/strong>\u00a0con cui puoi<strong>\u00a0immaginare\u00a0<\/strong>con\u00a0<strong><\/strong><strong><\/strong>il grande <strong>Barbabianca<\/strong><span>\u00a0<\/span>pronto a <strong>combattere<\/strong>\n<\/li>\n<\/ul>\n<p>Quindi, pronto a mostrare il\u00a0<strong>colori<span>\u00a0<\/span><\/strong>Di<b>\u00a0Edward Newgate\u00a0<\/b>?<\/p>\n<h2>Sei un fan del manga o dell&#039;anime One Piece? Mostralo con questa stampa su tela composta da 5 pezzi!<\/h2>\n<p>Se tu\u00a0<strong>Leggere<\/strong>\u00a0o ovunque tu guardi\u00a0<strong>l&#039;anime\u00a0<\/strong><strong>giapponese<\/strong>, Ci sono buone probabilit\u00e0 che tu sia diventato\u00a0<strong>pazzo di One Piece<\/strong>\u00a0Con questo!\u00a0<strong>Dipinto a 5 pannelli Barbabianca<\/strong>, unisciti al\u2019<strong>gruppo di fan del franchise<\/strong><\/p>\n<p>Questo\u00a0<strong>pittura<\/strong>\u00a0\u00e8 disponibile con un\u00a0<strong>cornice di legno<\/strong>\u00a0la variante &quot;\u00ab\u00a0<strong>Con cornice<\/strong>\u00ab&quot;\u00c8 anche possibile avere solo il\u00a0<strong>stoffa<\/strong>\u00a0con la variante &quot;\u00ab\u00a0<strong>Senza cornice<\/strong>\u00ab&quot;Troverai la tabella nelle misure\u00a0<strong>Poco<\/strong>,<strong>\u00a0MEDIA<\/strong>,<strong>\u00a0Grande<\/strong>,<strong>\u00a0XL<\/strong>, Si adatta a tutti i tipi di pirati, anche se non hai\u00a0<strong>spada<\/strong>\u00a0O\u00a0<strong>frutto del diavolo<\/strong>\u00a0puoi ancora appenderlo con orgoglio a casa<\/p>\n<p><strong>Brook Le<\/strong><span>\u00a0<\/span><strong>Ronzio<\/strong><span>\u00a0<\/span>o il<span>\u00a0<\/span><strong>Re<\/strong><span>\u00a0<\/span>del<span>\u00a0<\/span><strong>Ubriaco<\/strong>\u00a0(\u00a0<strong>Re delle Anime)<\/strong>\u00a0Lui ha il<span>\u00a0<\/span><strong>Frutto della risurrezione<\/strong>, che lo rende quasi<span>\u00a0<\/span><strong>immortale<\/strong>. Nonostante la sua condizione di<span>\u00a0<\/span><strong>scheletro<\/strong>\u00a0<span>\u00a0<\/span><strong>non morti<\/strong>,<span>\u00a0<\/span><strong>Brook<\/strong><span>\u00a0<\/span>\u00e8 il<span>\u00a0<\/span><strong>secondo spadaccino<\/strong><span>\u00a0<\/span>Di<span>\u00a0<\/span><strong>L&#039;equipaggio di Rufy<\/strong><span>\u00a0<\/span>dietro Zoro<\/p>\n<h2>Informazioni sul dipinto:<\/h2>\n<ul>\n<li>\n<strong>Tela stampata di alta qualit\u00e0\u00a0<\/strong>: tela da parete realizzata in<span>\u00a0<\/span><strong>cotone<\/strong><span>\u00a0<\/span>E<span>\u00a0<\/span><strong>biancheria<\/strong>, per ottenere un<span>\u00a0<\/span><strong>stoffa<\/strong><span>\u00a0<\/span>degno di questo nome<\/li>\n<\/ul>\n<ul>\n<li>\n<strong>Pittura Ultra Design<\/strong>\u00a0La tabella in cinque parti fornisce molto<span>\u00a0<\/span><strong>stile<\/strong><span>\u00a0<\/span>a un<span>\u00a0<\/span><strong>pezzo<\/strong>, I fan non possono fare a meno di amarlo<\/li>\n<\/ul>\n<ul>\n<li>\n<strong>Colore e stampa\u00a0<\/strong>Dipinto di One Piece con una stampa<span>\u00a0<\/span><strong>Canva<\/strong><span>\u00a0<\/span>il punto di riferimento nella stampa su tela<\/li>\n<\/ul>\n<ul>\n<li>\n<strong>Arte murale leggera<\/strong>\u00a0: ottima ambientazione<span>\u00a0<\/span><strong>leggero,<\/strong><span>\u00a0<\/span>tutto ci\u00f2 che serve \u00e8 uno<span>\u00a0<\/span><strong>chiodo<\/strong><span>\u00a0<\/span>o del<span>\u00a0<\/span><strong>gamba fissa<\/strong><span>\u00a0<\/span>per il<span>\u00a0<\/span><strong>mantenere<\/strong><span>\u00a0<\/span>A<span>\u00a0<\/span><strong>parete<\/strong>\n<\/li>\n<\/ul>\n<ul>\n<li>\n<strong>Telaio in legno<\/strong>\u00a0: la variante &quot;\u00ab\u00a0<strong>Con cornice<\/strong>\u00a0\u00bb \u00e8 accompagnato da un<span>\u00a0<\/span><strong>cornice di legno<\/strong><span>\u00a0<\/span>e la versione &quot;\u00ab\u00a0<strong>Senza cornice<\/strong>\u00a0\u00bb viene consegnato<span>\u00a0<\/span><strong>senza la cornice di legno<\/strong>\n<\/li>\n<\/ul>\n<ul>\n<li>\n<strong>Consegna gratuita\u00a0<\/strong>per qualsiasi acquisto<strong>\u00a0<\/strong>\n<\/li>\n<\/ul>\n<h3>Non dimenticare di dare un&#039;occhiata alla guida alle taglie qui sotto.<\/h3>\n<h2>\n<strong>Dipinto One Piece 5 pezzi<\/strong><span>,<\/span><strong><span>\u00a0<\/span><\/strong><span>Misurare<\/span><strong><span>\u00a0<\/span><\/strong><span>:\u00a0<\/span><strong>Poco<\/strong><br \/>\n<\/h2>\n<p>\u00a0<img decoding=\"async\" src=\"https:\/\/cdn.shopify.com\/s\/files\/1\/0087\/7556\/5348\/files\/guide_taille_tableau_one_piece_petit_boutique_one_piece_large.jpg?v=1560247451\" alt=\"Guida alle taglie One Piece 5 pezzi (piccola)\"><\/p>\n<p><strong>Dipinto One Piece 5 pezzi<\/strong>, Misurare<strong><span>\u00a0<\/span><\/strong>:<strong><span>\u00a0<\/span>MEDIA<\/strong><\/p>\n<p>\u00a0<img decoding=\"async\" src=\"https:\/\/cdn.shopify.com\/s\/files\/1\/0087\/7556\/5348\/files\/guide_taille_tableau_one_piece_moyen_boutique_one_piece_large.jpg?v=1560247519\" alt=\"guida alle taglie un pezzo 5 pezzi Medio\"><\/p>\n<p><strong>Dipinto One Piece 5 pezzi<\/strong>, Misurare<strong><span>\u00a0<\/span><\/strong>:<span>\u00a0<\/span><strong>Grande<\/strong><\/p>\n<p>\u00a0<img decoding=\"async\" src=\"https:\/\/cdn.shopify.com\/s\/files\/1\/0087\/7556\/5348\/files\/guide_taille_tableau_one_piece_grand_boutique_one_piece_large.jpg?v=1560247582\" alt=\"Tabella delle taglie One Piece 5 pezzi (grande)\"><\/p>\n<p><strong>Dipinto One Piece 5 pezzi<\/strong>, Misurare:<span>\u00a0<\/span><strong>XL<\/strong><\/p>\n<p><img decoding=\"async\" src=\"https:\/\/cdn.shopify.com\/s\/files\/1\/0087\/7556\/5348\/files\/guide_taille_tableau_one_piece_xl_boutique_one_piece_large.jpg?v=1560247610\" alt=\"Tabella delle taglie One Piece 5 pezzi XL\"><\/p>","protected":false},"excerpt":{"rendered":"<p>Stampa su tela a 5 pannelli di One Piece raffigurante Edward Newgate, l&#039;ex imperatore: un&#039;opera di alta qualit\u00e0 per un pirata come te! Se sei un vero pirata, apprezzerai la qualit\u00e0 della tela, della vernice e della cornice, cos\u00ec come la stampa 3D su tela di questa stampa su tela a 5 pannelli di One Piece! Ma soprattutto, con questa stampa su tela, farai parte della ciurma di fan dei manga sui pirati e otterrai: L&#039;ammirazione di tutti i fan [\u2026]<\/p>","protected":false},"featured_media":13348,"comment_status":"open","ping_status":"open","template":"","meta":[],"product_brand":[],"product_cat":[141],"product_tag":[199,142,143],"class_list":{"0":"post-13346","1":"product","2":"type-product","3":"status-publish","4":"has-post-thumbnail","6":"product_cat-tableaux-one-piece","7":"product_tag-barbe-blanche","8":"product_tag-tableau-5-pieces","9":"product_tag-toile","11":"first","12":"instock","13":"purchasable","14":"product-type-variable"},"yoast_head":"<!-- This site is optimized with the Yoast SEO plugin v27.5 - https:\/\/yoast.com\/product\/yoast-seo-wordpress\/ -->\n<title>Tableau One Piece Barbe Blanche | Boutique One Piece<\/title>\n<meta name=\"description\" content=\"Tableau 5 Pi\u00e8ces One Piece Edward Newgate l&#039;Ancien Empereur de Qualit\u00e9 Si Vous \u00cates un Fan de l&#039;Univers des Pirates ce Tableau 5 Panneaux est Fait Pour Vous\" \/>\n<meta name=\"robots\" content=\"index, follow, max-snippet:-1, max-image-preview:large, max-video-preview:-1\" \/>\n<link rel=\"canonical\" href=\"https:\/\/boutique-one-piece.com\/it\/decorazioni-di-one-piece\/dipinti-di-one-piece\/dipinto-di-un-pezzo-di-barba-bianca\/\" \/>\n<meta property=\"og:locale\" content=\"it_IT\" \/>\n<meta property=\"og:type\" content=\"article\" \/>\n<meta property=\"og:title\" content=\"Tableau One Piece Barbe Blanche | Boutique One Piece\" \/>\n<meta property=\"og:description\" content=\"Tableau 5 Pi\u00e8ces One Piece Edward Newgate l&#039;Ancien Empereur de Qualit\u00e9 Si Vous \u00cates un Fan de l&#039;Univers des Pirates ce Tableau 5 Panneaux est Fait Pour Vous\" \/>\n<meta property=\"og:url\" content=\"https:\/\/boutique-one-piece.com\/it\/decorazioni-di-one-piece\/dipinti-di-one-piece\/dipinto-di-un-pezzo-di-barba-bianca\/\" \/>\n<meta property=\"og:site_name\" content=\"Boutique One Piece\" \/>\n<meta property=\"article:modified_time\" content=\"2024-09-18T00:59:39+00:00\" \/>\n<meta property=\"og:image\" content=\"https:\/\/boutique-one-piece.com\/wp-content\/uploads\/2022\/09\/Tableau-One-Piece-Barbe-Blanche.jpg\" \/>\n\t<meta property=\"og:image:width\" content=\"1000\" \/>\n\t<meta property=\"og:image:height\" content=\"988\" \/>\n\t<meta property=\"og:image:type\" content=\"image\/jpeg\" \/>\n<meta name=\"twitter:card\" content=\"summary_large_image\" \/>\n<meta name=\"twitter:label1\" content=\"Tempo di lettura stimato\" \/>\n\t<meta name=\"twitter:data1\" content=\"4 minuti\" \/>\n<script type=\"application\/ld+json\" class=\"yoast-schema-graph\">{\"@context\":\"https:\\\/\\\/schema.org\",\"@graph\":[{\"@type\":\"WebPage\",\"@id\":\"https:\\\/\\\/boutique-one-piece.com\\\/decorations-one-piece\\\/tableaux-one-piece\\\/tableau-one-piece-barbe-blanche\\\/\",\"url\":\"https:\\\/\\\/boutique-one-piece.com\\\/decorations-one-piece\\\/tableaux-one-piece\\\/tableau-one-piece-barbe-blanche\\\/\",\"name\":\"Tableau One Piece Barbe Blanche | Boutique One Piece\",\"isPartOf\":{\"@id\":\"https:\\\/\\\/boutique-one-piece.com\\\/#website\"},\"primaryImageOfPage\":{\"@id\":\"https:\\\/\\\/boutique-one-piece.com\\\/decorations-one-piece\\\/tableaux-one-piece\\\/tableau-one-piece-barbe-blanche\\\/#primaryimage\"},\"image\":{\"@id\":\"https:\\\/\\\/boutique-one-piece.com\\\/decorations-one-piece\\\/tableaux-one-piece\\\/tableau-one-piece-barbe-blanche\\\/#primaryimage\"},\"thumbnailUrl\":\"https:\\\/\\\/boutique-one-piece.com\\\/wp-content\\\/uploads\\\/2022\\\/09\\\/Tableau-One-Piece-Barbe-Blanche.jpg\",\"datePublished\":\"2022-09-27T21:02:29+00:00\",\"dateModified\":\"2024-09-18T00:59:39+00:00\",\"description\":\"Tableau 5 Pi\u00e8ces One Piece Edward Newgate l'Ancien Empereur de Qualit\u00e9 Si Vous \u00cates un Fan de l'Univers des Pirates ce Tableau 5 Panneaux est Fait Pour Vous\",\"breadcrumb\":{\"@id\":\"https:\\\/\\\/boutique-one-piece.com\\\/decorations-one-piece\\\/tableaux-one-piece\\\/tableau-one-piece-barbe-blanche\\\/#breadcrumb\"},\"inLanguage\":\"it-IT\",\"potentialAction\":[{\"@type\":\"ReadAction\",\"target\":[\"https:\\\/\\\/boutique-one-piece.com\\\/decorations-one-piece\\\/tableaux-one-piece\\\/tableau-one-piece-barbe-blanche\\\/\"]}]},{\"@type\":\"ImageObject\",\"inLanguage\":\"it-IT\",\"@id\":\"https:\\\/\\\/boutique-one-piece.com\\\/decorations-one-piece\\\/tableaux-one-piece\\\/tableau-one-piece-barbe-blanche\\\/#primaryimage\",\"url\":\"https:\\\/\\\/boutique-one-piece.com\\\/wp-content\\\/uploads\\\/2022\\\/09\\\/Tableau-One-Piece-Barbe-Blanche.jpg\",\"contentUrl\":\"https:\\\/\\\/boutique-one-piece.com\\\/wp-content\\\/uploads\\\/2022\\\/09\\\/Tableau-One-Piece-Barbe-Blanche.jpg\",\"width\":1000,\"height\":988,\"caption\":\"Tableau One Piece Barbe Blanche XL Avec Cadre\"},{\"@type\":\"BreadcrumbList\",\"@id\":\"https:\\\/\\\/boutique-one-piece.com\\\/decorations-one-piece\\\/tableaux-one-piece\\\/tableau-one-piece-barbe-blanche\\\/#breadcrumb\",\"itemListElement\":[{\"@type\":\"ListItem\",\"position\":1,\"name\":\"Home\",\"item\":\"https:\\\/\\\/boutique-one-piece.com\\\/\"},{\"@type\":\"ListItem\",\"position\":2,\"name\":\"Shop\",\"item\":\"https:\\\/\\\/boutique-one-piece.com\\\/shop\\\/\"},{\"@type\":\"ListItem\",\"position\":3,\"name\":\"Tableau One Piece Barbe Blanche\"}]},{\"@type\":\"WebSite\",\"@id\":\"https:\\\/\\\/boutique-one-piece.com\\\/#website\",\"url\":\"https:\\\/\\\/boutique-one-piece.com\\\/\",\"name\":\"Boutique One Piece\",\"description\":\"Magasin Sp\u00e9cialis\u00e9 du Manga et l&#039;Anime One Piece\",\"publisher\":{\"@id\":\"https:\\\/\\\/boutique-one-piece.com\\\/#organization\"},\"potentialAction\":[{\"@type\":\"SearchAction\",\"target\":{\"@type\":\"EntryPoint\",\"urlTemplate\":\"https:\\\/\\\/boutique-one-piece.com\\\/?s={search_term_string}\"},\"query-input\":{\"@type\":\"PropertyValueSpecification\",\"valueRequired\":true,\"valueName\":\"search_term_string\"}}],\"inLanguage\":\"it-IT\"},{\"@type\":\"Organization\",\"@id\":\"https:\\\/\\\/boutique-one-piece.com\\\/#organization\",\"name\":\"Boutique One Piece\",\"url\":\"https:\\\/\\\/boutique-one-piece.com\\\/\",\"logo\":{\"@type\":\"ImageObject\",\"inLanguage\":\"it-IT\",\"@id\":\"https:\\\/\\\/boutique-one-piece.com\\\/#\\\/schema\\\/logo\\\/image\\\/\",\"url\":\"https:\\\/\\\/boutique-one-piece.com\\\/wp-content\\\/uploads\\\/2022\\\/09\\\/Logo-01.png\",\"contentUrl\":\"https:\\\/\\\/boutique-one-piece.com\\\/wp-content\\\/uploads\\\/2022\\\/09\\\/Logo-01.png\",\"width\":2318,\"height\":957,\"caption\":\"Boutique One Piece\"},\"image\":{\"@id\":\"https:\\\/\\\/boutique-one-piece.com\\\/#\\\/schema\\\/logo\\\/image\\\/\"}}]}<\/script>\n<!-- \/ Yoast SEO plugin. -->","yoast_head_json":{"title":"Dipinto di Barbabianca di One Piece | Negozio One Piece","description":"Stampa su tela One Piece composta da 5 pannelli raffiguranti Edward Newgate, l&#039;ex imperatore - Alta qualit\u00e0. Se sei un fan dell&#039;universo dei pirati, questa stampa su tela a 5 pannelli \u00e8 perfetta per te!","robots":{"index":"index","follow":"follow","max-snippet":"max-snippet:-1","max-image-preview":"max-image-preview:large","max-video-preview":"max-video-preview:-1"},"canonical":"https:\/\/boutique-one-piece.com\/it\/decorazioni-di-one-piece\/dipinti-di-one-piece\/dipinto-di-un-pezzo-di-barba-bianca\/","og_locale":"it_IT","og_type":"article","og_title":"Tableau One Piece Barbe Blanche | Boutique One Piece","og_description":"Tableau 5 Pi\u00e8ces One Piece Edward Newgate l'Ancien Empereur de Qualit\u00e9 Si Vous \u00cates un Fan de l'Univers des Pirates ce Tableau 5 Panneaux est Fait Pour Vous","og_url":"https:\/\/boutique-one-piece.com\/it\/decorazioni-di-one-piece\/dipinti-di-one-piece\/dipinto-di-un-pezzo-di-barba-bianca\/","og_site_name":"Boutique One Piece","article_modified_time":"2024-09-18T00:59:39+00:00","og_image":[{"width":1000,"height":988,"url":"https:\/\/boutique-one-piece.com\/wp-content\/uploads\/2022\/09\/Tableau-One-Piece-Barbe-Blanche.jpg","type":"image\/jpeg"}],"twitter_card":"summary_large_image","twitter_misc":{"Tempo di lettura stimato":"4 minuti"},"schema":{"@context":"https:\/\/schema.org","@graph":[{"@type":"WebPage","@id":"https:\/\/boutique-one-piece.com\/decorations-one-piece\/tableaux-one-piece\/tableau-one-piece-barbe-blanche\/","url":"https:\/\/boutique-one-piece.com\/decorations-one-piece\/tableaux-one-piece\/tableau-one-piece-barbe-blanche\/","name":"Dipinto di Barbabianca di One Piece | Negozio One Piece","isPartOf":{"@id":"https:\/\/boutique-one-piece.com\/#website"},"primaryImageOfPage":{"@id":"https:\/\/boutique-one-piece.com\/decorations-one-piece\/tableaux-one-piece\/tableau-one-piece-barbe-blanche\/#primaryimage"},"image":{"@id":"https:\/\/boutique-one-piece.com\/decorations-one-piece\/tableaux-one-piece\/tableau-one-piece-barbe-blanche\/#primaryimage"},"thumbnailUrl":"https:\/\/boutique-one-piece.com\/wp-content\/uploads\/2022\/09\/Tableau-One-Piece-Barbe-Blanche.jpg","datePublished":"2022-09-27T21:02:29+00:00","dateModified":"2024-09-18T00:59:39+00:00","description":"Stampa su tela One Piece composta da 5 pannelli raffiguranti Edward Newgate, l&#039;ex imperatore - Alta qualit\u00e0. Se sei un fan dell&#039;universo dei pirati, questa stampa su tela a 5 pannelli \u00e8 perfetta per te!","breadcrumb":{"@id":"https:\/\/boutique-one-piece.com\/decorations-one-piece\/tableaux-one-piece\/tableau-one-piece-barbe-blanche\/#breadcrumb"},"inLanguage":"it-IT","potentialAction":[{"@type":"ReadAction","target":["https:\/\/boutique-one-piece.com\/decorations-one-piece\/tableaux-one-piece\/tableau-one-piece-barbe-blanche\/"]}]},{"@type":"ImageObject","inLanguage":"it-IT","@id":"https:\/\/boutique-one-piece.com\/decorations-one-piece\/tableaux-one-piece\/tableau-one-piece-barbe-blanche\/#primaryimage","url":"https:\/\/boutique-one-piece.com\/wp-content\/uploads\/2022\/09\/Tableau-One-Piece-Barbe-Blanche.jpg","contentUrl":"https:\/\/boutique-one-piece.com\/wp-content\/uploads\/2022\/09\/Tableau-One-Piece-Barbe-Blanche.jpg","width":1000,"height":988,"caption":"Tableau One Piece Barbe Blanche XL Avec Cadre"},{"@type":"BreadcrumbList","@id":"https:\/\/boutique-one-piece.com\/decorations-one-piece\/tableaux-one-piece\/tableau-one-piece-barbe-blanche\/#breadcrumb","itemListElement":[{"@type":"ListItem","position":1,"name":"Home","item":"https:\/\/boutique-one-piece.com\/"},{"@type":"ListItem","position":2,"name":"Shop","item":"https:\/\/boutique-one-piece.com\/shop\/"},{"@type":"ListItem","position":3,"name":"Tableau One Piece Barbe Blanche"}]},{"@type":"WebSite","@id":"https:\/\/boutique-one-piece.com\/#website","url":"https:\/\/boutique-one-piece.com\/","name":"Negozio One Piece","description":"Negozio specializzato in manga e anime di One Piece","publisher":{"@id":"https:\/\/boutique-one-piece.com\/#organization"},"potentialAction":[{"@type":"SearchAction","target":{"@type":"EntryPoint","urlTemplate":"https:\/\/boutique-one-piece.com\/?s={search_term_string}"},"query-input":{"@type":"PropertyValueSpecification","valueRequired":true,"valueName":"search_term_string"}}],"inLanguage":"it-IT"},{"@type":"Organization","@id":"https:\/\/boutique-one-piece.com\/#organization","name":"Negozio One Piece","url":"https:\/\/boutique-one-piece.com\/","logo":{"@type":"ImageObject","inLanguage":"it-IT","@id":"https:\/\/boutique-one-piece.com\/#\/schema\/logo\/image\/","url":"https:\/\/boutique-one-piece.com\/wp-content\/uploads\/2022\/09\/Logo-01.png","contentUrl":"https:\/\/boutique-one-piece.com\/wp-content\/uploads\/2022\/09\/Logo-01.png","width":2318,"height":957,"caption":"Boutique One Piece"},"image":{"@id":"https:\/\/boutique-one-piece.com\/#\/schema\/logo\/image\/"}}]}},"_links":{"self":[{"href":"https:\/\/boutique-one-piece.com\/it\/wp-json\/wp\/v2\/product\/13346","targetHints":{"allow":["GET"]}}],"collection":[{"href":"https:\/\/boutique-one-piece.com\/it\/wp-json\/wp\/v2\/product"}],"about":[{"href":"https:\/\/boutique-one-piece.com\/it\/wp-json\/wp\/v2\/types\/product"}],"replies":[{"embeddable":true,"href":"https:\/\/boutique-one-piece.com\/it\/wp-json\/wp\/v2\/comments?post=13346"}],"wp:featuredmedia":[{"embeddable":true,"href":"https:\/\/boutique-one-piece.com\/it\/wp-json\/wp\/v2\/media\/13348"}],"wp:attachment":[{"href":"https:\/\/boutique-one-piece.com\/it\/wp-json\/wp\/v2\/media?parent=13346"}],"wp:term":[{"taxonomy":"product_brand","embeddable":true,"href":"https:\/\/boutique-one-piece.com\/it\/wp-json\/wp\/v2\/product_brand?post=13346"},{"taxonomy":"product_cat","embeddable":true,"href":"https:\/\/boutique-one-piece.com\/it\/wp-json\/wp\/v2\/product_cat?post=13346"},{"taxonomy":"product_tag","embeddable":true,"href":"https:\/\/boutique-one-piece.com\/it\/wp-json\/wp\/v2\/product_tag?post=13346"}],"curies":[{"name":"parola chiave","href":"https:\/\/api.w.org\/{rel}","templated":true}]}}