{"id":13530,"date":"2022-09-27T21:20:53","date_gmt":"2022-09-27T21:20:53","guid":{"rendered":"https:\/\/boutique-one-piece.com\/uncategorized\/tableau-one-piece-luffy-gangster\/"},"modified":"2024-09-18T03:11:57","modified_gmt":"2024-09-18T03:11:57","slug":"dipinto-one-piece-rufy-gangster","status":"publish","type":"product","link":"https:\/\/boutique-one-piece.com\/it\/chicche-di-one-piece\/chicche-di-one-piece-di-roronoa-zoro\/dipinto-one-piece-rufy-gangster\/","title":{"rendered":"Dipinto di Rufy Gangster di One Piece"},"content":{"rendered":"<h2>Stampa su tela a 5 pannelli di One Piece raffigurante la ciurma di Cappello di Paglia nei panni di mafiosi. Una stampa su tela di qualit\u00e0 per un pirata come te!<\/h2>\n<p>Se sei un\u00a0<strong>vero pirata<\/strong>, Apprezzerai il\u00a0<strong>qualit\u00e0<\/strong>\u00a0tela, vernice e una cornice per i loro\u00a0<strong>disegni\u00a0<\/strong>E\u00a0<strong>Stampa 3D su tela<\/strong>\u00a0di questo\u00a0<strong>Dipinto One Piece a 5 pannelli<\/strong>\u00a0Ma la cosa pi\u00f9 importante \u00e8 che con questo grafico farai parte di\u00a0<strong>la troupe dei fan<\/strong>\u00a0Di\u00a0<strong>manga pirata<\/strong>\u00a0e otterrai:<\/p>\n<ul>\n<li>\u00a0<strong>Ammirazione<\/strong>\u00a0di tutti i fan di\u00a0<strong>mugiwara<\/strong>\u00a0che inviterai a casa tua<\/li>\n<\/ul>\n<ul>\n<li>Un vero\u00a0<strong>Tabella stampata da 5 pezzi<\/strong>\u00a0con cui puoi<strong>\u00a0immaginare <\/strong>In <strong>mafia<\/strong>\u00a0con\u00a0<strong>la ciurma di Cappello di Paglia<\/strong>\n<\/li>\n<\/ul>\n<p>Quindi, pronto a mostrare il\u00a0<strong>colori <\/strong>Di<strong><\/strong>s<b>\u00a0Mugiwara<\/b>\u00a0?<\/p>\n<h2>Sei un fan del manga o dell&#039;anime One Piece? Mostralo con questa stampa su tela composta da 5 pezzi!<\/h2>\n<p>Se tu\u00a0<strong>Leggere<\/strong>\u00a0o ovunque tu guardi\u00a0<strong>l&#039;anime\u00a0<\/strong><strong>giapponese<\/strong>, Ci sono buone probabilit\u00e0 che tu sia diventato\u00a0<strong>pazzo di One Piece<\/strong>\u00a0Con questo!\u00a0<strong>Dipinto a 5 pannelli Luffy Gangster<\/strong>, unisciti al\u2019<strong>gruppo di fan del franchise<\/strong><\/p>\n<p>Questo\u00a0<strong>pittura<\/strong>\u00a0\u00e8 disponibile con un\u00a0<strong>cornice di legno<\/strong>\u00a0la variante &quot;\u00ab\u00a0<strong>Con cornice<\/strong>\u00ab&quot;\u00c8 anche possibile avere solo il\u00a0<strong>stoffa<\/strong>\u00a0con la variante &quot;\u00ab\u00a0<strong>Senza cornice<\/strong>\u00ab&quot;Troverai la tabella nelle misure\u00a0<strong>Poco<\/strong>,<strong>\u00a0MEDIA<\/strong>,<strong>\u00a0Grande<\/strong>,<strong>\u00a0XL<\/strong>, Si adatta a tutti i tipi di pirati, anche se non hai\u00a0<strong>spada<\/strong>\u00a0O\u00a0<strong>frutto del diavolo<\/strong>\u00a0puoi ancora appenderlo con orgoglio a casa<\/p>\n<p>Su questo <strong>dipinto in cinque pezzi<\/strong>, puoi vedere <strong>Rufy<\/strong>, <strong>Zoro<\/strong>, <strong>Nami<\/strong>, <strong>Sanji<\/strong>, <strong>Pettirosso<\/strong>, <strong>Chopper<\/strong>, <strong>Franky<\/strong>, <strong>Brook<\/strong> E <strong>Usop<\/strong> che sono vestiti in <strong>Mafiosi<\/strong> e armati fino ai denti.<\/p>\n<h2>Informazioni sul dipinto:<\/h2>\n<ul>\n<li>\n<strong>Tela stampata di alta qualit\u00e0\u00a0<\/strong>: tela da parete realizzata in <strong>cotone<\/strong> E <strong>biancheria<\/strong>, per ottenere un <strong>stoffa<\/strong> degno di questo nome<\/li>\n<\/ul>\n<ul>\n<li>\n<strong>Pittura Ultra Design<\/strong>\u00a0La tabella in cinque parti fornisce molto <strong>stile<\/strong> a un <strong>pezzo<\/strong>, I fan non possono fare a meno di amarlo<\/li>\n<\/ul>\n<ul style=\"font-weight: 400\">\n<li>\n<strong>Colore e stampa\u00a0<\/strong>Dipinto di One Piece con una stampa <strong>Canva<\/strong> il punto di riferimento nella stampa su tela<\/li>\n<\/ul>\n<ul style=\"font-weight: 400\">\n<li>\n<strong>Arte murale leggera<\/strong>\u00a0: ottima ambientazione <strong>leggero,<\/strong> tutto ci\u00f2 che serve \u00e8 uno <strong>chiodo<\/strong> o del <strong>gamba fissa<\/strong> per il <strong>mantenere<\/strong> A <strong>parete<\/strong>\n<\/li>\n<\/ul>\n<ul style=\"font-weight: 400\">\n<li>\n<strong>Telaio in legno<\/strong>\u00a0: la variante &quot;\u00ab\u00a0<strong>Con cornice<\/strong>\u00a0\u00bb \u00e8 accompagnato da un <strong>cornice di legno<\/strong> e la versione &quot;\u00ab\u00a0<strong>Senza cornice<\/strong>\u00a0\u00bb viene consegnato <strong>senza la cornice di legno<\/strong>\n<\/li>\n<\/ul>\n<ul style=\"font-weight: 400\">\n<li>\n<strong>Consegna gratuita\u00a0<\/strong>per qualsiasi acquisto<strong>\u00a0<\/strong>\n<\/li>\n<\/ul>\n<h3>Non dimenticare di dare un&#039;occhiata alla guida alle taglie qui sotto.<\/h3>\n<h2>\n<strong style=\"font-size: 15px\">Dipinto One Piece 5 pezzi<\/strong><span style=\"font-size: 15px\">,<\/span><strong style=\"font-size: 15px\"> <\/strong><span style=\"font-size: 15px\">Misurare<\/span><strong style=\"font-size: 15px\"> <\/strong><span style=\"font-size: 15px\">: <\/span><strong style=\"font-size: 15px\">Poco<\/strong><br \/>\n<\/h2>\n<p>\u00a0<img decoding=\"async\" src=\"https:\/\/cdn.shopify.com\/s\/files\/1\/0087\/7556\/5348\/files\/guide_taille_tableau_one_piece_petit_boutique_one_piece_large.jpg?v=1560247451\" alt=\"Guida alle taglie One Piece 5 pezzi (piccola)\"><\/p>\n<p><strong>Dipinto One Piece 5 pezzi<\/strong>, Misurare<strong> <\/strong>:<strong> MEDIA<\/strong><\/p>\n<p>\u00a0<img decoding=\"async\" src=\"https:\/\/cdn.shopify.com\/s\/files\/1\/0087\/7556\/5348\/files\/guide_taille_tableau_one_piece_moyen_boutique_one_piece_large.jpg?v=1560247519\" alt=\"guida alle taglie un pezzo 5 pezzi Medio\"><\/p>\n<p><strong>Dipinto One Piece 5 pezzi<\/strong>, Misurare<strong> <\/strong>: <strong>Grande<\/strong><\/p>\n<p>\u00a0<img decoding=\"async\" src=\"https:\/\/cdn.shopify.com\/s\/files\/1\/0087\/7556\/5348\/files\/guide_taille_tableau_one_piece_grand_boutique_one_piece_large.jpg?v=1560247582\" alt=\"Tabella delle taglie One Piece 5 pezzi (grande)\"><\/p>\n<p><strong>Dipinto One Piece 5 pezzi<\/strong>, Misurare: <strong>XL<\/strong><\/p>\n<p><img decoding=\"async\" src=\"https:\/\/cdn.shopify.com\/s\/files\/1\/0087\/7556\/5348\/files\/guide_taille_tableau_one_piece_xl_boutique_one_piece_large.jpg?v=1560247610\" alt=\"Tabella delle taglie One Piece 5 pezzi XL\"><\/p>","protected":false},"excerpt":{"rendered":"<p>Tableau One Piece 5 Panneaux avec L&rsquo;\u00c9quipage du Chapeau de Paille en Mafieux, Un Tableau de qualit\u00e9 pour un pirate comme\u00a0toi\u00a0! Si tu es un\u00a0v\u00e9ritable pirate, tu sauras appr\u00e9cier la\u00a0qualit\u00e9\u00a0de la toile, de la peinture et du cadre\u00a0pour leurs\u00a0conceptions\u00a0et\u00a0l&rsquo;impression 3D Canvas\u00a0de ce\u00a0tableau 5 panneaux\u00a0One Piece\u00a0!\u00a0Mais le plus important, avec ce\u00a0tableau\u00a0c\u0092est que tu\u00a0feras partie de\u00a0l&rsquo;\u00e9quipage\u00a0des fans\u00a0du\u00a0manga [&hellip;]<\/p>","protected":false},"featured_media":18200,"comment_status":"open","ping_status":"open","template":"","meta":[],"product_brand":[],"product_cat":[157,153,198,151,163,155,164,141],"product_tag":[158,165,129,92,154,205,112,142,143,144,113],"class_list":{"0":"post-13530","1":"product","2":"type-product","3":"status-publish","4":"has-post-thumbnail","6":"product_cat-goodies-brook-one-piece","7":"product_cat-goodies-nami-one-piece","8":"product_cat-goodies-nico-robin-one-piece","9":"product_cat-goodies-roronoa-zoro-one-piece","10":"product_cat-goodies-tony-tony-chopper-one-piece","11":"product_cat-goodies-usopp-one-piece","12":"product_cat-goodies-vinsmoke-sanji-one-piece","13":"product_cat-tableaux-one-piece","14":"product_tag-brook","15":"product_tag-chopper","16":"product_tag-franky","17":"product_tag-luffy","18":"product_tag-nami","19":"product_tag-robin","20":"product_tag-sanji","21":"product_tag-tableau-5-pieces","22":"product_tag-toile","23":"product_tag-usopp","24":"product_tag-zoro","26":"first","27":"instock","28":"purchasable","29":"product-type-variable"},"yoast_head":"<!-- This site is optimized with the Yoast SEO plugin v27.5 - https:\/\/yoast.com\/product\/yoast-seo-wordpress\/ -->\n<title>Tableau Cinq Pi\u00e8ces Luffy Gangster | Boutique One Piece<\/title>\n<meta name=\"description\" content=\"Tableau 5 Pi\u00e8ces One Piece avec Les Mugiwara Mode Gangster, Arm\u00e9s jusqu&#039;aux Dents Tr\u00e8s Haute Qualit\u00e9 Fan du Manga de Pirates ce Tableau 5 Panneaux est Pour Vous\" \/>\n<meta name=\"robots\" content=\"index, follow, max-snippet:-1, max-image-preview:large, max-video-preview:-1\" \/>\n<link rel=\"canonical\" href=\"https:\/\/boutique-one-piece.com\/it\/chicche-di-one-piece\/merchandising-di-nico-robin-one-piece\/dipinto-one-piece-rufy-gangster\/\" \/>\n<meta property=\"og:locale\" content=\"it_IT\" \/>\n<meta property=\"og:type\" content=\"article\" \/>\n<meta property=\"og:title\" content=\"Tableau Cinq Pi\u00e8ces Luffy Gangster | Boutique One Piece\" \/>\n<meta property=\"og:description\" content=\"Tableau 5 Pi\u00e8ces One Piece avec Les Mugiwara Mode Gangster, Arm\u00e9s jusqu&#039;aux Dents Tr\u00e8s Haute Qualit\u00e9 Fan du Manga de Pirates ce Tableau 5 Panneaux est Pour Vous\" \/>\n<meta property=\"og:url\" content=\"https:\/\/boutique-one-piece.com\/it\/chicche-di-one-piece\/merchandising-di-nico-robin-one-piece\/dipinto-one-piece-rufy-gangster\/\" \/>\n<meta property=\"og:site_name\" content=\"Boutique One Piece\" \/>\n<meta property=\"article:modified_time\" content=\"2024-09-18T03:11:57+00:00\" \/>\n<meta property=\"og:image\" content=\"https:\/\/boutique-one-piece.com\/wp-content\/uploads\/2022\/09\/tableau-one-piece-luffy-gangster-28467633848356.jpg\" \/>\n\t<meta property=\"og:image:width\" content=\"600\" \/>\n\t<meta property=\"og:image:height\" content=\"600\" \/>\n\t<meta property=\"og:image:type\" content=\"image\/jpeg\" \/>\n<meta name=\"twitter:card\" content=\"summary_large_image\" \/>\n<meta name=\"twitter:label1\" content=\"Tempo di lettura stimato\" \/>\n\t<meta name=\"twitter:data1\" content=\"4 minuti\" \/>\n<script type=\"application\/ld+json\" class=\"yoast-schema-graph\">{\"@context\":\"https:\\\/\\\/schema.org\",\"@graph\":[{\"@type\":\"WebPage\",\"@id\":\"https:\\\/\\\/boutique-one-piece.com\\\/goodies-one-piece\\\/goodies-nico-robin-one-piece\\\/tableau-one-piece-luffy-gangster\\\/\",\"url\":\"https:\\\/\\\/boutique-one-piece.com\\\/goodies-one-piece\\\/goodies-nico-robin-one-piece\\\/tableau-one-piece-luffy-gangster\\\/\",\"name\":\"Tableau Cinq Pi\u00e8ces Luffy Gangster | Boutique One Piece\",\"isPartOf\":{\"@id\":\"https:\\\/\\\/boutique-one-piece.com\\\/#website\"},\"primaryImageOfPage\":{\"@id\":\"https:\\\/\\\/boutique-one-piece.com\\\/goodies-one-piece\\\/goodies-nico-robin-one-piece\\\/tableau-one-piece-luffy-gangster\\\/#primaryimage\"},\"image\":{\"@id\":\"https:\\\/\\\/boutique-one-piece.com\\\/goodies-one-piece\\\/goodies-nico-robin-one-piece\\\/tableau-one-piece-luffy-gangster\\\/#primaryimage\"},\"thumbnailUrl\":\"https:\\\/\\\/boutique-one-piece.com\\\/wp-content\\\/uploads\\\/2022\\\/09\\\/tableau-one-piece-luffy-gangster-28467633848356.jpg\",\"datePublished\":\"2022-09-27T21:20:53+00:00\",\"dateModified\":\"2024-09-18T03:11:57+00:00\",\"description\":\"Tableau 5 Pi\u00e8ces One Piece avec Les Mugiwara Mode Gangster, Arm\u00e9s jusqu'aux Dents Tr\u00e8s Haute Qualit\u00e9 Fan du Manga de Pirates ce Tableau 5 Panneaux est Pour Vous\",\"breadcrumb\":{\"@id\":\"https:\\\/\\\/boutique-one-piece.com\\\/goodies-one-piece\\\/goodies-nico-robin-one-piece\\\/tableau-one-piece-luffy-gangster\\\/#breadcrumb\"},\"inLanguage\":\"it-IT\",\"potentialAction\":[{\"@type\":\"ReadAction\",\"target\":[\"https:\\\/\\\/boutique-one-piece.com\\\/goodies-one-piece\\\/goodies-nico-robin-one-piece\\\/tableau-one-piece-luffy-gangster\\\/\"]}]},{\"@type\":\"ImageObject\",\"inLanguage\":\"it-IT\",\"@id\":\"https:\\\/\\\/boutique-one-piece.com\\\/goodies-one-piece\\\/goodies-nico-robin-one-piece\\\/tableau-one-piece-luffy-gangster\\\/#primaryimage\",\"url\":\"https:\\\/\\\/boutique-one-piece.com\\\/wp-content\\\/uploads\\\/2022\\\/09\\\/tableau-one-piece-luffy-gangster-28467633848356.jpg\",\"contentUrl\":\"https:\\\/\\\/boutique-one-piece.com\\\/wp-content\\\/uploads\\\/2022\\\/09\\\/tableau-one-piece-luffy-gangster-28467633848356.jpg\",\"width\":600,\"height\":600},{\"@type\":\"BreadcrumbList\",\"@id\":\"https:\\\/\\\/boutique-one-piece.com\\\/goodies-one-piece\\\/goodies-nico-robin-one-piece\\\/tableau-one-piece-luffy-gangster\\\/#breadcrumb\",\"itemListElement\":[{\"@type\":\"ListItem\",\"position\":1,\"name\":\"Home\",\"item\":\"https:\\\/\\\/boutique-one-piece.com\\\/\"},{\"@type\":\"ListItem\",\"position\":2,\"name\":\"Shop\",\"item\":\"https:\\\/\\\/boutique-one-piece.com\\\/shop\\\/\"},{\"@type\":\"ListItem\",\"position\":3,\"name\":\"Tableau One Piece Luffy Gangster\"}]},{\"@type\":\"WebSite\",\"@id\":\"https:\\\/\\\/boutique-one-piece.com\\\/#website\",\"url\":\"https:\\\/\\\/boutique-one-piece.com\\\/\",\"name\":\"Boutique One Piece\",\"description\":\"Magasin Sp\u00e9cialis\u00e9 du Manga et l&#039;Anime One Piece\",\"publisher\":{\"@id\":\"https:\\\/\\\/boutique-one-piece.com\\\/#organization\"},\"potentialAction\":[{\"@type\":\"SearchAction\",\"target\":{\"@type\":\"EntryPoint\",\"urlTemplate\":\"https:\\\/\\\/boutique-one-piece.com\\\/?s={search_term_string}\"},\"query-input\":{\"@type\":\"PropertyValueSpecification\",\"valueRequired\":true,\"valueName\":\"search_term_string\"}}],\"inLanguage\":\"it-IT\"},{\"@type\":\"Organization\",\"@id\":\"https:\\\/\\\/boutique-one-piece.com\\\/#organization\",\"name\":\"Boutique One Piece\",\"url\":\"https:\\\/\\\/boutique-one-piece.com\\\/\",\"logo\":{\"@type\":\"ImageObject\",\"inLanguage\":\"it-IT\",\"@id\":\"https:\\\/\\\/boutique-one-piece.com\\\/#\\\/schema\\\/logo\\\/image\\\/\",\"url\":\"https:\\\/\\\/boutique-one-piece.com\\\/wp-content\\\/uploads\\\/2022\\\/09\\\/Logo-01.png\",\"contentUrl\":\"https:\\\/\\\/boutique-one-piece.com\\\/wp-content\\\/uploads\\\/2022\\\/09\\\/Logo-01.png\",\"width\":2318,\"height\":957,\"caption\":\"Boutique One Piece\"},\"image\":{\"@id\":\"https:\\\/\\\/boutique-one-piece.com\\\/#\\\/schema\\\/logo\\\/image\\\/\"}}]}<\/script>\n<!-- \/ Yoast SEO plugin. -->","yoast_head_json":{"title":"Dipinto di Rufy Gangster in cinque pezzi | One Piece Shop","description":"Stampa su tela One Piece composta da 5 pezzi raffiguranti i Pirati di Cappello di Paglia in modalit\u00e0 gangster, armati fino ai denti. Altissima qualit\u00e0. Appassionati del manga sui pirati, questa stampa su tela a 5 pannelli \u00e8 perfetta per voi!","robots":{"index":"index","follow":"follow","max-snippet":"max-snippet:-1","max-image-preview":"max-image-preview:large","max-video-preview":"max-video-preview:-1"},"canonical":"https:\/\/boutique-one-piece.com\/it\/chicche-di-one-piece\/merchandising-di-nico-robin-one-piece\/dipinto-one-piece-rufy-gangster\/","og_locale":"it_IT","og_type":"article","og_title":"Tableau Cinq Pi\u00e8ces Luffy Gangster | Boutique One Piece","og_description":"Tableau 5 Pi\u00e8ces One Piece avec Les Mugiwara Mode Gangster, Arm\u00e9s jusqu'aux Dents Tr\u00e8s Haute Qualit\u00e9 Fan du Manga de Pirates ce Tableau 5 Panneaux est Pour Vous","og_url":"https:\/\/boutique-one-piece.com\/it\/chicche-di-one-piece\/merchandising-di-nico-robin-one-piece\/dipinto-one-piece-rufy-gangster\/","og_site_name":"Boutique One Piece","article_modified_time":"2024-09-18T03:11:57+00:00","og_image":[{"width":600,"height":600,"url":"https:\/\/boutique-one-piece.com\/wp-content\/uploads\/2022\/09\/tableau-one-piece-luffy-gangster-28467633848356.jpg","type":"image\/jpeg"}],"twitter_card":"summary_large_image","twitter_misc":{"Tempo di lettura stimato":"4 minuti"},"schema":{"@context":"https:\/\/schema.org","@graph":[{"@type":"WebPage","@id":"https:\/\/boutique-one-piece.com\/goodies-one-piece\/goodies-nico-robin-one-piece\/tableau-one-piece-luffy-gangster\/","url":"https:\/\/boutique-one-piece.com\/goodies-one-piece\/goodies-nico-robin-one-piece\/tableau-one-piece-luffy-gangster\/","name":"Dipinto di Rufy Gangster in cinque pezzi | One Piece Shop","isPartOf":{"@id":"https:\/\/boutique-one-piece.com\/#website"},"primaryImageOfPage":{"@id":"https:\/\/boutique-one-piece.com\/goodies-one-piece\/goodies-nico-robin-one-piece\/tableau-one-piece-luffy-gangster\/#primaryimage"},"image":{"@id":"https:\/\/boutique-one-piece.com\/goodies-one-piece\/goodies-nico-robin-one-piece\/tableau-one-piece-luffy-gangster\/#primaryimage"},"thumbnailUrl":"https:\/\/boutique-one-piece.com\/wp-content\/uploads\/2022\/09\/tableau-one-piece-luffy-gangster-28467633848356.jpg","datePublished":"2022-09-27T21:20:53+00:00","dateModified":"2024-09-18T03:11:57+00:00","description":"Stampa su tela One Piece composta da 5 pezzi raffiguranti i Pirati di Cappello di Paglia in modalit\u00e0 gangster, armati fino ai denti. Altissima qualit\u00e0. Appassionati del manga sui pirati, questa stampa su tela a 5 pannelli \u00e8 perfetta per voi!","breadcrumb":{"@id":"https:\/\/boutique-one-piece.com\/goodies-one-piece\/goodies-nico-robin-one-piece\/tableau-one-piece-luffy-gangster\/#breadcrumb"},"inLanguage":"it-IT","potentialAction":[{"@type":"ReadAction","target":["https:\/\/boutique-one-piece.com\/goodies-one-piece\/goodies-nico-robin-one-piece\/tableau-one-piece-luffy-gangster\/"]}]},{"@type":"ImageObject","inLanguage":"it-IT","@id":"https:\/\/boutique-one-piece.com\/goodies-one-piece\/goodies-nico-robin-one-piece\/tableau-one-piece-luffy-gangster\/#primaryimage","url":"https:\/\/boutique-one-piece.com\/wp-content\/uploads\/2022\/09\/tableau-one-piece-luffy-gangster-28467633848356.jpg","contentUrl":"https:\/\/boutique-one-piece.com\/wp-content\/uploads\/2022\/09\/tableau-one-piece-luffy-gangster-28467633848356.jpg","width":600,"height":600},{"@type":"BreadcrumbList","@id":"https:\/\/boutique-one-piece.com\/goodies-one-piece\/goodies-nico-robin-one-piece\/tableau-one-piece-luffy-gangster\/#breadcrumb","itemListElement":[{"@type":"ListItem","position":1,"name":"Home","item":"https:\/\/boutique-one-piece.com\/"},{"@type":"ListItem","position":2,"name":"Shop","item":"https:\/\/boutique-one-piece.com\/shop\/"},{"@type":"ListItem","position":3,"name":"Tableau One Piece Luffy Gangster"}]},{"@type":"WebSite","@id":"https:\/\/boutique-one-piece.com\/#website","url":"https:\/\/boutique-one-piece.com\/","name":"Negozio One Piece","description":"Negozio specializzato in manga e anime di One Piece","publisher":{"@id":"https:\/\/boutique-one-piece.com\/#organization"},"potentialAction":[{"@type":"SearchAction","target":{"@type":"EntryPoint","urlTemplate":"https:\/\/boutique-one-piece.com\/?s={search_term_string}"},"query-input":{"@type":"PropertyValueSpecification","valueRequired":true,"valueName":"search_term_string"}}],"inLanguage":"it-IT"},{"@type":"Organization","@id":"https:\/\/boutique-one-piece.com\/#organization","name":"Negozio One Piece","url":"https:\/\/boutique-one-piece.com\/","logo":{"@type":"ImageObject","inLanguage":"it-IT","@id":"https:\/\/boutique-one-piece.com\/#\/schema\/logo\/image\/","url":"https:\/\/boutique-one-piece.com\/wp-content\/uploads\/2022\/09\/Logo-01.png","contentUrl":"https:\/\/boutique-one-piece.com\/wp-content\/uploads\/2022\/09\/Logo-01.png","width":2318,"height":957,"caption":"Boutique One Piece"},"image":{"@id":"https:\/\/boutique-one-piece.com\/#\/schema\/logo\/image\/"}}]}},"_links":{"self":[{"href":"https:\/\/boutique-one-piece.com\/it\/wp-json\/wp\/v2\/product\/13530","targetHints":{"allow":["GET"]}}],"collection":[{"href":"https:\/\/boutique-one-piece.com\/it\/wp-json\/wp\/v2\/product"}],"about":[{"href":"https:\/\/boutique-one-piece.com\/it\/wp-json\/wp\/v2\/types\/product"}],"replies":[{"embeddable":true,"href":"https:\/\/boutique-one-piece.com\/it\/wp-json\/wp\/v2\/comments?post=13530"}],"wp:featuredmedia":[{"embeddable":true,"href":"https:\/\/boutique-one-piece.com\/it\/wp-json\/wp\/v2\/media\/18200"}],"wp:attachment":[{"href":"https:\/\/boutique-one-piece.com\/it\/wp-json\/wp\/v2\/media?parent=13530"}],"wp:term":[{"taxonomy":"product_brand","embeddable":true,"href":"https:\/\/boutique-one-piece.com\/it\/wp-json\/wp\/v2\/product_brand?post=13530"},{"taxonomy":"product_cat","embeddable":true,"href":"https:\/\/boutique-one-piece.com\/it\/wp-json\/wp\/v2\/product_cat?post=13530"},{"taxonomy":"product_tag","embeddable":true,"href":"https:\/\/boutique-one-piece.com\/it\/wp-json\/wp\/v2\/product_tag?post=13530"}],"curies":[{"name":"parola chiave","href":"https:\/\/api.w.org\/{rel}","templated":true}]}}