{"id":13549,"date":"2022-09-27T21:21:16","date_gmt":"2022-09-27T21:21:16","guid":{"rendered":"https:\/\/boutique-one-piece.com\/uncategorized\/figurine-one-piece-ace-accroupi\/"},"modified":"2024-09-16T13:18:32","modified_gmt":"2024-09-16T13:18:32","slug":"figurina-accovacciata-di-one-piece-ace","status":"publish","type":"product","link":"https:\/\/boutique-one-piece.com\/it\/figurine-di-one-piece\/figurine-portoghesi-dace\/figurina-accovacciata-di-one-piece-ace\/","title":{"rendered":"Figura accovacciata di Ace di One Piece"},"content":{"rendered":"<h2>Giovane allenatore, \u00e8 giunto il momento di procurarti questa statuetta di One Piece Crouching Ace.<\/h2>\n<p>Ecco cosa devi sapere su <strong>Ace<\/strong> ; m\u00eame s\u2019ils ne sont pas du m\u00eame sang, Luffy et Ace se consid\u00e8rent comme de vrais fr\u00e8res. Ils ont \u00e9chang\u00e9, avec Sabo, une coupe de sak\u00e9 pour symboliser <strong>la loro fratellanza<\/strong>. D\u00e9j\u00e0 enfant, Ace battait toujours Luffy quand ils se bagarraient, alors qu\u2019il n\u2019avait aucun pouvoir \u00e0 cette \u00e9poque tandis que Luffy, lui, avait d\u00e9j\u00e0 mang\u00e9 le Gomu Gomu no Mi, ce qui prouve ses \u00e9normes aptitudes au combat.<\/p>\n<p>Cependant, apr\u00e8s l\u2019ellipse, Luffy a beaucoup progress\u00e9, mais reste loin du niveau de son grand fr\u00e8re. Enfin, Ace a \u00e9t\u00e9 tu\u00e9 par l\u2019Amiral Akainu en voulant prot\u00e9ger Luffy durant l\u2019Arc Marineford. D\u2019ailleurs, la <a title=\"FIGURINA ONE PIECE MONKEY D LUFFY RE DEI PIRATI\" href=\"https:\/\/boutique-one-piece.com\/it\/figurina-one-piece-monkey-d-luffy-re-dei-pirati\/\" target=\"_blank\" rel=\"noopener\">Figurina di Monkey D. Rufy<\/a> \u00e8 alla tua portata.<\/p>\n<h3>Alors, conquis par la figurine de Ace ? N\u2019h\u00e9site plus et saisis cette opportunit\u00e9 de rencontrer ce brave Ace. Deviens un combattant aussi agile et puissante que lui.<\/h3>\n<p>Che tu sia un fan sfegatato o un collezionista esperto, questi oggetti iconici sono sicuramente ci\u00f2 che fa per te. Perfetti come regalo, da collezionare o da decorare, questi oggetti arricchiranno la tua collezione. <strong>il tuo universo One Piece<\/strong>. N\u2019attends plus une seconde et embraque \u00e0 bord du <strong>Mille Sunny<\/strong>, bien des aventures t\u2019y attendent !<\/p>\n<h2>Informazioni sulla statuetta di Ace accovacciato\u00a0<\/h2>\n<ul>\n<li><span><b><u>Figurina di One Piece<\/u><\/b>\u00a0: Figurine\u00a0 premium de l\u2019univers One Piece pour les vrais pirates<\/span><\/li>\n<\/ul>\n<ul>\n<li>\n<b>Questione<\/b><span>\u00a0<\/span>PVC<\/li>\n<\/ul>\n<ul>\n<li><span><strong>Dimensione<\/strong>\u00a0: 15 centimetri<\/span><\/li>\n<\/ul>\n<ul>\n<li><span><strong>CONSEGNA GRATUITA<\/strong><\/span><\/li>\n<\/ul>","protected":false},"excerpt":{"rendered":"<p>Jeune dresseur, le moment est venu pour toi de te procurer cette Figurine One Piece Ace Accroupi. Voici ce que tu dois savoir au sujet de Ace ; m\u00eame s\u2019ils ne sont pas du m\u00eame sang, Luffy et Ace se consid\u00e8rent comme de vrais fr\u00e8res. Ils ont \u00e9chang\u00e9, avec Sabo, une coupe de sak\u00e9 pour [&hellip;]<\/p>","protected":false},"featured_media":13551,"comment_status":"open","ping_status":"open","template":"","meta":[],"product_brand":[],"product_cat":[76,179],"product_tag":[176],"class_list":{"0":"post-13549","1":"product","2":"type-product","3":"status-publish","4":"has-post-thumbnail","6":"product_cat-figurines-one-piece","7":"product_cat-figurines-portgas-d-ace","8":"product_tag-ace","10":"first","11":"instock","12":"purchasable","13":"product-type-simple"},"yoast_head":"<!-- This site is optimized with the Yoast SEO plugin v27.5 - https:\/\/yoast.com\/product\/yoast-seo-wordpress\/ -->\n<title>Figurine One Piece Ace Accroupi | Figurine One Piece \u2013 Boutique One Piece<\/title>\n<meta name=\"description\" content=\"Jeune dresseur, le moment est venu pour toi de te procurer cette Figurine One Piece Ace Accroupi. Voici ce que tu dois savoir au sujet de Ace ; m\u00eame s&#039;ils ne sont pas du m\u00eame sang, Luffy et Ace se consid\u00e8rent comme de vrais fr\u00e8res. Ils ont \u00e9chang\u00e9, avec Sabo, une coupe de sak\u00e9 pour symboliser leur fraternit\u00e9. D\u00e9j\u00e0 enfa\" \/>\n<meta name=\"robots\" content=\"index, follow, max-snippet:-1, max-image-preview:large, max-video-preview:-1\" \/>\n<link rel=\"canonical\" href=\"https:\/\/boutique-one-piece.com\/it\/figurine-di-one-piece\/figurine-portoghesi-dace\/figurina-accovacciata-di-one-piece-ace\/\" \/>\n<meta property=\"og:locale\" content=\"it_IT\" \/>\n<meta property=\"og:type\" content=\"article\" \/>\n<meta property=\"og:title\" content=\"Figurine One Piece Ace Accroupi | Figurine One Piece \u2013 Boutique One Piece\" \/>\n<meta property=\"og:description\" content=\"Jeune dresseur, le moment est venu pour toi de te procurer cette Figurine One Piece Ace Accroupi. Voici ce que tu dois savoir au sujet de Ace ; m\u00eame s&#039;ils ne sont pas du m\u00eame sang, Luffy et Ace se consid\u00e8rent comme de vrais fr\u00e8res. Ils ont \u00e9chang\u00e9, avec Sabo, une coupe de sak\u00e9 pour symboliser leur fraternit\u00e9. D\u00e9j\u00e0 enfa\" \/>\n<meta property=\"og:url\" content=\"https:\/\/boutique-one-piece.com\/it\/figurine-di-one-piece\/figurine-portoghesi-dace\/figurina-accovacciata-di-one-piece-ace\/\" \/>\n<meta property=\"og:site_name\" content=\"Boutique One Piece\" \/>\n<meta property=\"article:modified_time\" content=\"2024-09-16T13:18:32+00:00\" \/>\n<meta property=\"og:image\" content=\"https:\/\/boutique-one-piece.com\/wp-content\/uploads\/2022\/09\/Figurine-One-Piece-Ace-Accroupi-1.jpg\" \/>\n\t<meta property=\"og:image:width\" content=\"776\" \/>\n\t<meta property=\"og:image:height\" content=\"721\" \/>\n\t<meta property=\"og:image:type\" content=\"image\/jpeg\" \/>\n<meta name=\"twitter:card\" content=\"summary_large_image\" \/>\n<meta name=\"twitter:label1\" content=\"Tempo di lettura stimato\" \/>\n\t<meta name=\"twitter:data1\" content=\"1 minuto\" \/>\n<script type=\"application\/ld+json\" class=\"yoast-schema-graph\">{\"@context\":\"https:\\\/\\\/schema.org\",\"@graph\":[{\"@type\":\"WebPage\",\"@id\":\"https:\\\/\\\/boutique-one-piece.com\\\/figurines-one-piece\\\/figurines-portgas-d-ace\\\/figurine-one-piece-ace-accroupi\\\/\",\"url\":\"https:\\\/\\\/boutique-one-piece.com\\\/figurines-one-piece\\\/figurines-portgas-d-ace\\\/figurine-one-piece-ace-accroupi\\\/\",\"name\":\"Figurine One Piece Ace Accroupi | Figurine One Piece \u2013 Boutique One Piece\",\"isPartOf\":{\"@id\":\"https:\\\/\\\/boutique-one-piece.com\\\/#website\"},\"primaryImageOfPage\":{\"@id\":\"https:\\\/\\\/boutique-one-piece.com\\\/figurines-one-piece\\\/figurines-portgas-d-ace\\\/figurine-one-piece-ace-accroupi\\\/#primaryimage\"},\"image\":{\"@id\":\"https:\\\/\\\/boutique-one-piece.com\\\/figurines-one-piece\\\/figurines-portgas-d-ace\\\/figurine-one-piece-ace-accroupi\\\/#primaryimage\"},\"thumbnailUrl\":\"https:\\\/\\\/boutique-one-piece.com\\\/wp-content\\\/uploads\\\/2022\\\/09\\\/Figurine-One-Piece-Ace-Accroupi-1.jpg\",\"datePublished\":\"2022-09-27T21:21:16+00:00\",\"dateModified\":\"2024-09-16T13:18:32+00:00\",\"description\":\"Jeune dresseur, le moment est venu pour toi de te procurer cette Figurine One Piece Ace Accroupi. Voici ce que tu dois savoir au sujet de Ace ; m\u00eame s'ils ne sont pas du m\u00eame sang, Luffy et Ace se consid\u00e8rent comme de vrais fr\u00e8res. Ils ont \u00e9chang\u00e9, avec Sabo, une coupe de sak\u00e9 pour symboliser leur fraternit\u00e9. D\u00e9j\u00e0 enfa\",\"breadcrumb\":{\"@id\":\"https:\\\/\\\/boutique-one-piece.com\\\/figurines-one-piece\\\/figurines-portgas-d-ace\\\/figurine-one-piece-ace-accroupi\\\/#breadcrumb\"},\"inLanguage\":\"it-IT\",\"potentialAction\":[{\"@type\":\"ReadAction\",\"target\":[\"https:\\\/\\\/boutique-one-piece.com\\\/figurines-one-piece\\\/figurines-portgas-d-ace\\\/figurine-one-piece-ace-accroupi\\\/\"]}]},{\"@type\":\"ImageObject\",\"inLanguage\":\"it-IT\",\"@id\":\"https:\\\/\\\/boutique-one-piece.com\\\/figurines-one-piece\\\/figurines-portgas-d-ace\\\/figurine-one-piece-ace-accroupi\\\/#primaryimage\",\"url\":\"https:\\\/\\\/boutique-one-piece.com\\\/wp-content\\\/uploads\\\/2022\\\/09\\\/Figurine-One-Piece-Ace-Accroupi-1.jpg\",\"contentUrl\":\"https:\\\/\\\/boutique-one-piece.com\\\/wp-content\\\/uploads\\\/2022\\\/09\\\/Figurine-One-Piece-Ace-Accroupi-1.jpg\",\"width\":776,\"height\":721},{\"@type\":\"BreadcrumbList\",\"@id\":\"https:\\\/\\\/boutique-one-piece.com\\\/figurines-one-piece\\\/figurines-portgas-d-ace\\\/figurine-one-piece-ace-accroupi\\\/#breadcrumb\",\"itemListElement\":[{\"@type\":\"ListItem\",\"position\":1,\"name\":\"Home\",\"item\":\"https:\\\/\\\/boutique-one-piece.com\\\/\"},{\"@type\":\"ListItem\",\"position\":2,\"name\":\"Shop\",\"item\":\"https:\\\/\\\/boutique-one-piece.com\\\/shop\\\/\"},{\"@type\":\"ListItem\",\"position\":3,\"name\":\"Figurine One Piece Ace Accroupi\"}]},{\"@type\":\"WebSite\",\"@id\":\"https:\\\/\\\/boutique-one-piece.com\\\/#website\",\"url\":\"https:\\\/\\\/boutique-one-piece.com\\\/\",\"name\":\"Boutique One Piece\",\"description\":\"Magasin Sp\u00e9cialis\u00e9 du Manga et l&#039;Anime One Piece\",\"publisher\":{\"@id\":\"https:\\\/\\\/boutique-one-piece.com\\\/#organization\"},\"potentialAction\":[{\"@type\":\"SearchAction\",\"target\":{\"@type\":\"EntryPoint\",\"urlTemplate\":\"https:\\\/\\\/boutique-one-piece.com\\\/?s={search_term_string}\"},\"query-input\":{\"@type\":\"PropertyValueSpecification\",\"valueRequired\":true,\"valueName\":\"search_term_string\"}}],\"inLanguage\":\"it-IT\"},{\"@type\":\"Organization\",\"@id\":\"https:\\\/\\\/boutique-one-piece.com\\\/#organization\",\"name\":\"Boutique One Piece\",\"url\":\"https:\\\/\\\/boutique-one-piece.com\\\/\",\"logo\":{\"@type\":\"ImageObject\",\"inLanguage\":\"it-IT\",\"@id\":\"https:\\\/\\\/boutique-one-piece.com\\\/#\\\/schema\\\/logo\\\/image\\\/\",\"url\":\"https:\\\/\\\/boutique-one-piece.com\\\/wp-content\\\/uploads\\\/2022\\\/09\\\/Logo-01.png\",\"contentUrl\":\"https:\\\/\\\/boutique-one-piece.com\\\/wp-content\\\/uploads\\\/2022\\\/09\\\/Logo-01.png\",\"width\":2318,\"height\":957,\"caption\":\"Boutique One Piece\"},\"image\":{\"@id\":\"https:\\\/\\\/boutique-one-piece.com\\\/#\\\/schema\\\/logo\\\/image\\\/\"}}]}<\/script>\n<!-- \/ Yoast SEO plugin. -->","yoast_head_json":{"title":"Figura accovacciata di Ace di One Piece | Figura di One Piece \u2013 Negozio di One Piece","description":"Giovane allenatore, \u00e8 giunto il momento di mettere le mani su questa statuetta di Ace accovacciato di One Piece. Ecco cosa devi sapere su Ace: anche se non sono parenti stretti, Rufy e Ace si considerano veri fratelli. Hanno condiviso una tazza di sak\u00e8 con Sabo per simboleggiare la loro fratellanza. Gi\u00e0 da bambini","robots":{"index":"index","follow":"follow","max-snippet":"max-snippet:-1","max-image-preview":"max-image-preview:large","max-video-preview":"max-video-preview:-1"},"canonical":"https:\/\/boutique-one-piece.com\/it\/figurine-di-one-piece\/figurine-portoghesi-dace\/figurina-accovacciata-di-one-piece-ace\/","og_locale":"it_IT","og_type":"article","og_title":"Figurine One Piece Ace Accroupi | Figurine One Piece \u2013 Boutique One Piece","og_description":"Jeune dresseur, le moment est venu pour toi de te procurer cette Figurine One Piece Ace Accroupi. Voici ce que tu dois savoir au sujet de Ace ; m\u00eame s'ils ne sont pas du m\u00eame sang, Luffy et Ace se consid\u00e8rent comme de vrais fr\u00e8res. Ils ont \u00e9chang\u00e9, avec Sabo, une coupe de sak\u00e9 pour symboliser leur fraternit\u00e9. D\u00e9j\u00e0 enfa","og_url":"https:\/\/boutique-one-piece.com\/it\/figurine-di-one-piece\/figurine-portoghesi-dace\/figurina-accovacciata-di-one-piece-ace\/","og_site_name":"Boutique One Piece","article_modified_time":"2024-09-16T13:18:32+00:00","og_image":[{"width":776,"height":721,"url":"https:\/\/boutique-one-piece.com\/wp-content\/uploads\/2022\/09\/Figurine-One-Piece-Ace-Accroupi-1.jpg","type":"image\/jpeg"}],"twitter_card":"summary_large_image","twitter_misc":{"Tempo di lettura stimato":"1 minuto"},"schema":{"@context":"https:\/\/schema.org","@graph":[{"@type":"WebPage","@id":"https:\/\/boutique-one-piece.com\/figurines-one-piece\/figurines-portgas-d-ace\/figurine-one-piece-ace-accroupi\/","url":"https:\/\/boutique-one-piece.com\/figurines-one-piece\/figurines-portgas-d-ace\/figurine-one-piece-ace-accroupi\/","name":"Figura accovacciata di Ace di One Piece | Figura di One Piece \u2013 Negozio di One Piece","isPartOf":{"@id":"https:\/\/boutique-one-piece.com\/#website"},"primaryImageOfPage":{"@id":"https:\/\/boutique-one-piece.com\/figurines-one-piece\/figurines-portgas-d-ace\/figurine-one-piece-ace-accroupi\/#primaryimage"},"image":{"@id":"https:\/\/boutique-one-piece.com\/figurines-one-piece\/figurines-portgas-d-ace\/figurine-one-piece-ace-accroupi\/#primaryimage"},"thumbnailUrl":"https:\/\/boutique-one-piece.com\/wp-content\/uploads\/2022\/09\/Figurine-One-Piece-Ace-Accroupi-1.jpg","datePublished":"2022-09-27T21:21:16+00:00","dateModified":"2024-09-16T13:18:32+00:00","description":"Giovane allenatore, \u00e8 giunto il momento di mettere le mani su questa statuetta di Ace accovacciato di One Piece. Ecco cosa devi sapere su Ace: anche se non sono parenti stretti, Rufy e Ace si considerano veri fratelli. Hanno condiviso una tazza di sak\u00e8 con Sabo per simboleggiare la loro fratellanza. Gi\u00e0 da bambini","breadcrumb":{"@id":"https:\/\/boutique-one-piece.com\/figurines-one-piece\/figurines-portgas-d-ace\/figurine-one-piece-ace-accroupi\/#breadcrumb"},"inLanguage":"it-IT","potentialAction":[{"@type":"ReadAction","target":["https:\/\/boutique-one-piece.com\/figurines-one-piece\/figurines-portgas-d-ace\/figurine-one-piece-ace-accroupi\/"]}]},{"@type":"ImageObject","inLanguage":"it-IT","@id":"https:\/\/boutique-one-piece.com\/figurines-one-piece\/figurines-portgas-d-ace\/figurine-one-piece-ace-accroupi\/#primaryimage","url":"https:\/\/boutique-one-piece.com\/wp-content\/uploads\/2022\/09\/Figurine-One-Piece-Ace-Accroupi-1.jpg","contentUrl":"https:\/\/boutique-one-piece.com\/wp-content\/uploads\/2022\/09\/Figurine-One-Piece-Ace-Accroupi-1.jpg","width":776,"height":721},{"@type":"BreadcrumbList","@id":"https:\/\/boutique-one-piece.com\/figurines-one-piece\/figurines-portgas-d-ace\/figurine-one-piece-ace-accroupi\/#breadcrumb","itemListElement":[{"@type":"ListItem","position":1,"name":"Home","item":"https:\/\/boutique-one-piece.com\/"},{"@type":"ListItem","position":2,"name":"Shop","item":"https:\/\/boutique-one-piece.com\/shop\/"},{"@type":"ListItem","position":3,"name":"Figurine One Piece Ace Accroupi"}]},{"@type":"WebSite","@id":"https:\/\/boutique-one-piece.com\/#website","url":"https:\/\/boutique-one-piece.com\/","name":"Negozio One Piece","description":"Negozio specializzato in manga e anime di One Piece","publisher":{"@id":"https:\/\/boutique-one-piece.com\/#organization"},"potentialAction":[{"@type":"SearchAction","target":{"@type":"EntryPoint","urlTemplate":"https:\/\/boutique-one-piece.com\/?s={search_term_string}"},"query-input":{"@type":"PropertyValueSpecification","valueRequired":true,"valueName":"search_term_string"}}],"inLanguage":"it-IT"},{"@type":"Organization","@id":"https:\/\/boutique-one-piece.com\/#organization","name":"Negozio One Piece","url":"https:\/\/boutique-one-piece.com\/","logo":{"@type":"ImageObject","inLanguage":"it-IT","@id":"https:\/\/boutique-one-piece.com\/#\/schema\/logo\/image\/","url":"https:\/\/boutique-one-piece.com\/wp-content\/uploads\/2022\/09\/Logo-01.png","contentUrl":"https:\/\/boutique-one-piece.com\/wp-content\/uploads\/2022\/09\/Logo-01.png","width":2318,"height":957,"caption":"Boutique One Piece"},"image":{"@id":"https:\/\/boutique-one-piece.com\/#\/schema\/logo\/image\/"}}]}},"_links":{"self":[{"href":"https:\/\/boutique-one-piece.com\/it\/wp-json\/wp\/v2\/product\/13549","targetHints":{"allow":["GET"]}}],"collection":[{"href":"https:\/\/boutique-one-piece.com\/it\/wp-json\/wp\/v2\/product"}],"about":[{"href":"https:\/\/boutique-one-piece.com\/it\/wp-json\/wp\/v2\/types\/product"}],"replies":[{"embeddable":true,"href":"https:\/\/boutique-one-piece.com\/it\/wp-json\/wp\/v2\/comments?post=13549"}],"wp:featuredmedia":[{"embeddable":true,"href":"https:\/\/boutique-one-piece.com\/it\/wp-json\/wp\/v2\/media\/13551"}],"wp:attachment":[{"href":"https:\/\/boutique-one-piece.com\/it\/wp-json\/wp\/v2\/media?parent=13549"}],"wp:term":[{"taxonomy":"product_brand","embeddable":true,"href":"https:\/\/boutique-one-piece.com\/it\/wp-json\/wp\/v2\/product_brand?post=13549"},{"taxonomy":"product_cat","embeddable":true,"href":"https:\/\/boutique-one-piece.com\/it\/wp-json\/wp\/v2\/product_cat?post=13549"},{"taxonomy":"product_tag","embeddable":true,"href":"https:\/\/boutique-one-piece.com\/it\/wp-json\/wp\/v2\/product_tag?post=13549"}],"curies":[{"name":"parola chiave","href":"https:\/\/api.w.org\/{rel}","templated":true}]}}