{"id":13605,"date":"2022-09-27T21:21:39","date_gmt":"2022-09-27T21:21:39","guid":{"rendered":"https:\/\/boutique-one-piece.com\/uncategorized\/figurine-one-piece-nico-robin-attaque\/"},"modified":"2024-09-16T13:19:32","modified_gmt":"2024-09-16T13:19:32","slug":"figurina-one-piece-nico-robin-attack","status":"publish","type":"product","link":"https:\/\/boutique-one-piece.com\/it\/chicche-di-one-piece\/merchandising-di-nico-robin-one-piece\/figurina-one-piece-nico-robin-attack\/","title":{"rendered":"Figura di One Piece Nico Robin Attack"},"content":{"rendered":"<h2>Giovane pirata, non aspettare oltre e cogli l&#039;occasione di mettere le mani su questa statuetta di Nico Robin Attack di One Piece.<\/h2>\n<p>Ecco cosa devi sapere su questo personaggio; ; <strong>Nico Robin alias il Bambino Demone<\/strong>, Lei \u00e8 l&#039;archeologa della Ciurma di Cappello di Paglia. Ha mangiato il <strong>Hana Hana no Mi<\/strong> (frutto della schiusa) in tenera et\u00e0, poich\u00e9 la vediamo usare i suoi poteri all&#039;et\u00e0 di otto anni in uno dei suoi flashback a Enies Lobby.<\/p>\n<p>\u00c8 un frutto del diavolo di tipo Paramisha che le permette di far crescere qualsiasi parte del suo corpo su qualsiasi superficie. Quando usa i suoi poteri, incrocia le braccia a forma di &quot;X&quot;. Alcuni dei suoi attacchi intrappolano il nemico, bloccandone ogni movimento con le mani e moltiplicandolo.<\/p>\n<p>Nonostante la sua potenza, le sue parti estese possono essere colpite o allungate, danneggiando il suo vero corpo, che \u00e8 il suo punto debole. Inoltre, se desideri ampliare la tua collezione di statuette, <a title=\"FIGURA DI NAMI LA NAVIGATORE DI ONE PIECE\" href=\"https:\/\/boutique-one-piece.com\/it\/figurina-one-piece-nami-il-navigatore\/\" target=\"_blank\" rel=\"noopener\">Figurina di Nami la Navigatrice<\/a> \u00e8 alla tua portata.<\/p>\n<h3>Allora, siete affascinati dalla figura di Nico Robin nel mezzo di un attacco? Se s\u00ec, unitevi a lei a bordo del Thousand Suny. Tante avventure vi aspettano l\u00ec.<\/h3>\n<p>Che tu sia un fan sfegatato o un collezionista esperto, questi articoli sono sicuramente ci\u00f2 che fa per te. Perfetti come regalo, come decorazione o come aggiunta alla tua collezione, questi pezzi iconici arricchiranno la tua collezione. <strong>il tuo universo One Piece<\/strong>. Quindi non aspettare oltre e cogli l&#039;occasione per vivere tante avventure! <strong>giovane pirata<\/strong>.<\/p>\n<h2>Informazioni sulla figura di attacco di Nico Robin\u00a0<\/h2>\n<ul>\n<li><span><b><u>Figurina di One Piece<\/u><\/b>\u00a0Statuetta One Piece premium per veri pirati<\/span><\/li>\n<\/ul>\n<ul>\n<li>\n<b>Questione<\/b><span>\u00a0<\/span>PVC<\/li>\n<\/ul>\n<ul>\n<li><span><strong>Dimensione<\/strong>\u00a0: 15 centimetri<\/span><\/li>\n<\/ul>\n<ul>\n<li><span><strong>CONSEGNA GRATUITA<\/strong><\/span><\/li>\n<\/ul>","protected":false},"excerpt":{"rendered":"<p>Giovane pirata, non aspettare oltre e cogli l&#039;occasione per mettere le mani su questa action figure di Nico Robin Attack di One Piece. Ecco cosa devi sapere su questo personaggio: Nico Robin, conosciuta anche come la Bambina Demone, \u00e8 l&#039;archeologa della Ciurma di Cappello di Paglia. Ha mangiato l&#039;Hana Hana no Mi (Frutto Fiore-Fiore) a [\u2026]<\/p>","protected":false},"featured_media":13607,"comment_status":"open","ping_status":"open","template":"","meta":[],"product_brand":[],"product_cat":[309,76,198],"product_tag":[205],"class_list":{"0":"post-13605","1":"product","2":"type-product","3":"status-publish","4":"has-post-thumbnail","6":"product_cat-figurines-nico-robin","7":"product_cat-figurines-one-piece","8":"product_cat-goodies-nico-robin-one-piece","9":"product_tag-robin","11":"first","12":"instock","13":"purchasable","14":"product-type-simple"},"yoast_head":"<!-- This site is optimized with the Yoast SEO plugin v27.5 - https:\/\/yoast.com\/product\/yoast-seo-wordpress\/ -->\n<title>Figurine One Piece Nico Robin Attaque | Figurine One Piece \u2013 Boutique One Piece<\/title>\n<meta name=\"description\" content=\"Jeune pirate, n&#039;attends plus et saute sur l&#039;occasion de mettre la main sur cette Figurine One Piece Nico Robin Attaque. Voici ce que tu dois savoir sur ce personnage ; Nico Robin alias l&#039;Enfant D\u00e9moniaque, est l&#039;Arch\u00e9ologue de L&#039;\u00c9quipage du Chapeau de Paille. Elle a mang\u00e9 le Hana Hana no Mi (fruit de l&#039;\u00e9closion) \u00e0 un t\" \/>\n<meta name=\"robots\" content=\"index, follow, max-snippet:-1, max-image-preview:large, max-video-preview:-1\" \/>\n<link rel=\"canonical\" href=\"https:\/\/boutique-one-piece.com\/it\/figurine-di-one-piece\/figurine-di-nico-robin\/figurina-one-piece-nico-robin-attack\/\" \/>\n<meta property=\"og:locale\" content=\"it_IT\" \/>\n<meta property=\"og:type\" content=\"article\" \/>\n<meta property=\"og:title\" content=\"Figurine One Piece Nico Robin Attaque | Figurine One Piece \u2013 Boutique One Piece\" \/>\n<meta property=\"og:description\" content=\"Jeune pirate, n&#039;attends plus et saute sur l&#039;occasion de mettre la main sur cette Figurine One Piece Nico Robin Attaque. Voici ce que tu dois savoir sur ce personnage ; Nico Robin alias l&#039;Enfant D\u00e9moniaque, est l&#039;Arch\u00e9ologue de L&#039;\u00c9quipage du Chapeau de Paille. Elle a mang\u00e9 le Hana Hana no Mi (fruit de l&#039;\u00e9closion) \u00e0 un t\" \/>\n<meta property=\"og:url\" content=\"https:\/\/boutique-one-piece.com\/it\/figurine-di-one-piece\/figurine-di-nico-robin\/figurina-one-piece-nico-robin-attack\/\" \/>\n<meta property=\"og:site_name\" content=\"Boutique One Piece\" \/>\n<meta property=\"article:modified_time\" content=\"2024-09-16T13:19:32+00:00\" \/>\n<meta property=\"og:image\" content=\"https:\/\/boutique-one-piece.com\/wp-content\/uploads\/2022\/09\/Figurine-One-Piece-Nico-Robin-Attaque-1.jpg\" \/>\n\t<meta property=\"og:image:width\" content=\"1080\" \/>\n\t<meta property=\"og:image:height\" content=\"1080\" \/>\n\t<meta property=\"og:image:type\" content=\"image\/jpeg\" \/>\n<meta name=\"twitter:card\" content=\"summary_large_image\" \/>\n<meta name=\"twitter:label1\" content=\"Tempo di lettura stimato\" \/>\n\t<meta name=\"twitter:data1\" content=\"1 minuto\" \/>\n<script type=\"application\/ld+json\" class=\"yoast-schema-graph\">{\"@context\":\"https:\\\/\\\/schema.org\",\"@graph\":[{\"@type\":\"WebPage\",\"@id\":\"https:\\\/\\\/boutique-one-piece.com\\\/figurines-one-piece\\\/figurines-nico-robin\\\/figurine-one-piece-nico-robin-attaque\\\/\",\"url\":\"https:\\\/\\\/boutique-one-piece.com\\\/figurines-one-piece\\\/figurines-nico-robin\\\/figurine-one-piece-nico-robin-attaque\\\/\",\"name\":\"Figurine One Piece Nico Robin Attaque | Figurine One Piece \u2013 Boutique One Piece\",\"isPartOf\":{\"@id\":\"https:\\\/\\\/boutique-one-piece.com\\\/#website\"},\"primaryImageOfPage\":{\"@id\":\"https:\\\/\\\/boutique-one-piece.com\\\/figurines-one-piece\\\/figurines-nico-robin\\\/figurine-one-piece-nico-robin-attaque\\\/#primaryimage\"},\"image\":{\"@id\":\"https:\\\/\\\/boutique-one-piece.com\\\/figurines-one-piece\\\/figurines-nico-robin\\\/figurine-one-piece-nico-robin-attaque\\\/#primaryimage\"},\"thumbnailUrl\":\"https:\\\/\\\/boutique-one-piece.com\\\/wp-content\\\/uploads\\\/2022\\\/09\\\/Figurine-One-Piece-Nico-Robin-Attaque-1.jpg\",\"datePublished\":\"2022-09-27T21:21:39+00:00\",\"dateModified\":\"2024-09-16T13:19:32+00:00\",\"description\":\"Jeune pirate, n'attends plus et saute sur l'occasion de mettre la main sur cette Figurine One Piece Nico Robin Attaque. Voici ce que tu dois savoir sur ce personnage ; Nico Robin alias l'Enfant D\u00e9moniaque, est l'Arch\u00e9ologue de L'\u00c9quipage du Chapeau de Paille. Elle a mang\u00e9 le Hana Hana no Mi (fruit de l'\u00e9closion) \u00e0 un t\",\"breadcrumb\":{\"@id\":\"https:\\\/\\\/boutique-one-piece.com\\\/figurines-one-piece\\\/figurines-nico-robin\\\/figurine-one-piece-nico-robin-attaque\\\/#breadcrumb\"},\"inLanguage\":\"it-IT\",\"potentialAction\":[{\"@type\":\"ReadAction\",\"target\":[\"https:\\\/\\\/boutique-one-piece.com\\\/figurines-one-piece\\\/figurines-nico-robin\\\/figurine-one-piece-nico-robin-attaque\\\/\"]}]},{\"@type\":\"ImageObject\",\"inLanguage\":\"it-IT\",\"@id\":\"https:\\\/\\\/boutique-one-piece.com\\\/figurines-one-piece\\\/figurines-nico-robin\\\/figurine-one-piece-nico-robin-attaque\\\/#primaryimage\",\"url\":\"https:\\\/\\\/boutique-one-piece.com\\\/wp-content\\\/uploads\\\/2022\\\/09\\\/Figurine-One-Piece-Nico-Robin-Attaque-1.jpg\",\"contentUrl\":\"https:\\\/\\\/boutique-one-piece.com\\\/wp-content\\\/uploads\\\/2022\\\/09\\\/Figurine-One-Piece-Nico-Robin-Attaque-1.jpg\",\"width\":1080,\"height\":1080},{\"@type\":\"BreadcrumbList\",\"@id\":\"https:\\\/\\\/boutique-one-piece.com\\\/figurines-one-piece\\\/figurines-nico-robin\\\/figurine-one-piece-nico-robin-attaque\\\/#breadcrumb\",\"itemListElement\":[{\"@type\":\"ListItem\",\"position\":1,\"name\":\"Home\",\"item\":\"https:\\\/\\\/boutique-one-piece.com\\\/\"},{\"@type\":\"ListItem\",\"position\":2,\"name\":\"Shop\",\"item\":\"https:\\\/\\\/boutique-one-piece.com\\\/shop\\\/\"},{\"@type\":\"ListItem\",\"position\":3,\"name\":\"Figurine One Piece Nico Robin Attaque\"}]},{\"@type\":\"WebSite\",\"@id\":\"https:\\\/\\\/boutique-one-piece.com\\\/#website\",\"url\":\"https:\\\/\\\/boutique-one-piece.com\\\/\",\"name\":\"Boutique One Piece\",\"description\":\"Magasin Sp\u00e9cialis\u00e9 du Manga et l&#039;Anime One Piece\",\"publisher\":{\"@id\":\"https:\\\/\\\/boutique-one-piece.com\\\/#organization\"},\"potentialAction\":[{\"@type\":\"SearchAction\",\"target\":{\"@type\":\"EntryPoint\",\"urlTemplate\":\"https:\\\/\\\/boutique-one-piece.com\\\/?s={search_term_string}\"},\"query-input\":{\"@type\":\"PropertyValueSpecification\",\"valueRequired\":true,\"valueName\":\"search_term_string\"}}],\"inLanguage\":\"it-IT\"},{\"@type\":\"Organization\",\"@id\":\"https:\\\/\\\/boutique-one-piece.com\\\/#organization\",\"name\":\"Boutique One Piece\",\"url\":\"https:\\\/\\\/boutique-one-piece.com\\\/\",\"logo\":{\"@type\":\"ImageObject\",\"inLanguage\":\"it-IT\",\"@id\":\"https:\\\/\\\/boutique-one-piece.com\\\/#\\\/schema\\\/logo\\\/image\\\/\",\"url\":\"https:\\\/\\\/boutique-one-piece.com\\\/wp-content\\\/uploads\\\/2022\\\/09\\\/Logo-01.png\",\"contentUrl\":\"https:\\\/\\\/boutique-one-piece.com\\\/wp-content\\\/uploads\\\/2022\\\/09\\\/Logo-01.png\",\"width\":2318,\"height\":957,\"caption\":\"Boutique One Piece\"},\"image\":{\"@id\":\"https:\\\/\\\/boutique-one-piece.com\\\/#\\\/schema\\\/logo\\\/image\\\/\"}}]}<\/script>\n<!-- \/ Yoast SEO plugin. -->","yoast_head_json":{"title":"Figura di One Piece Nico Robin Attack | Figura di One Piece \u2013 Negozio One Piece","description":"Giovane pirata, non aspettare oltre e cogli l&#039;occasione per mettere le mani su questa action figure di Nico Robin Attack di One Piece. Ecco cosa devi sapere su questo personaggio: Nico Robin, conosciuta anche come la Bambina Demone, \u00e8 l&#039;archeologa della Ciurma di Cappello di Paglia. Ha mangiato l&#039;Hana Hana no Mi (Frutto Fiore-Fiore) in tenera et\u00e0.","robots":{"index":"index","follow":"follow","max-snippet":"max-snippet:-1","max-image-preview":"max-image-preview:large","max-video-preview":"max-video-preview:-1"},"canonical":"https:\/\/boutique-one-piece.com\/it\/figurine-di-one-piece\/figurine-di-nico-robin\/figurina-one-piece-nico-robin-attack\/","og_locale":"it_IT","og_type":"article","og_title":"Figurine One Piece Nico Robin Attaque | Figurine One Piece \u2013 Boutique One Piece","og_description":"Jeune pirate, n'attends plus et saute sur l'occasion de mettre la main sur cette Figurine One Piece Nico Robin Attaque. Voici ce que tu dois savoir sur ce personnage ; Nico Robin alias l'Enfant D\u00e9moniaque, est l'Arch\u00e9ologue de L'\u00c9quipage du Chapeau de Paille. Elle a mang\u00e9 le Hana Hana no Mi (fruit de l'\u00e9closion) \u00e0 un t","og_url":"https:\/\/boutique-one-piece.com\/it\/figurine-di-one-piece\/figurine-di-nico-robin\/figurina-one-piece-nico-robin-attack\/","og_site_name":"Boutique One Piece","article_modified_time":"2024-09-16T13:19:32+00:00","og_image":[{"width":1080,"height":1080,"url":"https:\/\/boutique-one-piece.com\/wp-content\/uploads\/2022\/09\/Figurine-One-Piece-Nico-Robin-Attaque-1.jpg","type":"image\/jpeg"}],"twitter_card":"summary_large_image","twitter_misc":{"Tempo di lettura stimato":"1 minuto"},"schema":{"@context":"https:\/\/schema.org","@graph":[{"@type":"WebPage","@id":"https:\/\/boutique-one-piece.com\/figurines-one-piece\/figurines-nico-robin\/figurine-one-piece-nico-robin-attaque\/","url":"https:\/\/boutique-one-piece.com\/figurines-one-piece\/figurines-nico-robin\/figurine-one-piece-nico-robin-attaque\/","name":"Figura di One Piece Nico Robin Attack | Figura di One Piece \u2013 Negozio One Piece","isPartOf":{"@id":"https:\/\/boutique-one-piece.com\/#website"},"primaryImageOfPage":{"@id":"https:\/\/boutique-one-piece.com\/figurines-one-piece\/figurines-nico-robin\/figurine-one-piece-nico-robin-attaque\/#primaryimage"},"image":{"@id":"https:\/\/boutique-one-piece.com\/figurines-one-piece\/figurines-nico-robin\/figurine-one-piece-nico-robin-attaque\/#primaryimage"},"thumbnailUrl":"https:\/\/boutique-one-piece.com\/wp-content\/uploads\/2022\/09\/Figurine-One-Piece-Nico-Robin-Attaque-1.jpg","datePublished":"2022-09-27T21:21:39+00:00","dateModified":"2024-09-16T13:19:32+00:00","description":"Giovane pirata, non aspettare oltre e cogli l&#039;occasione per mettere le mani su questa action figure di Nico Robin Attack di One Piece. Ecco cosa devi sapere su questo personaggio: Nico Robin, conosciuta anche come la Bambina Demone, \u00e8 l&#039;archeologa della Ciurma di Cappello di Paglia. Ha mangiato l&#039;Hana Hana no Mi (Frutto Fiore-Fiore) in tenera et\u00e0.","breadcrumb":{"@id":"https:\/\/boutique-one-piece.com\/figurines-one-piece\/figurines-nico-robin\/figurine-one-piece-nico-robin-attaque\/#breadcrumb"},"inLanguage":"it-IT","potentialAction":[{"@type":"ReadAction","target":["https:\/\/boutique-one-piece.com\/figurines-one-piece\/figurines-nico-robin\/figurine-one-piece-nico-robin-attaque\/"]}]},{"@type":"ImageObject","inLanguage":"it-IT","@id":"https:\/\/boutique-one-piece.com\/figurines-one-piece\/figurines-nico-robin\/figurine-one-piece-nico-robin-attaque\/#primaryimage","url":"https:\/\/boutique-one-piece.com\/wp-content\/uploads\/2022\/09\/Figurine-One-Piece-Nico-Robin-Attaque-1.jpg","contentUrl":"https:\/\/boutique-one-piece.com\/wp-content\/uploads\/2022\/09\/Figurine-One-Piece-Nico-Robin-Attaque-1.jpg","width":1080,"height":1080},{"@type":"BreadcrumbList","@id":"https:\/\/boutique-one-piece.com\/figurines-one-piece\/figurines-nico-robin\/figurine-one-piece-nico-robin-attaque\/#breadcrumb","itemListElement":[{"@type":"ListItem","position":1,"name":"Home","item":"https:\/\/boutique-one-piece.com\/"},{"@type":"ListItem","position":2,"name":"Shop","item":"https:\/\/boutique-one-piece.com\/shop\/"},{"@type":"ListItem","position":3,"name":"Figurine One Piece Nico Robin Attaque"}]},{"@type":"WebSite","@id":"https:\/\/boutique-one-piece.com\/#website","url":"https:\/\/boutique-one-piece.com\/","name":"Negozio One Piece","description":"Negozio specializzato in manga e anime di One Piece","publisher":{"@id":"https:\/\/boutique-one-piece.com\/#organization"},"potentialAction":[{"@type":"SearchAction","target":{"@type":"EntryPoint","urlTemplate":"https:\/\/boutique-one-piece.com\/?s={search_term_string}"},"query-input":{"@type":"PropertyValueSpecification","valueRequired":true,"valueName":"search_term_string"}}],"inLanguage":"it-IT"},{"@type":"Organization","@id":"https:\/\/boutique-one-piece.com\/#organization","name":"Negozio One Piece","url":"https:\/\/boutique-one-piece.com\/","logo":{"@type":"ImageObject","inLanguage":"it-IT","@id":"https:\/\/boutique-one-piece.com\/#\/schema\/logo\/image\/","url":"https:\/\/boutique-one-piece.com\/wp-content\/uploads\/2022\/09\/Logo-01.png","contentUrl":"https:\/\/boutique-one-piece.com\/wp-content\/uploads\/2022\/09\/Logo-01.png","width":2318,"height":957,"caption":"Boutique One Piece"},"image":{"@id":"https:\/\/boutique-one-piece.com\/#\/schema\/logo\/image\/"}}]}},"_links":{"self":[{"href":"https:\/\/boutique-one-piece.com\/it\/wp-json\/wp\/v2\/product\/13605","targetHints":{"allow":["GET"]}}],"collection":[{"href":"https:\/\/boutique-one-piece.com\/it\/wp-json\/wp\/v2\/product"}],"about":[{"href":"https:\/\/boutique-one-piece.com\/it\/wp-json\/wp\/v2\/types\/product"}],"replies":[{"embeddable":true,"href":"https:\/\/boutique-one-piece.com\/it\/wp-json\/wp\/v2\/comments?post=13605"}],"wp:featuredmedia":[{"embeddable":true,"href":"https:\/\/boutique-one-piece.com\/it\/wp-json\/wp\/v2\/media\/13607"}],"wp:attachment":[{"href":"https:\/\/boutique-one-piece.com\/it\/wp-json\/wp\/v2\/media?parent=13605"}],"wp:term":[{"taxonomy":"product_brand","embeddable":true,"href":"https:\/\/boutique-one-piece.com\/it\/wp-json\/wp\/v2\/product_brand?post=13605"},{"taxonomy":"product_cat","embeddable":true,"href":"https:\/\/boutique-one-piece.com\/it\/wp-json\/wp\/v2\/product_cat?post=13605"},{"taxonomy":"product_tag","embeddable":true,"href":"https:\/\/boutique-one-piece.com\/it\/wp-json\/wp\/v2\/product_tag?post=13605"}],"curies":[{"name":"parola chiave","href":"https:\/\/api.w.org\/{rel}","templated":true}]}}