{"id":13687,"date":"2022-09-27T21:22:12","date_gmt":"2022-09-27T21:22:12","guid":{"rendered":"https:\/\/boutique-one-piece.com\/uncategorized\/figurine-one-piece-le-grand-corsaire-mihawk-oeil-de-faucon\/"},"modified":"2024-09-16T13:21:34","modified_gmt":"2024-09-16T13:21:34","slug":"figurina-di-one-piece-mihawk-il-grande-corsaro-con-locchio-di-falco","status":"publish","type":"product","link":"https:\/\/boutique-one-piece.com\/it\/figurine-di-one-piece\/figurina-di-one-piece-mihawk-il-grande-corsaro-con-locchio-di-falco\/","title":{"rendered":"One Piece Figure: Il grande signore della guerra Mihawk Hawkeye"},"content":{"rendered":"<h2>Giovane pirata, \u00e8 giunto il momento di procurarti questa statuetta di One Piece, The Great Corsair Mihawk Hawkeye.<\/h2>\n<p>Tu n\u2019es pas sans savoir que <strong>Dracule Mihawk<\/strong>, connu sous le surnom d\u0092\u009cil de Faucon\u00a0\u00bb est le premier Capitaine Corsaire \u00e0 appara\u00eetre. Il est rest\u00e9 Capitaine Corsaire jusqu\u2019\u00e0 la dissolution de ce groupe. Il est le d\u00e9tenteur du titre du \u00ab\u00a0Plus grand escrimeur du monde entier\u00a0\u00bb et f\u00fbt l\u2019entra\u00eeneur de<strong> Zoro Roronoa<\/strong> durant l\u2019ellipse de 2 ans. D\u2019ailleurs, si tu souhaites agrandir ta collection de figurines, la <a title=\"FIGURINA ONE PIECE ZORO E LE SUE SCIABOLE\" href=\"https:\/\/boutique-one-piece.com\/it\/figurine-one-piece-%20zoro-et-ses-sabres\/\" target=\"_blank\" rel=\"noopener\">Statuetta di Zoro con 3 spade<\/a> \u00e8 alla tua portata.<\/p>\n<p>Pour en revenir \u00e0 Mihawk, tu dois \u00e9galement savoir qu\u2019il ma\u00eetrise<strong> le Haki de l\u2019Observation et le Haki de l\u2019Armement<\/strong>. Il a enseign\u00e9 \u00e0 Zoro comment utiliser le Haki de l\u2019Armement pour \u00e9viter qu\u2019il casse encore ses sabres. Cela implique qu\u2019il poss\u00e8de des connaissances et une ma\u00eetrise suffisamment \u00e9tendues pour pouvoir \u00e9galement apprendre \u00e0 quelqu\u2019un comment l\u2019utiliser.<\/p>\n<h3>Alors, conquis par la figurine de l\u2019Oeil de Faucon ? Si tel est le cas, n\u2019h\u00e9site plus et forme-toi aux c\u00f4t\u00e9s du plus grand \u00e9p\u00e9iste.<\/h3>\n<p><strong>Giovane pirata<\/strong>, le moment est venu pour toi de prendre ton destin entre tes mains. Plonge-toi dans l\u2019univers One piece gr\u00e2ce \u00e0 ces objets mythiques et viens vivre bien des aventures plus palpitantes les unes que les autres. Ces objets sont parfaits pour offrir, collectionner ou encore d\u00e9corer. Alors, n\u2019attends plus et viens agrandir <strong>il tuo universo One Piece<\/strong>.<\/p>\n<h2>Informazioni sulla statuetta Mihawk Hawkeye Warlord\u00a0<\/h2>\n<ul data-mce-fragment=\"1\">\n<li data-mce-fragment=\"1\"><span data-mce-fragment=\"1\"><b data-mce-fragment=\"1\"><u data-mce-fragment=\"1\">Figurina di One Piece<\/u><\/b>\u00a0: Figurine\u00a0 premium de l\u2019univers One Piece pour les vrais pirates<\/span><\/li>\n<\/ul>\n<ul data-mce-fragment=\"1\">\n<li data-mce-fragment=\"1\">\n<b data-mce-fragment=\"1\">Questione<\/b><span data-mce-fragment=\"1\">\u00a0<\/span>PVC<\/li>\n<\/ul>\n<ul data-mce-fragment=\"1\">\n<li data-mce-fragment=\"1\"><span data-mce-fragment=\"1\"><strong data-mce-fragment=\"1\">Dimensione<\/strong>\u00a0: 15 centimetri<\/span><\/li>\n<\/ul>\n<ul data-mce-fragment=\"1\">\n<li data-mce-fragment=\"1\"><span data-mce-fragment=\"1\"><strong data-mce-fragment=\"1\">CONSEGNA GRATUITA<\/strong><\/span><\/li>\n<\/ul>","protected":false},"excerpt":{"rendered":"<p>Jeune pirate, le moment est venu pour toi de te procurer cette Figurine One Piece Le Grand Corsaire Mihawk Oeil de Faucon. Tu n\u2019es pas sans savoir que Dracule Mihawk, connu sous le surnom d\u0092\u009cil de Faucon\u00a0\u00bb est le premier Capitaine Corsaire \u00e0 appara\u00eetre. Il est rest\u00e9 Capitaine Corsaire jusqu\u2019\u00e0 la dissolution de ce groupe. [&hellip;]<\/p>","protected":false},"featured_media":13689,"comment_status":"open","ping_status":"open","template":"","meta":[],"product_brand":[],"product_cat":[76],"product_tag":[272],"class_list":{"0":"post-13687","1":"product","2":"type-product","3":"status-publish","4":"has-post-thumbnail","6":"product_cat-figurines-one-piece","7":"product_tag-mihawk","9":"first","10":"instock","11":"purchasable","12":"product-type-simple"},"yoast_head":"<!-- This site is optimized with the Yoast SEO plugin v27.5 - https:\/\/yoast.com\/product\/yoast-seo-wordpress\/ -->\n<title>Figurine One Piece Le Grand Corsaire Mihawk Oeil de Faucon | Figurine One Piece \u2013 Boutique One Piece<\/title>\n<meta name=\"description\" content=\"Jeune pirate, le moment est venu pour toi de te procurer cette Figurine One Piece Le Grand Corsaire Mihawk Oeil de Faucon. Tu n&#039;es pas sans savoir que Dracule Mihawk, connu sous le surnom d\u2019\u0153il de Faucon&quot; est le premier Capitaine Corsaire \u00e0 appara\u00eetre. Il est rest\u00e9 Capitaine Corsaire jusqu&#039;\u00e0 la dissolution de ce groupe\" \/>\n<meta name=\"robots\" content=\"index, follow, max-snippet:-1, max-image-preview:large, max-video-preview:-1\" \/>\n<link rel=\"canonical\" href=\"https:\/\/boutique-one-piece.com\/it\/figurine-di-one-piece\/figurina-di-one-piece-mihawk-il-grande-corsaro-con-locchio-di-falco\/\" \/>\n<meta property=\"og:locale\" content=\"it_IT\" \/>\n<meta property=\"og:type\" content=\"article\" \/>\n<meta property=\"og:title\" content=\"Figurine One Piece Le Grand Corsaire Mihawk Oeil de Faucon | Figurine One Piece \u2013 Boutique One Piece\" \/>\n<meta property=\"og:description\" content=\"Jeune pirate, le moment est venu pour toi de te procurer cette Figurine One Piece Le Grand Corsaire Mihawk Oeil de Faucon. Tu n&#039;es pas sans savoir que Dracule Mihawk, connu sous le surnom d\u2019\u0153il de Faucon&quot; est le premier Capitaine Corsaire \u00e0 appara\u00eetre. Il est rest\u00e9 Capitaine Corsaire jusqu&#039;\u00e0 la dissolution de ce groupe\" \/>\n<meta property=\"og:url\" content=\"https:\/\/boutique-one-piece.com\/it\/figurine-di-one-piece\/figurina-di-one-piece-mihawk-il-grande-corsaro-con-locchio-di-falco\/\" \/>\n<meta property=\"og:site_name\" content=\"Boutique One Piece\" \/>\n<meta property=\"article:modified_time\" content=\"2024-09-16T13:21:34+00:00\" \/>\n<meta property=\"og:image\" content=\"https:\/\/boutique-one-piece.com\/wp-content\/uploads\/2022\/09\/Figurine-One-Piece-Le-Grand-Corsaire-Mihawk-Oeil-de-Faucon-1.jpg\" \/>\n\t<meta property=\"og:image:width\" content=\"800\" \/>\n\t<meta property=\"og:image:height\" content=\"800\" \/>\n\t<meta property=\"og:image:type\" content=\"image\/jpeg\" \/>\n<meta name=\"twitter:card\" content=\"summary_large_image\" \/>\n<meta name=\"twitter:label1\" content=\"Tempo di lettura stimato\" \/>\n\t<meta name=\"twitter:data1\" content=\"1 minuto\" \/>\n<script type=\"application\/ld+json\" class=\"yoast-schema-graph\">{\"@context\":\"https:\\\/\\\/schema.org\",\"@graph\":[{\"@type\":\"WebPage\",\"@id\":\"https:\\\/\\\/boutique-one-piece.com\\\/figurines-one-piece\\\/figurine-one-piece-le-grand-corsaire-mihawk-oeil-de-faucon\\\/\",\"url\":\"https:\\\/\\\/boutique-one-piece.com\\\/figurines-one-piece\\\/figurine-one-piece-le-grand-corsaire-mihawk-oeil-de-faucon\\\/\",\"name\":\"Figurine One Piece Le Grand Corsaire Mihawk Oeil de Faucon | Figurine One Piece \u2013 Boutique One Piece\",\"isPartOf\":{\"@id\":\"https:\\\/\\\/boutique-one-piece.com\\\/#website\"},\"primaryImageOfPage\":{\"@id\":\"https:\\\/\\\/boutique-one-piece.com\\\/figurines-one-piece\\\/figurine-one-piece-le-grand-corsaire-mihawk-oeil-de-faucon\\\/#primaryimage\"},\"image\":{\"@id\":\"https:\\\/\\\/boutique-one-piece.com\\\/figurines-one-piece\\\/figurine-one-piece-le-grand-corsaire-mihawk-oeil-de-faucon\\\/#primaryimage\"},\"thumbnailUrl\":\"https:\\\/\\\/boutique-one-piece.com\\\/wp-content\\\/uploads\\\/2022\\\/09\\\/Figurine-One-Piece-Le-Grand-Corsaire-Mihawk-Oeil-de-Faucon-1.jpg\",\"datePublished\":\"2022-09-27T21:22:12+00:00\",\"dateModified\":\"2024-09-16T13:21:34+00:00\",\"description\":\"Jeune pirate, le moment est venu pour toi de te procurer cette Figurine One Piece Le Grand Corsaire Mihawk Oeil de Faucon. Tu n'es pas sans savoir que Dracule Mihawk, connu sous le surnom d\u2019\u0153il de Faucon\\\" est le premier Capitaine Corsaire \u00e0 appara\u00eetre. Il est rest\u00e9 Capitaine Corsaire jusqu'\u00e0 la dissolution de ce groupe\",\"breadcrumb\":{\"@id\":\"https:\\\/\\\/boutique-one-piece.com\\\/figurines-one-piece\\\/figurine-one-piece-le-grand-corsaire-mihawk-oeil-de-faucon\\\/#breadcrumb\"},\"inLanguage\":\"it-IT\",\"potentialAction\":[{\"@type\":\"ReadAction\",\"target\":[\"https:\\\/\\\/boutique-one-piece.com\\\/figurines-one-piece\\\/figurine-one-piece-le-grand-corsaire-mihawk-oeil-de-faucon\\\/\"]}]},{\"@type\":\"ImageObject\",\"inLanguage\":\"it-IT\",\"@id\":\"https:\\\/\\\/boutique-one-piece.com\\\/figurines-one-piece\\\/figurine-one-piece-le-grand-corsaire-mihawk-oeil-de-faucon\\\/#primaryimage\",\"url\":\"https:\\\/\\\/boutique-one-piece.com\\\/wp-content\\\/uploads\\\/2022\\\/09\\\/Figurine-One-Piece-Le-Grand-Corsaire-Mihawk-Oeil-de-Faucon-1.jpg\",\"contentUrl\":\"https:\\\/\\\/boutique-one-piece.com\\\/wp-content\\\/uploads\\\/2022\\\/09\\\/Figurine-One-Piece-Le-Grand-Corsaire-Mihawk-Oeil-de-Faucon-1.jpg\",\"width\":800,\"height\":800},{\"@type\":\"BreadcrumbList\",\"@id\":\"https:\\\/\\\/boutique-one-piece.com\\\/figurines-one-piece\\\/figurine-one-piece-le-grand-corsaire-mihawk-oeil-de-faucon\\\/#breadcrumb\",\"itemListElement\":[{\"@type\":\"ListItem\",\"position\":1,\"name\":\"Home\",\"item\":\"https:\\\/\\\/boutique-one-piece.com\\\/\"},{\"@type\":\"ListItem\",\"position\":2,\"name\":\"Shop\",\"item\":\"https:\\\/\\\/boutique-one-piece.com\\\/shop\\\/\"},{\"@type\":\"ListItem\",\"position\":3,\"name\":\"Figurine One Piece Le Grand Corsaire Mihawk Oeil de Faucon\"}]},{\"@type\":\"WebSite\",\"@id\":\"https:\\\/\\\/boutique-one-piece.com\\\/#website\",\"url\":\"https:\\\/\\\/boutique-one-piece.com\\\/\",\"name\":\"Boutique One Piece\",\"description\":\"Magasin Sp\u00e9cialis\u00e9 du Manga et l&#039;Anime One Piece\",\"publisher\":{\"@id\":\"https:\\\/\\\/boutique-one-piece.com\\\/#organization\"},\"potentialAction\":[{\"@type\":\"SearchAction\",\"target\":{\"@type\":\"EntryPoint\",\"urlTemplate\":\"https:\\\/\\\/boutique-one-piece.com\\\/?s={search_term_string}\"},\"query-input\":{\"@type\":\"PropertyValueSpecification\",\"valueRequired\":true,\"valueName\":\"search_term_string\"}}],\"inLanguage\":\"it-IT\"},{\"@type\":\"Organization\",\"@id\":\"https:\\\/\\\/boutique-one-piece.com\\\/#organization\",\"name\":\"Boutique One Piece\",\"url\":\"https:\\\/\\\/boutique-one-piece.com\\\/\",\"logo\":{\"@type\":\"ImageObject\",\"inLanguage\":\"it-IT\",\"@id\":\"https:\\\/\\\/boutique-one-piece.com\\\/#\\\/schema\\\/logo\\\/image\\\/\",\"url\":\"https:\\\/\\\/boutique-one-piece.com\\\/wp-content\\\/uploads\\\/2022\\\/09\\\/Logo-01.png\",\"contentUrl\":\"https:\\\/\\\/boutique-one-piece.com\\\/wp-content\\\/uploads\\\/2022\\\/09\\\/Logo-01.png\",\"width\":2318,\"height\":957,\"caption\":\"Boutique One Piece\"},\"image\":{\"@id\":\"https:\\\/\\\/boutique-one-piece.com\\\/#\\\/schema\\\/logo\\\/image\\\/\"}}]}<\/script>\n<!-- \/ Yoast SEO plugin. -->","yoast_head_json":{"title":"One Piece Figure: Mihawk il Grande Signore della Guerra (Occhio di Falco) | One Piece Figure \u2013 One Piece Shop","description":"Giovane pirata, \u00e8 giunto il momento di mettere le mani su questa statuetta di One Piece del Signore della Guerra Mihawk, Occhio di Falco. Sicuramente saprai che Dracule Mihawk, noto come &quot;Occhio di Falco&quot;, \u00e8 stato il primo Signore della Guerra del Mare. Rimase tale fino allo scioglimento del gruppo.","robots":{"index":"index","follow":"follow","max-snippet":"max-snippet:-1","max-image-preview":"max-image-preview:large","max-video-preview":"max-video-preview:-1"},"canonical":"https:\/\/boutique-one-piece.com\/it\/figurine-di-one-piece\/figurina-di-one-piece-mihawk-il-grande-corsaro-con-locchio-di-falco\/","og_locale":"it_IT","og_type":"article","og_title":"Figurine One Piece Le Grand Corsaire Mihawk Oeil de Faucon | Figurine One Piece \u2013 Boutique One Piece","og_description":"Jeune pirate, le moment est venu pour toi de te procurer cette Figurine One Piece Le Grand Corsaire Mihawk Oeil de Faucon. Tu n'es pas sans savoir que Dracule Mihawk, connu sous le surnom d\u2019\u0153il de Faucon\" est le premier Capitaine Corsaire \u00e0 appara\u00eetre. Il est rest\u00e9 Capitaine Corsaire jusqu'\u00e0 la dissolution de ce groupe","og_url":"https:\/\/boutique-one-piece.com\/it\/figurine-di-one-piece\/figurina-di-one-piece-mihawk-il-grande-corsaro-con-locchio-di-falco\/","og_site_name":"Boutique One Piece","article_modified_time":"2024-09-16T13:21:34+00:00","og_image":[{"width":800,"height":800,"url":"https:\/\/boutique-one-piece.com\/wp-content\/uploads\/2022\/09\/Figurine-One-Piece-Le-Grand-Corsaire-Mihawk-Oeil-de-Faucon-1.jpg","type":"image\/jpeg"}],"twitter_card":"summary_large_image","twitter_misc":{"Tempo di lettura stimato":"1 minuto"},"schema":{"@context":"https:\/\/schema.org","@graph":[{"@type":"WebPage","@id":"https:\/\/boutique-one-piece.com\/figurines-one-piece\/figurine-one-piece-le-grand-corsaire-mihawk-oeil-de-faucon\/","url":"https:\/\/boutique-one-piece.com\/figurines-one-piece\/figurine-one-piece-le-grand-corsaire-mihawk-oeil-de-faucon\/","name":"One Piece Figure: Mihawk il Grande Signore della Guerra (Occhio di Falco) | One Piece Figure \u2013 One Piece Shop","isPartOf":{"@id":"https:\/\/boutique-one-piece.com\/#website"},"primaryImageOfPage":{"@id":"https:\/\/boutique-one-piece.com\/figurines-one-piece\/figurine-one-piece-le-grand-corsaire-mihawk-oeil-de-faucon\/#primaryimage"},"image":{"@id":"https:\/\/boutique-one-piece.com\/figurines-one-piece\/figurine-one-piece-le-grand-corsaire-mihawk-oeil-de-faucon\/#primaryimage"},"thumbnailUrl":"https:\/\/boutique-one-piece.com\/wp-content\/uploads\/2022\/09\/Figurine-One-Piece-Le-Grand-Corsaire-Mihawk-Oeil-de-Faucon-1.jpg","datePublished":"2022-09-27T21:22:12+00:00","dateModified":"2024-09-16T13:21:34+00:00","description":"Giovane pirata, \u00e8 giunto il momento di mettere le mani su questa statuetta di One Piece del Signore della Guerra Mihawk, Occhio di Falco. Sicuramente saprai che Dracule Mihawk, noto come &quot;Occhio di Falco&quot;, \u00e8 stato il primo Signore della Guerra del Mare. Rimase tale fino allo scioglimento del gruppo.","breadcrumb":{"@id":"https:\/\/boutique-one-piece.com\/figurines-one-piece\/figurine-one-piece-le-grand-corsaire-mihawk-oeil-de-faucon\/#breadcrumb"},"inLanguage":"it-IT","potentialAction":[{"@type":"ReadAction","target":["https:\/\/boutique-one-piece.com\/figurines-one-piece\/figurine-one-piece-le-grand-corsaire-mihawk-oeil-de-faucon\/"]}]},{"@type":"ImageObject","inLanguage":"it-IT","@id":"https:\/\/boutique-one-piece.com\/figurines-one-piece\/figurine-one-piece-le-grand-corsaire-mihawk-oeil-de-faucon\/#primaryimage","url":"https:\/\/boutique-one-piece.com\/wp-content\/uploads\/2022\/09\/Figurine-One-Piece-Le-Grand-Corsaire-Mihawk-Oeil-de-Faucon-1.jpg","contentUrl":"https:\/\/boutique-one-piece.com\/wp-content\/uploads\/2022\/09\/Figurine-One-Piece-Le-Grand-Corsaire-Mihawk-Oeil-de-Faucon-1.jpg","width":800,"height":800},{"@type":"BreadcrumbList","@id":"https:\/\/boutique-one-piece.com\/figurines-one-piece\/figurine-one-piece-le-grand-corsaire-mihawk-oeil-de-faucon\/#breadcrumb","itemListElement":[{"@type":"ListItem","position":1,"name":"Home","item":"https:\/\/boutique-one-piece.com\/"},{"@type":"ListItem","position":2,"name":"Shop","item":"https:\/\/boutique-one-piece.com\/shop\/"},{"@type":"ListItem","position":3,"name":"Figurine One Piece Le Grand Corsaire Mihawk Oeil de Faucon"}]},{"@type":"WebSite","@id":"https:\/\/boutique-one-piece.com\/#website","url":"https:\/\/boutique-one-piece.com\/","name":"Negozio One Piece","description":"Negozio specializzato in manga e anime di One Piece","publisher":{"@id":"https:\/\/boutique-one-piece.com\/#organization"},"potentialAction":[{"@type":"SearchAction","target":{"@type":"EntryPoint","urlTemplate":"https:\/\/boutique-one-piece.com\/?s={search_term_string}"},"query-input":{"@type":"PropertyValueSpecification","valueRequired":true,"valueName":"search_term_string"}}],"inLanguage":"it-IT"},{"@type":"Organization","@id":"https:\/\/boutique-one-piece.com\/#organization","name":"Negozio One Piece","url":"https:\/\/boutique-one-piece.com\/","logo":{"@type":"ImageObject","inLanguage":"it-IT","@id":"https:\/\/boutique-one-piece.com\/#\/schema\/logo\/image\/","url":"https:\/\/boutique-one-piece.com\/wp-content\/uploads\/2022\/09\/Logo-01.png","contentUrl":"https:\/\/boutique-one-piece.com\/wp-content\/uploads\/2022\/09\/Logo-01.png","width":2318,"height":957,"caption":"Boutique One Piece"},"image":{"@id":"https:\/\/boutique-one-piece.com\/#\/schema\/logo\/image\/"}}]}},"_links":{"self":[{"href":"https:\/\/boutique-one-piece.com\/it\/wp-json\/wp\/v2\/product\/13687","targetHints":{"allow":["GET"]}}],"collection":[{"href":"https:\/\/boutique-one-piece.com\/it\/wp-json\/wp\/v2\/product"}],"about":[{"href":"https:\/\/boutique-one-piece.com\/it\/wp-json\/wp\/v2\/types\/product"}],"replies":[{"embeddable":true,"href":"https:\/\/boutique-one-piece.com\/it\/wp-json\/wp\/v2\/comments?post=13687"}],"wp:featuredmedia":[{"embeddable":true,"href":"https:\/\/boutique-one-piece.com\/it\/wp-json\/wp\/v2\/media\/13689"}],"wp:attachment":[{"href":"https:\/\/boutique-one-piece.com\/it\/wp-json\/wp\/v2\/media?parent=13687"}],"wp:term":[{"taxonomy":"product_brand","embeddable":true,"href":"https:\/\/boutique-one-piece.com\/it\/wp-json\/wp\/v2\/product_brand?post=13687"},{"taxonomy":"product_cat","embeddable":true,"href":"https:\/\/boutique-one-piece.com\/it\/wp-json\/wp\/v2\/product_cat?post=13687"},{"taxonomy":"product_tag","embeddable":true,"href":"https:\/\/boutique-one-piece.com\/it\/wp-json\/wp\/v2\/product_tag?post=13687"}],"curies":[{"name":"parola chiave","href":"https:\/\/api.w.org\/{rel}","templated":true}]}}