{"id":13828,"date":"2022-09-27T21:23:16","date_gmt":"2022-09-27T21:23:16","guid":{"rendered":"https:\/\/boutique-one-piece.com\/uncategorized\/avis-de-recherche-ener-wanted\/"},"modified":"2024-09-16T13:24:40","modified_gmt":"2024-09-16T13:24:40","slug":"avviso-ricercato-ener-ricercato","status":"publish","type":"product","link":"https:\/\/boutique-one-piece.com\/it\/manifesto-ricercato-di-one-piece\/avviso-ricercato-ener-ricercato\/","title":{"rendered":"Avviso di ricerca Enel"},"content":{"rendered":"<h2>Non vedete l&#039;ora di rivedere uno degli antagonisti pi\u00f9 memorabili di One Piece? Se s\u00ec, questo poster di Ener Wanted vi piacer\u00e0.<\/h2>\n<p>Enel, scritto anche Ener a seconda della versione, \u00e8 la <strong>antagonista principale<\/strong> de l\u2019Arc <strong>Skypea<\/strong>. Il est consid\u00e9r\u00e9 comme un dieu par beaucoup d\u2019habitants, car il peut abattre qui il souhaite gr\u00e2ce \u00e0 la foudre. Il se sert de son pouvoir pour viser les personnes qui ne lui apportent pas les offrandes qu\u2019il souhaite. Durant l\u2019arc Skypea, il sera finalement vaincu par Luffy gr\u00e2ce \u00e0 un incroyable concours de circonstances : Luffy \u00e9tant un homme \u00e9lastique, il ne subit aucun d\u00e9g\u00e2t des attaques d\u2019Enel.<\/p>\n<p>Enel ha mangiato il frutto del diavolo <strong>Goro Goro no mi<\/strong> qui lui permet de manier la foudre \u00e0 sa guise mais aussi de ne pas \u00eatre touch\u00e9 par des attaques physiques. C\u2019est un Logia, et un des fruits les plus puissants de l\u2019univers de One Piece.\u00a0<\/p>\n<h3>Esponi sulle tue pareti la ricompensa del Dio Enel con questo poster ricercato.<\/h3>\n<p>Durant l\u2019ellipse, on suit les aventures de Enel sur la <strong>luna<\/strong> dove incontra i Conigli Lunari e sembra fare delle scoperte sorprendenti. I fan attendono con ansia il suo ritorno. La taglia sulla testa di Enel \u00e8 di 500 milioni di Berry.<\/p>\n<p>Se ti piacciono i bonus, questo <a href=\"https:\/\/boutique-one-piece.com\/it\/avis-de-recherche-yasopp-wanted\/\" target=\"_blank\" title=\"Manifesto ricercato di Yasopp\" rel=\"noopener noreferrer\">Manifesto ricercato di Yasopp<\/a> Questo dovrebbe farti piacere.<\/p>\n<h2>Informations sur l\u2019Affiche One Piece Wanted Enel<\/h2>\n<ul>\n<li><span><b><u>Manifesto ricercato di One Piece<\/u><\/b>\u00a0: v\u00e9ritable Avis De Recherche de l\u2019univers One Piece pour les vrais pirates<\/span><\/li>\n<\/ul>\n<ul>\n<li>\n<b><u>Il bonus Enel<\/u><\/b>\u00a0500.000.000 di bacche<\/li>\n<\/ul>\n<ul>\n<li><span><strong>Stampa di alta qualit\u00e0<\/strong>\u00a0colori accurati<\/span><\/li>\n<\/ul>\n<ul>\n<li>\n<strong>Dimensione<\/strong>\u00a0: 51 cm x 36 cm<\/li>\n<\/ul>\n<ul>\n<li><span><strong>CONSEGNA GRATUITA<\/strong><\/span><\/li>\n<\/ul>","protected":false},"excerpt":{"rendered":"<p>Es-tu press\u00e9 de voir un des antagonistes les plus marquants de One Piece revenir ? Dans ce cas, cet Avis de Recherche Enel Wanted va te faire plaisir. Enel, aussi \u00e9pel\u00e9 Ener selon les versions est le principal antagoniste de l\u2019Arc Skypea. Il est consid\u00e9r\u00e9 comme un dieu par beaucoup d\u2019habitants, car il peut abattre [&hellip;]<\/p>","protected":false},"featured_media":13830,"comment_status":"open","ping_status":"open","template":"","meta":[],"product_brand":[],"product_cat":[171],"product_tag":[],"class_list":{"0":"post-13828","1":"product","2":"type-product","3":"status-publish","4":"has-post-thumbnail","6":"product_cat-avis-de-recherche-one-piece","8":"first","9":"instock","10":"purchasable","11":"product-type-simple"},"yoast_head":"<!-- This site is optimized with the Yoast SEO plugin v27.5 - https:\/\/yoast.com\/product\/yoast-seo-wordpress\/ -->\n<title>Avis De Recherche Ener Wanted | D\u00e9coration One Piece \u2013 Boutique One Piece<\/title>\n<meta name=\"description\" content=\"Es-tu press\u00e9 de voir un des antagonistes les plus marquants de One Piece revenir ? Dans ce cas, cet Avis de Recherche Enel Wanted va te faire plaisir. Enel, aussi \u00e9pel\u00e9 Ener selon les versions est le principal antagoniste de l&#039;Arc Skypea. Il est consid\u00e9r\u00e9 comme un dieu par beaucoup d&#039;habitants, car il peut abattre qui\" \/>\n<meta name=\"robots\" content=\"index, follow, max-snippet:-1, max-image-preview:large, max-video-preview:-1\" \/>\n<link rel=\"canonical\" href=\"https:\/\/boutique-one-piece.com\/it\/manifesto-ricercato-di-one-piece\/avviso-ricercato-ener-ricercato\/\" \/>\n<meta property=\"og:locale\" content=\"it_IT\" \/>\n<meta property=\"og:type\" content=\"article\" \/>\n<meta property=\"og:title\" content=\"Avis De Recherche Ener Wanted | D\u00e9coration One Piece \u2013 Boutique One Piece\" \/>\n<meta property=\"og:description\" content=\"Es-tu press\u00e9 de voir un des antagonistes les plus marquants de One Piece revenir ? Dans ce cas, cet Avis de Recherche Enel Wanted va te faire plaisir. Enel, aussi \u00e9pel\u00e9 Ener selon les versions est le principal antagoniste de l&#039;Arc Skypea. Il est consid\u00e9r\u00e9 comme un dieu par beaucoup d&#039;habitants, car il peut abattre qui\" \/>\n<meta property=\"og:url\" content=\"https:\/\/boutique-one-piece.com\/it\/manifesto-ricercato-di-one-piece\/avviso-ricercato-ener-ricercato\/\" \/>\n<meta property=\"og:site_name\" content=\"Boutique One Piece\" \/>\n<meta property=\"article:modified_time\" content=\"2024-09-16T13:24:40+00:00\" \/>\n<meta property=\"og:image\" content=\"https:\/\/boutique-one-piece.com\/wp-content\/uploads\/2022\/09\/Avis-De-Recherche-Enel-Wanted-1.jpg\" \/>\n\t<meta property=\"og:image:width\" content=\"797\" \/>\n\t<meta property=\"og:image:height\" content=\"797\" \/>\n\t<meta property=\"og:image:type\" content=\"image\/jpeg\" \/>\n<meta name=\"twitter:card\" content=\"summary_large_image\" \/>\n<meta name=\"twitter:label1\" content=\"Tempo di lettura stimato\" \/>\n\t<meta name=\"twitter:data1\" content=\"1 minuto\" \/>\n<script type=\"application\/ld+json\" class=\"yoast-schema-graph\">{\"@context\":\"https:\\\/\\\/schema.org\",\"@graph\":[{\"@type\":\"WebPage\",\"@id\":\"https:\\\/\\\/boutique-one-piece.com\\\/avis-de-recherche-one-piece\\\/avis-de-recherche-ener-wanted\\\/\",\"url\":\"https:\\\/\\\/boutique-one-piece.com\\\/avis-de-recherche-one-piece\\\/avis-de-recherche-ener-wanted\\\/\",\"name\":\"Avis De Recherche Ener Wanted | D\u00e9coration One Piece \u2013 Boutique One Piece\",\"isPartOf\":{\"@id\":\"https:\\\/\\\/boutique-one-piece.com\\\/#website\"},\"primaryImageOfPage\":{\"@id\":\"https:\\\/\\\/boutique-one-piece.com\\\/avis-de-recherche-one-piece\\\/avis-de-recherche-ener-wanted\\\/#primaryimage\"},\"image\":{\"@id\":\"https:\\\/\\\/boutique-one-piece.com\\\/avis-de-recherche-one-piece\\\/avis-de-recherche-ener-wanted\\\/#primaryimage\"},\"thumbnailUrl\":\"https:\\\/\\\/boutique-one-piece.com\\\/wp-content\\\/uploads\\\/2022\\\/09\\\/Avis-De-Recherche-Enel-Wanted-1.jpg\",\"datePublished\":\"2022-09-27T21:23:16+00:00\",\"dateModified\":\"2024-09-16T13:24:40+00:00\",\"description\":\"Es-tu press\u00e9 de voir un des antagonistes les plus marquants de One Piece revenir ? Dans ce cas, cet Avis de Recherche Enel Wanted va te faire plaisir. Enel, aussi \u00e9pel\u00e9 Ener selon les versions est le principal antagoniste de l'Arc Skypea. Il est consid\u00e9r\u00e9 comme un dieu par beaucoup d'habitants, car il peut abattre qui\",\"breadcrumb\":{\"@id\":\"https:\\\/\\\/boutique-one-piece.com\\\/avis-de-recherche-one-piece\\\/avis-de-recherche-ener-wanted\\\/#breadcrumb\"},\"inLanguage\":\"it-IT\",\"potentialAction\":[{\"@type\":\"ReadAction\",\"target\":[\"https:\\\/\\\/boutique-one-piece.com\\\/avis-de-recherche-one-piece\\\/avis-de-recherche-ener-wanted\\\/\"]}]},{\"@type\":\"ImageObject\",\"inLanguage\":\"it-IT\",\"@id\":\"https:\\\/\\\/boutique-one-piece.com\\\/avis-de-recherche-one-piece\\\/avis-de-recherche-ener-wanted\\\/#primaryimage\",\"url\":\"https:\\\/\\\/boutique-one-piece.com\\\/wp-content\\\/uploads\\\/2022\\\/09\\\/Avis-De-Recherche-Enel-Wanted-1.jpg\",\"contentUrl\":\"https:\\\/\\\/boutique-one-piece.com\\\/wp-content\\\/uploads\\\/2022\\\/09\\\/Avis-De-Recherche-Enel-Wanted-1.jpg\",\"width\":797,\"height\":797},{\"@type\":\"BreadcrumbList\",\"@id\":\"https:\\\/\\\/boutique-one-piece.com\\\/avis-de-recherche-one-piece\\\/avis-de-recherche-ener-wanted\\\/#breadcrumb\",\"itemListElement\":[{\"@type\":\"ListItem\",\"position\":1,\"name\":\"Home\",\"item\":\"https:\\\/\\\/boutique-one-piece.com\\\/\"},{\"@type\":\"ListItem\",\"position\":2,\"name\":\"Shop\",\"item\":\"https:\\\/\\\/boutique-one-piece.com\\\/shop\\\/\"},{\"@type\":\"ListItem\",\"position\":3,\"name\":\"Avis De Recherche Enel Wanted\"}]},{\"@type\":\"WebSite\",\"@id\":\"https:\\\/\\\/boutique-one-piece.com\\\/#website\",\"url\":\"https:\\\/\\\/boutique-one-piece.com\\\/\",\"name\":\"Boutique One Piece\",\"description\":\"Magasin Sp\u00e9cialis\u00e9 du Manga et l&#039;Anime One Piece\",\"publisher\":{\"@id\":\"https:\\\/\\\/boutique-one-piece.com\\\/#organization\"},\"potentialAction\":[{\"@type\":\"SearchAction\",\"target\":{\"@type\":\"EntryPoint\",\"urlTemplate\":\"https:\\\/\\\/boutique-one-piece.com\\\/?s={search_term_string}\"},\"query-input\":{\"@type\":\"PropertyValueSpecification\",\"valueRequired\":true,\"valueName\":\"search_term_string\"}}],\"inLanguage\":\"it-IT\"},{\"@type\":\"Organization\",\"@id\":\"https:\\\/\\\/boutique-one-piece.com\\\/#organization\",\"name\":\"Boutique One Piece\",\"url\":\"https:\\\/\\\/boutique-one-piece.com\\\/\",\"logo\":{\"@type\":\"ImageObject\",\"inLanguage\":\"it-IT\",\"@id\":\"https:\\\/\\\/boutique-one-piece.com\\\/#\\\/schema\\\/logo\\\/image\\\/\",\"url\":\"https:\\\/\\\/boutique-one-piece.com\\\/wp-content\\\/uploads\\\/2022\\\/09\\\/Logo-01.png\",\"contentUrl\":\"https:\\\/\\\/boutique-one-piece.com\\\/wp-content\\\/uploads\\\/2022\\\/09\\\/Logo-01.png\",\"width\":2318,\"height\":957,\"caption\":\"Boutique One Piece\"},\"image\":{\"@id\":\"https:\\\/\\\/boutique-one-piece.com\\\/#\\\/schema\\\/logo\\\/image\\\/\"}}]}<\/script>\n<!-- \/ Yoast SEO plugin. -->","yoast_head_json":{"title":"Annuncio di ricerca Ener | Decorazione One Piece \u2013 Negozio One Piece","description":"Non vedete l&#039;ora di vedere tornare uno degli antagonisti pi\u00f9 memorabili di One Piece? Se s\u00ec, questo poster di Enel Ricercato vi render\u00e0 felici. Enel, scritto anche Ener in alcune versioni, \u00e8 il principale antagonista dell&#039;Arco di Skypiea. \u00c8 considerato un dio da molti abitanti, poich\u00e9 pu\u00f2 sconfiggere chiunque.","robots":{"index":"index","follow":"follow","max-snippet":"max-snippet:-1","max-image-preview":"max-image-preview:large","max-video-preview":"max-video-preview:-1"},"canonical":"https:\/\/boutique-one-piece.com\/it\/manifesto-ricercato-di-one-piece\/avviso-ricercato-ener-ricercato\/","og_locale":"it_IT","og_type":"article","og_title":"Avis De Recherche Ener Wanted | D\u00e9coration One Piece \u2013 Boutique One Piece","og_description":"Es-tu press\u00e9 de voir un des antagonistes les plus marquants de One Piece revenir ? Dans ce cas, cet Avis de Recherche Enel Wanted va te faire plaisir. Enel, aussi \u00e9pel\u00e9 Ener selon les versions est le principal antagoniste de l'Arc Skypea. Il est consid\u00e9r\u00e9 comme un dieu par beaucoup d'habitants, car il peut abattre qui","og_url":"https:\/\/boutique-one-piece.com\/it\/manifesto-ricercato-di-one-piece\/avviso-ricercato-ener-ricercato\/","og_site_name":"Boutique One Piece","article_modified_time":"2024-09-16T13:24:40+00:00","og_image":[{"width":797,"height":797,"url":"https:\/\/boutique-one-piece.com\/wp-content\/uploads\/2022\/09\/Avis-De-Recherche-Enel-Wanted-1.jpg","type":"image\/jpeg"}],"twitter_card":"summary_large_image","twitter_misc":{"Tempo di lettura stimato":"1 minuto"},"schema":{"@context":"https:\/\/schema.org","@graph":[{"@type":"WebPage","@id":"https:\/\/boutique-one-piece.com\/avis-de-recherche-one-piece\/avis-de-recherche-ener-wanted\/","url":"https:\/\/boutique-one-piece.com\/avis-de-recherche-one-piece\/avis-de-recherche-ener-wanted\/","name":"Annuncio di ricerca Ener | Decorazione One Piece \u2013 Negozio One Piece","isPartOf":{"@id":"https:\/\/boutique-one-piece.com\/#website"},"primaryImageOfPage":{"@id":"https:\/\/boutique-one-piece.com\/avis-de-recherche-one-piece\/avis-de-recherche-ener-wanted\/#primaryimage"},"image":{"@id":"https:\/\/boutique-one-piece.com\/avis-de-recherche-one-piece\/avis-de-recherche-ener-wanted\/#primaryimage"},"thumbnailUrl":"https:\/\/boutique-one-piece.com\/wp-content\/uploads\/2022\/09\/Avis-De-Recherche-Enel-Wanted-1.jpg","datePublished":"2022-09-27T21:23:16+00:00","dateModified":"2024-09-16T13:24:40+00:00","description":"Non vedete l&#039;ora di vedere tornare uno degli antagonisti pi\u00f9 memorabili di One Piece? Se s\u00ec, questo poster di Enel Ricercato vi render\u00e0 felici. Enel, scritto anche Ener in alcune versioni, \u00e8 il principale antagonista dell&#039;Arco di Skypiea. \u00c8 considerato un dio da molti abitanti, poich\u00e9 pu\u00f2 sconfiggere chiunque.","breadcrumb":{"@id":"https:\/\/boutique-one-piece.com\/avis-de-recherche-one-piece\/avis-de-recherche-ener-wanted\/#breadcrumb"},"inLanguage":"it-IT","potentialAction":[{"@type":"ReadAction","target":["https:\/\/boutique-one-piece.com\/avis-de-recherche-one-piece\/avis-de-recherche-ener-wanted\/"]}]},{"@type":"ImageObject","inLanguage":"it-IT","@id":"https:\/\/boutique-one-piece.com\/avis-de-recherche-one-piece\/avis-de-recherche-ener-wanted\/#primaryimage","url":"https:\/\/boutique-one-piece.com\/wp-content\/uploads\/2022\/09\/Avis-De-Recherche-Enel-Wanted-1.jpg","contentUrl":"https:\/\/boutique-one-piece.com\/wp-content\/uploads\/2022\/09\/Avis-De-Recherche-Enel-Wanted-1.jpg","width":797,"height":797},{"@type":"BreadcrumbList","@id":"https:\/\/boutique-one-piece.com\/avis-de-recherche-one-piece\/avis-de-recherche-ener-wanted\/#breadcrumb","itemListElement":[{"@type":"ListItem","position":1,"name":"Home","item":"https:\/\/boutique-one-piece.com\/"},{"@type":"ListItem","position":2,"name":"Shop","item":"https:\/\/boutique-one-piece.com\/shop\/"},{"@type":"ListItem","position":3,"name":"Avis De Recherche Enel Wanted"}]},{"@type":"WebSite","@id":"https:\/\/boutique-one-piece.com\/#website","url":"https:\/\/boutique-one-piece.com\/","name":"Negozio One Piece","description":"Negozio specializzato in manga e anime di One Piece","publisher":{"@id":"https:\/\/boutique-one-piece.com\/#organization"},"potentialAction":[{"@type":"SearchAction","target":{"@type":"EntryPoint","urlTemplate":"https:\/\/boutique-one-piece.com\/?s={search_term_string}"},"query-input":{"@type":"PropertyValueSpecification","valueRequired":true,"valueName":"search_term_string"}}],"inLanguage":"it-IT"},{"@type":"Organization","@id":"https:\/\/boutique-one-piece.com\/#organization","name":"Negozio One Piece","url":"https:\/\/boutique-one-piece.com\/","logo":{"@type":"ImageObject","inLanguage":"it-IT","@id":"https:\/\/boutique-one-piece.com\/#\/schema\/logo\/image\/","url":"https:\/\/boutique-one-piece.com\/wp-content\/uploads\/2022\/09\/Logo-01.png","contentUrl":"https:\/\/boutique-one-piece.com\/wp-content\/uploads\/2022\/09\/Logo-01.png","width":2318,"height":957,"caption":"Boutique One Piece"},"image":{"@id":"https:\/\/boutique-one-piece.com\/#\/schema\/logo\/image\/"}}]}},"_links":{"self":[{"href":"https:\/\/boutique-one-piece.com\/it\/wp-json\/wp\/v2\/product\/13828","targetHints":{"allow":["GET"]}}],"collection":[{"href":"https:\/\/boutique-one-piece.com\/it\/wp-json\/wp\/v2\/product"}],"about":[{"href":"https:\/\/boutique-one-piece.com\/it\/wp-json\/wp\/v2\/types\/product"}],"replies":[{"embeddable":true,"href":"https:\/\/boutique-one-piece.com\/it\/wp-json\/wp\/v2\/comments?post=13828"}],"wp:featuredmedia":[{"embeddable":true,"href":"https:\/\/boutique-one-piece.com\/it\/wp-json\/wp\/v2\/media\/13830"}],"wp:attachment":[{"href":"https:\/\/boutique-one-piece.com\/it\/wp-json\/wp\/v2\/media?parent=13828"}],"wp:term":[{"taxonomy":"product_brand","embeddable":true,"href":"https:\/\/boutique-one-piece.com\/it\/wp-json\/wp\/v2\/product_brand?post=13828"},{"taxonomy":"product_cat","embeddable":true,"href":"https:\/\/boutique-one-piece.com\/it\/wp-json\/wp\/v2\/product_cat?post=13828"},{"taxonomy":"product_tag","embeddable":true,"href":"https:\/\/boutique-one-piece.com\/it\/wp-json\/wp\/v2\/product_tag?post=13828"}],"curies":[{"name":"parola chiave","href":"https:\/\/api.w.org\/{rel}","templated":true}]}}