{"id":14600,"date":"2022-09-27T21:33:15","date_gmt":"2022-09-27T21:33:15","guid":{"rendered":"https:\/\/boutique-one-piece.com\/uncategorized\/avis-de-recherche-alvida-wanted\/"},"modified":"2024-09-16T13:45:06","modified_gmt":"2024-09-16T13:45:06","slug":"manifesto-ricercato-di-alvida","status":"publish","type":"product","link":"https:\/\/boutique-one-piece.com\/it\/manifesto-ricercato-di-one-piece\/manifesto-ricercato-di-alvida\/","title":{"rendered":"Avviso di ricerca Alvida"},"content":{"rendered":"<h2>Regalati un poster che unisce una bella donna alla pirateria. Questo poster di Alvida Wanted sar\u00e0 una fantastica decorazione per le tue pareti.<\/h2>\n<p>Alvida \u00e8 il <strong>primo capitano<\/strong> Un pirata che Rufy incontra all&#039;inizio della sua avventura. \u00c8 una donna obesa che combatte con un grosso<strong> club<\/strong>, Alvida \u00e8 anche una donna schizzinosa che non sopporta la polvere o qualsiasi cosa abbia a che fare con lo sporco. \u00c8 sulla sua nave che finisce anche Coby, lavorando come domestica e praticamente schiava di Alvida. Lei e gran parte del suo equipaggio verranno sconfitti da Rufy, che fuggir\u00e0 dalla sua nave con Coby.<\/p>\n<h3>Siete pronti a iniziare una collezione di poster con questo poster &quot;Ricercato da Alvida&quot;?<\/h3>\n<p>Pi\u00f9 avanti nell&#039;avventura, Alvida mangia il frutto del diavolo di <strong>Sube Sube no mi<\/strong>, che ne alterer\u00e0 l&#039;aspetto. Diventer\u00e0 molto pi\u00f9 snella e il suo equipaggio cadr\u00e0 sotto il suo incantesimo. Le permette di far scivolare via tutto dalla sua pelle, compresi gli attacchi fisici. Lo usa anche per muoversi planando, guadagnando cos\u00ec velocit\u00e0. Si allea con <strong>Baggy il clown<\/strong> e assumer\u00e0 persino il comando del suo equipaggio quando saranno imprigionati a Impel Down. La sua testa vale 5 milioni di bacche.<\/p>\n<p>Anche a questo si arrende <a href=\"https:\/\/boutique-one-piece.com\/it\/poster-ricercato-di-one-piece-nico-robin-ricercata\/\" target=\"_blank\" title=\"Manifesto ricercato di Nico Robin\" rel=\"noopener noreferrer\">avviso di ricerca per Nico Robin<\/a>.<\/p>\n<p>\u00a0<\/p>\n<h2>Informazioni sul poster di One Piece Wanted Alvida<\/h2>\n<ul>\n<li><span><b><u>Manifesto ricercato di One Piece<\/u><\/b>\u00a0Un autentico poster ricercato di One Piece per veri pirati<\/span><\/li>\n<\/ul>\n<ul>\n<li>\n<b><u>Bonus di Alvida<\/u><\/b>\u00a05.000.000 di bacche<\/li>\n<\/ul>\n<ul>\n<li><span><strong>Stampa di alta qualit\u00e0<\/strong>\u00a0colori accurati<\/span><\/li>\n<\/ul>\n<ul>\n<li>\n<strong>Dimensione<\/strong>\u00a0: 51 cm x 36 cm<\/li>\n<\/ul>\n<ul>\n<li><span><strong>CONSEGNA GRATUITA<\/strong><\/span><\/li>\n<\/ul>","protected":false},"excerpt":{"rendered":"<p>Regalati un poster che unisce una bella donna alla pirateria. Questo poster &quot;Alvida Wanted&quot; sar\u00e0 una fantastica decorazione per le tue pareti. Alvida \u00e8 il primo capitano pirata che Luffy incontra all&#039;inizio della sua avventura. \u00c8 una donna obesa che combatte con una grande clava e costringe il suo equipaggio a dire [...]<\/p>","protected":false},"featured_media":14602,"comment_status":"open","ping_status":"open","template":"","meta":[],"product_brand":[],"product_cat":[171],"product_tag":[],"class_list":{"0":"post-14600","1":"product","2":"type-product","3":"status-publish","4":"has-post-thumbnail","6":"product_cat-avis-de-recherche-one-piece","8":"first","9":"instock","10":"purchasable","11":"product-type-simple"},"yoast_head":"<!-- This site is optimized with the Yoast SEO plugin v27.5 - https:\/\/yoast.com\/product\/yoast-seo-wordpress\/ -->\n<title>Avis De Recherche Alvida Wanted | D\u00e9coration One Piece \u2013 Boutique One Piece<\/title>\n<meta name=\"description\" content=\"Laisse-toi tenter par une affiche qui allie jolie femme et piraterie. Cet avis de Recherche Alvida Wanted fera office de d\u00e9cor sur tes murs. Alvida est la premi\u00e8re capitaine pirate que rencontre Luffy lorsqu&#039;il d\u00e9bute son aventure. C&#039;est une femme ob\u00e8se qui se bat avec une grosse massue, et qui force son \u00e9quipage \u00e0 dir\" \/>\n<meta name=\"robots\" content=\"index, follow, max-snippet:-1, max-image-preview:large, max-video-preview:-1\" \/>\n<link rel=\"canonical\" href=\"https:\/\/boutique-one-piece.com\/it\/manifesto-ricercato-di-one-piece\/manifesto-ricercato-di-alvida\/\" \/>\n<meta property=\"og:locale\" content=\"it_IT\" \/>\n<meta property=\"og:type\" content=\"article\" \/>\n<meta property=\"og:title\" content=\"Avis De Recherche Alvida Wanted | D\u00e9coration One Piece \u2013 Boutique One Piece\" \/>\n<meta property=\"og:description\" content=\"Laisse-toi tenter par une affiche qui allie jolie femme et piraterie. Cet avis de Recherche Alvida Wanted fera office de d\u00e9cor sur tes murs. Alvida est la premi\u00e8re capitaine pirate que rencontre Luffy lorsqu&#039;il d\u00e9bute son aventure. C&#039;est une femme ob\u00e8se qui se bat avec une grosse massue, et qui force son \u00e9quipage \u00e0 dir\" \/>\n<meta property=\"og:url\" content=\"https:\/\/boutique-one-piece.com\/it\/manifesto-ricercato-di-one-piece\/manifesto-ricercato-di-alvida\/\" \/>\n<meta property=\"og:site_name\" content=\"Boutique One Piece\" \/>\n<meta property=\"article:modified_time\" content=\"2024-09-16T13:45:06+00:00\" \/>\n<meta property=\"og:image\" content=\"https:\/\/boutique-one-piece.com\/wp-content\/uploads\/2022\/09\/Avis-De-Recherche-Alvida-Wanted-1.jpg\" \/>\n\t<meta property=\"og:image:width\" content=\"797\" \/>\n\t<meta property=\"og:image:height\" content=\"798\" \/>\n\t<meta property=\"og:image:type\" content=\"image\/jpeg\" \/>\n<meta name=\"twitter:card\" content=\"summary_large_image\" \/>\n<meta name=\"twitter:label1\" content=\"Tempo di lettura stimato\" \/>\n\t<meta name=\"twitter:data1\" content=\"1 minuto\" \/>\n<script type=\"application\/ld+json\" class=\"yoast-schema-graph\">{\"@context\":\"https:\\\/\\\/schema.org\",\"@graph\":[{\"@type\":\"WebPage\",\"@id\":\"https:\\\/\\\/boutique-one-piece.com\\\/avis-de-recherche-one-piece\\\/avis-de-recherche-alvida-wanted\\\/\",\"url\":\"https:\\\/\\\/boutique-one-piece.com\\\/avis-de-recherche-one-piece\\\/avis-de-recherche-alvida-wanted\\\/\",\"name\":\"Avis De Recherche Alvida Wanted | D\u00e9coration One Piece \u2013 Boutique One Piece\",\"isPartOf\":{\"@id\":\"https:\\\/\\\/boutique-one-piece.com\\\/#website\"},\"primaryImageOfPage\":{\"@id\":\"https:\\\/\\\/boutique-one-piece.com\\\/avis-de-recherche-one-piece\\\/avis-de-recherche-alvida-wanted\\\/#primaryimage\"},\"image\":{\"@id\":\"https:\\\/\\\/boutique-one-piece.com\\\/avis-de-recherche-one-piece\\\/avis-de-recherche-alvida-wanted\\\/#primaryimage\"},\"thumbnailUrl\":\"https:\\\/\\\/boutique-one-piece.com\\\/wp-content\\\/uploads\\\/2022\\\/09\\\/Avis-De-Recherche-Alvida-Wanted-1.jpg\",\"datePublished\":\"2022-09-27T21:33:15+00:00\",\"dateModified\":\"2024-09-16T13:45:06+00:00\",\"description\":\"Laisse-toi tenter par une affiche qui allie jolie femme et piraterie. Cet avis de Recherche Alvida Wanted fera office de d\u00e9cor sur tes murs. Alvida est la premi\u00e8re capitaine pirate que rencontre Luffy lorsqu'il d\u00e9bute son aventure. C'est une femme ob\u00e8se qui se bat avec une grosse massue, et qui force son \u00e9quipage \u00e0 dir\",\"breadcrumb\":{\"@id\":\"https:\\\/\\\/boutique-one-piece.com\\\/avis-de-recherche-one-piece\\\/avis-de-recherche-alvida-wanted\\\/#breadcrumb\"},\"inLanguage\":\"it-IT\",\"potentialAction\":[{\"@type\":\"ReadAction\",\"target\":[\"https:\\\/\\\/boutique-one-piece.com\\\/avis-de-recherche-one-piece\\\/avis-de-recherche-alvida-wanted\\\/\"]}]},{\"@type\":\"ImageObject\",\"inLanguage\":\"it-IT\",\"@id\":\"https:\\\/\\\/boutique-one-piece.com\\\/avis-de-recherche-one-piece\\\/avis-de-recherche-alvida-wanted\\\/#primaryimage\",\"url\":\"https:\\\/\\\/boutique-one-piece.com\\\/wp-content\\\/uploads\\\/2022\\\/09\\\/Avis-De-Recherche-Alvida-Wanted-1.jpg\",\"contentUrl\":\"https:\\\/\\\/boutique-one-piece.com\\\/wp-content\\\/uploads\\\/2022\\\/09\\\/Avis-De-Recherche-Alvida-Wanted-1.jpg\",\"width\":797,\"height\":798},{\"@type\":\"BreadcrumbList\",\"@id\":\"https:\\\/\\\/boutique-one-piece.com\\\/avis-de-recherche-one-piece\\\/avis-de-recherche-alvida-wanted\\\/#breadcrumb\",\"itemListElement\":[{\"@type\":\"ListItem\",\"position\":1,\"name\":\"Home\",\"item\":\"https:\\\/\\\/boutique-one-piece.com\\\/\"},{\"@type\":\"ListItem\",\"position\":2,\"name\":\"Shop\",\"item\":\"https:\\\/\\\/boutique-one-piece.com\\\/shop\\\/\"},{\"@type\":\"ListItem\",\"position\":3,\"name\":\"Avis De Recherche Alvida Wanted\"}]},{\"@type\":\"WebSite\",\"@id\":\"https:\\\/\\\/boutique-one-piece.com\\\/#website\",\"url\":\"https:\\\/\\\/boutique-one-piece.com\\\/\",\"name\":\"Boutique One Piece\",\"description\":\"Magasin Sp\u00e9cialis\u00e9 du Manga et l&#039;Anime One Piece\",\"publisher\":{\"@id\":\"https:\\\/\\\/boutique-one-piece.com\\\/#organization\"},\"potentialAction\":[{\"@type\":\"SearchAction\",\"target\":{\"@type\":\"EntryPoint\",\"urlTemplate\":\"https:\\\/\\\/boutique-one-piece.com\\\/?s={search_term_string}\"},\"query-input\":{\"@type\":\"PropertyValueSpecification\",\"valueRequired\":true,\"valueName\":\"search_term_string\"}}],\"inLanguage\":\"it-IT\"},{\"@type\":\"Organization\",\"@id\":\"https:\\\/\\\/boutique-one-piece.com\\\/#organization\",\"name\":\"Boutique One Piece\",\"url\":\"https:\\\/\\\/boutique-one-piece.com\\\/\",\"logo\":{\"@type\":\"ImageObject\",\"inLanguage\":\"it-IT\",\"@id\":\"https:\\\/\\\/boutique-one-piece.com\\\/#\\\/schema\\\/logo\\\/image\\\/\",\"url\":\"https:\\\/\\\/boutique-one-piece.com\\\/wp-content\\\/uploads\\\/2022\\\/09\\\/Logo-01.png\",\"contentUrl\":\"https:\\\/\\\/boutique-one-piece.com\\\/wp-content\\\/uploads\\\/2022\\\/09\\\/Logo-01.png\",\"width\":2318,\"height\":957,\"caption\":\"Boutique One Piece\"},\"image\":{\"@id\":\"https:\\\/\\\/boutique-one-piece.com\\\/#\\\/schema\\\/logo\\\/image\\\/\"}}]}<\/script>\n<!-- \/ Yoast SEO plugin. -->","yoast_head_json":{"title":"Annuncio di ricerca Alvida | Decorazioni One Piece \u2013 Negozio One Piece","description":"Regalati un poster che unisce una bella donna alla pirateria. Questo poster &quot;Alvida Wanted&quot; sar\u00e0 una fantastica decorazione per le tue pareti. Alvida \u00e8 il primo capitano pirata che Luffy incontra all&#039;inizio della sua avventura. \u00c8 una donna obesa che combatte con una grande clava e costringe il suo equipaggio a...","robots":{"index":"index","follow":"follow","max-snippet":"max-snippet:-1","max-image-preview":"max-image-preview:large","max-video-preview":"max-video-preview:-1"},"canonical":"https:\/\/boutique-one-piece.com\/it\/manifesto-ricercato-di-one-piece\/manifesto-ricercato-di-alvida\/","og_locale":"it_IT","og_type":"article","og_title":"Avis De Recherche Alvida Wanted | D\u00e9coration One Piece \u2013 Boutique One Piece","og_description":"Laisse-toi tenter par une affiche qui allie jolie femme et piraterie. Cet avis de Recherche Alvida Wanted fera office de d\u00e9cor sur tes murs. Alvida est la premi\u00e8re capitaine pirate que rencontre Luffy lorsqu'il d\u00e9bute son aventure. C'est une femme ob\u00e8se qui se bat avec une grosse massue, et qui force son \u00e9quipage \u00e0 dir","og_url":"https:\/\/boutique-one-piece.com\/it\/manifesto-ricercato-di-one-piece\/manifesto-ricercato-di-alvida\/","og_site_name":"Boutique One Piece","article_modified_time":"2024-09-16T13:45:06+00:00","og_image":[{"width":797,"height":798,"url":"https:\/\/boutique-one-piece.com\/wp-content\/uploads\/2022\/09\/Avis-De-Recherche-Alvida-Wanted-1.jpg","type":"image\/jpeg"}],"twitter_card":"summary_large_image","twitter_misc":{"Tempo di lettura stimato":"1 minuto"},"schema":{"@context":"https:\/\/schema.org","@graph":[{"@type":"WebPage","@id":"https:\/\/boutique-one-piece.com\/avis-de-recherche-one-piece\/avis-de-recherche-alvida-wanted\/","url":"https:\/\/boutique-one-piece.com\/avis-de-recherche-one-piece\/avis-de-recherche-alvida-wanted\/","name":"Annuncio di ricerca Alvida | Decorazioni One Piece \u2013 Negozio One Piece","isPartOf":{"@id":"https:\/\/boutique-one-piece.com\/#website"},"primaryImageOfPage":{"@id":"https:\/\/boutique-one-piece.com\/avis-de-recherche-one-piece\/avis-de-recherche-alvida-wanted\/#primaryimage"},"image":{"@id":"https:\/\/boutique-one-piece.com\/avis-de-recherche-one-piece\/avis-de-recherche-alvida-wanted\/#primaryimage"},"thumbnailUrl":"https:\/\/boutique-one-piece.com\/wp-content\/uploads\/2022\/09\/Avis-De-Recherche-Alvida-Wanted-1.jpg","datePublished":"2022-09-27T21:33:15+00:00","dateModified":"2024-09-16T13:45:06+00:00","description":"Regalati un poster che unisce una bella donna alla pirateria. Questo poster &quot;Alvida Wanted&quot; sar\u00e0 una fantastica decorazione per le tue pareti. Alvida \u00e8 il primo capitano pirata che Luffy incontra all&#039;inizio della sua avventura. \u00c8 una donna obesa che combatte con una grande clava e costringe il suo equipaggio a...","breadcrumb":{"@id":"https:\/\/boutique-one-piece.com\/avis-de-recherche-one-piece\/avis-de-recherche-alvida-wanted\/#breadcrumb"},"inLanguage":"it-IT","potentialAction":[{"@type":"ReadAction","target":["https:\/\/boutique-one-piece.com\/avis-de-recherche-one-piece\/avis-de-recherche-alvida-wanted\/"]}]},{"@type":"ImageObject","inLanguage":"it-IT","@id":"https:\/\/boutique-one-piece.com\/avis-de-recherche-one-piece\/avis-de-recherche-alvida-wanted\/#primaryimage","url":"https:\/\/boutique-one-piece.com\/wp-content\/uploads\/2022\/09\/Avis-De-Recherche-Alvida-Wanted-1.jpg","contentUrl":"https:\/\/boutique-one-piece.com\/wp-content\/uploads\/2022\/09\/Avis-De-Recherche-Alvida-Wanted-1.jpg","width":797,"height":798},{"@type":"BreadcrumbList","@id":"https:\/\/boutique-one-piece.com\/avis-de-recherche-one-piece\/avis-de-recherche-alvida-wanted\/#breadcrumb","itemListElement":[{"@type":"ListItem","position":1,"name":"Home","item":"https:\/\/boutique-one-piece.com\/"},{"@type":"ListItem","position":2,"name":"Shop","item":"https:\/\/boutique-one-piece.com\/shop\/"},{"@type":"ListItem","position":3,"name":"Avis De Recherche Alvida Wanted"}]},{"@type":"WebSite","@id":"https:\/\/boutique-one-piece.com\/#website","url":"https:\/\/boutique-one-piece.com\/","name":"Negozio One Piece","description":"Negozio specializzato in manga e anime di One Piece","publisher":{"@id":"https:\/\/boutique-one-piece.com\/#organization"},"potentialAction":[{"@type":"SearchAction","target":{"@type":"EntryPoint","urlTemplate":"https:\/\/boutique-one-piece.com\/?s={search_term_string}"},"query-input":{"@type":"PropertyValueSpecification","valueRequired":true,"valueName":"search_term_string"}}],"inLanguage":"it-IT"},{"@type":"Organization","@id":"https:\/\/boutique-one-piece.com\/#organization","name":"Negozio One Piece","url":"https:\/\/boutique-one-piece.com\/","logo":{"@type":"ImageObject","inLanguage":"it-IT","@id":"https:\/\/boutique-one-piece.com\/#\/schema\/logo\/image\/","url":"https:\/\/boutique-one-piece.com\/wp-content\/uploads\/2022\/09\/Logo-01.png","contentUrl":"https:\/\/boutique-one-piece.com\/wp-content\/uploads\/2022\/09\/Logo-01.png","width":2318,"height":957,"caption":"Boutique One Piece"},"image":{"@id":"https:\/\/boutique-one-piece.com\/#\/schema\/logo\/image\/"}}]}},"_links":{"self":[{"href":"https:\/\/boutique-one-piece.com\/it\/wp-json\/wp\/v2\/product\/14600","targetHints":{"allow":["GET"]}}],"collection":[{"href":"https:\/\/boutique-one-piece.com\/it\/wp-json\/wp\/v2\/product"}],"about":[{"href":"https:\/\/boutique-one-piece.com\/it\/wp-json\/wp\/v2\/types\/product"}],"replies":[{"embeddable":true,"href":"https:\/\/boutique-one-piece.com\/it\/wp-json\/wp\/v2\/comments?post=14600"}],"wp:featuredmedia":[{"embeddable":true,"href":"https:\/\/boutique-one-piece.com\/it\/wp-json\/wp\/v2\/media\/14602"}],"wp:attachment":[{"href":"https:\/\/boutique-one-piece.com\/it\/wp-json\/wp\/v2\/media?parent=14600"}],"wp:term":[{"taxonomy":"product_brand","embeddable":true,"href":"https:\/\/boutique-one-piece.com\/it\/wp-json\/wp\/v2\/product_brand?post=14600"},{"taxonomy":"product_cat","embeddable":true,"href":"https:\/\/boutique-one-piece.com\/it\/wp-json\/wp\/v2\/product_cat?post=14600"},{"taxonomy":"product_tag","embeddable":true,"href":"https:\/\/boutique-one-piece.com\/it\/wp-json\/wp\/v2\/product_tag?post=14600"}],"curies":[{"name":"parola chiave","href":"https:\/\/api.w.org\/{rel}","templated":true}]}}