{"id":15896,"date":"2022-09-27T21:41:28","date_gmt":"2022-09-27T21:41:28","guid":{"rendered":"https:\/\/boutique-one-piece.com\/uncategorized\/tableau-one-piece-lequipage-avec-sunny-2\/"},"modified":"2024-09-16T14:24:07","modified_gmt":"2024-09-16T14:24:07","slug":"lequipaggio-di-one-piece-dipinge-con-sunny-2","status":"publish","type":"product","link":"https:\/\/boutique-one-piece.com\/it\/decorazioni-di-one-piece\/lequipaggio-di-one-piece-dipinge-con-sunny-2\/","title":{"rendered":"Dipinto di One Piece: The Crew con Sunny"},"content":{"rendered":"<p><meta charset=\"utf-8\"><\/p>\n<h2>Stampa su tela a 5 pannelli di One Piece raffigurante i Pirati di Cappello di Paglia e la loro nave, la Thousand Sunny. Una stampa su tela di qualit\u00e0 per un pirata come te!<\/h2>\n<p>Se sei un\u00a0<strong>vero pirata<\/strong>, Apprezzerai il\u00a0<strong>qualit\u00e0<\/strong>\u00a0tela, vernice e una cornice per i loro\u00a0<strong>disegni\u00a0<\/strong>E\u00a0<strong>l\u2019impression 3D Canvas<\/strong>\u00a0di questo\u00a0<strong>Dipinto One Piece a 5 pannelli<\/strong>\u00a0Ma la cosa pi\u00f9 importante \u00e8 che con questo grafico farai parte di\u00a0<strong>l\u2019\u00e9quipage\u00a0des fans<\/strong>\u00a0Di\u00a0<strong>manga pirata<\/strong>\u00a0e otterrai:<\/p>\n<ul>\n<li>\u00a0<strong>L\u2019admiration<\/strong>\u00a0di tutti i fan di\u00a0<strong>mugiwara<\/strong>\u00a0che inviterai a casa tua<\/li>\n<\/ul>\n<ul>\n<li>Un vero\u00a0<strong>Tabella stampata da 5 pezzi<\/strong>\u00a0con cui puoi<strong>\u00a0t\u2019imaginer<\/strong>\u00a0<strong><\/strong>lasciare <strong>l\u2019aventure<\/strong> avec l\u2019\u00c9quipage de<b>\u00a0Monkey D. Rufy<\/b>\n<\/li>\n<\/ul>\n<p>Quindi, pronto a mostrare il\u00a0<strong>colori <\/strong>Di <strong>Cappello di paglia<\/strong>\u00a0?<\/p>\n<h2>Es-tu un fan du manga ou de l\u2019anim\u00e9 One Piece ? Montre le avec ce Tableau 5 Pi\u00e8ces One Piece !<\/h2>\n<p>Se tu\u00a0<strong>Leggere<\/strong>\u00a0o ovunque tu guardi\u00a0<strong>l\u2019anim\u00e9\u00a0<\/strong><strong>giapponese<\/strong>, Ci sono buone probabilit\u00e0 che tu sia diventato\u00a0<strong>pazzo di One Piece<\/strong>\u00a0Con questo!\u00a0<strong>tableau 5 panneaux L\u2019\u00c9quipage et Sunny<\/strong>, rejoins\u00a0l\u2019<strong>gruppo di fan del franchise<\/strong><\/p>\n<p>Questo\u00a0<strong>pittura<\/strong>\u00a0\u00e8 disponibile con un\u00a0<strong>cornice di legno<\/strong>\u00a0la variante &quot;\u00ab\u00a0<strong>Con cornice<\/strong>\u00ab\u00a0, il est \u00e9galement possible d\u2019avoir uniquement la\u00a0<strong>stoffa<\/strong>\u00a0con la variante &quot;\u00ab\u00a0<strong>Senza cornice<\/strong>\u00ab&quot;Troverai la tabella nelle misure\u00a0<strong>Poco<\/strong>,<strong>\u00a0MEDIA<\/strong>,<strong>\u00a0Grande<\/strong>,<strong>\u00a0XL<\/strong>, il conviendra \u00e0 toutes les\u00a0cat\u00e9gories\u00a0de pirates, m\u00eame si tu n\u2019as pas\u00a0<strong>d\u2019\u00e9p\u00e9e<\/strong>\u00a0O\u00a0<strong>frutto del diavolo<\/strong>\u00a0tu peux quand m\u00eame l\u2019accrocher fi\u00e8rement chez toi<\/p>\n<p><strong>Mille Sunny<\/strong> IL <strong>nave pirata<\/strong> riempito con <strong>gadget<\/strong> di tutti i tipi. <strong>Franky<\/strong> l\u2019a construit apr\u00e8s la perte du <strong>Vogue Merry<\/strong> la prima barca di <strong>l\u2019\u00e9quipage<\/strong> Di <strong>Cappello di paglia<\/strong>.<\/p>\n<h2>Informazioni sul dipinto:<\/h2>\n<ul>\n<li>\n<strong>Tela stampata di alta qualit\u00e0\u00a0<\/strong>: tela da parete realizzata in <strong>cotone<\/strong> E <strong>biancheria<\/strong>, per ottenere un <strong>stoffa<\/strong> degno di questo nome<\/li>\n<\/ul>\n<ul>\n<li>\n<strong>Pittura Ultra Design<\/strong>\u00a0La tabella in cinque parti fornisce molto <strong>stile<\/strong> a un <strong>pezzo<\/strong>, les fans ne peuvent qu\u2019adorer<\/li>\n<\/ul>\n<ul style=\"font-weight: 400;\">\n<li>\n<strong>Colore e stampa\u00a0<\/strong>Dipinto di One Piece con una stampa <strong>Canva<\/strong> la r\u00e9f\u00e9rence dans l\u2019impression de toiles<\/li>\n<\/ul>\n<ul style=\"font-weight: 400;\">\n<li>\n<strong>Arte murale leggera<\/strong>\u00a0: ottima ambientazione <strong>leggero,<\/strong> il ne suffit que d\u2019un <strong>chiodo<\/strong> o del <strong>gamba fissa<\/strong> per il <strong>mantenere<\/strong> A <strong>parete<\/strong>\n<\/li>\n<\/ul>\n<ul style=\"font-weight: 400;\">\n<li>\n<strong>Telaio in legno<\/strong>\u00a0: la variante &quot;\u00ab\u00a0<strong>Con cornice<\/strong>\u00a0\u00bb est accompagn\u00e9e d\u2019un <strong>cornice di legno<\/strong> e la versione &quot;\u00ab\u00a0<strong>Senza cornice<\/strong>\u00a0\u00bb viene consegnato <strong>senza la cornice di legno<\/strong>\n<\/li>\n<\/ul>\n<ul style=\"font-weight: 400;\">\n<li>\n<strong>Consegna gratuita\u00a0<\/strong>per qualsiasi acquisto<strong>\u00a0<\/strong>\n<\/li>\n<\/ul>\n<h3>N\u2019oubliez pas de jeter\u00a0un oeil au guide des tailles ci-dessous.<\/h3>\n<h2>\n<strong style=\"font-size: 15px;\">Dipinto One Piece 5 pezzi<\/strong><span style=\"font-size: 15px;\">,<\/span><strong style=\"font-size: 15px;\"> <\/strong><span style=\"font-size: 15px;\">Misurare<\/span><strong style=\"font-size: 15px;\"> <\/strong><span style=\"font-size: 15px;\">: <\/span><strong style=\"font-size: 15px;\">Poco<\/strong><br \/>\n<\/h2>\n<p>\u00a0<img decoding=\"async\" src=\"https:\/\/cdn.shopify.com\/s\/files\/1\/0087\/7556\/5348\/files\/guide_taille_tableau_one_piece_petit_boutique_one_piece_large.jpg?v=1560247451\" alt=\"Guida alle taglie One Piece 5 pezzi (piccola)\"><\/p>\n<p><strong>Dipinto One Piece 5 pezzi<\/strong>, Misurare<strong> <\/strong>:<strong> MEDIA<\/strong><\/p>\n<p>\u00a0<img decoding=\"async\" src=\"https:\/\/cdn.shopify.com\/s\/files\/1\/0087\/7556\/5348\/files\/guide_taille_tableau_one_piece_moyen_boutique_one_piece_large.jpg?v=1560247519\" alt=\"guida alle taglie un pezzo 5 pezzi Medio\"><\/p>\n<p><strong>Dipinto One Piece 5 pezzi<\/strong>, Misurare<strong> <\/strong>: <strong>Grande<\/strong><\/p>\n<p>\u00a0<img decoding=\"async\" src=\"https:\/\/cdn.shopify.com\/s\/files\/1\/0087\/7556\/5348\/files\/guide_taille_tableau_one_piece_grand_boutique_one_piece_large.jpg?v=1560247582\" alt=\"Tabella delle taglie One Piece 5 pezzi (grande)\"><\/p>\n<p><strong>Dipinto One Piece 5 pezzi<\/strong>, Misurare: <strong>XL<\/strong><\/p>\n<p><img decoding=\"async\" src=\"https:\/\/cdn.shopify.com\/s\/files\/1\/0087\/7556\/5348\/files\/guide_taille_tableau_one_piece_xl_boutique_one_piece_large.jpg?v=1560247610\" alt=\"Tabella delle taglie One Piece 5 pezzi XL\"><\/p>","protected":false},"excerpt":{"rendered":"<p>Tableau One Piece 5 Panneaux avec les\u00a0Mugiwaras et leur Bateau le Thousand Sunny ,Un Tableau de qualit\u00e9 pour un pirate comme\u00a0toi\u00a0! Si tu es un\u00a0v\u00e9ritable pirate, tu sauras appr\u00e9cier la\u00a0qualit\u00e9\u00a0de la toile, de la peinture et du cadre\u00a0pour leurs\u00a0conceptions\u00a0et\u00a0l\u2019impression 3D Canvas\u00a0de ce\u00a0tableau 5 panneaux\u00a0One Piece\u00a0!\u00a0Mais le plus important, avec ce\u00a0tableau\u00a0c\u2019est que tu\u00a0feras partie de\u00a0l\u2019\u00e9quipage\u00a0des fans\u00a0du\u00a0manga [&hellip;]<\/p>","protected":false},"featured_media":10952,"comment_status":"open","ping_status":"open","template":"","meta":[],"product_brand":[],"product_cat":[150],"product_tag":[158,165,129,92,154,205,112,139,142,143,144,113],"class_list":{"0":"post-15896","1":"product","2":"type-product","3":"status-publish","4":"has-post-thumbnail","6":"product_cat-decorations-one-piece","7":"product_tag-brook","8":"product_tag-chopper","9":"product_tag-franky","10":"product_tag-luffy","11":"product_tag-nami","12":"product_tag-robin","13":"product_tag-sanji","14":"product_tag-sunny","15":"product_tag-tableau-5-pieces","16":"product_tag-toile","17":"product_tag-usopp","18":"product_tag-zoro","20":"first","21":"instock","22":"purchasable","23":"product-type-variable","24":"has-default-attributes"},"yoast_head":"<!-- This site is optimized with the Yoast SEO plugin v27.5 - https:\/\/yoast.com\/product\/yoast-seo-wordpress\/ -->\n<title>Tableau Imprim\u00e9 L&#039;\u00c9quipage avec Sunny | Boutique One Piece<\/title>\n<meta name=\"description\" content=\"Tableau 5 Pi\u00e8ces One Piece avec les Membres d&#039;\u00c9quipage de Luffy et le Sunny en Arri\u00e8re Plan Haute Qualit\u00e9 Fan de Luffy ce Tableau 5 Panneaux est Fait Pour Vous!\" \/>\n<meta name=\"robots\" content=\"index, follow, max-snippet:-1, max-image-preview:large, max-video-preview:-1\" \/>\n<link rel=\"canonical\" href=\"https:\/\/boutique-one-piece.com\/it\/decorazioni-di-one-piece\/lequipaggio-di-one-piece-dipinge-con-sunny-2\/\" \/>\n<meta property=\"og:locale\" content=\"it_IT\" \/>\n<meta property=\"og:type\" content=\"article\" \/>\n<meta property=\"og:title\" content=\"Tableau Imprim\u00e9 L&#039;\u00c9quipage avec Sunny | Boutique One Piece\" \/>\n<meta property=\"og:description\" content=\"Tableau 5 Pi\u00e8ces One Piece avec les Membres d&#039;\u00c9quipage de Luffy et le Sunny en Arri\u00e8re Plan Haute Qualit\u00e9 Fan de Luffy ce Tableau 5 Panneaux est Fait Pour Vous!\" \/>\n<meta property=\"og:url\" content=\"https:\/\/boutique-one-piece.com\/it\/decorazioni-di-one-piece\/lequipaggio-di-one-piece-dipinge-con-sunny-2\/\" \/>\n<meta property=\"og:site_name\" content=\"Boutique One Piece\" \/>\n<meta property=\"article:modified_time\" content=\"2024-09-16T14:24:07+00:00\" \/>\n<meta property=\"og:image\" content=\"https:\/\/boutique-one-piece.com\/wp-content\/uploads\/2022\/09\/Tableau-One-Piece-LEquipage-avec-Sunny.jpg\" \/>\n\t<meta property=\"og:image:width\" content=\"600\" \/>\n\t<meta property=\"og:image:height\" content=\"600\" \/>\n\t<meta property=\"og:image:type\" content=\"image\/jpeg\" \/>\n<meta name=\"twitter:card\" content=\"summary_large_image\" \/>\n<meta name=\"twitter:label1\" content=\"Tempo di lettura stimato\" \/>\n\t<meta name=\"twitter:data1\" content=\"2 minuti\" \/>\n<script type=\"application\/ld+json\" class=\"yoast-schema-graph\">{\"@context\":\"https:\\\/\\\/schema.org\",\"@graph\":[{\"@type\":\"WebPage\",\"@id\":\"https:\\\/\\\/boutique-one-piece.com\\\/decorations-one-piece\\\/tableau-one-piece-lequipage-avec-sunny-2\\\/\",\"url\":\"https:\\\/\\\/boutique-one-piece.com\\\/decorations-one-piece\\\/tableau-one-piece-lequipage-avec-sunny-2\\\/\",\"name\":\"Tableau Imprim\u00e9 L'\u00c9quipage avec Sunny | Boutique One Piece\",\"isPartOf\":{\"@id\":\"https:\\\/\\\/boutique-one-piece.com\\\/#website\"},\"primaryImageOfPage\":{\"@id\":\"https:\\\/\\\/boutique-one-piece.com\\\/decorations-one-piece\\\/tableau-one-piece-lequipage-avec-sunny-2\\\/#primaryimage\"},\"image\":{\"@id\":\"https:\\\/\\\/boutique-one-piece.com\\\/decorations-one-piece\\\/tableau-one-piece-lequipage-avec-sunny-2\\\/#primaryimage\"},\"thumbnailUrl\":\"https:\\\/\\\/boutique-one-piece.com\\\/wp-content\\\/uploads\\\/2022\\\/09\\\/Tableau-One-Piece-LEquipage-avec-Sunny.jpg\",\"datePublished\":\"2022-09-27T21:41:28+00:00\",\"dateModified\":\"2024-09-16T14:24:07+00:00\",\"description\":\"Tableau 5 Pi\u00e8ces One Piece avec les Membres d'\u00c9quipage de Luffy et le Sunny en Arri\u00e8re Plan Haute Qualit\u00e9 Fan de Luffy ce Tableau 5 Panneaux est Fait Pour Vous!\",\"breadcrumb\":{\"@id\":\"https:\\\/\\\/boutique-one-piece.com\\\/decorations-one-piece\\\/tableau-one-piece-lequipage-avec-sunny-2\\\/#breadcrumb\"},\"inLanguage\":\"it-IT\",\"potentialAction\":[{\"@type\":\"ReadAction\",\"target\":[\"https:\\\/\\\/boutique-one-piece.com\\\/decorations-one-piece\\\/tableau-one-piece-lequipage-avec-sunny-2\\\/\"]}]},{\"@type\":\"ImageObject\",\"inLanguage\":\"it-IT\",\"@id\":\"https:\\\/\\\/boutique-one-piece.com\\\/decorations-one-piece\\\/tableau-one-piece-lequipage-avec-sunny-2\\\/#primaryimage\",\"url\":\"https:\\\/\\\/boutique-one-piece.com\\\/wp-content\\\/uploads\\\/2022\\\/09\\\/Tableau-One-Piece-LEquipage-avec-Sunny.jpg\",\"contentUrl\":\"https:\\\/\\\/boutique-one-piece.com\\\/wp-content\\\/uploads\\\/2022\\\/09\\\/Tableau-One-Piece-LEquipage-avec-Sunny.jpg\",\"width\":600,\"height\":600,\"caption\":\"Tableau One Piece L'\u00c9quipage avec Sunny XL Avec Cadre\"},{\"@type\":\"BreadcrumbList\",\"@id\":\"https:\\\/\\\/boutique-one-piece.com\\\/decorations-one-piece\\\/tableau-one-piece-lequipage-avec-sunny-2\\\/#breadcrumb\",\"itemListElement\":[{\"@type\":\"ListItem\",\"position\":1,\"name\":\"Home\",\"item\":\"https:\\\/\\\/boutique-one-piece.com\\\/\"},{\"@type\":\"ListItem\",\"position\":2,\"name\":\"Shop\",\"item\":\"https:\\\/\\\/boutique-one-piece.com\\\/shop\\\/\"},{\"@type\":\"ListItem\",\"position\":3,\"name\":\"Tableau One Piece L&#8217;\u00c9quipage avec Sunny\"}]},{\"@type\":\"WebSite\",\"@id\":\"https:\\\/\\\/boutique-one-piece.com\\\/#website\",\"url\":\"https:\\\/\\\/boutique-one-piece.com\\\/\",\"name\":\"Boutique One Piece\",\"description\":\"Magasin Sp\u00e9cialis\u00e9 du Manga et l&#039;Anime One Piece\",\"publisher\":{\"@id\":\"https:\\\/\\\/boutique-one-piece.com\\\/#organization\"},\"potentialAction\":[{\"@type\":\"SearchAction\",\"target\":{\"@type\":\"EntryPoint\",\"urlTemplate\":\"https:\\\/\\\/boutique-one-piece.com\\\/?s={search_term_string}\"},\"query-input\":{\"@type\":\"PropertyValueSpecification\",\"valueRequired\":true,\"valueName\":\"search_term_string\"}}],\"inLanguage\":\"it-IT\"},{\"@type\":\"Organization\",\"@id\":\"https:\\\/\\\/boutique-one-piece.com\\\/#organization\",\"name\":\"Boutique One Piece\",\"url\":\"https:\\\/\\\/boutique-one-piece.com\\\/\",\"logo\":{\"@type\":\"ImageObject\",\"inLanguage\":\"it-IT\",\"@id\":\"https:\\\/\\\/boutique-one-piece.com\\\/#\\\/schema\\\/logo\\\/image\\\/\",\"url\":\"https:\\\/\\\/boutique-one-piece.com\\\/wp-content\\\/uploads\\\/2022\\\/09\\\/Logo-01.png\",\"contentUrl\":\"https:\\\/\\\/boutique-one-piece.com\\\/wp-content\\\/uploads\\\/2022\\\/09\\\/Logo-01.png\",\"width\":2318,\"height\":957,\"caption\":\"Boutique One Piece\"},\"image\":{\"@id\":\"https:\\\/\\\/boutique-one-piece.com\\\/#\\\/schema\\\/logo\\\/image\\\/\"}}]}<\/script>\n<!-- \/ Yoast SEO plugin. -->","yoast_head_json":{"title":"Stampa su tela dell&#039;equipaggio con Sunny | One Piece Shop","description":"Stampa su tela di One Piece composta da 5 pezzi con i membri dell&#039;equipaggio di Rufy e Sunny sullo sfondo. Alta qualit\u00e0. Fan di Rufy, questa stampa su tela a 5 pannelli \u00e8 fatta apposta per te!","robots":{"index":"index","follow":"follow","max-snippet":"max-snippet:-1","max-image-preview":"max-image-preview:large","max-video-preview":"max-video-preview:-1"},"canonical":"https:\/\/boutique-one-piece.com\/it\/decorazioni-di-one-piece\/lequipaggio-di-one-piece-dipinge-con-sunny-2\/","og_locale":"it_IT","og_type":"article","og_title":"Tableau Imprim\u00e9 L'\u00c9quipage avec Sunny | Boutique One Piece","og_description":"Tableau 5 Pi\u00e8ces One Piece avec les Membres d'\u00c9quipage de Luffy et le Sunny en Arri\u00e8re Plan Haute Qualit\u00e9 Fan de Luffy ce Tableau 5 Panneaux est Fait Pour Vous!","og_url":"https:\/\/boutique-one-piece.com\/it\/decorazioni-di-one-piece\/lequipaggio-di-one-piece-dipinge-con-sunny-2\/","og_site_name":"Boutique One Piece","article_modified_time":"2024-09-16T14:24:07+00:00","og_image":[{"width":600,"height":600,"url":"https:\/\/boutique-one-piece.com\/wp-content\/uploads\/2022\/09\/Tableau-One-Piece-LEquipage-avec-Sunny.jpg","type":"image\/jpeg"}],"twitter_card":"summary_large_image","twitter_misc":{"Tempo di lettura stimato":"2 minuti"},"schema":{"@context":"https:\/\/schema.org","@graph":[{"@type":"WebPage","@id":"https:\/\/boutique-one-piece.com\/decorations-one-piece\/tableau-one-piece-lequipage-avec-sunny-2\/","url":"https:\/\/boutique-one-piece.com\/decorations-one-piece\/tableau-one-piece-lequipage-avec-sunny-2\/","name":"Stampa su tela dell&#039;equipaggio con Sunny | One Piece Shop","isPartOf":{"@id":"https:\/\/boutique-one-piece.com\/#website"},"primaryImageOfPage":{"@id":"https:\/\/boutique-one-piece.com\/decorations-one-piece\/tableau-one-piece-lequipage-avec-sunny-2\/#primaryimage"},"image":{"@id":"https:\/\/boutique-one-piece.com\/decorations-one-piece\/tableau-one-piece-lequipage-avec-sunny-2\/#primaryimage"},"thumbnailUrl":"https:\/\/boutique-one-piece.com\/wp-content\/uploads\/2022\/09\/Tableau-One-Piece-LEquipage-avec-Sunny.jpg","datePublished":"2022-09-27T21:41:28+00:00","dateModified":"2024-09-16T14:24:07+00:00","description":"Stampa su tela di One Piece composta da 5 pezzi con i membri dell&#039;equipaggio di Rufy e Sunny sullo sfondo. Alta qualit\u00e0. Fan di Rufy, questa stampa su tela a 5 pannelli \u00e8 fatta apposta per te!","breadcrumb":{"@id":"https:\/\/boutique-one-piece.com\/decorations-one-piece\/tableau-one-piece-lequipage-avec-sunny-2\/#breadcrumb"},"inLanguage":"it-IT","potentialAction":[{"@type":"ReadAction","target":["https:\/\/boutique-one-piece.com\/decorations-one-piece\/tableau-one-piece-lequipage-avec-sunny-2\/"]}]},{"@type":"ImageObject","inLanguage":"it-IT","@id":"https:\/\/boutique-one-piece.com\/decorations-one-piece\/tableau-one-piece-lequipage-avec-sunny-2\/#primaryimage","url":"https:\/\/boutique-one-piece.com\/wp-content\/uploads\/2022\/09\/Tableau-One-Piece-LEquipage-avec-Sunny.jpg","contentUrl":"https:\/\/boutique-one-piece.com\/wp-content\/uploads\/2022\/09\/Tableau-One-Piece-LEquipage-avec-Sunny.jpg","width":600,"height":600,"caption":"Tableau One Piece L'\u00c9quipage avec Sunny XL Avec Cadre"},{"@type":"BreadcrumbList","@id":"https:\/\/boutique-one-piece.com\/decorations-one-piece\/tableau-one-piece-lequipage-avec-sunny-2\/#breadcrumb","itemListElement":[{"@type":"ListItem","position":1,"name":"Home","item":"https:\/\/boutique-one-piece.com\/"},{"@type":"ListItem","position":2,"name":"Shop","item":"https:\/\/boutique-one-piece.com\/shop\/"},{"@type":"ListItem","position":3,"name":"Tableau One Piece L&#8217;\u00c9quipage avec Sunny"}]},{"@type":"WebSite","@id":"https:\/\/boutique-one-piece.com\/#website","url":"https:\/\/boutique-one-piece.com\/","name":"Negozio One Piece","description":"Negozio specializzato in manga e anime di One Piece","publisher":{"@id":"https:\/\/boutique-one-piece.com\/#organization"},"potentialAction":[{"@type":"SearchAction","target":{"@type":"EntryPoint","urlTemplate":"https:\/\/boutique-one-piece.com\/?s={search_term_string}"},"query-input":{"@type":"PropertyValueSpecification","valueRequired":true,"valueName":"search_term_string"}}],"inLanguage":"it-IT"},{"@type":"Organization","@id":"https:\/\/boutique-one-piece.com\/#organization","name":"Negozio One Piece","url":"https:\/\/boutique-one-piece.com\/","logo":{"@type":"ImageObject","inLanguage":"it-IT","@id":"https:\/\/boutique-one-piece.com\/#\/schema\/logo\/image\/","url":"https:\/\/boutique-one-piece.com\/wp-content\/uploads\/2022\/09\/Logo-01.png","contentUrl":"https:\/\/boutique-one-piece.com\/wp-content\/uploads\/2022\/09\/Logo-01.png","width":2318,"height":957,"caption":"Boutique One Piece"},"image":{"@id":"https:\/\/boutique-one-piece.com\/#\/schema\/logo\/image\/"}}]}},"_links":{"self":[{"href":"https:\/\/boutique-one-piece.com\/it\/wp-json\/wp\/v2\/product\/15896","targetHints":{"allow":["GET"]}}],"collection":[{"href":"https:\/\/boutique-one-piece.com\/it\/wp-json\/wp\/v2\/product"}],"about":[{"href":"https:\/\/boutique-one-piece.com\/it\/wp-json\/wp\/v2\/types\/product"}],"replies":[{"embeddable":true,"href":"https:\/\/boutique-one-piece.com\/it\/wp-json\/wp\/v2\/comments?post=15896"}],"wp:featuredmedia":[{"embeddable":true,"href":"https:\/\/boutique-one-piece.com\/it\/wp-json\/wp\/v2\/media\/10952"}],"wp:attachment":[{"href":"https:\/\/boutique-one-piece.com\/it\/wp-json\/wp\/v2\/media?parent=15896"}],"wp:term":[{"taxonomy":"product_brand","embeddable":true,"href":"https:\/\/boutique-one-piece.com\/it\/wp-json\/wp\/v2\/product_brand?post=15896"},{"taxonomy":"product_cat","embeddable":true,"href":"https:\/\/boutique-one-piece.com\/it\/wp-json\/wp\/v2\/product_cat?post=15896"},{"taxonomy":"product_tag","embeddable":true,"href":"https:\/\/boutique-one-piece.com\/it\/wp-json\/wp\/v2\/product_tag?post=15896"}],"curies":[{"name":"parola chiave","href":"https:\/\/api.w.org\/{rel}","templated":true}]}}