{"id":16585,"date":"2022-09-27T21:54:22","date_gmt":"2022-09-27T21:54:22","guid":{"rendered":"https:\/\/boutique-one-piece.com\/uncategorized\/avis-de-recherche-dracule-mihawk-wanted\/"},"modified":"2024-09-16T14:42:59","modified_gmt":"2024-09-16T14:42:59","slug":"manifesto-ricercato-di-dracule-mihawk","status":"publish","type":"product","link":"https:\/\/boutique-one-piece.com\/it\/manifesto-ricercato-di-one-piece\/manifesto-ricercato-di-dracule-mihawk\/","title":{"rendered":"Avviso di ricerca di Dracule Mihawk"},"content":{"rendered":"<h2>Siete pronti a scoprire uno dei pezzi da collezione pi\u00f9 amati del pi\u00f9 grande spadaccino di One Piece? Venite a dare un&#039;occhiata pi\u00f9 da vicino a questo poster di Dracule Mihawk &quot;Ricercato&quot;.<\/h2>\n<p>Dracule Mihawk, noto anche come &quot;\u00ab\u00a0<strong>Occhio di falco<\/strong>\u00a0\u00bb&quot;\u00e8 senza dubbio <strong>le plus grand \u00e9p\u00e9iste de l\u2019univers de One Piece<\/strong>. Il est respect\u00e9 par tous les escrimeurs et tous veulent se mesurer \u00e0 lui au moins une fois dans leur vie. Mihawk est un des antagonistes durant l\u2019Arc Baratie o\u00f9 il bat Zoro, mais il est surpris par la bravoure et le sens de l\u2019honneur de celui-ci.<\/p>\n<p>Il sera aussi un des antagonistes durant la bataille de Marineford puisque c\u2019est un <strong>Shichibukai<\/strong>. Il se bat donc aux c\u00f4t\u00e9s de la Marine. Durant l\u2019ellipse, il va entra\u00eener Zoro pendant deux ans.<\/p>\n<h3>Fais-toi une collection d\u2019avis de recherche de tes personnages pr\u00e9f\u00e9r\u00e9s du manga en commen\u00e7ant par celui d\u2019Oeil de Faucon.<\/h3>\n<p>Dracule Mihawk est un personnage tr\u00e8s charismatique de l\u2019univers de One Piece, et ses apparitions donnent toujours lieu \u00e0 des sc\u00e8nes marquantes tant il en impose gr\u00e2ce \u00e0 sa puissance. Cela est aussi d\u00fb au fait qu\u2019il est un grand solitaire et qu\u2019il se laisse d\u00e9river sur une petite barque pour prendre la mer, et qu\u2019il peut couper un navire en deux avec son \u00e9p\u00e9e si particuli\u00e8re en forme de crucifix, <strong>Kokuto Yoru<\/strong>. La prime \u00e0 l\u2019actif de Dracule Mihawk est de 600 millions de Berry.<\/p>\n<p>Si tu aimes les belles primes, que penses-tu de l\u2019<a href=\"https:\/\/boutique-one-piece.com\/it\/avis-de-recherche-van-augur-wanted\/\" target=\"_blank\" title=\"Van Augur ricercato\" rel=\"noopener noreferrer\">Van Augur voleva un avviso<\/a> ?<\/p>\n<h2>Informations sur l\u2019Affiche One Piece Wanted Dracule Mihawk<\/h2>\n<ul>\n<li><span><b><u>Manifesto ricercato di One Piece<\/u><\/b>\u00a0: v\u00e9ritable Avis De Recherche de l\u2019univers One Piece pour les vrais pirates<\/span><\/li>\n<\/ul>\n<ul>\n<li>\n<b><u>La taglia di Dracule Mihawk<\/u><\/b>\u00a0600.000.000 di bacche<\/li>\n<\/ul>\n<ul>\n<li><span><strong>Stampa di alta qualit\u00e0<\/strong>\u00a0colori accurati<\/span><\/li>\n<\/ul>\n<ul>\n<li>\n<strong>Dimensione<\/strong>\u00a0: 51 cm x 36 cm<\/li>\n<\/ul>\n<ul>\n<li><span><strong>CONSEGNA GRATUITA<\/strong><\/span><\/li>\n<\/ul>","protected":false},"excerpt":{"rendered":"<p>Es-tu pr\u00eat \u00e0 voir un des goodies les plus appr\u00e9cies du plus grand Sabreur de One Piece ? Viens voir de plus pr\u00e8s cet Avis de Recherche Dracule Mihawk Wanted. Dracule Mihawk, aussi appel\u00e9 \u00ab\u00a0Oeil de Faucon\u00a0\u00bb est sans conteste le plus grand \u00e9p\u00e9iste de l\u2019univers de One Piece. Il est respect\u00e9 par tous les [&hellip;]<\/p>","protected":false},"featured_media":16587,"comment_status":"open","ping_status":"open","template":"","meta":[],"product_brand":[],"product_cat":[171],"product_tag":[325],"class_list":{"0":"post-16585","1":"product","2":"type-product","3":"status-publish","4":"has-post-thumbnail","6":"product_cat-avis-de-recherche-one-piece","7":"product_tag-avalo-pizarro","9":"first","10":"instock","11":"purchasable","12":"product-type-simple"},"yoast_head":"<!-- This site is optimized with the Yoast SEO plugin v27.5 - https:\/\/yoast.com\/product\/yoast-seo-wordpress\/ -->\n<title>Avis De Recherche Dracule Mihawk Wanted | Boutique One Piece<\/title>\n<meta name=\"description\" content=\"Es-tu pr\u00eat \u00e0 voir un des goodies les plus appr\u00e9cies du plus grand Sabreur de One Piece ? Viens voir de plus pr\u00e8s cet Avis de Recherche Dracule Mihawk Wanted. Dracule Mihawk, aussi appel\u00e9 &quot;Oeil de Faucon&quot; est sans conteste le plus grand \u00e9p\u00e9iste de l&#039;univers de One Piece. Il est respect\u00e9 par tous les escrimeurs et tous v\" \/>\n<meta name=\"robots\" content=\"index, follow, max-snippet:-1, max-image-preview:large, max-video-preview:-1\" \/>\n<link rel=\"canonical\" href=\"https:\/\/boutique-one-piece.com\/it\/manifesto-ricercato-di-one-piece\/manifesto-ricercato-di-dracule-mihawk\/\" \/>\n<meta property=\"og:locale\" content=\"it_IT\" \/>\n<meta property=\"og:type\" content=\"article\" \/>\n<meta property=\"og:title\" content=\"Avis De Recherche Dracule Mihawk Wanted | Boutique One Piece\" \/>\n<meta property=\"og:description\" content=\"Es-tu pr\u00eat \u00e0 voir un des goodies les plus appr\u00e9cies du plus grand Sabreur de One Piece ? Viens voir de plus pr\u00e8s cet Avis de Recherche Dracule Mihawk Wanted. Dracule Mihawk, aussi appel\u00e9 &quot;Oeil de Faucon&quot; est sans conteste le plus grand \u00e9p\u00e9iste de l&#039;univers de One Piece. Il est respect\u00e9 par tous les escrimeurs et tous v\" \/>\n<meta property=\"og:url\" content=\"https:\/\/boutique-one-piece.com\/it\/manifesto-ricercato-di-one-piece\/manifesto-ricercato-di-dracule-mihawk\/\" \/>\n<meta property=\"og:site_name\" content=\"Boutique One Piece\" \/>\n<meta property=\"article:modified_time\" content=\"2024-09-16T14:42:59+00:00\" \/>\n<meta property=\"og:image\" content=\"https:\/\/boutique-one-piece.com\/wp-content\/uploads\/2022\/09\/Avis-De-Recherche-Dracule-Mihawk-Wanted-1.jpg\" \/>\n\t<meta property=\"og:image:width\" content=\"800\" \/>\n\t<meta property=\"og:image:height\" content=\"800\" \/>\n\t<meta property=\"og:image:type\" content=\"image\/jpeg\" \/>\n<meta name=\"twitter:card\" content=\"summary_large_image\" \/>\n<meta name=\"twitter:label1\" content=\"Tempo di lettura stimato\" \/>\n\t<meta name=\"twitter:data1\" content=\"2 minuti\" \/>\n<script type=\"application\/ld+json\" class=\"yoast-schema-graph\">{\"@context\":\"https:\\\/\\\/schema.org\",\"@graph\":[{\"@type\":\"WebPage\",\"@id\":\"https:\\\/\\\/boutique-one-piece.com\\\/avis-de-recherche-one-piece\\\/avis-de-recherche-dracule-mihawk-wanted\\\/\",\"url\":\"https:\\\/\\\/boutique-one-piece.com\\\/avis-de-recherche-one-piece\\\/avis-de-recherche-dracule-mihawk-wanted\\\/\",\"name\":\"Avis De Recherche Dracule Mihawk Wanted | Boutique One Piece\",\"isPartOf\":{\"@id\":\"https:\\\/\\\/boutique-one-piece.com\\\/#website\"},\"primaryImageOfPage\":{\"@id\":\"https:\\\/\\\/boutique-one-piece.com\\\/avis-de-recherche-one-piece\\\/avis-de-recherche-dracule-mihawk-wanted\\\/#primaryimage\"},\"image\":{\"@id\":\"https:\\\/\\\/boutique-one-piece.com\\\/avis-de-recherche-one-piece\\\/avis-de-recherche-dracule-mihawk-wanted\\\/#primaryimage\"},\"thumbnailUrl\":\"https:\\\/\\\/boutique-one-piece.com\\\/wp-content\\\/uploads\\\/2022\\\/09\\\/Avis-De-Recherche-Dracule-Mihawk-Wanted-1.jpg\",\"datePublished\":\"2022-09-27T21:54:22+00:00\",\"dateModified\":\"2024-09-16T14:42:59+00:00\",\"description\":\"Es-tu pr\u00eat \u00e0 voir un des goodies les plus appr\u00e9cies du plus grand Sabreur de One Piece ? Viens voir de plus pr\u00e8s cet Avis de Recherche Dracule Mihawk Wanted. Dracule Mihawk, aussi appel\u00e9 \\\"Oeil de Faucon\\\" est sans conteste le plus grand \u00e9p\u00e9iste de l'univers de One Piece. Il est respect\u00e9 par tous les escrimeurs et tous v\",\"breadcrumb\":{\"@id\":\"https:\\\/\\\/boutique-one-piece.com\\\/avis-de-recherche-one-piece\\\/avis-de-recherche-dracule-mihawk-wanted\\\/#breadcrumb\"},\"inLanguage\":\"it-IT\",\"potentialAction\":[{\"@type\":\"ReadAction\",\"target\":[\"https:\\\/\\\/boutique-one-piece.com\\\/avis-de-recherche-one-piece\\\/avis-de-recherche-dracule-mihawk-wanted\\\/\"]}]},{\"@type\":\"ImageObject\",\"inLanguage\":\"it-IT\",\"@id\":\"https:\\\/\\\/boutique-one-piece.com\\\/avis-de-recherche-one-piece\\\/avis-de-recherche-dracule-mihawk-wanted\\\/#primaryimage\",\"url\":\"https:\\\/\\\/boutique-one-piece.com\\\/wp-content\\\/uploads\\\/2022\\\/09\\\/Avis-De-Recherche-Dracule-Mihawk-Wanted-1.jpg\",\"contentUrl\":\"https:\\\/\\\/boutique-one-piece.com\\\/wp-content\\\/uploads\\\/2022\\\/09\\\/Avis-De-Recherche-Dracule-Mihawk-Wanted-1.jpg\",\"width\":800,\"height\":800},{\"@type\":\"BreadcrumbList\",\"@id\":\"https:\\\/\\\/boutique-one-piece.com\\\/avis-de-recherche-one-piece\\\/avis-de-recherche-dracule-mihawk-wanted\\\/#breadcrumb\",\"itemListElement\":[{\"@type\":\"ListItem\",\"position\":1,\"name\":\"Home\",\"item\":\"https:\\\/\\\/boutique-one-piece.com\\\/\"},{\"@type\":\"ListItem\",\"position\":2,\"name\":\"Shop\",\"item\":\"https:\\\/\\\/boutique-one-piece.com\\\/shop\\\/\"},{\"@type\":\"ListItem\",\"position\":3,\"name\":\"Avis De Recherche Dracule Mihawk Wanted\"}]},{\"@type\":\"WebSite\",\"@id\":\"https:\\\/\\\/boutique-one-piece.com\\\/#website\",\"url\":\"https:\\\/\\\/boutique-one-piece.com\\\/\",\"name\":\"Boutique One Piece\",\"description\":\"Magasin Sp\u00e9cialis\u00e9 du Manga et l&#039;Anime One Piece\",\"publisher\":{\"@id\":\"https:\\\/\\\/boutique-one-piece.com\\\/#organization\"},\"potentialAction\":[{\"@type\":\"SearchAction\",\"target\":{\"@type\":\"EntryPoint\",\"urlTemplate\":\"https:\\\/\\\/boutique-one-piece.com\\\/?s={search_term_string}\"},\"query-input\":{\"@type\":\"PropertyValueSpecification\",\"valueRequired\":true,\"valueName\":\"search_term_string\"}}],\"inLanguage\":\"it-IT\"},{\"@type\":\"Organization\",\"@id\":\"https:\\\/\\\/boutique-one-piece.com\\\/#organization\",\"name\":\"Boutique One Piece\",\"url\":\"https:\\\/\\\/boutique-one-piece.com\\\/\",\"logo\":{\"@type\":\"ImageObject\",\"inLanguage\":\"it-IT\",\"@id\":\"https:\\\/\\\/boutique-one-piece.com\\\/#\\\/schema\\\/logo\\\/image\\\/\",\"url\":\"https:\\\/\\\/boutique-one-piece.com\\\/wp-content\\\/uploads\\\/2022\\\/09\\\/Logo-01.png\",\"contentUrl\":\"https:\\\/\\\/boutique-one-piece.com\\\/wp-content\\\/uploads\\\/2022\\\/09\\\/Logo-01.png\",\"width\":2318,\"height\":957,\"caption\":\"Boutique One Piece\"},\"image\":{\"@id\":\"https:\\\/\\\/boutique-one-piece.com\\\/#\\\/schema\\\/logo\\\/image\\\/\"}}]}<\/script>\n<!-- \/ Yoast SEO plugin. -->","yoast_head_json":{"title":"Annuncio di ricerca di Dracule Mihawk | One Piece Shop","description":"Siete pronti a vedere uno dei pezzi da collezione pi\u00f9 popolari del pi\u00f9 grande spadaccino di One Piece? Date un&#039;occhiata pi\u00f9 da vicino a questo poster di Dracule Mihawk. Dracule Mihawk, noto anche come &quot;Occhio di Falco&quot;, \u00e8 senza dubbio il pi\u00f9 grande spadaccino dell&#039;universo di One Piece. \u00c8 rispettato da tutti gli spadaccini e da tutti...","robots":{"index":"index","follow":"follow","max-snippet":"max-snippet:-1","max-image-preview":"max-image-preview:large","max-video-preview":"max-video-preview:-1"},"canonical":"https:\/\/boutique-one-piece.com\/it\/manifesto-ricercato-di-one-piece\/manifesto-ricercato-di-dracule-mihawk\/","og_locale":"it_IT","og_type":"article","og_title":"Avis De Recherche Dracule Mihawk Wanted | Boutique One Piece","og_description":"Es-tu pr\u00eat \u00e0 voir un des goodies les plus appr\u00e9cies du plus grand Sabreur de One Piece ? Viens voir de plus pr\u00e8s cet Avis de Recherche Dracule Mihawk Wanted. Dracule Mihawk, aussi appel\u00e9 \"Oeil de Faucon\" est sans conteste le plus grand \u00e9p\u00e9iste de l'univers de One Piece. Il est respect\u00e9 par tous les escrimeurs et tous v","og_url":"https:\/\/boutique-one-piece.com\/it\/manifesto-ricercato-di-one-piece\/manifesto-ricercato-di-dracule-mihawk\/","og_site_name":"Boutique One Piece","article_modified_time":"2024-09-16T14:42:59+00:00","og_image":[{"width":800,"height":800,"url":"https:\/\/boutique-one-piece.com\/wp-content\/uploads\/2022\/09\/Avis-De-Recherche-Dracule-Mihawk-Wanted-1.jpg","type":"image\/jpeg"}],"twitter_card":"summary_large_image","twitter_misc":{"Tempo di lettura stimato":"2 minuti"},"schema":{"@context":"https:\/\/schema.org","@graph":[{"@type":"WebPage","@id":"https:\/\/boutique-one-piece.com\/avis-de-recherche-one-piece\/avis-de-recherche-dracule-mihawk-wanted\/","url":"https:\/\/boutique-one-piece.com\/avis-de-recherche-one-piece\/avis-de-recherche-dracule-mihawk-wanted\/","name":"Annuncio di ricerca di Dracule Mihawk | One Piece Shop","isPartOf":{"@id":"https:\/\/boutique-one-piece.com\/#website"},"primaryImageOfPage":{"@id":"https:\/\/boutique-one-piece.com\/avis-de-recherche-one-piece\/avis-de-recherche-dracule-mihawk-wanted\/#primaryimage"},"image":{"@id":"https:\/\/boutique-one-piece.com\/avis-de-recherche-one-piece\/avis-de-recherche-dracule-mihawk-wanted\/#primaryimage"},"thumbnailUrl":"https:\/\/boutique-one-piece.com\/wp-content\/uploads\/2022\/09\/Avis-De-Recherche-Dracule-Mihawk-Wanted-1.jpg","datePublished":"2022-09-27T21:54:22+00:00","dateModified":"2024-09-16T14:42:59+00:00","description":"Siete pronti a vedere uno dei pezzi da collezione pi\u00f9 popolari del pi\u00f9 grande spadaccino di One Piece? Date un&#039;occhiata pi\u00f9 da vicino a questo poster di Dracule Mihawk. Dracule Mihawk, noto anche come &quot;Occhio di Falco&quot;, \u00e8 senza dubbio il pi\u00f9 grande spadaccino dell&#039;universo di One Piece. \u00c8 rispettato da tutti gli spadaccini e da tutti...","breadcrumb":{"@id":"https:\/\/boutique-one-piece.com\/avis-de-recherche-one-piece\/avis-de-recherche-dracule-mihawk-wanted\/#breadcrumb"},"inLanguage":"it-IT","potentialAction":[{"@type":"ReadAction","target":["https:\/\/boutique-one-piece.com\/avis-de-recherche-one-piece\/avis-de-recherche-dracule-mihawk-wanted\/"]}]},{"@type":"ImageObject","inLanguage":"it-IT","@id":"https:\/\/boutique-one-piece.com\/avis-de-recherche-one-piece\/avis-de-recherche-dracule-mihawk-wanted\/#primaryimage","url":"https:\/\/boutique-one-piece.com\/wp-content\/uploads\/2022\/09\/Avis-De-Recherche-Dracule-Mihawk-Wanted-1.jpg","contentUrl":"https:\/\/boutique-one-piece.com\/wp-content\/uploads\/2022\/09\/Avis-De-Recherche-Dracule-Mihawk-Wanted-1.jpg","width":800,"height":800},{"@type":"BreadcrumbList","@id":"https:\/\/boutique-one-piece.com\/avis-de-recherche-one-piece\/avis-de-recherche-dracule-mihawk-wanted\/#breadcrumb","itemListElement":[{"@type":"ListItem","position":1,"name":"Home","item":"https:\/\/boutique-one-piece.com\/"},{"@type":"ListItem","position":2,"name":"Shop","item":"https:\/\/boutique-one-piece.com\/shop\/"},{"@type":"ListItem","position":3,"name":"Avis De Recherche Dracule Mihawk Wanted"}]},{"@type":"WebSite","@id":"https:\/\/boutique-one-piece.com\/#website","url":"https:\/\/boutique-one-piece.com\/","name":"Negozio One Piece","description":"Negozio specializzato in manga e anime di One Piece","publisher":{"@id":"https:\/\/boutique-one-piece.com\/#organization"},"potentialAction":[{"@type":"SearchAction","target":{"@type":"EntryPoint","urlTemplate":"https:\/\/boutique-one-piece.com\/?s={search_term_string}"},"query-input":{"@type":"PropertyValueSpecification","valueRequired":true,"valueName":"search_term_string"}}],"inLanguage":"it-IT"},{"@type":"Organization","@id":"https:\/\/boutique-one-piece.com\/#organization","name":"Negozio One Piece","url":"https:\/\/boutique-one-piece.com\/","logo":{"@type":"ImageObject","inLanguage":"it-IT","@id":"https:\/\/boutique-one-piece.com\/#\/schema\/logo\/image\/","url":"https:\/\/boutique-one-piece.com\/wp-content\/uploads\/2022\/09\/Logo-01.png","contentUrl":"https:\/\/boutique-one-piece.com\/wp-content\/uploads\/2022\/09\/Logo-01.png","width":2318,"height":957,"caption":"Boutique One Piece"},"image":{"@id":"https:\/\/boutique-one-piece.com\/#\/schema\/logo\/image\/"}}]}},"_links":{"self":[{"href":"https:\/\/boutique-one-piece.com\/it\/wp-json\/wp\/v2\/product\/16585","targetHints":{"allow":["GET"]}}],"collection":[{"href":"https:\/\/boutique-one-piece.com\/it\/wp-json\/wp\/v2\/product"}],"about":[{"href":"https:\/\/boutique-one-piece.com\/it\/wp-json\/wp\/v2\/types\/product"}],"replies":[{"embeddable":true,"href":"https:\/\/boutique-one-piece.com\/it\/wp-json\/wp\/v2\/comments?post=16585"}],"wp:featuredmedia":[{"embeddable":true,"href":"https:\/\/boutique-one-piece.com\/it\/wp-json\/wp\/v2\/media\/16587"}],"wp:attachment":[{"href":"https:\/\/boutique-one-piece.com\/it\/wp-json\/wp\/v2\/media?parent=16585"}],"wp:term":[{"taxonomy":"product_brand","embeddable":true,"href":"https:\/\/boutique-one-piece.com\/it\/wp-json\/wp\/v2\/product_brand?post=16585"},{"taxonomy":"product_cat","embeddable":true,"href":"https:\/\/boutique-one-piece.com\/it\/wp-json\/wp\/v2\/product_cat?post=16585"},{"taxonomy":"product_tag","embeddable":true,"href":"https:\/\/boutique-one-piece.com\/it\/wp-json\/wp\/v2\/product_tag?post=16585"}],"curies":[{"name":"parola chiave","href":"https:\/\/api.w.org\/{rel}","templated":true}]}}