{"id":17109,"date":"2022-09-27T21:57:41","date_gmt":"2022-09-27T21:57:41","guid":{"rendered":"https:\/\/boutique-one-piece.com\/uncategorized\/avis-de-recherche-zeff-wanted\/"},"modified":"2024-09-16T14:58:47","modified_gmt":"2024-09-16T14:58:47","slug":"zef-voleva-essere-avvisato","status":"publish","type":"product","link":"https:\/\/boutique-one-piece.com\/it\/manifesto-ricercato-di-one-piece\/zef-voleva-essere-avvisato\/","title":{"rendered":"Avviso di ricerca di Zeff"},"content":{"rendered":"<h2>Decora il tuo ufficio con un poster di un personaggio accattivante del tuo manga preferito. Questo poster di Zeff Wanted \u00e8 perfetto per chi ha amato l&#039;arco narrativo di Baratie.<\/h2>\n<p>Zeff dai piedi rossi \u00e8 il <strong>capo<\/strong> del ristorante che \u00e8 una barca, il <strong>Baratie<\/strong>. \u00c8 un uomo con lunghi baffi intrecciati. <strong>Il mentore di Sanji<\/strong>. Si potrebbe dire che hanno un vero rapporto padre-figlio, e Sanji gli sar\u00e0 sempre grato. Confrontando i soprannomi di questi due personaggi, Sanji la Gamba Nera e Zeff i Piedi Rossi, si capisce che \u00e8 stato Zeff a insegnare a Sanji il suo stile di combattimento, e che combatte con i piedi per evitare di ferirsi le mani, perch\u00e9, secondo lui, le mani servono per cucinare.<\/p>\n<h3>Dimostra quanto \u00e8 forte la tua passione per One Piece con questo poster ricercato per un personaggio amichevole.<\/h3>\n<p>Prima di impadronirsi del Baratie, la nave di Zeff affond\u00f2 in una tempesta e lui e Sanji furono gli unici sopravvissuti, bloccati su un&#039;isola deserta. Zeff salv\u00f2 Sanji dall&#039;annegamento. Diede a Sanji il magro cibo in un sacco, fingendo di averlo diviso equamente tra loro. Tuttavia, quando Sanji, affamato, esit\u00f2 a rubare il sacco, Zeff scopr\u00ec che era vuoto e che si era mangiato una gamba per sopravvivere.<\/p>\n<p>Suo <strong>primo<\/strong> \u00e8 a 60 milioni di Berry.<\/p>\n<p>Se ti piacciono i nostri poster, dovresti mettere mi piace anche a questo <a href=\"https:\/\/boutique-one-piece.com\/it\/manifesto-ricercato-di-one-piece\/prodotti\/manifesto-ricercato-di-one-piece-portgas-d-ace\/\" target=\"_blank\" title=\"Avviso di ricerca di un asso\" rel=\"noopener noreferrer\">Manifesto ricercato da Ace<\/a>.<\/p>\n<h2>Informazioni sul poster di One Piece Wanted Zeff<\/h2>\n<ul>\n<li><span><b><u>Manifesto ricercato di One Piece<\/u><\/b>&nbsp;Un autentico poster ricercato di One Piece per veri pirati<\/span><\/li>\n<\/ul>\n<ul>\n<li>\n<b><u>Bonus di Zef<\/u><\/b>&nbsp;60.000.000 di bacche<\/li>\n<\/ul>\n<ul>\n<li><span><strong>Stampa di alta qualit\u00e0<\/strong>&nbsp;colori accurati<\/span><\/li>\n<\/ul>\n<ul>\n<li>\n<strong>Dimensione<\/strong>&nbsp;: 30 cm x 21 cm e 42 cm x 30 cm<\/li>\n<\/ul>\n<ul>\n<li><span><strong>CONSEGNA GRATUITA<\/strong><\/span><\/li>\n<\/ul>","protected":false},"excerpt":{"rendered":"<p>Decora la tua scrivania con un poster di un personaggio accattivante del tuo manga preferito. Questo poster di Zeff Wanted \u00e8 perfetto per chi ha amato l&#039;arco narrativo del Baratie. Zeff dai piedi rossi \u00e8 lo chef del ristorante, una nave chiamata Baratie. \u00c8 un uomo con lunghi baffi intrecciati che \u00e8 il mentore [\u2026]<\/p>","protected":false},"featured_media":19279,"comment_status":"open","ping_status":"open","template":"","meta":[],"product_brand":[],"product_cat":[171],"product_tag":[],"class_list":{"0":"post-17109","1":"product","2":"type-product","3":"status-publish","4":"has-post-thumbnail","6":"product_cat-avis-de-recherche-one-piece","8":"first","9":"outofstock","10":"purchasable","11":"product-type-variable"},"yoast_head":"<!-- This site is optimized with the Yoast SEO plugin v27.5 - https:\/\/yoast.com\/product\/yoast-seo-wordpress\/ -->\n<title>Avis De Recherche Zeff Wanted | D\u00e9coration One Piece \u2013 Boutique One Piece<\/title>\n<meta name=\"description\" content=\"D\u00e9core ton bureau avec le poster d&#039;un homme attachant de ton manga pr\u00e9f\u00e9r\u00e9. Cet Avis de Recherche Zeff Wanted est parfait pour ceux qui ont aim\u00e9 l&#039;arc Baratie. Zeff aux pieds rouges est le chef du restaurant qui est un bateau, le Baratie. C&#039;est un homme avec une longue moustache tress\u00e9e qui est le mentor de Sanji. On p\" \/>\n<meta name=\"robots\" content=\"index, follow, max-snippet:-1, max-image-preview:large, max-video-preview:-1\" \/>\n<link rel=\"canonical\" href=\"https:\/\/boutique-one-piece.com\/it\/manifesto-ricercato-di-one-piece\/zef-voleva-essere-avvisato\/\" \/>\n<meta property=\"og:locale\" content=\"it_IT\" \/>\n<meta property=\"og:type\" content=\"article\" \/>\n<meta property=\"og:title\" content=\"Avis De Recherche Zeff Wanted | D\u00e9coration One Piece \u2013 Boutique One Piece\" \/>\n<meta property=\"og:description\" content=\"D\u00e9core ton bureau avec le poster d&#039;un homme attachant de ton manga pr\u00e9f\u00e9r\u00e9. Cet Avis de Recherche Zeff Wanted est parfait pour ceux qui ont aim\u00e9 l&#039;arc Baratie. Zeff aux pieds rouges est le chef du restaurant qui est un bateau, le Baratie. C&#039;est un homme avec une longue moustache tress\u00e9e qui est le mentor de Sanji. On p\" \/>\n<meta property=\"og:url\" content=\"https:\/\/boutique-one-piece.com\/it\/manifesto-ricercato-di-one-piece\/zef-voleva-essere-avvisato\/\" \/>\n<meta property=\"og:site_name\" content=\"Boutique One Piece\" \/>\n<meta property=\"article:modified_time\" content=\"2024-09-16T14:58:47+00:00\" \/>\n<meta property=\"og:image\" content=\"https:\/\/boutique-one-piece.com\/wp-content\/uploads\/2022\/09\/Affiche-murale-imprim-e-en-papier-kraft-Luffy-Zoro-Nami-Franky-Boa-Law-Wanted-affiche-d.jpg_640x640.jpg\" \/>\n\t<meta property=\"og:image:width\" content=\"453\" \/>\n\t<meta property=\"og:image:height\" content=\"640\" \/>\n\t<meta property=\"og:image:type\" content=\"image\/jpeg\" \/>\n<meta name=\"twitter:card\" content=\"summary_large_image\" \/>\n<meta name=\"twitter:label1\" content=\"Tempo di lettura stimato\" \/>\n\t<meta name=\"twitter:data1\" content=\"3 minuti\" \/>\n<script type=\"application\/ld+json\" class=\"yoast-schema-graph\">{\"@context\":\"https:\\\/\\\/schema.org\",\"@graph\":[{\"@type\":\"WebPage\",\"@id\":\"https:\\\/\\\/boutique-one-piece.com\\\/avis-de-recherche-one-piece\\\/avis-de-recherche-zeff-wanted\\\/\",\"url\":\"https:\\\/\\\/boutique-one-piece.com\\\/avis-de-recherche-one-piece\\\/avis-de-recherche-zeff-wanted\\\/\",\"name\":\"Avis De Recherche Zeff Wanted | D\u00e9coration One Piece \u2013 Boutique One Piece\",\"isPartOf\":{\"@id\":\"https:\\\/\\\/boutique-one-piece.com\\\/#website\"},\"primaryImageOfPage\":{\"@id\":\"https:\\\/\\\/boutique-one-piece.com\\\/avis-de-recherche-one-piece\\\/avis-de-recherche-zeff-wanted\\\/#primaryimage\"},\"image\":{\"@id\":\"https:\\\/\\\/boutique-one-piece.com\\\/avis-de-recherche-one-piece\\\/avis-de-recherche-zeff-wanted\\\/#primaryimage\"},\"thumbnailUrl\":\"https:\\\/\\\/boutique-one-piece.com\\\/wp-content\\\/uploads\\\/2022\\\/09\\\/Affiche-murale-imprim-e-en-papier-kraft-Luffy-Zoro-Nami-Franky-Boa-Law-Wanted-affiche-d.jpg_640x640.jpg\",\"datePublished\":\"2022-09-27T21:57:41+00:00\",\"dateModified\":\"2024-09-16T14:58:47+00:00\",\"description\":\"D\u00e9core ton bureau avec le poster d'un homme attachant de ton manga pr\u00e9f\u00e9r\u00e9. Cet Avis de Recherche Zeff Wanted est parfait pour ceux qui ont aim\u00e9 l'arc Baratie. Zeff aux pieds rouges est le chef du restaurant qui est un bateau, le Baratie. C'est un homme avec une longue moustache tress\u00e9e qui est le mentor de Sanji. On p\",\"breadcrumb\":{\"@id\":\"https:\\\/\\\/boutique-one-piece.com\\\/avis-de-recherche-one-piece\\\/avis-de-recherche-zeff-wanted\\\/#breadcrumb\"},\"inLanguage\":\"it-IT\",\"potentialAction\":[{\"@type\":\"ReadAction\",\"target\":[\"https:\\\/\\\/boutique-one-piece.com\\\/avis-de-recherche-one-piece\\\/avis-de-recherche-zeff-wanted\\\/\"]}]},{\"@type\":\"ImageObject\",\"inLanguage\":\"it-IT\",\"@id\":\"https:\\\/\\\/boutique-one-piece.com\\\/avis-de-recherche-one-piece\\\/avis-de-recherche-zeff-wanted\\\/#primaryimage\",\"url\":\"https:\\\/\\\/boutique-one-piece.com\\\/wp-content\\\/uploads\\\/2022\\\/09\\\/Affiche-murale-imprim-e-en-papier-kraft-Luffy-Zoro-Nami-Franky-Boa-Law-Wanted-affiche-d.jpg_640x640.jpg\",\"contentUrl\":\"https:\\\/\\\/boutique-one-piece.com\\\/wp-content\\\/uploads\\\/2022\\\/09\\\/Affiche-murale-imprim-e-en-papier-kraft-Luffy-Zoro-Nami-Franky-Boa-Law-Wanted-affiche-d.jpg_640x640.jpg\",\"width\":453,\"height\":640},{\"@type\":\"BreadcrumbList\",\"@id\":\"https:\\\/\\\/boutique-one-piece.com\\\/avis-de-recherche-one-piece\\\/avis-de-recherche-zeff-wanted\\\/#breadcrumb\",\"itemListElement\":[{\"@type\":\"ListItem\",\"position\":1,\"name\":\"Home\",\"item\":\"https:\\\/\\\/boutique-one-piece.com\\\/\"},{\"@type\":\"ListItem\",\"position\":2,\"name\":\"Shop\",\"item\":\"https:\\\/\\\/boutique-one-piece.com\\\/shop\\\/\"},{\"@type\":\"ListItem\",\"position\":3,\"name\":\"Avis De Recherche Zeff Wanted\"}]},{\"@type\":\"WebSite\",\"@id\":\"https:\\\/\\\/boutique-one-piece.com\\\/#website\",\"url\":\"https:\\\/\\\/boutique-one-piece.com\\\/\",\"name\":\"Boutique One Piece\",\"description\":\"Magasin Sp\u00e9cialis\u00e9 du Manga et l&#039;Anime One Piece\",\"publisher\":{\"@id\":\"https:\\\/\\\/boutique-one-piece.com\\\/#organization\"},\"potentialAction\":[{\"@type\":\"SearchAction\",\"target\":{\"@type\":\"EntryPoint\",\"urlTemplate\":\"https:\\\/\\\/boutique-one-piece.com\\\/?s={search_term_string}\"},\"query-input\":{\"@type\":\"PropertyValueSpecification\",\"valueRequired\":true,\"valueName\":\"search_term_string\"}}],\"inLanguage\":\"it-IT\"},{\"@type\":\"Organization\",\"@id\":\"https:\\\/\\\/boutique-one-piece.com\\\/#organization\",\"name\":\"Boutique One Piece\",\"url\":\"https:\\\/\\\/boutique-one-piece.com\\\/\",\"logo\":{\"@type\":\"ImageObject\",\"inLanguage\":\"it-IT\",\"@id\":\"https:\\\/\\\/boutique-one-piece.com\\\/#\\\/schema\\\/logo\\\/image\\\/\",\"url\":\"https:\\\/\\\/boutique-one-piece.com\\\/wp-content\\\/uploads\\\/2022\\\/09\\\/Logo-01.png\",\"contentUrl\":\"https:\\\/\\\/boutique-one-piece.com\\\/wp-content\\\/uploads\\\/2022\\\/09\\\/Logo-01.png\",\"width\":2318,\"height\":957,\"caption\":\"Boutique One Piece\"},\"image\":{\"@id\":\"https:\\\/\\\/boutique-one-piece.com\\\/#\\\/schema\\\/logo\\\/image\\\/\"}}]}<\/script>\n<!-- \/ Yoast SEO plugin. -->","yoast_head_json":{"title":"Annuncio di ricerca di Zeff | Decorazioni di One Piece \u2013 Negozio di One Piece","description":"Decora la tua scrivania con un poster di un personaggio accattivante del tuo manga preferito. Questo poster &quot;Zeff Wanted&quot; \u00e8 perfetto per chi ha amato l&#039;arco narrativo del Baratie. Zeff dai piedi rossi \u00e8 lo chef del ristorante, una barca chiamata Baratie. \u00c8 un uomo con lunghi baffi intrecciati ed \u00e8 il mentore di Sanji.","robots":{"index":"index","follow":"follow","max-snippet":"max-snippet:-1","max-image-preview":"max-image-preview:large","max-video-preview":"max-video-preview:-1"},"canonical":"https:\/\/boutique-one-piece.com\/it\/manifesto-ricercato-di-one-piece\/zef-voleva-essere-avvisato\/","og_locale":"it_IT","og_type":"article","og_title":"Avis De Recherche Zeff Wanted | D\u00e9coration One Piece \u2013 Boutique One Piece","og_description":"D\u00e9core ton bureau avec le poster d'un homme attachant de ton manga pr\u00e9f\u00e9r\u00e9. Cet Avis de Recherche Zeff Wanted est parfait pour ceux qui ont aim\u00e9 l'arc Baratie. Zeff aux pieds rouges est le chef du restaurant qui est un bateau, le Baratie. C'est un homme avec une longue moustache tress\u00e9e qui est le mentor de Sanji. On p","og_url":"https:\/\/boutique-one-piece.com\/it\/manifesto-ricercato-di-one-piece\/zef-voleva-essere-avvisato\/","og_site_name":"Boutique One Piece","article_modified_time":"2024-09-16T14:58:47+00:00","og_image":[{"width":453,"height":640,"url":"https:\/\/boutique-one-piece.com\/wp-content\/uploads\/2022\/09\/Affiche-murale-imprim-e-en-papier-kraft-Luffy-Zoro-Nami-Franky-Boa-Law-Wanted-affiche-d.jpg_640x640.jpg","type":"image\/jpeg"}],"twitter_card":"summary_large_image","twitter_misc":{"Tempo di lettura stimato":"3 minuti"},"schema":{"@context":"https:\/\/schema.org","@graph":[{"@type":"WebPage","@id":"https:\/\/boutique-one-piece.com\/avis-de-recherche-one-piece\/avis-de-recherche-zeff-wanted\/","url":"https:\/\/boutique-one-piece.com\/avis-de-recherche-one-piece\/avis-de-recherche-zeff-wanted\/","name":"Annuncio di ricerca di Zeff | Decorazioni di One Piece \u2013 Negozio di One Piece","isPartOf":{"@id":"https:\/\/boutique-one-piece.com\/#website"},"primaryImageOfPage":{"@id":"https:\/\/boutique-one-piece.com\/avis-de-recherche-one-piece\/avis-de-recherche-zeff-wanted\/#primaryimage"},"image":{"@id":"https:\/\/boutique-one-piece.com\/avis-de-recherche-one-piece\/avis-de-recherche-zeff-wanted\/#primaryimage"},"thumbnailUrl":"https:\/\/boutique-one-piece.com\/wp-content\/uploads\/2022\/09\/Affiche-murale-imprim-e-en-papier-kraft-Luffy-Zoro-Nami-Franky-Boa-Law-Wanted-affiche-d.jpg_640x640.jpg","datePublished":"2022-09-27T21:57:41+00:00","dateModified":"2024-09-16T14:58:47+00:00","description":"Decora la tua scrivania con un poster di un personaggio accattivante del tuo manga preferito. Questo poster &quot;Zeff Wanted&quot; \u00e8 perfetto per chi ha amato l&#039;arco narrativo del Baratie. Zeff dai piedi rossi \u00e8 lo chef del ristorante, una barca chiamata Baratie. \u00c8 un uomo con lunghi baffi intrecciati ed \u00e8 il mentore di Sanji.","breadcrumb":{"@id":"https:\/\/boutique-one-piece.com\/avis-de-recherche-one-piece\/avis-de-recherche-zeff-wanted\/#breadcrumb"},"inLanguage":"it-IT","potentialAction":[{"@type":"ReadAction","target":["https:\/\/boutique-one-piece.com\/avis-de-recherche-one-piece\/avis-de-recherche-zeff-wanted\/"]}]},{"@type":"ImageObject","inLanguage":"it-IT","@id":"https:\/\/boutique-one-piece.com\/avis-de-recherche-one-piece\/avis-de-recherche-zeff-wanted\/#primaryimage","url":"https:\/\/boutique-one-piece.com\/wp-content\/uploads\/2022\/09\/Affiche-murale-imprim-e-en-papier-kraft-Luffy-Zoro-Nami-Franky-Boa-Law-Wanted-affiche-d.jpg_640x640.jpg","contentUrl":"https:\/\/boutique-one-piece.com\/wp-content\/uploads\/2022\/09\/Affiche-murale-imprim-e-en-papier-kraft-Luffy-Zoro-Nami-Franky-Boa-Law-Wanted-affiche-d.jpg_640x640.jpg","width":453,"height":640},{"@type":"BreadcrumbList","@id":"https:\/\/boutique-one-piece.com\/avis-de-recherche-one-piece\/avis-de-recherche-zeff-wanted\/#breadcrumb","itemListElement":[{"@type":"ListItem","position":1,"name":"Home","item":"https:\/\/boutique-one-piece.com\/"},{"@type":"ListItem","position":2,"name":"Shop","item":"https:\/\/boutique-one-piece.com\/shop\/"},{"@type":"ListItem","position":3,"name":"Avis De Recherche Zeff Wanted"}]},{"@type":"WebSite","@id":"https:\/\/boutique-one-piece.com\/#website","url":"https:\/\/boutique-one-piece.com\/","name":"Negozio One Piece","description":"Negozio specializzato in manga e anime di One Piece","publisher":{"@id":"https:\/\/boutique-one-piece.com\/#organization"},"potentialAction":[{"@type":"SearchAction","target":{"@type":"EntryPoint","urlTemplate":"https:\/\/boutique-one-piece.com\/?s={search_term_string}"},"query-input":{"@type":"PropertyValueSpecification","valueRequired":true,"valueName":"search_term_string"}}],"inLanguage":"it-IT"},{"@type":"Organization","@id":"https:\/\/boutique-one-piece.com\/#organization","name":"Negozio One Piece","url":"https:\/\/boutique-one-piece.com\/","logo":{"@type":"ImageObject","inLanguage":"it-IT","@id":"https:\/\/boutique-one-piece.com\/#\/schema\/logo\/image\/","url":"https:\/\/boutique-one-piece.com\/wp-content\/uploads\/2022\/09\/Logo-01.png","contentUrl":"https:\/\/boutique-one-piece.com\/wp-content\/uploads\/2022\/09\/Logo-01.png","width":2318,"height":957,"caption":"Boutique One Piece"},"image":{"@id":"https:\/\/boutique-one-piece.com\/#\/schema\/logo\/image\/"}}]}},"_links":{"self":[{"href":"https:\/\/boutique-one-piece.com\/it\/wp-json\/wp\/v2\/product\/17109","targetHints":{"allow":["GET"]}}],"collection":[{"href":"https:\/\/boutique-one-piece.com\/it\/wp-json\/wp\/v2\/product"}],"about":[{"href":"https:\/\/boutique-one-piece.com\/it\/wp-json\/wp\/v2\/types\/product"}],"replies":[{"embeddable":true,"href":"https:\/\/boutique-one-piece.com\/it\/wp-json\/wp\/v2\/comments?post=17109"}],"wp:featuredmedia":[{"embeddable":true,"href":"https:\/\/boutique-one-piece.com\/it\/wp-json\/wp\/v2\/media\/19279"}],"wp:attachment":[{"href":"https:\/\/boutique-one-piece.com\/it\/wp-json\/wp\/v2\/media?parent=17109"}],"wp:term":[{"taxonomy":"product_brand","embeddable":true,"href":"https:\/\/boutique-one-piece.com\/it\/wp-json\/wp\/v2\/product_brand?post=17109"},{"taxonomy":"product_cat","embeddable":true,"href":"https:\/\/boutique-one-piece.com\/it\/wp-json\/wp\/v2\/product_cat?post=17109"},{"taxonomy":"product_tag","embeddable":true,"href":"https:\/\/boutique-one-piece.com\/it\/wp-json\/wp\/v2\/product_tag?post=17109"}],"curies":[{"name":"parola chiave","href":"https:\/\/api.w.org\/{rel}","templated":true}]}}