{"id":17152,"date":"2022-09-27T21:57:58","date_gmt":"2022-09-27T21:57:58","guid":{"rendered":"https:\/\/boutique-one-piece.com\/uncategorized\/figurine-one-piece-kid-de-la-pire-generation\/"},"modified":"2024-09-16T14:59:49","modified_gmt":"2024-09-16T14:59:49","slug":"statuetta-di-un-bambino-di-one-piece-della-generazione-peggiore","status":"publish","type":"product","link":"https:\/\/boutique-one-piece.com\/it\/figurine-di-one-piece\/statuetta-di-un-bambino-di-one-piece-della-generazione-peggiore\/","title":{"rendered":"Figura di One Piece Kid della generazione peggiore"},"content":{"rendered":"<h2>Giovane pirata, \u00e8 giunto il momento di procurarti questa statuetta di One Piece Kid of the Worst Generation.<\/h2>\n<p>Ecco cosa devi sapere su questo personaggio; ; <strong>Eustass o &quot;Capitano&quot; Kid<\/strong> est un pirate notoire, originaire de South Blue ainsi que le capitaine de L\u2019\u00c9quipage de Kid. Il fait partie des Onze <strong>Supernovae<\/strong> ainsi que de la \u00ab\u00a0Pire g\u00e9n\u00e9ration\u00a0\u00bb. Sa premi\u00e8re prime \u00e9tait de 315 000 000 Berry, au moment o\u00f9 L\u2019\u00c9quipage du Chapeau de Paille arrive sur l\u2019Archipel Sabaody, soit la plus \u00e9lev\u00e9e parmi les Supernovae.<\/p>\n<p>La raison pour laquelle sa prime \u00e9tait plus \u00e9lev\u00e9e que celle de Luffy lorsqu\u2019ils arriv\u00e8rent sur l\u2019Archipel de Sabaody, est due aux nombreuses pertes civiles caus\u00e9es par son \u00e9quipage au cours de leurs activit\u00e9s. Apr\u00e8s l\u2019ellipse des deux ans, sa prime s\u2019\u00e9l\u00e8ve \u00e0 470 000 000 Berry. Enfin, sache que Eustass consid\u00e8re Luffy comme un rival de premier plan pour <strong>il titolo del futuro re dei pirati<\/strong>. D\u2019ailleurs, la <a title=\"FIGURINA ONE PIECE MONKEY D LUFFY RE DEI PIRATI\" href=\"https:\/\/boutique-one-piece.com\/it\/figurine-di-one-piece\/prodotti\/figurina-one-piece-monkey-d-luffy-re-dei-pirati\/\" target=\"_blank\" rel=\"noopener\">Statuetta di Rufy &quot;Re dei Pirati&quot;\u00ab<\/a> \u00e8 alla tua portata.<\/p>\n<h3>Alors, conquis par la figurine de Kid ? Si tel est le cas, embarque avec l\u2019\u00e9quipage de Kid. Bien des aventures t\u2019attendent.<\/h3>\n<p>Che tu sia un fan sfegatato o un collezionista esperto, questi articoli sono sicuramente ci\u00f2 che fa per te. Perfetti come regalo, decorazione o collezione, questi articoli arricchiranno la tua collezione.<strong> il tuo universo One Piece<\/strong>. Prendi in mano il tuo destino, giovane pirata., <strong>il tesoro di One Piece<\/strong> n\u2019attend que toi !<\/p>\n<h2>Informazioni sulla statuetta Kid di The Worst Generation\u00a0<\/h2>\n<ul>\n<li><span><b><u>Figurina di One Piece<\/u><\/b>\u00a0: Figurine\u00a0 premium de l\u2019univers One Piece pour les vrais pirates<\/span><\/li>\n<\/ul>\n<ul>\n<li>\n<b>Questione<\/b><span>\u00a0<\/span>PVC<\/li>\n<\/ul>\n<ul>\n<li><span><strong>Dimensione<\/strong>\u00a0: 17 centimetri<\/span><\/li>\n<\/ul>\n<ul>\n<li><span><strong>CONSEGNA GRATUITA<\/strong><\/span><\/li>\n<\/ul>","protected":false},"excerpt":{"rendered":"<p>Jeune pirate, le moment est venu pour toi de te procurer cette Figurine One Piece Kid De La Pire G\u00e9n\u00e9ration. Voici ce que tu dois savoir au sujet de ce personnage ; Eustass ou \u00ab\u00a0Capitaine\u00a0\u00bb Kid est un pirate notoire, originaire de South Blue ainsi que le capitaine de L\u2019\u00c9quipage de Kid. Il fait partie [&hellip;]<\/p>","protected":false},"featured_media":17154,"comment_status":"open","ping_status":"open","template":"","meta":[],"product_brand":[],"product_cat":[76],"product_tag":[201],"class_list":{"0":"post-17152","1":"product","2":"type-product","3":"status-publish","4":"has-post-thumbnail","6":"product_cat-figurines-one-piece","7":"product_tag-kid","9":"first","10":"instock","11":"purchasable","12":"product-type-simple"},"yoast_head":"<!-- This site is optimized with the Yoast SEO plugin v27.5 - https:\/\/yoast.com\/product\/yoast-seo-wordpress\/ -->\n<title>Figurine One Piece Kid De La Pire G\u00e9n\u00e9ration \u2013 Boutique One Piece<\/title>\n<meta name=\"description\" content=\"Jeune pirate, le moment est venu pour toi de te procurer cette Figurine One Piece Kid De La Pire G\u00e9n\u00e9ration. Voici ce que tu dois savoir au sujet de ce personnage ; Eustass ou &quot;Capitaine&quot; Kid est un pirate notoire, originaire de South Blue ainsi que le capitaine de L&#039;\u00c9quipage de Kid. Il fait partie des Onze Supernovae\" \/>\n<meta name=\"robots\" content=\"index, follow, max-snippet:-1, max-image-preview:large, max-video-preview:-1\" \/>\n<link rel=\"canonical\" href=\"https:\/\/boutique-one-piece.com\/it\/figurine-di-one-piece\/statuetta-di-un-bambino-di-one-piece-della-generazione-peggiore\/\" \/>\n<meta property=\"og:locale\" content=\"it_IT\" \/>\n<meta property=\"og:type\" content=\"article\" \/>\n<meta property=\"og:title\" content=\"Figurine One Piece Kid De La Pire G\u00e9n\u00e9ration \u2013 Boutique One Piece\" \/>\n<meta property=\"og:description\" content=\"Jeune pirate, le moment est venu pour toi de te procurer cette Figurine One Piece Kid De La Pire G\u00e9n\u00e9ration. Voici ce que tu dois savoir au sujet de ce personnage ; Eustass ou &quot;Capitaine&quot; Kid est un pirate notoire, originaire de South Blue ainsi que le capitaine de L&#039;\u00c9quipage de Kid. Il fait partie des Onze Supernovae\" \/>\n<meta property=\"og:url\" content=\"https:\/\/boutique-one-piece.com\/it\/figurine-di-one-piece\/statuetta-di-un-bambino-di-one-piece-della-generazione-peggiore\/\" \/>\n<meta property=\"og:site_name\" content=\"Boutique One Piece\" \/>\n<meta property=\"article:modified_time\" content=\"2024-09-16T14:59:49+00:00\" \/>\n<meta property=\"og:image\" content=\"https:\/\/boutique-one-piece.com\/wp-content\/uploads\/2022\/09\/Figurine-One-Piece-Kid-De-La-Pire-Generation-1.jpg\" \/>\n\t<meta property=\"og:image:width\" content=\"786\" \/>\n\t<meta property=\"og:image:height\" content=\"786\" \/>\n\t<meta property=\"og:image:type\" content=\"image\/jpeg\" \/>\n<meta name=\"twitter:card\" content=\"summary_large_image\" \/>\n<meta name=\"twitter:label1\" content=\"Tempo di lettura stimato\" \/>\n\t<meta name=\"twitter:data1\" content=\"1 minuto\" \/>\n<script type=\"application\/ld+json\" class=\"yoast-schema-graph\">{\"@context\":\"https:\\\/\\\/schema.org\",\"@graph\":[{\"@type\":\"WebPage\",\"@id\":\"https:\\\/\\\/boutique-one-piece.com\\\/figurines-one-piece\\\/figurine-one-piece-kid-de-la-pire-generation\\\/\",\"url\":\"https:\\\/\\\/boutique-one-piece.com\\\/figurines-one-piece\\\/figurine-one-piece-kid-de-la-pire-generation\\\/\",\"name\":\"Figurine One Piece Kid De La Pire G\u00e9n\u00e9ration \u2013 Boutique One Piece\",\"isPartOf\":{\"@id\":\"https:\\\/\\\/boutique-one-piece.com\\\/#website\"},\"primaryImageOfPage\":{\"@id\":\"https:\\\/\\\/boutique-one-piece.com\\\/figurines-one-piece\\\/figurine-one-piece-kid-de-la-pire-generation\\\/#primaryimage\"},\"image\":{\"@id\":\"https:\\\/\\\/boutique-one-piece.com\\\/figurines-one-piece\\\/figurine-one-piece-kid-de-la-pire-generation\\\/#primaryimage\"},\"thumbnailUrl\":\"https:\\\/\\\/boutique-one-piece.com\\\/wp-content\\\/uploads\\\/2022\\\/09\\\/Figurine-One-Piece-Kid-De-La-Pire-Generation-1.jpg\",\"datePublished\":\"2022-09-27T21:57:58+00:00\",\"dateModified\":\"2024-09-16T14:59:49+00:00\",\"description\":\"Jeune pirate, le moment est venu pour toi de te procurer cette Figurine One Piece Kid De La Pire G\u00e9n\u00e9ration. Voici ce que tu dois savoir au sujet de ce personnage ; Eustass ou \\\"Capitaine\\\" Kid est un pirate notoire, originaire de South Blue ainsi que le capitaine de L'\u00c9quipage de Kid. Il fait partie des Onze Supernovae\",\"breadcrumb\":{\"@id\":\"https:\\\/\\\/boutique-one-piece.com\\\/figurines-one-piece\\\/figurine-one-piece-kid-de-la-pire-generation\\\/#breadcrumb\"},\"inLanguage\":\"it-IT\",\"potentialAction\":[{\"@type\":\"ReadAction\",\"target\":[\"https:\\\/\\\/boutique-one-piece.com\\\/figurines-one-piece\\\/figurine-one-piece-kid-de-la-pire-generation\\\/\"]}]},{\"@type\":\"ImageObject\",\"inLanguage\":\"it-IT\",\"@id\":\"https:\\\/\\\/boutique-one-piece.com\\\/figurines-one-piece\\\/figurine-one-piece-kid-de-la-pire-generation\\\/#primaryimage\",\"url\":\"https:\\\/\\\/boutique-one-piece.com\\\/wp-content\\\/uploads\\\/2022\\\/09\\\/Figurine-One-Piece-Kid-De-La-Pire-Generation-1.jpg\",\"contentUrl\":\"https:\\\/\\\/boutique-one-piece.com\\\/wp-content\\\/uploads\\\/2022\\\/09\\\/Figurine-One-Piece-Kid-De-La-Pire-Generation-1.jpg\",\"width\":786,\"height\":786},{\"@type\":\"BreadcrumbList\",\"@id\":\"https:\\\/\\\/boutique-one-piece.com\\\/figurines-one-piece\\\/figurine-one-piece-kid-de-la-pire-generation\\\/#breadcrumb\",\"itemListElement\":[{\"@type\":\"ListItem\",\"position\":1,\"name\":\"Home\",\"item\":\"https:\\\/\\\/boutique-one-piece.com\\\/\"},{\"@type\":\"ListItem\",\"position\":2,\"name\":\"Shop\",\"item\":\"https:\\\/\\\/boutique-one-piece.com\\\/shop\\\/\"},{\"@type\":\"ListItem\",\"position\":3,\"name\":\"Figurine One Piece Kid De La Pire G\u00e9n\u00e9ration\"}]},{\"@type\":\"WebSite\",\"@id\":\"https:\\\/\\\/boutique-one-piece.com\\\/#website\",\"url\":\"https:\\\/\\\/boutique-one-piece.com\\\/\",\"name\":\"Boutique One Piece\",\"description\":\"Magasin Sp\u00e9cialis\u00e9 du Manga et l&#039;Anime One Piece\",\"publisher\":{\"@id\":\"https:\\\/\\\/boutique-one-piece.com\\\/#organization\"},\"potentialAction\":[{\"@type\":\"SearchAction\",\"target\":{\"@type\":\"EntryPoint\",\"urlTemplate\":\"https:\\\/\\\/boutique-one-piece.com\\\/?s={search_term_string}\"},\"query-input\":{\"@type\":\"PropertyValueSpecification\",\"valueRequired\":true,\"valueName\":\"search_term_string\"}}],\"inLanguage\":\"it-IT\"},{\"@type\":\"Organization\",\"@id\":\"https:\\\/\\\/boutique-one-piece.com\\\/#organization\",\"name\":\"Boutique One Piece\",\"url\":\"https:\\\/\\\/boutique-one-piece.com\\\/\",\"logo\":{\"@type\":\"ImageObject\",\"inLanguage\":\"it-IT\",\"@id\":\"https:\\\/\\\/boutique-one-piece.com\\\/#\\\/schema\\\/logo\\\/image\\\/\",\"url\":\"https:\\\/\\\/boutique-one-piece.com\\\/wp-content\\\/uploads\\\/2022\\\/09\\\/Logo-01.png\",\"contentUrl\":\"https:\\\/\\\/boutique-one-piece.com\\\/wp-content\\\/uploads\\\/2022\\\/09\\\/Logo-01.png\",\"width\":2318,\"height\":957,\"caption\":\"Boutique One Piece\"},\"image\":{\"@id\":\"https:\\\/\\\/boutique-one-piece.com\\\/#\\\/schema\\\/logo\\\/image\\\/\"}}]}<\/script>\n<!-- \/ Yoast SEO plugin. -->","yoast_head_json":{"title":"Figurina di One Piece Kid of the Worst Generation \u2013 One Piece Shop","description":"Giovane pirata, \u00e8 giunto il momento di mettere le mani su questa action figure di One Piece Kid Worst Generation. Ecco cosa devi sapere su questo personaggio: Eustass, o &quot;Capitano&quot; Kid, \u00e8 un famigerato pirata del Sud Blu e capitano dei Pirati Kid. \u00c8 una delle Undici Supernove.","robots":{"index":"index","follow":"follow","max-snippet":"max-snippet:-1","max-image-preview":"max-image-preview:large","max-video-preview":"max-video-preview:-1"},"canonical":"https:\/\/boutique-one-piece.com\/it\/figurine-di-one-piece\/statuetta-di-un-bambino-di-one-piece-della-generazione-peggiore\/","og_locale":"it_IT","og_type":"article","og_title":"Figurine One Piece Kid De La Pire G\u00e9n\u00e9ration \u2013 Boutique One Piece","og_description":"Jeune pirate, le moment est venu pour toi de te procurer cette Figurine One Piece Kid De La Pire G\u00e9n\u00e9ration. Voici ce que tu dois savoir au sujet de ce personnage ; Eustass ou \"Capitaine\" Kid est un pirate notoire, originaire de South Blue ainsi que le capitaine de L'\u00c9quipage de Kid. Il fait partie des Onze Supernovae","og_url":"https:\/\/boutique-one-piece.com\/it\/figurine-di-one-piece\/statuetta-di-un-bambino-di-one-piece-della-generazione-peggiore\/","og_site_name":"Boutique One Piece","article_modified_time":"2024-09-16T14:59:49+00:00","og_image":[{"width":786,"height":786,"url":"https:\/\/boutique-one-piece.com\/wp-content\/uploads\/2022\/09\/Figurine-One-Piece-Kid-De-La-Pire-Generation-1.jpg","type":"image\/jpeg"}],"twitter_card":"summary_large_image","twitter_misc":{"Tempo di lettura stimato":"1 minuto"},"schema":{"@context":"https:\/\/schema.org","@graph":[{"@type":"WebPage","@id":"https:\/\/boutique-one-piece.com\/figurines-one-piece\/figurine-one-piece-kid-de-la-pire-generation\/","url":"https:\/\/boutique-one-piece.com\/figurines-one-piece\/figurine-one-piece-kid-de-la-pire-generation\/","name":"Figurina di One Piece Kid of the Worst Generation \u2013 One Piece Shop","isPartOf":{"@id":"https:\/\/boutique-one-piece.com\/#website"},"primaryImageOfPage":{"@id":"https:\/\/boutique-one-piece.com\/figurines-one-piece\/figurine-one-piece-kid-de-la-pire-generation\/#primaryimage"},"image":{"@id":"https:\/\/boutique-one-piece.com\/figurines-one-piece\/figurine-one-piece-kid-de-la-pire-generation\/#primaryimage"},"thumbnailUrl":"https:\/\/boutique-one-piece.com\/wp-content\/uploads\/2022\/09\/Figurine-One-Piece-Kid-De-La-Pire-Generation-1.jpg","datePublished":"2022-09-27T21:57:58+00:00","dateModified":"2024-09-16T14:59:49+00:00","description":"Giovane pirata, \u00e8 giunto il momento di mettere le mani su questa action figure di One Piece Kid Worst Generation. Ecco cosa devi sapere su questo personaggio: Eustass, o &quot;Capitano&quot; Kid, \u00e8 un famigerato pirata del Sud Blu e capitano dei Pirati Kid. \u00c8 una delle Undici Supernove.","breadcrumb":{"@id":"https:\/\/boutique-one-piece.com\/figurines-one-piece\/figurine-one-piece-kid-de-la-pire-generation\/#breadcrumb"},"inLanguage":"it-IT","potentialAction":[{"@type":"ReadAction","target":["https:\/\/boutique-one-piece.com\/figurines-one-piece\/figurine-one-piece-kid-de-la-pire-generation\/"]}]},{"@type":"ImageObject","inLanguage":"it-IT","@id":"https:\/\/boutique-one-piece.com\/figurines-one-piece\/figurine-one-piece-kid-de-la-pire-generation\/#primaryimage","url":"https:\/\/boutique-one-piece.com\/wp-content\/uploads\/2022\/09\/Figurine-One-Piece-Kid-De-La-Pire-Generation-1.jpg","contentUrl":"https:\/\/boutique-one-piece.com\/wp-content\/uploads\/2022\/09\/Figurine-One-Piece-Kid-De-La-Pire-Generation-1.jpg","width":786,"height":786},{"@type":"BreadcrumbList","@id":"https:\/\/boutique-one-piece.com\/figurines-one-piece\/figurine-one-piece-kid-de-la-pire-generation\/#breadcrumb","itemListElement":[{"@type":"ListItem","position":1,"name":"Home","item":"https:\/\/boutique-one-piece.com\/"},{"@type":"ListItem","position":2,"name":"Shop","item":"https:\/\/boutique-one-piece.com\/shop\/"},{"@type":"ListItem","position":3,"name":"Figurine One Piece Kid De La Pire G\u00e9n\u00e9ration"}]},{"@type":"WebSite","@id":"https:\/\/boutique-one-piece.com\/#website","url":"https:\/\/boutique-one-piece.com\/","name":"Negozio One Piece","description":"Negozio specializzato in manga e anime di One Piece","publisher":{"@id":"https:\/\/boutique-one-piece.com\/#organization"},"potentialAction":[{"@type":"SearchAction","target":{"@type":"EntryPoint","urlTemplate":"https:\/\/boutique-one-piece.com\/?s={search_term_string}"},"query-input":{"@type":"PropertyValueSpecification","valueRequired":true,"valueName":"search_term_string"}}],"inLanguage":"it-IT"},{"@type":"Organization","@id":"https:\/\/boutique-one-piece.com\/#organization","name":"Negozio One Piece","url":"https:\/\/boutique-one-piece.com\/","logo":{"@type":"ImageObject","inLanguage":"it-IT","@id":"https:\/\/boutique-one-piece.com\/#\/schema\/logo\/image\/","url":"https:\/\/boutique-one-piece.com\/wp-content\/uploads\/2022\/09\/Logo-01.png","contentUrl":"https:\/\/boutique-one-piece.com\/wp-content\/uploads\/2022\/09\/Logo-01.png","width":2318,"height":957,"caption":"Boutique One Piece"},"image":{"@id":"https:\/\/boutique-one-piece.com\/#\/schema\/logo\/image\/"}}]}},"_links":{"self":[{"href":"https:\/\/boutique-one-piece.com\/it\/wp-json\/wp\/v2\/product\/17152","targetHints":{"allow":["GET"]}}],"collection":[{"href":"https:\/\/boutique-one-piece.com\/it\/wp-json\/wp\/v2\/product"}],"about":[{"href":"https:\/\/boutique-one-piece.com\/it\/wp-json\/wp\/v2\/types\/product"}],"replies":[{"embeddable":true,"href":"https:\/\/boutique-one-piece.com\/it\/wp-json\/wp\/v2\/comments?post=17152"}],"wp:featuredmedia":[{"embeddable":true,"href":"https:\/\/boutique-one-piece.com\/it\/wp-json\/wp\/v2\/media\/17154"}],"wp:attachment":[{"href":"https:\/\/boutique-one-piece.com\/it\/wp-json\/wp\/v2\/media?parent=17152"}],"wp:term":[{"taxonomy":"product_brand","embeddable":true,"href":"https:\/\/boutique-one-piece.com\/it\/wp-json\/wp\/v2\/product_brand?post=17152"},{"taxonomy":"product_cat","embeddable":true,"href":"https:\/\/boutique-one-piece.com\/it\/wp-json\/wp\/v2\/product_cat?post=17152"},{"taxonomy":"product_tag","embeddable":true,"href":"https:\/\/boutique-one-piece.com\/it\/wp-json\/wp\/v2\/product_tag?post=17152"}],"curies":[{"name":"parola chiave","href":"https:\/\/api.w.org\/{rel}","templated":true}]}}