{"id":17320,"date":"2022-09-27T22:00:36","date_gmt":"2022-09-27T22:00:36","guid":{"rendered":"https:\/\/boutique-one-piece.com\/uncategorized\/t-shirt-one-piece-la-determination-de-zoro\/"},"modified":"2024-09-16T15:05:09","modified_gmt":"2024-09-16T15:05:09","slug":"maglietta-one-piece-la-determinazione-di-zoro","status":"publish","type":"product","link":"https:\/\/boutique-one-piece.com\/it\/vestiti-one-piece\/magliette-one-piece\/maglietta-one-piece-la-determinazione-di-zoro\/","title":{"rendered":"Maglietta One Piece Zoro&#039;s Determination"},"content":{"rendered":"<p><meta charset=\"utf-8\"><\/p>\n<h2>Informazioni sulla maglietta:\u00a0<\/h2>\n<ul>\n<li>\u00a0<strong>Maglia di qualit\u00e0 premium\u00a0<\/strong>Ha una grammatura elevata ed \u00e8 realizzato con materiali di qualit\u00e0.<\/li>\n<\/ul>\n<ul>\n<li>\n<strong>Vestibilit\u00e0 ampia<\/strong>\u00a0: T-shirt dalla vestibilit\u00e0 ampia, per un maggiore comfort<\/li>\n<\/ul>\n<ul>\n<li>\n<strong>Molto comodo\u00a0<\/strong>Grazie a queste fibre di poliestere super morbide, non si verificano irritazioni.<\/li>\n<\/ul>\n<ul>\n<li>\n<strong>stampa digitale 3D<\/strong>\u00a0Maglietta stampata con un design originale, stampa su tela<\/li>\n<\/ul>\n<ul>\n<li>\n<strong>Consegna gratuita\u00a0<\/strong>per qualsiasi acquisto<\/li>\n<\/ul>\n<h2><strong>Non dimenticare di dare un&#039;occhiata alla guida alle taglie qui sotto.<\/strong><\/h2>\n<style><!--\n.content-table {\n  border-collapse: collapse;\n  margin: 25px 0;\n  font-size: 0.9em;\n  min-width: 400px;\n  border-radius: 5px 5px 0 0;\n  overflow: hidden;\n  box-shadow: 0 0 20px rgba(0, 0, 0, 0.15);\n  text-align: center;\n}\n.content-table thead tr {\n  background-color: #E6B96E;\n  color: #ffffff;\n  text-align: left;\n  font-weight: bold;\n}\n.content-table th,\n.content-table td {\n  padding: 12px 15px;\n}\n.content-table tbody tr {\n  border-bottom: 1px solid #dddddd;\n}\n.content-table tbody tr:nth-of-type(even) {\n  background-color: #f3f3f3;\n}\n.content-table tbody tr:last-of-type {\n  border-bottom: 2px solid #E6B96E;\n}\n--><\/style>\n<table class=\"content-table\">\n<thead>\n<tr>\n<th colspan=\"4\" style=\"text-align: center;\">GUIDA ALLE TAGLIE \u2013 SCEGLI LA TUA TAGLIA<\/th>\n<\/tr>\n<tr>\n<th style=\"text-align: center;\">Misurare<\/th>\n<th style=\"text-align: center;\">Torace<\/th>\n<th style=\"text-align: center;\">Lunghezza<\/th>\n<th style=\"text-align: center;\">Maniche<\/th>\n<\/tr>\n<\/thead>\n<tbody>\n<tr>\n<td style=\"text-align: center;\"><strong>XXS<\/strong><\/td>\n<td style=\"text-align: center;\">80<\/td>\n<td style=\"text-align: center;\">58<\/td>\n<td style=\"text-align: center;\">16<\/td>\n<\/tr>\n<tr class=\"active-row\">\n<td style=\"text-align: center;\"><strong>Taglia XS<\/strong><\/td>\n<td style=\"text-align: center;\">84\n<\/td>\n<td style=\"text-align: center;\">60\n<\/td>\n<td style=\"text-align: center;\">17<\/td>\n<\/tr>\n<tr>\n<td style=\"text-align: center;\"><strong>S<\/strong><\/td>\n<td style=\"text-align: center;\">88\n<\/td>\n<td style=\"text-align: center;\">63\n<\/td>\n<td style=\"text-align: center;\">18<\/td>\n<\/tr>\n<tr class=\"active-row\">\n<td style=\"text-align: center;\"><strong>M<\/strong><\/td>\n<td style=\"text-align: center;\">92<\/td>\n<td style=\"text-align: center;\">65\n<\/td>\n<td style=\"text-align: center;\">18\n<\/td>\n<\/tr>\n<tr>\n<td style=\"text-align: center;\"><strong>L<\/strong><\/td>\n<td style=\"text-align: center;\">96<\/td>\n<td style=\"text-align: center;\">67\n<\/td>\n<td style=\"text-align: center;\">19\n<\/td>\n<\/tr>\n<tr class=\"active-row\">\n<td style=\"text-align: center;\"><strong>XL<\/strong><\/td>\n<td style=\"text-align: center;\">100<\/td>\n<td style=\"text-align: center;\">69\n<\/td>\n<td style=\"text-align: center;\">19\n<\/td>\n<\/tr>\n<tr>\n<td style=\"text-align: center;\"><strong>XXL<\/strong><\/td>\n<td style=\"text-align: center;\">106<\/td>\n<td style=\"text-align: center;\">71\n<\/td>\n<td style=\"text-align: center;\">20\n<\/td>\n<\/tr>\n<tr class=\"active-row\">\n<td style=\"text-align: center;\"><strong>3XL<\/strong><\/td>\n<td style=\"text-align: center;\">112<\/td>\n<td style=\"text-align: center;\">73\n<\/td>\n<td style=\"text-align: center;\">20\n<\/td>\n<\/tr>\n<tr>\n<td style=\"text-align: center;\"><strong>4XL<\/strong><\/td>\n<td style=\"text-align: center;\">118<\/td>\n<td style=\"text-align: center;\">75\n<\/td>\n<td style=\"text-align: center;\">21\n<\/td>\n<\/tr>\n<tr class=\"active-row\">\n<td style=\"text-align: center;\"><strong>5XL<\/strong><\/td>\n<td style=\"text-align: center;\">124<\/td>\n<td style=\"text-align: center;\">77\n<\/td>\n<td style=\"text-align: center;\">22\n<\/td>\n<\/tr>\n<tr>\n<td style=\"text-align: center;\"><strong>6XL<\/strong><\/td>\n<td style=\"text-align: center;\">130<\/td>\n<td style=\"text-align: center;\">79\n<\/td>\n<td style=\"text-align: center;\">23\n<\/td>\n<\/tr>\n<\/tbody>\n<\/table>\n<h3>Istruzioni per il lavaggio:<\/h3>\n<ul>\n<li>Lavare in lavatrice a 30\u00b0C, ciclo delicato<\/li>\n<\/ul>\n<ul>\n<li>Stirare sul retro<\/li>\n<\/ul>\n<p>Per preservare la qualit\u00e0 di questo <strong>Maglietta One Piece<\/strong>, Si consiglia di seguire le istruzioni di lavaggio.<\/p>","protected":false},"excerpt":{"rendered":"<p>Informazioni sulla maglietta: Jersey di qualit\u00e0 premium: tessuto di alta qualit\u00e0 e pesante. Vestibilit\u00e0 comoda: maglietta ampia per un maggiore comfort. Molto comoda: fibre di poliestere super morbide che prevengono gli sfregamenti. Stampa digitale 3D: stampata con un design originale, stampa su tela. Spedizione gratuita su tutti gli acquisti. Non dimenticare di controllare la guida alle taglie qui sotto. GUIDA ALLE TAGLIE \u2013 [\u2026]<\/p>","protected":false},"featured_media":17322,"comment_status":"open","ping_status":"open","template":"","meta":[],"product_brand":[],"product_cat":[15,53],"product_tag":[],"class_list":{"0":"post-17320","1":"product","2":"type-product","3":"status-publish","4":"has-post-thumbnail","6":"product_cat-manga-one-piece","7":"product_cat-t-shirts-one-piece","9":"first","10":"instock","11":"purchasable","12":"product-type-variable","13":"has-default-attributes"},"yoast_head":"<!-- This site is optimized with the Yoast SEO plugin v27.5 - https:\/\/yoast.com\/product\/yoast-seo-wordpress\/ -->\n<title>T-shirt One Piece La D\u00e9termination De Zoro | V\u00eatement One Piece<\/title>\n<meta name=\"description\" content=\"Informations sur le\u00a0T-Shirt\u00a0:\u00a0 \u00a0Maillot de qualit\u00e9 sup\u00e9rieure\u00a0:\u00a0poss\u00e8de un\u00a0grammage \u00e9lev\u00e9, avec des mat\u00e9riaux de qualit\u00e9s Coupe Ample\u00a0:\u00a0\u00a0tee-shirt\u00a0avec une\u00a0coupe\u00a0large, pour plus de confort Tr\u00e8s confortable\u00a0: avec ces\u00a0fibres\u00a0de\u00a0polyester super\u00a0doux, il n&#039;y a pas\u00a0de\u00a0frottements Impression digitale 3D\u00a0:\u00a0t-shirt imprim\u00e9\u00a0a\" \/>\n<meta name=\"robots\" content=\"index, follow, max-snippet:-1, max-image-preview:large, max-video-preview:-1\" \/>\n<link rel=\"canonical\" href=\"https:\/\/boutique-one-piece.com\/it\/vestiti-one-piece\/magliette-one-piece\/maglietta-one-piece-la-determinazione-di-zoro\/\" \/>\n<meta property=\"og:locale\" content=\"it_IT\" \/>\n<meta property=\"og:type\" content=\"article\" \/>\n<meta property=\"og:title\" content=\"T-shirt One Piece La D\u00e9termination De Zoro | V\u00eatement One Piece\" \/>\n<meta property=\"og:description\" content=\"Informations sur le\u00a0T-Shirt\u00a0:\u00a0 \u00a0Maillot de qualit\u00e9 sup\u00e9rieure\u00a0:\u00a0poss\u00e8de un\u00a0grammage \u00e9lev\u00e9, avec des mat\u00e9riaux de qualit\u00e9s Coupe Ample\u00a0:\u00a0\u00a0tee-shirt\u00a0avec une\u00a0coupe\u00a0large, pour plus de confort Tr\u00e8s confortable\u00a0: avec ces\u00a0fibres\u00a0de\u00a0polyester super\u00a0doux, il n&#039;y a pas\u00a0de\u00a0frottements Impression digitale 3D\u00a0:\u00a0t-shirt imprim\u00e9\u00a0a\" \/>\n<meta property=\"og:url\" content=\"https:\/\/boutique-one-piece.com\/it\/vestiti-one-piece\/magliette-one-piece\/maglietta-one-piece-la-determinazione-di-zoro\/\" \/>\n<meta property=\"og:site_name\" content=\"Boutique One Piece\" \/>\n<meta property=\"article:modified_time\" content=\"2024-09-16T15:05:09+00:00\" \/>\n<meta property=\"og:image\" content=\"https:\/\/boutique-one-piece.com\/wp-content\/uploads\/2022\/09\/T-shirt-One-Piece-La-Determination-De-Zoro.jpg\" \/>\n\t<meta property=\"og:image:width\" content=\"640\" \/>\n\t<meta property=\"og:image:height\" content=\"640\" \/>\n\t<meta property=\"og:image:type\" content=\"image\/jpeg\" \/>\n<meta name=\"twitter:card\" content=\"summary_large_image\" \/>\n<meta name=\"twitter:label1\" content=\"Tempo di lettura stimato\" \/>\n\t<meta name=\"twitter:data1\" content=\"1 minuto\" \/>\n<script type=\"application\/ld+json\" class=\"yoast-schema-graph\">{\"@context\":\"https:\\\/\\\/schema.org\",\"@graph\":[{\"@type\":\"WebPage\",\"@id\":\"https:\\\/\\\/boutique-one-piece.com\\\/vetements-one-piece\\\/t-shirts-one-piece\\\/t-shirt-one-piece-la-determination-de-zoro\\\/\",\"url\":\"https:\\\/\\\/boutique-one-piece.com\\\/vetements-one-piece\\\/t-shirts-one-piece\\\/t-shirt-one-piece-la-determination-de-zoro\\\/\",\"name\":\"T-shirt One Piece La D\u00e9termination De Zoro | V\u00eatement One Piece\",\"isPartOf\":{\"@id\":\"https:\\\/\\\/boutique-one-piece.com\\\/#website\"},\"primaryImageOfPage\":{\"@id\":\"https:\\\/\\\/boutique-one-piece.com\\\/vetements-one-piece\\\/t-shirts-one-piece\\\/t-shirt-one-piece-la-determination-de-zoro\\\/#primaryimage\"},\"image\":{\"@id\":\"https:\\\/\\\/boutique-one-piece.com\\\/vetements-one-piece\\\/t-shirts-one-piece\\\/t-shirt-one-piece-la-determination-de-zoro\\\/#primaryimage\"},\"thumbnailUrl\":\"https:\\\/\\\/boutique-one-piece.com\\\/wp-content\\\/uploads\\\/2022\\\/09\\\/T-shirt-One-Piece-La-Determination-De-Zoro.jpg\",\"datePublished\":\"2022-09-27T22:00:36+00:00\",\"dateModified\":\"2024-09-16T15:05:09+00:00\",\"description\":\"Informations sur le\u00a0T-Shirt\u00a0:\u00a0 \u00a0Maillot de qualit\u00e9 sup\u00e9rieure\u00a0:\u00a0poss\u00e8de un\u00a0grammage \u00e9lev\u00e9, avec des mat\u00e9riaux de qualit\u00e9s Coupe Ample\u00a0:\u00a0\u00a0tee-shirt\u00a0avec une\u00a0coupe\u00a0large, pour plus de confort Tr\u00e8s confortable\u00a0: avec ces\u00a0fibres\u00a0de\u00a0polyester super\u00a0doux, il n'y a pas\u00a0de\u00a0frottements Impression digitale 3D\u00a0:\u00a0t-shirt imprim\u00e9\u00a0a\",\"breadcrumb\":{\"@id\":\"https:\\\/\\\/boutique-one-piece.com\\\/vetements-one-piece\\\/t-shirts-one-piece\\\/t-shirt-one-piece-la-determination-de-zoro\\\/#breadcrumb\"},\"inLanguage\":\"it-IT\",\"potentialAction\":[{\"@type\":\"ReadAction\",\"target\":[\"https:\\\/\\\/boutique-one-piece.com\\\/vetements-one-piece\\\/t-shirts-one-piece\\\/t-shirt-one-piece-la-determination-de-zoro\\\/\"]}]},{\"@type\":\"ImageObject\",\"inLanguage\":\"it-IT\",\"@id\":\"https:\\\/\\\/boutique-one-piece.com\\\/vetements-one-piece\\\/t-shirts-one-piece\\\/t-shirt-one-piece-la-determination-de-zoro\\\/#primaryimage\",\"url\":\"https:\\\/\\\/boutique-one-piece.com\\\/wp-content\\\/uploads\\\/2022\\\/09\\\/T-shirt-One-Piece-La-Determination-De-Zoro.jpg\",\"contentUrl\":\"https:\\\/\\\/boutique-one-piece.com\\\/wp-content\\\/uploads\\\/2022\\\/09\\\/T-shirt-One-Piece-La-Determination-De-Zoro.jpg\",\"width\":640,\"height\":640,\"caption\":\"T-shirt One Piece La D\u00e9termination De Zoro 6XL\"},{\"@type\":\"BreadcrumbList\",\"@id\":\"https:\\\/\\\/boutique-one-piece.com\\\/vetements-one-piece\\\/t-shirts-one-piece\\\/t-shirt-one-piece-la-determination-de-zoro\\\/#breadcrumb\",\"itemListElement\":[{\"@type\":\"ListItem\",\"position\":1,\"name\":\"Home\",\"item\":\"https:\\\/\\\/boutique-one-piece.com\\\/\"},{\"@type\":\"ListItem\",\"position\":2,\"name\":\"Shop\",\"item\":\"https:\\\/\\\/boutique-one-piece.com\\\/shop\\\/\"},{\"@type\":\"ListItem\",\"position\":3,\"name\":\"T-shirt One Piece La D\u00e9termination De Zoro\"}]},{\"@type\":\"WebSite\",\"@id\":\"https:\\\/\\\/boutique-one-piece.com\\\/#website\",\"url\":\"https:\\\/\\\/boutique-one-piece.com\\\/\",\"name\":\"Boutique One Piece\",\"description\":\"Magasin Sp\u00e9cialis\u00e9 du Manga et l&#039;Anime One Piece\",\"publisher\":{\"@id\":\"https:\\\/\\\/boutique-one-piece.com\\\/#organization\"},\"potentialAction\":[{\"@type\":\"SearchAction\",\"target\":{\"@type\":\"EntryPoint\",\"urlTemplate\":\"https:\\\/\\\/boutique-one-piece.com\\\/?s={search_term_string}\"},\"query-input\":{\"@type\":\"PropertyValueSpecification\",\"valueRequired\":true,\"valueName\":\"search_term_string\"}}],\"inLanguage\":\"it-IT\"},{\"@type\":\"Organization\",\"@id\":\"https:\\\/\\\/boutique-one-piece.com\\\/#organization\",\"name\":\"Boutique One Piece\",\"url\":\"https:\\\/\\\/boutique-one-piece.com\\\/\",\"logo\":{\"@type\":\"ImageObject\",\"inLanguage\":\"it-IT\",\"@id\":\"https:\\\/\\\/boutique-one-piece.com\\\/#\\\/schema\\\/logo\\\/image\\\/\",\"url\":\"https:\\\/\\\/boutique-one-piece.com\\\/wp-content\\\/uploads\\\/2022\\\/09\\\/Logo-01.png\",\"contentUrl\":\"https:\\\/\\\/boutique-one-piece.com\\\/wp-content\\\/uploads\\\/2022\\\/09\\\/Logo-01.png\",\"width\":2318,\"height\":957,\"caption\":\"Boutique One Piece\"},\"image\":{\"@id\":\"https:\\\/\\\/boutique-one-piece.com\\\/#\\\/schema\\\/logo\\\/image\\\/\"}}]}<\/script>\n<!-- \/ Yoast SEO plugin. -->","yoast_head_json":{"title":"Maglietta One Piece Zoro&#039;s Determination | Abbigliamento One Piece","description":"Informazioni sulla maglietta: Jersey di qualit\u00e0 premium: tessuto di alta qualit\u00e0 con un&#039;elevata grammatura. Vestibilit\u00e0 rilassata: maglietta ampia per un maggiore comfort. Molto comoda: le fibre di poliestere super morbide prevengono gli sfregamenti. Stampa digitale 3D: maglietta stampata.","robots":{"index":"index","follow":"follow","max-snippet":"max-snippet:-1","max-image-preview":"max-image-preview:large","max-video-preview":"max-video-preview:-1"},"canonical":"https:\/\/boutique-one-piece.com\/it\/vestiti-one-piece\/magliette-one-piece\/maglietta-one-piece-la-determinazione-di-zoro\/","og_locale":"it_IT","og_type":"article","og_title":"T-shirt One Piece La D\u00e9termination De Zoro | V\u00eatement One Piece","og_description":"Informations sur le\u00a0T-Shirt\u00a0:\u00a0 \u00a0Maillot de qualit\u00e9 sup\u00e9rieure\u00a0:\u00a0poss\u00e8de un\u00a0grammage \u00e9lev\u00e9, avec des mat\u00e9riaux de qualit\u00e9s Coupe Ample\u00a0:\u00a0\u00a0tee-shirt\u00a0avec une\u00a0coupe\u00a0large, pour plus de confort Tr\u00e8s confortable\u00a0: avec ces\u00a0fibres\u00a0de\u00a0polyester super\u00a0doux, il n'y a pas\u00a0de\u00a0frottements Impression digitale 3D\u00a0:\u00a0t-shirt imprim\u00e9\u00a0a","og_url":"https:\/\/boutique-one-piece.com\/it\/vestiti-one-piece\/magliette-one-piece\/maglietta-one-piece-la-determinazione-di-zoro\/","og_site_name":"Boutique One Piece","article_modified_time":"2024-09-16T15:05:09+00:00","og_image":[{"width":640,"height":640,"url":"https:\/\/boutique-one-piece.com\/wp-content\/uploads\/2022\/09\/T-shirt-One-Piece-La-Determination-De-Zoro.jpg","type":"image\/jpeg"}],"twitter_card":"summary_large_image","twitter_misc":{"Tempo di lettura stimato":"1 minuto"},"schema":{"@context":"https:\/\/schema.org","@graph":[{"@type":"WebPage","@id":"https:\/\/boutique-one-piece.com\/vetements-one-piece\/t-shirts-one-piece\/t-shirt-one-piece-la-determination-de-zoro\/","url":"https:\/\/boutique-one-piece.com\/vetements-one-piece\/t-shirts-one-piece\/t-shirt-one-piece-la-determination-de-zoro\/","name":"Maglietta One Piece Zoro&#039;s Determination | Abbigliamento One Piece","isPartOf":{"@id":"https:\/\/boutique-one-piece.com\/#website"},"primaryImageOfPage":{"@id":"https:\/\/boutique-one-piece.com\/vetements-one-piece\/t-shirts-one-piece\/t-shirt-one-piece-la-determination-de-zoro\/#primaryimage"},"image":{"@id":"https:\/\/boutique-one-piece.com\/vetements-one-piece\/t-shirts-one-piece\/t-shirt-one-piece-la-determination-de-zoro\/#primaryimage"},"thumbnailUrl":"https:\/\/boutique-one-piece.com\/wp-content\/uploads\/2022\/09\/T-shirt-One-Piece-La-Determination-De-Zoro.jpg","datePublished":"2022-09-27T22:00:36+00:00","dateModified":"2024-09-16T15:05:09+00:00","description":"Informazioni sulla maglietta: Jersey di qualit\u00e0 premium: tessuto di alta qualit\u00e0 con un&#039;elevata grammatura. Vestibilit\u00e0 rilassata: maglietta ampia per un maggiore comfort. Molto comoda: le fibre di poliestere super morbide prevengono gli sfregamenti. Stampa digitale 3D: maglietta stampata.","breadcrumb":{"@id":"https:\/\/boutique-one-piece.com\/vetements-one-piece\/t-shirts-one-piece\/t-shirt-one-piece-la-determination-de-zoro\/#breadcrumb"},"inLanguage":"it-IT","potentialAction":[{"@type":"ReadAction","target":["https:\/\/boutique-one-piece.com\/vetements-one-piece\/t-shirts-one-piece\/t-shirt-one-piece-la-determination-de-zoro\/"]}]},{"@type":"ImageObject","inLanguage":"it-IT","@id":"https:\/\/boutique-one-piece.com\/vetements-one-piece\/t-shirts-one-piece\/t-shirt-one-piece-la-determination-de-zoro\/#primaryimage","url":"https:\/\/boutique-one-piece.com\/wp-content\/uploads\/2022\/09\/T-shirt-One-Piece-La-Determination-De-Zoro.jpg","contentUrl":"https:\/\/boutique-one-piece.com\/wp-content\/uploads\/2022\/09\/T-shirt-One-Piece-La-Determination-De-Zoro.jpg","width":640,"height":640,"caption":"T-shirt One Piece La D\u00e9termination De Zoro 6XL"},{"@type":"BreadcrumbList","@id":"https:\/\/boutique-one-piece.com\/vetements-one-piece\/t-shirts-one-piece\/t-shirt-one-piece-la-determination-de-zoro\/#breadcrumb","itemListElement":[{"@type":"ListItem","position":1,"name":"Home","item":"https:\/\/boutique-one-piece.com\/"},{"@type":"ListItem","position":2,"name":"Shop","item":"https:\/\/boutique-one-piece.com\/shop\/"},{"@type":"ListItem","position":3,"name":"T-shirt One Piece La D\u00e9termination De Zoro"}]},{"@type":"WebSite","@id":"https:\/\/boutique-one-piece.com\/#website","url":"https:\/\/boutique-one-piece.com\/","name":"Negozio One Piece","description":"Negozio specializzato in manga e anime di One Piece","publisher":{"@id":"https:\/\/boutique-one-piece.com\/#organization"},"potentialAction":[{"@type":"SearchAction","target":{"@type":"EntryPoint","urlTemplate":"https:\/\/boutique-one-piece.com\/?s={search_term_string}"},"query-input":{"@type":"PropertyValueSpecification","valueRequired":true,"valueName":"search_term_string"}}],"inLanguage":"it-IT"},{"@type":"Organization","@id":"https:\/\/boutique-one-piece.com\/#organization","name":"Negozio One Piece","url":"https:\/\/boutique-one-piece.com\/","logo":{"@type":"ImageObject","inLanguage":"it-IT","@id":"https:\/\/boutique-one-piece.com\/#\/schema\/logo\/image\/","url":"https:\/\/boutique-one-piece.com\/wp-content\/uploads\/2022\/09\/Logo-01.png","contentUrl":"https:\/\/boutique-one-piece.com\/wp-content\/uploads\/2022\/09\/Logo-01.png","width":2318,"height":957,"caption":"Boutique One Piece"},"image":{"@id":"https:\/\/boutique-one-piece.com\/#\/schema\/logo\/image\/"}}]}},"_links":{"self":[{"href":"https:\/\/boutique-one-piece.com\/it\/wp-json\/wp\/v2\/product\/17320","targetHints":{"allow":["GET"]}}],"collection":[{"href":"https:\/\/boutique-one-piece.com\/it\/wp-json\/wp\/v2\/product"}],"about":[{"href":"https:\/\/boutique-one-piece.com\/it\/wp-json\/wp\/v2\/types\/product"}],"replies":[{"embeddable":true,"href":"https:\/\/boutique-one-piece.com\/it\/wp-json\/wp\/v2\/comments?post=17320"}],"wp:featuredmedia":[{"embeddable":true,"href":"https:\/\/boutique-one-piece.com\/it\/wp-json\/wp\/v2\/media\/17322"}],"wp:attachment":[{"href":"https:\/\/boutique-one-piece.com\/it\/wp-json\/wp\/v2\/media?parent=17320"}],"wp:term":[{"taxonomy":"product_brand","embeddable":true,"href":"https:\/\/boutique-one-piece.com\/it\/wp-json\/wp\/v2\/product_brand?post=17320"},{"taxonomy":"product_cat","embeddable":true,"href":"https:\/\/boutique-one-piece.com\/it\/wp-json\/wp\/v2\/product_cat?post=17320"},{"taxonomy":"product_tag","embeddable":true,"href":"https:\/\/boutique-one-piece.com\/it\/wp-json\/wp\/v2\/product_tag?post=17320"}],"curies":[{"name":"parola chiave","href":"https:\/\/api.w.org\/{rel}","templated":true}]}}