{"id":17333,"date":"2022-09-27T22:00:36","date_gmt":"2022-09-27T22:00:36","guid":{"rendered":"https:\/\/boutique-one-piece.com\/uncategorized\/avis-de-recherche-arlong-wanted\/"},"modified":"2024-09-16T15:05:11","modified_gmt":"2024-09-16T15:05:11","slug":"manifesto-di-arlong-ricercato","status":"publish","type":"product","link":"https:\/\/boutique-one-piece.com\/it\/manifesto-ricercato-di-one-piece\/manifesto-di-arlong-ricercato\/","title":{"rendered":"Avviso di ricerca di Arlong"},"content":{"rendered":"<h2>Si tu as aim\u00e9 l\u2019arc des hommes poissons, cet Avis de Recherche Arlong Wanted va te rappeler des bons souvenirs.<\/h2>\n<p>Arlong est un homme poisson inspir\u00e9 d\u2019un <strong>Squalo sega<\/strong>. C\u2019est un pirate impitoyable d\u2019<strong>East Blue<\/strong> qui pille des villages entiers. Quand nous le rencontrons dans les aventures de Luffy, ils sont ennemis car Luffy souhaite que Nami int\u00e8gre son \u00e9quipage, ce qu\u2019Arlong refuse. Apr\u00e8s que Luffy d\u00e9couvre qu\u2019Arlong a tu\u00e9 la m\u00e8re de Nami et l\u2019a enr\u00f4l\u00e9 de force pour qu\u2019elle lui dessine des cartes, il d\u00e9cide de la sauver et de battre d\u00e9finitivement Arlong pour soulager le fardeau de son amie, qui essaie de sauver son village du tyran.<\/p>\n<h3>As-tu aim\u00e9 la bataille d\u2019Arlong contre Luffy o\u00f9 le futur de Nami est en jeu ? Montre-le avec cet avis de recherche pour la mort ou la capture du terrible homme poisson.<\/h3>\n<p>Arlong est le premier homme poisson que l\u2019on croise durant l\u2019aventure de Luffy, et il voue une grande haine aux humains car les hommes poissons \u00e9taient des<strong> schiavi<\/strong> pour les Tenryubito, des nobles que personne ne peut toucher sous peine de d\u00e9clencher une guerre totale et l\u2019annihilation de l\u2019\u00eele sur laquelle a \u00e9t\u00e9 commis cet acte. La t\u00eate d\u2019Arlong vaut 20 millions de Berry.<\/p>\n<p>Se sei appassionato di grandi numeri, questo <a href=\"https:\/\/boutique-one-piece.com\/it\/avis-de-recherche-vista-wanted\/\" target=\"_blank\" title=\"Avviso di richiesta di Vista\" rel=\"noopener noreferrer\">Avviso di richiesta di Vista<\/a> Vi delizier\u00e0.<\/p>\n<h2>Informations sur l\u2019Affiche One Piece Wanted Arlong<\/h2>\n<ul>\n<li><span><b><u>Manifesto ricercato di One Piece<\/u><\/b>\u00a0: v\u00e9ritable Avis De Recherche de l\u2019univers One Piece pour les vrais pirates<\/span><\/li>\n<\/ul>\n<ul>\n<li>\n<b><u>Arlong&#039;s Prime<\/u><\/b>\u00a020.000.000 di bacche<\/li>\n<\/ul>\n<ul>\n<li><span><strong>Stampa di alta qualit\u00e0<\/strong>\u00a0colori accurati<\/span><\/li>\n<\/ul>\n<ul>\n<li>\n<strong>Dimensione<\/strong>\u00a0: 51 cm x 36 cm<\/li>\n<\/ul>\n<ul>\n<li><span><strong>CONSEGNA GRATUITA<\/strong><\/span><\/li>\n<\/ul>","protected":false},"excerpt":{"rendered":"<p>Si tu as aim\u00e9 l\u2019arc des hommes poissons, cet Avis de Recherche Arlong Wanted va te rappeler des bons souvenirs. Arlong est un homme poisson inspir\u00e9 d\u2019un requin scie. C\u2019est un pirate impitoyable d\u2019East Blue qui pille des villages entiers. Quand nous le rencontrons dans les aventures de Luffy, ils sont ennemis car Luffy souhaite [&hellip;]<\/p>","protected":false},"featured_media":17335,"comment_status":"open","ping_status":"open","template":"","meta":[],"product_brand":[],"product_cat":[171],"product_tag":[],"class_list":{"0":"post-17333","1":"product","2":"type-product","3":"status-publish","4":"has-post-thumbnail","6":"product_cat-avis-de-recherche-one-piece","8":"first","9":"instock","10":"purchasable","11":"product-type-simple"},"yoast_head":"<!-- This site is optimized with the Yoast SEO plugin v27.5 - https:\/\/yoast.com\/product\/yoast-seo-wordpress\/ -->\n<title>Avis De Recherche Arlong Wanted | D\u00e9coration One Piece \u2013 Boutique One Piece<\/title>\n<meta name=\"description\" content=\"Si tu as aim\u00e9 l&#039;arc des hommes poissons, cet Avis de Recherche Arlong Wanted va te rappeler des bons souvenirs. Arlong est un homme poisson inspir\u00e9 d&#039;un requin scie. C&#039;est un pirate impitoyable d&#039;East Blue qui pille des villages entiers. Quand nous le rencontrons dans les aventures de Luffy, ils sont ennemis car Luffy\" \/>\n<meta name=\"robots\" content=\"index, follow, max-snippet:-1, max-image-preview:large, max-video-preview:-1\" \/>\n<link rel=\"canonical\" href=\"https:\/\/boutique-one-piece.com\/it\/manifesto-ricercato-di-one-piece\/manifesto-di-arlong-ricercato\/\" \/>\n<meta property=\"og:locale\" content=\"it_IT\" \/>\n<meta property=\"og:type\" content=\"article\" \/>\n<meta property=\"og:title\" content=\"Avis De Recherche Arlong Wanted | D\u00e9coration One Piece \u2013 Boutique One Piece\" \/>\n<meta property=\"og:description\" content=\"Si tu as aim\u00e9 l&#039;arc des hommes poissons, cet Avis de Recherche Arlong Wanted va te rappeler des bons souvenirs. Arlong est un homme poisson inspir\u00e9 d&#039;un requin scie. C&#039;est un pirate impitoyable d&#039;East Blue qui pille des villages entiers. Quand nous le rencontrons dans les aventures de Luffy, ils sont ennemis car Luffy\" \/>\n<meta property=\"og:url\" content=\"https:\/\/boutique-one-piece.com\/it\/manifesto-ricercato-di-one-piece\/manifesto-di-arlong-ricercato\/\" \/>\n<meta property=\"og:site_name\" content=\"Boutique One Piece\" \/>\n<meta property=\"article:modified_time\" content=\"2024-09-16T15:05:11+00:00\" \/>\n<meta property=\"og:image\" content=\"https:\/\/boutique-one-piece.com\/wp-content\/uploads\/2022\/09\/Avis-De-Recherche-Arlong-Wanted-1.jpg\" \/>\n\t<meta property=\"og:image:width\" content=\"798\" \/>\n\t<meta property=\"og:image:height\" content=\"797\" \/>\n\t<meta property=\"og:image:type\" content=\"image\/jpeg\" \/>\n<meta name=\"twitter:card\" content=\"summary_large_image\" \/>\n<meta name=\"twitter:label1\" content=\"Tempo di lettura stimato\" \/>\n\t<meta name=\"twitter:data1\" content=\"1 minuto\" \/>\n<script type=\"application\/ld+json\" class=\"yoast-schema-graph\">{\"@context\":\"https:\\\/\\\/schema.org\",\"@graph\":[{\"@type\":\"WebPage\",\"@id\":\"https:\\\/\\\/boutique-one-piece.com\\\/avis-de-recherche-one-piece\\\/avis-de-recherche-arlong-wanted\\\/\",\"url\":\"https:\\\/\\\/boutique-one-piece.com\\\/avis-de-recherche-one-piece\\\/avis-de-recherche-arlong-wanted\\\/\",\"name\":\"Avis De Recherche Arlong Wanted | D\u00e9coration One Piece \u2013 Boutique One Piece\",\"isPartOf\":{\"@id\":\"https:\\\/\\\/boutique-one-piece.com\\\/#website\"},\"primaryImageOfPage\":{\"@id\":\"https:\\\/\\\/boutique-one-piece.com\\\/avis-de-recherche-one-piece\\\/avis-de-recherche-arlong-wanted\\\/#primaryimage\"},\"image\":{\"@id\":\"https:\\\/\\\/boutique-one-piece.com\\\/avis-de-recherche-one-piece\\\/avis-de-recherche-arlong-wanted\\\/#primaryimage\"},\"thumbnailUrl\":\"https:\\\/\\\/boutique-one-piece.com\\\/wp-content\\\/uploads\\\/2022\\\/09\\\/Avis-De-Recherche-Arlong-Wanted-1.jpg\",\"datePublished\":\"2022-09-27T22:00:36+00:00\",\"dateModified\":\"2024-09-16T15:05:11+00:00\",\"description\":\"Si tu as aim\u00e9 l'arc des hommes poissons, cet Avis de Recherche Arlong Wanted va te rappeler des bons souvenirs. Arlong est un homme poisson inspir\u00e9 d'un requin scie. C'est un pirate impitoyable d'East Blue qui pille des villages entiers. Quand nous le rencontrons dans les aventures de Luffy, ils sont ennemis car Luffy\",\"breadcrumb\":{\"@id\":\"https:\\\/\\\/boutique-one-piece.com\\\/avis-de-recherche-one-piece\\\/avis-de-recherche-arlong-wanted\\\/#breadcrumb\"},\"inLanguage\":\"it-IT\",\"potentialAction\":[{\"@type\":\"ReadAction\",\"target\":[\"https:\\\/\\\/boutique-one-piece.com\\\/avis-de-recherche-one-piece\\\/avis-de-recherche-arlong-wanted\\\/\"]}]},{\"@type\":\"ImageObject\",\"inLanguage\":\"it-IT\",\"@id\":\"https:\\\/\\\/boutique-one-piece.com\\\/avis-de-recherche-one-piece\\\/avis-de-recherche-arlong-wanted\\\/#primaryimage\",\"url\":\"https:\\\/\\\/boutique-one-piece.com\\\/wp-content\\\/uploads\\\/2022\\\/09\\\/Avis-De-Recherche-Arlong-Wanted-1.jpg\",\"contentUrl\":\"https:\\\/\\\/boutique-one-piece.com\\\/wp-content\\\/uploads\\\/2022\\\/09\\\/Avis-De-Recherche-Arlong-Wanted-1.jpg\",\"width\":798,\"height\":797},{\"@type\":\"BreadcrumbList\",\"@id\":\"https:\\\/\\\/boutique-one-piece.com\\\/avis-de-recherche-one-piece\\\/avis-de-recherche-arlong-wanted\\\/#breadcrumb\",\"itemListElement\":[{\"@type\":\"ListItem\",\"position\":1,\"name\":\"Home\",\"item\":\"https:\\\/\\\/boutique-one-piece.com\\\/\"},{\"@type\":\"ListItem\",\"position\":2,\"name\":\"Shop\",\"item\":\"https:\\\/\\\/boutique-one-piece.com\\\/shop\\\/\"},{\"@type\":\"ListItem\",\"position\":3,\"name\":\"Avis De Recherche Arlong Wanted\"}]},{\"@type\":\"WebSite\",\"@id\":\"https:\\\/\\\/boutique-one-piece.com\\\/#website\",\"url\":\"https:\\\/\\\/boutique-one-piece.com\\\/\",\"name\":\"Boutique One Piece\",\"description\":\"Magasin Sp\u00e9cialis\u00e9 du Manga et l&#039;Anime One Piece\",\"publisher\":{\"@id\":\"https:\\\/\\\/boutique-one-piece.com\\\/#organization\"},\"potentialAction\":[{\"@type\":\"SearchAction\",\"target\":{\"@type\":\"EntryPoint\",\"urlTemplate\":\"https:\\\/\\\/boutique-one-piece.com\\\/?s={search_term_string}\"},\"query-input\":{\"@type\":\"PropertyValueSpecification\",\"valueRequired\":true,\"valueName\":\"search_term_string\"}}],\"inLanguage\":\"it-IT\"},{\"@type\":\"Organization\",\"@id\":\"https:\\\/\\\/boutique-one-piece.com\\\/#organization\",\"name\":\"Boutique One Piece\",\"url\":\"https:\\\/\\\/boutique-one-piece.com\\\/\",\"logo\":{\"@type\":\"ImageObject\",\"inLanguage\":\"it-IT\",\"@id\":\"https:\\\/\\\/boutique-one-piece.com\\\/#\\\/schema\\\/logo\\\/image\\\/\",\"url\":\"https:\\\/\\\/boutique-one-piece.com\\\/wp-content\\\/uploads\\\/2022\\\/09\\\/Logo-01.png\",\"contentUrl\":\"https:\\\/\\\/boutique-one-piece.com\\\/wp-content\\\/uploads\\\/2022\\\/09\\\/Logo-01.png\",\"width\":2318,\"height\":957,\"caption\":\"Boutique One Piece\"},\"image\":{\"@id\":\"https:\\\/\\\/boutique-one-piece.com\\\/#\\\/schema\\\/logo\\\/image\\\/\"}}]}<\/script>\n<!-- \/ Yoast SEO plugin. -->","yoast_head_json":{"title":"Annuncio di ricerca di Arlong | Decorazioni One Piece \u2013 Negozio One Piece","description":"Se vi \u00e8 piaciuto l&#039;arco narrativo dell&#039;Isola degli Uomini-Pesce, questo poster di Arlong Ricercato vi riporter\u00e0 alla mente bei ricordi. Arlong \u00e8 un uomo-pesce ispirato da uno squalo sega. \u00c8 uno spietato pirata del Mare Orientale che saccheggia interi villaggi. Quando lo incontriamo per la prima volta nelle avventure di Rufy, sono nemici perch\u00e9 Rufy...","robots":{"index":"index","follow":"follow","max-snippet":"max-snippet:-1","max-image-preview":"max-image-preview:large","max-video-preview":"max-video-preview:-1"},"canonical":"https:\/\/boutique-one-piece.com\/it\/manifesto-ricercato-di-one-piece\/manifesto-di-arlong-ricercato\/","og_locale":"it_IT","og_type":"article","og_title":"Avis De Recherche Arlong Wanted | D\u00e9coration One Piece \u2013 Boutique One Piece","og_description":"Si tu as aim\u00e9 l'arc des hommes poissons, cet Avis de Recherche Arlong Wanted va te rappeler des bons souvenirs. Arlong est un homme poisson inspir\u00e9 d'un requin scie. C'est un pirate impitoyable d'East Blue qui pille des villages entiers. Quand nous le rencontrons dans les aventures de Luffy, ils sont ennemis car Luffy","og_url":"https:\/\/boutique-one-piece.com\/it\/manifesto-ricercato-di-one-piece\/manifesto-di-arlong-ricercato\/","og_site_name":"Boutique One Piece","article_modified_time":"2024-09-16T15:05:11+00:00","og_image":[{"width":798,"height":797,"url":"https:\/\/boutique-one-piece.com\/wp-content\/uploads\/2022\/09\/Avis-De-Recherche-Arlong-Wanted-1.jpg","type":"image\/jpeg"}],"twitter_card":"summary_large_image","twitter_misc":{"Tempo di lettura stimato":"1 minuto"},"schema":{"@context":"https:\/\/schema.org","@graph":[{"@type":"WebPage","@id":"https:\/\/boutique-one-piece.com\/avis-de-recherche-one-piece\/avis-de-recherche-arlong-wanted\/","url":"https:\/\/boutique-one-piece.com\/avis-de-recherche-one-piece\/avis-de-recherche-arlong-wanted\/","name":"Annuncio di ricerca di Arlong | Decorazioni One Piece \u2013 Negozio One Piece","isPartOf":{"@id":"https:\/\/boutique-one-piece.com\/#website"},"primaryImageOfPage":{"@id":"https:\/\/boutique-one-piece.com\/avis-de-recherche-one-piece\/avis-de-recherche-arlong-wanted\/#primaryimage"},"image":{"@id":"https:\/\/boutique-one-piece.com\/avis-de-recherche-one-piece\/avis-de-recherche-arlong-wanted\/#primaryimage"},"thumbnailUrl":"https:\/\/boutique-one-piece.com\/wp-content\/uploads\/2022\/09\/Avis-De-Recherche-Arlong-Wanted-1.jpg","datePublished":"2022-09-27T22:00:36+00:00","dateModified":"2024-09-16T15:05:11+00:00","description":"Se vi \u00e8 piaciuto l&#039;arco narrativo dell&#039;Isola degli Uomini-Pesce, questo poster di Arlong Ricercato vi riporter\u00e0 alla mente bei ricordi. Arlong \u00e8 un uomo-pesce ispirato da uno squalo sega. \u00c8 uno spietato pirata del Mare Orientale che saccheggia interi villaggi. Quando lo incontriamo per la prima volta nelle avventure di Rufy, sono nemici perch\u00e9 Rufy...","breadcrumb":{"@id":"https:\/\/boutique-one-piece.com\/avis-de-recherche-one-piece\/avis-de-recherche-arlong-wanted\/#breadcrumb"},"inLanguage":"it-IT","potentialAction":[{"@type":"ReadAction","target":["https:\/\/boutique-one-piece.com\/avis-de-recherche-one-piece\/avis-de-recherche-arlong-wanted\/"]}]},{"@type":"ImageObject","inLanguage":"it-IT","@id":"https:\/\/boutique-one-piece.com\/avis-de-recherche-one-piece\/avis-de-recherche-arlong-wanted\/#primaryimage","url":"https:\/\/boutique-one-piece.com\/wp-content\/uploads\/2022\/09\/Avis-De-Recherche-Arlong-Wanted-1.jpg","contentUrl":"https:\/\/boutique-one-piece.com\/wp-content\/uploads\/2022\/09\/Avis-De-Recherche-Arlong-Wanted-1.jpg","width":798,"height":797},{"@type":"BreadcrumbList","@id":"https:\/\/boutique-one-piece.com\/avis-de-recherche-one-piece\/avis-de-recherche-arlong-wanted\/#breadcrumb","itemListElement":[{"@type":"ListItem","position":1,"name":"Home","item":"https:\/\/boutique-one-piece.com\/"},{"@type":"ListItem","position":2,"name":"Shop","item":"https:\/\/boutique-one-piece.com\/shop\/"},{"@type":"ListItem","position":3,"name":"Avis De Recherche Arlong Wanted"}]},{"@type":"WebSite","@id":"https:\/\/boutique-one-piece.com\/#website","url":"https:\/\/boutique-one-piece.com\/","name":"Negozio One Piece","description":"Negozio specializzato in manga e anime di One Piece","publisher":{"@id":"https:\/\/boutique-one-piece.com\/#organization"},"potentialAction":[{"@type":"SearchAction","target":{"@type":"EntryPoint","urlTemplate":"https:\/\/boutique-one-piece.com\/?s={search_term_string}"},"query-input":{"@type":"PropertyValueSpecification","valueRequired":true,"valueName":"search_term_string"}}],"inLanguage":"it-IT"},{"@type":"Organization","@id":"https:\/\/boutique-one-piece.com\/#organization","name":"Negozio One Piece","url":"https:\/\/boutique-one-piece.com\/","logo":{"@type":"ImageObject","inLanguage":"it-IT","@id":"https:\/\/boutique-one-piece.com\/#\/schema\/logo\/image\/","url":"https:\/\/boutique-one-piece.com\/wp-content\/uploads\/2022\/09\/Logo-01.png","contentUrl":"https:\/\/boutique-one-piece.com\/wp-content\/uploads\/2022\/09\/Logo-01.png","width":2318,"height":957,"caption":"Boutique One Piece"},"image":{"@id":"https:\/\/boutique-one-piece.com\/#\/schema\/logo\/image\/"}}]}},"_links":{"self":[{"href":"https:\/\/boutique-one-piece.com\/it\/wp-json\/wp\/v2\/product\/17333","targetHints":{"allow":["GET"]}}],"collection":[{"href":"https:\/\/boutique-one-piece.com\/it\/wp-json\/wp\/v2\/product"}],"about":[{"href":"https:\/\/boutique-one-piece.com\/it\/wp-json\/wp\/v2\/types\/product"}],"replies":[{"embeddable":true,"href":"https:\/\/boutique-one-piece.com\/it\/wp-json\/wp\/v2\/comments?post=17333"}],"wp:featuredmedia":[{"embeddable":true,"href":"https:\/\/boutique-one-piece.com\/it\/wp-json\/wp\/v2\/media\/17335"}],"wp:attachment":[{"href":"https:\/\/boutique-one-piece.com\/it\/wp-json\/wp\/v2\/media?parent=17333"}],"wp:term":[{"taxonomy":"product_brand","embeddable":true,"href":"https:\/\/boutique-one-piece.com\/it\/wp-json\/wp\/v2\/product_brand?post=17333"},{"taxonomy":"product_cat","embeddable":true,"href":"https:\/\/boutique-one-piece.com\/it\/wp-json\/wp\/v2\/product_cat?post=17333"},{"taxonomy":"product_tag","embeddable":true,"href":"https:\/\/boutique-one-piece.com\/it\/wp-json\/wp\/v2\/product_tag?post=17333"}],"curies":[{"name":"parola chiave","href":"https:\/\/api.w.org\/{rel}","templated":true}]}}