{"id":17480,"date":"2022-09-27T22:01:49","date_gmt":"2022-09-27T22:01:49","guid":{"rendered":"https:\/\/boutique-one-piece.com\/uncategorized\/avis-de-recherche-capone-bege-wanted\/"},"modified":"2024-09-16T15:09:34","modified_gmt":"2024-09-16T15:09:34","slug":"manifesto-ricercato-di-capone-bege","status":"publish","type":"product","link":"https:\/\/boutique-one-piece.com\/it\/manifesto-ricercato-di-one-piece\/manifesto-ricercato-di-capone-bege\/","title":{"rendered":"Avviso di ricerca di Capone Bege"},"content":{"rendered":"<h2>Mescola mafia e pirateria e lasciati sedurre da questo poster di Capone Bege Wanted.<\/h2>\n<p>Capone Gang Bege \u00e8 uno dei <strong>supernova<\/strong> della peggiore generazione. \u00c8 quindi il capitano del suo stesso equipaggio, il <strong>Carri armati antincendio<\/strong>. Con il suo design fortemente ispirato alla mafia, cos\u00ec come il suo nome, si ispira al bandito<strong> Al Capone<\/strong>. \u00c8 un pirata a cui piace stare lontano dai riflettori e agire nell&#039;ombra.<\/p>\n<p>Non \u00e8 un codardo, per\u00f2; fa parte della sua strategia, che consiste nel sorprendere i nemici e abbatterli rapidamente. Capone Bege \u00e8 spietato e sadico, ma conosce le buone maniere e si aspetta che gli altri siano irreprensibili.<\/p>\n<h3>Dimostra il tuo attaccamento a uno spietato pirata di One Piece con questo poster ricercato per Capone Gang Bege.<\/h3>\n<p>Capone Bege mangi\u00f2 il frutto del diavolo <strong>Shiro Shiro no mi<\/strong>, Ci\u00f2 lo rende un uomo-fortezza. Anche se pu\u00f2 arrabbiarsi se i suoi uomini non rispettano la sua volont\u00e0, il suo frutto gli permette di ospitare un gran numero di uomini, che miniaturizza nel suo corpo.<\/p>\n<p>Ritornano al loro aspetto normale quando questi uomini lasciano il suo corpo. Questo \u00e8 fondamentale per la sua strategia, che, come accennato in precedenza, consiste nel sorprendere i suoi avversari per giustiziarli rapidamente. Una taglia di 300 milioni di Berry \u00e8 stata posta sulla sua testa.<\/p>\n<p>Se sei appassionato di bonus, questo <a href=\"https:\/\/boutique-one-piece.com\/it\/manifesto-ricercato-di-one-piece-tony-tony-chopper\/\" target=\"_blank\" title=\"Tony Tony Chopper voleva\" rel=\"noopener noreferrer\">Manifesto ricercato Chopper<\/a> Potrebbe interessarti.<\/p>\n<p>\u00a0<\/p>\n<h2>Informazioni sul poster di One Piece Wanted Capone Bege<\/h2>\n<ul>\n<li><span><b><u>Manifesto ricercato di One Piece<\/u><\/b>\u00a0Un autentico poster ricercato di One Piece per veri pirati<\/span><\/li>\n<\/ul>\n<ul>\n<li>\n<b><u>La taglia di Capone Bege<\/u><\/b>\u00a0: 300.000.000 di bacche e 180.000.000 di bacche<\/li>\n<\/ul>\n<ul>\n<li><span><strong>Stampa di alta qualit\u00e0<\/strong>\u00a0colori accurati<\/span><\/li>\n<\/ul>\n<ul>\n<li>\n<strong>Dimensione<\/strong>\u00a0300 milioni di bacche (51 cm x 36 cm) e 180 milioni di bacche (42 cm x 30 cm)<\/li>\n<\/ul>\n<ul>\n<li><span><strong>CONSEGNA GRATUITA<\/strong><\/span><\/li>\n<\/ul>","protected":false},"excerpt":{"rendered":"<p>Mescola mafia e pirateria accaparrandoti questo poster di Capone Bege. Capone Gang Bege \u00e8 una delle peggiori supernovae della generazione. \u00c8 il capitano della sua ciurma, i Fire Tanks. Con il suo design fortemente ispirato ai gangster, cos\u00ec come il suo nome, \u00e8 basato sul famigerato gangster [\u2026]<\/p>","protected":false},"featured_media":17482,"comment_status":"open","ping_status":"open","template":"","meta":[],"product_brand":[],"product_cat":[171],"product_tag":[],"class_list":{"0":"post-17480","1":"product","2":"type-product","3":"status-publish","4":"has-post-thumbnail","6":"product_cat-avis-de-recherche-one-piece","8":"first","9":"instock","10":"purchasable","11":"product-type-variable","12":"has-default-attributes"},"yoast_head":"<!-- This site is optimized with the Yoast SEO plugin v27.5 - https:\/\/yoast.com\/product\/yoast-seo-wordpress\/ -->\n<title>Avis De Recherche Capone Bege Wanted | D\u00e9coration One Piece \u2013 Boutique One Piece<\/title>\n<meta name=\"description\" content=\"M\u00eale la mafia et la piraterie en craquant pour cet Avis de Recherche Capone Bege Wanted. Capone Gang Bege est un des supernovae de la pire g\u00e9n\u00e9ration. Il est donc le capitaine de son propre \u00e9quipage, les Fire Tanks. Avec son design fortement inspir\u00e9 des mafieux, ainsi que son nom, il est inspir\u00e9 du bandit Al Capone. C&#039;\" \/>\n<meta name=\"robots\" content=\"index, follow, max-snippet:-1, max-image-preview:large, max-video-preview:-1\" \/>\n<link rel=\"canonical\" href=\"https:\/\/boutique-one-piece.com\/it\/manifesto-ricercato-di-one-piece\/manifesto-ricercato-di-capone-bege\/\" \/>\n<meta property=\"og:locale\" content=\"it_IT\" \/>\n<meta property=\"og:type\" content=\"article\" \/>\n<meta property=\"og:title\" content=\"Avis De Recherche Capone Bege Wanted | D\u00e9coration One Piece \u2013 Boutique One Piece\" \/>\n<meta property=\"og:description\" content=\"M\u00eale la mafia et la piraterie en craquant pour cet Avis de Recherche Capone Bege Wanted. Capone Gang Bege est un des supernovae de la pire g\u00e9n\u00e9ration. Il est donc le capitaine de son propre \u00e9quipage, les Fire Tanks. Avec son design fortement inspir\u00e9 des mafieux, ainsi que son nom, il est inspir\u00e9 du bandit Al Capone. C&#039;\" \/>\n<meta property=\"og:url\" content=\"https:\/\/boutique-one-piece.com\/it\/manifesto-ricercato-di-one-piece\/manifesto-ricercato-di-capone-bege\/\" \/>\n<meta property=\"og:site_name\" content=\"Boutique One Piece\" \/>\n<meta property=\"article:modified_time\" content=\"2024-09-16T15:09:34+00:00\" \/>\n<meta property=\"og:image\" content=\"https:\/\/boutique-one-piece.com\/wp-content\/uploads\/2022\/09\/Avis-De-Recherche-Capone-Bege-Wanted.jpg\" \/>\n\t<meta property=\"og:image:width\" content=\"800\" \/>\n\t<meta property=\"og:image:height\" content=\"800\" \/>\n\t<meta property=\"og:image:type\" content=\"image\/jpeg\" \/>\n<meta name=\"twitter:card\" content=\"summary_large_image\" \/>\n<meta name=\"twitter:label1\" content=\"Tempo di lettura stimato\" \/>\n\t<meta name=\"twitter:data1\" content=\"2 minuti\" \/>\n<script type=\"application\/ld+json\" class=\"yoast-schema-graph\">{\"@context\":\"https:\\\/\\\/schema.org\",\"@graph\":[{\"@type\":\"WebPage\",\"@id\":\"https:\\\/\\\/boutique-one-piece.com\\\/avis-de-recherche-one-piece\\\/avis-de-recherche-capone-bege-wanted\\\/\",\"url\":\"https:\\\/\\\/boutique-one-piece.com\\\/avis-de-recherche-one-piece\\\/avis-de-recherche-capone-bege-wanted\\\/\",\"name\":\"Avis De Recherche Capone Bege Wanted | D\u00e9coration One Piece \u2013 Boutique One Piece\",\"isPartOf\":{\"@id\":\"https:\\\/\\\/boutique-one-piece.com\\\/#website\"},\"primaryImageOfPage\":{\"@id\":\"https:\\\/\\\/boutique-one-piece.com\\\/avis-de-recherche-one-piece\\\/avis-de-recherche-capone-bege-wanted\\\/#primaryimage\"},\"image\":{\"@id\":\"https:\\\/\\\/boutique-one-piece.com\\\/avis-de-recherche-one-piece\\\/avis-de-recherche-capone-bege-wanted\\\/#primaryimage\"},\"thumbnailUrl\":\"https:\\\/\\\/boutique-one-piece.com\\\/wp-content\\\/uploads\\\/2022\\\/09\\\/Avis-De-Recherche-Capone-Bege-Wanted.jpg\",\"datePublished\":\"2022-09-27T22:01:49+00:00\",\"dateModified\":\"2024-09-16T15:09:34+00:00\",\"description\":\"M\u00eale la mafia et la piraterie en craquant pour cet Avis de Recherche Capone Bege Wanted. Capone Gang Bege est un des supernovae de la pire g\u00e9n\u00e9ration. Il est donc le capitaine de son propre \u00e9quipage, les Fire Tanks. Avec son design fortement inspir\u00e9 des mafieux, ainsi que son nom, il est inspir\u00e9 du bandit Al Capone. C'\",\"breadcrumb\":{\"@id\":\"https:\\\/\\\/boutique-one-piece.com\\\/avis-de-recherche-one-piece\\\/avis-de-recherche-capone-bege-wanted\\\/#breadcrumb\"},\"inLanguage\":\"it-IT\",\"potentialAction\":[{\"@type\":\"ReadAction\",\"target\":[\"https:\\\/\\\/boutique-one-piece.com\\\/avis-de-recherche-one-piece\\\/avis-de-recherche-capone-bege-wanted\\\/\"]}]},{\"@type\":\"ImageObject\",\"inLanguage\":\"it-IT\",\"@id\":\"https:\\\/\\\/boutique-one-piece.com\\\/avis-de-recherche-one-piece\\\/avis-de-recherche-capone-bege-wanted\\\/#primaryimage\",\"url\":\"https:\\\/\\\/boutique-one-piece.com\\\/wp-content\\\/uploads\\\/2022\\\/09\\\/Avis-De-Recherche-Capone-Bege-Wanted.jpg\",\"contentUrl\":\"https:\\\/\\\/boutique-one-piece.com\\\/wp-content\\\/uploads\\\/2022\\\/09\\\/Avis-De-Recherche-Capone-Bege-Wanted.jpg\",\"width\":800,\"height\":800,\"caption\":\"000\"},{\"@type\":\"BreadcrumbList\",\"@id\":\"https:\\\/\\\/boutique-one-piece.com\\\/avis-de-recherche-one-piece\\\/avis-de-recherche-capone-bege-wanted\\\/#breadcrumb\",\"itemListElement\":[{\"@type\":\"ListItem\",\"position\":1,\"name\":\"Home\",\"item\":\"https:\\\/\\\/boutique-one-piece.com\\\/\"},{\"@type\":\"ListItem\",\"position\":2,\"name\":\"Shop\",\"item\":\"https:\\\/\\\/boutique-one-piece.com\\\/shop\\\/\"},{\"@type\":\"ListItem\",\"position\":3,\"name\":\"Avis De Recherche Capone Bege Wanted\"}]},{\"@type\":\"WebSite\",\"@id\":\"https:\\\/\\\/boutique-one-piece.com\\\/#website\",\"url\":\"https:\\\/\\\/boutique-one-piece.com\\\/\",\"name\":\"Boutique One Piece\",\"description\":\"Magasin Sp\u00e9cialis\u00e9 du Manga et l&#039;Anime One Piece\",\"publisher\":{\"@id\":\"https:\\\/\\\/boutique-one-piece.com\\\/#organization\"},\"potentialAction\":[{\"@type\":\"SearchAction\",\"target\":{\"@type\":\"EntryPoint\",\"urlTemplate\":\"https:\\\/\\\/boutique-one-piece.com\\\/?s={search_term_string}\"},\"query-input\":{\"@type\":\"PropertyValueSpecification\",\"valueRequired\":true,\"valueName\":\"search_term_string\"}}],\"inLanguage\":\"it-IT\"},{\"@type\":\"Organization\",\"@id\":\"https:\\\/\\\/boutique-one-piece.com\\\/#organization\",\"name\":\"Boutique One Piece\",\"url\":\"https:\\\/\\\/boutique-one-piece.com\\\/\",\"logo\":{\"@type\":\"ImageObject\",\"inLanguage\":\"it-IT\",\"@id\":\"https:\\\/\\\/boutique-one-piece.com\\\/#\\\/schema\\\/logo\\\/image\\\/\",\"url\":\"https:\\\/\\\/boutique-one-piece.com\\\/wp-content\\\/uploads\\\/2022\\\/09\\\/Logo-01.png\",\"contentUrl\":\"https:\\\/\\\/boutique-one-piece.com\\\/wp-content\\\/uploads\\\/2022\\\/09\\\/Logo-01.png\",\"width\":2318,\"height\":957,\"caption\":\"Boutique One Piece\"},\"image\":{\"@id\":\"https:\\\/\\\/boutique-one-piece.com\\\/#\\\/schema\\\/logo\\\/image\\\/\"}}]}<\/script>\n<!-- \/ Yoast SEO plugin. -->","yoast_head_json":{"title":"Poster ricercato di Capone Bege | Decorazioni One Piece \u2013 Negozio One Piece","description":"Mescola mafia e pirateria accaparrandoti questo poster &quot;Ricercato&quot; di Capone Bege. Capone Gang Bege \u00e8 una delle peggiori supernovae della generazione. \u00c8 il capitano della sua ciurma, i Fire Tanks. Con il suo design fortemente ispirato ai gangster, cos\u00ec come il suo nome, \u00e8 basato sul gangster Al Capone.'","robots":{"index":"index","follow":"follow","max-snippet":"max-snippet:-1","max-image-preview":"max-image-preview:large","max-video-preview":"max-video-preview:-1"},"canonical":"https:\/\/boutique-one-piece.com\/it\/manifesto-ricercato-di-one-piece\/manifesto-ricercato-di-capone-bege\/","og_locale":"it_IT","og_type":"article","og_title":"Avis De Recherche Capone Bege Wanted | D\u00e9coration One Piece \u2013 Boutique One Piece","og_description":"M\u00eale la mafia et la piraterie en craquant pour cet Avis de Recherche Capone Bege Wanted. Capone Gang Bege est un des supernovae de la pire g\u00e9n\u00e9ration. Il est donc le capitaine de son propre \u00e9quipage, les Fire Tanks. Avec son design fortement inspir\u00e9 des mafieux, ainsi que son nom, il est inspir\u00e9 du bandit Al Capone. C'","og_url":"https:\/\/boutique-one-piece.com\/it\/manifesto-ricercato-di-one-piece\/manifesto-ricercato-di-capone-bege\/","og_site_name":"Boutique One Piece","article_modified_time":"2024-09-16T15:09:34+00:00","og_image":[{"width":800,"height":800,"url":"https:\/\/boutique-one-piece.com\/wp-content\/uploads\/2022\/09\/Avis-De-Recherche-Capone-Bege-Wanted.jpg","type":"image\/jpeg"}],"twitter_card":"summary_large_image","twitter_misc":{"Tempo di lettura stimato":"2 minuti"},"schema":{"@context":"https:\/\/schema.org","@graph":[{"@type":"WebPage","@id":"https:\/\/boutique-one-piece.com\/avis-de-recherche-one-piece\/avis-de-recherche-capone-bege-wanted\/","url":"https:\/\/boutique-one-piece.com\/avis-de-recherche-one-piece\/avis-de-recherche-capone-bege-wanted\/","name":"Poster ricercato di Capone Bege | Decorazioni One Piece \u2013 Negozio One Piece","isPartOf":{"@id":"https:\/\/boutique-one-piece.com\/#website"},"primaryImageOfPage":{"@id":"https:\/\/boutique-one-piece.com\/avis-de-recherche-one-piece\/avis-de-recherche-capone-bege-wanted\/#primaryimage"},"image":{"@id":"https:\/\/boutique-one-piece.com\/avis-de-recherche-one-piece\/avis-de-recherche-capone-bege-wanted\/#primaryimage"},"thumbnailUrl":"https:\/\/boutique-one-piece.com\/wp-content\/uploads\/2022\/09\/Avis-De-Recherche-Capone-Bege-Wanted.jpg","datePublished":"2022-09-27T22:01:49+00:00","dateModified":"2024-09-16T15:09:34+00:00","description":"Mescola mafia e pirateria accaparrandoti questo poster &quot;Ricercato&quot; di Capone Bege. Capone Gang Bege \u00e8 una delle peggiori supernovae della generazione. \u00c8 il capitano della sua ciurma, i Fire Tanks. Con il suo design fortemente ispirato ai gangster, cos\u00ec come il suo nome, \u00e8 basato sul gangster Al Capone.'","breadcrumb":{"@id":"https:\/\/boutique-one-piece.com\/avis-de-recherche-one-piece\/avis-de-recherche-capone-bege-wanted\/#breadcrumb"},"inLanguage":"it-IT","potentialAction":[{"@type":"ReadAction","target":["https:\/\/boutique-one-piece.com\/avis-de-recherche-one-piece\/avis-de-recherche-capone-bege-wanted\/"]}]},{"@type":"ImageObject","inLanguage":"it-IT","@id":"https:\/\/boutique-one-piece.com\/avis-de-recherche-one-piece\/avis-de-recherche-capone-bege-wanted\/#primaryimage","url":"https:\/\/boutique-one-piece.com\/wp-content\/uploads\/2022\/09\/Avis-De-Recherche-Capone-Bege-Wanted.jpg","contentUrl":"https:\/\/boutique-one-piece.com\/wp-content\/uploads\/2022\/09\/Avis-De-Recherche-Capone-Bege-Wanted.jpg","width":800,"height":800,"caption":"000"},{"@type":"BreadcrumbList","@id":"https:\/\/boutique-one-piece.com\/avis-de-recherche-one-piece\/avis-de-recherche-capone-bege-wanted\/#breadcrumb","itemListElement":[{"@type":"ListItem","position":1,"name":"Home","item":"https:\/\/boutique-one-piece.com\/"},{"@type":"ListItem","position":2,"name":"Shop","item":"https:\/\/boutique-one-piece.com\/shop\/"},{"@type":"ListItem","position":3,"name":"Avis De Recherche Capone Bege Wanted"}]},{"@type":"WebSite","@id":"https:\/\/boutique-one-piece.com\/#website","url":"https:\/\/boutique-one-piece.com\/","name":"Negozio One Piece","description":"Negozio specializzato in manga e anime di One Piece","publisher":{"@id":"https:\/\/boutique-one-piece.com\/#organization"},"potentialAction":[{"@type":"SearchAction","target":{"@type":"EntryPoint","urlTemplate":"https:\/\/boutique-one-piece.com\/?s={search_term_string}"},"query-input":{"@type":"PropertyValueSpecification","valueRequired":true,"valueName":"search_term_string"}}],"inLanguage":"it-IT"},{"@type":"Organization","@id":"https:\/\/boutique-one-piece.com\/#organization","name":"Negozio One Piece","url":"https:\/\/boutique-one-piece.com\/","logo":{"@type":"ImageObject","inLanguage":"it-IT","@id":"https:\/\/boutique-one-piece.com\/#\/schema\/logo\/image\/","url":"https:\/\/boutique-one-piece.com\/wp-content\/uploads\/2022\/09\/Logo-01.png","contentUrl":"https:\/\/boutique-one-piece.com\/wp-content\/uploads\/2022\/09\/Logo-01.png","width":2318,"height":957,"caption":"Boutique One Piece"},"image":{"@id":"https:\/\/boutique-one-piece.com\/#\/schema\/logo\/image\/"}}]}},"_links":{"self":[{"href":"https:\/\/boutique-one-piece.com\/it\/wp-json\/wp\/v2\/product\/17480","targetHints":{"allow":["GET"]}}],"collection":[{"href":"https:\/\/boutique-one-piece.com\/it\/wp-json\/wp\/v2\/product"}],"about":[{"href":"https:\/\/boutique-one-piece.com\/it\/wp-json\/wp\/v2\/types\/product"}],"replies":[{"embeddable":true,"href":"https:\/\/boutique-one-piece.com\/it\/wp-json\/wp\/v2\/comments?post=17480"}],"wp:featuredmedia":[{"embeddable":true,"href":"https:\/\/boutique-one-piece.com\/it\/wp-json\/wp\/v2\/media\/17482"}],"wp:attachment":[{"href":"https:\/\/boutique-one-piece.com\/it\/wp-json\/wp\/v2\/media?parent=17480"}],"wp:term":[{"taxonomy":"product_brand","embeddable":true,"href":"https:\/\/boutique-one-piece.com\/it\/wp-json\/wp\/v2\/product_brand?post=17480"},{"taxonomy":"product_cat","embeddable":true,"href":"https:\/\/boutique-one-piece.com\/it\/wp-json\/wp\/v2\/product_cat?post=17480"},{"taxonomy":"product_tag","embeddable":true,"href":"https:\/\/boutique-one-piece.com\/it\/wp-json\/wp\/v2\/product_tag?post=17480"}],"curies":[{"name":"parola chiave","href":"https:\/\/api.w.org\/{rel}","templated":true}]}}