{"id":8328,"date":"2022-09-27T18:54:00","date_gmt":"2022-09-27T18:54:00","guid":{"rendered":"https:\/\/boutique-one-piece.com\/uncategorized\/tableau-one-piece-au-revoir-vivi\/"},"modified":"2026-02-24T20:47:24","modified_gmt":"2026-02-24T20:47:24","slug":"dipinto-di-one-piece-addio-vivi","status":"publish","type":"product","link":"https:\/\/boutique-one-piece.com\/it\/chicche-di-one-piece\/goodies-monkey-d-luffy-one-piece\/dipinto-di-one-piece-addio-vivi\/","title":{"rendered":"One Piece dipinge Goodbye Vivi"},"content":{"rendered":"<h2>\n<b><\/b><b><\/b>Ottima qualit\u00e0 per un pirata come te!<\/h2>\n<p>Se sei un&nbsp;<strong>vero pirata<\/strong>, Lo saprai<span>&nbsp;<\/span>apprezzare<span>&nbsp;<\/span>L\u00e0&nbsp;<strong>qualit\u00e0<\/strong>&nbsp;tela, vernice e una cornice per i loro&nbsp;<strong>disegni&nbsp;<\/strong>E&nbsp;<strong>Stampa 3D su tela<\/strong>&nbsp;di questo&nbsp;<strong>Dipinto One Piece a 5 pannelli<\/strong>&nbsp;Ma la cosa pi\u00f9 importante di questo dipinto \u00e8 che<span>&nbsp;<\/span>farai parte di&nbsp;<strong>la troupe dei fan<\/strong>&nbsp;Di&nbsp;<strong>manga pirata<\/strong>&nbsp;e otterrai:<\/p>\n<ul>\n<li>&nbsp;<strong>Ammirazione<\/strong>&nbsp;di tutti i fan di&nbsp;<strong>mugiwara<\/strong>&nbsp;che inviterai a casa tua<\/li>\n<\/ul>\n<ul>\n<li>Un vero&nbsp;<strong>Tabella stampata da 5 pezzi<\/strong>&nbsp;con cui puoi<strong>&nbsp;immaginare&nbsp;<\/strong>con&nbsp;<strong><\/strong><strong><\/strong>IL&nbsp;<strong>La ciurma di Cappello di Paglia dice addio a Vivi&nbsp;<\/strong><\/li>\n<\/ul>\n<p>Quindi, pronto a mostrare il&nbsp;<strong>colori <\/strong>Di<b>&nbsp;Mugiwara No Rufy<\/b>?<\/p>\n<h2>Sei un fan del manga o dell&#039;anime One Piece? Mostralo con questa stampa su tela composta da 5 pezzi!<\/h2>\n<p>Se tu&nbsp;<strong>Leggere<\/strong>&nbsp;o ovunque tu guardi&nbsp;<strong>l&#039;anime&nbsp;<\/strong><strong>giapponese<\/strong>, Ci sono buone probabilit\u00e0 che tu sia diventato&nbsp;<strong>pazzo di One Piece<\/strong>&nbsp;Con questo!&nbsp;<strong>Dipinto a 5 pannelli Addio Vivi<\/strong>, unisciti al\u2019<strong>gruppo di fan del franchise<\/strong><\/p>\n<p>Questo&nbsp;<strong>pittura<\/strong>&nbsp;\u00e8 disponibile con un&nbsp;<strong>cornice di legno<\/strong>&nbsp;la variante &quot;\u00ab\u00a0<strong>Con cornice<\/strong>\u00ab&quot;\u00c8 anche possibile avere solo il&nbsp;<strong>stoffa<\/strong>&nbsp;con la variante &quot;\u00ab\u00a0<strong>Senza cornice<\/strong>\u00ab&quot;Troverai la tabella nelle misure&nbsp;<strong>Poco<\/strong>,<strong>&nbsp;MEDIA<\/strong>,<strong>&nbsp;Grande<\/strong>,<strong>&nbsp;XL<\/strong>, Si adatta a tutti i tipi di pirati, anche se non hai&nbsp;<strong>spada<\/strong>&nbsp;O&nbsp;<strong>frutto del diavolo<\/strong>&nbsp;puoi ancora appenderlo con orgoglio a casa<\/p>\n<p>Una scena sorprendente che ha portato alla conclusione <strong>l&#039;arco di Alabasta<\/strong>, L\u00e0 <strong>vittoria<\/strong> Di <strong>Monkey D. Rufy<\/strong>&nbsp;contro il <strong>Opere barocche<\/strong> e il <strong>Corsaro<\/strong> <strong>Coccodrillo<\/strong>. Un arco narrativo pieno di colpi di scena e battaglie spettacolari. Rufy ha dovuto fuggire a causa del <strong>Marino<\/strong> e incapace di dire <strong>Arrivederci<\/strong> \u00e0 <strong>Nefertari<\/strong>&nbsp;<strong>Vivi<\/strong>, tutti hanno alzato il loro <strong>braccio, pugno chiuso<\/strong> con un modello di <strong>attraverso<\/strong> O <strong>X<\/strong> sul <strong>polso<\/strong>.<\/p>\n<h2>Informazioni sul dipinto:<\/h2>\n<ul>\n<li>\n<strong>Tela stampata di alta qualit\u00e0&nbsp;<\/strong>: tela da parete realizzata in <strong>cotone<\/strong> E <strong>biancheria<\/strong>, per ottenere un <strong>stoffa<\/strong> degno di questo nome<\/li>\n<\/ul>\n<ul>\n<li>\n<strong>Pittura Ultra Design<\/strong>&nbsp;La tabella in cinque parti fornisce molto <strong>stile<\/strong> a un <strong>pezzo<\/strong>, I fan non possono fare a meno di amarlo<\/li>\n<\/ul>\n<ul style=\"font-weight: 400\">\n<li>\n<strong>Colore e stampa&nbsp;<\/strong>Dipinto di One Piece con una stampa <strong>Canva<\/strong> il punto di riferimento nella stampa su tela<\/li>\n<\/ul>\n<ul style=\"font-weight: 400\">\n<li>\n<strong>Arte murale leggera<\/strong>&nbsp;: ottima ambientazione <strong>leggero,<\/strong> tutto ci\u00f2 che serve \u00e8 uno <strong>chiodo<\/strong> o del <strong>gamba fissa<\/strong> per il <strong>mantenere<\/strong> A <strong>parete<\/strong><\/li>\n<\/ul>\n<ul style=\"font-weight: 400\">\n<li>\n<strong>Telaio in legno<\/strong>&nbsp;: la variante &quot;\u00ab\u00a0<strong>Con cornice<\/strong>\u00a0\u00bb \u00e8 accompagnato da un <strong>cornice di legno<\/strong> e la versione &quot;\u00ab\u00a0<strong>Senza cornice<\/strong>\u00a0\u00bb viene consegnato <strong>senza la cornice di legno<\/strong><\/li>\n<\/ul>\n<ul style=\"font-weight: 400\">\n<li>\n<strong>Consegna gratuita&nbsp;<\/strong>per qualsiasi acquisto<strong>&nbsp;<\/strong><\/li>\n<\/ul>\n<h3>Non dimenticare di dare un&#039;occhiata alla guida alle taglie qui sotto.<\/h3>\n<h2>\n<strong style=\"font-size: 15px\">Dipinto One Piece 5 pezzi<\/strong><span style=\"font-size: 15px\">,<\/span><strong style=\"font-size: 15px\"> <\/strong><span style=\"font-size: 15px\">Misurare<\/span><strong style=\"font-size: 15px\"> <\/strong><span style=\"font-size: 15px\">: <\/span><strong style=\"font-size: 15px\">Poco<\/strong><\/h2>\n<p>&nbsp;<img decoding=\"async\" src=\"https:\/\/cdn.shopify.com\/s\/files\/1\/0087\/7556\/5348\/files\/guide_taille_tableau_one_piece_petit_boutique_one_piece_large.jpg?v=1560247451\" alt=\"Guida alle taglie One Piece 5 pezzi (piccola)\"><\/p>\n<p><strong>Dipinto One Piece 5 pezzi<\/strong>, Misurare<strong> <\/strong>:<strong> MEDIA<\/strong><\/p>\n<p>&nbsp;<img decoding=\"async\" src=\"https:\/\/cdn.shopify.com\/s\/files\/1\/0087\/7556\/5348\/files\/guide_taille_tableau_one_piece_moyen_boutique_one_piece_large.jpg?v=1560247519\" alt=\"guida alle taglie un pezzo 5 pezzi Medio\"><\/p>\n<p><strong>Dipinto One Piece 5 pezzi<\/strong>, Misurare<strong> <\/strong>: <strong>Grande<\/strong><\/p>\n<p>&nbsp;<img decoding=\"async\" src=\"https:\/\/cdn.shopify.com\/s\/files\/1\/0087\/7556\/5348\/files\/guide_taille_tableau_one_piece_grand_boutique_one_piece_large.jpg?v=1560247582\" alt=\"Tabella delle taglie One Piece 5 pezzi (grande)\"><\/p>\n<p><strong>Dipinto One Piece 5 pezzi<\/strong>, Misurare: <strong>XL<\/strong><\/p>\n<p><img decoding=\"async\" src=\"https:\/\/cdn.shopify.com\/s\/files\/1\/0087\/7556\/5348\/files\/guide_taille_tableau_one_piece_xl_boutique_one_piece_large.jpg?v=1560247610\" alt=\"Tabella delle taglie One Piece 5 pezzi XL\"><\/p>","protected":false},"excerpt":{"rendered":"<p>Qualit\u00e0 super per un pirata come te! Se sei un vero pirata, apprezzerai la qualit\u00e0 della tela, della pittura e della cornice, cos\u00ec come la stampa 3D di questa stampa su tela a 5 pannelli di One Piece! Ma soprattutto, con questa stampa, farai parte della ciurma di fan dei manga pirata e otterrai: L&#039;ammirazione di tutti i fan di Cappello di Paglia che inviterai; Una vera tela stampata a 5 pannelli con cui [\u2026]<\/p>","protected":false},"featured_media":8330,"comment_status":"open","ping_status":"open","template":"","meta":[],"product_brand":[],"product_cat":[150,80,153,151,163,155,164,141],"product_tag":[165,92,154,112,142,143,144,113],"class_list":{"0":"post-8328","1":"product","2":"type-product","3":"status-publish","4":"has-post-thumbnail","6":"product_cat-decorations-one-piece","7":"product_cat-goodies-monkey-d-luffy-one-piece","8":"product_cat-goodies-nami-one-piece","9":"product_cat-goodies-roronoa-zoro-one-piece","10":"product_cat-goodies-tony-tony-chopper-one-piece","11":"product_cat-goodies-usopp-one-piece","12":"product_cat-goodies-vinsmoke-sanji-one-piece","13":"product_cat-tableaux-one-piece","14":"product_tag-chopper","15":"product_tag-luffy","16":"product_tag-nami","17":"product_tag-sanji","18":"product_tag-tableau-5-pieces","19":"product_tag-toile","20":"product_tag-usopp","21":"product_tag-zoro","23":"first","24":"instock","25":"purchasable","26":"product-type-variable"},"yoast_head":"<!-- This site is optimized with the Yoast SEO plugin v27.5 - https:\/\/yoast.com\/product\/yoast-seo-wordpress\/ -->\n<title>Tableau One Piece Au revoir Vivi | Boutique One Piece<\/title>\n<meta name=\"description\" content=\"Tableau 5 Pi\u00e8ces One Piece avec Sc\u00e8ne o\u00f9 les Mugiwara L\u00e8vent leurs Bras avec la Marque en X : Tableau 5 Panneaux Toile Imprim\u00e9e Nakama de qualit\u00e9 sup\u00e9rieure\" \/>\n<meta name=\"robots\" content=\"index, follow, max-snippet:-1, max-image-preview:large, max-video-preview:-1\" \/>\n<link rel=\"canonical\" href=\"https:\/\/boutique-one-piece.com\/it\/chicche-di-one-piece\/goodies-vinsmoke-sanji-one-piece\/dipinto-di-one-piece-addio-vivi\/\" \/>\n<meta property=\"og:locale\" content=\"it_IT\" \/>\n<meta property=\"og:type\" content=\"article\" \/>\n<meta property=\"og:title\" content=\"Tableau One Piece Au revoir Vivi | Boutique One Piece\" \/>\n<meta property=\"og:description\" content=\"Tableau 5 Pi\u00e8ces One Piece avec Sc\u00e8ne o\u00f9 les Mugiwara L\u00e8vent leurs Bras avec la Marque en X : Tableau 5 Panneaux Toile Imprim\u00e9e Nakama de qualit\u00e9 sup\u00e9rieure\" \/>\n<meta property=\"og:url\" content=\"https:\/\/boutique-one-piece.com\/it\/chicche-di-one-piece\/goodies-vinsmoke-sanji-one-piece\/dipinto-di-one-piece-addio-vivi\/\" \/>\n<meta property=\"og:site_name\" content=\"Boutique One Piece\" \/>\n<meta property=\"article:modified_time\" content=\"2026-02-24T20:47:24+00:00\" \/>\n<meta property=\"og:image\" content=\"https:\/\/boutique-one-piece.com\/wp-content\/uploads\/2022\/09\/Tableau-One-Piece-Au-Revoir-Vivi.jpg\" \/>\n\t<meta property=\"og:image:width\" content=\"600\" \/>\n\t<meta property=\"og:image:height\" content=\"600\" \/>\n\t<meta property=\"og:image:type\" content=\"image\/jpeg\" \/>\n<meta name=\"twitter:card\" content=\"summary_large_image\" \/>\n<meta name=\"twitter:label1\" content=\"Tempo di lettura stimato\" \/>\n\t<meta name=\"twitter:data1\" content=\"4 minuti\" \/>\n<script type=\"application\/ld+json\" class=\"yoast-schema-graph\">{\"@context\":\"https:\\\/\\\/schema.org\",\"@graph\":[{\"@type\":\"WebPage\",\"@id\":\"https:\\\/\\\/boutique-one-piece.com\\\/goodies-one-piece\\\/goodies-vinsmoke-sanji-one-piece\\\/tableau-one-piece-au-revoir-vivi\\\/\",\"url\":\"https:\\\/\\\/boutique-one-piece.com\\\/goodies-one-piece\\\/goodies-vinsmoke-sanji-one-piece\\\/tableau-one-piece-au-revoir-vivi\\\/\",\"name\":\"Tableau One Piece Au revoir Vivi | Boutique One Piece\",\"isPartOf\":{\"@id\":\"https:\\\/\\\/boutique-one-piece.com\\\/#website\"},\"primaryImageOfPage\":{\"@id\":\"https:\\\/\\\/boutique-one-piece.com\\\/goodies-one-piece\\\/goodies-vinsmoke-sanji-one-piece\\\/tableau-one-piece-au-revoir-vivi\\\/#primaryimage\"},\"image\":{\"@id\":\"https:\\\/\\\/boutique-one-piece.com\\\/goodies-one-piece\\\/goodies-vinsmoke-sanji-one-piece\\\/tableau-one-piece-au-revoir-vivi\\\/#primaryimage\"},\"thumbnailUrl\":\"https:\\\/\\\/boutique-one-piece.com\\\/wp-content\\\/uploads\\\/2022\\\/09\\\/Tableau-One-Piece-Au-Revoir-Vivi.jpg\",\"datePublished\":\"2022-09-27T18:54:00+00:00\",\"dateModified\":\"2026-02-24T20:47:24+00:00\",\"description\":\"Tableau 5 Pi\u00e8ces One Piece avec Sc\u00e8ne o\u00f9 les Mugiwara L\u00e8vent leurs Bras avec la Marque en X : Tableau 5 Panneaux Toile Imprim\u00e9e Nakama de qualit\u00e9 sup\u00e9rieure\",\"breadcrumb\":{\"@id\":\"https:\\\/\\\/boutique-one-piece.com\\\/goodies-one-piece\\\/goodies-vinsmoke-sanji-one-piece\\\/tableau-one-piece-au-revoir-vivi\\\/#breadcrumb\"},\"inLanguage\":\"it-IT\",\"potentialAction\":[{\"@type\":\"ReadAction\",\"target\":[\"https:\\\/\\\/boutique-one-piece.com\\\/goodies-one-piece\\\/goodies-vinsmoke-sanji-one-piece\\\/tableau-one-piece-au-revoir-vivi\\\/\"]}]},{\"@type\":\"ImageObject\",\"inLanguage\":\"it-IT\",\"@id\":\"https:\\\/\\\/boutique-one-piece.com\\\/goodies-one-piece\\\/goodies-vinsmoke-sanji-one-piece\\\/tableau-one-piece-au-revoir-vivi\\\/#primaryimage\",\"url\":\"https:\\\/\\\/boutique-one-piece.com\\\/wp-content\\\/uploads\\\/2022\\\/09\\\/Tableau-One-Piece-Au-Revoir-Vivi.jpg\",\"contentUrl\":\"https:\\\/\\\/boutique-one-piece.com\\\/wp-content\\\/uploads\\\/2022\\\/09\\\/Tableau-One-Piece-Au-Revoir-Vivi.jpg\",\"width\":600,\"height\":600,\"caption\":\"Tableau One Piece Au Revoir ViviXLAvec Cadre\"},{\"@type\":\"BreadcrumbList\",\"@id\":\"https:\\\/\\\/boutique-one-piece.com\\\/goodies-one-piece\\\/goodies-vinsmoke-sanji-one-piece\\\/tableau-one-piece-au-revoir-vivi\\\/#breadcrumb\",\"itemListElement\":[{\"@type\":\"ListItem\",\"position\":1,\"name\":\"Home\",\"item\":\"https:\\\/\\\/boutique-one-piece.com\\\/\"},{\"@type\":\"ListItem\",\"position\":2,\"name\":\"Shop\",\"item\":\"https:\\\/\\\/boutique-one-piece.com\\\/shop\\\/\"},{\"@type\":\"ListItem\",\"position\":3,\"name\":\"Tableau One Piece Au Revoir Vivi\"}]},{\"@type\":\"WebSite\",\"@id\":\"https:\\\/\\\/boutique-one-piece.com\\\/#website\",\"url\":\"https:\\\/\\\/boutique-one-piece.com\\\/\",\"name\":\"Boutique One Piece\",\"description\":\"Magasin Sp\u00e9cialis\u00e9 du Manga et l&#039;Anime One Piece\",\"publisher\":{\"@id\":\"https:\\\/\\\/boutique-one-piece.com\\\/#organization\"},\"potentialAction\":[{\"@type\":\"SearchAction\",\"target\":{\"@type\":\"EntryPoint\",\"urlTemplate\":\"https:\\\/\\\/boutique-one-piece.com\\\/?s={search_term_string}\"},\"query-input\":{\"@type\":\"PropertyValueSpecification\",\"valueRequired\":true,\"valueName\":\"search_term_string\"}}],\"inLanguage\":\"it-IT\"},{\"@type\":\"Organization\",\"@id\":\"https:\\\/\\\/boutique-one-piece.com\\\/#organization\",\"name\":\"Boutique One Piece\",\"url\":\"https:\\\/\\\/boutique-one-piece.com\\\/\",\"logo\":{\"@type\":\"ImageObject\",\"inLanguage\":\"it-IT\",\"@id\":\"https:\\\/\\\/boutique-one-piece.com\\\/#\\\/schema\\\/logo\\\/image\\\/\",\"url\":\"https:\\\/\\\/boutique-one-piece.com\\\/wp-content\\\/uploads\\\/2022\\\/09\\\/Logo-01.png\",\"contentUrl\":\"https:\\\/\\\/boutique-one-piece.com\\\/wp-content\\\/uploads\\\/2022\\\/09\\\/Logo-01.png\",\"width\":2318,\"height\":957,\"caption\":\"Boutique One Piece\"},\"image\":{\"@id\":\"https:\\\/\\\/boutique-one-piece.com\\\/#\\\/schema\\\/logo\\\/image\\\/\"}}]}<\/script>\n<!-- \/ Yoast SEO plugin. -->","yoast_head_json":{"title":"Dipinto di One Piece Goodbye Vivi | Negozio One Piece","description":"Stampa su tela a 5 pannelli raffigurante i pirati di Cappello di paglia che alzano le braccia con il segno a forma di X: stampa su tela di alta qualit\u00e0 Nakama (5 pannelli)","robots":{"index":"index","follow":"follow","max-snippet":"max-snippet:-1","max-image-preview":"max-image-preview:large","max-video-preview":"max-video-preview:-1"},"canonical":"https:\/\/boutique-one-piece.com\/it\/chicche-di-one-piece\/goodies-vinsmoke-sanji-one-piece\/dipinto-di-one-piece-addio-vivi\/","og_locale":"it_IT","og_type":"article","og_title":"Tableau One Piece Au revoir Vivi | Boutique One Piece","og_description":"Tableau 5 Pi\u00e8ces One Piece avec Sc\u00e8ne o\u00f9 les Mugiwara L\u00e8vent leurs Bras avec la Marque en X : Tableau 5 Panneaux Toile Imprim\u00e9e Nakama de qualit\u00e9 sup\u00e9rieure","og_url":"https:\/\/boutique-one-piece.com\/it\/chicche-di-one-piece\/goodies-vinsmoke-sanji-one-piece\/dipinto-di-one-piece-addio-vivi\/","og_site_name":"Boutique One Piece","article_modified_time":"2026-02-24T20:47:24+00:00","og_image":[{"width":600,"height":600,"url":"https:\/\/boutique-one-piece.com\/wp-content\/uploads\/2022\/09\/Tableau-One-Piece-Au-Revoir-Vivi.jpg","type":"image\/jpeg"}],"twitter_card":"summary_large_image","twitter_misc":{"Tempo di lettura stimato":"4 minuti"},"schema":{"@context":"https:\/\/schema.org","@graph":[{"@type":"WebPage","@id":"https:\/\/boutique-one-piece.com\/goodies-one-piece\/goodies-vinsmoke-sanji-one-piece\/tableau-one-piece-au-revoir-vivi\/","url":"https:\/\/boutique-one-piece.com\/goodies-one-piece\/goodies-vinsmoke-sanji-one-piece\/tableau-one-piece-au-revoir-vivi\/","name":"Dipinto di One Piece Goodbye Vivi | Negozio One Piece","isPartOf":{"@id":"https:\/\/boutique-one-piece.com\/#website"},"primaryImageOfPage":{"@id":"https:\/\/boutique-one-piece.com\/goodies-one-piece\/goodies-vinsmoke-sanji-one-piece\/tableau-one-piece-au-revoir-vivi\/#primaryimage"},"image":{"@id":"https:\/\/boutique-one-piece.com\/goodies-one-piece\/goodies-vinsmoke-sanji-one-piece\/tableau-one-piece-au-revoir-vivi\/#primaryimage"},"thumbnailUrl":"https:\/\/boutique-one-piece.com\/wp-content\/uploads\/2022\/09\/Tableau-One-Piece-Au-Revoir-Vivi.jpg","datePublished":"2022-09-27T18:54:00+00:00","dateModified":"2026-02-24T20:47:24+00:00","description":"Stampa su tela a 5 pannelli raffigurante i pirati di Cappello di paglia che alzano le braccia con il segno a forma di X: stampa su tela di alta qualit\u00e0 Nakama (5 pannelli)","breadcrumb":{"@id":"https:\/\/boutique-one-piece.com\/goodies-one-piece\/goodies-vinsmoke-sanji-one-piece\/tableau-one-piece-au-revoir-vivi\/#breadcrumb"},"inLanguage":"it-IT","potentialAction":[{"@type":"ReadAction","target":["https:\/\/boutique-one-piece.com\/goodies-one-piece\/goodies-vinsmoke-sanji-one-piece\/tableau-one-piece-au-revoir-vivi\/"]}]},{"@type":"ImageObject","inLanguage":"it-IT","@id":"https:\/\/boutique-one-piece.com\/goodies-one-piece\/goodies-vinsmoke-sanji-one-piece\/tableau-one-piece-au-revoir-vivi\/#primaryimage","url":"https:\/\/boutique-one-piece.com\/wp-content\/uploads\/2022\/09\/Tableau-One-Piece-Au-Revoir-Vivi.jpg","contentUrl":"https:\/\/boutique-one-piece.com\/wp-content\/uploads\/2022\/09\/Tableau-One-Piece-Au-Revoir-Vivi.jpg","width":600,"height":600,"caption":"Tableau One Piece Au Revoir ViviXLAvec Cadre"},{"@type":"BreadcrumbList","@id":"https:\/\/boutique-one-piece.com\/goodies-one-piece\/goodies-vinsmoke-sanji-one-piece\/tableau-one-piece-au-revoir-vivi\/#breadcrumb","itemListElement":[{"@type":"ListItem","position":1,"name":"Home","item":"https:\/\/boutique-one-piece.com\/"},{"@type":"ListItem","position":2,"name":"Shop","item":"https:\/\/boutique-one-piece.com\/shop\/"},{"@type":"ListItem","position":3,"name":"Tableau One Piece Au Revoir Vivi"}]},{"@type":"WebSite","@id":"https:\/\/boutique-one-piece.com\/#website","url":"https:\/\/boutique-one-piece.com\/","name":"Negozio One Piece","description":"Negozio specializzato in manga e anime di One Piece","publisher":{"@id":"https:\/\/boutique-one-piece.com\/#organization"},"potentialAction":[{"@type":"SearchAction","target":{"@type":"EntryPoint","urlTemplate":"https:\/\/boutique-one-piece.com\/?s={search_term_string}"},"query-input":{"@type":"PropertyValueSpecification","valueRequired":true,"valueName":"search_term_string"}}],"inLanguage":"it-IT"},{"@type":"Organization","@id":"https:\/\/boutique-one-piece.com\/#organization","name":"Negozio One Piece","url":"https:\/\/boutique-one-piece.com\/","logo":{"@type":"ImageObject","inLanguage":"it-IT","@id":"https:\/\/boutique-one-piece.com\/#\/schema\/logo\/image\/","url":"https:\/\/boutique-one-piece.com\/wp-content\/uploads\/2022\/09\/Logo-01.png","contentUrl":"https:\/\/boutique-one-piece.com\/wp-content\/uploads\/2022\/09\/Logo-01.png","width":2318,"height":957,"caption":"Boutique One Piece"},"image":{"@id":"https:\/\/boutique-one-piece.com\/#\/schema\/logo\/image\/"}}]}},"_links":{"self":[{"href":"https:\/\/boutique-one-piece.com\/it\/wp-json\/wp\/v2\/product\/8328","targetHints":{"allow":["GET"]}}],"collection":[{"href":"https:\/\/boutique-one-piece.com\/it\/wp-json\/wp\/v2\/product"}],"about":[{"href":"https:\/\/boutique-one-piece.com\/it\/wp-json\/wp\/v2\/types\/product"}],"replies":[{"embeddable":true,"href":"https:\/\/boutique-one-piece.com\/it\/wp-json\/wp\/v2\/comments?post=8328"}],"wp:featuredmedia":[{"embeddable":true,"href":"https:\/\/boutique-one-piece.com\/it\/wp-json\/wp\/v2\/media\/8330"}],"wp:attachment":[{"href":"https:\/\/boutique-one-piece.com\/it\/wp-json\/wp\/v2\/media?parent=8328"}],"wp:term":[{"taxonomy":"product_brand","embeddable":true,"href":"https:\/\/boutique-one-piece.com\/it\/wp-json\/wp\/v2\/product_brand?post=8328"},{"taxonomy":"product_cat","embeddable":true,"href":"https:\/\/boutique-one-piece.com\/it\/wp-json\/wp\/v2\/product_cat?post=8328"},{"taxonomy":"product_tag","embeddable":true,"href":"https:\/\/boutique-one-piece.com\/it\/wp-json\/wp\/v2\/product_tag?post=8328"}],"curies":[{"name":"parola chiave","href":"https:\/\/api.w.org\/{rel}","templated":true}]}}