{"id":8794,"date":"2022-09-27T20:15:13","date_gmt":"2022-09-27T20:15:13","guid":{"rendered":"https:\/\/boutique-one-piece.com\/uncategorized\/figurine-one-piece-law-position-interchangeable\/"},"modified":"2024-09-16T11:27:27","modified_gmt":"2024-09-16T11:27:27","slug":"figurina-di-legge-in-un-unico-pezzo-posizione-intercambiabile","status":"publish","type":"product","link":"https:\/\/boutique-one-piece.com\/it\/figurine-di-one-piece\/statuine-di-trafalgar-law\/figurina-di-legge-in-un-unico-pezzo-posizione-intercambiabile\/","title":{"rendered":"One Piece Law Position Figura intercambiabile"},"content":{"rendered":"<h2>Giovane pirata, \u00e8 giunto il momento di procurarti questa figura intercambiabile di One Piece Law Position.<\/h2>\n<p>Tu n\u2019es pas sans savoir que <strong>Legge Trafalgar<\/strong>, il cui vero nome \u00e8 Trafalgar D. Water Law, \u00e8 il Capitano e Dottore di<strong> L\u2019\u00c9quipage du Heart<\/strong> ; un \u00e9quipage pirate constitu\u00e9 surtout de docteurs. Petite pr\u00e9cision concernant son \u00e9quipage ; L\u0092\u00c9quipage du Heart est un \u00e9quipage reconnu de pirates notables d\u00e9couvert sur l\u2019Archipel Sabaody durant le temps o\u00f9 <strong>L\u2019\u00c9quipage du Chapeau de Paille<\/strong> era solo di passaggio.<\/p>\n<p>Leur potentiel s\u2019est encore vu, avec la lib\u00e9ration du Fluide de Silvers Rayleigh, contre lequel presque tous les membres de l\u2019\u00e9quipage ont \u00e9t\u00e9 capables de r\u00e9sister. D\u2019ailleurs, si tu souhaites agrandir ta collection de figurine, la <a title=\"FIGURA POK\u00c9MON CAPITANO CAPPELLO DI PAGLIA LUFFY\" href=\"https:\/\/boutique-one-piece.com\/it\/statuetta-pokemon-del-capitano-rufy-con-il-cappello-di-paglia\/\" target=\"_blank\" rel=\"noopener\">Figurina del Capitano con Cappello di Paglia<\/a> (Rufy) \u00e8 alla tua portata.<\/p>\n<h3>Alors, conquis par le Capitaine Trafalgar Law, ? Si tel est le cas, n\u2019h\u00e9site plus et rejoins son \u00e9quipage, bien des aventures t\u2019attendent au sein de l\u2019\u00e9quipage du Heart.<\/h3>\n<p><strong>Un pezzo<\/strong> \u00e8 il manga pi\u00f9 venduto al mondo. Siate orgogliosi di far parte di questa avventura! Immergetevi o riscoprite questo universo con questi <strong>oggetti mitici<\/strong>. Ces objets sont parfaits pour offrir, d\u00e9corer ou encore collectionner. N\u2019attends plus et saisis cette opportunit\u00e9 de pouvoir agrandir <strong>il tuo universo One Piece<\/strong>.<\/p>\n<h2>Informazioni sulla posizione legale Figura intercambiabile\u00a0<\/h2>\n<ul>\n<li><span><b><u>Figurina di One Piece<\/u><\/b>\u00a0: Figurine\u00a0 premium de l\u2019univers One Piece pour les vrais pirates<\/span><\/li>\n<\/ul>\n<ul>\n<li>\n<b>Questione<\/b><span>\u00a0<\/span>PVC<\/li>\n<\/ul>\n<ul>\n<li><span><strong>Dimensione<\/strong>\u00a0: 23 centimetri<\/span><\/li>\n<\/ul>\n<ul>\n<li><span><strong>CONSEGNA GRATUITA<\/strong><\/span><\/li>\n<\/ul>","protected":false},"excerpt":{"rendered":"<p>Jeune pirate, le moment est venu pour toi de te procurer cette Figurine One Piece Law Position Interchangeable. Tu n\u2019es pas sans savoir que Trafalgar Law, de son vrai nom Trafalgar D. Water Law, est le Capitaine et Docteur de L\u2019\u00c9quipage du Heart ; un \u00e9quipage pirate constitu\u00e9 surtout de docteurs. Petite pr\u00e9cision concernant son [&hellip;]<\/p>","protected":false},"featured_media":8796,"comment_status":"open","ping_status":"open","template":"","meta":[],"product_brand":[],"product_cat":[76,214],"product_tag":[202],"class_list":{"0":"post-8794","1":"product","2":"type-product","3":"status-publish","4":"has-post-thumbnail","6":"product_cat-figurines-one-piece","7":"product_cat-figurines-trafalgar-law","8":"product_tag-law","10":"first","11":"instock","12":"purchasable","13":"product-type-simple"},"yoast_head":"<!-- This site is optimized with the Yoast SEO plugin v27.5 - https:\/\/yoast.com\/product\/yoast-seo-wordpress\/ -->\n<title>Figurine One Piece Law Position Interchangeable | Figurine One Piece \u2013 Boutique One Piece<\/title>\n<meta name=\"description\" content=\"Jeune pirate, le moment est venu pour toi de te procurer cette Figurine One Piece Law Position Interchangeable. Tu n&#039;es pas sans savoir que Trafalgar Law, de son vrai nom Trafalgar D. Water Law, est le Capitaine et Docteur de L&#039;\u00c9quipage du Heart ; un \u00e9quipage pirate constitu\u00e9 surtout de docteurs. Petite pr\u00e9cision conce\" \/>\n<meta name=\"robots\" content=\"index, follow, max-snippet:-1, max-image-preview:large, max-video-preview:-1\" \/>\n<link rel=\"canonical\" href=\"https:\/\/boutique-one-piece.com\/it\/figurine-di-one-piece\/statuine-di-trafalgar-law\/figurina-di-legge-in-un-unico-pezzo-posizione-intercambiabile\/\" \/>\n<meta property=\"og:locale\" content=\"it_IT\" \/>\n<meta property=\"og:type\" content=\"article\" \/>\n<meta property=\"og:title\" content=\"Figurine One Piece Law Position Interchangeable | Figurine One Piece \u2013 Boutique One Piece\" \/>\n<meta property=\"og:description\" content=\"Jeune pirate, le moment est venu pour toi de te procurer cette Figurine One Piece Law Position Interchangeable. Tu n&#039;es pas sans savoir que Trafalgar Law, de son vrai nom Trafalgar D. Water Law, est le Capitaine et Docteur de L&#039;\u00c9quipage du Heart ; un \u00e9quipage pirate constitu\u00e9 surtout de docteurs. Petite pr\u00e9cision conce\" \/>\n<meta property=\"og:url\" content=\"https:\/\/boutique-one-piece.com\/it\/figurine-di-one-piece\/statuine-di-trafalgar-law\/figurina-di-legge-in-un-unico-pezzo-posizione-intercambiabile\/\" \/>\n<meta property=\"og:site_name\" content=\"Boutique One Piece\" \/>\n<meta property=\"article:modified_time\" content=\"2024-09-16T11:27:27+00:00\" \/>\n<meta property=\"og:image\" content=\"https:\/\/boutique-one-piece.com\/wp-content\/uploads\/2022\/09\/Figurine-One-Piece-Law-Position-Interchangeable-1.jpg\" \/>\n\t<meta property=\"og:image:width\" content=\"586\" \/>\n\t<meta property=\"og:image:height\" content=\"800\" \/>\n\t<meta property=\"og:image:type\" content=\"image\/jpeg\" \/>\n<meta name=\"twitter:card\" content=\"summary_large_image\" \/>\n<meta name=\"twitter:label1\" content=\"Tempo di lettura stimato\" \/>\n\t<meta name=\"twitter:data1\" content=\"1 minuto\" \/>\n<script type=\"application\/ld+json\" class=\"yoast-schema-graph\">{\"@context\":\"https:\\\/\\\/schema.org\",\"@graph\":[{\"@type\":\"WebPage\",\"@id\":\"https:\\\/\\\/boutique-one-piece.com\\\/figurines-one-piece\\\/figurines-trafalgar-law\\\/figurine-one-piece-law-position-interchangeable\\\/\",\"url\":\"https:\\\/\\\/boutique-one-piece.com\\\/figurines-one-piece\\\/figurines-trafalgar-law\\\/figurine-one-piece-law-position-interchangeable\\\/\",\"name\":\"Figurine One Piece Law Position Interchangeable | Figurine One Piece \u2013 Boutique One Piece\",\"isPartOf\":{\"@id\":\"https:\\\/\\\/boutique-one-piece.com\\\/#website\"},\"primaryImageOfPage\":{\"@id\":\"https:\\\/\\\/boutique-one-piece.com\\\/figurines-one-piece\\\/figurines-trafalgar-law\\\/figurine-one-piece-law-position-interchangeable\\\/#primaryimage\"},\"image\":{\"@id\":\"https:\\\/\\\/boutique-one-piece.com\\\/figurines-one-piece\\\/figurines-trafalgar-law\\\/figurine-one-piece-law-position-interchangeable\\\/#primaryimage\"},\"thumbnailUrl\":\"https:\\\/\\\/boutique-one-piece.com\\\/wp-content\\\/uploads\\\/2022\\\/09\\\/Figurine-One-Piece-Law-Position-Interchangeable-1.jpg\",\"datePublished\":\"2022-09-27T20:15:13+00:00\",\"dateModified\":\"2024-09-16T11:27:27+00:00\",\"description\":\"Jeune pirate, le moment est venu pour toi de te procurer cette Figurine One Piece Law Position Interchangeable. Tu n'es pas sans savoir que Trafalgar Law, de son vrai nom Trafalgar D. Water Law, est le Capitaine et Docteur de L'\u00c9quipage du Heart ; un \u00e9quipage pirate constitu\u00e9 surtout de docteurs. Petite pr\u00e9cision conce\",\"breadcrumb\":{\"@id\":\"https:\\\/\\\/boutique-one-piece.com\\\/figurines-one-piece\\\/figurines-trafalgar-law\\\/figurine-one-piece-law-position-interchangeable\\\/#breadcrumb\"},\"inLanguage\":\"it-IT\",\"potentialAction\":[{\"@type\":\"ReadAction\",\"target\":[\"https:\\\/\\\/boutique-one-piece.com\\\/figurines-one-piece\\\/figurines-trafalgar-law\\\/figurine-one-piece-law-position-interchangeable\\\/\"]}]},{\"@type\":\"ImageObject\",\"inLanguage\":\"it-IT\",\"@id\":\"https:\\\/\\\/boutique-one-piece.com\\\/figurines-one-piece\\\/figurines-trafalgar-law\\\/figurine-one-piece-law-position-interchangeable\\\/#primaryimage\",\"url\":\"https:\\\/\\\/boutique-one-piece.com\\\/wp-content\\\/uploads\\\/2022\\\/09\\\/Figurine-One-Piece-Law-Position-Interchangeable-1.jpg\",\"contentUrl\":\"https:\\\/\\\/boutique-one-piece.com\\\/wp-content\\\/uploads\\\/2022\\\/09\\\/Figurine-One-Piece-Law-Position-Interchangeable-1.jpg\",\"width\":586,\"height\":800},{\"@type\":\"BreadcrumbList\",\"@id\":\"https:\\\/\\\/boutique-one-piece.com\\\/figurines-one-piece\\\/figurines-trafalgar-law\\\/figurine-one-piece-law-position-interchangeable\\\/#breadcrumb\",\"itemListElement\":[{\"@type\":\"ListItem\",\"position\":1,\"name\":\"Home\",\"item\":\"https:\\\/\\\/boutique-one-piece.com\\\/\"},{\"@type\":\"ListItem\",\"position\":2,\"name\":\"Shop\",\"item\":\"https:\\\/\\\/boutique-one-piece.com\\\/shop\\\/\"},{\"@type\":\"ListItem\",\"position\":3,\"name\":\"Figurine One Piece Law Position Interchangeable\"}]},{\"@type\":\"WebSite\",\"@id\":\"https:\\\/\\\/boutique-one-piece.com\\\/#website\",\"url\":\"https:\\\/\\\/boutique-one-piece.com\\\/\",\"name\":\"Boutique One Piece\",\"description\":\"Magasin Sp\u00e9cialis\u00e9 du Manga et l&#039;Anime One Piece\",\"publisher\":{\"@id\":\"https:\\\/\\\/boutique-one-piece.com\\\/#organization\"},\"potentialAction\":[{\"@type\":\"SearchAction\",\"target\":{\"@type\":\"EntryPoint\",\"urlTemplate\":\"https:\\\/\\\/boutique-one-piece.com\\\/?s={search_term_string}\"},\"query-input\":{\"@type\":\"PropertyValueSpecification\",\"valueRequired\":true,\"valueName\":\"search_term_string\"}}],\"inLanguage\":\"it-IT\"},{\"@type\":\"Organization\",\"@id\":\"https:\\\/\\\/boutique-one-piece.com\\\/#organization\",\"name\":\"Boutique One Piece\",\"url\":\"https:\\\/\\\/boutique-one-piece.com\\\/\",\"logo\":{\"@type\":\"ImageObject\",\"inLanguage\":\"it-IT\",\"@id\":\"https:\\\/\\\/boutique-one-piece.com\\\/#\\\/schema\\\/logo\\\/image\\\/\",\"url\":\"https:\\\/\\\/boutique-one-piece.com\\\/wp-content\\\/uploads\\\/2022\\\/09\\\/Logo-01.png\",\"contentUrl\":\"https:\\\/\\\/boutique-one-piece.com\\\/wp-content\\\/uploads\\\/2022\\\/09\\\/Logo-01.png\",\"width\":2318,\"height\":957,\"caption\":\"Boutique One Piece\"},\"image\":{\"@id\":\"https:\\\/\\\/boutique-one-piece.com\\\/#\\\/schema\\\/logo\\\/image\\\/\"}}]}<\/script>\n<!-- \/ Yoast SEO plugin. -->","yoast_head_json":{"title":"One Piece Law Position Figura intercambiabile | Figura One Piece \u2013 Negozio One Piece","description":"Giovane pirata, \u00e8 giunto il momento di mettere le mani su questa figura intercambiabile di One Piece Law. Sicuramente saprai che Trafalgar Law, il cui vero nome \u00e8 Trafalgar D. Water Law, \u00e8 il Capitano e Dottore dei Pirati del Cuore; una ciurma di pirati composta principalmente da dottori. Un piccolo dettaglio riguardante","robots":{"index":"index","follow":"follow","max-snippet":"max-snippet:-1","max-image-preview":"max-image-preview:large","max-video-preview":"max-video-preview:-1"},"canonical":"https:\/\/boutique-one-piece.com\/it\/figurine-di-one-piece\/statuine-di-trafalgar-law\/figurina-di-legge-in-un-unico-pezzo-posizione-intercambiabile\/","og_locale":"it_IT","og_type":"article","og_title":"Figurine One Piece Law Position Interchangeable | Figurine One Piece \u2013 Boutique One Piece","og_description":"Jeune pirate, le moment est venu pour toi de te procurer cette Figurine One Piece Law Position Interchangeable. Tu n'es pas sans savoir que Trafalgar Law, de son vrai nom Trafalgar D. Water Law, est le Capitaine et Docteur de L'\u00c9quipage du Heart ; un \u00e9quipage pirate constitu\u00e9 surtout de docteurs. Petite pr\u00e9cision conce","og_url":"https:\/\/boutique-one-piece.com\/it\/figurine-di-one-piece\/statuine-di-trafalgar-law\/figurina-di-legge-in-un-unico-pezzo-posizione-intercambiabile\/","og_site_name":"Boutique One Piece","article_modified_time":"2024-09-16T11:27:27+00:00","og_image":[{"width":586,"height":800,"url":"https:\/\/boutique-one-piece.com\/wp-content\/uploads\/2022\/09\/Figurine-One-Piece-Law-Position-Interchangeable-1.jpg","type":"image\/jpeg"}],"twitter_card":"summary_large_image","twitter_misc":{"Tempo di lettura stimato":"1 minuto"},"schema":{"@context":"https:\/\/schema.org","@graph":[{"@type":"WebPage","@id":"https:\/\/boutique-one-piece.com\/figurines-one-piece\/figurines-trafalgar-law\/figurine-one-piece-law-position-interchangeable\/","url":"https:\/\/boutique-one-piece.com\/figurines-one-piece\/figurines-trafalgar-law\/figurine-one-piece-law-position-interchangeable\/","name":"One Piece Law Position Figura intercambiabile | Figura One Piece \u2013 Negozio One Piece","isPartOf":{"@id":"https:\/\/boutique-one-piece.com\/#website"},"primaryImageOfPage":{"@id":"https:\/\/boutique-one-piece.com\/figurines-one-piece\/figurines-trafalgar-law\/figurine-one-piece-law-position-interchangeable\/#primaryimage"},"image":{"@id":"https:\/\/boutique-one-piece.com\/figurines-one-piece\/figurines-trafalgar-law\/figurine-one-piece-law-position-interchangeable\/#primaryimage"},"thumbnailUrl":"https:\/\/boutique-one-piece.com\/wp-content\/uploads\/2022\/09\/Figurine-One-Piece-Law-Position-Interchangeable-1.jpg","datePublished":"2022-09-27T20:15:13+00:00","dateModified":"2024-09-16T11:27:27+00:00","description":"Giovane pirata, \u00e8 giunto il momento di mettere le mani su questa figura intercambiabile di One Piece Law. Sicuramente saprai che Trafalgar Law, il cui vero nome \u00e8 Trafalgar D. Water Law, \u00e8 il Capitano e Dottore dei Pirati del Cuore; una ciurma di pirati composta principalmente da dottori. Un piccolo dettaglio riguardante","breadcrumb":{"@id":"https:\/\/boutique-one-piece.com\/figurines-one-piece\/figurines-trafalgar-law\/figurine-one-piece-law-position-interchangeable\/#breadcrumb"},"inLanguage":"it-IT","potentialAction":[{"@type":"ReadAction","target":["https:\/\/boutique-one-piece.com\/figurines-one-piece\/figurines-trafalgar-law\/figurine-one-piece-law-position-interchangeable\/"]}]},{"@type":"ImageObject","inLanguage":"it-IT","@id":"https:\/\/boutique-one-piece.com\/figurines-one-piece\/figurines-trafalgar-law\/figurine-one-piece-law-position-interchangeable\/#primaryimage","url":"https:\/\/boutique-one-piece.com\/wp-content\/uploads\/2022\/09\/Figurine-One-Piece-Law-Position-Interchangeable-1.jpg","contentUrl":"https:\/\/boutique-one-piece.com\/wp-content\/uploads\/2022\/09\/Figurine-One-Piece-Law-Position-Interchangeable-1.jpg","width":586,"height":800},{"@type":"BreadcrumbList","@id":"https:\/\/boutique-one-piece.com\/figurines-one-piece\/figurines-trafalgar-law\/figurine-one-piece-law-position-interchangeable\/#breadcrumb","itemListElement":[{"@type":"ListItem","position":1,"name":"Home","item":"https:\/\/boutique-one-piece.com\/"},{"@type":"ListItem","position":2,"name":"Shop","item":"https:\/\/boutique-one-piece.com\/shop\/"},{"@type":"ListItem","position":3,"name":"Figurine One Piece Law Position Interchangeable"}]},{"@type":"WebSite","@id":"https:\/\/boutique-one-piece.com\/#website","url":"https:\/\/boutique-one-piece.com\/","name":"Negozio One Piece","description":"Negozio specializzato in manga e anime di One Piece","publisher":{"@id":"https:\/\/boutique-one-piece.com\/#organization"},"potentialAction":[{"@type":"SearchAction","target":{"@type":"EntryPoint","urlTemplate":"https:\/\/boutique-one-piece.com\/?s={search_term_string}"},"query-input":{"@type":"PropertyValueSpecification","valueRequired":true,"valueName":"search_term_string"}}],"inLanguage":"it-IT"},{"@type":"Organization","@id":"https:\/\/boutique-one-piece.com\/#organization","name":"Negozio One Piece","url":"https:\/\/boutique-one-piece.com\/","logo":{"@type":"ImageObject","inLanguage":"it-IT","@id":"https:\/\/boutique-one-piece.com\/#\/schema\/logo\/image\/","url":"https:\/\/boutique-one-piece.com\/wp-content\/uploads\/2022\/09\/Logo-01.png","contentUrl":"https:\/\/boutique-one-piece.com\/wp-content\/uploads\/2022\/09\/Logo-01.png","width":2318,"height":957,"caption":"Boutique One Piece"},"image":{"@id":"https:\/\/boutique-one-piece.com\/#\/schema\/logo\/image\/"}}]}},"_links":{"self":[{"href":"https:\/\/boutique-one-piece.com\/it\/wp-json\/wp\/v2\/product\/8794","targetHints":{"allow":["GET"]}}],"collection":[{"href":"https:\/\/boutique-one-piece.com\/it\/wp-json\/wp\/v2\/product"}],"about":[{"href":"https:\/\/boutique-one-piece.com\/it\/wp-json\/wp\/v2\/types\/product"}],"replies":[{"embeddable":true,"href":"https:\/\/boutique-one-piece.com\/it\/wp-json\/wp\/v2\/comments?post=8794"}],"wp:featuredmedia":[{"embeddable":true,"href":"https:\/\/boutique-one-piece.com\/it\/wp-json\/wp\/v2\/media\/8796"}],"wp:attachment":[{"href":"https:\/\/boutique-one-piece.com\/it\/wp-json\/wp\/v2\/media?parent=8794"}],"wp:term":[{"taxonomy":"product_brand","embeddable":true,"href":"https:\/\/boutique-one-piece.com\/it\/wp-json\/wp\/v2\/product_brand?post=8794"},{"taxonomy":"product_cat","embeddable":true,"href":"https:\/\/boutique-one-piece.com\/it\/wp-json\/wp\/v2\/product_cat?post=8794"},{"taxonomy":"product_tag","embeddable":true,"href":"https:\/\/boutique-one-piece.com\/it\/wp-json\/wp\/v2\/product_tag?post=8794"}],"curies":[{"name":"parola chiave","href":"https:\/\/api.w.org\/{rel}","templated":true}]}}