{"id":8835,"date":"2022-09-27T20:15:48","date_gmt":"2022-09-27T20:15:48","guid":{"rendered":"https:\/\/boutique-one-piece.com\/uncategorized\/lot-de-2-figurine-one-piece-marco-et-gol-d-roger\/"},"modified":"2024-09-16T11:28:24","modified_gmt":"2024-09-16T11:28:24","slug":"set-di-2-statuette-di-one-piece-marco-e-gol-d-roger","status":"publish","type":"product","link":"https:\/\/boutique-one-piece.com\/it\/figurine-di-one-piece\/set-di-2-statuette-di-one-piece-marco-e-gol-d-roger\/","title":{"rendered":"Set di 2 figure di One Piece Marco e Gol D. Roger"},"content":{"rendered":"<h2>Giovane pirata, \u00e8 giunto il momento di salpare e incontrare il Re dei Pirati. Per farlo, procurati subito questo set da 2 personaggi di One Piece, Marco e Gol D. Roger.<\/h2>\n<p>Senza dubbio sei consapevole che<strong> Gol D. Roger<\/strong>, meglio conosciuto come Gold Roger, era il precedente e unico Re dei Pirati e l&#039;ex proprietario del leggendario tesoro, <strong>il pezzo unico<\/strong>. Roger era il capitano dei Roger Pirates, l&#039;unico equipaggio ad aver solcato l&#039;intera Rotta Maggiore. Era anche il padre di Portgas D. Ace, il figlio avuto con Portgas D. Rouge. Fu giustiziato pi\u00f9 di 20 anni fa a Loguetown, la sua citt\u00e0 natale.<\/p>\n<p>Per quanto riguarda<strong> Marco<\/strong>, Era il comandante della Prima Divisione dei Pirati di Barbabianca. \u00c8 anche conosciuto come &quot;Marco la Fenice&quot; e deve il suo soprannome al potere del Frutto del Diavolo di tipo Zoan Mitico che gli permette di trasformarsi in una fenice e rigenerarsi a piacimento. Marco era il <strong>Il braccio destro di Barbabianca<\/strong> nonch\u00e9 il suo pi\u00f9 stretto confidente. Cerc\u00f2 persino di aiutare il suo capitano nella lotta contro Barbanera, ma alla fine gli fu ordinato di ritirarsi. Inoltre, il <a title=\"ONE PIECE EDWARD NEWGATE L&#039;IMPERATORE BARBABIANCO\" href=\"https:\/\/boutique-one-piece.com\/it\/one-piece-edward-newgate-limperatore-barbabianca\/\" target=\"_blank\" rel=\"noopener\">statuina di Barbabianca<\/a> \u00e8 alla tua portata.<\/p>\n<h3>Allora, siete affascinati dalle statuette di Barbanera e Marco? Se s\u00ec, immergetevi nel mondo di One Piece: vi aspettano tante avventure. Sta a voi scegliere il vostro equipaggio e le vostre battaglie.<\/h3>\n<p>Giovane pirata, prendi questi <strong>oggetti mitici<\/strong> E vieni ad espandere il tuo universo One Piece. Questi articoli sono delle ottime idee regalo, quindi coccola te stesso o qualcun altro. Una cosa \u00e8 certa:, <strong>il tesoro di One Piece<\/strong>, non \u00e8 ancora stato trovato.<\/p>\n<h2>Informazioni sulle statuette di Marco e Gol D. Roger\u00a0<\/h2>\n<ul>\n<li><span><b><u>Figurina di One Piece<\/u><\/b>\u00a0Statuetta One Piece premium per veri pirati<\/span><\/li>\n<\/ul>\n<ul>\n<li>\n<b>Questione<\/b><span>\u00a0<\/span>PVC<\/li>\n<\/ul>\n<ul>\n<li><span><strong>Dimensione<\/strong>\u00a0: 18 centimetri<\/span><\/li>\n<\/ul>\n<ul>\n<li><span><strong>CONSEGNA GRATUITA<\/strong><\/span><\/li>\n<\/ul>","protected":false},"excerpt":{"rendered":"<p>Giovane pirata, \u00e8 giunto il momento di salpare e incontrare il Re dei Pirati. Per farlo, procurati subito questo set da 2 personaggi di One Piece Marco e Gol D. Roger. Sicuramente saprai che Gol D. Roger, meglio conosciuto come Gold Roger, era il precedente [\u2026]<\/p>","protected":false},"featured_media":8837,"comment_status":"open","ping_status":"open","template":"","meta":[],"product_brand":[],"product_cat":[76],"product_tag":[261,210],"class_list":{"0":"post-8835","1":"product","2":"type-product","3":"status-publish","4":"has-post-thumbnail","6":"product_cat-figurines-one-piece","7":"product_tag-gol-d-roger","8":"product_tag-marco","10":"first","11":"instock","12":"purchasable","13":"product-type-simple"},"yoast_head":"<!-- This site is optimized with the Yoast SEO plugin v27.5 - https:\/\/yoast.com\/product\/yoast-seo-wordpress\/ -->\n<title>Lot De 2 Figurine One Piece Marco Et Gol D Roger | Figurine One Piece \u2013 Boutique One Piece<\/title>\n<meta name=\"description\" content=\"Jeune pirate, le moment est venu pour toi de partir \u00e0 la rencontre du Seigneur des pirates. Pour ce faire, procure-toi d\u00e8s maintenant ce Lot De 2 Figurines One Piece Marco Et Gol D Roger. Tu n&#039;es pas sans savoir que Gol D. Roger, plus connu sous le nom de Gold Roger, fut le pr\u00e9c\u00e9dent et unique Seigneur des pirates et l\" \/>\n<meta name=\"robots\" content=\"index, follow, max-snippet:-1, max-image-preview:large, max-video-preview:-1\" \/>\n<link rel=\"canonical\" href=\"https:\/\/boutique-one-piece.com\/it\/figurine-di-one-piece\/set-di-2-statuette-di-one-piece-marco-e-gol-d-roger\/\" \/>\n<meta property=\"og:locale\" content=\"it_IT\" \/>\n<meta property=\"og:type\" content=\"article\" \/>\n<meta property=\"og:title\" content=\"Lot De 2 Figurine One Piece Marco Et Gol D Roger | Figurine One Piece \u2013 Boutique One Piece\" \/>\n<meta property=\"og:description\" content=\"Jeune pirate, le moment est venu pour toi de partir \u00e0 la rencontre du Seigneur des pirates. Pour ce faire, procure-toi d\u00e8s maintenant ce Lot De 2 Figurines One Piece Marco Et Gol D Roger. Tu n&#039;es pas sans savoir que Gol D. Roger, plus connu sous le nom de Gold Roger, fut le pr\u00e9c\u00e9dent et unique Seigneur des pirates et l\" \/>\n<meta property=\"og:url\" content=\"https:\/\/boutique-one-piece.com\/it\/figurine-di-one-piece\/set-di-2-statuette-di-one-piece-marco-e-gol-d-roger\/\" \/>\n<meta property=\"og:site_name\" content=\"Boutique One Piece\" \/>\n<meta property=\"article:modified_time\" content=\"2024-09-16T11:28:24+00:00\" \/>\n<meta property=\"og:image\" content=\"https:\/\/boutique-one-piece.com\/wp-content\/uploads\/2022\/09\/Lot-De-2-Figurine-One-Piece-Marco-Et-Gol-D-Roger.jpg\" \/>\n\t<meta property=\"og:image:width\" content=\"640\" \/>\n\t<meta property=\"og:image:height\" content=\"640\" \/>\n\t<meta property=\"og:image:type\" content=\"image\/jpeg\" \/>\n<meta name=\"twitter:card\" content=\"summary_large_image\" \/>\n<meta name=\"twitter:label1\" content=\"Tempo di lettura stimato\" \/>\n\t<meta name=\"twitter:data1\" content=\"2 minuti\" \/>\n<script type=\"application\/ld+json\" class=\"yoast-schema-graph\">{\"@context\":\"https:\\\/\\\/schema.org\",\"@graph\":[{\"@type\":\"WebPage\",\"@id\":\"https:\\\/\\\/boutique-one-piece.com\\\/figurines-one-piece\\\/lot-de-2-figurine-one-piece-marco-et-gol-d-roger\\\/\",\"url\":\"https:\\\/\\\/boutique-one-piece.com\\\/figurines-one-piece\\\/lot-de-2-figurine-one-piece-marco-et-gol-d-roger\\\/\",\"name\":\"Lot De 2 Figurine One Piece Marco Et Gol D Roger | Figurine One Piece \u2013 Boutique One Piece\",\"isPartOf\":{\"@id\":\"https:\\\/\\\/boutique-one-piece.com\\\/#website\"},\"primaryImageOfPage\":{\"@id\":\"https:\\\/\\\/boutique-one-piece.com\\\/figurines-one-piece\\\/lot-de-2-figurine-one-piece-marco-et-gol-d-roger\\\/#primaryimage\"},\"image\":{\"@id\":\"https:\\\/\\\/boutique-one-piece.com\\\/figurines-one-piece\\\/lot-de-2-figurine-one-piece-marco-et-gol-d-roger\\\/#primaryimage\"},\"thumbnailUrl\":\"https:\\\/\\\/boutique-one-piece.com\\\/wp-content\\\/uploads\\\/2022\\\/09\\\/Lot-De-2-Figurine-One-Piece-Marco-Et-Gol-D-Roger.jpg\",\"datePublished\":\"2022-09-27T20:15:48+00:00\",\"dateModified\":\"2024-09-16T11:28:24+00:00\",\"description\":\"Jeune pirate, le moment est venu pour toi de partir \u00e0 la rencontre du Seigneur des pirates. Pour ce faire, procure-toi d\u00e8s maintenant ce Lot De 2 Figurines One Piece Marco Et Gol D Roger. Tu n'es pas sans savoir que Gol D. Roger, plus connu sous le nom de Gold Roger, fut le pr\u00e9c\u00e9dent et unique Seigneur des pirates et l\",\"breadcrumb\":{\"@id\":\"https:\\\/\\\/boutique-one-piece.com\\\/figurines-one-piece\\\/lot-de-2-figurine-one-piece-marco-et-gol-d-roger\\\/#breadcrumb\"},\"inLanguage\":\"it-IT\",\"potentialAction\":[{\"@type\":\"ReadAction\",\"target\":[\"https:\\\/\\\/boutique-one-piece.com\\\/figurines-one-piece\\\/lot-de-2-figurine-one-piece-marco-et-gol-d-roger\\\/\"]}]},{\"@type\":\"ImageObject\",\"inLanguage\":\"it-IT\",\"@id\":\"https:\\\/\\\/boutique-one-piece.com\\\/figurines-one-piece\\\/lot-de-2-figurine-one-piece-marco-et-gol-d-roger\\\/#primaryimage\",\"url\":\"https:\\\/\\\/boutique-one-piece.com\\\/wp-content\\\/uploads\\\/2022\\\/09\\\/Lot-De-2-Figurine-One-Piece-Marco-Et-Gol-D-Roger.jpg\",\"contentUrl\":\"https:\\\/\\\/boutique-one-piece.com\\\/wp-content\\\/uploads\\\/2022\\\/09\\\/Lot-De-2-Figurine-One-Piece-Marco-Et-Gol-D-Roger.jpg\",\"width\":640,\"height\":640,\"caption\":\"Lot De 2 Figurine One Piece Marco Et Gol D Roger Default Title\"},{\"@type\":\"BreadcrumbList\",\"@id\":\"https:\\\/\\\/boutique-one-piece.com\\\/figurines-one-piece\\\/lot-de-2-figurine-one-piece-marco-et-gol-d-roger\\\/#breadcrumb\",\"itemListElement\":[{\"@type\":\"ListItem\",\"position\":1,\"name\":\"Home\",\"item\":\"https:\\\/\\\/boutique-one-piece.com\\\/\"},{\"@type\":\"ListItem\",\"position\":2,\"name\":\"Shop\",\"item\":\"https:\\\/\\\/boutique-one-piece.com\\\/shop\\\/\"},{\"@type\":\"ListItem\",\"position\":3,\"name\":\"Lot De 2 Figurine One Piece Marco Et Gol D Roger\"}]},{\"@type\":\"WebSite\",\"@id\":\"https:\\\/\\\/boutique-one-piece.com\\\/#website\",\"url\":\"https:\\\/\\\/boutique-one-piece.com\\\/\",\"name\":\"Boutique One Piece\",\"description\":\"Magasin Sp\u00e9cialis\u00e9 du Manga et l&#039;Anime One Piece\",\"publisher\":{\"@id\":\"https:\\\/\\\/boutique-one-piece.com\\\/#organization\"},\"potentialAction\":[{\"@type\":\"SearchAction\",\"target\":{\"@type\":\"EntryPoint\",\"urlTemplate\":\"https:\\\/\\\/boutique-one-piece.com\\\/?s={search_term_string}\"},\"query-input\":{\"@type\":\"PropertyValueSpecification\",\"valueRequired\":true,\"valueName\":\"search_term_string\"}}],\"inLanguage\":\"it-IT\"},{\"@type\":\"Organization\",\"@id\":\"https:\\\/\\\/boutique-one-piece.com\\\/#organization\",\"name\":\"Boutique One Piece\",\"url\":\"https:\\\/\\\/boutique-one-piece.com\\\/\",\"logo\":{\"@type\":\"ImageObject\",\"inLanguage\":\"it-IT\",\"@id\":\"https:\\\/\\\/boutique-one-piece.com\\\/#\\\/schema\\\/logo\\\/image\\\/\",\"url\":\"https:\\\/\\\/boutique-one-piece.com\\\/wp-content\\\/uploads\\\/2022\\\/09\\\/Logo-01.png\",\"contentUrl\":\"https:\\\/\\\/boutique-one-piece.com\\\/wp-content\\\/uploads\\\/2022\\\/09\\\/Logo-01.png\",\"width\":2318,\"height\":957,\"caption\":\"Boutique One Piece\"},\"image\":{\"@id\":\"https:\\\/\\\/boutique-one-piece.com\\\/#\\\/schema\\\/logo\\\/image\\\/\"}}]}<\/script>\n<!-- \/ Yoast SEO plugin. -->","yoast_head_json":{"title":"Lotto di 2 statuette di One Piece Marco e Gol D Roger | Statuetta di One Piece \u2013 Negozio One Piece","description":"Giovane pirata, \u00e8 giunto il momento di salpare e incontrare il Re dei Pirati. Per farlo, procurati subito questo set da 2 personaggi di One Piece Marco e Gol D. Roger. Sicuramente saprai che Gol D. Roger, meglio conosciuto come Gold Roger, era il precedente e unico Re dei Pirati e...","robots":{"index":"index","follow":"follow","max-snippet":"max-snippet:-1","max-image-preview":"max-image-preview:large","max-video-preview":"max-video-preview:-1"},"canonical":"https:\/\/boutique-one-piece.com\/it\/figurine-di-one-piece\/set-di-2-statuette-di-one-piece-marco-e-gol-d-roger\/","og_locale":"it_IT","og_type":"article","og_title":"Lot De 2 Figurine One Piece Marco Et Gol D Roger | Figurine One Piece \u2013 Boutique One Piece","og_description":"Jeune pirate, le moment est venu pour toi de partir \u00e0 la rencontre du Seigneur des pirates. Pour ce faire, procure-toi d\u00e8s maintenant ce Lot De 2 Figurines One Piece Marco Et Gol D Roger. Tu n'es pas sans savoir que Gol D. Roger, plus connu sous le nom de Gold Roger, fut le pr\u00e9c\u00e9dent et unique Seigneur des pirates et l","og_url":"https:\/\/boutique-one-piece.com\/it\/figurine-di-one-piece\/set-di-2-statuette-di-one-piece-marco-e-gol-d-roger\/","og_site_name":"Boutique One Piece","article_modified_time":"2024-09-16T11:28:24+00:00","og_image":[{"width":640,"height":640,"url":"https:\/\/boutique-one-piece.com\/wp-content\/uploads\/2022\/09\/Lot-De-2-Figurine-One-Piece-Marco-Et-Gol-D-Roger.jpg","type":"image\/jpeg"}],"twitter_card":"summary_large_image","twitter_misc":{"Tempo di lettura stimato":"2 minuti"},"schema":{"@context":"https:\/\/schema.org","@graph":[{"@type":"WebPage","@id":"https:\/\/boutique-one-piece.com\/figurines-one-piece\/lot-de-2-figurine-one-piece-marco-et-gol-d-roger\/","url":"https:\/\/boutique-one-piece.com\/figurines-one-piece\/lot-de-2-figurine-one-piece-marco-et-gol-d-roger\/","name":"Lotto di 2 statuette di One Piece Marco e Gol D Roger | Statuetta di One Piece \u2013 Negozio One Piece","isPartOf":{"@id":"https:\/\/boutique-one-piece.com\/#website"},"primaryImageOfPage":{"@id":"https:\/\/boutique-one-piece.com\/figurines-one-piece\/lot-de-2-figurine-one-piece-marco-et-gol-d-roger\/#primaryimage"},"image":{"@id":"https:\/\/boutique-one-piece.com\/figurines-one-piece\/lot-de-2-figurine-one-piece-marco-et-gol-d-roger\/#primaryimage"},"thumbnailUrl":"https:\/\/boutique-one-piece.com\/wp-content\/uploads\/2022\/09\/Lot-De-2-Figurine-One-Piece-Marco-Et-Gol-D-Roger.jpg","datePublished":"2022-09-27T20:15:48+00:00","dateModified":"2024-09-16T11:28:24+00:00","description":"Giovane pirata, \u00e8 giunto il momento di salpare e incontrare il Re dei Pirati. Per farlo, procurati subito questo set da 2 personaggi di One Piece Marco e Gol D. Roger. Sicuramente saprai che Gol D. Roger, meglio conosciuto come Gold Roger, era il precedente e unico Re dei Pirati e...","breadcrumb":{"@id":"https:\/\/boutique-one-piece.com\/figurines-one-piece\/lot-de-2-figurine-one-piece-marco-et-gol-d-roger\/#breadcrumb"},"inLanguage":"it-IT","potentialAction":[{"@type":"ReadAction","target":["https:\/\/boutique-one-piece.com\/figurines-one-piece\/lot-de-2-figurine-one-piece-marco-et-gol-d-roger\/"]}]},{"@type":"ImageObject","inLanguage":"it-IT","@id":"https:\/\/boutique-one-piece.com\/figurines-one-piece\/lot-de-2-figurine-one-piece-marco-et-gol-d-roger\/#primaryimage","url":"https:\/\/boutique-one-piece.com\/wp-content\/uploads\/2022\/09\/Lot-De-2-Figurine-One-Piece-Marco-Et-Gol-D-Roger.jpg","contentUrl":"https:\/\/boutique-one-piece.com\/wp-content\/uploads\/2022\/09\/Lot-De-2-Figurine-One-Piece-Marco-Et-Gol-D-Roger.jpg","width":640,"height":640,"caption":"Lot De 2 Figurine One Piece Marco Et Gol D Roger Default Title"},{"@type":"BreadcrumbList","@id":"https:\/\/boutique-one-piece.com\/figurines-one-piece\/lot-de-2-figurine-one-piece-marco-et-gol-d-roger\/#breadcrumb","itemListElement":[{"@type":"ListItem","position":1,"name":"Home","item":"https:\/\/boutique-one-piece.com\/"},{"@type":"ListItem","position":2,"name":"Shop","item":"https:\/\/boutique-one-piece.com\/shop\/"},{"@type":"ListItem","position":3,"name":"Lot De 2 Figurine One Piece Marco Et Gol D Roger"}]},{"@type":"WebSite","@id":"https:\/\/boutique-one-piece.com\/#website","url":"https:\/\/boutique-one-piece.com\/","name":"Negozio One Piece","description":"Negozio specializzato in manga e anime di One Piece","publisher":{"@id":"https:\/\/boutique-one-piece.com\/#organization"},"potentialAction":[{"@type":"SearchAction","target":{"@type":"EntryPoint","urlTemplate":"https:\/\/boutique-one-piece.com\/?s={search_term_string}"},"query-input":{"@type":"PropertyValueSpecification","valueRequired":true,"valueName":"search_term_string"}}],"inLanguage":"it-IT"},{"@type":"Organization","@id":"https:\/\/boutique-one-piece.com\/#organization","name":"Negozio One Piece","url":"https:\/\/boutique-one-piece.com\/","logo":{"@type":"ImageObject","inLanguage":"it-IT","@id":"https:\/\/boutique-one-piece.com\/#\/schema\/logo\/image\/","url":"https:\/\/boutique-one-piece.com\/wp-content\/uploads\/2022\/09\/Logo-01.png","contentUrl":"https:\/\/boutique-one-piece.com\/wp-content\/uploads\/2022\/09\/Logo-01.png","width":2318,"height":957,"caption":"Boutique One Piece"},"image":{"@id":"https:\/\/boutique-one-piece.com\/#\/schema\/logo\/image\/"}}]}},"_links":{"self":[{"href":"https:\/\/boutique-one-piece.com\/it\/wp-json\/wp\/v2\/product\/8835","targetHints":{"allow":["GET"]}}],"collection":[{"href":"https:\/\/boutique-one-piece.com\/it\/wp-json\/wp\/v2\/product"}],"about":[{"href":"https:\/\/boutique-one-piece.com\/it\/wp-json\/wp\/v2\/types\/product"}],"replies":[{"embeddable":true,"href":"https:\/\/boutique-one-piece.com\/it\/wp-json\/wp\/v2\/comments?post=8835"}],"wp:featuredmedia":[{"embeddable":true,"href":"https:\/\/boutique-one-piece.com\/it\/wp-json\/wp\/v2\/media\/8837"}],"wp:attachment":[{"href":"https:\/\/boutique-one-piece.com\/it\/wp-json\/wp\/v2\/media?parent=8835"}],"wp:term":[{"taxonomy":"product_brand","embeddable":true,"href":"https:\/\/boutique-one-piece.com\/it\/wp-json\/wp\/v2\/product_brand?post=8835"},{"taxonomy":"product_cat","embeddable":true,"href":"https:\/\/boutique-one-piece.com\/it\/wp-json\/wp\/v2\/product_cat?post=8835"},{"taxonomy":"product_tag","embeddable":true,"href":"https:\/\/boutique-one-piece.com\/it\/wp-json\/wp\/v2\/product_tag?post=8835"}],"curies":[{"name":"parola chiave","href":"https:\/\/api.w.org\/{rel}","templated":true}]}}