{"id":8957,"date":"2022-09-27T20:16:38","date_gmt":"2022-09-27T20:16:38","guid":{"rendered":"https:\/\/boutique-one-piece.com\/uncategorized\/puzzle-1000-pieeces-one-piece-saut-de-joie\/"},"modified":"2024-09-16T11:30:53","modified_gmt":"2024-09-16T11:30:53","slug":"puzzle-one-piece-da-1000-pezzi-salto-di-gioia","status":"publish","type":"product","link":"https:\/\/boutique-one-piece.com\/it\/chicche-di-one-piece\/chicche-di-nami-one-piece\/puzzle-one-piece-da-1000-pezzi-salto-di-gioia\/","title":{"rendered":"Puzzle One Piece da 1000 pezzi - Salta di gioia"},"content":{"rendered":"<p><meta charset=\"utf-8\"><\/p>\n<h2>\n<b>Puzzle stampato da 1000 pezzi di One Piece raffigurante la ciurma di Cappello di Paglia che salta di gioia<\/b><b>,\u00a0<\/b>Un super gioco per un pirata come te!<\/h2>\n<p>Se sei un\u00a0<strong>vero pirata<\/strong>,\u00a0<strong>poco<\/strong>\u00a0O\u00a0<strong>grande<\/strong>,Lo apprezzerai.<span>\u00a0<\/span>L\u00e0\u00a0<strong>qualit\u00e0<\/strong>\u00a0del\u00a0<strong>pezzi di legno<\/strong>, del\u00a0<strong>colore<\/strong>\u00a0E\u00a0<strong>stampa 3D<\/strong>\u00a0di questo\u00a0<strong>Puzzle da 1000 pezzi di One Piece<\/strong>\u00a0Ma la cosa pi\u00f9 importante \u00e8 che con questo gioco di puzzle farai parte di\u00a0<strong>la troupe dei fan<\/strong>\u00a0Di\u00a0<strong>manga pirata<\/strong>\u00a0e otterrai:<\/p>\n<ul>\n<li>\u00a0<strong>Ammirazione<\/strong>\u00a0di tutti i fan di\u00a0<strong>mugiwara<\/strong>\u00a0che inviterai a giocare a casa tua<\/li>\n<\/ul>\n<ul>\n<li>Un vero\u00a0<strong>puzzle stampato<\/strong>\u00a0con cui puoi<strong>\u00a0divertiti<\/strong><span>\u00a0<\/span>per raccogliere tutti i pezzi per<strong>\u00a0svelare\u00a0<\/strong>IL <strong>Mugiwara<\/strong> <strong>Contento<\/strong>\n<\/li>\n<\/ul>\n<p>\u00a0Quindi, pronto a<span>\u00a0<\/span><strong>giocare<\/strong><span>\u00a0<\/span>con un gioco<span>\u00a0<\/span><strong>Un pezzo<\/strong>\u00a0?<\/p>\n<h2>Sei un fan del manga o dell&#039;anime One Piece? Dimostralo con questo!<span>\u00a0<\/span>Puzzle da 1000 pezzi di One Piece!<\/h2>\n<p>Se tu\u00a0<strong>Leggere<\/strong>\u00a0o ovunque tu guardi\u00a0<strong>l&#039;anime\u00a0<\/strong><strong>giapponese<\/strong>, Ci sono buone probabilit\u00e0 che tu sia diventato\u00a0<strong>pazzo di One Piece<\/strong>\u00a0Con questo!\u00a0<strong>Puzzle One Piece da 1000 pezzi - Salta di gioia<\/strong>, unisciti al\u2019<strong>gruppo di fan del franchise<\/strong><\/p>\n<h2><strong>Informazioni sul puzzle:<\/strong><\/h2>\n<ul>\n<li>\n<strong>Puzzle stampato di alta qualit\u00e0\u00a0<\/strong>I pezzi sono fatti di legno.<\/li>\n<\/ul>\n<ul>\n<li>\n<strong>Puzzle di design ultra<\/strong>\u00a0Questo puzzle da 1000 pezzi \u00e8 assolutamente meraviglioso una volta terminato.\u00a0<strong>finito<\/strong>\u00a0puoi usarlo come\u00a0<strong>pittura<\/strong>, I fan non possono fare a meno di amarlo<\/li>\n<\/ul>\n<ul>\n<li>\n<strong>Colore e stampa\u00a0<\/strong>Puzzle di One Piece con una stampa\u00a0<strong>Tela<\/strong>\u00a0il punto di riferimento nella stampa<\/li>\n<\/ul>\n<ul>\n<li>\n<strong>Difficolt\u00e0 media<\/strong>\u00a0: perfettamente adatto ai bambini da\u00a0<strong>6 anni<\/strong>. Prima di quell&#039;et\u00e0, il\u00a0<strong>monitoraggio<\/strong>\u00a0di un\u00a0<strong>adulto<\/strong>\u00a0Est\u00a0<strong>raccomandato<\/strong>\n<\/li>\n<\/ul>\n<ul>\n<li>\n<strong>Per bambini e adulti<\/strong>\u00a0Questa \u00e8 una buona opportunit\u00e0 per fare un\u00a0<strong>attivit\u00e0 divertente<\/strong>\u00a0E\u00a0<strong>emozionante<\/strong>\u00a0con il tuo\u00a0<strong>bambino<\/strong>\u00a0o con il tuo\u00a0<strong>genitori<\/strong>\n<\/li>\n<\/ul>\n<ul>\n<li>\n<strong>Dimensione\u00a0<\/strong>: altezza\u00a0<strong>50 centimetri<\/strong>, larghezza\u00a0<strong>75 centimetri<\/strong>, spessore\u00a0<strong>2 millimetri<\/strong>\n<\/li>\n<\/ul>\n<ul>\n<li>\n<strong>Consegna gratuita\u00a0<\/strong>per qualsiasi acquisto<\/li>\n<\/ul>\n<h2><b><img fetchpriority=\"high\" decoding=\"async\" src=\"https:\/\/cdn.shopify.com\/s\/files\/1\/0087\/7556\/5348\/files\/puzzle_one_piece_1000_pieces_en_bois_large.jpg?v=1561382263\" alt=\"Gioco di legno One Piece\" width=\"287\" height=\"283\"><\/b><\/h2>\n<ul><\/ul>","protected":false},"excerpt":{"rendered":"<p>Puzzle stampato da 1000 pezzi di One Piece con la ciurma di Cappello di Paglia che salta di gioia, un super gioco per un pirata come te! Se sei un vero pirata, giovane o vecchio, apprezzerai la qualit\u00e0 dei pezzi in legno, la verniciatura e la stampa 3D di questo puzzle da 1000 pezzi di One Piece! Ma soprattutto, con questo puzzle, entrerai a far parte della ciurma di fan del manga pirata e ti guadagnerai: L&#039;ammirazione di tutti [\u2026]<\/p>","protected":false},"featured_media":8959,"comment_status":"open","ping_status":"open","template":"","meta":[],"product_brand":[],"product_cat":[157,153,198,163,155,164,197],"product_tag":[158,165,129,92,154,203,205,112,144,113],"class_list":{"0":"post-8957","1":"product","2":"type-product","3":"status-publish","4":"has-post-thumbnail","6":"product_cat-goodies-brook-one-piece","7":"product_cat-goodies-nami-one-piece","8":"product_cat-goodies-nico-robin-one-piece","9":"product_cat-goodies-tony-tony-chopper-one-piece","10":"product_cat-goodies-usopp-one-piece","11":"product_cat-goodies-vinsmoke-sanji-one-piece","12":"product_cat-puzzles-one-piece","13":"product_tag-brook","14":"product_tag-chopper","15":"product_tag-franky","16":"product_tag-luffy","17":"product_tag-nami","18":"product_tag-puzzle-1000-pieces","19":"product_tag-robin","20":"product_tag-sanji","21":"product_tag-usopp","22":"product_tag-zoro","24":"first","25":"instock","26":"purchasable","27":"product-type-simple"},"yoast_head":"<!-- This site is optimized with the Yoast SEO plugin v27.5 - https:\/\/yoast.com\/product\/yoast-seo-wordpress\/ -->\n<title>Puzzle 1000 Pi\u00e8eces Saut De Joie | Boutique One Piece<\/title>\n<meta name=\"description\" content=\"Puzzle Imprim\u00e9 1000 Pi\u00e8ces One Piece avec l&#039;\u00c9quipage au Chapeau de Paille qui Sautent de Joie Jeux Puzzle Imrpim\u00e9 Sur Bois de Tr\u00e8s Haute Qualit\u00e9 pour enfant\" \/>\n<meta name=\"robots\" content=\"index, follow, max-snippet:-1, max-image-preview:large, max-video-preview:-1\" \/>\n<link rel=\"canonical\" href=\"https:\/\/boutique-one-piece.com\/it\/chicche-di-one-piece\/merchandising-di-nico-robin-one-piece\/puzzle-one-piece-da-1000-pezzi-salto-di-gioia\/\" \/>\n<meta property=\"og:locale\" content=\"it_IT\" \/>\n<meta property=\"og:type\" content=\"article\" \/>\n<meta property=\"og:title\" content=\"Puzzle 1000 Pi\u00e8eces Saut De Joie | Boutique One Piece\" \/>\n<meta property=\"og:description\" content=\"Puzzle Imprim\u00e9 1000 Pi\u00e8ces One Piece avec l&#039;\u00c9quipage au Chapeau de Paille qui Sautent de Joie Jeux Puzzle Imrpim\u00e9 Sur Bois de Tr\u00e8s Haute Qualit\u00e9 pour enfant\" \/>\n<meta property=\"og:url\" content=\"https:\/\/boutique-one-piece.com\/it\/chicche-di-one-piece\/merchandising-di-nico-robin-one-piece\/puzzle-one-piece-da-1000-pezzi-salto-di-gioia\/\" \/>\n<meta property=\"og:site_name\" content=\"Boutique One Piece\" \/>\n<meta property=\"article:modified_time\" content=\"2024-09-16T11:30:53+00:00\" \/>\n<meta property=\"og:image\" content=\"https:\/\/boutique-one-piece.com\/wp-content\/uploads\/2022\/09\/Puzzle-1000-Pieeces-One-Piece-Saut-de-Joie-1.jpg\" \/>\n\t<meta property=\"og:image:width\" content=\"599\" \/>\n\t<meta property=\"og:image:height\" content=\"399\" \/>\n\t<meta property=\"og:image:type\" content=\"image\/jpeg\" \/>\n<meta name=\"twitter:card\" content=\"summary_large_image\" \/>\n<meta name=\"twitter:label1\" content=\"Tempo di lettura stimato\" \/>\n\t<meta name=\"twitter:data1\" content=\"2 minuti\" \/>\n<script type=\"application\/ld+json\" class=\"yoast-schema-graph\">{\"@context\":\"https:\\\/\\\/schema.org\",\"@graph\":[{\"@type\":\"WebPage\",\"@id\":\"https:\\\/\\\/boutique-one-piece.com\\\/goodies-one-piece\\\/goodies-nico-robin-one-piece\\\/puzzle-1000-pieeces-one-piece-saut-de-joie\\\/\",\"url\":\"https:\\\/\\\/boutique-one-piece.com\\\/goodies-one-piece\\\/goodies-nico-robin-one-piece\\\/puzzle-1000-pieeces-one-piece-saut-de-joie\\\/\",\"name\":\"Puzzle 1000 Pi\u00e8eces Saut De Joie | Boutique One Piece\",\"isPartOf\":{\"@id\":\"https:\\\/\\\/boutique-one-piece.com\\\/#website\"},\"primaryImageOfPage\":{\"@id\":\"https:\\\/\\\/boutique-one-piece.com\\\/goodies-one-piece\\\/goodies-nico-robin-one-piece\\\/puzzle-1000-pieeces-one-piece-saut-de-joie\\\/#primaryimage\"},\"image\":{\"@id\":\"https:\\\/\\\/boutique-one-piece.com\\\/goodies-one-piece\\\/goodies-nico-robin-one-piece\\\/puzzle-1000-pieeces-one-piece-saut-de-joie\\\/#primaryimage\"},\"thumbnailUrl\":\"https:\\\/\\\/boutique-one-piece.com\\\/wp-content\\\/uploads\\\/2022\\\/09\\\/Puzzle-1000-Pieeces-One-Piece-Saut-de-Joie-1.jpg\",\"datePublished\":\"2022-09-27T20:16:38+00:00\",\"dateModified\":\"2024-09-16T11:30:53+00:00\",\"description\":\"Puzzle Imprim\u00e9 1000 Pi\u00e8ces One Piece avec l'\u00c9quipage au Chapeau de Paille qui Sautent de Joie Jeux Puzzle Imrpim\u00e9 Sur Bois de Tr\u00e8s Haute Qualit\u00e9 pour enfant\",\"breadcrumb\":{\"@id\":\"https:\\\/\\\/boutique-one-piece.com\\\/goodies-one-piece\\\/goodies-nico-robin-one-piece\\\/puzzle-1000-pieeces-one-piece-saut-de-joie\\\/#breadcrumb\"},\"inLanguage\":\"it-IT\",\"potentialAction\":[{\"@type\":\"ReadAction\",\"target\":[\"https:\\\/\\\/boutique-one-piece.com\\\/goodies-one-piece\\\/goodies-nico-robin-one-piece\\\/puzzle-1000-pieeces-one-piece-saut-de-joie\\\/\"]}]},{\"@type\":\"ImageObject\",\"inLanguage\":\"it-IT\",\"@id\":\"https:\\\/\\\/boutique-one-piece.com\\\/goodies-one-piece\\\/goodies-nico-robin-one-piece\\\/puzzle-1000-pieeces-one-piece-saut-de-joie\\\/#primaryimage\",\"url\":\"https:\\\/\\\/boutique-one-piece.com\\\/wp-content\\\/uploads\\\/2022\\\/09\\\/Puzzle-1000-Pieeces-One-Piece-Saut-de-Joie-1.jpg\",\"contentUrl\":\"https:\\\/\\\/boutique-one-piece.com\\\/wp-content\\\/uploads\\\/2022\\\/09\\\/Puzzle-1000-Pieeces-One-Piece-Saut-de-Joie-1.jpg\",\"width\":599,\"height\":399},{\"@type\":\"BreadcrumbList\",\"@id\":\"https:\\\/\\\/boutique-one-piece.com\\\/goodies-one-piece\\\/goodies-nico-robin-one-piece\\\/puzzle-1000-pieeces-one-piece-saut-de-joie\\\/#breadcrumb\",\"itemListElement\":[{\"@type\":\"ListItem\",\"position\":1,\"name\":\"Home\",\"item\":\"https:\\\/\\\/boutique-one-piece.com\\\/\"},{\"@type\":\"ListItem\",\"position\":2,\"name\":\"Shop\",\"item\":\"https:\\\/\\\/boutique-one-piece.com\\\/shop\\\/\"},{\"@type\":\"ListItem\",\"position\":3,\"name\":\"Puzzle 1000 Pi\u00e8eces One Piece Saut de Joie\"}]},{\"@type\":\"WebSite\",\"@id\":\"https:\\\/\\\/boutique-one-piece.com\\\/#website\",\"url\":\"https:\\\/\\\/boutique-one-piece.com\\\/\",\"name\":\"Boutique One Piece\",\"description\":\"Magasin Sp\u00e9cialis\u00e9 du Manga et l&#039;Anime One Piece\",\"publisher\":{\"@id\":\"https:\\\/\\\/boutique-one-piece.com\\\/#organization\"},\"potentialAction\":[{\"@type\":\"SearchAction\",\"target\":{\"@type\":\"EntryPoint\",\"urlTemplate\":\"https:\\\/\\\/boutique-one-piece.com\\\/?s={search_term_string}\"},\"query-input\":{\"@type\":\"PropertyValueSpecification\",\"valueRequired\":true,\"valueName\":\"search_term_string\"}}],\"inLanguage\":\"it-IT\"},{\"@type\":\"Organization\",\"@id\":\"https:\\\/\\\/boutique-one-piece.com\\\/#organization\",\"name\":\"Boutique One Piece\",\"url\":\"https:\\\/\\\/boutique-one-piece.com\\\/\",\"logo\":{\"@type\":\"ImageObject\",\"inLanguage\":\"it-IT\",\"@id\":\"https:\\\/\\\/boutique-one-piece.com\\\/#\\\/schema\\\/logo\\\/image\\\/\",\"url\":\"https:\\\/\\\/boutique-one-piece.com\\\/wp-content\\\/uploads\\\/2022\\\/09\\\/Logo-01.png\",\"contentUrl\":\"https:\\\/\\\/boutique-one-piece.com\\\/wp-content\\\/uploads\\\/2022\\\/09\\\/Logo-01.png\",\"width\":2318,\"height\":957,\"caption\":\"Boutique One Piece\"},\"image\":{\"@id\":\"https:\\\/\\\/boutique-one-piece.com\\\/#\\\/schema\\\/logo\\\/image\\\/\"}}]}<\/script>\n<!-- \/ Yoast SEO plugin. -->","yoast_head_json":{"title":"Puzzle da 1000 pezzi - Salti di gioia | One Piece Shop","description":"Puzzle stampato da 1000 pezzi di One Piece con la ciurma di Cappello di Paglia che salta di gioia - Puzzle stampato in legno di alta qualit\u00e0 per bambini","robots":{"index":"index","follow":"follow","max-snippet":"max-snippet:-1","max-image-preview":"max-image-preview:large","max-video-preview":"max-video-preview:-1"},"canonical":"https:\/\/boutique-one-piece.com\/it\/chicche-di-one-piece\/merchandising-di-nico-robin-one-piece\/puzzle-one-piece-da-1000-pezzi-salto-di-gioia\/","og_locale":"it_IT","og_type":"article","og_title":"Puzzle 1000 Pi\u00e8eces Saut De Joie | Boutique One Piece","og_description":"Puzzle Imprim\u00e9 1000 Pi\u00e8ces One Piece avec l'\u00c9quipage au Chapeau de Paille qui Sautent de Joie Jeux Puzzle Imrpim\u00e9 Sur Bois de Tr\u00e8s Haute Qualit\u00e9 pour enfant","og_url":"https:\/\/boutique-one-piece.com\/it\/chicche-di-one-piece\/merchandising-di-nico-robin-one-piece\/puzzle-one-piece-da-1000-pezzi-salto-di-gioia\/","og_site_name":"Boutique One Piece","article_modified_time":"2024-09-16T11:30:53+00:00","og_image":[{"width":599,"height":399,"url":"https:\/\/boutique-one-piece.com\/wp-content\/uploads\/2022\/09\/Puzzle-1000-Pieeces-One-Piece-Saut-de-Joie-1.jpg","type":"image\/jpeg"}],"twitter_card":"summary_large_image","twitter_misc":{"Tempo di lettura stimato":"2 minuti"},"schema":{"@context":"https:\/\/schema.org","@graph":[{"@type":"WebPage","@id":"https:\/\/boutique-one-piece.com\/goodies-one-piece\/goodies-nico-robin-one-piece\/puzzle-1000-pieeces-one-piece-saut-de-joie\/","url":"https:\/\/boutique-one-piece.com\/goodies-one-piece\/goodies-nico-robin-one-piece\/puzzle-1000-pieeces-one-piece-saut-de-joie\/","name":"Puzzle da 1000 pezzi - Salti di gioia | One Piece Shop","isPartOf":{"@id":"https:\/\/boutique-one-piece.com\/#website"},"primaryImageOfPage":{"@id":"https:\/\/boutique-one-piece.com\/goodies-one-piece\/goodies-nico-robin-one-piece\/puzzle-1000-pieeces-one-piece-saut-de-joie\/#primaryimage"},"image":{"@id":"https:\/\/boutique-one-piece.com\/goodies-one-piece\/goodies-nico-robin-one-piece\/puzzle-1000-pieeces-one-piece-saut-de-joie\/#primaryimage"},"thumbnailUrl":"https:\/\/boutique-one-piece.com\/wp-content\/uploads\/2022\/09\/Puzzle-1000-Pieeces-One-Piece-Saut-de-Joie-1.jpg","datePublished":"2022-09-27T20:16:38+00:00","dateModified":"2024-09-16T11:30:53+00:00","description":"Puzzle stampato da 1000 pezzi di One Piece con la ciurma di Cappello di Paglia che salta di gioia - Puzzle stampato in legno di alta qualit\u00e0 per bambini","breadcrumb":{"@id":"https:\/\/boutique-one-piece.com\/goodies-one-piece\/goodies-nico-robin-one-piece\/puzzle-1000-pieeces-one-piece-saut-de-joie\/#breadcrumb"},"inLanguage":"it-IT","potentialAction":[{"@type":"ReadAction","target":["https:\/\/boutique-one-piece.com\/goodies-one-piece\/goodies-nico-robin-one-piece\/puzzle-1000-pieeces-one-piece-saut-de-joie\/"]}]},{"@type":"ImageObject","inLanguage":"it-IT","@id":"https:\/\/boutique-one-piece.com\/goodies-one-piece\/goodies-nico-robin-one-piece\/puzzle-1000-pieeces-one-piece-saut-de-joie\/#primaryimage","url":"https:\/\/boutique-one-piece.com\/wp-content\/uploads\/2022\/09\/Puzzle-1000-Pieeces-One-Piece-Saut-de-Joie-1.jpg","contentUrl":"https:\/\/boutique-one-piece.com\/wp-content\/uploads\/2022\/09\/Puzzle-1000-Pieeces-One-Piece-Saut-de-Joie-1.jpg","width":599,"height":399},{"@type":"BreadcrumbList","@id":"https:\/\/boutique-one-piece.com\/goodies-one-piece\/goodies-nico-robin-one-piece\/puzzle-1000-pieeces-one-piece-saut-de-joie\/#breadcrumb","itemListElement":[{"@type":"ListItem","position":1,"name":"Home","item":"https:\/\/boutique-one-piece.com\/"},{"@type":"ListItem","position":2,"name":"Shop","item":"https:\/\/boutique-one-piece.com\/shop\/"},{"@type":"ListItem","position":3,"name":"Puzzle 1000 Pi\u00e8eces One Piece Saut de Joie"}]},{"@type":"WebSite","@id":"https:\/\/boutique-one-piece.com\/#website","url":"https:\/\/boutique-one-piece.com\/","name":"Negozio One Piece","description":"Negozio specializzato in manga e anime di One Piece","publisher":{"@id":"https:\/\/boutique-one-piece.com\/#organization"},"potentialAction":[{"@type":"SearchAction","target":{"@type":"EntryPoint","urlTemplate":"https:\/\/boutique-one-piece.com\/?s={search_term_string}"},"query-input":{"@type":"PropertyValueSpecification","valueRequired":true,"valueName":"search_term_string"}}],"inLanguage":"it-IT"},{"@type":"Organization","@id":"https:\/\/boutique-one-piece.com\/#organization","name":"Negozio One Piece","url":"https:\/\/boutique-one-piece.com\/","logo":{"@type":"ImageObject","inLanguage":"it-IT","@id":"https:\/\/boutique-one-piece.com\/#\/schema\/logo\/image\/","url":"https:\/\/boutique-one-piece.com\/wp-content\/uploads\/2022\/09\/Logo-01.png","contentUrl":"https:\/\/boutique-one-piece.com\/wp-content\/uploads\/2022\/09\/Logo-01.png","width":2318,"height":957,"caption":"Boutique One Piece"},"image":{"@id":"https:\/\/boutique-one-piece.com\/#\/schema\/logo\/image\/"}}]}},"_links":{"self":[{"href":"https:\/\/boutique-one-piece.com\/it\/wp-json\/wp\/v2\/product\/8957","targetHints":{"allow":["GET"]}}],"collection":[{"href":"https:\/\/boutique-one-piece.com\/it\/wp-json\/wp\/v2\/product"}],"about":[{"href":"https:\/\/boutique-one-piece.com\/it\/wp-json\/wp\/v2\/types\/product"}],"replies":[{"embeddable":true,"href":"https:\/\/boutique-one-piece.com\/it\/wp-json\/wp\/v2\/comments?post=8957"}],"wp:featuredmedia":[{"embeddable":true,"href":"https:\/\/boutique-one-piece.com\/it\/wp-json\/wp\/v2\/media\/8959"}],"wp:attachment":[{"href":"https:\/\/boutique-one-piece.com\/it\/wp-json\/wp\/v2\/media?parent=8957"}],"wp:term":[{"taxonomy":"product_brand","embeddable":true,"href":"https:\/\/boutique-one-piece.com\/it\/wp-json\/wp\/v2\/product_brand?post=8957"},{"taxonomy":"product_cat","embeddable":true,"href":"https:\/\/boutique-one-piece.com\/it\/wp-json\/wp\/v2\/product_cat?post=8957"},{"taxonomy":"product_tag","embeddable":true,"href":"https:\/\/boutique-one-piece.com\/it\/wp-json\/wp\/v2\/product_tag?post=8957"}],"curies":[{"name":"parola chiave","href":"https:\/\/api.w.org\/{rel}","templated":true}]}}