{"id":9306,"date":"2022-09-27T20:18:53","date_gmt":"2022-09-27T20:18:53","guid":{"rendered":"https:\/\/boutique-one-piece.com\/uncategorized\/avis-de-recherche-one-piece-charlotte-linlin-wanted\/"},"modified":"2024-09-16T11:40:05","modified_gmt":"2024-09-16T11:40:05","slug":"manifesto-ricercato-di-one-piece-charlotte-linlin","status":"publish","type":"product","link":"https:\/\/boutique-one-piece.com\/it\/manifesto-ricercato-di-one-piece\/manifesto-ricercato-di-one-piece-charlotte-linlin\/","title":{"rendered":"Charlotte Linlin ricercata"},"content":{"rendered":"<h2>As-tu appr\u00e9ci\u00e9 l\u2019arc Totto land de One Piece ? Si c\u2019est le cas, cet Avis de Recherche Charlotte Linlin Wanted va te convenir.<\/h2>\n<p>Charlotte Linlin, conosciuta anche come Big Mom, \u00e8 una <strong>Imperatore<\/strong> qui a fond\u00e9 son propre pays, Totto Land en grande partie avec l\u2019aide son fruit du d\u00e9mon. Si l\u2019on parle souvent des fruits du d\u00e9mon qui conf\u00e8rent \u00e0 leur possesseur une grande force physique, il ne faut pas n\u00e9gliger la puissance de son fruit qui est le <strong>Soru Soru no mi<\/strong>, qui lui permet de voler l\u2019\u00e2me de celui qui la craint, ou une partie de son esp\u00e9rance de vie.<\/p>\n<p>Gr\u00e2ce \u00e0 sa propre \u00e9nergie vitale, elle peut cr\u00e9er des \u00eatres vivants et leur insuffler une \u00e2me. C\u2019est ainsi qu\u2019elle a b\u00e2ti son propre pays et qu\u2019elle a d\u00e9cid\u00e9 que ses subordonn\u00e9s seraient ses fils et ses filles, qui poss\u00e8dent tous le nom de Charlotte.<\/p>\n<h3>Colleziona i manifesti con le taglie pi\u00f9 alte grazie a questo manifesto ricercato di Charlotte Linlin.<\/h3>\n<p>Le but de Charlotte Linlin est de devenir le Seigneur des pirates, ce qui signifie qu\u2019elle est une ennemie directe en termes de volont\u00e9. Luffy ira sur Totto Land pour r\u00e9cup\u00e9rer Sanji car la famille Vinsmoke veut le faire marier de force \u00e0 <strong>Budino di Charlotte<\/strong> per creare un&#039;alleanza con la flotta di Big Mom. La sua taglia per la cattura o la morte \u00e8 di 4 miliardi e 388 milioni di bacche.<\/p>\n<p>Se sei appassionato di bonus, questo <a href=\"https:\/\/boutique-one-piece.com\/it\/avviso-ricercato-ener-ricercato\/\" target=\"_blank\" title=\"Avviso di ricerca Enel\" rel=\"noopener noreferrer\">Enel ha voluto la notifica<\/a> Dovrebbe piacerti.<\/p>\n<p>\u00a0<\/p>\n<h2>Informations sur l\u2019Affiche One Piece Wanted Big Mom<\/h2>\n<ul>\n<li><span><b><u>Manifesto ricercato di One Piece<\/u><\/b>\u00a0: v\u00e9ritable Avis De Recherche de l\u2019univers One Piece pour les vrais pirates<\/span><\/li>\n<\/ul>\n<ul>\n<li>\n<b><u>Bonus di Charlotte Linlin<\/u><\/b>\u00a04.388.000.000 di bacche<\/li>\n<\/ul>\n<ul>\n<li><span><strong>Stampa di alta qualit\u00e0<\/strong>\u00a0colori accurati<\/span><\/li>\n<\/ul>\n<ul>\n<li>\n<strong>Dimensione<\/strong>\u00a0: 30 cm x 21 cm e 42 cm x 30 cm<\/li>\n<\/ul>\n<ul>\n<li><span><strong>CONSEGNA GRATUITA<\/strong><\/span><\/li>\n<\/ul>","protected":false},"excerpt":{"rendered":"<p>As-tu appr\u00e9ci\u00e9 l\u2019arc Totto land de One Piece ? Si c\u2019est le cas, cet Avis de Recherche Charlotte Linlin Wanted va te convenir. Charlotte Linlin, aussi appel\u00e9e Big Mom, est un Empereur qui a fond\u00e9 son propre pays, Totto Land en grande partie avec l\u2019aide son fruit du d\u00e9mon. Si l\u2019on parle souvent des fruits [&hellip;]<\/p>","protected":false},"featured_media":9308,"comment_status":"open","ping_status":"open","template":"","meta":[],"product_brand":[],"product_cat":[171],"product_tag":[],"class_list":{"0":"post-9306","1":"product","2":"type-product","3":"status-publish","4":"has-post-thumbnail","6":"product_cat-avis-de-recherche-one-piece","8":"first","9":"instock","10":"purchasable","11":"product-type-variable","12":"has-default-attributes"},"yoast_head":"<!-- This site is optimized with the Yoast SEO plugin v27.5 - https:\/\/yoast.com\/product\/yoast-seo-wordpress\/ -->\n<title>Avis de Recherche One Piece Charlotte Linlin Wanted | D\u00e9coration One Piece \u2013 Boutique One Piece<\/title>\n<meta name=\"description\" content=\"As-tu appr\u00e9ci\u00e9 l&#039;arc Totto land de One Piece ? Si c&#039;est le cas, cet Avis de Recherche Charlotte Linlin Wanted va te convenir. Charlotte Linlin, aussi appel\u00e9e Big Mom, est un Empereur qui a fond\u00e9 son propre pays, Totto Land en grande partie avec l&#039;aide son fruit du d\u00e9mon. Si l&#039;on parle souvent des fruits du d\u00e9mon qui co\" \/>\n<meta name=\"robots\" content=\"index, follow, max-snippet:-1, max-image-preview:large, max-video-preview:-1\" \/>\n<link rel=\"canonical\" href=\"https:\/\/boutique-one-piece.com\/it\/manifesto-ricercato-di-one-piece\/manifesto-ricercato-di-one-piece-charlotte-linlin\/\" \/>\n<meta property=\"og:locale\" content=\"it_IT\" \/>\n<meta property=\"og:type\" content=\"article\" \/>\n<meta property=\"og:title\" content=\"Avis de Recherche One Piece Charlotte Linlin Wanted | D\u00e9coration One Piece \u2013 Boutique One Piece\" \/>\n<meta property=\"og:description\" content=\"As-tu appr\u00e9ci\u00e9 l&#039;arc Totto land de One Piece ? Si c&#039;est le cas, cet Avis de Recherche Charlotte Linlin Wanted va te convenir. Charlotte Linlin, aussi appel\u00e9e Big Mom, est un Empereur qui a fond\u00e9 son propre pays, Totto Land en grande partie avec l&#039;aide son fruit du d\u00e9mon. Si l&#039;on parle souvent des fruits du d\u00e9mon qui co\" \/>\n<meta property=\"og:url\" content=\"https:\/\/boutique-one-piece.com\/it\/manifesto-ricercato-di-one-piece\/manifesto-ricercato-di-one-piece-charlotte-linlin\/\" \/>\n<meta property=\"og:site_name\" content=\"Boutique One Piece\" \/>\n<meta property=\"article:modified_time\" content=\"2024-09-16T11:40:05+00:00\" \/>\n<meta property=\"og:image\" content=\"https:\/\/boutique-one-piece.com\/wp-content\/uploads\/2022\/09\/Avis-de-Recherche-Charlotte-Linlin-Wanted.jpg\" \/>\n\t<meta property=\"og:image:width\" content=\"800\" \/>\n\t<meta property=\"og:image:height\" content=\"800\" \/>\n\t<meta property=\"og:image:type\" content=\"image\/jpeg\" \/>\n<meta name=\"twitter:card\" content=\"summary_large_image\" \/>\n<meta name=\"twitter:label1\" content=\"Tempo di lettura stimato\" \/>\n\t<meta name=\"twitter:data1\" content=\"2 minuti\" \/>\n<script type=\"application\/ld+json\" class=\"yoast-schema-graph\">{\"@context\":\"https:\\\/\\\/schema.org\",\"@graph\":[{\"@type\":\"WebPage\",\"@id\":\"https:\\\/\\\/boutique-one-piece.com\\\/avis-de-recherche-one-piece\\\/avis-de-recherche-one-piece-charlotte-linlin-wanted\\\/\",\"url\":\"https:\\\/\\\/boutique-one-piece.com\\\/avis-de-recherche-one-piece\\\/avis-de-recherche-one-piece-charlotte-linlin-wanted\\\/\",\"name\":\"Avis de Recherche One Piece Charlotte Linlin Wanted | D\u00e9coration One Piece \u2013 Boutique One Piece\",\"isPartOf\":{\"@id\":\"https:\\\/\\\/boutique-one-piece.com\\\/#website\"},\"primaryImageOfPage\":{\"@id\":\"https:\\\/\\\/boutique-one-piece.com\\\/avis-de-recherche-one-piece\\\/avis-de-recherche-one-piece-charlotte-linlin-wanted\\\/#primaryimage\"},\"image\":{\"@id\":\"https:\\\/\\\/boutique-one-piece.com\\\/avis-de-recherche-one-piece\\\/avis-de-recherche-one-piece-charlotte-linlin-wanted\\\/#primaryimage\"},\"thumbnailUrl\":\"https:\\\/\\\/boutique-one-piece.com\\\/wp-content\\\/uploads\\\/2022\\\/09\\\/Avis-de-Recherche-Charlotte-Linlin-Wanted.jpg\",\"datePublished\":\"2022-09-27T20:18:53+00:00\",\"dateModified\":\"2024-09-16T11:40:05+00:00\",\"description\":\"As-tu appr\u00e9ci\u00e9 l'arc Totto land de One Piece ? Si c'est le cas, cet Avis de Recherche Charlotte Linlin Wanted va te convenir. Charlotte Linlin, aussi appel\u00e9e Big Mom, est un Empereur qui a fond\u00e9 son propre pays, Totto Land en grande partie avec l'aide son fruit du d\u00e9mon. Si l'on parle souvent des fruits du d\u00e9mon qui co\",\"breadcrumb\":{\"@id\":\"https:\\\/\\\/boutique-one-piece.com\\\/avis-de-recherche-one-piece\\\/avis-de-recherche-one-piece-charlotte-linlin-wanted\\\/#breadcrumb\"},\"inLanguage\":\"it-IT\",\"potentialAction\":[{\"@type\":\"ReadAction\",\"target\":[\"https:\\\/\\\/boutique-one-piece.com\\\/avis-de-recherche-one-piece\\\/avis-de-recherche-one-piece-charlotte-linlin-wanted\\\/\"]}]},{\"@type\":\"ImageObject\",\"inLanguage\":\"it-IT\",\"@id\":\"https:\\\/\\\/boutique-one-piece.com\\\/avis-de-recherche-one-piece\\\/avis-de-recherche-one-piece-charlotte-linlin-wanted\\\/#primaryimage\",\"url\":\"https:\\\/\\\/boutique-one-piece.com\\\/wp-content\\\/uploads\\\/2022\\\/09\\\/Avis-de-Recherche-Charlotte-Linlin-Wanted.jpg\",\"contentUrl\":\"https:\\\/\\\/boutique-one-piece.com\\\/wp-content\\\/uploads\\\/2022\\\/09\\\/Avis-de-Recherche-Charlotte-Linlin-Wanted.jpg\",\"width\":800,\"height\":800,\"caption\":\"Avis de Recherche Charlotte Linlin Wanted 42 X 30 cm\"},{\"@type\":\"BreadcrumbList\",\"@id\":\"https:\\\/\\\/boutique-one-piece.com\\\/avis-de-recherche-one-piece\\\/avis-de-recherche-one-piece-charlotte-linlin-wanted\\\/#breadcrumb\",\"itemListElement\":[{\"@type\":\"ListItem\",\"position\":1,\"name\":\"Home\",\"item\":\"https:\\\/\\\/boutique-one-piece.com\\\/\"},{\"@type\":\"ListItem\",\"position\":2,\"name\":\"Shop\",\"item\":\"https:\\\/\\\/boutique-one-piece.com\\\/shop\\\/\"},{\"@type\":\"ListItem\",\"position\":3,\"name\":\"Avis de Recherche Charlotte Linlin Wanted\"}]},{\"@type\":\"WebSite\",\"@id\":\"https:\\\/\\\/boutique-one-piece.com\\\/#website\",\"url\":\"https:\\\/\\\/boutique-one-piece.com\\\/\",\"name\":\"Boutique One Piece\",\"description\":\"Magasin Sp\u00e9cialis\u00e9 du Manga et l&#039;Anime One Piece\",\"publisher\":{\"@id\":\"https:\\\/\\\/boutique-one-piece.com\\\/#organization\"},\"potentialAction\":[{\"@type\":\"SearchAction\",\"target\":{\"@type\":\"EntryPoint\",\"urlTemplate\":\"https:\\\/\\\/boutique-one-piece.com\\\/?s={search_term_string}\"},\"query-input\":{\"@type\":\"PropertyValueSpecification\",\"valueRequired\":true,\"valueName\":\"search_term_string\"}}],\"inLanguage\":\"it-IT\"},{\"@type\":\"Organization\",\"@id\":\"https:\\\/\\\/boutique-one-piece.com\\\/#organization\",\"name\":\"Boutique One Piece\",\"url\":\"https:\\\/\\\/boutique-one-piece.com\\\/\",\"logo\":{\"@type\":\"ImageObject\",\"inLanguage\":\"it-IT\",\"@id\":\"https:\\\/\\\/boutique-one-piece.com\\\/#\\\/schema\\\/logo\\\/image\\\/\",\"url\":\"https:\\\/\\\/boutique-one-piece.com\\\/wp-content\\\/uploads\\\/2022\\\/09\\\/Logo-01.png\",\"contentUrl\":\"https:\\\/\\\/boutique-one-piece.com\\\/wp-content\\\/uploads\\\/2022\\\/09\\\/Logo-01.png\",\"width\":2318,\"height\":957,\"caption\":\"Boutique One Piece\"},\"image\":{\"@id\":\"https:\\\/\\\/boutique-one-piece.com\\\/#\\\/schema\\\/logo\\\/image\\\/\"}}]}<\/script>\n<!-- \/ Yoast SEO plugin. -->","yoast_head_json":{"title":"Annuncio di ricerca di One Piece: Charlotte Linlin | Decorazioni One Piece \u2013 Negozio One Piece","description":"Ti \u00e8 piaciuto l&#039;arco narrativo di Totto Land in One Piece? Se s\u00ec, questo poster di Charlotte Linlin Wanted fa al caso tuo. Charlotte Linlin, conosciuta anche come Big Mom, \u00e8 un&#039;Imperatrice che ha fondato il suo Paese, Totto Land, in gran parte grazie all&#039;aiuto del suo Frutto del Diavolo. Anche se parliamo spesso di Frutti del Diavolo che...","robots":{"index":"index","follow":"follow","max-snippet":"max-snippet:-1","max-image-preview":"max-image-preview:large","max-video-preview":"max-video-preview:-1"},"canonical":"https:\/\/boutique-one-piece.com\/it\/manifesto-ricercato-di-one-piece\/manifesto-ricercato-di-one-piece-charlotte-linlin\/","og_locale":"it_IT","og_type":"article","og_title":"Avis de Recherche One Piece Charlotte Linlin Wanted | D\u00e9coration One Piece \u2013 Boutique One Piece","og_description":"As-tu appr\u00e9ci\u00e9 l'arc Totto land de One Piece ? Si c'est le cas, cet Avis de Recherche Charlotte Linlin Wanted va te convenir. Charlotte Linlin, aussi appel\u00e9e Big Mom, est un Empereur qui a fond\u00e9 son propre pays, Totto Land en grande partie avec l'aide son fruit du d\u00e9mon. Si l'on parle souvent des fruits du d\u00e9mon qui co","og_url":"https:\/\/boutique-one-piece.com\/it\/manifesto-ricercato-di-one-piece\/manifesto-ricercato-di-one-piece-charlotte-linlin\/","og_site_name":"Boutique One Piece","article_modified_time":"2024-09-16T11:40:05+00:00","og_image":[{"width":800,"height":800,"url":"https:\/\/boutique-one-piece.com\/wp-content\/uploads\/2022\/09\/Avis-de-Recherche-Charlotte-Linlin-Wanted.jpg","type":"image\/jpeg"}],"twitter_card":"summary_large_image","twitter_misc":{"Tempo di lettura stimato":"2 minuti"},"schema":{"@context":"https:\/\/schema.org","@graph":[{"@type":"WebPage","@id":"https:\/\/boutique-one-piece.com\/avis-de-recherche-one-piece\/avis-de-recherche-one-piece-charlotte-linlin-wanted\/","url":"https:\/\/boutique-one-piece.com\/avis-de-recherche-one-piece\/avis-de-recherche-one-piece-charlotte-linlin-wanted\/","name":"Annuncio di ricerca di One Piece: Charlotte Linlin | Decorazioni One Piece \u2013 Negozio One Piece","isPartOf":{"@id":"https:\/\/boutique-one-piece.com\/#website"},"primaryImageOfPage":{"@id":"https:\/\/boutique-one-piece.com\/avis-de-recherche-one-piece\/avis-de-recherche-one-piece-charlotte-linlin-wanted\/#primaryimage"},"image":{"@id":"https:\/\/boutique-one-piece.com\/avis-de-recherche-one-piece\/avis-de-recherche-one-piece-charlotte-linlin-wanted\/#primaryimage"},"thumbnailUrl":"https:\/\/boutique-one-piece.com\/wp-content\/uploads\/2022\/09\/Avis-de-Recherche-Charlotte-Linlin-Wanted.jpg","datePublished":"2022-09-27T20:18:53+00:00","dateModified":"2024-09-16T11:40:05+00:00","description":"Ti \u00e8 piaciuto l&#039;arco narrativo di Totto Land in One Piece? Se s\u00ec, questo poster di Charlotte Linlin Wanted fa al caso tuo. Charlotte Linlin, conosciuta anche come Big Mom, \u00e8 un&#039;Imperatrice che ha fondato il suo Paese, Totto Land, in gran parte grazie all&#039;aiuto del suo Frutto del Diavolo. Anche se parliamo spesso di Frutti del Diavolo che...","breadcrumb":{"@id":"https:\/\/boutique-one-piece.com\/avis-de-recherche-one-piece\/avis-de-recherche-one-piece-charlotte-linlin-wanted\/#breadcrumb"},"inLanguage":"it-IT","potentialAction":[{"@type":"ReadAction","target":["https:\/\/boutique-one-piece.com\/avis-de-recherche-one-piece\/avis-de-recherche-one-piece-charlotte-linlin-wanted\/"]}]},{"@type":"ImageObject","inLanguage":"it-IT","@id":"https:\/\/boutique-one-piece.com\/avis-de-recherche-one-piece\/avis-de-recherche-one-piece-charlotte-linlin-wanted\/#primaryimage","url":"https:\/\/boutique-one-piece.com\/wp-content\/uploads\/2022\/09\/Avis-de-Recherche-Charlotte-Linlin-Wanted.jpg","contentUrl":"https:\/\/boutique-one-piece.com\/wp-content\/uploads\/2022\/09\/Avis-de-Recherche-Charlotte-Linlin-Wanted.jpg","width":800,"height":800,"caption":"Avis de Recherche Charlotte Linlin Wanted 42 X 30 cm"},{"@type":"BreadcrumbList","@id":"https:\/\/boutique-one-piece.com\/avis-de-recherche-one-piece\/avis-de-recherche-one-piece-charlotte-linlin-wanted\/#breadcrumb","itemListElement":[{"@type":"ListItem","position":1,"name":"Home","item":"https:\/\/boutique-one-piece.com\/"},{"@type":"ListItem","position":2,"name":"Shop","item":"https:\/\/boutique-one-piece.com\/shop\/"},{"@type":"ListItem","position":3,"name":"Avis de Recherche Charlotte Linlin Wanted"}]},{"@type":"WebSite","@id":"https:\/\/boutique-one-piece.com\/#website","url":"https:\/\/boutique-one-piece.com\/","name":"Negozio One Piece","description":"Negozio specializzato in manga e anime di One Piece","publisher":{"@id":"https:\/\/boutique-one-piece.com\/#organization"},"potentialAction":[{"@type":"SearchAction","target":{"@type":"EntryPoint","urlTemplate":"https:\/\/boutique-one-piece.com\/?s={search_term_string}"},"query-input":{"@type":"PropertyValueSpecification","valueRequired":true,"valueName":"search_term_string"}}],"inLanguage":"it-IT"},{"@type":"Organization","@id":"https:\/\/boutique-one-piece.com\/#organization","name":"Negozio One Piece","url":"https:\/\/boutique-one-piece.com\/","logo":{"@type":"ImageObject","inLanguage":"it-IT","@id":"https:\/\/boutique-one-piece.com\/#\/schema\/logo\/image\/","url":"https:\/\/boutique-one-piece.com\/wp-content\/uploads\/2022\/09\/Logo-01.png","contentUrl":"https:\/\/boutique-one-piece.com\/wp-content\/uploads\/2022\/09\/Logo-01.png","width":2318,"height":957,"caption":"Boutique One Piece"},"image":{"@id":"https:\/\/boutique-one-piece.com\/#\/schema\/logo\/image\/"}}]}},"_links":{"self":[{"href":"https:\/\/boutique-one-piece.com\/it\/wp-json\/wp\/v2\/product\/9306","targetHints":{"allow":["GET"]}}],"collection":[{"href":"https:\/\/boutique-one-piece.com\/it\/wp-json\/wp\/v2\/product"}],"about":[{"href":"https:\/\/boutique-one-piece.com\/it\/wp-json\/wp\/v2\/types\/product"}],"replies":[{"embeddable":true,"href":"https:\/\/boutique-one-piece.com\/it\/wp-json\/wp\/v2\/comments?post=9306"}],"wp:featuredmedia":[{"embeddable":true,"href":"https:\/\/boutique-one-piece.com\/it\/wp-json\/wp\/v2\/media\/9308"}],"wp:attachment":[{"href":"https:\/\/boutique-one-piece.com\/it\/wp-json\/wp\/v2\/media?parent=9306"}],"wp:term":[{"taxonomy":"product_brand","embeddable":true,"href":"https:\/\/boutique-one-piece.com\/it\/wp-json\/wp\/v2\/product_brand?post=9306"},{"taxonomy":"product_cat","embeddable":true,"href":"https:\/\/boutique-one-piece.com\/it\/wp-json\/wp\/v2\/product_cat?post=9306"},{"taxonomy":"product_tag","embeddable":true,"href":"https:\/\/boutique-one-piece.com\/it\/wp-json\/wp\/v2\/product_tag?post=9306"}],"curies":[{"name":"parola chiave","href":"https:\/\/api.w.org\/{rel}","templated":true}]}}