{"id":9358,"date":"2022-09-27T20:19:24","date_gmt":"2022-09-27T20:19:24","guid":{"rendered":"https:\/\/boutique-one-piece.com\/uncategorized\/embleme-equipage-de-barbe-noire\/"},"modified":"2024-09-16T11:41:03","modified_gmt":"2024-09-16T11:41:03","slug":"emblema-dellequipaggio-di-barbanera","status":"publish","type":"product","link":"https:\/\/boutique-one-piece.com\/it\/decorazioni-di-one-piece\/bandiere-di-one-piece\/emblema-dellequipaggio-di-barbanera\/","title":{"rendered":"Emblema dei pirati di Barbanera"},"content":{"rendered":"<h2>Giovane Nakama, metti subito le mani su questo emblema della ciurma di Barbanera.<\/h2>\n<p>Dovresti sapere che <strong>Marshall D. Teach<\/strong>, meglio conosciuto come Barbanera, \u00e8 l&#039;Ammiraglio dei Pirati di Barbanera ed \u00e8 attualmente uno dei Quattro Imperatori. Questo Ammiraglio \u00e8 disposto a fare qualsiasi cosa per acquisire qualcosa, dato che\u2019<strong>Ha ucciso Thatch<\/strong> e Edward Newgate per i rispettivi poteri, (il <strong>Yami Yami no Mi<\/strong> e il Gura Gura no Mi).<\/p>\n<p>Possiede un&#039;ambizione e una volont\u00e0 molto forti, e non esita a inimicarsi un Imperatore Pirata se ci\u00f2 gli permette di raggiungere i suoi obiettivi. Ha un forte senso di contrariet\u00e0 e appare come<strong> l&#039;opposto di Rufy<\/strong>. Inoltre, se desideri ampliare la tua collezione di bandiere, <a title=\"BANDIERA DELL&#039;EQUIPAGGIO DI CAPPELLI DI PAGLIA\" href=\"https:\/\/boutique-one-piece.com\/it\/drapeau-equipage-du-chapeau-de-paille\/\" target=\"_blank\" rel=\"noopener\">Bandiera della ciurma di Cappello di Paglia<\/a> \u00e8 alla tua portata.<\/p>\n<h3>Allora, sei affascinato dall&#039;emblema della ciurma di Marshall D. Teach? Se s\u00ec, dichiara la tua fedelt\u00e0 ai Pirati di Barbanera e imbarcati insieme a colui che sar\u00e0 il tuo nuovo capitano.<\/h3>\n<p>Che tu sia un fan sfegatato o un collezionista esperto, non cercare oltre, sei nel posto giusto. Questi oggetti iconici sono sicuramente ci\u00f2 che fa per te. Perfetti come regalo, come decorazione o come aggiunta alla tua collezione, questi pezzi arricchiranno la tua collezione.<strong> il tuo universo One Piece<\/strong>. Se anche tu sogni un mondo in cui l&#039;et\u00e0 d&#039;oro della pirateria \u00e8 al suo apice, sei solo all&#039;inizio delle tue avventure, giovane marinaio!<\/p>\n<h2>Informazioni sulla bandiera dell&#039;equipaggio Marshall D. Teach:<\/h2>\n<ul>\n<li>\n<strong><u>Bandiera di One Piece<\/u><\/strong>\u00a0Una vera bandiera pirata di One Piece per i veri fan<\/li>\n<\/ul>\n<ul>\n<li>\n<strong>Stampa di alta qualit\u00e0<\/strong>\u00a0colori accurati<\/li>\n<\/ul>\n<ul>\n<li>\n<strong>Questione<\/strong> Poliestere<\/li>\n<\/ul>\n<ul>\n<li>\n<strong>Dimensione<\/strong>\u00a0: 70 cm X 125 cm<\/li>\n<\/ul>\n<ul>\n<li>\n<strong>Peso<\/strong> : 100 gr<\/li>\n<\/ul>\n<ul>\n<li><strong>CONSEGNA GRATUITA<\/strong><\/li>\n<\/ul>","protected":false},"excerpt":{"rendered":"<p>Giovane Nakama, metti subito le mani su questo emblema dei Pirati di Barbanera. Dovresti sapere che Marshall D. Teach, meglio conosciuto come Barbanera, \u00e8 l&#039;Ammiraglio dei Pirati di Barbanera e attualmente uno dei Quattro Imperatori. Questo Ammiraglio \u00e8 disposto a tutto pur di mettere le mani su qualcosa, soprattutto dopo aver ucciso Thatch [\u2026]<\/p>","protected":false},"featured_media":9360,"comment_status":"open","ping_status":"open","template":"","meta":[],"product_brand":[],"product_cat":[212],"product_tag":[286],"class_list":{"0":"post-9358","1":"product","2":"type-product","3":"status-publish","4":"has-post-thumbnail","6":"product_cat-drapeaux-one-piece","7":"product_tag-barbe-noire","9":"first","10":"instock","11":"purchasable","12":"product-type-simple"},"yoast_head":"<!-- This site is optimized with the Yoast SEO plugin v27.5 - https:\/\/yoast.com\/product\/yoast-seo-wordpress\/ -->\n<title>Embl\u00e8me \u00c9quipage de Barbe Noire | Boutique One Piece<\/title>\n<meta name=\"description\" content=\"D\u00e9couvrez l&#039;Embl\u00e8me One Piece Barbe Noire, d\u00e9corez votre pi\u00e8ce en portant les couleurs de Marshall D. Teach ! Commencez votre aventure recherche du One Piece dans l&#039;\u00e9quipage de Barbe Noire\" \/>\n<meta name=\"robots\" content=\"index, follow, max-snippet:-1, max-image-preview:large, max-video-preview:-1\" \/>\n<link rel=\"canonical\" href=\"https:\/\/boutique-one-piece.com\/it\/decorazioni-di-one-piece\/bandiere-di-one-piece\/emblema-dellequipaggio-di-barbanera\/\" \/>\n<meta property=\"og:locale\" content=\"it_IT\" \/>\n<meta property=\"og:type\" content=\"article\" \/>\n<meta property=\"og:title\" content=\"Embl\u00e8me \u00c9quipage de Barbe Noire | Boutique One Piece\" \/>\n<meta property=\"og:description\" content=\"D\u00e9couvrez l&#039;Embl\u00e8me One Piece Barbe Noire, d\u00e9corez votre pi\u00e8ce en portant les couleurs de Marshall D. Teach ! Commencez votre aventure recherche du One Piece dans l&#039;\u00e9quipage de Barbe Noire\" \/>\n<meta property=\"og:url\" content=\"https:\/\/boutique-one-piece.com\/it\/decorazioni-di-one-piece\/bandiere-di-one-piece\/emblema-dellequipaggio-di-barbanera\/\" \/>\n<meta property=\"og:site_name\" content=\"Boutique One Piece\" \/>\n<meta property=\"article:modified_time\" content=\"2024-09-16T11:41:03+00:00\" \/>\n<meta property=\"og:image\" content=\"https:\/\/boutique-one-piece.com\/wp-content\/uploads\/2022\/09\/Embleme-Equipage-de-Barbe-Noire-1.jpg\" \/>\n\t<meta property=\"og:image:width\" content=\"800\" \/>\n\t<meta property=\"og:image:height\" content=\"800\" \/>\n\t<meta property=\"og:image:type\" content=\"image\/jpeg\" \/>\n<meta name=\"twitter:card\" content=\"summary_large_image\" \/>\n<meta name=\"twitter:label1\" content=\"Tempo di lettura stimato\" \/>\n\t<meta name=\"twitter:data1\" content=\"1 minuto\" \/>\n<script type=\"application\/ld+json\" class=\"yoast-schema-graph\">{\"@context\":\"https:\\\/\\\/schema.org\",\"@graph\":[{\"@type\":\"WebPage\",\"@id\":\"https:\\\/\\\/boutique-one-piece.com\\\/decorations-one-piece\\\/drapeaux-one-piece\\\/embleme-equipage-de-barbe-noire\\\/\",\"url\":\"https:\\\/\\\/boutique-one-piece.com\\\/decorations-one-piece\\\/drapeaux-one-piece\\\/embleme-equipage-de-barbe-noire\\\/\",\"name\":\"Embl\u00e8me \u00c9quipage de Barbe Noire | Boutique One Piece\",\"isPartOf\":{\"@id\":\"https:\\\/\\\/boutique-one-piece.com\\\/#website\"},\"primaryImageOfPage\":{\"@id\":\"https:\\\/\\\/boutique-one-piece.com\\\/decorations-one-piece\\\/drapeaux-one-piece\\\/embleme-equipage-de-barbe-noire\\\/#primaryimage\"},\"image\":{\"@id\":\"https:\\\/\\\/boutique-one-piece.com\\\/decorations-one-piece\\\/drapeaux-one-piece\\\/embleme-equipage-de-barbe-noire\\\/#primaryimage\"},\"thumbnailUrl\":\"https:\\\/\\\/boutique-one-piece.com\\\/wp-content\\\/uploads\\\/2022\\\/09\\\/Embleme-Equipage-de-Barbe-Noire-1.jpg\",\"datePublished\":\"2022-09-27T20:19:24+00:00\",\"dateModified\":\"2024-09-16T11:41:03+00:00\",\"description\":\"D\u00e9couvrez l'Embl\u00e8me One Piece Barbe Noire, d\u00e9corez votre pi\u00e8ce en portant les couleurs de Marshall D. Teach ! Commencez votre aventure recherche du One Piece dans l'\u00e9quipage de Barbe Noire\",\"breadcrumb\":{\"@id\":\"https:\\\/\\\/boutique-one-piece.com\\\/decorations-one-piece\\\/drapeaux-one-piece\\\/embleme-equipage-de-barbe-noire\\\/#breadcrumb\"},\"inLanguage\":\"it-IT\",\"potentialAction\":[{\"@type\":\"ReadAction\",\"target\":[\"https:\\\/\\\/boutique-one-piece.com\\\/decorations-one-piece\\\/drapeaux-one-piece\\\/embleme-equipage-de-barbe-noire\\\/\"]}]},{\"@type\":\"ImageObject\",\"inLanguage\":\"it-IT\",\"@id\":\"https:\\\/\\\/boutique-one-piece.com\\\/decorations-one-piece\\\/drapeaux-one-piece\\\/embleme-equipage-de-barbe-noire\\\/#primaryimage\",\"url\":\"https:\\\/\\\/boutique-one-piece.com\\\/wp-content\\\/uploads\\\/2022\\\/09\\\/Embleme-Equipage-de-Barbe-Noire-1.jpg\",\"contentUrl\":\"https:\\\/\\\/boutique-one-piece.com\\\/wp-content\\\/uploads\\\/2022\\\/09\\\/Embleme-Equipage-de-Barbe-Noire-1.jpg\",\"width\":800,\"height\":800},{\"@type\":\"BreadcrumbList\",\"@id\":\"https:\\\/\\\/boutique-one-piece.com\\\/decorations-one-piece\\\/drapeaux-one-piece\\\/embleme-equipage-de-barbe-noire\\\/#breadcrumb\",\"itemListElement\":[{\"@type\":\"ListItem\",\"position\":1,\"name\":\"Home\",\"item\":\"https:\\\/\\\/boutique-one-piece.com\\\/\"},{\"@type\":\"ListItem\",\"position\":2,\"name\":\"Shop\",\"item\":\"https:\\\/\\\/boutique-one-piece.com\\\/shop\\\/\"},{\"@type\":\"ListItem\",\"position\":3,\"name\":\"Embl\u00e8me \u00c9quipage de Barbe Noire\"}]},{\"@type\":\"WebSite\",\"@id\":\"https:\\\/\\\/boutique-one-piece.com\\\/#website\",\"url\":\"https:\\\/\\\/boutique-one-piece.com\\\/\",\"name\":\"Boutique One Piece\",\"description\":\"Magasin Sp\u00e9cialis\u00e9 du Manga et l&#039;Anime One Piece\",\"publisher\":{\"@id\":\"https:\\\/\\\/boutique-one-piece.com\\\/#organization\"},\"potentialAction\":[{\"@type\":\"SearchAction\",\"target\":{\"@type\":\"EntryPoint\",\"urlTemplate\":\"https:\\\/\\\/boutique-one-piece.com\\\/?s={search_term_string}\"},\"query-input\":{\"@type\":\"PropertyValueSpecification\",\"valueRequired\":true,\"valueName\":\"search_term_string\"}}],\"inLanguage\":\"it-IT\"},{\"@type\":\"Organization\",\"@id\":\"https:\\\/\\\/boutique-one-piece.com\\\/#organization\",\"name\":\"Boutique One Piece\",\"url\":\"https:\\\/\\\/boutique-one-piece.com\\\/\",\"logo\":{\"@type\":\"ImageObject\",\"inLanguage\":\"it-IT\",\"@id\":\"https:\\\/\\\/boutique-one-piece.com\\\/#\\\/schema\\\/logo\\\/image\\\/\",\"url\":\"https:\\\/\\\/boutique-one-piece.com\\\/wp-content\\\/uploads\\\/2022\\\/09\\\/Logo-01.png\",\"contentUrl\":\"https:\\\/\\\/boutique-one-piece.com\\\/wp-content\\\/uploads\\\/2022\\\/09\\\/Logo-01.png\",\"width\":2318,\"height\":957,\"caption\":\"Boutique One Piece\"},\"image\":{\"@id\":\"https:\\\/\\\/boutique-one-piece.com\\\/#\\\/schema\\\/logo\\\/image\\\/\"}}]}<\/script>\n<!-- \/ Yoast SEO plugin. -->","yoast_head_json":{"title":"Emblema dei pirati di Barbanera | Negozio One Piece","description":"Scopri l&#039;emblema di Barbanera di One Piece, decora la tua stanza con i colori di Marshall D. Teach! Inizia la tua avventura di One Piece con la ciurma di Barbanera.","robots":{"index":"index","follow":"follow","max-snippet":"max-snippet:-1","max-image-preview":"max-image-preview:large","max-video-preview":"max-video-preview:-1"},"canonical":"https:\/\/boutique-one-piece.com\/it\/decorazioni-di-one-piece\/bandiere-di-one-piece\/emblema-dellequipaggio-di-barbanera\/","og_locale":"it_IT","og_type":"article","og_title":"Embl\u00e8me \u00c9quipage de Barbe Noire | Boutique One Piece","og_description":"D\u00e9couvrez l'Embl\u00e8me One Piece Barbe Noire, d\u00e9corez votre pi\u00e8ce en portant les couleurs de Marshall D. Teach ! Commencez votre aventure recherche du One Piece dans l'\u00e9quipage de Barbe Noire","og_url":"https:\/\/boutique-one-piece.com\/it\/decorazioni-di-one-piece\/bandiere-di-one-piece\/emblema-dellequipaggio-di-barbanera\/","og_site_name":"Boutique One Piece","article_modified_time":"2024-09-16T11:41:03+00:00","og_image":[{"width":800,"height":800,"url":"https:\/\/boutique-one-piece.com\/wp-content\/uploads\/2022\/09\/Embleme-Equipage-de-Barbe-Noire-1.jpg","type":"image\/jpeg"}],"twitter_card":"summary_large_image","twitter_misc":{"Tempo di lettura stimato":"1 minuto"},"schema":{"@context":"https:\/\/schema.org","@graph":[{"@type":"WebPage","@id":"https:\/\/boutique-one-piece.com\/decorations-one-piece\/drapeaux-one-piece\/embleme-equipage-de-barbe-noire\/","url":"https:\/\/boutique-one-piece.com\/decorations-one-piece\/drapeaux-one-piece\/embleme-equipage-de-barbe-noire\/","name":"Emblema dei pirati di Barbanera | Negozio One Piece","isPartOf":{"@id":"https:\/\/boutique-one-piece.com\/#website"},"primaryImageOfPage":{"@id":"https:\/\/boutique-one-piece.com\/decorations-one-piece\/drapeaux-one-piece\/embleme-equipage-de-barbe-noire\/#primaryimage"},"image":{"@id":"https:\/\/boutique-one-piece.com\/decorations-one-piece\/drapeaux-one-piece\/embleme-equipage-de-barbe-noire\/#primaryimage"},"thumbnailUrl":"https:\/\/boutique-one-piece.com\/wp-content\/uploads\/2022\/09\/Embleme-Equipage-de-Barbe-Noire-1.jpg","datePublished":"2022-09-27T20:19:24+00:00","dateModified":"2024-09-16T11:41:03+00:00","description":"Scopri l&#039;emblema di Barbanera di One Piece, decora la tua stanza con i colori di Marshall D. Teach! Inizia la tua avventura di One Piece con la ciurma di Barbanera.","breadcrumb":{"@id":"https:\/\/boutique-one-piece.com\/decorations-one-piece\/drapeaux-one-piece\/embleme-equipage-de-barbe-noire\/#breadcrumb"},"inLanguage":"it-IT","potentialAction":[{"@type":"ReadAction","target":["https:\/\/boutique-one-piece.com\/decorations-one-piece\/drapeaux-one-piece\/embleme-equipage-de-barbe-noire\/"]}]},{"@type":"ImageObject","inLanguage":"it-IT","@id":"https:\/\/boutique-one-piece.com\/decorations-one-piece\/drapeaux-one-piece\/embleme-equipage-de-barbe-noire\/#primaryimage","url":"https:\/\/boutique-one-piece.com\/wp-content\/uploads\/2022\/09\/Embleme-Equipage-de-Barbe-Noire-1.jpg","contentUrl":"https:\/\/boutique-one-piece.com\/wp-content\/uploads\/2022\/09\/Embleme-Equipage-de-Barbe-Noire-1.jpg","width":800,"height":800},{"@type":"BreadcrumbList","@id":"https:\/\/boutique-one-piece.com\/decorations-one-piece\/drapeaux-one-piece\/embleme-equipage-de-barbe-noire\/#breadcrumb","itemListElement":[{"@type":"ListItem","position":1,"name":"Home","item":"https:\/\/boutique-one-piece.com\/"},{"@type":"ListItem","position":2,"name":"Shop","item":"https:\/\/boutique-one-piece.com\/shop\/"},{"@type":"ListItem","position":3,"name":"Embl\u00e8me \u00c9quipage de Barbe Noire"}]},{"@type":"WebSite","@id":"https:\/\/boutique-one-piece.com\/#website","url":"https:\/\/boutique-one-piece.com\/","name":"Negozio One Piece","description":"Negozio specializzato in manga e anime di One Piece","publisher":{"@id":"https:\/\/boutique-one-piece.com\/#organization"},"potentialAction":[{"@type":"SearchAction","target":{"@type":"EntryPoint","urlTemplate":"https:\/\/boutique-one-piece.com\/?s={search_term_string}"},"query-input":{"@type":"PropertyValueSpecification","valueRequired":true,"valueName":"search_term_string"}}],"inLanguage":"it-IT"},{"@type":"Organization","@id":"https:\/\/boutique-one-piece.com\/#organization","name":"Negozio One Piece","url":"https:\/\/boutique-one-piece.com\/","logo":{"@type":"ImageObject","inLanguage":"it-IT","@id":"https:\/\/boutique-one-piece.com\/#\/schema\/logo\/image\/","url":"https:\/\/boutique-one-piece.com\/wp-content\/uploads\/2022\/09\/Logo-01.png","contentUrl":"https:\/\/boutique-one-piece.com\/wp-content\/uploads\/2022\/09\/Logo-01.png","width":2318,"height":957,"caption":"Boutique One Piece"},"image":{"@id":"https:\/\/boutique-one-piece.com\/#\/schema\/logo\/image\/"}}]}},"_links":{"self":[{"href":"https:\/\/boutique-one-piece.com\/it\/wp-json\/wp\/v2\/product\/9358","targetHints":{"allow":["GET"]}}],"collection":[{"href":"https:\/\/boutique-one-piece.com\/it\/wp-json\/wp\/v2\/product"}],"about":[{"href":"https:\/\/boutique-one-piece.com\/it\/wp-json\/wp\/v2\/types\/product"}],"replies":[{"embeddable":true,"href":"https:\/\/boutique-one-piece.com\/it\/wp-json\/wp\/v2\/comments?post=9358"}],"wp:featuredmedia":[{"embeddable":true,"href":"https:\/\/boutique-one-piece.com\/it\/wp-json\/wp\/v2\/media\/9360"}],"wp:attachment":[{"href":"https:\/\/boutique-one-piece.com\/it\/wp-json\/wp\/v2\/media?parent=9358"}],"wp:term":[{"taxonomy":"product_brand","embeddable":true,"href":"https:\/\/boutique-one-piece.com\/it\/wp-json\/wp\/v2\/product_brand?post=9358"},{"taxonomy":"product_cat","embeddable":true,"href":"https:\/\/boutique-one-piece.com\/it\/wp-json\/wp\/v2\/product_cat?post=9358"},{"taxonomy":"product_tag","embeddable":true,"href":"https:\/\/boutique-one-piece.com\/it\/wp-json\/wp\/v2\/product_tag?post=9358"}],"curies":[{"name":"parola chiave","href":"https:\/\/api.w.org\/{rel}","templated":true}]}}