{"id":9446,"date":"2022-09-27T20:20:06","date_gmt":"2022-09-27T20:20:06","guid":{"rendered":"https:\/\/boutique-one-piece.com\/uncategorized\/tableau-one-piece-franky\/"},"modified":"2024-09-18T01:30:16","modified_gmt":"2024-09-18T01:30:16","slug":"dipinto-di-franky-di-one-piece","status":"publish","type":"product","link":"https:\/\/boutique-one-piece.com\/it\/decorazioni-di-one-piece\/dipinti-di-one-piece\/dipinto-di-franky-di-one-piece\/","title":{"rendered":"Dipinto di Franky di One Piece"},"content":{"rendered":"<p><meta charset=\"utf-8\"><\/p>\n<h2>Stampa su tela a 5 pannelli di One Piece raffigurante Franky il Cyborg, ex leader della Franky Family. Una stampa su tela di qualit\u00e0 per un pirata come te!<\/h2>\n<p>Se sei un\u00a0<strong>vero pirata<\/strong>, Apprezzerai il\u00a0<strong>qualit\u00e0<\/strong>\u00a0tela, vernice e una cornice per i loro\u00a0<strong>disegni\u00a0<\/strong>E\u00a0<strong>Stampa 3D su tela<\/strong>\u00a0di questo\u00a0<strong>Dipinto One Piece a 5 pannelli<\/strong>\u00a0Ma la cosa pi\u00f9 importante \u00e8 che con questo grafico farai parte di\u00a0<strong>la troupe dei fan<\/strong>\u00a0Di\u00a0<strong>manga pirata<\/strong>\u00a0e otterrai:<\/p>\n<ul>\n<li>\u00a0<strong>Ammirazione<\/strong>\u00a0di tutti i fan di\u00a0<strong>mugiwara<\/strong>\u00a0che inviterai a casa tua<\/li>\n<\/ul>\n<ul>\n<li>Un vero\u00a0<strong>Tabella stampata da 5 pezzi<\/strong>\u00a0con cui puoi<strong>\u00a0immaginare\u00a0<\/strong>combattere con <strong>Franky<\/strong>\n<\/li>\n<\/ul>\n<p>Quindi, pronto a mostrare il\u00a0<strong>colori <\/strong>Di<strong><\/strong>s<b>\u00a0Mugiwara<\/b>\u00a0?<\/p>\n<h2>Sei un fan del manga o dell&#039;anime One Piece? Mostralo con questa stampa su tela composta da 5 pezzi!<\/h2>\n<p>Se tu\u00a0<strong>Leggere<\/strong>\u00a0o ovunque tu guardi\u00a0<strong>l&#039;anime\u00a0<\/strong><strong>giapponese<\/strong>, Ci sono buone probabilit\u00e0 che tu sia diventato\u00a0<strong>pazzo di One Piece<\/strong>\u00a0Con questo!\u00a0<strong>Dipinto Franky a 5 pannelli<\/strong>, unisciti al\u2019<strong>gruppo di fan del franchise<\/strong><\/p>\n<p>Questo\u00a0<strong>pittura<\/strong>\u00a0\u00e8 disponibile con un\u00a0<strong>cornice di legno<\/strong>\u00a0la variante &quot;\u00ab\u00a0<strong>Con cornice<\/strong>\u00ab&quot;\u00c8 anche possibile avere solo il\u00a0<strong>stoffa<\/strong>\u00a0con la variante &quot;\u00ab\u00a0<strong>Senza cornice<\/strong>\u00ab&quot;Troverai la tabella nelle misure\u00a0<strong>Poco<\/strong>,<strong>\u00a0MEDIA<\/strong>,<strong>\u00a0Grande<\/strong>,<strong>\u00a0XL<\/strong>, Si adatta a tutti i tipi di pirati, anche se non hai\u00a0<strong>spada<\/strong>\u00a0O\u00a0<strong>frutto del diavolo<\/strong>\u00a0puoi ancora appenderlo con orgoglio a casa<\/p>\n<p><strong>Franky<\/strong>, il suo vero nome <strong>Cutty Flam<\/strong>, \u00e8 il falegname di <strong>l&#039;equipaggio<\/strong>\u00a0Di <strong>Cappello di paglia<\/strong>. Franky \u00e8 un super <strong>cibernetico<\/strong>, <strong>Monkey D. Rufy<\/strong> lo reclut\u00f2 sull&#039;isola di\u00a0<strong>Acqua Sette<\/strong>, durante l&#039;arco <strong>Enies Lobby.\u00a0<\/strong>Franky credeva in Rufy, anche quando era ancora con il <strong>Famiglia Franky<\/strong><\/p>\n<h2>Informazioni sul dipinto:<\/h2>\n<ul>\n<li>\n<strong>Tela stampata di alta qualit\u00e0\u00a0<\/strong>: tela da parete realizzata in <strong>cotone<\/strong> E <strong>biancheria<\/strong>, per ottenere un <strong>stoffa<\/strong> degno di questo nome<\/li>\n<\/ul>\n<ul>\n<li>\n<strong>Pittura Ultra Design<\/strong>\u00a0La tabella in cinque parti fornisce molto <strong>stile<\/strong> a un <strong>pezzo<\/strong>, I fan non possono fare a meno di amarlo<\/li>\n<\/ul>\n<ul style=\"font-weight: 400;\">\n<li>\n<strong>Colore e stampa\u00a0<\/strong>Dipinto di One Piece con una stampa <strong>Canva<\/strong> il punto di riferimento nella stampa su tela<\/li>\n<\/ul>\n<ul style=\"font-weight: 400;\">\n<li>\n<strong>Arte murale leggera<\/strong>\u00a0: ottima ambientazione <strong>leggero,<\/strong> tutto ci\u00f2 che serve \u00e8 uno <strong>chiodo<\/strong> o del <strong>gamba fissa<\/strong> per il <strong>mantenere<\/strong> A <strong>parete<\/strong>\n<\/li>\n<\/ul>\n<ul style=\"font-weight: 400;\">\n<li>\n<strong>Telaio in legno<\/strong>\u00a0: la variante &quot;\u00ab\u00a0<strong>Con cornice<\/strong>\u00a0\u00bb \u00e8 accompagnato da un <strong>cornice di legno<\/strong> e la versione &quot;\u00ab\u00a0<strong>Senza cornice<\/strong>\u00a0\u00bb viene consegnato <strong>senza la cornice di legno<\/strong>\n<\/li>\n<\/ul>\n<ul style=\"font-weight: 400;\">\n<li>\n<strong>Consegna gratuita\u00a0<\/strong>per qualsiasi acquisto<strong>\u00a0<\/strong>\n<\/li>\n<\/ul>\n<h3>Non dimenticare di dare un&#039;occhiata alla guida alle taglie qui sotto.<\/h3>\n<h2>\n<strong style=\"font-size: 15px;\">Dipinto One Piece 5 pezzi<\/strong><span style=\"font-size: 15px;\">,<\/span><strong style=\"font-size: 15px;\"> <\/strong><span style=\"font-size: 15px;\">Misurare<\/span><strong style=\"font-size: 15px;\"> <\/strong><span style=\"font-size: 15px;\">: <\/span><strong style=\"font-size: 15px;\">Poco<\/strong><br \/>\n<\/h2>\n<p>\u00a0<img decoding=\"async\" src=\"https:\/\/cdn.shopify.com\/s\/files\/1\/0087\/7556\/5348\/files\/guide_taille_tableau_one_piece_petit_boutique_one_piece_large.jpg?v=1560247451\" alt=\"Guida alle taglie One Piece 5 pezzi (piccola)\"><\/p>\n<p><strong>Dipinto One Piece 5 pezzi<\/strong>, Misurare<strong> <\/strong>:<strong> MEDIA<\/strong><\/p>\n<p>\u00a0<img decoding=\"async\" src=\"https:\/\/cdn.shopify.com\/s\/files\/1\/0087\/7556\/5348\/files\/guide_taille_tableau_one_piece_moyen_boutique_one_piece_large.jpg?v=1560247519\" alt=\"guida alle taglie un pezzo 5 pezzi Medio\"><\/p>\n<p><strong>Dipinto One Piece 5 pezzi<\/strong>, Misurare<strong> <\/strong>: <strong>Grande<\/strong><\/p>\n<p>\u00a0<img decoding=\"async\" src=\"https:\/\/cdn.shopify.com\/s\/files\/1\/0087\/7556\/5348\/files\/guide_taille_tableau_one_piece_grand_boutique_one_piece_large.jpg?v=1560247582\" alt=\"Tabella delle taglie One Piece 5 pezzi (grande)\"><\/p>\n<p><strong>Dipinto One Piece 5 pezzi<\/strong>, Misurare: <strong>XL<\/strong><\/p>\n<p><img decoding=\"async\" src=\"https:\/\/cdn.shopify.com\/s\/files\/1\/0087\/7556\/5348\/files\/guide_taille_tableau_one_piece_xl_boutique_one_piece_large.jpg?v=1560247610\" alt=\"Tabella delle taglie One Piece 5 pezzi XL\"><\/p>","protected":false},"excerpt":{"rendered":"<p>Stampa su tela a 5 pannelli di One Piece raffigurante Franky il Cyborg, l&#039;ex leader della Franky Family. Una stampa su tela di alta qualit\u00e0 per un pirata come te! Se sei un vero pirata, apprezzerai la qualit\u00e0 della tela, della vernice e della cornice, cos\u00ec come la stampa 3D su tela di questa stampa su tela a 5 pannelli di One Piece! Ma soprattutto, con questa stampa su tela, farai parte dell&#039;equipaggio del [\u2026]<\/p>","protected":false},"featured_media":9448,"comment_status":"open","ping_status":"open","template":"","meta":[],"product_brand":[],"product_cat":[141],"product_tag":[129,142,143],"class_list":{"0":"post-9446","1":"product","2":"type-product","3":"status-publish","4":"has-post-thumbnail","6":"product_cat-tableaux-one-piece","7":"product_tag-franky","8":"product_tag-tableau-5-pieces","9":"product_tag-toile","11":"first","12":"instock","13":"purchasable","14":"product-type-variable"},"yoast_head":"<!-- This site is optimized with the Yoast SEO plugin v27.5 - https:\/\/yoast.com\/product\/yoast-seo-wordpress\/ -->\n<title>Tableau One Piece Franky | Boutique One Piece<\/title>\n<meta name=\"description\" content=\"Tableau 5 Pi\u00e8ces One Piece avec Franky le Charpentier des Mugiwara de Tr\u00e8s Haute Qualit\u00e9 Fan de l&#039;Univers des Pirates ce Tableau 5 Panneaux est Fait Pour Vous !\" \/>\n<meta name=\"robots\" content=\"index, follow, max-snippet:-1, max-image-preview:large, max-video-preview:-1\" \/>\n<link rel=\"canonical\" href=\"https:\/\/boutique-one-piece.com\/it\/decorazioni-di-one-piece\/dipinti-di-one-piece\/dipinto-di-franky-di-one-piece\/\" \/>\n<meta property=\"og:locale\" content=\"it_IT\" \/>\n<meta property=\"og:type\" content=\"article\" \/>\n<meta property=\"og:title\" content=\"Tableau One Piece Franky | Boutique One Piece\" \/>\n<meta property=\"og:description\" content=\"Tableau 5 Pi\u00e8ces One Piece avec Franky le Charpentier des Mugiwara de Tr\u00e8s Haute Qualit\u00e9 Fan de l&#039;Univers des Pirates ce Tableau 5 Panneaux est Fait Pour Vous !\" \/>\n<meta property=\"og:url\" content=\"https:\/\/boutique-one-piece.com\/it\/decorazioni-di-one-piece\/dipinti-di-one-piece\/dipinto-di-franky-di-one-piece\/\" \/>\n<meta property=\"og:site_name\" content=\"Boutique One Piece\" \/>\n<meta property=\"article:modified_time\" content=\"2024-09-18T01:30:16+00:00\" \/>\n<meta property=\"og:image\" content=\"https:\/\/boutique-one-piece.com\/wp-content\/uploads\/2022\/09\/Tableau-One-Piece-Franky.jpg\" \/>\n\t<meta property=\"og:image:width\" content=\"600\" \/>\n\t<meta property=\"og:image:height\" content=\"600\" \/>\n\t<meta property=\"og:image:type\" content=\"image\/jpeg\" \/>\n<meta name=\"twitter:card\" content=\"summary_large_image\" \/>\n<meta name=\"twitter:label1\" content=\"Tempo di lettura stimato\" \/>\n\t<meta name=\"twitter:data1\" content=\"2 minuti\" \/>\n<script type=\"application\/ld+json\" class=\"yoast-schema-graph\">{\"@context\":\"https:\\\/\\\/schema.org\",\"@graph\":[{\"@type\":\"WebPage\",\"@id\":\"https:\\\/\\\/boutique-one-piece.com\\\/decorations-one-piece\\\/tableaux-one-piece\\\/tableau-one-piece-franky\\\/\",\"url\":\"https:\\\/\\\/boutique-one-piece.com\\\/decorations-one-piece\\\/tableaux-one-piece\\\/tableau-one-piece-franky\\\/\",\"name\":\"Tableau One Piece Franky | Boutique One Piece\",\"isPartOf\":{\"@id\":\"https:\\\/\\\/boutique-one-piece.com\\\/#website\"},\"primaryImageOfPage\":{\"@id\":\"https:\\\/\\\/boutique-one-piece.com\\\/decorations-one-piece\\\/tableaux-one-piece\\\/tableau-one-piece-franky\\\/#primaryimage\"},\"image\":{\"@id\":\"https:\\\/\\\/boutique-one-piece.com\\\/decorations-one-piece\\\/tableaux-one-piece\\\/tableau-one-piece-franky\\\/#primaryimage\"},\"thumbnailUrl\":\"https:\\\/\\\/boutique-one-piece.com\\\/wp-content\\\/uploads\\\/2022\\\/09\\\/Tableau-One-Piece-Franky.jpg\",\"datePublished\":\"2022-09-27T20:20:06+00:00\",\"dateModified\":\"2024-09-18T01:30:16+00:00\",\"description\":\"Tableau 5 Pi\u00e8ces One Piece avec Franky le Charpentier des Mugiwara de Tr\u00e8s Haute Qualit\u00e9 Fan de l'Univers des Pirates ce Tableau 5 Panneaux est Fait Pour Vous !\",\"breadcrumb\":{\"@id\":\"https:\\\/\\\/boutique-one-piece.com\\\/decorations-one-piece\\\/tableaux-one-piece\\\/tableau-one-piece-franky\\\/#breadcrumb\"},\"inLanguage\":\"it-IT\",\"potentialAction\":[{\"@type\":\"ReadAction\",\"target\":[\"https:\\\/\\\/boutique-one-piece.com\\\/decorations-one-piece\\\/tableaux-one-piece\\\/tableau-one-piece-franky\\\/\"]}]},{\"@type\":\"ImageObject\",\"inLanguage\":\"it-IT\",\"@id\":\"https:\\\/\\\/boutique-one-piece.com\\\/decorations-one-piece\\\/tableaux-one-piece\\\/tableau-one-piece-franky\\\/#primaryimage\",\"url\":\"https:\\\/\\\/boutique-one-piece.com\\\/wp-content\\\/uploads\\\/2022\\\/09\\\/Tableau-One-Piece-Franky.jpg\",\"contentUrl\":\"https:\\\/\\\/boutique-one-piece.com\\\/wp-content\\\/uploads\\\/2022\\\/09\\\/Tableau-One-Piece-Franky.jpg\",\"width\":600,\"height\":600,\"caption\":\"Tableau One Piece Franky XL Avec Cadre\"},{\"@type\":\"BreadcrumbList\",\"@id\":\"https:\\\/\\\/boutique-one-piece.com\\\/decorations-one-piece\\\/tableaux-one-piece\\\/tableau-one-piece-franky\\\/#breadcrumb\",\"itemListElement\":[{\"@type\":\"ListItem\",\"position\":1,\"name\":\"Home\",\"item\":\"https:\\\/\\\/boutique-one-piece.com\\\/\"},{\"@type\":\"ListItem\",\"position\":2,\"name\":\"Shop\",\"item\":\"https:\\\/\\\/boutique-one-piece.com\\\/shop\\\/\"},{\"@type\":\"ListItem\",\"position\":3,\"name\":\"Tableau One Piece Franky\"}]},{\"@type\":\"WebSite\",\"@id\":\"https:\\\/\\\/boutique-one-piece.com\\\/#website\",\"url\":\"https:\\\/\\\/boutique-one-piece.com\\\/\",\"name\":\"Boutique One Piece\",\"description\":\"Magasin Sp\u00e9cialis\u00e9 du Manga et l&#039;Anime One Piece\",\"publisher\":{\"@id\":\"https:\\\/\\\/boutique-one-piece.com\\\/#organization\"},\"potentialAction\":[{\"@type\":\"SearchAction\",\"target\":{\"@type\":\"EntryPoint\",\"urlTemplate\":\"https:\\\/\\\/boutique-one-piece.com\\\/?s={search_term_string}\"},\"query-input\":{\"@type\":\"PropertyValueSpecification\",\"valueRequired\":true,\"valueName\":\"search_term_string\"}}],\"inLanguage\":\"it-IT\"},{\"@type\":\"Organization\",\"@id\":\"https:\\\/\\\/boutique-one-piece.com\\\/#organization\",\"name\":\"Boutique One Piece\",\"url\":\"https:\\\/\\\/boutique-one-piece.com\\\/\",\"logo\":{\"@type\":\"ImageObject\",\"inLanguage\":\"it-IT\",\"@id\":\"https:\\\/\\\/boutique-one-piece.com\\\/#\\\/schema\\\/logo\\\/image\\\/\",\"url\":\"https:\\\/\\\/boutique-one-piece.com\\\/wp-content\\\/uploads\\\/2022\\\/09\\\/Logo-01.png\",\"contentUrl\":\"https:\\\/\\\/boutique-one-piece.com\\\/wp-content\\\/uploads\\\/2022\\\/09\\\/Logo-01.png\",\"width\":2318,\"height\":957,\"caption\":\"Boutique One Piece\"},\"image\":{\"@id\":\"https:\\\/\\\/boutique-one-piece.com\\\/#\\\/schema\\\/logo\\\/image\\\/\"}}]}<\/script>\n<!-- \/ Yoast SEO plugin. -->","yoast_head_json":{"title":"Dipinto di Franky di One Piece | Negozio di One Piece","description":"Stampa su tela One Piece composta da 5 pezzi raffigurante Franky, il carpentiere di Cappello di Paglia - Altissima qualit\u00e0! Appassionati dell&#039;universo dei pirati, questa stampa su tela composta da 5 pannelli \u00e8 perfetta per voi!","robots":{"index":"index","follow":"follow","max-snippet":"max-snippet:-1","max-image-preview":"max-image-preview:large","max-video-preview":"max-video-preview:-1"},"canonical":"https:\/\/boutique-one-piece.com\/it\/decorazioni-di-one-piece\/dipinti-di-one-piece\/dipinto-di-franky-di-one-piece\/","og_locale":"it_IT","og_type":"article","og_title":"Tableau One Piece Franky | Boutique One Piece","og_description":"Tableau 5 Pi\u00e8ces One Piece avec Franky le Charpentier des Mugiwara de Tr\u00e8s Haute Qualit\u00e9 Fan de l'Univers des Pirates ce Tableau 5 Panneaux est Fait Pour Vous !","og_url":"https:\/\/boutique-one-piece.com\/it\/decorazioni-di-one-piece\/dipinti-di-one-piece\/dipinto-di-franky-di-one-piece\/","og_site_name":"Boutique One Piece","article_modified_time":"2024-09-18T01:30:16+00:00","og_image":[{"width":600,"height":600,"url":"https:\/\/boutique-one-piece.com\/wp-content\/uploads\/2022\/09\/Tableau-One-Piece-Franky.jpg","type":"image\/jpeg"}],"twitter_card":"summary_large_image","twitter_misc":{"Tempo di lettura stimato":"2 minuti"},"schema":{"@context":"https:\/\/schema.org","@graph":[{"@type":"WebPage","@id":"https:\/\/boutique-one-piece.com\/decorations-one-piece\/tableaux-one-piece\/tableau-one-piece-franky\/","url":"https:\/\/boutique-one-piece.com\/decorations-one-piece\/tableaux-one-piece\/tableau-one-piece-franky\/","name":"Dipinto di Franky di One Piece | Negozio di One Piece","isPartOf":{"@id":"https:\/\/boutique-one-piece.com\/#website"},"primaryImageOfPage":{"@id":"https:\/\/boutique-one-piece.com\/decorations-one-piece\/tableaux-one-piece\/tableau-one-piece-franky\/#primaryimage"},"image":{"@id":"https:\/\/boutique-one-piece.com\/decorations-one-piece\/tableaux-one-piece\/tableau-one-piece-franky\/#primaryimage"},"thumbnailUrl":"https:\/\/boutique-one-piece.com\/wp-content\/uploads\/2022\/09\/Tableau-One-Piece-Franky.jpg","datePublished":"2022-09-27T20:20:06+00:00","dateModified":"2024-09-18T01:30:16+00:00","description":"Stampa su tela One Piece composta da 5 pezzi raffigurante Franky, il carpentiere di Cappello di Paglia - Altissima qualit\u00e0! Appassionati dell&#039;universo dei pirati, questa stampa su tela composta da 5 pannelli \u00e8 perfetta per voi!","breadcrumb":{"@id":"https:\/\/boutique-one-piece.com\/decorations-one-piece\/tableaux-one-piece\/tableau-one-piece-franky\/#breadcrumb"},"inLanguage":"it-IT","potentialAction":[{"@type":"ReadAction","target":["https:\/\/boutique-one-piece.com\/decorations-one-piece\/tableaux-one-piece\/tableau-one-piece-franky\/"]}]},{"@type":"ImageObject","inLanguage":"it-IT","@id":"https:\/\/boutique-one-piece.com\/decorations-one-piece\/tableaux-one-piece\/tableau-one-piece-franky\/#primaryimage","url":"https:\/\/boutique-one-piece.com\/wp-content\/uploads\/2022\/09\/Tableau-One-Piece-Franky.jpg","contentUrl":"https:\/\/boutique-one-piece.com\/wp-content\/uploads\/2022\/09\/Tableau-One-Piece-Franky.jpg","width":600,"height":600,"caption":"Tableau One Piece Franky XL Avec Cadre"},{"@type":"BreadcrumbList","@id":"https:\/\/boutique-one-piece.com\/decorations-one-piece\/tableaux-one-piece\/tableau-one-piece-franky\/#breadcrumb","itemListElement":[{"@type":"ListItem","position":1,"name":"Home","item":"https:\/\/boutique-one-piece.com\/"},{"@type":"ListItem","position":2,"name":"Shop","item":"https:\/\/boutique-one-piece.com\/shop\/"},{"@type":"ListItem","position":3,"name":"Tableau One Piece Franky"}]},{"@type":"WebSite","@id":"https:\/\/boutique-one-piece.com\/#website","url":"https:\/\/boutique-one-piece.com\/","name":"Negozio One Piece","description":"Negozio specializzato in manga e anime di One Piece","publisher":{"@id":"https:\/\/boutique-one-piece.com\/#organization"},"potentialAction":[{"@type":"SearchAction","target":{"@type":"EntryPoint","urlTemplate":"https:\/\/boutique-one-piece.com\/?s={search_term_string}"},"query-input":{"@type":"PropertyValueSpecification","valueRequired":true,"valueName":"search_term_string"}}],"inLanguage":"it-IT"},{"@type":"Organization","@id":"https:\/\/boutique-one-piece.com\/#organization","name":"Negozio One Piece","url":"https:\/\/boutique-one-piece.com\/","logo":{"@type":"ImageObject","inLanguage":"it-IT","@id":"https:\/\/boutique-one-piece.com\/#\/schema\/logo\/image\/","url":"https:\/\/boutique-one-piece.com\/wp-content\/uploads\/2022\/09\/Logo-01.png","contentUrl":"https:\/\/boutique-one-piece.com\/wp-content\/uploads\/2022\/09\/Logo-01.png","width":2318,"height":957,"caption":"Boutique One Piece"},"image":{"@id":"https:\/\/boutique-one-piece.com\/#\/schema\/logo\/image\/"}}]}},"_links":{"self":[{"href":"https:\/\/boutique-one-piece.com\/it\/wp-json\/wp\/v2\/product\/9446","targetHints":{"allow":["GET"]}}],"collection":[{"href":"https:\/\/boutique-one-piece.com\/it\/wp-json\/wp\/v2\/product"}],"about":[{"href":"https:\/\/boutique-one-piece.com\/it\/wp-json\/wp\/v2\/types\/product"}],"replies":[{"embeddable":true,"href":"https:\/\/boutique-one-piece.com\/it\/wp-json\/wp\/v2\/comments?post=9446"}],"wp:featuredmedia":[{"embeddable":true,"href":"https:\/\/boutique-one-piece.com\/it\/wp-json\/wp\/v2\/media\/9448"}],"wp:attachment":[{"href":"https:\/\/boutique-one-piece.com\/it\/wp-json\/wp\/v2\/media?parent=9446"}],"wp:term":[{"taxonomy":"product_brand","embeddable":true,"href":"https:\/\/boutique-one-piece.com\/it\/wp-json\/wp\/v2\/product_brand?post=9446"},{"taxonomy":"product_cat","embeddable":true,"href":"https:\/\/boutique-one-piece.com\/it\/wp-json\/wp\/v2\/product_cat?post=9446"},{"taxonomy":"product_tag","embeddable":true,"href":"https:\/\/boutique-one-piece.com\/it\/wp-json\/wp\/v2\/product_tag?post=9446"}],"curies":[{"name":"parola chiave","href":"https:\/\/api.w.org\/{rel}","templated":true}]}}