{"id":9475,"date":"2022-09-27T20:20:06","date_gmt":"2022-09-27T20:20:06","guid":{"rendered":"https:\/\/boutique-one-piece.com\/uncategorized\/peluche-chopper-pirate\/"},"modified":"2024-09-16T11:43:44","modified_gmt":"2024-09-16T11:43:44","slug":"peluche-elicottero-pirata","status":"publish","type":"product","link":"https:\/\/boutique-one-piece.com\/it\/chicche-di-one-piece\/tony-goodies-tony-chopper-one-piece\/peluche-elicottero-pirata\/","title":{"rendered":"Peluche Chopper pirata"},"content":{"rendered":"<h2>Giovane pirata, \u00e8 ora che tu ti procuri questo peluche Pirate Chopper.<\/h2>\n<p>Come promemoria, <strong>Tony Tony Chopper<\/strong> est le docteur de l\u2019\u00c9quipage du Chapeau de Paille. Chopper est un <strong>renna<\/strong> qui a mang\u00e9 le Hito Hito no Mi, lui permettant de se transformer en humain. Il est le sixi\u00e8me membre de celui-ci, et le cinqui\u00e8me \u00e0 se joindre \u00e0 l\u2019\u00c9quipage. De plus, sa prime avant l\u2019ellipse \u00e9tait juste de 50 Berry, d\u00e9sormais celle-ci a tout simplement doubl\u00e9e \u00e0 100 Berry apr\u00e8s les \u00e9v\u00e9nements de Dressrosa.<\/p>\n<p>Ce qui en fait la plus petite prime de la s\u00e9rie. Cette prime si basse s\u2019explique par le fait que la Marine le consid\u00e8re comme l\u2019Animal de Compagnie de l\u2019\u00e9quipage. Malgr\u00e9 cela, au sein de l\u2019\u00c9quipage, il est bien consid\u00e9r\u00e9 comme \u00e9tant un <strong>Dottore e pirata<\/strong> \u00e0 part enti\u00e8re. D\u2019ailleurs, si tu souhaites agrandir ta collection de peluches, la <a title=\"Peluche Chopper Marine\" href=\"https:\/\/boutique-one-piece.com\/it\/peluche-elicottero-marino\/\" target=\"\u00ab\" _blank rel=\"noopener\">Peluche Chopper nei colori blu navy<\/a> \u00e8 alla tua portata.<\/p>\n<h3>Alors, conquis par cette peluche de Chopper ? Si tel est le cas, adopte la sans plus attendre et rejoins le docteur de l\u2019\u00c9quipage. Bien des aventures vous attendent.<\/h3>\n<p><strong>Un pezzo<\/strong> est le manga le plus vendu au monde. Sois fier de faire partie de ce mouvement et continue de revendiquer ton engouement pour cet univers. Que tu sois un fan de la premi\u00e8re heure ou un fin collectionneur, ces objets sont faits pour toi. Alors ne cherche plus et continue ton aventure au sein de l\u2019univers fabuleux de <strong>Rufy<\/strong>.<\/p>\n<h2>Informazioni sul peluche Chopper di One Piece:<\/h2>\n<ul>\n<li>\u00a0<b>Tipo di prodotto<\/b><span>\u00a0<\/span>Peluche manga One Piece<\/li>\n<\/ul>\n<ul>\n<li>\n<b>Utilizzo del Peluce<\/b>\u00a0Giocattoli, decorazioni, oggetti da collezione, regali<\/li>\n<\/ul>\n<ul>\n<li>\n<b>Nome del personaggio<\/b>\u00a0Tony Chopper<\/li>\n<\/ul>\n<ul>\n<li>\n<b>Dimensioni del peluche<\/b>\u00a0: 25 centimetri<\/li>\n<\/ul>\n<ul>\n<li>\n<b>Questione<\/b>\u00a0: Cotone<\/li>\n<\/ul>\n<ul>\n<li>\n<b>Et\u00e0 consigliata<\/b>\u00a0: pi\u00f9 di 3 anni<\/li>\n<\/ul>\n<ul>\n<li>\n<b>Consegna gratuita<\/b> per qualsiasi acquisto<\/li>\n<\/ul>","protected":false},"excerpt":{"rendered":"<p>Jeune forban, il est temps de te procurer cette Peluche Chopper Pirate. Pour rappel, Tony Tony Chopper est le docteur de l\u2019\u00c9quipage du Chapeau de Paille. Chopper est un renne qui a mang\u00e9 le Hito Hito no Mi, lui permettant de se transformer en humain. Il est le sixi\u00e8me membre de celui-ci, et le cinqui\u00e8me [&hellip;]<\/p>","protected":false},"featured_media":9477,"comment_status":"open","ping_status":"open","template":"","meta":[],"product_brand":[],"product_cat":[163,177],"product_tag":[165],"class_list":{"0":"post-9475","1":"product","2":"type-product","3":"status-publish","4":"has-post-thumbnail","6":"product_cat-goodies-tony-tony-chopper-one-piece","7":"product_cat-peluches-one-piece","8":"product_tag-chopper","10":"first","11":"instock","12":"purchasable","13":"product-type-simple"},"yoast_head":"<!-- This site is optimized with the Yoast SEO plugin v27.5 - https:\/\/yoast.com\/product\/yoast-seo-wordpress\/ -->\n<title>Peluche Chopper Pirate | Boutique One Piece<\/title>\n<meta name=\"description\" content=\"D\u00e9couvrez la peluche One Piece Tony Chopper habill\u00e9 en pirate, elle est aussi douce que mignonne ! Commencez votre aventure de pirate \u00e0 la recherche du One Piece dans l&#039;\u00e9quipage du Chapeau de Paille\" \/>\n<meta name=\"robots\" content=\"index, follow, max-snippet:-1, max-image-preview:large, max-video-preview:-1\" \/>\n<link rel=\"canonical\" href=\"https:\/\/boutique-one-piece.com\/it\/peluche-di-one-piece\/peluche-elicottero-pirata\/\" \/>\n<meta property=\"og:locale\" content=\"it_IT\" \/>\n<meta property=\"og:type\" content=\"article\" \/>\n<meta property=\"og:title\" content=\"Peluche Chopper Pirate | Boutique One Piece\" \/>\n<meta property=\"og:description\" content=\"D\u00e9couvrez la peluche One Piece Tony Chopper habill\u00e9 en pirate, elle est aussi douce que mignonne ! Commencez votre aventure de pirate \u00e0 la recherche du One Piece dans l&#039;\u00e9quipage du Chapeau de Paille\" \/>\n<meta property=\"og:url\" content=\"https:\/\/boutique-one-piece.com\/it\/peluche-di-one-piece\/peluche-elicottero-pirata\/\" \/>\n<meta property=\"og:site_name\" content=\"Boutique One Piece\" \/>\n<meta property=\"article:modified_time\" content=\"2024-09-16T11:43:44+00:00\" \/>\n<meta property=\"og:image\" content=\"https:\/\/boutique-one-piece.com\/wp-content\/uploads\/2022\/09\/Peluche-Chopper-Pirate-1.png\" \/>\n\t<meta property=\"og:image:width\" content=\"500\" \/>\n\t<meta property=\"og:image:height\" content=\"500\" \/>\n\t<meta property=\"og:image:type\" content=\"image\/png\" \/>\n<meta name=\"twitter:card\" content=\"summary_large_image\" \/>\n<meta name=\"twitter:label1\" content=\"Tempo di lettura stimato\" \/>\n\t<meta name=\"twitter:data1\" content=\"2 minuti\" \/>\n<script type=\"application\/ld+json\" class=\"yoast-schema-graph\">{\"@context\":\"https:\\\/\\\/schema.org\",\"@graph\":[{\"@type\":\"WebPage\",\"@id\":\"https:\\\/\\\/boutique-one-piece.com\\\/peluches-one-piece\\\/peluche-chopper-pirate\\\/\",\"url\":\"https:\\\/\\\/boutique-one-piece.com\\\/peluches-one-piece\\\/peluche-chopper-pirate\\\/\",\"name\":\"Peluche Chopper Pirate | Boutique One Piece\",\"isPartOf\":{\"@id\":\"https:\\\/\\\/boutique-one-piece.com\\\/#website\"},\"primaryImageOfPage\":{\"@id\":\"https:\\\/\\\/boutique-one-piece.com\\\/peluches-one-piece\\\/peluche-chopper-pirate\\\/#primaryimage\"},\"image\":{\"@id\":\"https:\\\/\\\/boutique-one-piece.com\\\/peluches-one-piece\\\/peluche-chopper-pirate\\\/#primaryimage\"},\"thumbnailUrl\":\"https:\\\/\\\/boutique-one-piece.com\\\/wp-content\\\/uploads\\\/2022\\\/09\\\/Peluche-Chopper-Pirate-1.png\",\"datePublished\":\"2022-09-27T20:20:06+00:00\",\"dateModified\":\"2024-09-16T11:43:44+00:00\",\"description\":\"D\u00e9couvrez la peluche One Piece Tony Chopper habill\u00e9 en pirate, elle est aussi douce que mignonne ! Commencez votre aventure de pirate \u00e0 la recherche du One Piece dans l'\u00e9quipage du Chapeau de Paille\",\"breadcrumb\":{\"@id\":\"https:\\\/\\\/boutique-one-piece.com\\\/peluches-one-piece\\\/peluche-chopper-pirate\\\/#breadcrumb\"},\"inLanguage\":\"it-IT\",\"potentialAction\":[{\"@type\":\"ReadAction\",\"target\":[\"https:\\\/\\\/boutique-one-piece.com\\\/peluches-one-piece\\\/peluche-chopper-pirate\\\/\"]}]},{\"@type\":\"ImageObject\",\"inLanguage\":\"it-IT\",\"@id\":\"https:\\\/\\\/boutique-one-piece.com\\\/peluches-one-piece\\\/peluche-chopper-pirate\\\/#primaryimage\",\"url\":\"https:\\\/\\\/boutique-one-piece.com\\\/wp-content\\\/uploads\\\/2022\\\/09\\\/Peluche-Chopper-Pirate-1.png\",\"contentUrl\":\"https:\\\/\\\/boutique-one-piece.com\\\/wp-content\\\/uploads\\\/2022\\\/09\\\/Peluche-Chopper-Pirate-1.png\",\"width\":500,\"height\":500},{\"@type\":\"BreadcrumbList\",\"@id\":\"https:\\\/\\\/boutique-one-piece.com\\\/peluches-one-piece\\\/peluche-chopper-pirate\\\/#breadcrumb\",\"itemListElement\":[{\"@type\":\"ListItem\",\"position\":1,\"name\":\"Home\",\"item\":\"https:\\\/\\\/boutique-one-piece.com\\\/\"},{\"@type\":\"ListItem\",\"position\":2,\"name\":\"Shop\",\"item\":\"https:\\\/\\\/boutique-one-piece.com\\\/shop\\\/\"},{\"@type\":\"ListItem\",\"position\":3,\"name\":\"Peluche Chopper Pirate\"}]},{\"@type\":\"WebSite\",\"@id\":\"https:\\\/\\\/boutique-one-piece.com\\\/#website\",\"url\":\"https:\\\/\\\/boutique-one-piece.com\\\/\",\"name\":\"Boutique One Piece\",\"description\":\"Magasin Sp\u00e9cialis\u00e9 du Manga et l&#039;Anime One Piece\",\"publisher\":{\"@id\":\"https:\\\/\\\/boutique-one-piece.com\\\/#organization\"},\"potentialAction\":[{\"@type\":\"SearchAction\",\"target\":{\"@type\":\"EntryPoint\",\"urlTemplate\":\"https:\\\/\\\/boutique-one-piece.com\\\/?s={search_term_string}\"},\"query-input\":{\"@type\":\"PropertyValueSpecification\",\"valueRequired\":true,\"valueName\":\"search_term_string\"}}],\"inLanguage\":\"it-IT\"},{\"@type\":\"Organization\",\"@id\":\"https:\\\/\\\/boutique-one-piece.com\\\/#organization\",\"name\":\"Boutique One Piece\",\"url\":\"https:\\\/\\\/boutique-one-piece.com\\\/\",\"logo\":{\"@type\":\"ImageObject\",\"inLanguage\":\"it-IT\",\"@id\":\"https:\\\/\\\/boutique-one-piece.com\\\/#\\\/schema\\\/logo\\\/image\\\/\",\"url\":\"https:\\\/\\\/boutique-one-piece.com\\\/wp-content\\\/uploads\\\/2022\\\/09\\\/Logo-01.png\",\"contentUrl\":\"https:\\\/\\\/boutique-one-piece.com\\\/wp-content\\\/uploads\\\/2022\\\/09\\\/Logo-01.png\",\"width\":2318,\"height\":957,\"caption\":\"Boutique One Piece\"},\"image\":{\"@id\":\"https:\\\/\\\/boutique-one-piece.com\\\/#\\\/schema\\\/logo\\\/image\\\/\"}}]}<\/script>\n<!-- \/ Yoast SEO plugin. -->","yoast_head_json":{"title":"Peluche Chopper Pirate | Negozio One Piece","description":"Scopri il peluche di Tony Chopper di One Piece vestito da pirata: \u00e8 tanto morbido quanto carino! Inizia la tua avventura piratesca alla ricerca di One Piece con la ciurma di Cappello di Paglia.","robots":{"index":"index","follow":"follow","max-snippet":"max-snippet:-1","max-image-preview":"max-image-preview:large","max-video-preview":"max-video-preview:-1"},"canonical":"https:\/\/boutique-one-piece.com\/it\/peluche-di-one-piece\/peluche-elicottero-pirata\/","og_locale":"it_IT","og_type":"article","og_title":"Peluche Chopper Pirate | Boutique One Piece","og_description":"D\u00e9couvrez la peluche One Piece Tony Chopper habill\u00e9 en pirate, elle est aussi douce que mignonne ! Commencez votre aventure de pirate \u00e0 la recherche du One Piece dans l'\u00e9quipage du Chapeau de Paille","og_url":"https:\/\/boutique-one-piece.com\/it\/peluche-di-one-piece\/peluche-elicottero-pirata\/","og_site_name":"Boutique One Piece","article_modified_time":"2024-09-16T11:43:44+00:00","og_image":[{"width":500,"height":500,"url":"https:\/\/boutique-one-piece.com\/wp-content\/uploads\/2022\/09\/Peluche-Chopper-Pirate-1.png","type":"image\/png"}],"twitter_card":"summary_large_image","twitter_misc":{"Tempo di lettura stimato":"2 minuti"},"schema":{"@context":"https:\/\/schema.org","@graph":[{"@type":"WebPage","@id":"https:\/\/boutique-one-piece.com\/peluches-one-piece\/peluche-chopper-pirate\/","url":"https:\/\/boutique-one-piece.com\/peluches-one-piece\/peluche-chopper-pirate\/","name":"Peluche Chopper Pirate | Negozio One Piece","isPartOf":{"@id":"https:\/\/boutique-one-piece.com\/#website"},"primaryImageOfPage":{"@id":"https:\/\/boutique-one-piece.com\/peluches-one-piece\/peluche-chopper-pirate\/#primaryimage"},"image":{"@id":"https:\/\/boutique-one-piece.com\/peluches-one-piece\/peluche-chopper-pirate\/#primaryimage"},"thumbnailUrl":"https:\/\/boutique-one-piece.com\/wp-content\/uploads\/2022\/09\/Peluche-Chopper-Pirate-1.png","datePublished":"2022-09-27T20:20:06+00:00","dateModified":"2024-09-16T11:43:44+00:00","description":"Scopri il peluche di Tony Chopper di One Piece vestito da pirata: \u00e8 tanto morbido quanto carino! Inizia la tua avventura piratesca alla ricerca di One Piece con la ciurma di Cappello di Paglia.","breadcrumb":{"@id":"https:\/\/boutique-one-piece.com\/peluches-one-piece\/peluche-chopper-pirate\/#breadcrumb"},"inLanguage":"it-IT","potentialAction":[{"@type":"ReadAction","target":["https:\/\/boutique-one-piece.com\/peluches-one-piece\/peluche-chopper-pirate\/"]}]},{"@type":"ImageObject","inLanguage":"it-IT","@id":"https:\/\/boutique-one-piece.com\/peluches-one-piece\/peluche-chopper-pirate\/#primaryimage","url":"https:\/\/boutique-one-piece.com\/wp-content\/uploads\/2022\/09\/Peluche-Chopper-Pirate-1.png","contentUrl":"https:\/\/boutique-one-piece.com\/wp-content\/uploads\/2022\/09\/Peluche-Chopper-Pirate-1.png","width":500,"height":500},{"@type":"BreadcrumbList","@id":"https:\/\/boutique-one-piece.com\/peluches-one-piece\/peluche-chopper-pirate\/#breadcrumb","itemListElement":[{"@type":"ListItem","position":1,"name":"Home","item":"https:\/\/boutique-one-piece.com\/"},{"@type":"ListItem","position":2,"name":"Shop","item":"https:\/\/boutique-one-piece.com\/shop\/"},{"@type":"ListItem","position":3,"name":"Peluche Chopper Pirate"}]},{"@type":"WebSite","@id":"https:\/\/boutique-one-piece.com\/#website","url":"https:\/\/boutique-one-piece.com\/","name":"Negozio One Piece","description":"Negozio specializzato in manga e anime di One Piece","publisher":{"@id":"https:\/\/boutique-one-piece.com\/#organization"},"potentialAction":[{"@type":"SearchAction","target":{"@type":"EntryPoint","urlTemplate":"https:\/\/boutique-one-piece.com\/?s={search_term_string}"},"query-input":{"@type":"PropertyValueSpecification","valueRequired":true,"valueName":"search_term_string"}}],"inLanguage":"it-IT"},{"@type":"Organization","@id":"https:\/\/boutique-one-piece.com\/#organization","name":"Negozio One Piece","url":"https:\/\/boutique-one-piece.com\/","logo":{"@type":"ImageObject","inLanguage":"it-IT","@id":"https:\/\/boutique-one-piece.com\/#\/schema\/logo\/image\/","url":"https:\/\/boutique-one-piece.com\/wp-content\/uploads\/2022\/09\/Logo-01.png","contentUrl":"https:\/\/boutique-one-piece.com\/wp-content\/uploads\/2022\/09\/Logo-01.png","width":2318,"height":957,"caption":"Boutique One Piece"},"image":{"@id":"https:\/\/boutique-one-piece.com\/#\/schema\/logo\/image\/"}}]}},"_links":{"self":[{"href":"https:\/\/boutique-one-piece.com\/it\/wp-json\/wp\/v2\/product\/9475","targetHints":{"allow":["GET"]}}],"collection":[{"href":"https:\/\/boutique-one-piece.com\/it\/wp-json\/wp\/v2\/product"}],"about":[{"href":"https:\/\/boutique-one-piece.com\/it\/wp-json\/wp\/v2\/types\/product"}],"replies":[{"embeddable":true,"href":"https:\/\/boutique-one-piece.com\/it\/wp-json\/wp\/v2\/comments?post=9475"}],"wp:featuredmedia":[{"embeddable":true,"href":"https:\/\/boutique-one-piece.com\/it\/wp-json\/wp\/v2\/media\/9477"}],"wp:attachment":[{"href":"https:\/\/boutique-one-piece.com\/it\/wp-json\/wp\/v2\/media?parent=9475"}],"wp:term":[{"taxonomy":"product_brand","embeddable":true,"href":"https:\/\/boutique-one-piece.com\/it\/wp-json\/wp\/v2\/product_brand?post=9475"},{"taxonomy":"product_cat","embeddable":true,"href":"https:\/\/boutique-one-piece.com\/it\/wp-json\/wp\/v2\/product_cat?post=9475"},{"taxonomy":"product_tag","embeddable":true,"href":"https:\/\/boutique-one-piece.com\/it\/wp-json\/wp\/v2\/product_tag?post=9475"}],"curies":[{"name":"parola chiave","href":"https:\/\/api.w.org\/{rel}","templated":true}]}}