{"id":18143,"date":"2022-09-28T16:42:33","date_gmt":"2022-09-28T16:42:33","guid":{"rendered":"https:\/\/boutique-one-piece.com\/?page_id=18143"},"modified":"2024-09-16T16:20:10","modified_gmt":"2024-09-16T16:20:10","slug":"returpolicy","status":"publish","type":"page","link":"https:\/\/boutique-one-piece.com\/nb\/returpolicy\/","title":{"rendered":"RETUR- OG REFUSJONSPOLITIKK"},"content":{"rendered":"<div data-elementor-type=\"wp-page\" data-elementor-id=\"18143\" class=\"elementor elementor-18143\">\n\t\t\t\t\t\t<section class=\"elementor-section elementor-top-section elementor-element elementor-element-953f58b elementor-section-boxed elementor-section-height-default elementor-section-height-default\" data-id=\"953f58b\" data-element_type=\"section\" data-e-type=\"section\">\n\t\t\t\t\t\t<div class=\"elementor-container elementor-column-gap-default\">\n\t\t\t\t\t<div class=\"elementor-column elementor-col-100 elementor-top-column elementor-element elementor-element-529c7010\" data-id=\"529c7010\" data-element_type=\"column\" data-e-type=\"column\">\n\t\t\t<div class=\"elementor-widget-wrap elementor-element-populated\">\n\t\t\t\t\t\t<div class=\"elementor-element elementor-element-3997c122 elementor-widget elementor-widget-text-editor\" data-id=\"3997c122\" data-element_type=\"widget\" data-e-type=\"widget\" data-widget_type=\"text-editor.default\">\n\t\t\t\t<div class=\"elementor-widget-container\">\n\t\t\t\t\t\t\t\t\t\n<p>RETURER<br \/><br \/>\u2014-<br \/><br \/>V\u00e5r policy varer i 30 dager. Hvis det har g\u00e5tt 30 dager siden kj\u00f8pet ditt, kan vi dessverre ikke tilby deg refusjon eller bytte.<br \/><br \/>For \u00e5 v\u00e6re kvalifisert for retur, m\u00e5 varen v\u00e6re ubrukt og i samme stand som du mottok den. Den m\u00e5 ogs\u00e5 v\u00e6re i originalemballasjen.<br \/><br \/>Flere typer produkter kan ikke returneres. Lettbedervelige varer som mat, blomster eller blader kan ikke returneres. Vi godtar heller ikke intim- eller hygieneprodukter, farlige materialer eller brannfarlige v\u00e6sker eller gasser.<br \/><br \/>Andre varer som ikke kan returneres:<br \/>Gavekort<br \/>* Nedlastbar programvare<br \/>* Enkelte helse- og personlig pleieprodukter<br \/><br \/>For \u00e5 returnere varen m\u00e5 du gi oss kvittering eller kj\u00f8psbevis.<br \/><br \/>Vennligst ikke returner kj\u00f8pet til produsenten.<br \/><br \/>Det finnes visse situasjoner der bare delvis refusjon gis: (hvis aktuelt)<br \/>* B\u00f8ker med tydelige bruksmerker.<br \/>* CD, DVD, VHS-kassett, programvare, videospill, kassett eller vinylplate som har blitt \u00e5pnet.<br \/>* Enhver vare som ikke er i original stand, er skadet eller har manglende deler av \u00e5rsaker som ikke skyldes en feil fra v\u00e5r side.<br \/>* Enhver vare som returneres mer enn 30 dager etter levering.<br \/><br \/>Refusjoner (hvis aktuelt)<br \/>N\u00e5r vi har mottatt og inspisert den returnerte varen, sender vi deg en e-post for \u00e5 bekrefte mottakelsen. Vi vil ogs\u00e5 informere deg om v\u00e5r beslutning om godkjenning eller avslag p\u00e5 refusjonsforesp\u00f8rselen din.<br \/>Hvis foresp\u00f8rselen din blir godkjent, vil refusjonen din bli behandlet, og en kreditt vil automatisk bli lagt til kredittkortet ditt eller den opprinnelige betalingsm\u00e5ten innen 10 virkedager.<br \/><br \/>Forsinkede eller manglende refusjoner (hvis aktuelt)<br \/>Hvis du ikke har mottatt refusjonen din enn\u00e5, m\u00e5 du f\u00f8rst sjekke bankkontoen din p\u00e5 nytt.<br \/>Kontakt deretter kredittkortutstederen din, da det kan v\u00e6re en forsinkelse f\u00f8r refusjonen din offisielt er registrert.<br \/>Deretter kontakter du banken din. Det tar ofte en viss behandlingstid f\u00f8r en refusjon blir registrert.<br \/>Hvis du fortsatt ikke har mottatt refusjonen din etter \u00e5 ha fullf\u00f8rt alle disse trinnene, kan du kontakte oss p\u00e5 contact@boutique-one-piece.com. .<br \/><br \/>Salgsvarer (hvis aktuelt)<br \/>Kun varer til full pris er kvalifisert for refusjon. Salgsvarer refunderes dessverre ikke.<br \/><br \/>Bytte (hvis aktuelt)<br \/>Vi erstatter kun varer dersom de er defekte eller skadede. Hvis du \u00f8nsker \u00e5 bytte mot samme vare, kan du sende oss en e-post p\u00e5 contact@boutique-one-piece.com.<\/p>\n\n\n\n<p><br \/>Gaver<br \/>Hvis den returnerte varen var merket som en gave da den ble kj\u00f8pt og sendt direkte til deg, vil du motta en gavekreditt tilsvarende verdien av returen. N\u00e5r vi mottar den returnerte varen, vil du motta et gavekort i posten.<br \/><br \/>Hvis varen ikke var merket som en gave p\u00e5 kj\u00f8pstidspunktet, eller hvis gavegiveren foretrakk \u00e5 motta varen f\u00f8rst for \u00e5 gi den til deg senere, vil vi sende en refusjon til gavegiveren, og de vil bli varslet om at du har returnert varen.<br \/><br \/>Frakt<br \/>For \u00e5 returnere et produkt m\u00e5 du sende det i posten.<br \/><br \/>Du er ansvarlig for \u00e5 betale dine egne fraktkostnader for retur av varen. Fraktkostnader refunderes ikke. Hvis du mottar refusjon, vil returfraktkostnaden bli trukket fra denne.<br \/><br \/>Avhengig av hvor du bor, kan tiden det tar \u00e5 motta det byttede produktet variere.<br \/><br \/>Hvis du sender en vare verdt mer enn $75, b\u00f8r du vurdere \u00e5 bruke en sporbar frakttjeneste eller kj\u00f8pe fraktforsikring. Vi kan ikke garantere at vi mottar den returnerte varen.<\/p>\n\n\t\t\t\t\t\t\t\t<\/div>\n\t\t\t\t<\/div>\n\t\t\t\t\t<\/div>\n\t\t<\/div>\n\t\t\t\t\t<\/div>\n\t\t<\/section>\n\t\t\t\t<\/div>","protected":false},"excerpt":{"rendered":"<p>RETOURS &#8212;- Notre politique dure 30 jours. Si 30 jours se sont \u00e9coul\u00e9s depuis votre achat, nous ne pouvons malheureusement pas vous offrir un remboursement ou un \u00e9change. Pour pouvoir b\u00e9n\u00e9ficier d\u2019un retour, votre article doit \u00eatre inutilis\u00e9 et dans le m\u00eame \u00e9tat o\u00f9 vous l\u2019avez re\u00e7u. Il doit \u00eatre \u00e9galement dans l\u2019emballage d\u2019origine. Plusieurs [&hellip;]<\/p>","protected":false},"author":2,"featured_media":0,"parent":0,"menu_order":0,"comment_status":"closed","ping_status":"closed","template":"","meta":{"footnotes":""},"class_list":["post-18143","page","type-page","status-publish","hentry"],"yoast_head":"<!-- This site is optimized with the Yoast SEO plugin v27.5 - https:\/\/yoast.com\/product\/yoast-seo-wordpress\/ -->\n<title>POLITIQUE DE RETOURS &amp; REMBOURSEMENTS | Boutique One Piece<\/title>\n<meta name=\"robots\" content=\"noindex, follow\" \/>\n<meta property=\"og:locale\" content=\"nb_NO\" \/>\n<meta property=\"og:type\" content=\"article\" \/>\n<meta property=\"og:title\" content=\"POLITIQUE DE RETOURS &amp; REMBOURSEMENTS | Boutique One Piece\" \/>\n<meta property=\"og:description\" content=\"RETOURS &#8212;- Notre politique dure 30 jours. Si 30 jours se sont \u00e9coul\u00e9s depuis votre achat, nous ne pouvons malheureusement pas vous offrir un remboursement ou un \u00e9change. Pour pouvoir b\u00e9n\u00e9ficier d\u2019un retour, votre article doit \u00eatre inutilis\u00e9 et dans le m\u00eame \u00e9tat o\u00f9 vous l\u2019avez re\u00e7u. Il doit \u00eatre \u00e9galement dans l\u2019emballage d\u2019origine. Plusieurs [&hellip;]\" \/>\n<meta property=\"og:url\" content=\"https:\/\/boutique-one-piece.com\/nb\/returpolicy\/\" \/>\n<meta property=\"og:site_name\" content=\"Boutique One Piece\" \/>\n<meta property=\"article:modified_time\" content=\"2024-09-16T16:20:10+00:00\" \/>\n<meta name=\"twitter:card\" content=\"summary_large_image\" \/>\n<meta name=\"twitter:label1\" content=\"Ansl. lesetid\" \/>\n\t<meta name=\"twitter:data1\" content=\"4 minutter\" \/>\n<script type=\"application\/ld+json\" class=\"yoast-schema-graph\">{\"@context\":\"https:\\\/\\\/schema.org\",\"@graph\":[{\"@type\":\"WebPage\",\"@id\":\"https:\\\/\\\/boutique-one-piece.com\\\/politique-de-retours\\\/\",\"url\":\"https:\\\/\\\/boutique-one-piece.com\\\/politique-de-retours\\\/\",\"name\":\"POLITIQUE DE RETOURS & REMBOURSEMENTS | Boutique One Piece\",\"isPartOf\":{\"@id\":\"https:\\\/\\\/boutique-one-piece.com\\\/#website\"},\"datePublished\":\"2022-09-28T16:42:33+00:00\",\"dateModified\":\"2024-09-16T16:20:10+00:00\",\"breadcrumb\":{\"@id\":\"https:\\\/\\\/boutique-one-piece.com\\\/politique-de-retours\\\/#breadcrumb\"},\"inLanguage\":\"nb-NO\",\"potentialAction\":[{\"@type\":\"ReadAction\",\"target\":[\"https:\\\/\\\/boutique-one-piece.com\\\/politique-de-retours\\\/\"]}]},{\"@type\":\"BreadcrumbList\",\"@id\":\"https:\\\/\\\/boutique-one-piece.com\\\/politique-de-retours\\\/#breadcrumb\",\"itemListElement\":[{\"@type\":\"ListItem\",\"position\":1,\"name\":\"Home\",\"item\":\"https:\\\/\\\/boutique-one-piece.com\\\/\"},{\"@type\":\"ListItem\",\"position\":2,\"name\":\"POLITIQUE DE RETOURS &#038; REMBOURSEMENTS\"}]},{\"@type\":\"WebSite\",\"@id\":\"https:\\\/\\\/boutique-one-piece.com\\\/#website\",\"url\":\"https:\\\/\\\/boutique-one-piece.com\\\/\",\"name\":\"Boutique One Piece\",\"description\":\"Magasin Sp\u00e9cialis\u00e9 du Manga et l&#039;Anime One Piece\",\"publisher\":{\"@id\":\"https:\\\/\\\/boutique-one-piece.com\\\/#organization\"},\"potentialAction\":[{\"@type\":\"SearchAction\",\"target\":{\"@type\":\"EntryPoint\",\"urlTemplate\":\"https:\\\/\\\/boutique-one-piece.com\\\/?s={search_term_string}\"},\"query-input\":{\"@type\":\"PropertyValueSpecification\",\"valueRequired\":true,\"valueName\":\"search_term_string\"}}],\"inLanguage\":\"nb-NO\"},{\"@type\":\"Organization\",\"@id\":\"https:\\\/\\\/boutique-one-piece.com\\\/#organization\",\"name\":\"Boutique One Piece\",\"url\":\"https:\\\/\\\/boutique-one-piece.com\\\/\",\"logo\":{\"@type\":\"ImageObject\",\"inLanguage\":\"nb-NO\",\"@id\":\"https:\\\/\\\/boutique-one-piece.com\\\/#\\\/schema\\\/logo\\\/image\\\/\",\"url\":\"https:\\\/\\\/boutique-one-piece.com\\\/wp-content\\\/uploads\\\/2022\\\/09\\\/Logo-01.png\",\"contentUrl\":\"https:\\\/\\\/boutique-one-piece.com\\\/wp-content\\\/uploads\\\/2022\\\/09\\\/Logo-01.png\",\"width\":2318,\"height\":957,\"caption\":\"Boutique One Piece\"},\"image\":{\"@id\":\"https:\\\/\\\/boutique-one-piece.com\\\/#\\\/schema\\\/logo\\\/image\\\/\"}}]}<\/script>\n<!-- \/ Yoast SEO plugin. -->","yoast_head_json":{"title":"RETUR- OG REFUSJONSPOLITIKK | One Piece Shop","robots":{"index":"noindex","follow":"follow"},"og_locale":"nb_NO","og_type":"article","og_title":"POLITIQUE DE RETOURS & REMBOURSEMENTS | Boutique One Piece","og_description":"RETOURS &#8212;- Notre politique dure 30 jours. Si 30 jours se sont \u00e9coul\u00e9s depuis votre achat, nous ne pouvons malheureusement pas vous offrir un remboursement ou un \u00e9change. Pour pouvoir b\u00e9n\u00e9ficier d\u2019un retour, votre article doit \u00eatre inutilis\u00e9 et dans le m\u00eame \u00e9tat o\u00f9 vous l\u2019avez re\u00e7u. Il doit \u00eatre \u00e9galement dans l\u2019emballage d\u2019origine. Plusieurs [&hellip;]","og_url":"https:\/\/boutique-one-piece.com\/nb\/returpolicy\/","og_site_name":"Boutique One Piece","article_modified_time":"2024-09-16T16:20:10+00:00","twitter_card":"summary_large_image","twitter_misc":{"Ansl. lesetid":"4 minutter"},"schema":{"@context":"https:\/\/schema.org","@graph":[{"@type":"WebPage","@id":"https:\/\/boutique-one-piece.com\/politique-de-retours\/","url":"https:\/\/boutique-one-piece.com\/politique-de-retours\/","name":"RETUR- OG REFUSJONSPOLITIKK | One Piece Shop","isPartOf":{"@id":"https:\/\/boutique-one-piece.com\/#website"},"datePublished":"2022-09-28T16:42:33+00:00","dateModified":"2024-09-16T16:20:10+00:00","breadcrumb":{"@id":"https:\/\/boutique-one-piece.com\/politique-de-retours\/#breadcrumb"},"inLanguage":"nb-NO","potentialAction":[{"@type":"ReadAction","target":["https:\/\/boutique-one-piece.com\/politique-de-retours\/"]}]},{"@type":"BreadcrumbList","@id":"https:\/\/boutique-one-piece.com\/politique-de-retours\/#breadcrumb","itemListElement":[{"@type":"ListItem","position":1,"name":"Home","item":"https:\/\/boutique-one-piece.com\/"},{"@type":"ListItem","position":2,"name":"POLITIQUE DE RETOURS &#038; REMBOURSEMENTS"}]},{"@type":"WebSite","@id":"https:\/\/boutique-one-piece.com\/#website","url":"https:\/\/boutique-one-piece.com\/","name":"One Piece-butikk","description":"Spesialbutikk for One Piece Manga og Anime","publisher":{"@id":"https:\/\/boutique-one-piece.com\/#organization"},"potentialAction":[{"@type":"SearchAction","target":{"@type":"EntryPoint","urlTemplate":"https:\/\/boutique-one-piece.com\/?s={search_term_string}"},"query-input":{"@type":"PropertyValueSpecification","valueRequired":true,"valueName":"search_term_string"}}],"inLanguage":"nb-NO"},{"@type":"Organization","@id":"https:\/\/boutique-one-piece.com\/#organization","name":"One Piece-butikk","url":"https:\/\/boutique-one-piece.com\/","logo":{"@type":"ImageObject","inLanguage":"nb-NO","@id":"https:\/\/boutique-one-piece.com\/#\/schema\/logo\/image\/","url":"https:\/\/boutique-one-piece.com\/wp-content\/uploads\/2022\/09\/Logo-01.png","contentUrl":"https:\/\/boutique-one-piece.com\/wp-content\/uploads\/2022\/09\/Logo-01.png","width":2318,"height":957,"caption":"Boutique One Piece"},"image":{"@id":"https:\/\/boutique-one-piece.com\/#\/schema\/logo\/image\/"}}]}},"_links":{"self":[{"href":"https:\/\/boutique-one-piece.com\/nb\/wp-json\/wp\/v2\/pages\/18143","targetHints":{"allow":["GET"]}}],"collection":[{"href":"https:\/\/boutique-one-piece.com\/nb\/wp-json\/wp\/v2\/pages"}],"about":[{"href":"https:\/\/boutique-one-piece.com\/nb\/wp-json\/wp\/v2\/types\/page"}],"author":[{"embeddable":true,"href":"https:\/\/boutique-one-piece.com\/nb\/wp-json\/wp\/v2\/users\/2"}],"replies":[{"embeddable":true,"href":"https:\/\/boutique-one-piece.com\/nb\/wp-json\/wp\/v2\/comments?post=18143"}],"version-history":[{"count":7,"href":"https:\/\/boutique-one-piece.com\/nb\/wp-json\/wp\/v2\/pages\/18143\/revisions"}],"predecessor-version":[{"id":19791,"href":"https:\/\/boutique-one-piece.com\/nb\/wp-json\/wp\/v2\/pages\/18143\/revisions\/19791"}],"wp:attachment":[{"href":"https:\/\/boutique-one-piece.com\/nb\/wp-json\/wp\/v2\/media?parent=18143"}],"curies":[{"name":"wp","href":"https:\/\/api.w.org\/{rel}","templated":true}]}}