{"id":18145,"date":"2022-09-28T16:43:16","date_gmt":"2022-09-28T16:43:16","guid":{"rendered":"https:\/\/boutique-one-piece.com\/?page_id=18145"},"modified":"2024-09-16T16:25:24","modified_gmt":"2024-09-16T16:25:24","slug":"personvernerklaering","status":"publish","type":"page","link":"https:\/\/boutique-one-piece.com\/nb\/personvernerklaering\/","title":{"rendered":"PERSONVERNERKL\u00c6RING"},"content":{"rendered":"<div data-elementor-type=\"wp-page\" data-elementor-id=\"18145\" class=\"elementor elementor-18145\">\n\t\t\t\t\t\t<section class=\"elementor-section elementor-top-section elementor-element elementor-element-8831766 elementor-section-boxed elementor-section-height-default elementor-section-height-default\" data-id=\"8831766\" data-element_type=\"section\" data-e-type=\"section\">\n\t\t\t\t\t\t<div class=\"elementor-container elementor-column-gap-default\">\n\t\t\t\t\t<div class=\"elementor-column elementor-col-100 elementor-top-column elementor-element elementor-element-3c0935e0\" data-id=\"3c0935e0\" data-element_type=\"column\" data-e-type=\"column\">\n\t\t\t<div class=\"elementor-widget-wrap elementor-element-populated\">\n\t\t\t\t\t\t<div class=\"elementor-element elementor-element-5c388b30 elementor-widget elementor-widget-text-editor\" data-id=\"5c388b30\" data-element_type=\"widget\" data-e-type=\"widget\" data-widget_type=\"text-editor.default\">\n\t\t\t\t<div class=\"elementor-widget-container\">\n\t\t\t\t\t\t\t\t\t\n<p>PERSONVERNERKL\u00c6RING<br \/><br \/>\u2014-<br \/><br \/>ARTIKKEL 1 \u2013 INNSAMLET PERSONOPPLYSNING<br \/><br \/>N\u00e5r du foretar et kj\u00f8p fra butikken v\u00e5r, samler vi inn personopplysningene du oppgir til oss, som navn, adresse og e-postadresse, som en del av kj\u00f8ps- og salgsprosessen v\u00e5r.<br \/><br \/>N\u00e5r du surfer p\u00e5 nettbutikken v\u00e5r, mottar vi ogs\u00e5 automatisk datamaskinens IP-adresse (Internet Protocol), som lar oss f\u00e5 mer informasjon om nettleseren og operativsystemet du bruker.<br \/><br \/>E-postmarkedsf\u00f8ring (hvis aktuelt): Med din tillatelse kan vi sende deg e-poster om butikken v\u00e5r, nye produkter og andre oppdateringer.<br \/><br \/><br \/>ARTIKKEL 2 \u2013 SAMTYKKE<br \/><br \/>Hvordan innhenter dere mitt samtykke?<br \/><br \/>N\u00e5r du gir oss din personlige informasjon for \u00e5 fullf\u00f8re en transaksjon, bekrefte kredittkortet ditt, legge inn en bestilling, avtale levering eller returnere et kj\u00f8p, antar vi at du samtykker i at vi samler inn og bruker informasjonen din kun til det spesifikke form\u00e5let.<br \/><br \/>Hvis vi ber deg om \u00e5 oppgi personopplysningene dine av en annen grunn, for eksempel for markedsf\u00f8ringsform\u00e5l, vil vi enten be om ditt uttrykkelige samtykke direkte, eller vi vil gi deg muligheten til \u00e5 nekte.<br \/><br \/><br \/>Hvordan kan jeg trekke tilbake samtykket mitt?<br \/><br \/>Hvis du, etter \u00e5 ha gitt oss ditt samtykke, ombestemmer deg og ikke lenger samtykker i at vi kontakter deg, samler inn eller utleverer informasjonen din, kan du varsle oss ved \u00e5 kontakte oss p\u00e5 contact@boutique-one-piece.com<br \/><br \/><br \/>ARTIKKEL 3 \u2013 OFFENTLIGGJ\u00d8RING<br \/><br \/>Vi kan utlevere dine personopplysninger hvis det er p\u00e5krevd ved lov, eller hvis du bryter v\u00e5re salgs- og bruksvilk\u00e5r.<br \/><br \/><br \/>ARTIKKEL 4 \u2013 SHOPIFY<br \/><br \/>Butikken v\u00e5r ligger p\u00e5 Shopify Inc. De tilbyr oss en nettbasert e-handelsplattform som lar oss selge deg tjenestene og produktene v\u00e5re.<br \/><br \/>Dataene dine lagres i Shopifys datalagringssystem og databaser, og i den generelle Shopify-applikasjonen. Dataene dine oppbevares p\u00e5 en sikker server beskyttet av en brannmur.<br \/><br \/><br \/>Betaling:<br \/><br \/>Hvis du fullf\u00f8rer kj\u00f8pet ditt via en direkte betalingsgateway, lagrer Shopify kredittkortinformasjonen din. Denne informasjonen krypteres i henhold til Payment Card Industry Data Security Standard (PCI-DSS). Transaksjonsinformasjonen din lagres kun s\u00e5 lenge det er n\u00f8dvendig for \u00e5 fullf\u00f8re bestillingen. N\u00e5r bestillingen er fullf\u00f8rt, slettes transaksjonsinformasjonen.<br \/><br \/>Alle direkte betalingsl\u00f8sninger overholder PCI-DSS-standarden, som administreres av PCI Security Standards Council, og som er et resultat av et samarbeid mellom selskaper som Visa, MasterCard, American Express og Discover.<br \/><br \/>PCI-DSS-standardkravene sikrer sikker behandling av kredittkortdata av butikken v\u00e5r og dens tjenesteleverand\u00f8rer.<br \/><br \/>For mer informasjon, se Shopifys tjenestevilk\u00e5r her eller personvernerkl\u00e6ring her.<br \/><br \/><br \/>ARTIKKEL 5 \u2013 TJENESTER LEVERT AV TREDJEPARTER<br \/><br \/><br \/>Generelt sett vil tredjepartsleverand\u00f8rene vi bruker kun samle inn, bruke og utlevere informasjonen din i den grad det er n\u00f8dvendig for \u00e5 utf\u00f8re tjenestene de tilbyr oss.<br \/><br \/>Noen tredjeparts tjenesteleverand\u00f8rer, som betalingsportaler og andre betalingstransaksjonsbehandlere, har imidlertid sine egne personvernregler ang\u00e5ende informasjonen vi er p\u00e5lagt \u00e5 gi dem for dine kj\u00f8pstransaksjoner.<br \/><br \/>N\u00e5r det gjelder disse leverand\u00f8rene, anbefaler vi at du leser personvernerkl\u00e6ringene deres n\u00f8ye, slik at du forst\u00e5r hvordan de vil h\u00e5ndtere din personlige informasjon.<br \/><br \/>Det er viktig \u00e5 huske at noen leverand\u00f8rer kan v\u00e6re lokalisert eller ha anlegg i en annen jurisdiksjon enn din eller v\u00e5r. Hvis du bestemmer deg for \u00e5 fortsette med en transaksjon som krever tjenestene til en tredjepartsleverand\u00f8r, kan informasjonen din derfor v\u00e6re underlagt lovene i jurisdiksjonen der den leverand\u00f8ren er lokalisert eller der anleggene deres befinner seg.<br \/><br \/>Hvis du for eksempel befinner deg i Canada og transaksjonen din behandles av en betalingsgateway i USA, kan informasjonen som brukes til \u00e5 fullf\u00f8re transaksjonen bli utlevert i henhold til amerikansk lov, inkludert Patriot Act.<br \/><br \/>N\u00e5r du forlater butikkens nettsted eller blir omdirigert til et tredjeparts nettsted eller en tredjepartsapplikasjon, er du ikke lenger underlagt denne personvernerkl\u00e6ringen eller nettstedets salgs- og bruksvilk\u00e5r.<br \/><br \/><br \/>Lenker<br \/><br \/>Du kan bli omdirigert til andre nettsteder ved \u00e5 klikke p\u00e5 bestemte lenker p\u00e5 nettstedet v\u00e5rt. Vi er ikke ansvarlige for personvernpraksisen til disse andre nettstedene og anbefaler at du n\u00f8ye gjennomg\u00e5r personvernreglene deres.<br \/><br \/><br \/>ARTIKKEL 6 \u2013 SIKKERHET<br \/><br \/>For \u00e5 beskytte dine personopplysninger tar vi rimelige forholdsregler og f\u00f8lger beste praksis i bransjen for \u00e5 sikre at de ikke g\u00e5r tapt, misbrukes, f\u00e5r tilgang til, avsl\u00f8res, endres eller \u00f8delegges p\u00e5 en upassende m\u00e5te.<br \/><br \/>Hvis du oppgir kredittkortinformasjonen din til oss, vil den bli kryptert med SSL og lagret med AES-256-kryptering. Selv om ingen overf\u00f8ringsmetode over Internett eller elektronisk lagring er 100 % sikker, f\u00f8lger vi alle PCI-DSS-krav og implementerer ytterligere sikkerhetstiltak i henhold til bransjestandard.<br \/>KJ\u00d8PESMAKER<br \/><br \/>Her er en liste over informasjonskapsler vi bruker. Vi har listet dem opp her, slik at du kan velge om du vil tillate dem eller ikke.<br \/><br \/>_session_id, en unik \u00f8ktidentifikator, lar Shopify lagre informasjon relatert til \u00f8kten din (henvisning, landingsside osv.).<br \/><br \/>_shopify_visit, ingen data lagres, lagres i 30 minutter fra siste bes\u00f8k. Brukes av nettsideleverand\u00f8rens interne statistikksystem for \u00e5 registrere antall bes\u00f8k.<br \/><br \/>_shopify_uniq, ingen data lagres, utl\u00f8per ved midnatt (basert p\u00e5 den bes\u00f8kendes plassering) dagen etter. Beregner antall bes\u00f8k i en butikk av en unik kunde.<br \/><br \/>handlekurv, unik identifikator, varer i 2 uker, lagrer informasjon relatert til handlekurven din.<br \/><br \/>_secure_session_id, unik \u00f8ktidentifikator<br \/><br \/>storefront_digest, unik identifikator, udefinert hvis butikken har et passord, brukes den til \u00e5 vite om den n\u00e5v\u00e6rende bes\u00f8kende har tilgang.<br \/><br \/><br \/>ARTIKKEL 7 \u2013 SAMTYKKELALD<br \/><br \/>Ved \u00e5 bruke dette nettstedet, erkl\u00e6rer du at du er myndig i staten eller provinsen der du bor, og at du har gitt oss ditt samtykke til at mindre\u00e5rige som er fors\u00f8rget av deg, kan bruke dette nettstedet.<br \/><br \/><br \/>ARTIKKEL 8 \u2013 ENDRINGER I DENNE PERSONVERNERKL\u00c6RINGEN<br \/><br \/>Vi forbeholder oss retten til \u00e5 endre denne personvernerkl\u00e6ringen n\u00e5r som helst, s\u00e5 vennligst gjennomg\u00e5 den ofte. Endringer og avklaringer vil tre i kraft umiddelbart etter at de publiseres p\u00e5 nettstedet. Hvis vi gj\u00f8r endringer i denne policyen, vil vi varsle deg her om at den er oppdatert, slik at du er klar over hvilken informasjon vi samler inn, hvordan vi bruker den, og under hvilke omstendigheter, om noen, vi utleverer den.<br \/><br \/>Hvis butikken v\u00e5r blir kj\u00f8pt opp av eller fusjonert med et annet selskap, kan informasjonen din bli overf\u00f8rt til de nye eierne slik at vi kan fortsette \u00e5 selge deg produkter.<br \/><br \/><br \/>SP\u00d8RSM\u00c5L OG KONTAKTINFORMASJON<br \/><br \/>Hvis du \u00f8nsker \u00e5: f\u00e5 tilgang til, korrigere, endre eller slette personopplysninger vi har om deg, sende inn en klage, eller hvis du bare \u00f8nsker mer informasjon, kan du kontakte v\u00e5r personvernombud p\u00e5 contact@boutique-one-piece.com<\/p>\n\t\t\t\t\t\t\t\t<\/div>\n\t\t\t\t<\/div>\n\t\t\t\t\t<\/div>\n\t\t<\/div>\n\t\t\t\t\t<\/div>\n\t\t<\/section>\n\t\t\t\t<\/div>","protected":false},"excerpt":{"rendered":"<p>D\u00c9CLARATION DE CONFIDENTIALIT\u00c9 &#8212;- ARTICLE 1 \u2013 RENSEIGNEMENTS PERSONNELS RECUEILLIS Lorsque vous effectuez un achat sur notre boutique, dans le cadre de notre processus d\u2019achat et de vente, nous recueillons les renseignements personnels que vous nous fournissez, tels que votre nom, votre adresse et votre adresse e-mail. Lorsque vous naviguez sur notre boutique, nous recevons [&hellip;]<\/p>","protected":false},"author":2,"featured_media":0,"parent":0,"menu_order":0,"comment_status":"closed","ping_status":"closed","template":"","meta":{"footnotes":""},"class_list":["post-18145","page","type-page","status-publish","hentry"],"yoast_head":"<!-- This site is optimized with the Yoast SEO plugin v27.5 - https:\/\/yoast.com\/product\/yoast-seo-wordpress\/ -->\n<title>POLITIQUE DE CONFIDENTIALIT\u00c9 | Boutique One Piece<\/title>\n<meta name=\"robots\" content=\"noindex, follow\" \/>\n<meta property=\"og:locale\" content=\"nb_NO\" \/>\n<meta property=\"og:type\" content=\"article\" \/>\n<meta property=\"og:title\" content=\"POLITIQUE DE CONFIDENTIALIT\u00c9 | Boutique One Piece\" \/>\n<meta property=\"og:description\" content=\"D\u00c9CLARATION DE CONFIDENTIALIT\u00c9 &#8212;- ARTICLE 1 \u2013 RENSEIGNEMENTS PERSONNELS RECUEILLIS Lorsque vous effectuez un achat sur notre boutique, dans le cadre de notre processus d\u2019achat et de vente, nous recueillons les renseignements personnels que vous nous fournissez, tels que votre nom, votre adresse et votre adresse e-mail. Lorsque vous naviguez sur notre boutique, nous recevons [&hellip;]\" \/>\n<meta property=\"og:url\" content=\"https:\/\/boutique-one-piece.com\/nb\/personvernerklaering\/\" \/>\n<meta property=\"og:site_name\" content=\"Boutique One Piece\" \/>\n<meta property=\"article:modified_time\" content=\"2024-09-16T16:25:24+00:00\" \/>\n<meta name=\"twitter:card\" content=\"summary_large_image\" \/>\n<meta name=\"twitter:label1\" content=\"Ansl. lesetid\" \/>\n\t<meta name=\"twitter:data1\" content=\"7 minutter\" \/>\n<script type=\"application\/ld+json\" class=\"yoast-schema-graph\">{\"@context\":\"https:\\\/\\\/schema.org\",\"@graph\":[{\"@type\":\"WebPage\",\"@id\":\"https:\\\/\\\/boutique-one-piece.com\\\/politique-de-confidentialite\\\/\",\"url\":\"https:\\\/\\\/boutique-one-piece.com\\\/politique-de-confidentialite\\\/\",\"name\":\"POLITIQUE DE CONFIDENTIALIT\u00c9 | Boutique One Piece\",\"isPartOf\":{\"@id\":\"https:\\\/\\\/boutique-one-piece.com\\\/#website\"},\"datePublished\":\"2022-09-28T16:43:16+00:00\",\"dateModified\":\"2024-09-16T16:25:24+00:00\",\"breadcrumb\":{\"@id\":\"https:\\\/\\\/boutique-one-piece.com\\\/politique-de-confidentialite\\\/#breadcrumb\"},\"inLanguage\":\"nb-NO\",\"potentialAction\":[{\"@type\":\"ReadAction\",\"target\":[\"https:\\\/\\\/boutique-one-piece.com\\\/politique-de-confidentialite\\\/\"]}]},{\"@type\":\"BreadcrumbList\",\"@id\":\"https:\\\/\\\/boutique-one-piece.com\\\/politique-de-confidentialite\\\/#breadcrumb\",\"itemListElement\":[{\"@type\":\"ListItem\",\"position\":1,\"name\":\"Home\",\"item\":\"https:\\\/\\\/boutique-one-piece.com\\\/\"},{\"@type\":\"ListItem\",\"position\":2,\"name\":\"POLITIQUE DE CONFIDENTIALIT\u00c9\"}]},{\"@type\":\"WebSite\",\"@id\":\"https:\\\/\\\/boutique-one-piece.com\\\/#website\",\"url\":\"https:\\\/\\\/boutique-one-piece.com\\\/\",\"name\":\"Boutique One Piece\",\"description\":\"Magasin Sp\u00e9cialis\u00e9 du Manga et l&#039;Anime One Piece\",\"publisher\":{\"@id\":\"https:\\\/\\\/boutique-one-piece.com\\\/#organization\"},\"potentialAction\":[{\"@type\":\"SearchAction\",\"target\":{\"@type\":\"EntryPoint\",\"urlTemplate\":\"https:\\\/\\\/boutique-one-piece.com\\\/?s={search_term_string}\"},\"query-input\":{\"@type\":\"PropertyValueSpecification\",\"valueRequired\":true,\"valueName\":\"search_term_string\"}}],\"inLanguage\":\"nb-NO\"},{\"@type\":\"Organization\",\"@id\":\"https:\\\/\\\/boutique-one-piece.com\\\/#organization\",\"name\":\"Boutique One Piece\",\"url\":\"https:\\\/\\\/boutique-one-piece.com\\\/\",\"logo\":{\"@type\":\"ImageObject\",\"inLanguage\":\"nb-NO\",\"@id\":\"https:\\\/\\\/boutique-one-piece.com\\\/#\\\/schema\\\/logo\\\/image\\\/\",\"url\":\"https:\\\/\\\/boutique-one-piece.com\\\/wp-content\\\/uploads\\\/2022\\\/09\\\/Logo-01.png\",\"contentUrl\":\"https:\\\/\\\/boutique-one-piece.com\\\/wp-content\\\/uploads\\\/2022\\\/09\\\/Logo-01.png\",\"width\":2318,\"height\":957,\"caption\":\"Boutique One Piece\"},\"image\":{\"@id\":\"https:\\\/\\\/boutique-one-piece.com\\\/#\\\/schema\\\/logo\\\/image\\\/\"}}]}<\/script>\n<!-- \/ Yoast SEO plugin. -->","yoast_head_json":{"title":"PERSONVERNERKL\u00c6RING | One Piece Shop","robots":{"index":"noindex","follow":"follow"},"og_locale":"nb_NO","og_type":"article","og_title":"POLITIQUE DE CONFIDENTIALIT\u00c9 | Boutique One Piece","og_description":"D\u00c9CLARATION DE CONFIDENTIALIT\u00c9 &#8212;- ARTICLE 1 \u2013 RENSEIGNEMENTS PERSONNELS RECUEILLIS Lorsque vous effectuez un achat sur notre boutique, dans le cadre de notre processus d\u2019achat et de vente, nous recueillons les renseignements personnels que vous nous fournissez, tels que votre nom, votre adresse et votre adresse e-mail. Lorsque vous naviguez sur notre boutique, nous recevons [&hellip;]","og_url":"https:\/\/boutique-one-piece.com\/nb\/personvernerklaering\/","og_site_name":"Boutique One Piece","article_modified_time":"2024-09-16T16:25:24+00:00","twitter_card":"summary_large_image","twitter_misc":{"Ansl. lesetid":"7 minutter"},"schema":{"@context":"https:\/\/schema.org","@graph":[{"@type":"WebPage","@id":"https:\/\/boutique-one-piece.com\/politique-de-confidentialite\/","url":"https:\/\/boutique-one-piece.com\/politique-de-confidentialite\/","name":"PERSONVERNERKL\u00c6RING | One Piece Shop","isPartOf":{"@id":"https:\/\/boutique-one-piece.com\/#website"},"datePublished":"2022-09-28T16:43:16+00:00","dateModified":"2024-09-16T16:25:24+00:00","breadcrumb":{"@id":"https:\/\/boutique-one-piece.com\/politique-de-confidentialite\/#breadcrumb"},"inLanguage":"nb-NO","potentialAction":[{"@type":"ReadAction","target":["https:\/\/boutique-one-piece.com\/politique-de-confidentialite\/"]}]},{"@type":"BreadcrumbList","@id":"https:\/\/boutique-one-piece.com\/politique-de-confidentialite\/#breadcrumb","itemListElement":[{"@type":"ListItem","position":1,"name":"Home","item":"https:\/\/boutique-one-piece.com\/"},{"@type":"ListItem","position":2,"name":"POLITIQUE DE CONFIDENTIALIT\u00c9"}]},{"@type":"WebSite","@id":"https:\/\/boutique-one-piece.com\/#website","url":"https:\/\/boutique-one-piece.com\/","name":"One Piece-butikk","description":"Spesialbutikk for One Piece Manga og Anime","publisher":{"@id":"https:\/\/boutique-one-piece.com\/#organization"},"potentialAction":[{"@type":"SearchAction","target":{"@type":"EntryPoint","urlTemplate":"https:\/\/boutique-one-piece.com\/?s={search_term_string}"},"query-input":{"@type":"PropertyValueSpecification","valueRequired":true,"valueName":"search_term_string"}}],"inLanguage":"nb-NO"},{"@type":"Organization","@id":"https:\/\/boutique-one-piece.com\/#organization","name":"One Piece-butikk","url":"https:\/\/boutique-one-piece.com\/","logo":{"@type":"ImageObject","inLanguage":"nb-NO","@id":"https:\/\/boutique-one-piece.com\/#\/schema\/logo\/image\/","url":"https:\/\/boutique-one-piece.com\/wp-content\/uploads\/2022\/09\/Logo-01.png","contentUrl":"https:\/\/boutique-one-piece.com\/wp-content\/uploads\/2022\/09\/Logo-01.png","width":2318,"height":957,"caption":"Boutique One Piece"},"image":{"@id":"https:\/\/boutique-one-piece.com\/#\/schema\/logo\/image\/"}}]}},"_links":{"self":[{"href":"https:\/\/boutique-one-piece.com\/nb\/wp-json\/wp\/v2\/pages\/18145","targetHints":{"allow":["GET"]}}],"collection":[{"href":"https:\/\/boutique-one-piece.com\/nb\/wp-json\/wp\/v2\/pages"}],"about":[{"href":"https:\/\/boutique-one-piece.com\/nb\/wp-json\/wp\/v2\/types\/page"}],"author":[{"embeddable":true,"href":"https:\/\/boutique-one-piece.com\/nb\/wp-json\/wp\/v2\/users\/2"}],"replies":[{"embeddable":true,"href":"https:\/\/boutique-one-piece.com\/nb\/wp-json\/wp\/v2\/comments?post=18145"}],"version-history":[{"count":5,"href":"https:\/\/boutique-one-piece.com\/nb\/wp-json\/wp\/v2\/pages\/18145\/revisions"}],"predecessor-version":[{"id":19794,"href":"https:\/\/boutique-one-piece.com\/nb\/wp-json\/wp\/v2\/pages\/18145\/revisions\/19794"}],"wp:attachment":[{"href":"https:\/\/boutique-one-piece.com\/nb\/wp-json\/wp\/v2\/media?parent=18145"}],"curies":[{"name":"wp","href":"https:\/\/api.w.org\/{rel}","templated":true}]}}