{"id":10040,"date":"2022-09-27T20:24:18","date_gmt":"2022-09-27T20:24:18","guid":{"rendered":"https:\/\/boutique-one-piece.com\/uncategorized\/cosplay-one-piece-luffy-roi-des-pirates\/"},"modified":"2024-09-16T11:56:41","modified_gmt":"2024-09-16T11:56:41","slug":"cosplay-ett-stykke-luffy-piratkongen","status":"publish","type":"product","link":"https:\/\/boutique-one-piece.com\/nb\/one-piece-kostymer-og-cosplay\/cosplay-ett-stykke-luffy-piratkongen\/","title":{"rendered":"One Piece Luffy Piratkongen Cosplay"},"content":{"rendered":"<ul>\n<li><span><b><u>One Piece Cosplay<\/u><\/b>\u00a0One Piece-universet-cosplay for ekte pirater, ideelt for \u00e5 legemliggj\u00f8re favorittkarakteren din<\/span><\/li>\n<\/ul>\n<ul>\n<li>\n<b>Materialer<\/b><span>\u00a0<\/span>Polyester<\/li>\n<\/ul>\n<ul>\n<li>\n<b>St\u00f8rrelse<\/b><span>\u00a0<\/span>SML XL\u00a0<\/li>\n<\/ul>\n<ul>\n<li><span><strong>GRATIS LEVERING<\/strong><\/span><\/li>\n<\/ul>","protected":false},"excerpt":{"rendered":"<p>Cosplay One Piece\u00a0: Cosplay de l&rsquo;univers One Piece pour les vrais pirates, id\u00e9al pour incarn\u00e9 ton personnage pr\u00e9f\u00e9r\u00e9 Mati\u00e8res\u00a0: Polyester Taille\u00a0: S M L\u00a0XL\u00a0 LIVRAISON OFFERTE<\/p>","protected":false},"featured_media":10042,"comment_status":"open","ping_status":"open","template":"","meta":[],"product_brand":[],"product_cat":[207],"product_tag":[],"class_list":{"0":"post-10040","1":"product","2":"type-product","3":"status-publish","4":"has-post-thumbnail","6":"product_cat-deguisements-et-cosplays-one-piece","8":"first","9":"instock","10":"purchasable","11":"product-type-variable"},"yoast_head":"<!-- This site is optimized with the Yoast SEO plugin v27.5 - https:\/\/yoast.com\/product\/yoast-seo-wordpress\/ -->\n<title>Cosplay One Piece Luffy Roi Des Pirates | Cosplay One Piece<\/title>\n<meta name=\"description\" content=\"Cosplay One Piece\u00a0: Cosplay de l&#039;univers One Piece pour les vrais pirates, id\u00e9al pour incarn\u00e9 ton personnage pr\u00e9f\u00e9r\u00e9 Mati\u00e8res\u00a0: Polyester Taille\u00a0: S M L\u00a0XL\u00a0 LIVRAISON OFFERTE\" \/>\n<meta name=\"robots\" content=\"index, follow, max-snippet:-1, max-image-preview:large, max-video-preview:-1\" \/>\n<link rel=\"canonical\" href=\"https:\/\/boutique-one-piece.com\/nb\/one-piece-kostymer-og-cosplay\/cosplay-ett-stykke-luffy-piratkongen\/\" \/>\n<meta property=\"og:locale\" content=\"nb_NO\" \/>\n<meta property=\"og:type\" content=\"article\" \/>\n<meta property=\"og:title\" content=\"Cosplay One Piece Luffy Roi Des Pirates | Cosplay One Piece\" \/>\n<meta property=\"og:description\" content=\"Cosplay One Piece\u00a0: Cosplay de l&#039;univers One Piece pour les vrais pirates, id\u00e9al pour incarn\u00e9 ton personnage pr\u00e9f\u00e9r\u00e9 Mati\u00e8res\u00a0: Polyester Taille\u00a0: S M L\u00a0XL\u00a0 LIVRAISON OFFERTE\" \/>\n<meta property=\"og:url\" content=\"https:\/\/boutique-one-piece.com\/nb\/one-piece-kostymer-og-cosplay\/cosplay-ett-stykke-luffy-piratkongen\/\" \/>\n<meta property=\"og:site_name\" content=\"Boutique One Piece\" \/>\n<meta property=\"article:modified_time\" content=\"2024-09-16T11:56:41+00:00\" \/>\n<meta property=\"og:image\" content=\"https:\/\/boutique-one-piece.com\/wp-content\/uploads\/2022\/09\/Cosplay-One-Piece-Luffy-Roi-Des-Pirates-1.jpg\" \/>\n\t<meta property=\"og:image:width\" content=\"955\" \/>\n\t<meta property=\"og:image:height\" content=\"1274\" \/>\n\t<meta property=\"og:image:type\" content=\"image\/jpeg\" \/>\n<meta name=\"twitter:card\" content=\"summary_large_image\" \/>\n<meta name=\"twitter:label1\" content=\"Ansl. lesetid\" \/>\n\t<meta name=\"twitter:data1\" content=\"1 minutt\" \/>\n<script type=\"application\/ld+json\" class=\"yoast-schema-graph\">{\"@context\":\"https:\\\/\\\/schema.org\",\"@graph\":[{\"@type\":\"WebPage\",\"@id\":\"https:\\\/\\\/boutique-one-piece.com\\\/deguisements-et-cosplays-one-piece\\\/cosplay-one-piece-luffy-roi-des-pirates\\\/\",\"url\":\"https:\\\/\\\/boutique-one-piece.com\\\/deguisements-et-cosplays-one-piece\\\/cosplay-one-piece-luffy-roi-des-pirates\\\/\",\"name\":\"Cosplay One Piece Luffy Roi Des Pirates | Cosplay One Piece\",\"isPartOf\":{\"@id\":\"https:\\\/\\\/boutique-one-piece.com\\\/#website\"},\"primaryImageOfPage\":{\"@id\":\"https:\\\/\\\/boutique-one-piece.com\\\/deguisements-et-cosplays-one-piece\\\/cosplay-one-piece-luffy-roi-des-pirates\\\/#primaryimage\"},\"image\":{\"@id\":\"https:\\\/\\\/boutique-one-piece.com\\\/deguisements-et-cosplays-one-piece\\\/cosplay-one-piece-luffy-roi-des-pirates\\\/#primaryimage\"},\"thumbnailUrl\":\"https:\\\/\\\/boutique-one-piece.com\\\/wp-content\\\/uploads\\\/2022\\\/09\\\/Cosplay-One-Piece-Luffy-Roi-Des-Pirates-1.jpg\",\"datePublished\":\"2022-09-27T20:24:18+00:00\",\"dateModified\":\"2024-09-16T11:56:41+00:00\",\"description\":\"Cosplay One Piece\u00a0: Cosplay de l'univers One Piece pour les vrais pirates, id\u00e9al pour incarn\u00e9 ton personnage pr\u00e9f\u00e9r\u00e9 Mati\u00e8res\u00a0: Polyester Taille\u00a0: S M L\u00a0XL\u00a0 LIVRAISON OFFERTE\",\"breadcrumb\":{\"@id\":\"https:\\\/\\\/boutique-one-piece.com\\\/deguisements-et-cosplays-one-piece\\\/cosplay-one-piece-luffy-roi-des-pirates\\\/#breadcrumb\"},\"inLanguage\":\"nb-NO\",\"potentialAction\":[{\"@type\":\"ReadAction\",\"target\":[\"https:\\\/\\\/boutique-one-piece.com\\\/deguisements-et-cosplays-one-piece\\\/cosplay-one-piece-luffy-roi-des-pirates\\\/\"]}]},{\"@type\":\"ImageObject\",\"inLanguage\":\"nb-NO\",\"@id\":\"https:\\\/\\\/boutique-one-piece.com\\\/deguisements-et-cosplays-one-piece\\\/cosplay-one-piece-luffy-roi-des-pirates\\\/#primaryimage\",\"url\":\"https:\\\/\\\/boutique-one-piece.com\\\/wp-content\\\/uploads\\\/2022\\\/09\\\/Cosplay-One-Piece-Luffy-Roi-Des-Pirates-1.jpg\",\"contentUrl\":\"https:\\\/\\\/boutique-one-piece.com\\\/wp-content\\\/uploads\\\/2022\\\/09\\\/Cosplay-One-Piece-Luffy-Roi-Des-Pirates-1.jpg\",\"width\":955,\"height\":1274},{\"@type\":\"BreadcrumbList\",\"@id\":\"https:\\\/\\\/boutique-one-piece.com\\\/deguisements-et-cosplays-one-piece\\\/cosplay-one-piece-luffy-roi-des-pirates\\\/#breadcrumb\",\"itemListElement\":[{\"@type\":\"ListItem\",\"position\":1,\"name\":\"Home\",\"item\":\"https:\\\/\\\/boutique-one-piece.com\\\/\"},{\"@type\":\"ListItem\",\"position\":2,\"name\":\"Shop\",\"item\":\"https:\\\/\\\/boutique-one-piece.com\\\/shop\\\/\"},{\"@type\":\"ListItem\",\"position\":3,\"name\":\"Cosplay One Piece Luffy Roi Des Pirates\"}]},{\"@type\":\"WebSite\",\"@id\":\"https:\\\/\\\/boutique-one-piece.com\\\/#website\",\"url\":\"https:\\\/\\\/boutique-one-piece.com\\\/\",\"name\":\"Boutique One Piece\",\"description\":\"Magasin Sp\u00e9cialis\u00e9 du Manga et l&#039;Anime One Piece\",\"publisher\":{\"@id\":\"https:\\\/\\\/boutique-one-piece.com\\\/#organization\"},\"potentialAction\":[{\"@type\":\"SearchAction\",\"target\":{\"@type\":\"EntryPoint\",\"urlTemplate\":\"https:\\\/\\\/boutique-one-piece.com\\\/?s={search_term_string}\"},\"query-input\":{\"@type\":\"PropertyValueSpecification\",\"valueRequired\":true,\"valueName\":\"search_term_string\"}}],\"inLanguage\":\"nb-NO\"},{\"@type\":\"Organization\",\"@id\":\"https:\\\/\\\/boutique-one-piece.com\\\/#organization\",\"name\":\"Boutique One Piece\",\"url\":\"https:\\\/\\\/boutique-one-piece.com\\\/\",\"logo\":{\"@type\":\"ImageObject\",\"inLanguage\":\"nb-NO\",\"@id\":\"https:\\\/\\\/boutique-one-piece.com\\\/#\\\/schema\\\/logo\\\/image\\\/\",\"url\":\"https:\\\/\\\/boutique-one-piece.com\\\/wp-content\\\/uploads\\\/2022\\\/09\\\/Logo-01.png\",\"contentUrl\":\"https:\\\/\\\/boutique-one-piece.com\\\/wp-content\\\/uploads\\\/2022\\\/09\\\/Logo-01.png\",\"width\":2318,\"height\":957,\"caption\":\"Boutique One Piece\"},\"image\":{\"@id\":\"https:\\\/\\\/boutique-one-piece.com\\\/#\\\/schema\\\/logo\\\/image\\\/\"}}]}<\/script>\n<!-- \/ Yoast SEO plugin. -->","yoast_head_json":{"title":"One Piece Luffy Piratkongen Cosplay | One Piece Cosplay","description":"One Piece Cosplay: Cosplay fra One Piece-universet for ekte pirater, ideelt for \u00e5 legemliggj\u00f8re favorittkarakteren din. Materialer: Polyester. St\u00f8rrelser: S, M, L, XL. GRATIS FRAKT","robots":{"index":"index","follow":"follow","max-snippet":"max-snippet:-1","max-image-preview":"max-image-preview:large","max-video-preview":"max-video-preview:-1"},"canonical":"https:\/\/boutique-one-piece.com\/nb\/one-piece-kostymer-og-cosplay\/cosplay-ett-stykke-luffy-piratkongen\/","og_locale":"nb_NO","og_type":"article","og_title":"Cosplay One Piece Luffy Roi Des Pirates | Cosplay One Piece","og_description":"Cosplay One Piece\u00a0: Cosplay de l'univers One Piece pour les vrais pirates, id\u00e9al pour incarn\u00e9 ton personnage pr\u00e9f\u00e9r\u00e9 Mati\u00e8res\u00a0: Polyester Taille\u00a0: S M L\u00a0XL\u00a0 LIVRAISON OFFERTE","og_url":"https:\/\/boutique-one-piece.com\/nb\/one-piece-kostymer-og-cosplay\/cosplay-ett-stykke-luffy-piratkongen\/","og_site_name":"Boutique One Piece","article_modified_time":"2024-09-16T11:56:41+00:00","og_image":[{"width":955,"height":1274,"url":"https:\/\/boutique-one-piece.com\/wp-content\/uploads\/2022\/09\/Cosplay-One-Piece-Luffy-Roi-Des-Pirates-1.jpg","type":"image\/jpeg"}],"twitter_card":"summary_large_image","twitter_misc":{"Ansl. lesetid":"1 minutt"},"schema":{"@context":"https:\/\/schema.org","@graph":[{"@type":"WebPage","@id":"https:\/\/boutique-one-piece.com\/deguisements-et-cosplays-one-piece\/cosplay-one-piece-luffy-roi-des-pirates\/","url":"https:\/\/boutique-one-piece.com\/deguisements-et-cosplays-one-piece\/cosplay-one-piece-luffy-roi-des-pirates\/","name":"One Piece Luffy Piratkongen Cosplay | One Piece Cosplay","isPartOf":{"@id":"https:\/\/boutique-one-piece.com\/#website"},"primaryImageOfPage":{"@id":"https:\/\/boutique-one-piece.com\/deguisements-et-cosplays-one-piece\/cosplay-one-piece-luffy-roi-des-pirates\/#primaryimage"},"image":{"@id":"https:\/\/boutique-one-piece.com\/deguisements-et-cosplays-one-piece\/cosplay-one-piece-luffy-roi-des-pirates\/#primaryimage"},"thumbnailUrl":"https:\/\/boutique-one-piece.com\/wp-content\/uploads\/2022\/09\/Cosplay-One-Piece-Luffy-Roi-Des-Pirates-1.jpg","datePublished":"2022-09-27T20:24:18+00:00","dateModified":"2024-09-16T11:56:41+00:00","description":"One Piece Cosplay: Cosplay fra One Piece-universet for ekte pirater, ideelt for \u00e5 legemliggj\u00f8re favorittkarakteren din. Materialer: Polyester. St\u00f8rrelser: S, M, L, XL. GRATIS FRAKT","breadcrumb":{"@id":"https:\/\/boutique-one-piece.com\/deguisements-et-cosplays-one-piece\/cosplay-one-piece-luffy-roi-des-pirates\/#breadcrumb"},"inLanguage":"nb-NO","potentialAction":[{"@type":"ReadAction","target":["https:\/\/boutique-one-piece.com\/deguisements-et-cosplays-one-piece\/cosplay-one-piece-luffy-roi-des-pirates\/"]}]},{"@type":"ImageObject","inLanguage":"nb-NO","@id":"https:\/\/boutique-one-piece.com\/deguisements-et-cosplays-one-piece\/cosplay-one-piece-luffy-roi-des-pirates\/#primaryimage","url":"https:\/\/boutique-one-piece.com\/wp-content\/uploads\/2022\/09\/Cosplay-One-Piece-Luffy-Roi-Des-Pirates-1.jpg","contentUrl":"https:\/\/boutique-one-piece.com\/wp-content\/uploads\/2022\/09\/Cosplay-One-Piece-Luffy-Roi-Des-Pirates-1.jpg","width":955,"height":1274},{"@type":"BreadcrumbList","@id":"https:\/\/boutique-one-piece.com\/deguisements-et-cosplays-one-piece\/cosplay-one-piece-luffy-roi-des-pirates\/#breadcrumb","itemListElement":[{"@type":"ListItem","position":1,"name":"Home","item":"https:\/\/boutique-one-piece.com\/"},{"@type":"ListItem","position":2,"name":"Shop","item":"https:\/\/boutique-one-piece.com\/shop\/"},{"@type":"ListItem","position":3,"name":"Cosplay One Piece Luffy Roi Des Pirates"}]},{"@type":"WebSite","@id":"https:\/\/boutique-one-piece.com\/#website","url":"https:\/\/boutique-one-piece.com\/","name":"One Piece-butikk","description":"Spesialbutikk for One Piece Manga og Anime","publisher":{"@id":"https:\/\/boutique-one-piece.com\/#organization"},"potentialAction":[{"@type":"SearchAction","target":{"@type":"EntryPoint","urlTemplate":"https:\/\/boutique-one-piece.com\/?s={search_term_string}"},"query-input":{"@type":"PropertyValueSpecification","valueRequired":true,"valueName":"search_term_string"}}],"inLanguage":"nb-NO"},{"@type":"Organization","@id":"https:\/\/boutique-one-piece.com\/#organization","name":"One Piece-butikk","url":"https:\/\/boutique-one-piece.com\/","logo":{"@type":"ImageObject","inLanguage":"nb-NO","@id":"https:\/\/boutique-one-piece.com\/#\/schema\/logo\/image\/","url":"https:\/\/boutique-one-piece.com\/wp-content\/uploads\/2022\/09\/Logo-01.png","contentUrl":"https:\/\/boutique-one-piece.com\/wp-content\/uploads\/2022\/09\/Logo-01.png","width":2318,"height":957,"caption":"Boutique One Piece"},"image":{"@id":"https:\/\/boutique-one-piece.com\/#\/schema\/logo\/image\/"}}]}},"_links":{"self":[{"href":"https:\/\/boutique-one-piece.com\/nb\/wp-json\/wp\/v2\/product\/10040","targetHints":{"allow":["GET"]}}],"collection":[{"href":"https:\/\/boutique-one-piece.com\/nb\/wp-json\/wp\/v2\/product"}],"about":[{"href":"https:\/\/boutique-one-piece.com\/nb\/wp-json\/wp\/v2\/types\/product"}],"replies":[{"embeddable":true,"href":"https:\/\/boutique-one-piece.com\/nb\/wp-json\/wp\/v2\/comments?post=10040"}],"wp:featuredmedia":[{"embeddable":true,"href":"https:\/\/boutique-one-piece.com\/nb\/wp-json\/wp\/v2\/media\/10042"}],"wp:attachment":[{"href":"https:\/\/boutique-one-piece.com\/nb\/wp-json\/wp\/v2\/media?parent=10040"}],"wp:term":[{"taxonomy":"product_brand","embeddable":true,"href":"https:\/\/boutique-one-piece.com\/nb\/wp-json\/wp\/v2\/product_brand?post=10040"},{"taxonomy":"product_cat","embeddable":true,"href":"https:\/\/boutique-one-piece.com\/nb\/wp-json\/wp\/v2\/product_cat?post=10040"},{"taxonomy":"product_tag","embeddable":true,"href":"https:\/\/boutique-one-piece.com\/nb\/wp-json\/wp\/v2\/product_tag?post=10040"}],"curies":[{"name":"wp","href":"https:\/\/api.w.org\/{rel}","templated":true}]}}