{"id":10193,"date":"2022-09-27T20:33:02","date_gmt":"2022-09-27T20:33:02","guid":{"rendered":"https:\/\/boutique-one-piece.com\/uncategorized\/maillot-imprime-one-piece-rorona-zoro\/"},"modified":"2024-09-16T12:00:22","modified_gmt":"2024-09-16T12:00:22","slug":"rorona-zoro-badedrakt-med-trykk-i-ett-stykke","status":"publish","type":"product","link":"https:\/\/boutique-one-piece.com\/nb\/one-piece-godbiter\/roronoa-zoro-godbiter-i-ett-stykke\/rorona-zoro-badedrakt-med-trykk-i-ett-stykke\/","title":{"rendered":"One Piece Rorona Zoro-skjorte med trykk"},"content":{"rendered":"<p><meta charset=\"utf-8\"><\/p>\n<h2>\n<b>One Piece-undertr\u00f8ye med trykk og Zoro, den fremtidige sverdmannen<\/b><b>,\u00a0<\/b>En tr\u00f8ye av super kvalitet for en pirat som deg!<\/h2>\n<p>Hvis du er en\u00a0<strong>ekte pirat<\/strong>, Du vil sette pris p\u00e5\u00a0<strong>kvalitet<\/strong>\u00a0stoff og\u00a0<strong>3D-lerretsutskrift<\/strong>\u00a0av dette\u00a0<strong>One Piece t-skjorte<\/strong>\u00a0Men aller viktigst, med dette\u00a0<strong>svart trykt jersey<\/strong>\u00a0det er fordi du vil v\u00e6re en del av\u00a0<strong>fanteamet<\/strong>\u00a0av\u00a0<strong>piratmanga<\/strong>\u00a0og du vil f\u00e5:<\/p>\n<ul>\n<li>\u00a0<strong>Beundring<\/strong>\u00a0av alle fansen av\u00a0<strong>mugiwara<\/strong>\u00a0som du vil m\u00f8te<\/li>\n<\/ul>\n<ul>\n<li>En ekte\u00a0<strong>trykt t-skjorte<\/strong>\u00a0som du kan bli en med<span>\u00a0<\/span><strong>sverdmann<\/strong> som <strong>Zoro<\/strong>\n<\/li>\n<\/ul>\n<p>S\u00e5, klar til \u00e5 bruke\u00a0<strong>farger\u00a0<\/strong>av\u00a0<strong>Zoro piratejegeren<\/strong>\u00a0?<\/p>\n<h2>Er du en fan av One Piece manga eller anime? Vis det frem med denne One Piece-skjorten med trykk!<\/h2>\n<p>Hvis du\u00a0<strong>lese<\/strong>\u00a0eller hvor enn du ser\u00a0<span>\u00a0<\/span><strong>Japansk anime<\/strong>, Det er stor sjanse for at du har blitt\u00a0<strong>gal etter One Piece<\/strong>\u00a0Med dette!\u00a0<strong>Roronoa Zoro-t-skjorte med trykk<\/strong>, bli med i\u2019<strong>en gjeng med fans av franchisen<\/strong><\/p>\n<p>Dette\u00a0<strong>svart tr\u00f8ye<\/strong>\u00a0er tilgjengelig i st\u00f8rrelser\u00a0<strong>XS<\/strong>,<strong>\u00a0S<\/strong>,<strong>\u00a0M<\/strong>,<strong>\u00a0L<\/strong>,\u00a0<strong>XL<\/strong>,\u00a0<strong>XXL<\/strong>, Den passer for alle typer pirater, selv om du ikke har\u00a0<strong>sverd<\/strong>\u00a0eller\u00a0<strong>djevelfrukt<\/strong>\u00a0Du kan fortsatt b\u00e6re den med stolthet.<\/p>\n<h2>Informasjon om t-skjorten:\u00a0<\/h2>\n<ul>\n<li>\u00a0<strong>Jersey av premiumkvalitet\u00a0<\/strong>har en\u00a0<strong>h\u00f8y gramvekt<\/strong>, med kvalitetsmaterialer<\/li>\n<\/ul>\n<ul>\n<li>\n<strong>L\u00f8s passform<\/strong>\u00a0:\u00a0\u00a0<strong>t-skjorte<\/strong>\u00a0med en\u00a0<strong>bredt snitt<\/strong>, for ekstra komfort<\/li>\n<\/ul>\n<ul>\n<li>\n<strong>Veldig komfortabel\u00a0<\/strong>med disse\u00a0<strong>fibre<\/strong>\u00a0av\u00a0<strong>bomull<\/strong>\u00a0stor\u00a0<strong>myk<\/strong>, det finnes ingen\u00a0<strong>friksjon<\/strong>\n<\/li>\n<\/ul>\n<ul>\n<li>\n<strong>3D digital utskrift<\/strong>\u00a0:\u00a0<strong>trykt t-skjorte<\/strong>\u00a0med et originalt design,\u00a0<strong>Lerretsbilde<\/strong>\n<\/li>\n<\/ul>\n<ul>\n<li>\n<strong>\u00d8kologisk bomull\u00a0<\/strong>kvalitetsbomull med\u00a0<strong>ekstra lange fibre<\/strong>\n<\/li>\n<\/ul>\n<ul>\n<li>\n<strong>Gratis levering\u00a0<\/strong>for ethvert kj\u00f8p<\/li>\n<\/ul>\n<h2><strong>Ikke glem \u00e5 ta en titt p\u00e5 st\u00f8rrelsesguiden nedenfor.<\/strong><\/h2>\n<h2><img decoding=\"async\" src=\"https:\/\/cdn.shopify.com\/s\/files\/1\/0087\/7556\/5348\/files\/boutque_one__piece_tableau_taille_maillot-imprime_large.jpg?v=1560345982\" alt=\"St\u00f8rrelsesguide for badedrakt med trykk i \u00e9n del\"><\/h2>\n<h3>Vaskeanvisning:<\/h3>\n<ul>\n<li>Maskinvask p\u00e5 30 \u00b0C, finvaskprogram<\/li>\n<\/ul>\n<ul>\n<li>Stryk p\u00e5 baksiden<\/li>\n<\/ul>\n<p>Til<span>\u00a0<\/span><strong>bevare kvaliteten<\/strong><span>\u00a0<\/span>av dette<span>\u00a0Jersey<\/span><strong>\u00a0Ett stykke<\/strong>, anbefaler vi at du<span>\u00a0<\/span><strong>respekt<\/strong><span>\u00a0<\/span>DE<span>\u00a0<\/span><strong>vaskeanvisning<\/strong>.<\/p>","protected":false},"excerpt":{"rendered":"<p>Maillot de Corps\u00a0One Piece Imprim\u00e9 avec Zoro le Futur Meilleur Sabreur,\u00a0Un Maillot de super qualit\u00e9 pour un pirate comme\u00a0toi\u00a0! Si tu es un\u00a0v\u00e9ritable pirate, tu sauras appr\u00e9cier la\u00a0qualit\u00e9\u00a0du tissu et de\u00a0l&rsquo;impression 3D Canvas\u00a0de ce\u00a0t-shirt\u00a0One Piece\u00a0!\u00a0Mais le plus important, avec ce\u00a0maillot noir imprim\u00e9\u00a0c\u0092est que tu\u00a0feras partie de\u00a0l&rsquo;\u00e9quipage\u00a0des fans\u00a0du\u00a0manga de pirates\u00a0et tu obtiendras\u00a0: \u00a0L&rsquo;admiration\u00a0de tous les fans [&hellip;]<\/p>","protected":false},"featured_media":10195,"comment_status":"open","ping_status":"open","template":"","meta":[],"product_brand":[],"product_cat":[151],"product_tag":[113],"class_list":{"0":"post-10193","1":"product","2":"type-product","3":"status-publish","4":"has-post-thumbnail","6":"product_cat-goodies-roronoa-zoro-one-piece","7":"product_tag-zoro","9":"first","10":"instock","11":"purchasable","12":"product-type-variable","13":"has-default-attributes"},"yoast_head":"<!-- This site is optimized with the Yoast SEO plugin v27.5 - https:\/\/yoast.com\/product\/yoast-seo-wordpress\/ -->\n<title>Maillot Imprim\u00e9 One Piece Rorona Zoro | Boutique One Piece<\/title>\n<meta name=\"description\" content=\"Maillot de Corps One Piece Imprim\u00e9 avec Zoro le Futur Meilleur Sabreur Tr\u00e8s Haute Qualit\u00e9 : Rejoins les Fans de Zoro et Montre ton appartenance \u00e0 la Team Zoro\" \/>\n<meta name=\"robots\" content=\"index, follow, max-snippet:-1, max-image-preview:large, max-video-preview:-1\" \/>\n<link rel=\"canonical\" href=\"https:\/\/boutique-one-piece.com\/nb\/one-piece-godbiter\/roronoa-zoro-godbiter-i-ett-stykke\/rorona-zoro-badedrakt-med-trykk-i-ett-stykke\/\" \/>\n<meta property=\"og:locale\" content=\"nb_NO\" \/>\n<meta property=\"og:type\" content=\"article\" \/>\n<meta property=\"og:title\" content=\"Maillot Imprim\u00e9 One Piece Rorona Zoro | Boutique One Piece\" \/>\n<meta property=\"og:description\" content=\"Maillot de Corps One Piece Imprim\u00e9 avec Zoro le Futur Meilleur Sabreur Tr\u00e8s Haute Qualit\u00e9 : Rejoins les Fans de Zoro et Montre ton appartenance \u00e0 la Team Zoro\" \/>\n<meta property=\"og:url\" content=\"https:\/\/boutique-one-piece.com\/nb\/one-piece-godbiter\/roronoa-zoro-godbiter-i-ett-stykke\/rorona-zoro-badedrakt-med-trykk-i-ett-stykke\/\" \/>\n<meta property=\"og:site_name\" content=\"Boutique One Piece\" \/>\n<meta property=\"article:modified_time\" content=\"2024-09-16T12:00:22+00:00\" \/>\n<meta property=\"og:image\" content=\"https:\/\/boutique-one-piece.com\/wp-content\/uploads\/2022\/09\/Maillot-Imprime-One-Piece-Rorona-Zoro.jpg\" \/>\n\t<meta property=\"og:image:width\" content=\"600\" \/>\n\t<meta property=\"og:image:height\" content=\"600\" \/>\n\t<meta property=\"og:image:type\" content=\"image\/jpeg\" \/>\n<meta name=\"twitter:card\" content=\"summary_large_image\" \/>\n<meta name=\"twitter:label1\" content=\"Ansl. lesetid\" \/>\n\t<meta name=\"twitter:data1\" content=\"2 minutter\" \/>\n<script type=\"application\/ld+json\" class=\"yoast-schema-graph\">{\"@context\":\"https:\\\/\\\/schema.org\",\"@graph\":[{\"@type\":\"WebPage\",\"@id\":\"https:\\\/\\\/boutique-one-piece.com\\\/goodies-one-piece\\\/goodies-roronoa-zoro-one-piece\\\/maillot-imprime-one-piece-rorona-zoro\\\/\",\"url\":\"https:\\\/\\\/boutique-one-piece.com\\\/goodies-one-piece\\\/goodies-roronoa-zoro-one-piece\\\/maillot-imprime-one-piece-rorona-zoro\\\/\",\"name\":\"Maillot Imprim\u00e9 One Piece Rorona Zoro | Boutique One Piece\",\"isPartOf\":{\"@id\":\"https:\\\/\\\/boutique-one-piece.com\\\/#website\"},\"primaryImageOfPage\":{\"@id\":\"https:\\\/\\\/boutique-one-piece.com\\\/goodies-one-piece\\\/goodies-roronoa-zoro-one-piece\\\/maillot-imprime-one-piece-rorona-zoro\\\/#primaryimage\"},\"image\":{\"@id\":\"https:\\\/\\\/boutique-one-piece.com\\\/goodies-one-piece\\\/goodies-roronoa-zoro-one-piece\\\/maillot-imprime-one-piece-rorona-zoro\\\/#primaryimage\"},\"thumbnailUrl\":\"https:\\\/\\\/boutique-one-piece.com\\\/wp-content\\\/uploads\\\/2022\\\/09\\\/Maillot-Imprime-One-Piece-Rorona-Zoro.jpg\",\"datePublished\":\"2022-09-27T20:33:02+00:00\",\"dateModified\":\"2024-09-16T12:00:22+00:00\",\"description\":\"Maillot de Corps One Piece Imprim\u00e9 avec Zoro le Futur Meilleur Sabreur Tr\u00e8s Haute Qualit\u00e9 : Rejoins les Fans de Zoro et Montre ton appartenance \u00e0 la Team Zoro\",\"breadcrumb\":{\"@id\":\"https:\\\/\\\/boutique-one-piece.com\\\/goodies-one-piece\\\/goodies-roronoa-zoro-one-piece\\\/maillot-imprime-one-piece-rorona-zoro\\\/#breadcrumb\"},\"inLanguage\":\"nb-NO\",\"potentialAction\":[{\"@type\":\"ReadAction\",\"target\":[\"https:\\\/\\\/boutique-one-piece.com\\\/goodies-one-piece\\\/goodies-roronoa-zoro-one-piece\\\/maillot-imprime-one-piece-rorona-zoro\\\/\"]}]},{\"@type\":\"ImageObject\",\"inLanguage\":\"nb-NO\",\"@id\":\"https:\\\/\\\/boutique-one-piece.com\\\/goodies-one-piece\\\/goodies-roronoa-zoro-one-piece\\\/maillot-imprime-one-piece-rorona-zoro\\\/#primaryimage\",\"url\":\"https:\\\/\\\/boutique-one-piece.com\\\/wp-content\\\/uploads\\\/2022\\\/09\\\/Maillot-Imprime-One-Piece-Rorona-Zoro.jpg\",\"contentUrl\":\"https:\\\/\\\/boutique-one-piece.com\\\/wp-content\\\/uploads\\\/2022\\\/09\\\/Maillot-Imprime-One-Piece-Rorona-Zoro.jpg\",\"width\":600,\"height\":600,\"caption\":\"Maillot Imprim\u00e9 One Piece Rorona Zoro 4xl\"},{\"@type\":\"BreadcrumbList\",\"@id\":\"https:\\\/\\\/boutique-one-piece.com\\\/goodies-one-piece\\\/goodies-roronoa-zoro-one-piece\\\/maillot-imprime-one-piece-rorona-zoro\\\/#breadcrumb\",\"itemListElement\":[{\"@type\":\"ListItem\",\"position\":1,\"name\":\"Home\",\"item\":\"https:\\\/\\\/boutique-one-piece.com\\\/\"},{\"@type\":\"ListItem\",\"position\":2,\"name\":\"Shop\",\"item\":\"https:\\\/\\\/boutique-one-piece.com\\\/shop\\\/\"},{\"@type\":\"ListItem\",\"position\":3,\"name\":\"Maillot Imprim\u00e9 One Piece Rorona Zoro\"}]},{\"@type\":\"WebSite\",\"@id\":\"https:\\\/\\\/boutique-one-piece.com\\\/#website\",\"url\":\"https:\\\/\\\/boutique-one-piece.com\\\/\",\"name\":\"Boutique One Piece\",\"description\":\"Magasin Sp\u00e9cialis\u00e9 du Manga et l&#039;Anime One Piece\",\"publisher\":{\"@id\":\"https:\\\/\\\/boutique-one-piece.com\\\/#organization\"},\"potentialAction\":[{\"@type\":\"SearchAction\",\"target\":{\"@type\":\"EntryPoint\",\"urlTemplate\":\"https:\\\/\\\/boutique-one-piece.com\\\/?s={search_term_string}\"},\"query-input\":{\"@type\":\"PropertyValueSpecification\",\"valueRequired\":true,\"valueName\":\"search_term_string\"}}],\"inLanguage\":\"nb-NO\"},{\"@type\":\"Organization\",\"@id\":\"https:\\\/\\\/boutique-one-piece.com\\\/#organization\",\"name\":\"Boutique One Piece\",\"url\":\"https:\\\/\\\/boutique-one-piece.com\\\/\",\"logo\":{\"@type\":\"ImageObject\",\"inLanguage\":\"nb-NO\",\"@id\":\"https:\\\/\\\/boutique-one-piece.com\\\/#\\\/schema\\\/logo\\\/image\\\/\",\"url\":\"https:\\\/\\\/boutique-one-piece.com\\\/wp-content\\\/uploads\\\/2022\\\/09\\\/Logo-01.png\",\"contentUrl\":\"https:\\\/\\\/boutique-one-piece.com\\\/wp-content\\\/uploads\\\/2022\\\/09\\\/Logo-01.png\",\"width\":2318,\"height\":957,\"caption\":\"Boutique One Piece\"},\"image\":{\"@id\":\"https:\\\/\\\/boutique-one-piece.com\\\/#\\\/schema\\\/logo\\\/image\\\/\"}}]}<\/script>\n<!-- \/ Yoast SEO plugin. -->","yoast_head_json":{"title":"One Piece Rorona Zoro-skjorte med trykk | One Piece-butikk","description":"One Piece-trykket undertr\u00f8ye med Zoro, fremtidens store sverdmann, sv\u00e6rt h\u00f8y kvalitet: Bli med Zoro-fansen og vis din troskap til Team Zoro","robots":{"index":"index","follow":"follow","max-snippet":"max-snippet:-1","max-image-preview":"max-image-preview:large","max-video-preview":"max-video-preview:-1"},"canonical":"https:\/\/boutique-one-piece.com\/nb\/one-piece-godbiter\/roronoa-zoro-godbiter-i-ett-stykke\/rorona-zoro-badedrakt-med-trykk-i-ett-stykke\/","og_locale":"nb_NO","og_type":"article","og_title":"Maillot Imprim\u00e9 One Piece Rorona Zoro | Boutique One Piece","og_description":"Maillot de Corps One Piece Imprim\u00e9 avec Zoro le Futur Meilleur Sabreur Tr\u00e8s Haute Qualit\u00e9 : Rejoins les Fans de Zoro et Montre ton appartenance \u00e0 la Team Zoro","og_url":"https:\/\/boutique-one-piece.com\/nb\/one-piece-godbiter\/roronoa-zoro-godbiter-i-ett-stykke\/rorona-zoro-badedrakt-med-trykk-i-ett-stykke\/","og_site_name":"Boutique One Piece","article_modified_time":"2024-09-16T12:00:22+00:00","og_image":[{"width":600,"height":600,"url":"https:\/\/boutique-one-piece.com\/wp-content\/uploads\/2022\/09\/Maillot-Imprime-One-Piece-Rorona-Zoro.jpg","type":"image\/jpeg"}],"twitter_card":"summary_large_image","twitter_misc":{"Ansl. lesetid":"2 minutter"},"schema":{"@context":"https:\/\/schema.org","@graph":[{"@type":"WebPage","@id":"https:\/\/boutique-one-piece.com\/goodies-one-piece\/goodies-roronoa-zoro-one-piece\/maillot-imprime-one-piece-rorona-zoro\/","url":"https:\/\/boutique-one-piece.com\/goodies-one-piece\/goodies-roronoa-zoro-one-piece\/maillot-imprime-one-piece-rorona-zoro\/","name":"One Piece Rorona Zoro-skjorte med trykk | One Piece-butikk","isPartOf":{"@id":"https:\/\/boutique-one-piece.com\/#website"},"primaryImageOfPage":{"@id":"https:\/\/boutique-one-piece.com\/goodies-one-piece\/goodies-roronoa-zoro-one-piece\/maillot-imprime-one-piece-rorona-zoro\/#primaryimage"},"image":{"@id":"https:\/\/boutique-one-piece.com\/goodies-one-piece\/goodies-roronoa-zoro-one-piece\/maillot-imprime-one-piece-rorona-zoro\/#primaryimage"},"thumbnailUrl":"https:\/\/boutique-one-piece.com\/wp-content\/uploads\/2022\/09\/Maillot-Imprime-One-Piece-Rorona-Zoro.jpg","datePublished":"2022-09-27T20:33:02+00:00","dateModified":"2024-09-16T12:00:22+00:00","description":"One Piece-trykket undertr\u00f8ye med Zoro, fremtidens store sverdmann, sv\u00e6rt h\u00f8y kvalitet: Bli med Zoro-fansen og vis din troskap til Team Zoro","breadcrumb":{"@id":"https:\/\/boutique-one-piece.com\/goodies-one-piece\/goodies-roronoa-zoro-one-piece\/maillot-imprime-one-piece-rorona-zoro\/#breadcrumb"},"inLanguage":"nb-NO","potentialAction":[{"@type":"ReadAction","target":["https:\/\/boutique-one-piece.com\/goodies-one-piece\/goodies-roronoa-zoro-one-piece\/maillot-imprime-one-piece-rorona-zoro\/"]}]},{"@type":"ImageObject","inLanguage":"nb-NO","@id":"https:\/\/boutique-one-piece.com\/goodies-one-piece\/goodies-roronoa-zoro-one-piece\/maillot-imprime-one-piece-rorona-zoro\/#primaryimage","url":"https:\/\/boutique-one-piece.com\/wp-content\/uploads\/2022\/09\/Maillot-Imprime-One-Piece-Rorona-Zoro.jpg","contentUrl":"https:\/\/boutique-one-piece.com\/wp-content\/uploads\/2022\/09\/Maillot-Imprime-One-Piece-Rorona-Zoro.jpg","width":600,"height":600,"caption":"Maillot Imprim\u00e9 One Piece Rorona Zoro 4xl"},{"@type":"BreadcrumbList","@id":"https:\/\/boutique-one-piece.com\/goodies-one-piece\/goodies-roronoa-zoro-one-piece\/maillot-imprime-one-piece-rorona-zoro\/#breadcrumb","itemListElement":[{"@type":"ListItem","position":1,"name":"Home","item":"https:\/\/boutique-one-piece.com\/"},{"@type":"ListItem","position":2,"name":"Shop","item":"https:\/\/boutique-one-piece.com\/shop\/"},{"@type":"ListItem","position":3,"name":"Maillot Imprim\u00e9 One Piece Rorona Zoro"}]},{"@type":"WebSite","@id":"https:\/\/boutique-one-piece.com\/#website","url":"https:\/\/boutique-one-piece.com\/","name":"One Piece-butikk","description":"Spesialbutikk for One Piece Manga og Anime","publisher":{"@id":"https:\/\/boutique-one-piece.com\/#organization"},"potentialAction":[{"@type":"SearchAction","target":{"@type":"EntryPoint","urlTemplate":"https:\/\/boutique-one-piece.com\/?s={search_term_string}"},"query-input":{"@type":"PropertyValueSpecification","valueRequired":true,"valueName":"search_term_string"}}],"inLanguage":"nb-NO"},{"@type":"Organization","@id":"https:\/\/boutique-one-piece.com\/#organization","name":"One Piece-butikk","url":"https:\/\/boutique-one-piece.com\/","logo":{"@type":"ImageObject","inLanguage":"nb-NO","@id":"https:\/\/boutique-one-piece.com\/#\/schema\/logo\/image\/","url":"https:\/\/boutique-one-piece.com\/wp-content\/uploads\/2022\/09\/Logo-01.png","contentUrl":"https:\/\/boutique-one-piece.com\/wp-content\/uploads\/2022\/09\/Logo-01.png","width":2318,"height":957,"caption":"Boutique One Piece"},"image":{"@id":"https:\/\/boutique-one-piece.com\/#\/schema\/logo\/image\/"}}]}},"_links":{"self":[{"href":"https:\/\/boutique-one-piece.com\/nb\/wp-json\/wp\/v2\/product\/10193","targetHints":{"allow":["GET"]}}],"collection":[{"href":"https:\/\/boutique-one-piece.com\/nb\/wp-json\/wp\/v2\/product"}],"about":[{"href":"https:\/\/boutique-one-piece.com\/nb\/wp-json\/wp\/v2\/types\/product"}],"replies":[{"embeddable":true,"href":"https:\/\/boutique-one-piece.com\/nb\/wp-json\/wp\/v2\/comments?post=10193"}],"wp:featuredmedia":[{"embeddable":true,"href":"https:\/\/boutique-one-piece.com\/nb\/wp-json\/wp\/v2\/media\/10195"}],"wp:attachment":[{"href":"https:\/\/boutique-one-piece.com\/nb\/wp-json\/wp\/v2\/media?parent=10193"}],"wp:term":[{"taxonomy":"product_brand","embeddable":true,"href":"https:\/\/boutique-one-piece.com\/nb\/wp-json\/wp\/v2\/product_brand?post=10193"},{"taxonomy":"product_cat","embeddable":true,"href":"https:\/\/boutique-one-piece.com\/nb\/wp-json\/wp\/v2\/product_cat?post=10193"},{"taxonomy":"product_tag","embeddable":true,"href":"https:\/\/boutique-one-piece.com\/nb\/wp-json\/wp\/v2\/product_tag?post=10193"}],"curies":[{"name":"wp","href":"https:\/\/api.w.org\/{rel}","templated":true}]}}