{"id":10541,"date":"2022-09-27T20:34:57","date_gmt":"2022-09-27T20:34:57","guid":{"rendered":"https:\/\/boutique-one-piece.com\/uncategorized\/drapeau-usopp\/"},"modified":"2024-09-16T12:08:27","modified_gmt":"2024-09-16T12:08:27","slug":"usopp-flagget","status":"publish","type":"product","link":"https:\/\/boutique-one-piece.com\/nb\/one-piece-godbiter\/one-piece-usopp-godbiter\/usopp-flagget\/","title":{"rendered":"Usopp-flagget"},"content":{"rendered":"<h2>Unge sj\u00f8mann, dette Usopp-flagget er ditt.<\/h2>\n<p>Her er hva du trenger \u00e5 vite om Usopp; ; <strong>Usopp<\/strong>, Pipo, ogs\u00e5 kjent som Usopp i eldre Gl\u00e9nat-utgaver av mangaen, er medlem av Straw Hat Crew. Han holder<strong> posisjonen til snikskytteren<\/strong> og er opprinnelig fra Sirup Village. Selv om han ikke var skipsbygger, tok han seg ogs\u00e5 av \u00e5 reparere <strong>Vogue Merry<\/strong> (hvis hull han tettet med det han hadde for h\u00e5nden).<\/p>\n<p>Han ble senere erstattet av Franky, da sistnevnte og Thousand Sunny ble med i mannskapet, n\u00e5r det gjaldt skipsvedlikehold. Forresten, hvis du \u00f8nsker \u00e5 utvide flaggsamlingen din, <a title=\"FRANKY FLAG\" href=\"https:\/\/boutique-one-piece.com\/nb\/godbit-franky\/produkter\/franky-flagget\/\" target=\"_blank\" rel=\"noopener\">Frankys flagg<\/a> er innen rekkevidde. Til slutt, for \u00e5 konkludere om Usopp, b\u00f8r du vite at dr\u00f8mmen hans er \u00e5 <strong>\u00e5 bli en tapper kriger p\u00e5 havet<\/strong> og \u00e5 f\u00f8lge i farens fotspor. Han tror at han vil kunne d\u00f8 fredelig n\u00e5r han har oppn\u00e5dd dette, og vil kunne si til seg selv: \u00abJeg er Usopp!! Havets tapre kriger!!\u00bb.<\/p>\n<h3>S\u00e5, unge pirat, betatt av Usopps flagg? I s\u00e5 fall, hva venter du p\u00e5? Grip muligheten til \u00e5 stolt vise frem dette flagget.<\/h3>\n<p><strong>Ett stykke<\/strong> er verdens mestselgende manga. Denne mangaen, som foreg\u00e5r i en fiktiv verden dominert av hav der noen pirater lengter etter en \u00e6ra med frihet, som \u00abpiratkopieringens gullalder\u00bb, vil fylle deg med eventyr. Fortsett \u00e5 ha det g\u00f8y i dette universet takket v\u00e6re <strong>disse mytiske gjenstandene<\/strong>. Perfekt til gave, dekorasjon eller samlerobjekter \u2013 disse gjenstandene vil utvide One Piece-universet ditt.<\/p>\n<h2>Informasjon om Usopps flagg:<\/h2>\n<ul>\n<li>\n<strong><u>One Piece-flagg<\/u><\/strong>\u00a0Et ekte One Piece piratflagg for ekte fans<\/li>\n<\/ul>\n<ul>\n<li>\n<strong>Utskrift av h\u00f8y kvalitet<\/strong>\u00a0n\u00f8yaktige farger<\/li>\n<\/ul>\n<ul>\n<li>\n<strong>Materie<\/strong>\u00a0Polyester<\/li>\n<\/ul>\n<ul>\n<li>\n<strong>Dimensjon<\/strong>\u00a0: 100 cm x 100 cm eller 90 cm x 150 cm<\/li>\n<\/ul>\n<ul>\n<li><strong>GRATIS LEVERING<\/strong><\/li>\n<\/ul>","protected":false},"excerpt":{"rendered":"<p>Jeune moussaillon, \u00e0 toi ce Drapeau Usopp. Voici ce que tu dois savoir \u00e0 propos d&rsquo;Usopp ; Usopp, \u00e9galement nomm\u00e9 Pipo dans les anciennes \u00e9ditions de Gl\u00e9nat du manga, est un membre de L&rsquo;\u00c9quipage du Chapeau de Paille. Il occupe le poste de Tireur d&rsquo;\u00c9lite et est originaire du Village de Sirop. Bien que n&rsquo;\u00e9tant [&hellip;]<\/p>","protected":false},"featured_media":10543,"comment_status":"open","ping_status":"open","template":"","meta":[],"product_brand":[],"product_cat":[212,155],"product_tag":[144],"class_list":{"0":"post-10541","1":"product","2":"type-product","3":"status-publish","4":"has-post-thumbnail","6":"product_cat-drapeaux-one-piece","7":"product_cat-goodies-usopp-one-piece","8":"product_tag-usopp","10":"first","11":"instock","12":"purchasable","13":"product-type-variable","14":"has-default-attributes"},"yoast_head":"<!-- This site is optimized with the Yoast SEO plugin v27.5 - https:\/\/yoast.com\/product\/yoast-seo-wordpress\/ -->\n<title>Drapeau Usopp | Boutique One Piece<\/title>\n<meta name=\"description\" content=\"D\u00e9couvrez le Drapeau One Piece Usopp, d\u00e9corez votre pi\u00e8ce en rejoignant la flotte d&#039;Usopp ! Commencez votre aventure recherche du One Piece dans l&#039;\u00e9quipage du Chapeau de Paille\" \/>\n<meta name=\"robots\" content=\"index, follow, max-snippet:-1, max-image-preview:large, max-video-preview:-1\" \/>\n<link rel=\"canonical\" href=\"https:\/\/boutique-one-piece.com\/nb\/one-piece-dekorasjoner\/one-piece-flagg\/usopp-flagget\/\" \/>\n<meta property=\"og:locale\" content=\"nb_NO\" \/>\n<meta property=\"og:type\" content=\"article\" \/>\n<meta property=\"og:title\" content=\"Drapeau Usopp | Boutique One Piece\" \/>\n<meta property=\"og:description\" content=\"D\u00e9couvrez le Drapeau One Piece Usopp, d\u00e9corez votre pi\u00e8ce en rejoignant la flotte d&#039;Usopp ! Commencez votre aventure recherche du One Piece dans l&#039;\u00e9quipage du Chapeau de Paille\" \/>\n<meta property=\"og:url\" content=\"https:\/\/boutique-one-piece.com\/nb\/one-piece-dekorasjoner\/one-piece-flagg\/usopp-flagget\/\" \/>\n<meta property=\"og:site_name\" content=\"Boutique One Piece\" \/>\n<meta property=\"article:modified_time\" content=\"2024-09-16T12:08:27+00:00\" \/>\n<meta property=\"og:image\" content=\"https:\/\/boutique-one-piece.com\/wp-content\/uploads\/2022\/09\/Drapeau-Usopp.jpg\" \/>\n\t<meta property=\"og:image:width\" content=\"800\" \/>\n\t<meta property=\"og:image:height\" content=\"688\" \/>\n\t<meta property=\"og:image:type\" content=\"image\/jpeg\" \/>\n<meta name=\"twitter:card\" content=\"summary_large_image\" \/>\n<meta name=\"twitter:label1\" content=\"Ansl. lesetid\" \/>\n\t<meta name=\"twitter:data1\" content=\"2 minutter\" \/>\n<script type=\"application\/ld+json\" class=\"yoast-schema-graph\">{\"@context\":\"https:\\\/\\\/schema.org\",\"@graph\":[{\"@type\":\"WebPage\",\"@id\":\"https:\\\/\\\/boutique-one-piece.com\\\/decorations-one-piece\\\/drapeaux-one-piece\\\/drapeau-usopp\\\/\",\"url\":\"https:\\\/\\\/boutique-one-piece.com\\\/decorations-one-piece\\\/drapeaux-one-piece\\\/drapeau-usopp\\\/\",\"name\":\"Drapeau Usopp | Boutique One Piece\",\"isPartOf\":{\"@id\":\"https:\\\/\\\/boutique-one-piece.com\\\/#website\"},\"primaryImageOfPage\":{\"@id\":\"https:\\\/\\\/boutique-one-piece.com\\\/decorations-one-piece\\\/drapeaux-one-piece\\\/drapeau-usopp\\\/#primaryimage\"},\"image\":{\"@id\":\"https:\\\/\\\/boutique-one-piece.com\\\/decorations-one-piece\\\/drapeaux-one-piece\\\/drapeau-usopp\\\/#primaryimage\"},\"thumbnailUrl\":\"https:\\\/\\\/boutique-one-piece.com\\\/wp-content\\\/uploads\\\/2022\\\/09\\\/Drapeau-Usopp.jpg\",\"datePublished\":\"2022-09-27T20:34:57+00:00\",\"dateModified\":\"2024-09-16T12:08:27+00:00\",\"description\":\"D\u00e9couvrez le Drapeau One Piece Usopp, d\u00e9corez votre pi\u00e8ce en rejoignant la flotte d'Usopp ! Commencez votre aventure recherche du One Piece dans l'\u00e9quipage du Chapeau de Paille\",\"breadcrumb\":{\"@id\":\"https:\\\/\\\/boutique-one-piece.com\\\/decorations-one-piece\\\/drapeaux-one-piece\\\/drapeau-usopp\\\/#breadcrumb\"},\"inLanguage\":\"nb-NO\",\"potentialAction\":[{\"@type\":\"ReadAction\",\"target\":[\"https:\\\/\\\/boutique-one-piece.com\\\/decorations-one-piece\\\/drapeaux-one-piece\\\/drapeau-usopp\\\/\"]}]},{\"@type\":\"ImageObject\",\"inLanguage\":\"nb-NO\",\"@id\":\"https:\\\/\\\/boutique-one-piece.com\\\/decorations-one-piece\\\/drapeaux-one-piece\\\/drapeau-usopp\\\/#primaryimage\",\"url\":\"https:\\\/\\\/boutique-one-piece.com\\\/wp-content\\\/uploads\\\/2022\\\/09\\\/Drapeau-Usopp.jpg\",\"contentUrl\":\"https:\\\/\\\/boutique-one-piece.com\\\/wp-content\\\/uploads\\\/2022\\\/09\\\/Drapeau-Usopp.jpg\",\"width\":800,\"height\":688,\"caption\":\"Drapeau Usopp 90x150cm\"},{\"@type\":\"BreadcrumbList\",\"@id\":\"https:\\\/\\\/boutique-one-piece.com\\\/decorations-one-piece\\\/drapeaux-one-piece\\\/drapeau-usopp\\\/#breadcrumb\",\"itemListElement\":[{\"@type\":\"ListItem\",\"position\":1,\"name\":\"Home\",\"item\":\"https:\\\/\\\/boutique-one-piece.com\\\/\"},{\"@type\":\"ListItem\",\"position\":2,\"name\":\"Shop\",\"item\":\"https:\\\/\\\/boutique-one-piece.com\\\/shop\\\/\"},{\"@type\":\"ListItem\",\"position\":3,\"name\":\"Drapeau Usopp\"}]},{\"@type\":\"WebSite\",\"@id\":\"https:\\\/\\\/boutique-one-piece.com\\\/#website\",\"url\":\"https:\\\/\\\/boutique-one-piece.com\\\/\",\"name\":\"Boutique One Piece\",\"description\":\"Magasin Sp\u00e9cialis\u00e9 du Manga et l&#039;Anime One Piece\",\"publisher\":{\"@id\":\"https:\\\/\\\/boutique-one-piece.com\\\/#organization\"},\"potentialAction\":[{\"@type\":\"SearchAction\",\"target\":{\"@type\":\"EntryPoint\",\"urlTemplate\":\"https:\\\/\\\/boutique-one-piece.com\\\/?s={search_term_string}\"},\"query-input\":{\"@type\":\"PropertyValueSpecification\",\"valueRequired\":true,\"valueName\":\"search_term_string\"}}],\"inLanguage\":\"nb-NO\"},{\"@type\":\"Organization\",\"@id\":\"https:\\\/\\\/boutique-one-piece.com\\\/#organization\",\"name\":\"Boutique One Piece\",\"url\":\"https:\\\/\\\/boutique-one-piece.com\\\/\",\"logo\":{\"@type\":\"ImageObject\",\"inLanguage\":\"nb-NO\",\"@id\":\"https:\\\/\\\/boutique-one-piece.com\\\/#\\\/schema\\\/logo\\\/image\\\/\",\"url\":\"https:\\\/\\\/boutique-one-piece.com\\\/wp-content\\\/uploads\\\/2022\\\/09\\\/Logo-01.png\",\"contentUrl\":\"https:\\\/\\\/boutique-one-piece.com\\\/wp-content\\\/uploads\\\/2022\\\/09\\\/Logo-01.png\",\"width\":2318,\"height\":957,\"caption\":\"Boutique One Piece\"},\"image\":{\"@id\":\"https:\\\/\\\/boutique-one-piece.com\\\/#\\\/schema\\\/logo\\\/image\\\/\"}}]}<\/script>\n<!-- \/ Yoast SEO plugin. -->","yoast_head_json":{"title":"Usopp-flagg | One Piece-butikk","description":"Oppdag One Piece Usopp-flagget, dekorer rommet ditt ved \u00e5 bli med i Usopps fl\u00e5te! Start One Piece-s\u00f8keeventyret ditt med str\u00e5hattgjengen.","robots":{"index":"index","follow":"follow","max-snippet":"max-snippet:-1","max-image-preview":"max-image-preview:large","max-video-preview":"max-video-preview:-1"},"canonical":"https:\/\/boutique-one-piece.com\/nb\/one-piece-dekorasjoner\/one-piece-flagg\/usopp-flagget\/","og_locale":"nb_NO","og_type":"article","og_title":"Drapeau Usopp | Boutique One Piece","og_description":"D\u00e9couvrez le Drapeau One Piece Usopp, d\u00e9corez votre pi\u00e8ce en rejoignant la flotte d'Usopp ! Commencez votre aventure recherche du One Piece dans l'\u00e9quipage du Chapeau de Paille","og_url":"https:\/\/boutique-one-piece.com\/nb\/one-piece-dekorasjoner\/one-piece-flagg\/usopp-flagget\/","og_site_name":"Boutique One Piece","article_modified_time":"2024-09-16T12:08:27+00:00","og_image":[{"width":800,"height":688,"url":"https:\/\/boutique-one-piece.com\/wp-content\/uploads\/2022\/09\/Drapeau-Usopp.jpg","type":"image\/jpeg"}],"twitter_card":"summary_large_image","twitter_misc":{"Ansl. lesetid":"2 minutter"},"schema":{"@context":"https:\/\/schema.org","@graph":[{"@type":"WebPage","@id":"https:\/\/boutique-one-piece.com\/decorations-one-piece\/drapeaux-one-piece\/drapeau-usopp\/","url":"https:\/\/boutique-one-piece.com\/decorations-one-piece\/drapeaux-one-piece\/drapeau-usopp\/","name":"Usopp-flagg | One Piece-butikk","isPartOf":{"@id":"https:\/\/boutique-one-piece.com\/#website"},"primaryImageOfPage":{"@id":"https:\/\/boutique-one-piece.com\/decorations-one-piece\/drapeaux-one-piece\/drapeau-usopp\/#primaryimage"},"image":{"@id":"https:\/\/boutique-one-piece.com\/decorations-one-piece\/drapeaux-one-piece\/drapeau-usopp\/#primaryimage"},"thumbnailUrl":"https:\/\/boutique-one-piece.com\/wp-content\/uploads\/2022\/09\/Drapeau-Usopp.jpg","datePublished":"2022-09-27T20:34:57+00:00","dateModified":"2024-09-16T12:08:27+00:00","description":"Oppdag One Piece Usopp-flagget, dekorer rommet ditt ved \u00e5 bli med i Usopps fl\u00e5te! Start One Piece-s\u00f8keeventyret ditt med str\u00e5hattgjengen.","breadcrumb":{"@id":"https:\/\/boutique-one-piece.com\/decorations-one-piece\/drapeaux-one-piece\/drapeau-usopp\/#breadcrumb"},"inLanguage":"nb-NO","potentialAction":[{"@type":"ReadAction","target":["https:\/\/boutique-one-piece.com\/decorations-one-piece\/drapeaux-one-piece\/drapeau-usopp\/"]}]},{"@type":"ImageObject","inLanguage":"nb-NO","@id":"https:\/\/boutique-one-piece.com\/decorations-one-piece\/drapeaux-one-piece\/drapeau-usopp\/#primaryimage","url":"https:\/\/boutique-one-piece.com\/wp-content\/uploads\/2022\/09\/Drapeau-Usopp.jpg","contentUrl":"https:\/\/boutique-one-piece.com\/wp-content\/uploads\/2022\/09\/Drapeau-Usopp.jpg","width":800,"height":688,"caption":"Drapeau Usopp 90x150cm"},{"@type":"BreadcrumbList","@id":"https:\/\/boutique-one-piece.com\/decorations-one-piece\/drapeaux-one-piece\/drapeau-usopp\/#breadcrumb","itemListElement":[{"@type":"ListItem","position":1,"name":"Home","item":"https:\/\/boutique-one-piece.com\/"},{"@type":"ListItem","position":2,"name":"Shop","item":"https:\/\/boutique-one-piece.com\/shop\/"},{"@type":"ListItem","position":3,"name":"Drapeau Usopp"}]},{"@type":"WebSite","@id":"https:\/\/boutique-one-piece.com\/#website","url":"https:\/\/boutique-one-piece.com\/","name":"One Piece-butikk","description":"Spesialbutikk for One Piece Manga og Anime","publisher":{"@id":"https:\/\/boutique-one-piece.com\/#organization"},"potentialAction":[{"@type":"SearchAction","target":{"@type":"EntryPoint","urlTemplate":"https:\/\/boutique-one-piece.com\/?s={search_term_string}"},"query-input":{"@type":"PropertyValueSpecification","valueRequired":true,"valueName":"search_term_string"}}],"inLanguage":"nb-NO"},{"@type":"Organization","@id":"https:\/\/boutique-one-piece.com\/#organization","name":"One Piece-butikk","url":"https:\/\/boutique-one-piece.com\/","logo":{"@type":"ImageObject","inLanguage":"nb-NO","@id":"https:\/\/boutique-one-piece.com\/#\/schema\/logo\/image\/","url":"https:\/\/boutique-one-piece.com\/wp-content\/uploads\/2022\/09\/Logo-01.png","contentUrl":"https:\/\/boutique-one-piece.com\/wp-content\/uploads\/2022\/09\/Logo-01.png","width":2318,"height":957,"caption":"Boutique One Piece"},"image":{"@id":"https:\/\/boutique-one-piece.com\/#\/schema\/logo\/image\/"}}]}},"_links":{"self":[{"href":"https:\/\/boutique-one-piece.com\/nb\/wp-json\/wp\/v2\/product\/10541","targetHints":{"allow":["GET"]}}],"collection":[{"href":"https:\/\/boutique-one-piece.com\/nb\/wp-json\/wp\/v2\/product"}],"about":[{"href":"https:\/\/boutique-one-piece.com\/nb\/wp-json\/wp\/v2\/types\/product"}],"replies":[{"embeddable":true,"href":"https:\/\/boutique-one-piece.com\/nb\/wp-json\/wp\/v2\/comments?post=10541"}],"wp:featuredmedia":[{"embeddable":true,"href":"https:\/\/boutique-one-piece.com\/nb\/wp-json\/wp\/v2\/media\/10543"}],"wp:attachment":[{"href":"https:\/\/boutique-one-piece.com\/nb\/wp-json\/wp\/v2\/media?parent=10541"}],"wp:term":[{"taxonomy":"product_brand","embeddable":true,"href":"https:\/\/boutique-one-piece.com\/nb\/wp-json\/wp\/v2\/product_brand?post=10541"},{"taxonomy":"product_cat","embeddable":true,"href":"https:\/\/boutique-one-piece.com\/nb\/wp-json\/wp\/v2\/product_cat?post=10541"},{"taxonomy":"product_tag","embeddable":true,"href":"https:\/\/boutique-one-piece.com\/nb\/wp-json\/wp\/v2\/product_tag?post=10541"}],"curies":[{"name":"wp","href":"https:\/\/api.w.org\/{rel}","templated":true}]}}